{"id":4425,"date":"2025-07-23T23:13:13","date_gmt":"2025-07-23T23:13:13","guid":{"rendered":"https:\/\/www.usborkeychain.com\/?post_type=product&#038;p=4425"},"modified":"2025-07-23T23:51:02","modified_gmt":"2025-07-23T23:51:02","slug":"ladybug-shaped-usb-flash-drive","status":"publish","type":"product","link":"https:\/\/www.usborkeychain.com\/pt\/produto\/ladybug-shaped-usb-flash-drive\/","title":{"rendered":"Unidade flash USB em formato de joaninha"},"content":{"rendered":"<p><\/p>\n\n\n\n<div class=\"wp-block-columns is-layout-flex wp-container-core-columns-is-layout-28f84493 wp-block-columns-is-layout-flex\">\n<div class=\"wp-block-column is-layout-flow wp-block-column-is-layout-flow\">\n<figure class=\"wp-block-image size-full\"><img alt=\"\" fetchpriority=\"high\" decoding=\"async\" width=\"800\" height=\"800\" src=\"https:\/\/www.usborkeychain.com\/wp-content\/uploads\/Whimsical-Ladybug-Thumb-Drive.jpg\" class=\"wp-image-4432\" srcset=\"https:\/\/www.usborkeychain.com\/wp-content\/uploads\/Whimsical-Ladybug-Thumb-Drive.jpg 800w, https:\/\/www.usborkeychain.com\/wp-content\/uploads\/Whimsical-Ladybug-Thumb-Drive-300x300.jpg 300w, https:\/\/www.usborkeychain.com\/wp-content\/uploads\/Whimsical-Ladybug-Thumb-Drive-150x150.jpg 150w, https:\/\/www.usborkeychain.com\/wp-content\/uploads\/Whimsical-Ladybug-Thumb-Drive-768x768.jpg 768w, https:\/\/www.usborkeychain.com\/wp-content\/uploads\/Whimsical-Ladybug-Thumb-Drive-12x12.jpg 12w, https:\/\/www.usborkeychain.com\/wp-content\/uploads\/Whimsical-Ladybug-Thumb-Drive-600x600.jpg 600w, https:\/\/www.usborkeychain.com\/wp-content\/uploads\/Whimsical-Ladybug-Thumb-Drive-100x100.jpg 100w\" sizes=\"(max-width: 800px) 100vw, 800px\" \/><\/figure>\n<\/div>\n\n\n\n<div class=\"wp-block-column is-vertically-aligned-center is-layout-flow wp-block-column-is-layout-flow\">\n<p>Os drives USB em forma de besouro e os drives USB em forma de joaninha s\u00e3o a nossa rec\u00e9m-lan\u00e7ada s\u00e9rie de drives USB criativos e altamente realistas. Eles quebram o design mon\u00f3tono dos dispositivos de armazenamento tradicionais com formas v\u00edvidas de insetos.<\/p>\n\n\n\n<p>Esse pendrive em formato de besouro (joaninha) recria a apar\u00eancia fofa do inseto com a tecnologia de moldagem em PVC 3D altamente realista. <\/p>\n\n\n\n<p>Apresenta vermelho e preto como cores principais, com um contorno arredondado, uma base plana para posicionamento est\u00e1vel e uma corrente na parte superior para facilitar o transporte. <\/p>\n\n\n\n<p>Feito de borracha macia de PVC ecologicamente correta por meio de moldagem, ele \u00e9 \u00e0 prova de choque, resistente ao desgaste e n\u00e3o agride a pele.<\/p>\n<\/div>\n<\/div>\n\n\n\n<ul class=\"wp-block-list\">\n<li><strong>Estrutura da forma<\/strong>: A base plana garante estabilidade quando colocada. A parte frontal usa tecnologia de moldagem 3D para criar contornos arredondados de besouros e joaninhas, com caracter\u00edsticas realistas, como antenas e manchas.<\/li>\n\n\n\n<li><strong>Cor e material<\/strong>: Vermelho e preto como cores principais reproduzem com precis\u00e3o as caracter\u00edsticas visuais da esp\u00e9cie. Ele \u00e9 feito de borracha macia de PVC por meio de moldagem, que \u00e9 macia e n\u00e3o agride a pele. Tamb\u00e9m tem propriedades pr\u00e1ticas de resist\u00eancia a choques e ao desgaste, e n\u00e3o se deforma facilmente ap\u00f3s o uso prolongado.<\/li>\n<\/ul>\n\n\n\n<div class=\"wp-block-columns is-layout-flex wp-container-core-columns-is-layout-28f84493 wp-block-columns-is-layout-flex\">\n<div class=\"wp-block-column is-layout-flow wp-block-column-is-layout-flow\">\n<figure class=\"wp-block-image size-full\"><img alt=\"\" decoding=\"async\" width=\"800\" height=\"800\" src=\"https:\/\/www.usborkeychain.com\/wp-content\/uploads\/Ladybug-Beetle-USB-Drive.jpg\" class=\"wp-image-4431\" srcset=\"https:\/\/www.usborkeychain.com\/wp-content\/uploads\/Ladybug-Beetle-USB-Drive.jpg 800w, https:\/\/www.usborkeychain.com\/wp-content\/uploads\/Ladybug-Beetle-USB-Drive-300x300.jpg 300w, https:\/\/www.usborkeychain.com\/wp-content\/uploads\/Ladybug-Beetle-USB-Drive-150x150.jpg 150w, https:\/\/www.usborkeychain.com\/wp-content\/uploads\/Ladybug-Beetle-USB-Drive-768x768.jpg 768w, https:\/\/www.usborkeychain.com\/wp-content\/uploads\/Ladybug-Beetle-USB-Drive-12x12.jpg 12w, https:\/\/www.usborkeychain.com\/wp-content\/uploads\/Ladybug-Beetle-USB-Drive-600x600.jpg 600w, https:\/\/www.usborkeychain.com\/wp-content\/uploads\/Ladybug-Beetle-USB-Drive-100x100.jpg 100w\" sizes=\"(max-width: 800px) 100vw, 800px\" \/><\/figure>\n<\/div>\n\n\n\n<div class=\"wp-block-column is-layout-flow wp-block-column-is-layout-flow\">\n<figure class=\"wp-block-image size-full\"><img alt=\"\" decoding=\"async\" width=\"800\" height=\"800\" src=\"https:\/\/www.usborkeychain.com\/wp-content\/uploads\/Ladybug-Shaped-USB-Flash-Drive.png\" class=\"wp-image-4430\" srcset=\"https:\/\/www.usborkeychain.com\/wp-content\/uploads\/Ladybug-Shaped-USB-Flash-Drive.png 800w, https:\/\/www.usborkeychain.com\/wp-content\/uploads\/Ladybug-Shaped-USB-Flash-Drive-300x300.png 300w, https:\/\/www.usborkeychain.com\/wp-content\/uploads\/Ladybug-Shaped-USB-Flash-Drive-150x150.png 150w, https:\/\/www.usborkeychain.com\/wp-content\/uploads\/Ladybug-Shaped-USB-Flash-Drive-768x768.png 768w, https:\/\/www.usborkeychain.com\/wp-content\/uploads\/Ladybug-Shaped-USB-Flash-Drive-12x12.png 12w, https:\/\/www.usborkeychain.com\/wp-content\/uploads\/Ladybug-Shaped-USB-Flash-Drive-600x600.png 600w, https:\/\/www.usborkeychain.com\/wp-content\/uploads\/Ladybug-Shaped-USB-Flash-Drive-100x100.png 100w\" sizes=\"(max-width: 800px) 100vw, 800px\" \/><\/figure>\n<\/div>\n<\/div>\n\n\n\n<h2 class=\"wp-block-heading\">Tabela de par\u00e2metros principais<\/h2>\n\n\n\n<figure class=\"wp-block-table\"><table class=\"has-fixed-layout\"><thead><tr><th>Item de par\u00e2metro<\/th><th>Detalhes<\/th><\/tr><\/thead><tbody><tr><td>Op\u00e7\u00f5es de capacidade<\/td><td>8 GB \/ 16 GB \/ 32 GB \/ 64 GB \/ 128 GB (opcional)<\/td><\/tr><tr><td>Tipo de interface<\/td><td>USB 2.0 \/ USB 3.0 (duas vers\u00f5es opcionais, compat\u00edveis com Windows e Mac OS)<\/td><\/tr><tr><td>Velocidade de leitura\/grava\u00e7\u00e3o (t\u00edpica)<\/td><td>USB 2.0: Velocidade de leitura \u224815 MB\/s, velocidade de grava\u00e7\u00e3o \u22488 MB\/s; USB 3.0: Velocidade de leitura \u224880 MB\/s, velocidade de grava\u00e7\u00e3o \u224830 MB\/s<\/td><\/tr><tr><td>Material<\/td><td>Borracha macia de PVC (ecologicamente correta e n\u00e3o t\u00f3xica, com certifica\u00e7\u00e3o RoHS)<\/td><\/tr><tr><td>Tamanho (incluindo a corrente)<\/td><td>Cerca de 35\u00d728\u00d712 mm (pequeno e port\u00e1til, adequado para chaveiros e outros acess\u00f3rios)<\/td><\/tr><tr><td>Peso<\/td><td>Cerca de 15 g (leve e f\u00e1cil de transportar)<\/td><\/tr><tr><td>Temperatura operacional<\/td><td>-10\u2103 ~ 60\u2103 (adequado para uso em v\u00e1rios ambientes)<\/td><\/tr><\/tbody><\/table><\/figure>\n\n\n\n<h3 class=\"wp-block-heading\">1. Ind\u00fastria de presentes culturais e criativos<\/h3>\n\n\n\n<ul class=\"wp-block-list\">\n<li><strong>Cen\u00e1rios de aplicativos<\/strong>: Lembran\u00e7as da marca, presentes de Natal personalizados, perif\u00e9ricos com marca conjunta de IP.<\/li>\n\n\n\n<li><strong>Raz\u00f5es para escolher<\/strong>: O design bonito chama a aten\u00e7\u00e3o. Com logotipos personalizados (que podem ser obtidos por impress\u00e3o UV), ele pode transmitir a criatividade da marca e fazer com que os usu\u00e1rios o guardem por causa de sua \"boa apar\u00eancia\", aumentando a favorabilidade da marca.<\/li>\n<\/ul>\n\n\n\n<h3 class=\"wp-block-heading\">2. Setor de educa\u00e7\u00e3o<\/h3>\n\n\n\n<ul class=\"wp-block-list\">\n<li><strong>Cen\u00e1rios de aplicativos<\/strong>: Armazenamento de materiais de aprendizagem dos alunos, pr\u00eamios de atividades no campus, ferramentas de apoio \u00e0 educa\u00e7\u00e3o cient\u00edfica.<\/li>\n\n\n\n<li><strong>Raz\u00f5es para escolher<\/strong>: O design bi\u00f4nico atende \u00e0s prefer\u00eancias dos adolescentes, reduzindo a monotonia das \"ferramentas de armazenamento\". O material de borracha macia de PVC \u00e9 resistente a choques e dur\u00e1vel, adequado para os cen\u00e1rios de \"uso dif\u00edcil\" di\u00e1rio dos alunos, tornando o armazenamento de conhecimento mais interessante.<\/li>\n<\/ul>","protected":false},"excerpt":{"rendered":"<ul>\n<li>USB em forma de besouro<\/li>\n<li>USB em formato de joaninha<\/li>\n<li>Molde de PVC<\/li>\n<li>Vermelho e preto<\/li>\n<li>MOQ:100PCS<\/li>\n<\/ul>","protected":false},"featured_media":4428,"comment_status":"open","ping_status":"closed","template":"","meta":{"_seopress_robots_primary_cat":"","_seopress_titles_title":"","_seopress_titles_desc":"","_seopress_robots_index":"","site-sidebar-layout":"default","site-content-layout":"","ast-site-content-layout":"","site-content-style":"default","site-sidebar-style":"default","ast-global-header-display":"","ast-banner-title-visibility":"","ast-main-header-display":"","ast-hfb-above-header-display":"","ast-hfb-below-header-display":"","ast-hfb-mobile-header-display":"","site-post-title":"","ast-breadcrumbs-content":"","ast-featured-img":"","footer-sml-layout":"","theme-transparent-header-meta":"","adv-header-id-meta":"","stick-header-meta":"","header-above-stick-meta":"","header-main-stick-meta":"","header-below-stick-meta":"","astra-migrate-meta-layouts":"default","ast-page-background-enabled":"default","ast-page-background-meta":{"desktop":{"background-color":"var(--ast-global-color-5)","background-image":"","background-repeat":"repeat","background-position":"center center","background-size":"auto","background-attachment":"scroll","background-type":"","background-media":"","overlay-type":"","overlay-color":"","overlay-opacity":"","overlay-gradient":""},"tablet":{"background-color":"","background-image":"","background-repeat":"repeat","background-position":"center center","background-size":"auto","background-attachment":"scroll","background-type":"","background-media":"","overlay-type":"","overlay-color":"","overlay-opacity":"","overlay-gradient":""},"mobile":{"background-color":"","background-image":"","background-repeat":"repeat","background-position":"center center","background-size":"auto","background-attachment":"scroll","background-type":"","background-media":"","overlay-type":"","overlay-color":"","overlay-opacity":"","overlay-gradient":""}},"ast-content-background-meta":{"desktop":{"background-color":"var(--ast-global-color-4)","background-image":"","background-repeat":"repeat","background-position":"center center","background-size":"auto","background-attachment":"scroll","background-type":"","background-media":"","overlay-type":"","overlay-color":"","overlay-opacity":"","overlay-gradient":""},"tablet":{"background-color":"var(--ast-global-color-4)","background-image":"","background-repeat":"repeat","background-position":"center center","background-size":"auto","background-attachment":"scroll","background-type":"","background-media":"","overlay-type":"","overlay-color":"","overlay-opacity":"","overlay-gradient":""},"mobile":{"background-color":"var(--ast-global-color-4)","background-image":"","background-repeat":"repeat","background-position":"center center","background-size":"auto","background-attachment":"scroll","background-type":"","background-media":"","overlay-type":"","overlay-color":"","overlay-opacity":"","overlay-gradient":""}}},"product_brand":[],"product_cat":[94],"product_tag":[266],"class_list":{"0":"post-4425","1":"product","2":"type-product","3":"status-publish","4":"has-post-thumbnail","6":"product_cat-pvc-usb-pendrive","7":"product_tag-insect-shaped-usb-drive","8":"desktop-align-left","9":"tablet-align-left","10":"mobile-align-left","12":"first","13":"instock","14":"shipping-taxable","15":"product-type-simple"},"_links":{"self":[{"href":"https:\/\/www.usborkeychain.com\/pt\/wp-json\/wp\/v2\/product\/4425","targetHints":{"allow":["GET"]}}],"collection":[{"href":"https:\/\/www.usborkeychain.com\/pt\/wp-json\/wp\/v2\/product"}],"about":[{"href":"https:\/\/www.usborkeychain.com\/pt\/wp-json\/wp\/v2\/types\/product"}],"replies":[{"embeddable":true,"href":"https:\/\/www.usborkeychain.com\/pt\/wp-json\/wp\/v2\/comments?post=4425"}],"wp:featuredmedia":[{"embeddable":true,"href":"https:\/\/www.usborkeychain.com\/pt\/wp-json\/wp\/v2\/media\/4428"}],"wp:attachment":[{"href":"https:\/\/www.usborkeychain.com\/pt\/wp-json\/wp\/v2\/media?parent=4425"}],"wp:term":[{"taxonomy":"product_brand","embeddable":true,"href":"https:\/\/www.usborkeychain.com\/pt\/wp-json\/wp\/v2\/product_brand?post=4425"},{"taxonomy":"product_cat","embeddable":true,"href":"https:\/\/www.usborkeychain.com\/pt\/wp-json\/wp\/v2\/product_cat?post=4425"},{"taxonomy":"product_tag","embeddable":true,"href":"https:\/\/www.usborkeychain.com\/pt\/wp-json\/wp\/v2\/product_tag?post=4425"}],"curies":[{"name":"wp","href":"https:\/\/api.w.org\/{rel}","templated":true}]}}