{"id":4447,"date":"2025-07-24T00:37:35","date_gmt":"2025-07-24T00:37:35","guid":{"rendered":"https:\/\/www.usborkeychain.com\/?post_type=product&#038;p=4447"},"modified":"2025-07-24T00:38:52","modified_gmt":"2025-07-24T00:38:52","slug":"natural-log-wood-flip-usb-drive","status":"publish","type":"product","link":"https:\/\/www.usborkeychain.com\/pt\/produto\/natural-log-wood-flip-usb-drive\/","title":{"rendered":"Unidade USB flip de madeira de tronco natural"},"content":{"rendered":"<p><\/p>\n\n\n\n<div class=\"wp-block-columns is-layout-flex wp-container-core-columns-is-layout-28f84493 wp-block-columns-is-layout-flex\">\n<div class=\"wp-block-column is-layout-flow wp-block-column-is-layout-flow\">\n<figure class=\"wp-block-image size-full\"><img alt=\"\" fetchpriority=\"high\" decoding=\"async\" width=\"800\" height=\"800\" src=\"https:\/\/www.usborkeychain.com\/wp-content\/uploads\/Bamboo-Wood-Flip-USB-Drive.jpg\" class=\"wp-image-4450\" srcset=\"https:\/\/www.usborkeychain.com\/wp-content\/uploads\/Bamboo-Wood-Flip-USB-Drive.jpg 800w, https:\/\/www.usborkeychain.com\/wp-content\/uploads\/Bamboo-Wood-Flip-USB-Drive-300x300.jpg 300w, https:\/\/www.usborkeychain.com\/wp-content\/uploads\/Bamboo-Wood-Flip-USB-Drive-150x150.jpg 150w, https:\/\/www.usborkeychain.com\/wp-content\/uploads\/Bamboo-Wood-Flip-USB-Drive-768x768.jpg 768w, https:\/\/www.usborkeychain.com\/wp-content\/uploads\/Bamboo-Wood-Flip-USB-Drive-12x12.jpg 12w, https:\/\/www.usborkeychain.com\/wp-content\/uploads\/Bamboo-Wood-Flip-USB-Drive-600x600.jpg 600w, https:\/\/www.usborkeychain.com\/wp-content\/uploads\/Bamboo-Wood-Flip-USB-Drive-100x100.jpg 100w\" sizes=\"(max-width: 800px) 100vw, 800px\" \/><\/figure>\n<\/div>\n\n\n\n<div class=\"wp-block-column is-vertically-aligned-center is-layout-flow wp-block-column-is-layout-flow\">\n<h1 class=\"wp-block-heading\">Unidade USB de madeira flip<\/h1>\n\n\n\n<p>A unidade USB flip de madeira \u00e9 um dispositivo de armazenamento inovador que rompe com a tradi\u00e7\u00e3o. Com sua estrutura de giro de 360\u00b0, ele redefine a forma das unidades USB. Equipado com uma interface USB 3.0 de alta velocidade, sua efici\u00eancia de transmiss\u00e3o de segundo n\u00edvel excede em muito a das unidades USB convencionais. <\/p>\n\n\n\n<p>Al\u00e9m disso, ele apresenta uma caixa de madeira natural, com op\u00e7\u00f5es de madeira crua, bordo e bambu, combinando perfeitamente texturas naturais com funcionalidade tecnol\u00f3gica.<\/p>\n<\/div>\n<\/div>\n\n\n\n<h3 class=\"wp-block-heading\">Material e design:<\/h3>\n\n\n\n<ul class=\"wp-block-list\">\n<li><strong>Sele\u00e7\u00e3o de materiais<\/strong>: A caixa \u00e9 feita de madeira natural (madeira bruta, bordo, bambu etc.) com espessura de \u22653 mm. Finamente polida, ela tem um toque quente e uma textura exclusiva, ostentando uma est\u00e9tica natural - cada pe\u00e7a tem um gr\u00e3o de madeira naturalmente \u00fanico.<\/li>\n\n\n\n<li><strong>Flip Design<\/strong>: Adota uma estrutura inovadora de giro de 360\u00b0, com um eixo girat\u00f3rio de madeira que permite que a caixa gire livremente. Uma vez puxado para fora, ele pode ser conectado diretamente para uso sem opera\u00e7\u00f5es complicadas. O conector met\u00e1lico USB 3.0 de inser\u00e7\u00e3o direta \u00e9 envolvido pelo inv\u00f3lucro de madeira durante a invers\u00e3o, reduzindo efetivamente os danos causados por batidas e poeira e prolongando a vida \u00fatil.<\/li>\n<\/ul>\n\n\n\n<div class=\"wp-block-columns is-layout-flex wp-container-core-columns-is-layout-28f84493 wp-block-columns-is-layout-flex\">\n<div class=\"wp-block-column is-layout-flow wp-block-column-is-layout-flow\">\n<figure class=\"wp-block-image size-full\"><img alt=\"\" decoding=\"async\" width=\"800\" height=\"800\" src=\"https:\/\/www.usborkeychain.com\/wp-content\/uploads\/Rosewood-Flip-USB-Drive.jpg\" class=\"wp-image-4453\" srcset=\"https:\/\/www.usborkeychain.com\/wp-content\/uploads\/Rosewood-Flip-USB-Drive.jpg 800w, https:\/\/www.usborkeychain.com\/wp-content\/uploads\/Rosewood-Flip-USB-Drive-300x300.jpg 300w, https:\/\/www.usborkeychain.com\/wp-content\/uploads\/Rosewood-Flip-USB-Drive-150x150.jpg 150w, https:\/\/www.usborkeychain.com\/wp-content\/uploads\/Rosewood-Flip-USB-Drive-768x768.jpg 768w, https:\/\/www.usborkeychain.com\/wp-content\/uploads\/Rosewood-Flip-USB-Drive-12x12.jpg 12w, https:\/\/www.usborkeychain.com\/wp-content\/uploads\/Rosewood-Flip-USB-Drive-600x600.jpg 600w, https:\/\/www.usborkeychain.com\/wp-content\/uploads\/Rosewood-Flip-USB-Drive-100x100.jpg 100w\" sizes=\"(max-width: 800px) 100vw, 800px\" \/><\/figure>\n<\/div>\n\n\n\n<div class=\"wp-block-column is-layout-flow wp-block-column-is-layout-flow\">\n<figure class=\"wp-block-image size-full\"><img alt=\"\" decoding=\"async\" width=\"800\" height=\"800\" src=\"https:\/\/www.usborkeychain.com\/wp-content\/uploads\/Log-Wood-Flip-USB-Driv.jpg\" class=\"wp-image-4451\" srcset=\"https:\/\/www.usborkeychain.com\/wp-content\/uploads\/Log-Wood-Flip-USB-Driv.jpg 800w, https:\/\/www.usborkeychain.com\/wp-content\/uploads\/Log-Wood-Flip-USB-Driv-300x300.jpg 300w, https:\/\/www.usborkeychain.com\/wp-content\/uploads\/Log-Wood-Flip-USB-Driv-150x150.jpg 150w, https:\/\/www.usborkeychain.com\/wp-content\/uploads\/Log-Wood-Flip-USB-Driv-768x768.jpg 768w, https:\/\/www.usborkeychain.com\/wp-content\/uploads\/Log-Wood-Flip-USB-Driv-12x12.jpg 12w, https:\/\/www.usborkeychain.com\/wp-content\/uploads\/Log-Wood-Flip-USB-Driv-600x600.jpg 600w, https:\/\/www.usborkeychain.com\/wp-content\/uploads\/Log-Wood-Flip-USB-Driv-100x100.jpg 100w\" sizes=\"(max-width: 800px) 100vw, 800px\" \/><\/figure>\n<\/div>\n<\/div>\n\n\n\n<h3 class=\"wp-block-heading\">Par\u00e2metros principais<\/h3>\n\n\n\n<figure class=\"wp-block-table\"><table class=\"has-fixed-layout\"><thead><tr><th>Categoria de par\u00e2metro<\/th><th>Especifica\u00e7\u00f5es espec\u00edficas<\/th><\/tr><\/thead><tbody><tr><td>Capacidade de armazenamento<\/td><td>8GB \/ 16GB \/ 32GB \/ 64GB \/ 128GB<\/td><\/tr><tr><td>Padr\u00e3o de interface<\/td><td>USB 3.0 (compat\u00edvel com o USB 2.0)<\/td><\/tr><tr><td>Velocidade de leitura<\/td><td>At\u00e9 aproximadamente 100 MB\/s (varia de acordo com o dispositivo\/capacidade)<\/td><\/tr><tr><td>Velocidade de escrita<\/td><td>At\u00e9 aproximadamente 30 MB\/s (varia de acordo com o dispositivo\/capacidade)<\/td><\/tr><tr><td>Material da carca\u00e7a<\/td><td>Madeira crua, bordo, madeira de bambu (opcional)<\/td><\/tr><tr><td>Material do conector de metal<\/td><td>Liga (anti-oxida\u00e7\u00e3o, resistente ao desgaste)<\/td><\/tr><tr><td>Dimens\u00f5es do produto<\/td><td>Aprox. 90\u00d720\u00d710 mm (tamanho total)<\/td><\/tr><tr><td>Peso do produto<\/td><td>Aprox. 15g (leve e port\u00e1til)<\/td><\/tr><\/tbody><\/table><\/figure>\n\n\n\n<div class=\"wp-block-columns is-layout-flex wp-container-core-columns-is-layout-28f84493 wp-block-columns-is-layout-flex\">\n<div class=\"wp-block-column is-layout-flow wp-block-column-is-layout-flow\">\n<figure class=\"wp-block-image size-full\"><img alt=\"\" loading=\"lazy\" decoding=\"async\" width=\"1024\" height=\"1024\" src=\"https:\/\/www.usborkeychain.com\/wp-content\/uploads\/Maple-Wood-Flip-USB-Drive.jpg\" class=\"wp-image-4452\" srcset=\"https:\/\/www.usborkeychain.com\/wp-content\/uploads\/Maple-Wood-Flip-USB-Drive.jpg 1024w, https:\/\/www.usborkeychain.com\/wp-content\/uploads\/Maple-Wood-Flip-USB-Drive-300x300.jpg 300w, https:\/\/www.usborkeychain.com\/wp-content\/uploads\/Maple-Wood-Flip-USB-Drive-150x150.jpg 150w, https:\/\/www.usborkeychain.com\/wp-content\/uploads\/Maple-Wood-Flip-USB-Drive-768x768.jpg 768w, https:\/\/www.usborkeychain.com\/wp-content\/uploads\/Maple-Wood-Flip-USB-Drive-12x12.jpg 12w, https:\/\/www.usborkeychain.com\/wp-content\/uploads\/Maple-Wood-Flip-USB-Drive-600x600.jpg 600w, https:\/\/www.usborkeychain.com\/wp-content\/uploads\/Maple-Wood-Flip-USB-Drive-100x100.jpg 100w\" sizes=\"(max-width: 1024px) 100vw, 1024px\" \/><\/figure>\n<\/div>\n\n\n\n<div class=\"wp-block-column is-vertically-aligned-center is-layout-flow wp-block-column-is-layout-flow\">\n<h3 class=\"wp-block-heading\">Personaliza\u00e7\u00e3o personalizada: Extens\u00e3o da marca, da unidade USB \u00e0 embalagem<\/h3>\n\n\n\n<ul class=\"wp-block-list\">\n<li><strong>Personaliza\u00e7\u00e3o do logotipo<\/strong>: A caixa de madeira \u00e9 compat\u00edvel com grava\u00e7\u00e3o a laser (com textura n\u00edtida e toque premium) ou impress\u00e3o colorida (cores vibrantes e padr\u00f5es ricos), atendendo \u00e0s necessidades de personaliza\u00e7\u00e3o, como logotipos corporativos e designs personalizados.<\/li>\n\n\n\n<li><strong>Personaliza\u00e7\u00e3o de embalagens<\/strong>: A caixa de madeira que combina com a embalagem pode ser personalizada com um LOGOTIPO simultaneamente, obtendo uma sa\u00edda de marca integrada desde a unidade USB at\u00e9 a embalagem. \u00c9 adequado para cen\u00e1rios como presentes comerciais, lembran\u00e7as de eventos e presentes culturais e criativos.<\/li>\n<\/ul>\n<\/div>\n<\/div>","protected":false},"excerpt":{"rendered":"<ul>\n<li>Estilo flip<\/li>\n<li>Material de madeira<\/li>\n<li>Estrutura girat\u00f3ria de 360<\/li>\n<li>Interface USB 3.0 de alta velocidade<\/li>\n<li>LOGOTIPO personalizado<\/li>\n<\/ul>","protected":false},"featured_media":4451,"comment_status":"open","ping_status":"closed","template":"","meta":{"_seopress_robots_primary_cat":"","_seopress_titles_title":"","_seopress_titles_desc":"","_seopress_robots_index":"","site-sidebar-layout":"default","site-content-layout":"","ast-site-content-layout":"","site-content-style":"default","site-sidebar-style":"default","ast-global-header-display":"","ast-banner-title-visibility":"","ast-main-header-display":"","ast-hfb-above-header-display":"","ast-hfb-below-header-display":"","ast-hfb-mobile-header-display":"","site-post-title":"","ast-breadcrumbs-content":"","ast-featured-img":"","footer-sml-layout":"","theme-transparent-header-meta":"","adv-header-id-meta":"","stick-header-meta":"","header-above-stick-meta":"","header-main-stick-meta":"","header-below-stick-meta":"","astra-migrate-meta-layouts":"default","ast-page-background-enabled":"default","ast-page-background-meta":{"desktop":{"background-color":"var(--ast-global-color-5)","background-image":"","background-repeat":"repeat","background-position":"center center","background-size":"auto","background-attachment":"scroll","background-type":"","background-media":"","overlay-type":"","overlay-color":"","overlay-opacity":"","overlay-gradient":""},"tablet":{"background-color":"","background-image":"","background-repeat":"repeat","background-position":"center center","background-size":"auto","background-attachment":"scroll","background-type":"","background-media":"","overlay-type":"","overlay-color":"","overlay-opacity":"","overlay-gradient":""},"mobile":{"background-color":"","background-image":"","background-repeat":"repeat","background-position":"center center","background-size":"auto","background-attachment":"scroll","background-type":"","background-media":"","overlay-type":"","overlay-color":"","overlay-opacity":"","overlay-gradient":""}},"ast-content-background-meta":{"desktop":{"background-color":"var(--ast-global-color-4)","background-image":"","background-repeat":"repeat","background-position":"center center","background-size":"auto","background-attachment":"scroll","background-type":"","background-media":"","overlay-type":"","overlay-color":"","overlay-opacity":"","overlay-gradient":""},"tablet":{"background-color":"var(--ast-global-color-4)","background-image":"","background-repeat":"repeat","background-position":"center center","background-size":"auto","background-attachment":"scroll","background-type":"","background-media":"","overlay-type":"","overlay-color":"","overlay-opacity":"","overlay-gradient":""},"mobile":{"background-color":"var(--ast-global-color-4)","background-image":"","background-repeat":"repeat","background-position":"center center","background-size":"auto","background-attachment":"scroll","background-type":"","background-media":"","overlay-type":"","overlay-color":"","overlay-opacity":"","overlay-gradient":""}}},"product_brand":[],"product_cat":[168,104],"product_tag":[171],"class_list":{"0":"post-4447","1":"product","2":"type-product","3":"status-publish","4":"has-post-thumbnail","6":"product_cat-wood-usb-flash-drive","7":"product_cat-usb3-0-usb-pendrive","8":"product_tag-flip-usb-flash-drive","9":"desktop-align-left","10":"tablet-align-left","11":"mobile-align-left","13":"first","14":"instock","15":"shipping-taxable","16":"product-type-simple"},"_links":{"self":[{"href":"https:\/\/www.usborkeychain.com\/pt\/wp-json\/wp\/v2\/product\/4447","targetHints":{"allow":["GET"]}}],"collection":[{"href":"https:\/\/www.usborkeychain.com\/pt\/wp-json\/wp\/v2\/product"}],"about":[{"href":"https:\/\/www.usborkeychain.com\/pt\/wp-json\/wp\/v2\/types\/product"}],"replies":[{"embeddable":true,"href":"https:\/\/www.usborkeychain.com\/pt\/wp-json\/wp\/v2\/comments?post=4447"}],"wp:featuredmedia":[{"embeddable":true,"href":"https:\/\/www.usborkeychain.com\/pt\/wp-json\/wp\/v2\/media\/4451"}],"wp:attachment":[{"href":"https:\/\/www.usborkeychain.com\/pt\/wp-json\/wp\/v2\/media?parent=4447"}],"wp:term":[{"taxonomy":"product_brand","embeddable":true,"href":"https:\/\/www.usborkeychain.com\/pt\/wp-json\/wp\/v2\/product_brand?post=4447"},{"taxonomy":"product_cat","embeddable":true,"href":"https:\/\/www.usborkeychain.com\/pt\/wp-json\/wp\/v2\/product_cat?post=4447"},{"taxonomy":"product_tag","embeddable":true,"href":"https:\/\/www.usborkeychain.com\/pt\/wp-json\/wp\/v2\/product_tag?post=4447"}],"curies":[{"name":"wp","href":"https:\/\/api.w.org\/{rel}","templated":true}]}}