{"id":4454,"date":"2025-07-24T00:56:00","date_gmt":"2025-07-24T00:56:00","guid":{"rendered":"https:\/\/www.usborkeychain.com\/?post_type=product&#038;p=4454"},"modified":"2025-08-17T13:16:34","modified_gmt":"2025-08-17T13:16:34","slug":"long-strip-right-angle-wooden-usb-stick","status":"publish","type":"product","link":"https:\/\/www.usborkeychain.com\/pt\/produto\/long-strip-right-angle-wooden-usb-stick\/","title":{"rendered":"USB Stick de madeira com tira longa e \u00e2ngulo reto"},"content":{"rendered":"<p><\/p>\n\n\n\n<div class=\"wp-block-columns is-layout-flex wp-container-core-columns-is-layout-28f84493 wp-block-columns-is-layout-flex\">\n<div class=\"wp-block-column is-layout-flow wp-block-column-is-layout-flow\">\n<figure class=\"wp-block-image size-full\"><img fetchpriority=\"high\" decoding=\"async\" width=\"720\" height=\"720\" src=\"https:\/\/www.usborkeychain.com\/wp-content\/uploads\/180\u00b0-Rotating-Wooden-USB-Flash-Drive.jpg\" alt=\"180\u00b0 Rotating Wooden USB Flash Drive\" class=\"wp-image-4457\" srcset=\"https:\/\/www.usborkeychain.com\/wp-content\/uploads\/180\u00b0-Rotating-Wooden-USB-Flash-Drive.jpg 720w, https:\/\/www.usborkeychain.com\/wp-content\/uploads\/180\u00b0-Rotating-Wooden-USB-Flash-Drive-300x300.jpg 300w, https:\/\/www.usborkeychain.com\/wp-content\/uploads\/180\u00b0-Rotating-Wooden-USB-Flash-Drive-150x150.jpg 150w, https:\/\/www.usborkeychain.com\/wp-content\/uploads\/180\u00b0-Rotating-Wooden-USB-Flash-Drive-12x12.jpg 12w, https:\/\/www.usborkeychain.com\/wp-content\/uploads\/180\u00b0-Rotating-Wooden-USB-Flash-Drive-600x600.jpg 600w, https:\/\/www.usborkeychain.com\/wp-content\/uploads\/180\u00b0-Rotating-Wooden-USB-Flash-Drive-100x100.jpg 100w\" sizes=\"(max-width: 720px) 100vw, 720px\" \/><\/figure>\n<\/div>\n\n\n\n<div class=\"wp-block-column is-vertically-aligned-center is-layout-flow wp-block-column-is-layout-flow\">\n<p>A unidade USB rotativa em \u00e2ngulo reto de tira longa de madeira rompe a impress\u00e3o estereotipada das unidades USB tradicionais com seu contorno mini retangular. As linhas em \u00e2ngulo reto delineiam uma textura elegante, e ele \u00e9 equipado com uma estrutura girat\u00f3ria de 180 graus para realizar a retra\u00e7\u00e3o e a extens\u00e3o flex\u00edveis da interface USB - quando armazenada.<\/p>\n\n\n\n<p> Ele se encaixa na concha de madeira e, quando em uso, pode ser desdobrado com um clique, o que n\u00e3o s\u00f3 evita que a interface sofra choques, mas tamb\u00e9m torna a opera\u00e7\u00e3o mais conveniente.<\/p>\n<\/div>\n<\/div>\n\n\n\n<h3 class=\"wp-block-heading\">Sele\u00e7\u00e3o de materiais<\/h3>\n\n\n\n<p>Com madeiras naturais selecionadas, como madeira bruta, madeira de bordo e madeira de bambu, cada unidade USB tem um gr\u00e3o exclusivo e uma textura quente, interpretando a est\u00e9tica natural.<\/p>\n\n\n\n<h3 class=\"wp-block-heading\">Detalhes da apar\u00eancia<\/h3>\n\n\n\n<ul class=\"wp-block-list\">\n<li>Design de contorno: O corpo principal minirretangular com pequenos cantos arredondados de 10 graus polidos nas bordas, levando em conta o conforto de manuseio e a delicadeza visual;<\/li>\n\n\n\n<li>Estrutura girat\u00f3ria: O conector USB suporta rota\u00e7\u00e3o bidirecional de 180 graus, que \u00e9 suave e n\u00e3o emperra, permitindo alternar com um clique entre armazenamento e uso;<\/li>\n\n\n\n<li>Design port\u00e1til: Equipado com um chaveiro de metal na extremidade, ele pode ser pendurado diretamente em chaveiros ou bolsas para facilitar o transporte sem perda.<\/li>\n<\/ul>\n\n\n\n<div class=\"wp-block-columns is-layout-flex wp-container-core-columns-is-layout-28f84493 wp-block-columns-is-layout-flex\">\n<div class=\"wp-block-column is-layout-flow wp-block-column-is-layout-flow\">\n<figure class=\"wp-block-image size-full\"><img alt=\"\" decoding=\"async\" width=\"720\" height=\"720\" src=\"https:\/\/www.usborkeychain.com\/wp-content\/uploads\/Mini-Wooden-Rectangular-USB-Drive.jpg\" class=\"wp-image-4459\" srcset=\"https:\/\/www.usborkeychain.com\/wp-content\/uploads\/Mini-Wooden-Rectangular-USB-Drive.jpg 720w, https:\/\/www.usborkeychain.com\/wp-content\/uploads\/Mini-Wooden-Rectangular-USB-Drive-300x300.jpg 300w, https:\/\/www.usborkeychain.com\/wp-content\/uploads\/Mini-Wooden-Rectangular-USB-Drive-150x150.jpg 150w, https:\/\/www.usborkeychain.com\/wp-content\/uploads\/Mini-Wooden-Rectangular-USB-Drive-12x12.jpg 12w, https:\/\/www.usborkeychain.com\/wp-content\/uploads\/Mini-Wooden-Rectangular-USB-Drive-600x600.jpg 600w, https:\/\/www.usborkeychain.com\/wp-content\/uploads\/Mini-Wooden-Rectangular-USB-Drive-100x100.jpg 100w\" sizes=\"(max-width: 720px) 100vw, 720px\" \/><\/figure>\n<\/div>\n\n\n\n<div class=\"wp-block-column is-layout-flow wp-block-column-is-layout-flow\">\n<figure class=\"wp-block-image size-full\"><img alt=\"\" decoding=\"async\" width=\"720\" height=\"720\" src=\"https:\/\/www.usborkeychain.com\/wp-content\/uploads\/Wooden-Long-Strip-Right-Angle-USB-Drive.jpg\" class=\"wp-image-4460\" srcset=\"https:\/\/www.usborkeychain.com\/wp-content\/uploads\/Wooden-Long-Strip-Right-Angle-USB-Drive.jpg 720w, https:\/\/www.usborkeychain.com\/wp-content\/uploads\/Wooden-Long-Strip-Right-Angle-USB-Drive-300x300.jpg 300w, https:\/\/www.usborkeychain.com\/wp-content\/uploads\/Wooden-Long-Strip-Right-Angle-USB-Drive-150x150.jpg 150w, https:\/\/www.usborkeychain.com\/wp-content\/uploads\/Wooden-Long-Strip-Right-Angle-USB-Drive-12x12.jpg 12w, https:\/\/www.usborkeychain.com\/wp-content\/uploads\/Wooden-Long-Strip-Right-Angle-USB-Drive-600x600.jpg 600w, https:\/\/www.usborkeychain.com\/wp-content\/uploads\/Wooden-Long-Strip-Right-Angle-USB-Drive-100x100.jpg 100w\" sizes=\"(max-width: 720px) 100vw, 720px\" \/><\/figure>\n<\/div>\n<\/div>\n\n\n\n<p>A madeira \u00e9 o \"suporte de ouro\" para grava\u00e7\u00e3o a laser - o gr\u00e3o natural torna a grava\u00e7\u00e3o do LOGOTIPO mais tridimensional, o gradiente de cor da madeira destaca as camadas e o produto final apresenta uma textura de alta qualidade. Ela \u00e9 particularmente adequada para os seguintes cen\u00e1rios:<\/p>\n\n\n\n<ol class=\"wp-block-list\">\n<li>Setor de casamentos: Armazenar imagens do casamento, gravar os nomes e as datas dos rec\u00e9m-casados e tornar-se um presente no estilo \"c\u00e1psula do tempo\", carregando o romance eterno;<\/li>\n\n\n\n<li>Setor de fotografia: Armazenar fotos de amostra\/fotos de convidados, gravar o LOGOTIPO do est\u00fadio, tornar a entrega de trabalhos mais cerimonial e fortalecer a mem\u00f3ria da marca;<\/li>\n\n\n\n<li>Setor musical: Armazenar singles\/\u00e1lbuns originais, gravar o nome do artista e o nome do \u00e1lbum, criar perif\u00e9ricos musicais exclusivos e transmitir a temperatura da cria\u00e7\u00e3o;<\/li>\n\n\n\n<li>Personaliza\u00e7\u00e3o corporativa: Grave logotipos e slogans corporativos, tornando os brindes comerciais pr\u00e1ticos e elegantes, e o material natural est\u00e1 mais alinhado com o conceito de prote\u00e7\u00e3o ambiental.<\/li>\n<\/ol>\n\n\n\n<p>O pendrive girat\u00f3rio em \u00e2ngulo reto com tira longa de madeira integra perfeitamente o artesanato vintage em madeira com o armazenamento moderno: a rota\u00e7\u00e3o de 180 graus e o design do chaveiro aumentam a praticidade, e a grava\u00e7\u00e3o a laser confere a ele uma express\u00e3o personalizada.<\/p>\n\n\n\n<p><\/p>","protected":false},"excerpt":{"rendered":"<ul>\n<li>Rota\u00e7\u00e3o de 180\u00b0<\/li>\n<li>\u00c2ngulo reto<\/li>\n<li>Tira longa de madeira<\/li>\n<li>Logotipo da Csutom<\/li>\n<li>Pacote personalizado<\/li>\n<\/ul>","protected":false},"featured_media":4457,"comment_status":"open","ping_status":"closed","template":"","meta":{"_seopress_robots_primary_cat":"","_seopress_titles_title":"","_seopress_titles_desc":"","_seopress_robots_index":"","site-sidebar-layout":"default","site-content-layout":"","ast-site-content-layout":"","site-content-style":"default","site-sidebar-style":"default","ast-global-header-display":"","ast-banner-title-visibility":"","ast-main-header-display":"","ast-hfb-above-header-display":"","ast-hfb-below-header-display":"","ast-hfb-mobile-header-display":"","site-post-title":"","ast-breadcrumbs-content":"","ast-featured-img":"","footer-sml-layout":"","theme-transparent-header-meta":"","adv-header-id-meta":"","stick-header-meta":"","header-above-stick-meta":"","header-main-stick-meta":"","header-below-stick-meta":"","astra-migrate-meta-layouts":"default","ast-page-background-enabled":"default","ast-page-background-meta":{"desktop":{"background-color":"var(--ast-global-color-5)","background-image":"","background-repeat":"repeat","background-position":"center center","background-size":"auto","background-attachment":"scroll","background-type":"","background-media":"","overlay-type":"","overlay-color":"","overlay-opacity":"","overlay-gradient":""},"tablet":{"background-color":"","background-image":"","background-repeat":"repeat","background-position":"center center","background-size":"auto","background-attachment":"scroll","background-type":"","background-media":"","overlay-type":"","overlay-color":"","overlay-opacity":"","overlay-gradient":""},"mobile":{"background-color":"","background-image":"","background-repeat":"repeat","background-position":"center center","background-size":"auto","background-attachment":"scroll","background-type":"","background-media":"","overlay-type":"","overlay-color":"","overlay-opacity":"","overlay-gradient":""}},"ast-content-background-meta":{"desktop":{"background-color":"var(--ast-global-color-4)","background-image":"","background-repeat":"repeat","background-position":"center center","background-size":"auto","background-attachment":"scroll","background-type":"","background-media":"","overlay-type":"","overlay-color":"","overlay-opacity":"","overlay-gradient":""},"tablet":{"background-color":"var(--ast-global-color-4)","background-image":"","background-repeat":"repeat","background-position":"center center","background-size":"auto","background-attachment":"scroll","background-type":"","background-media":"","overlay-type":"","overlay-color":"","overlay-opacity":"","overlay-gradient":""},"mobile":{"background-color":"var(--ast-global-color-4)","background-image":"","background-repeat":"repeat","background-position":"center center","background-size":"auto","background-attachment":"scroll","background-type":"","background-media":"","overlay-type":"","overlay-color":"","overlay-opacity":"","overlay-gradient":""}}},"product_brand":[],"product_cat":[168,106,101],"product_tag":[404],"class_list":{"0":"post-4454","1":"product","2":"type-product","3":"status-publish","4":"has-post-thumbnail","6":"product_cat-wood-usb-flash-drive","7":"product_cat-rotating-usb-pendrive","8":"product_cat-usb-pendrive-with-keychain","9":"product_tag-wooden-rotating-usb-drive","10":"desktop-align-left","11":"tablet-align-left","12":"mobile-align-left","14":"first","15":"instock","16":"shipping-taxable","17":"product-type-simple"},"_links":{"self":[{"href":"https:\/\/www.usborkeychain.com\/pt\/wp-json\/wp\/v2\/product\/4454","targetHints":{"allow":["GET"]}}],"collection":[{"href":"https:\/\/www.usborkeychain.com\/pt\/wp-json\/wp\/v2\/product"}],"about":[{"href":"https:\/\/www.usborkeychain.com\/pt\/wp-json\/wp\/v2\/types\/product"}],"replies":[{"embeddable":true,"href":"https:\/\/www.usborkeychain.com\/pt\/wp-json\/wp\/v2\/comments?post=4454"}],"wp:featuredmedia":[{"embeddable":true,"href":"https:\/\/www.usborkeychain.com\/pt\/wp-json\/wp\/v2\/media\/4457"}],"wp:attachment":[{"href":"https:\/\/www.usborkeychain.com\/pt\/wp-json\/wp\/v2\/media?parent=4454"}],"wp:term":[{"taxonomy":"product_brand","embeddable":true,"href":"https:\/\/www.usborkeychain.com\/pt\/wp-json\/wp\/v2\/product_brand?post=4454"},{"taxonomy":"product_cat","embeddable":true,"href":"https:\/\/www.usborkeychain.com\/pt\/wp-json\/wp\/v2\/product_cat?post=4454"},{"taxonomy":"product_tag","embeddable":true,"href":"https:\/\/www.usborkeychain.com\/pt\/wp-json\/wp\/v2\/product_tag?post=4454"}],"curies":[{"name":"wp","href":"https:\/\/api.w.org\/{rel}","templated":true}]}}