{"id":4462,"date":"2025-07-24T03:09:52","date_gmt":"2025-07-24T03:09:52","guid":{"rendered":"https:\/\/www.usborkeychain.com\/?post_type=product&#038;p=4462"},"modified":"2025-07-24T03:23:04","modified_gmt":"2025-07-24T03:23:04","slug":"triangular-metal-key-usb-flash-drive","status":"publish","type":"product","link":"https:\/\/www.usborkeychain.com\/pt\/produto\/triangular-metal-key-usb-flash-drive\/","title":{"rendered":"Unidade flash USB com chave de metal triangular"},"content":{"rendered":"<div class=\"wp-block-columns are-vertically-aligned-center is-layout-flex wp-container-core-columns-is-layout-28f84493 wp-block-columns-is-layout-flex\">\n<div class=\"wp-block-column is-vertically-aligned-center is-layout-flow wp-block-column-is-layout-flow\">\n<p>O <strong>Chave de metal triangular Unidade flash USB <\/strong>destaca-se por sua forma geom\u00e9trica exclusiva, rompendo com a apar\u00eancia quadrada ou retangular estereotipada das unidades USB tradicionais. Ele oferece duas op\u00e7\u00f5es de design: triangular plano e triangular tridimensional.<\/p>\n\n\n\n<ul class=\"wp-block-list\">\n<li><strong>Dur\u00e1vel<\/strong>: Em compara\u00e7\u00e3o com as unidades USB de pl\u00e1stico, o inv\u00f3lucro de metal oferece melhor resist\u00eancia a quedas e colis\u00f5es no uso di\u00e1rio, protegendo efetivamente o chip de armazenamento interno e prolongando a vida \u00fatil do produto.<\/li>\n\n\n\n<li><strong>Ultrafino e port\u00e1til<\/strong>: Por meio de um sofisticado trabalho artesanal, a espessura total da unidade USB \u00e9 controlada com precis\u00e3o, tornando-a pequena, fina e leve. Com o design em forma de chave, ele pode ser facilmente preso a um chaveiro.<\/li>\n\n\n\n<li><strong>Transfer\u00eancia r\u00e1pida<\/strong>: Equipada com chips de mem\u00f3ria flash de alta qualidade e um esquema de controle principal eficiente, a interface USB 2.0\/USB 3.0 garante uma transmiss\u00e3o de dados eficiente e est\u00e1vel.<\/li>\n<\/ul>\n<\/div>\n\n\n\n<div class=\"wp-block-column is-vertically-aligned-center is-layout-flow wp-block-column-is-layout-flow\">\n<figure class=\"wp-block-image aligncenter size-full\"><img alt=\"\" fetchpriority=\"high\" decoding=\"async\" width=\"800\" height=\"800\" src=\"https:\/\/www.usborkeychain.com\/wp-content\/uploads\/Pyramid-USB-flash-drive.jpg\" class=\"wp-image-4467\" srcset=\"https:\/\/www.usborkeychain.com\/wp-content\/uploads\/Pyramid-USB-flash-drive.jpg 800w, https:\/\/www.usborkeychain.com\/wp-content\/uploads\/Pyramid-USB-flash-drive-300x300.jpg 300w, https:\/\/www.usborkeychain.com\/wp-content\/uploads\/Pyramid-USB-flash-drive-150x150.jpg 150w, https:\/\/www.usborkeychain.com\/wp-content\/uploads\/Pyramid-USB-flash-drive-768x768.jpg 768w, https:\/\/www.usborkeychain.com\/wp-content\/uploads\/Pyramid-USB-flash-drive-12x12.jpg 12w, https:\/\/www.usborkeychain.com\/wp-content\/uploads\/Pyramid-USB-flash-drive-600x600.jpg 600w, https:\/\/www.usborkeychain.com\/wp-content\/uploads\/Pyramid-USB-flash-drive-100x100.jpg 100w\" sizes=\"(max-width: 800px) 100vw, 800px\" \/><\/figure>\n<\/div>\n<\/div>\n\n\n\n<h2 class=\"wp-block-heading\">Ele pode ser personalizado em diferentes formas e cores?<\/h2>\n\n\n\n<div class=\"wp-block-columns are-vertically-aligned-center is-layout-flex wp-container-core-columns-is-layout-28f84493 wp-block-columns-is-layout-flex\">\n<div class=\"wp-block-column is-vertically-aligned-center is-layout-flow wp-block-column-is-layout-flow\">\n<figure class=\"wp-block-image size-full\"><img alt=\"\" decoding=\"async\" width=\"800\" height=\"800\" src=\"https:\/\/www.usborkeychain.com\/wp-content\/uploads\/Delta-USB-flash-Drive.jpg\" class=\"wp-image-4466\" srcset=\"https:\/\/www.usborkeychain.com\/wp-content\/uploads\/Delta-USB-flash-Drive.jpg 800w, https:\/\/www.usborkeychain.com\/wp-content\/uploads\/Delta-USB-flash-Drive-300x300.jpg 300w, https:\/\/www.usborkeychain.com\/wp-content\/uploads\/Delta-USB-flash-Drive-150x150.jpg 150w, https:\/\/www.usborkeychain.com\/wp-content\/uploads\/Delta-USB-flash-Drive-768x768.jpg 768w, https:\/\/www.usborkeychain.com\/wp-content\/uploads\/Delta-USB-flash-Drive-12x12.jpg 12w, https:\/\/www.usborkeychain.com\/wp-content\/uploads\/Delta-USB-flash-Drive-600x600.jpg 600w, https:\/\/www.usborkeychain.com\/wp-content\/uploads\/Delta-USB-flash-Drive-100x100.jpg 100w\" sizes=\"(max-width: 800px) 100vw, 800px\" \/><\/figure>\n<\/div>\n\n\n\n<div class=\"wp-block-column is-vertically-aligned-center is-layout-flow wp-block-column-is-layout-flow\">\n<p>O formato triangular \u00e9 um dos principais destaques dessa unidade USB:<\/p>\n\n\n\n<ul class=\"wp-block-list\">\n<li><strong>Formas diversas<\/strong>: Pode ser transformado em uma forma triangular plana e simples, com linhas suaves e um estilo elegante; tamb\u00e9m pode ser trabalhado em uma forma triangular tridimensional, acrescentando um senso de hierarquia e interesse visual, al\u00e9m de parecer mais texturizado na m\u00e3o.<\/li>\n\n\n\n<li><strong>Personaliza\u00e7\u00e3o de cores<\/strong>: H\u00e1 uma grande variedade de op\u00e7\u00f5es de personaliza\u00e7\u00e3o de cores dispon\u00edveis. As cores incluem prata cl\u00e1ssica, ouro, preto, bem como rosa, azul, vermelho, etc., para atender \u00e0s necessidades est\u00e9ticas de diferentes usu\u00e1rios. Mais importante ainda, a cor pode ser totalmente personalizada, permitindo que os clientes corporativos tenham uma correspond\u00eancia de cores exclusiva de acordo com os sistemas de cores de suas pr\u00f3prias marcas.<\/li>\n<\/ul>\n<\/div>\n<\/div>\n\n\n\n<h2 class=\"wp-block-heading\">Par\u00e2metros da unidade USB<\/h2>\n\n\n\n<figure class=\"wp-block-table\"><table class=\"has-fixed-layout\"><thead><tr><th>Categoria de par\u00e2metro<\/th><th>Conte\u00fado espec\u00edfico<\/th><\/tr><\/thead><tbody><tr><td>Tipo de interface<\/td><td>USB 2.0\/USB 3.0 (opcional)<\/td><\/tr><tr><td>Capacidade de armazenamento<\/td><td>8 GB, 16 GB, 32 GB, 64 GB, 128 GB<\/td><\/tr><tr><td>Tamanho\uff08comprimento \u00d7 largura \u00d7 espessura\uff09<\/td><td>Um pouco diferente devido ao design triangular, aproximadamente 35 mm \u00d7 20 mm \u00d7 3 mm<\/td><\/tr><tr><td>Peso<\/td><td>10-15g<\/td><\/tr><\/tbody><\/table><\/figure>\n\n\n\n<div class=\"wp-block-columns is-layout-flex wp-container-core-columns-is-layout-28f84493 wp-block-columns-is-layout-flex\">\n<div class=\"wp-block-column is-layout-flow wp-block-column-is-layout-flow\">\n<figure class=\"wp-block-image size-full\"><img alt=\"\" decoding=\"async\" width=\"800\" height=\"800\" src=\"https:\/\/www.usborkeychain.com\/wp-content\/uploads\/TriKey-USB-flash-drive.jpg\" class=\"wp-image-4470\" srcset=\"https:\/\/www.usborkeychain.com\/wp-content\/uploads\/TriKey-USB-flash-drive.jpg 800w, https:\/\/www.usborkeychain.com\/wp-content\/uploads\/TriKey-USB-flash-drive-300x300.jpg 300w, https:\/\/www.usborkeychain.com\/wp-content\/uploads\/TriKey-USB-flash-drive-150x150.jpg 150w, https:\/\/www.usborkeychain.com\/wp-content\/uploads\/TriKey-USB-flash-drive-768x768.jpg 768w, https:\/\/www.usborkeychain.com\/wp-content\/uploads\/TriKey-USB-flash-drive-12x12.jpg 12w, https:\/\/www.usborkeychain.com\/wp-content\/uploads\/TriKey-USB-flash-drive-600x600.jpg 600w, https:\/\/www.usborkeychain.com\/wp-content\/uploads\/TriKey-USB-flash-drive-100x100.jpg 100w\" sizes=\"(max-width: 800px) 100vw, 800px\" \/><\/figure>\n<\/div>\n\n\n\n<div class=\"wp-block-column is-layout-flow wp-block-column-is-layout-flow\">\n<figure class=\"wp-block-image size-full\"><img alt=\"\" loading=\"lazy\" decoding=\"async\" width=\"800\" height=\"800\" src=\"https:\/\/www.usborkeychain.com\/wp-content\/uploads\/TriEdge-USB-flash-Drive.jpg\" class=\"wp-image-4468\" srcset=\"https:\/\/www.usborkeychain.com\/wp-content\/uploads\/TriEdge-USB-flash-Drive.jpg 800w, https:\/\/www.usborkeychain.com\/wp-content\/uploads\/TriEdge-USB-flash-Drive-300x300.jpg 300w, https:\/\/www.usborkeychain.com\/wp-content\/uploads\/TriEdge-USB-flash-Drive-150x150.jpg 150w, https:\/\/www.usborkeychain.com\/wp-content\/uploads\/TriEdge-USB-flash-Drive-768x768.jpg 768w, https:\/\/www.usborkeychain.com\/wp-content\/uploads\/TriEdge-USB-flash-Drive-12x12.jpg 12w, https:\/\/www.usborkeychain.com\/wp-content\/uploads\/TriEdge-USB-flash-Drive-600x600.jpg 600w, https:\/\/www.usborkeychain.com\/wp-content\/uploads\/TriEdge-USB-flash-Drive-100x100.jpg 100w\" sizes=\"(max-width: 800px) 100vw, 800px\" \/><\/figure>\n<\/div>\n\n\n\n<div class=\"wp-block-column is-layout-flow wp-block-column-is-layout-flow\">\n<figure class=\"wp-block-image size-full\"><img alt=\"\" decoding=\"async\" width=\"800\" height=\"800\" src=\"https:\/\/www.usborkeychain.com\/wp-content\/uploads\/Delta-USB-flash-Drive.jpg\" class=\"wp-image-4466\" srcset=\"https:\/\/www.usborkeychain.com\/wp-content\/uploads\/Delta-USB-flash-Drive.jpg 800w, https:\/\/www.usborkeychain.com\/wp-content\/uploads\/Delta-USB-flash-Drive-300x300.jpg 300w, https:\/\/www.usborkeychain.com\/wp-content\/uploads\/Delta-USB-flash-Drive-150x150.jpg 150w, https:\/\/www.usborkeychain.com\/wp-content\/uploads\/Delta-USB-flash-Drive-768x768.jpg 768w, https:\/\/www.usborkeychain.com\/wp-content\/uploads\/Delta-USB-flash-Drive-12x12.jpg 12w, https:\/\/www.usborkeychain.com\/wp-content\/uploads\/Delta-USB-flash-Drive-600x600.jpg 600w, https:\/\/www.usborkeychain.com\/wp-content\/uploads\/Delta-USB-flash-Drive-100x100.jpg 100w\" sizes=\"(max-width: 800px) 100vw, 800px\" \/><\/figure>\n<\/div>\n<\/div>\n\n\n\n<h2 class=\"wp-block-heading\">O LOGOTIPO pode ser personalizado?<\/h2>\n\n\n\n<div class=\"wp-block-columns is-layout-flex wp-container-core-columns-is-layout-28f84493 wp-block-columns-is-layout-flex\">\n<div class=\"wp-block-column is-vertically-aligned-center is-layout-flow wp-block-column-is-layout-flow\">\n<p>A unidade USB com chave de metal triangular \u00e9 compat\u00edvel com a personaliza\u00e7\u00e3o do LOGOTIPO, com duas t\u00e9cnicas comuns:<\/p>\n\n\n\n<p>A unidade USB com chave de metal triangular oferece servi\u00e7os profissionais de personaliza\u00e7\u00e3o de LOGOTIPO, usando grava\u00e7\u00e3o a laser e impress\u00e3o em tela de seda. O efeito da grava\u00e7\u00e3o a laser \u00e9 duradouro e n\u00e3o desbota, adequado para logotipos corporativos simples e elegantes; o processo de impress\u00e3o em tela de seda pode apresentar camadas de cores mais ricas, adequadas para a exibi\u00e7\u00e3o de padr\u00f5es complexos.<\/p>\n<\/div>\n\n\n\n<div class=\"wp-block-column is-vertically-aligned-center is-layout-flow wp-block-column-is-layout-flow\">\n<figure class=\"wp-block-image size-full\"><img alt=\"\" loading=\"lazy\" decoding=\"async\" width=\"800\" height=\"800\" src=\"https:\/\/www.usborkeychain.com\/wp-content\/uploads\/Angle-USB-Flash-drive.jpg\" class=\"wp-image-4465\" srcset=\"https:\/\/www.usborkeychain.com\/wp-content\/uploads\/Angle-USB-Flash-drive.jpg 800w, https:\/\/www.usborkeychain.com\/wp-content\/uploads\/Angle-USB-Flash-drive-300x300.jpg 300w, https:\/\/www.usborkeychain.com\/wp-content\/uploads\/Angle-USB-Flash-drive-150x150.jpg 150w, https:\/\/www.usborkeychain.com\/wp-content\/uploads\/Angle-USB-Flash-drive-768x768.jpg 768w, https:\/\/www.usborkeychain.com\/wp-content\/uploads\/Angle-USB-Flash-drive-12x12.jpg 12w, https:\/\/www.usborkeychain.com\/wp-content\/uploads\/Angle-USB-Flash-drive-600x600.jpg 600w, https:\/\/www.usborkeychain.com\/wp-content\/uploads\/Angle-USB-Flash-drive-100x100.jpg 100w\" sizes=\"(max-width: 800px) 100vw, 800px\" \/><\/figure>\n<\/div>\n<\/div>\n\n\n\n<h2 class=\"wp-block-heading\">Para quais empresas ele \u00e9 adequado?<\/h2>\n\n\n\n<div class=\"wp-block-columns are-vertically-aligned-center is-layout-flex wp-container-core-columns-is-layout-28f84493 wp-block-columns-is-layout-flex\">\n<div class=\"wp-block-column is-vertically-aligned-center is-layout-flow wp-block-column-is-layout-flow\">\n<figure class=\"wp-block-image size-full\"><img alt=\"\" loading=\"lazy\" decoding=\"async\" width=\"800\" height=\"800\" src=\"https:\/\/www.usborkeychain.com\/wp-content\/uploads\/TriForm-USB-Flash-drive.jpg\" class=\"wp-image-4469\" srcset=\"https:\/\/www.usborkeychain.com\/wp-content\/uploads\/TriForm-USB-Flash-drive.jpg 800w, https:\/\/www.usborkeychain.com\/wp-content\/uploads\/TriForm-USB-Flash-drive-300x300.jpg 300w, https:\/\/www.usborkeychain.com\/wp-content\/uploads\/TriForm-USB-Flash-drive-150x150.jpg 150w, https:\/\/www.usborkeychain.com\/wp-content\/uploads\/TriForm-USB-Flash-drive-768x768.jpg 768w, https:\/\/www.usborkeychain.com\/wp-content\/uploads\/TriForm-USB-Flash-drive-12x12.jpg 12w, https:\/\/www.usborkeychain.com\/wp-content\/uploads\/TriForm-USB-Flash-drive-600x600.jpg 600w, https:\/\/www.usborkeychain.com\/wp-content\/uploads\/TriForm-USB-Flash-drive-100x100.jpg 100w\" sizes=\"(max-width: 800px) 100vw, 800px\" \/><\/figure>\n<\/div>\n\n\n\n<div class=\"wp-block-column is-vertically-aligned-center is-layout-flow wp-block-column-is-layout-flow\">\n<ul class=\"wp-block-list\">\n<li>Empresas do setor imobili\u00e1rio: Como a Realty World.<\/li>\n\n\n\n<li>Empresas financeiras e de cr\u00e9dito: Como a Alliance Mortgage.<\/li>\n\n\n\n<li>Empresas de tecnologia: Pode armazenar informa\u00e7\u00f5es sobre produtos, programas de teste, etc., e ser dado como brinde em exposi\u00e7\u00f5es e negocia\u00e7\u00f5es comerciais.<\/li>\n\n\n\n<li>Empresas de design criativo: Para criar produtos que sejam consistentes com o estilo criativo da empresa, usados como transportadores de entrega de projetos ou brindes para clientes.<\/li>\n\n\n\n<li>Institui\u00e7\u00f5es de ensino e treinamento.<\/li>\n<\/ul>\n<\/div>\n<\/div>\n\n\n\n<p>O <strong>Chave triangular de metal Unidade USB<\/strong> \u00e9 constru\u00eddo sobre uma base de robustez, ultrafino e portabilidade com materiais met\u00e1licos. Ele cria uma apar\u00eancia distinta com seu formato triangular exclusivo e cores personaliz\u00e1veis, atende a diferentes necessidades de armazenamento com v\u00e1rios par\u00e2metros e ajuda na comunica\u00e7\u00e3o da marca por meio de uma rica <strong>Personaliza\u00e7\u00e3o do logotipo<\/strong> O fato de ser um produto de alta qualidade, com t\u00e9cnicas de marketing de alta qualidade, o torna amplamente adequado para promo\u00e7\u00e3o corporativa em v\u00e1rios setores. Seja para armazenamento di\u00e1rio pessoal ou marketing corporativo, ele pode se tornar uma escolha popular com suas fun\u00e7\u00f5es pr\u00e1ticas e design criativo.<\/p>","protected":false},"excerpt":{"rendered":"<ul>\n<li>Ultrafino e port\u00e1til<\/li>\n<li>Triangular<\/li>\n<li>Material met\u00e1lico<\/li>\n<li>LOGOTIPO personalizado<\/li>\n<li>MOQ: 100 unidades<\/li>\n<\/ul>","protected":false},"featured_media":4467,"comment_status":"open","ping_status":"closed","template":"","meta":{"_seopress_robots_primary_cat":"","_seopress_titles_title":"","_seopress_titles_desc":"","_seopress_robots_index":"","site-sidebar-layout":"default","site-content-layout":"","ast-site-content-layout":"","site-content-style":"default","site-sidebar-style":"default","ast-global-header-display":"","ast-banner-title-visibility":"","ast-main-header-display":"","ast-hfb-above-header-display":"","ast-hfb-below-header-display":"","ast-hfb-mobile-header-display":"","site-post-title":"","ast-breadcrumbs-content":"","ast-featured-img":"","footer-sml-layout":"","theme-transparent-header-meta":"","adv-header-id-meta":"","stick-header-meta":"","header-above-stick-meta":"","header-main-stick-meta":"","header-below-stick-meta":"","astra-migrate-meta-layouts":"default","ast-page-background-enabled":"default","ast-page-background-meta":{"desktop":{"background-color":"var(--ast-global-color-5)","background-image":"","background-repeat":"repeat","background-position":"center center","background-size":"auto","background-attachment":"scroll","background-type":"","background-media":"","overlay-type":"","overlay-color":"","overlay-opacity":"","overlay-gradient":""},"tablet":{"background-color":"","background-image":"","background-repeat":"repeat","background-position":"center center","background-size":"auto","background-attachment":"scroll","background-type":"","background-media":"","overlay-type":"","overlay-color":"","overlay-opacity":"","overlay-gradient":""},"mobile":{"background-color":"","background-image":"","background-repeat":"repeat","background-position":"center center","background-size":"auto","background-attachment":"scroll","background-type":"","background-media":"","overlay-type":"","overlay-color":"","overlay-opacity":"","overlay-gradient":""}},"ast-content-background-meta":{"desktop":{"background-color":"var(--ast-global-color-4)","background-image":"","background-repeat":"repeat","background-position":"center center","background-size":"auto","background-attachment":"scroll","background-type":"","background-media":"","overlay-type":"","overlay-color":"","overlay-opacity":"","overlay-gradient":""},"tablet":{"background-color":"var(--ast-global-color-4)","background-image":"","background-repeat":"repeat","background-position":"center center","background-size":"auto","background-attachment":"scroll","background-type":"","background-media":"","overlay-type":"","overlay-color":"","overlay-opacity":"","overlay-gradient":""},"mobile":{"background-color":"var(--ast-global-color-4)","background-image":"","background-repeat":"repeat","background-position":"center center","background-size":"auto","background-attachment":"scroll","background-type":"","background-media":"","overlay-type":"","overlay-color":"","overlay-opacity":"","overlay-gradient":""}}},"product_brand":[],"product_cat":[108],"product_tag":[259,267],"class_list":{"0":"post-4462","1":"product","2":"type-product","3":"status-publish","4":"has-post-thumbnail","6":"product_cat-key-shaped-usb-pendrive","7":"product_tag-metal-key-usb-flash-drive","8":"product_tag-triangular-metal-key-usb-flash-drive","9":"desktop-align-left","10":"tablet-align-left","11":"mobile-align-left","13":"first","14":"instock","15":"shipping-taxable","16":"product-type-simple"},"_links":{"self":[{"href":"https:\/\/www.usborkeychain.com\/pt\/wp-json\/wp\/v2\/product\/4462","targetHints":{"allow":["GET"]}}],"collection":[{"href":"https:\/\/www.usborkeychain.com\/pt\/wp-json\/wp\/v2\/product"}],"about":[{"href":"https:\/\/www.usborkeychain.com\/pt\/wp-json\/wp\/v2\/types\/product"}],"replies":[{"embeddable":true,"href":"https:\/\/www.usborkeychain.com\/pt\/wp-json\/wp\/v2\/comments?post=4462"}],"wp:featuredmedia":[{"embeddable":true,"href":"https:\/\/www.usborkeychain.com\/pt\/wp-json\/wp\/v2\/media\/4467"}],"wp:attachment":[{"href":"https:\/\/www.usborkeychain.com\/pt\/wp-json\/wp\/v2\/media?parent=4462"}],"wp:term":[{"taxonomy":"product_brand","embeddable":true,"href":"https:\/\/www.usborkeychain.com\/pt\/wp-json\/wp\/v2\/product_brand?post=4462"},{"taxonomy":"product_cat","embeddable":true,"href":"https:\/\/www.usborkeychain.com\/pt\/wp-json\/wp\/v2\/product_cat?post=4462"},{"taxonomy":"product_tag","embeddable":true,"href":"https:\/\/www.usborkeychain.com\/pt\/wp-json\/wp\/v2\/product_tag?post=4462"}],"curies":[{"name":"wp","href":"https:\/\/api.w.org\/{rel}","templated":true}]}}