{"id":4522,"date":"2025-07-24T09:04:33","date_gmt":"2025-07-24T09:04:33","guid":{"rendered":"https:\/\/www.usborkeychain.com\/?post_type=product&#038;p=4522"},"modified":"2025-07-24T09:14:54","modified_gmt":"2025-07-24T09:14:54","slug":"recycled-paper-key-usb-flash-drive","status":"publish","type":"product","link":"https:\/\/www.usborkeychain.com\/pt\/produto\/recycled-paper-key-usb-flash-drive\/","title":{"rendered":"Chave de papel reciclado Unidade flash USB"},"content":{"rendered":"<div class=\"wp-block-columns are-vertically-aligned-center is-layout-flex wp-container-core-columns-is-layout-28f84493 wp-block-columns-is-layout-flex\">\n<div class=\"wp-block-column is-vertically-aligned-center is-layout-flow wp-block-column-is-layout-flow\">\n<figure class=\"wp-block-image size-full\"><img alt=\"\" fetchpriority=\"high\" decoding=\"async\" width=\"800\" height=\"800\" src=\"https:\/\/www.usborkeychain.com\/wp-content\/uploads\/EcoPaper-USB-flash-drive.jpg\" class=\"wp-image-4526\" srcset=\"https:\/\/www.usborkeychain.com\/wp-content\/uploads\/EcoPaper-USB-flash-drive.jpg 800w, https:\/\/www.usborkeychain.com\/wp-content\/uploads\/EcoPaper-USB-flash-drive-300x300.jpg 300w, https:\/\/www.usborkeychain.com\/wp-content\/uploads\/EcoPaper-USB-flash-drive-150x150.jpg 150w, https:\/\/www.usborkeychain.com\/wp-content\/uploads\/EcoPaper-USB-flash-drive-768x768.jpg 768w, https:\/\/www.usborkeychain.com\/wp-content\/uploads\/EcoPaper-USB-flash-drive-12x12.jpg 12w, https:\/\/www.usborkeychain.com\/wp-content\/uploads\/EcoPaper-USB-flash-drive-600x600.jpg 600w, https:\/\/www.usborkeychain.com\/wp-content\/uploads\/EcoPaper-USB-flash-drive-100x100.jpg 100w\" sizes=\"(max-width: 800px) 100vw, 800px\" \/><\/figure>\n<\/div>\n\n\n\n<div class=\"wp-block-column is-vertically-aligned-center is-layout-flow wp-block-column-is-layout-flow\">\n<p>O <strong>chave de papel reciclado unidade flash USB<\/strong> \u00e9 feito de material de base de papel reciclado 100%, combinado com prensagem de resina de prote\u00e7\u00e3o ambiental de alta resist\u00eancia. A superf\u00edcie \u00e9 tratada com um revestimento \u00e0 base de \u00e1gua de grau aliment\u00edcio, concretizando o conceito de prote\u00e7\u00e3o ambiental \"zero pl\u00e1stico e zero polui\u00e7\u00e3o\". As caracter\u00edsticas do material s\u00e3o as seguintes:<\/p>\n\n\n\n<ul class=\"wp-block-list\">\n<li><strong>Ultrafino e leve<\/strong>: Apenas 3,5 mm de espessura, peso \u2264 10 g (cerca de 2 moedas), f\u00e1cil de carregar;<\/li>\n\n\n\n<li><strong>Dur\u00e1vel<\/strong>: Resist\u00eancia \u00e0 compress\u00e3o de at\u00e9 50 MPa, resistente a arranh\u00f5es, anti-impress\u00e3o digital, sem deforma\u00e7\u00e3o no uso di\u00e1rio;<\/li>\n\n\n\n<li><strong>Certifica\u00e7\u00e3o verde<\/strong>: Aprovado na certifica\u00e7\u00e3o florestal FSC e nos padr\u00f5es de prote\u00e7\u00e3o ambiental ROHS, com um ciclo de degrada\u00e7\u00e3o natural de apenas 1 a 2 anos;<\/li>\n\n\n\n<li><strong>Design humanizado<\/strong>: O di\u00e2metro do buraco da fechadura \u00e9 de 4 mm, adequado para todos os chaveiros padr\u00e3o, e pode ser facilmente pendurado em mochilas, carteiras ou cintos.<\/li>\n<\/ul>\n<\/div>\n<\/div>\n\n\n\n<h2 class=\"wp-block-heading\">Par\u00e2metros da unidade USB<\/h2>\n\n\n\n<figure class=\"wp-block-table\"><table class=\"has-fixed-layout\"><thead><tr><th>Categoria de par\u00e2metro<\/th><th>Conte\u00fado espec\u00edfico<\/th><\/tr><\/thead><tbody><tr><td>Tipo de interface<\/td><td>USB 2.0\/USB 3.0<\/td><\/tr><tr><td>Capacidade de armazenamento<\/td><td>8 GB, 16 GB, 32 GB, 64 GB, 128 GB<\/td><\/tr><tr><td>Tamanho (comprimento \u00d7 largura \u00d7 espessura)<\/td><td>50 mm \u00d7 30 mm \u00d7 3,5 mm<\/td><\/tr><tr><td>Peso (aprox.)<\/td><td>10 - 15g<\/td><\/tr><\/tbody><\/table><\/figure>\n\n\n\n<h2 class=\"wp-block-heading\">Ele oferece suporte \u00e0 personaliza\u00e7\u00e3o do LOGOTIPO?<\/h2>\n\n\n\n<div class=\"wp-block-columns are-vertically-aligned-center is-layout-flex wp-container-core-columns-is-layout-28f84493 wp-block-columns-is-layout-flex\">\n<div class=\"wp-block-column is-vertically-aligned-center is-layout-flow wp-block-column-is-layout-flow\">\n<p>Isso <strong>A unidade USB suporta a personaliza\u00e7\u00e3o do LOGOTIPO<\/strong>com processos comuns, como segue:<\/p>\n\n\n\n<ul class=\"wp-block-list\">\n<li>Impress\u00e3o em tela de seda: A tinta \u00e9 impressa na superf\u00edcie do papel reciclado por meio de uma tela para apresentar texto e padr\u00f5es claros. \u00c9 adequada para LOGOTIPOs coloridos e de estilo simples, com custo relativamente baixo e alta efici\u00eancia na personaliza\u00e7\u00e3o em massa.<\/li>\n\n\n\n<li>Hot stamping: Uso de alta temperatura para estampar folhas de metal ou folhas coloridas em papel reciclado para formar um LOGOTIPO brilhante. <\/li>\n<\/ul>\n\n\n\n<p>Processo de personaliza\u00e7\u00e3o:<br>\u2460 Os clientes fornecem a arte vetorial \u2192 \u2461 Confirma\u00e7\u00e3o da prova em 72 horas \u2192 \u2462 Produ\u00e7\u00e3o em massa (entrega em 7 a 10 dias) \u2192 \u2463 Caixa de embalagem personalizada para presente (papel reciclado + impress\u00e3o com tinta de soja).<\/p>\n<\/div>\n\n\n\n<div class=\"wp-block-column is-vertically-aligned-center is-layout-flow wp-block-column-is-layout-flow\">\n<figure class=\"wp-block-image size-full\"><img alt=\"\" decoding=\"async\" width=\"800\" height=\"800\" src=\"https:\/\/www.usborkeychain.com\/wp-content\/uploads\/RecycleDrive-USB.jpg\" class=\"wp-image-4528\" srcset=\"https:\/\/www.usborkeychain.com\/wp-content\/uploads\/RecycleDrive-USB.jpg 800w, https:\/\/www.usborkeychain.com\/wp-content\/uploads\/RecycleDrive-USB-300x300.jpg 300w, https:\/\/www.usborkeychain.com\/wp-content\/uploads\/RecycleDrive-USB-150x150.jpg 150w, https:\/\/www.usborkeychain.com\/wp-content\/uploads\/RecycleDrive-USB-768x768.jpg 768w, https:\/\/www.usborkeychain.com\/wp-content\/uploads\/RecycleDrive-USB-12x12.jpg 12w, https:\/\/www.usborkeychain.com\/wp-content\/uploads\/RecycleDrive-USB-600x600.jpg 600w, https:\/\/www.usborkeychain.com\/wp-content\/uploads\/RecycleDrive-USB-100x100.jpg 100w\" sizes=\"(max-width: 800px) 100vw, 800px\" \/><\/figure>\n<\/div>\n<\/div>\n\n\n\n<h2 class=\"wp-block-heading\">O custo de abertura do molde \u00e9 alto?<\/h2>\n\n\n\n<div class=\"wp-block-columns are-vertically-aligned-center is-layout-flex wp-container-core-columns-is-layout-28f84493 wp-block-columns-is-layout-flex\">\n<div class=\"wp-block-column is-vertically-aligned-center is-layout-flow wp-block-column-is-layout-flow\">\n<figure class=\"wp-block-image size-full\"><img alt=\"\" decoding=\"async\" width=\"800\" height=\"800\" src=\"https:\/\/www.usborkeychain.com\/wp-content\/uploads\/EcoKey-USB-flash-drive.jpg\" class=\"wp-image-4525\" srcset=\"https:\/\/www.usborkeychain.com\/wp-content\/uploads\/EcoKey-USB-flash-drive.jpg 800w, https:\/\/www.usborkeychain.com\/wp-content\/uploads\/EcoKey-USB-flash-drive-300x300.jpg 300w, https:\/\/www.usborkeychain.com\/wp-content\/uploads\/EcoKey-USB-flash-drive-150x150.jpg 150w, https:\/\/www.usborkeychain.com\/wp-content\/uploads\/EcoKey-USB-flash-drive-768x768.jpg 768w, https:\/\/www.usborkeychain.com\/wp-content\/uploads\/EcoKey-USB-flash-drive-12x12.jpg 12w, https:\/\/www.usborkeychain.com\/wp-content\/uploads\/EcoKey-USB-flash-drive-600x600.jpg 600w, https:\/\/www.usborkeychain.com\/wp-content\/uploads\/EcoKey-USB-flash-drive-100x100.jpg 100w\" sizes=\"(max-width: 800px) 100vw, 800px\" \/><\/figure>\n<\/div>\n\n\n\n<div class=\"wp-block-column is-vertically-aligned-center is-layout-flow wp-block-column-is-layout-flow\">\n<p>O custo de abertura do molde para personaliza\u00e7\u00e3o <strong>Unidades USB em forma de chave de papel reciclado<\/strong> \u00e9 relativamente control\u00e1vel. Devido \u00e0 tecnologia de processamento relativamente flex\u00edvel dos materiais de papel reciclado, o molde \u00e9 projetado principalmente em torno da adapta\u00e7\u00e3o do formato da chave e da interface USB, e a estrutura n\u00e3o \u00e9 complicada. Al\u00e9m disso, se voc\u00ea escolher um formato de chave convencional (semelhante ao da imagem), o molde ter\u00e1 grande versatilidade. Os fabricantes geralmente t\u00eam moldes b\u00e1sicos prontos e s\u00f3 precisam fazer ajustes personalizados para LOGOTIPO, cor etc., o que pode reduzir efetivamente o custo de abertura do molde.<\/p>\n<\/div>\n<\/div>\n\n\n\n<h2 class=\"wp-block-heading\">Para quais cen\u00e1rios essa unidade USB \u00e9 adequada?<\/h2>\n\n\n\n<div class=\"wp-block-columns are-vertically-aligned-center is-layout-flex wp-container-core-columns-is-layout-28f84493 wp-block-columns-is-layout-flex\">\n<div class=\"wp-block-column is-vertically-aligned-center is-layout-flow wp-block-column-is-layout-flow\">\n<p>Com seus atributos de prote\u00e7\u00e3o ambiental e formato criativo, o <strong>chave de papel reciclado unidade USB<\/strong> \u00e9 adequado para v\u00e1rios cen\u00e1rios:<\/p>\n\n\n\n<ul class=\"wp-block-list\">\n<li><strong>Organiza\u00e7\u00f5es ambientais<\/strong>: A vers\u00e3o personalizada do World Wildlife Fund (WWF) \u00e9 usada como um presente para os doadores;<\/li>\n\n\n\n<li><strong>Institui\u00e7\u00f5es educacionais<\/strong>: Unidades USB comemorativas do anivers\u00e1rio da escola, impressas com emblemas e lemas da escola;<\/li>\n\n\n\n<li><strong>Empresas de tecnologia<\/strong>: Brindes de confer\u00eancia de imprensa da Apple\/Xiaomi, pr\u00e9-instalados com documentos de apresenta\u00e7\u00e3o do produto;<\/li>\n\n\n\n<li><strong>Varejo de alto padr\u00e3o<\/strong>: Presentes para membros da MUJI, combinados com caixas de papel reciclado;<\/li>\n\n\n\n<li><strong>Atividades de exposi\u00e7\u00e3o<\/strong>: Transportadora de armazenamento de materiais dos participantes da C\u00fapula Global do Clima.<\/li>\n<\/ul>\n<\/div>\n\n\n\n<div class=\"wp-block-column is-vertically-aligned-center is-layout-flow wp-block-column-is-layout-flow\">\n<figure class=\"wp-block-image size-full\"><img alt=\"\" loading=\"lazy\" decoding=\"async\" width=\"800\" height=\"800\" src=\"https:\/\/www.usborkeychain.com\/wp-content\/uploads\/PaperKey-USB-flash-drive.jpg\" class=\"wp-image-4527\" srcset=\"https:\/\/www.usborkeychain.com\/wp-content\/uploads\/PaperKey-USB-flash-drive.jpg 800w, https:\/\/www.usborkeychain.com\/wp-content\/uploads\/PaperKey-USB-flash-drive-300x300.jpg 300w, https:\/\/www.usborkeychain.com\/wp-content\/uploads\/PaperKey-USB-flash-drive-150x150.jpg 150w, https:\/\/www.usborkeychain.com\/wp-content\/uploads\/PaperKey-USB-flash-drive-768x768.jpg 768w, https:\/\/www.usborkeychain.com\/wp-content\/uploads\/PaperKey-USB-flash-drive-12x12.jpg 12w, https:\/\/www.usborkeychain.com\/wp-content\/uploads\/PaperKey-USB-flash-drive-600x600.jpg 600w, https:\/\/www.usborkeychain.com\/wp-content\/uploads\/PaperKey-USB-flash-drive-100x100.jpg 100w\" sizes=\"(max-width: 800px) 100vw, 800px\" \/><\/figure>\n<\/div>\n<\/div>\n\n\n\n<div class=\"wp-block-columns is-layout-flex wp-container-core-columns-is-layout-28f84493 wp-block-columns-is-layout-flex\">\n<div class=\"wp-block-column is-vertically-aligned-center is-layout-flow wp-block-column-is-layout-flow\">\n<figure class=\"wp-block-image size-full\"><img alt=\"\" loading=\"lazy\" decoding=\"async\" width=\"800\" height=\"800\" src=\"https:\/\/www.usborkeychain.com\/wp-content\/uploads\/RecycleKey-USB-flash-drive.jpg\" class=\"wp-image-4529\" srcset=\"https:\/\/www.usborkeychain.com\/wp-content\/uploads\/RecycleKey-USB-flash-drive.jpg 800w, https:\/\/www.usborkeychain.com\/wp-content\/uploads\/RecycleKey-USB-flash-drive-300x300.jpg 300w, https:\/\/www.usborkeychain.com\/wp-content\/uploads\/RecycleKey-USB-flash-drive-150x150.jpg 150w, https:\/\/www.usborkeychain.com\/wp-content\/uploads\/RecycleKey-USB-flash-drive-768x768.jpg 768w, https:\/\/www.usborkeychain.com\/wp-content\/uploads\/RecycleKey-USB-flash-drive-12x12.jpg 12w, https:\/\/www.usborkeychain.com\/wp-content\/uploads\/RecycleKey-USB-flash-drive-600x600.jpg 600w, https:\/\/www.usborkeychain.com\/wp-content\/uploads\/RecycleKey-USB-flash-drive-100x100.jpg 100w\" sizes=\"(max-width: 800px) 100vw, 800px\" \/><\/figure>\n<\/div>\n\n\n\n<div class=\"wp-block-column is-vertically-aligned-center is-layout-flow wp-block-column-is-layout-flow\">\n<p>O <strong>chave de papel reciclado unidade USB<\/strong> \u00e9 baseado em papel reciclado ecologicamente correto, criando uma ferramenta de armazenamento ultrafina, port\u00e1til e exclusiva. Os par\u00e2metros avan\u00e7ados atendem a v\u00e1rias necessidades, e a personaliza\u00e7\u00e3o flex\u00edvel do LOGOTIPO confere \u00e0s marcas e aos indiv\u00edduos s\u00edmbolos exclusivos. O modo de \"personaliza\u00e7\u00e3o de abertura de molde zero\" (6 modelos comuns) e o servi\u00e7o de resposta r\u00e1pida de 72 horas fornecem \u00e0s empresas solu\u00e7\u00f5es de comunica\u00e7\u00e3o de marca de baixo limiar, especialmente de acordo com as necessidades de marketing sob a pol\u00edtica de neutralidade de carbono.<\/p>\n<\/div>\n<\/div>","protected":false},"excerpt":{"rendered":"<ul>\n<li>Papel reciclado<\/li>\n<li>unidade flash USB chave<\/li>\n<li>\u00a0Personaliza\u00e7\u00e3o do logotipo<\/li>\n<li>Pl\u00e1stico zero e polui\u00e7\u00e3o zero<\/li>\n<li>MOQ:100PCS<\/li>\n<\/ul>","protected":false},"featured_media":4526,"comment_status":"open","ping_status":"closed","template":"","meta":{"_seopress_robots_primary_cat":"","_seopress_titles_title":"","_seopress_titles_desc":"","_seopress_robots_index":"","site-sidebar-layout":"default","site-content-layout":"","ast-site-content-layout":"","site-content-style":"default","site-sidebar-style":"default","ast-global-header-display":"","ast-banner-title-visibility":"","ast-main-header-display":"","ast-hfb-above-header-display":"","ast-hfb-below-header-display":"","ast-hfb-mobile-header-display":"","site-post-title":"","ast-breadcrumbs-content":"","ast-featured-img":"","footer-sml-layout":"","theme-transparent-header-meta":"","adv-header-id-meta":"","stick-header-meta":"","header-above-stick-meta":"","header-main-stick-meta":"","header-below-stick-meta":"","astra-migrate-meta-layouts":"default","ast-page-background-enabled":"default","ast-page-background-meta":{"desktop":{"background-color":"var(--ast-global-color-5)","background-image":"","background-repeat":"repeat","background-position":"center center","background-size":"auto","background-attachment":"scroll","background-type":"","background-media":"","overlay-type":"","overlay-color":"","overlay-opacity":"","overlay-gradient":""},"tablet":{"background-color":"","background-image":"","background-repeat":"repeat","background-position":"center center","background-size":"auto","background-attachment":"scroll","background-type":"","background-media":"","overlay-type":"","overlay-color":"","overlay-opacity":"","overlay-gradient":""},"mobile":{"background-color":"","background-image":"","background-repeat":"repeat","background-position":"center center","background-size":"auto","background-attachment":"scroll","background-type":"","background-media":"","overlay-type":"","overlay-color":"","overlay-opacity":"","overlay-gradient":""}},"ast-content-background-meta":{"desktop":{"background-color":"var(--ast-global-color-4)","background-image":"","background-repeat":"repeat","background-position":"center center","background-size":"auto","background-attachment":"scroll","background-type":"","background-media":"","overlay-type":"","overlay-color":"","overlay-opacity":"","overlay-gradient":""},"tablet":{"background-color":"var(--ast-global-color-4)","background-image":"","background-repeat":"repeat","background-position":"center center","background-size":"auto","background-attachment":"scroll","background-type":"","background-media":"","overlay-type":"","overlay-color":"","overlay-opacity":"","overlay-gradient":""},"mobile":{"background-color":"var(--ast-global-color-4)","background-image":"","background-repeat":"repeat","background-position":"center center","background-size":"auto","background-attachment":"scroll","background-type":"","background-media":"","overlay-type":"","overlay-color":"","overlay-opacity":"","overlay-gradient":""}}},"product_brand":[],"product_cat":[170],"product_tag":[269,270],"class_list":{"0":"post-4522","1":"product","2":"type-product","3":"status-publish","4":"has-post-thumbnail","6":"product_cat-biodegradable-usb-pendrive-2","7":"product_tag-recycled-paper-key-usb-flash-drive","8":"product_tag-recycled-usb-flash-drive","9":"desktop-align-left","10":"tablet-align-left","11":"mobile-align-left","13":"first","14":"instock","15":"shipping-taxable","16":"product-type-simple"},"_links":{"self":[{"href":"https:\/\/www.usborkeychain.com\/pt\/wp-json\/wp\/v2\/product\/4522","targetHints":{"allow":["GET"]}}],"collection":[{"href":"https:\/\/www.usborkeychain.com\/pt\/wp-json\/wp\/v2\/product"}],"about":[{"href":"https:\/\/www.usborkeychain.com\/pt\/wp-json\/wp\/v2\/types\/product"}],"replies":[{"embeddable":true,"href":"https:\/\/www.usborkeychain.com\/pt\/wp-json\/wp\/v2\/comments?post=4522"}],"wp:featuredmedia":[{"embeddable":true,"href":"https:\/\/www.usborkeychain.com\/pt\/wp-json\/wp\/v2\/media\/4526"}],"wp:attachment":[{"href":"https:\/\/www.usborkeychain.com\/pt\/wp-json\/wp\/v2\/media?parent=4522"}],"wp:term":[{"taxonomy":"product_brand","embeddable":true,"href":"https:\/\/www.usborkeychain.com\/pt\/wp-json\/wp\/v2\/product_brand?post=4522"},{"taxonomy":"product_cat","embeddable":true,"href":"https:\/\/www.usborkeychain.com\/pt\/wp-json\/wp\/v2\/product_cat?post=4522"},{"taxonomy":"product_tag","embeddable":true,"href":"https:\/\/www.usborkeychain.com\/pt\/wp-json\/wp\/v2\/product_tag?post=4522"}],"curies":[{"name":"wp","href":"https:\/\/api.w.org\/{rel}","templated":true}]}}