{"id":4532,"date":"2025-07-25T01:32:01","date_gmt":"2025-07-25T01:32:01","guid":{"rendered":"https:\/\/www.usborkeychain.com\/?post_type=product&#038;p=4532"},"modified":"2025-07-25T01:41:19","modified_gmt":"2025-07-25T01:41:19","slug":"pvc-cartoon-pig-usb-flash-drive","status":"publish","type":"product","link":"https:\/\/www.usborkeychain.com\/pt\/produto\/pvc-cartoon-pig-usb-flash-drive\/","title":{"rendered":"Unidade flash USB de PVC Cartoon Pig"},"content":{"rendered":"<div class=\"wp-block-columns is-layout-flex wp-container-core-columns-is-layout-28f84493 wp-block-columns-is-layout-flex\">\n<div class=\"wp-block-column is-vertically-aligned-center is-layout-flow wp-block-column-is-layout-flow\">\n<figure class=\"wp-block-image size-full\"><img alt=\"\" fetchpriority=\"high\" decoding=\"async\" width=\"800\" height=\"800\" src=\"https:\/\/www.usborkeychain.com\/wp-content\/uploads\/ColorPig-USB-flash-drive.png\" class=\"wp-image-4536\" srcset=\"https:\/\/www.usborkeychain.com\/wp-content\/uploads\/ColorPig-USB-flash-drive.png 800w, https:\/\/www.usborkeychain.com\/wp-content\/uploads\/ColorPig-USB-flash-drive-300x300.png 300w, https:\/\/www.usborkeychain.com\/wp-content\/uploads\/ColorPig-USB-flash-drive-150x150.png 150w, https:\/\/www.usborkeychain.com\/wp-content\/uploads\/ColorPig-USB-flash-drive-768x768.png 768w, https:\/\/www.usborkeychain.com\/wp-content\/uploads\/ColorPig-USB-flash-drive-12x12.png 12w, https:\/\/www.usborkeychain.com\/wp-content\/uploads\/ColorPig-USB-flash-drive-600x600.png 600w, https:\/\/www.usborkeychain.com\/wp-content\/uploads\/ColorPig-USB-flash-drive-100x100.png 100w\" sizes=\"(max-width: 800px) 100vw, 800px\" \/><\/figure>\n<\/div>\n\n\n\n<div class=\"wp-block-column is-vertically-aligned-center is-layout-flow wp-block-column-is-layout-flow\">\n<p>O <strong>Unidade flash USB de PVC Cartoon Pig<\/strong> tem o modelo de um porquinho fofo. Com seu corpo rechonchudo, focinho e orelhas cor-de-rosa, ele tem um design ador\u00e1vel e kawaii. Ele foge da apar\u00eancia mon\u00f3tona das unidades USB tradicionais. Seja colocado em uma \u00e1rea de trabalho como um pequeno enfeite ou usado na vida cotidiana, ele pode chamar imediatamente a aten\u00e7\u00e3o das pessoas e acrescentar divers\u00e3o ao processo de armazenamento de dados.<\/p>\n\n\n\n<p>Ele \u00e9 feito de <strong>Material de PVC (cloreto de polivinila)<\/strong>que tem excelente flexibilidade e durabilidade. A textura macia o torna resistente a quebras. Mesmo que seja levemente dobrada ou batida durante o uso di\u00e1rio, ela pode proteger com efic\u00e1cia o chip de armazenamento interno.<\/p>\n\n\n\n<p>O <strong>Material de PVC<\/strong> \u00e9 f\u00e1cil de colorir e tem cores est\u00e1veis. As cores bonitas do porco permanecem brilhantes e vivas por muito tempo e n\u00e3o s\u00e3o propensas a desbotar, de modo que ele ainda pode manter sua apar\u00eancia bonita ap\u00f3s o uso prolongado. Al\u00e9m disso, o material de PVC \u00e9 ecologicamente correto e n\u00e3o t\u00f3xico, atendendo aos padr\u00f5es de seguran\u00e7a relevantes, o que torna seu uso mais seguro.<\/p>\n<\/div>\n<\/div>\n\n\n\n<h2 class=\"wp-block-heading\">Interface e par\u00e2metros USB<\/h2>\n\n\n\n<figure class=\"wp-block-table\"><table class=\"has-fixed-layout\"><thead><tr><th>Tipo de par\u00e2metro<\/th><th>Detalhes<\/th><\/tr><\/thead><tbody><tr><td>Tipo de interface<\/td><td>USB2.0, USB3.0<\/td><\/tr><tr><td>Capacidade de armazenamento<\/td><td>8 GB, 16 GB, 32 GB, 64 GB, 128 GB<\/td><\/tr><tr><td>Peso<\/td><td>15 - 20g<\/td><\/tr><tr><td>Dimens\u00f5es (Comprimento * Largura * Espessura)<\/td><td>50 mm * 30 mm * 20 mm<\/td><\/tr><\/tbody><\/table><\/figure>\n\n\n\n<h2 class=\"wp-block-heading\">Como fazer um molde e personalizar o logotipo?<\/h2>\n\n\n\n<div class=\"wp-block-columns is-layout-flex wp-container-core-columns-is-layout-28f84493 wp-block-columns-is-layout-flex\">\n<div class=\"wp-block-column is-vertically-aligned-center is-layout-flow wp-block-column-is-layout-flow\">\n<h3 class=\"wp-block-heading\">Mofo - situa\u00e7\u00e3o de fabrica\u00e7\u00e3o<\/h3>\n\n\n\n<p>Se voc\u00ea quiser <strong>personalizar um formato exclusivo<\/strong> (como alterar a forma detalhada do porco) ou adicionar um logotipo personalizado, geralmente \u00e9 necess\u00e1rio fazer um novo molde. Como os moldes para diferentes formas e logotipos s\u00e3o exclusivos, \u00e9 necess\u00e1rio fazer um molde para obter a forma espec\u00edfica do desenho animado e a apresenta\u00e7\u00e3o do logotipo.<\/p>\n<\/div>\n\n\n\n<div class=\"wp-block-column is-layout-flow wp-block-column-is-layout-flow\">\n<figure class=\"wp-block-image size-full\"><img alt=\"\" decoding=\"async\" width=\"800\" height=\"800\" src=\"https:\/\/www.usborkeychain.com\/wp-content\/uploads\/RainbowPig-USB-flash-drive.png\" class=\"wp-image-4542\" srcset=\"https:\/\/www.usborkeychain.com\/wp-content\/uploads\/RainbowPig-USB-flash-drive.png 800w, https:\/\/www.usborkeychain.com\/wp-content\/uploads\/RainbowPig-USB-flash-drive-300x300.png 300w, https:\/\/www.usborkeychain.com\/wp-content\/uploads\/RainbowPig-USB-flash-drive-150x150.png 150w, https:\/\/www.usborkeychain.com\/wp-content\/uploads\/RainbowPig-USB-flash-drive-768x768.png 768w, https:\/\/www.usborkeychain.com\/wp-content\/uploads\/RainbowPig-USB-flash-drive-12x12.png 12w, https:\/\/www.usborkeychain.com\/wp-content\/uploads\/RainbowPig-USB-flash-drive-600x600.png 600w, https:\/\/www.usborkeychain.com\/wp-content\/uploads\/RainbowPig-USB-flash-drive-100x100.png 100w\" sizes=\"(max-width: 800px) 100vw, 800px\" \/><\/figure>\n<\/div>\n<\/div>\n\n\n\n<div class=\"wp-block-columns are-vertically-aligned-center is-layout-flex wp-container-core-columns-is-layout-28f84493 wp-block-columns-is-layout-flex\">\n<div class=\"wp-block-column is-vertically-aligned-center is-layout-flow wp-block-column-is-layout-flow\">\n<h3 class=\"wp-block-heading\">Processo de fabrica\u00e7\u00e3o de moldes<\/h3>\n\n\n\n<ol class=\"wp-block-list\">\n<li><strong>Confirma\u00e7\u00e3o de design<\/strong>: O cliente fornece um plano detalhado de modifica\u00e7\u00e3o da forma e um rascunho do design do logotipo (que precisa ser claro e padronizado, incluindo informa\u00e7\u00f5es como dimens\u00f5es e cores) e confirma em conjunto com o fabricante o desenho final do design personalizado.<\/li>\n\n\n\n<li><strong>Fabrica\u00e7\u00e3o de moldes<\/strong>: O fabricante usa equipamentos profissionais de fabrica\u00e7\u00e3o de moldes (como m\u00e1quinas de moldagem por inje\u00e7\u00e3o, etc.) de acordo com o desenho do projeto para processar o molde correspondente. Durante esse processo, \u00e9 necess\u00e1rio controlar com precis\u00e3o as dimens\u00f5es e os detalhes para garantir a restaura\u00e7\u00e3o da forma e do logotipo.<\/li>\n\n\n\n<li><strong>Teste - moldagem e ajuste<\/strong>: Ap\u00f3s a conclus\u00e3o do molde, a produ\u00e7\u00e3o experimental \u00e9 realizada para produzir amostras. Verifique o efeito de apresenta\u00e7\u00e3o do formato e do logotipo. Se houver algum desvio, fa\u00e7a o polimento e modifique o molde at\u00e9 que ele atenda aos requisitos.<\/li>\n<\/ol>\n<\/div>\n\n\n\n<div class=\"wp-block-column is-vertically-aligned-center is-layout-flow wp-block-column-is-layout-flow\">\n<figure class=\"wp-block-image size-full\"><img alt=\"\" decoding=\"async\" width=\"800\" height=\"800\" src=\"https:\/\/www.usborkeychain.com\/wp-content\/uploads\/CutePiggy-USB-flash-drive.png\" class=\"wp-image-4537\" srcset=\"https:\/\/www.usborkeychain.com\/wp-content\/uploads\/CutePiggy-USB-flash-drive.png 800w, https:\/\/www.usborkeychain.com\/wp-content\/uploads\/CutePiggy-USB-flash-drive-300x300.png 300w, https:\/\/www.usborkeychain.com\/wp-content\/uploads\/CutePiggy-USB-flash-drive-150x150.png 150w, https:\/\/www.usborkeychain.com\/wp-content\/uploads\/CutePiggy-USB-flash-drive-768x768.png 768w, https:\/\/www.usborkeychain.com\/wp-content\/uploads\/CutePiggy-USB-flash-drive-12x12.png 12w, https:\/\/www.usborkeychain.com\/wp-content\/uploads\/CutePiggy-USB-flash-drive-600x600.png 600w, https:\/\/www.usborkeychain.com\/wp-content\/uploads\/CutePiggy-USB-flash-drive-100x100.png 100w\" sizes=\"(max-width: 800px) 100vw, 800px\" \/><\/figure>\n<\/div>\n<\/div>\n\n\n\n<div class=\"wp-block-columns are-vertically-aligned-center is-layout-flex wp-container-core-columns-is-layout-28f84493 wp-block-columns-is-layout-flex\">\n<div class=\"wp-block-column is-vertically-aligned-center is-layout-flow wp-block-column-is-layout-flow\">\n<h3 class=\"wp-block-heading\">Precau\u00e7\u00f5es<\/h3>\n\n\n\n<ul class=\"wp-block-list\">\n<li><strong>Precis\u00e3o do projeto<\/strong>: O esbo\u00e7o do projeto deve ser preciso e claro para evitar a deforma\u00e7\u00e3o da forma e do logotipo ap\u00f3s a fabrica\u00e7\u00e3o do molde devido \u00e0 falta de clareza do projeto, o que pode aumentar os custos de comunica\u00e7\u00e3o e de tempo.<\/li>\n\n\n\n<li><strong>Considera\u00e7\u00f5es sobre custos<\/strong>: H\u00e1 certos custos associados \u00e0 fabrica\u00e7\u00e3o de moldes, e o custo do molde geralmente est\u00e1 positivamente correlacionado com a complexidade do molde. \u00c9 necess\u00e1rio esclarecer o custo antes da personaliza\u00e7\u00e3o e equilibrar a complexidade da forma e do logotipo de acordo com o or\u00e7amento.<\/li>\n\n\n\n<li><strong>Sele\u00e7\u00e3o do fabricante<\/strong>: Escolha um fabricante com experi\u00eancia profissional na fabrica\u00e7\u00e3o de moldes e na produ\u00e7\u00e3o de produtos de PVC para garantir a qualidade do molde e a estabilidade da produ\u00e7\u00e3o subsequente do produto.<\/li>\n<\/ul>\n<\/div>\n\n\n\n<div class=\"wp-block-column is-vertically-aligned-center is-layout-flow wp-block-column-is-layout-flow\">\n<figure class=\"wp-block-image size-full\"><img alt=\"\" loading=\"lazy\" decoding=\"async\" width=\"800\" height=\"800\" src=\"https:\/\/www.usborkeychain.com\/wp-content\/uploads\/Piglet-Storage.png\" class=\"wp-image-4540\" srcset=\"https:\/\/www.usborkeychain.com\/wp-content\/uploads\/Piglet-Storage.png 800w, https:\/\/www.usborkeychain.com\/wp-content\/uploads\/Piglet-Storage-300x300.png 300w, https:\/\/www.usborkeychain.com\/wp-content\/uploads\/Piglet-Storage-150x150.png 150w, https:\/\/www.usborkeychain.com\/wp-content\/uploads\/Piglet-Storage-768x768.png 768w, https:\/\/www.usborkeychain.com\/wp-content\/uploads\/Piglet-Storage-12x12.png 12w, https:\/\/www.usborkeychain.com\/wp-content\/uploads\/Piglet-Storage-600x600.png 600w, https:\/\/www.usborkeychain.com\/wp-content\/uploads\/Piglet-Storage-100x100.png 100w\" sizes=\"(max-width: 800px) 100vw, 800px\" \/><\/figure>\n<\/div>\n<\/div>\n\n\n\n<h2 class=\"wp-block-heading\">Qual \u00e9 o ciclo de produ\u00e7\u00e3o da personaliza\u00e7\u00e3o em massa?<\/h2>\n\n\n\n<ol class=\"wp-block-list\">\n<li>Fabrica\u00e7\u00e3o do molde: Leva cerca de 7 a 15 dias (formas e logotipos complicados prolongar\u00e3o o tempo), incluindo a confirma\u00e7\u00e3o do projeto, o processamento do molde e o ajuste da moldagem experimental.<\/li>\n\n\n\n<li>Produ\u00e7\u00e3o do produto: Depois que o molde \u00e9 confirmado, s\u00e3o realizados processos como moldagem por inje\u00e7\u00e3o, colora\u00e7\u00e3o, montagem e inspe\u00e7\u00e3o. Dependendo da quantidade do pedido, geralmente leva de 10 a 25 dias. Um lote pequeno (como algumas centenas) pode ser conclu\u00eddo em cerca de 10 dias, e um lote grande (v\u00e1rios milhares) pode levar de 20 a 25 dias.<\/li>\n\n\n\n<li>Ciclo geral: Da confirma\u00e7\u00e3o do pedido \u00e0 entrega do produto, geralmente leva de 3 a 6 semanas. Se envolver projetos complexos ou pedidos urgentes, \u00e9 necess\u00e1rio comunicar-se e coordenar com o fabricante com anteced\u00eancia para organizar o tempo de forma razo\u00e1vel.<\/li>\n<\/ol>\n\n\n\n<div class=\"wp-block-columns is-layout-flex wp-container-core-columns-is-layout-28f84493 wp-block-columns-is-layout-flex\">\n<div class=\"wp-block-column is-layout-flow wp-block-column-is-layout-flow\">\n<figure class=\"wp-block-image size-full\"><img alt=\"\" loading=\"lazy\" decoding=\"async\" width=\"800\" height=\"800\" src=\"https:\/\/www.usborkeychain.com\/wp-content\/uploads\/ChubbyPig-USB-flash-drive.png\" class=\"wp-image-4535\" srcset=\"https:\/\/www.usborkeychain.com\/wp-content\/uploads\/ChubbyPig-USB-flash-drive.png 800w, https:\/\/www.usborkeychain.com\/wp-content\/uploads\/ChubbyPig-USB-flash-drive-300x300.png 300w, https:\/\/www.usborkeychain.com\/wp-content\/uploads\/ChubbyPig-USB-flash-drive-150x150.png 150w, https:\/\/www.usborkeychain.com\/wp-content\/uploads\/ChubbyPig-USB-flash-drive-768x768.png 768w, https:\/\/www.usborkeychain.com\/wp-content\/uploads\/ChubbyPig-USB-flash-drive-12x12.png 12w, https:\/\/www.usborkeychain.com\/wp-content\/uploads\/ChubbyPig-USB-flash-drive-600x600.png 600w, https:\/\/www.usborkeychain.com\/wp-content\/uploads\/ChubbyPig-USB-flash-drive-100x100.png 100w\" sizes=\"(max-width: 800px) 100vw, 800px\" \/><\/figure>\n<\/div>\n\n\n\n<div class=\"wp-block-column is-layout-flow wp-block-column-is-layout-flow\">\n<figure class=\"wp-block-image size-full\"><img alt=\"\" loading=\"lazy\" decoding=\"async\" width=\"800\" height=\"800\" src=\"https:\/\/www.usborkeychain.com\/wp-content\/uploads\/FunPig-USB-flash-Drive.png\" class=\"wp-image-4538\" srcset=\"https:\/\/www.usborkeychain.com\/wp-content\/uploads\/FunPig-USB-flash-Drive.png 800w, https:\/\/www.usborkeychain.com\/wp-content\/uploads\/FunPig-USB-flash-Drive-300x300.png 300w, https:\/\/www.usborkeychain.com\/wp-content\/uploads\/FunPig-USB-flash-Drive-150x150.png 150w, https:\/\/www.usborkeychain.com\/wp-content\/uploads\/FunPig-USB-flash-Drive-768x768.png 768w, https:\/\/www.usborkeychain.com\/wp-content\/uploads\/FunPig-USB-flash-Drive-12x12.png 12w, https:\/\/www.usborkeychain.com\/wp-content\/uploads\/FunPig-USB-flash-Drive-600x600.png 600w, https:\/\/www.usborkeychain.com\/wp-content\/uploads\/FunPig-USB-flash-Drive-100x100.png 100w\" sizes=\"(max-width: 800px) 100vw, 800px\" \/><\/figure>\n<\/div>\n\n\n\n<div class=\"wp-block-column is-layout-flow wp-block-column-is-layout-flow\">\n<figure class=\"wp-block-image size-full\"><img alt=\"\" loading=\"lazy\" decoding=\"async\" width=\"800\" height=\"800\" src=\"https:\/\/www.usborkeychain.com\/wp-content\/uploads\/Piggy-USB-flash-Drive.png\" class=\"wp-image-4539\" srcset=\"https:\/\/www.usborkeychain.com\/wp-content\/uploads\/Piggy-USB-flash-Drive.png 800w, https:\/\/www.usborkeychain.com\/wp-content\/uploads\/Piggy-USB-flash-Drive-300x300.png 300w, https:\/\/www.usborkeychain.com\/wp-content\/uploads\/Piggy-USB-flash-Drive-150x150.png 150w, https:\/\/www.usborkeychain.com\/wp-content\/uploads\/Piggy-USB-flash-Drive-768x768.png 768w, https:\/\/www.usborkeychain.com\/wp-content\/uploads\/Piggy-USB-flash-Drive-12x12.png 12w, https:\/\/www.usborkeychain.com\/wp-content\/uploads\/Piggy-USB-flash-Drive-600x600.png 600w, https:\/\/www.usborkeychain.com\/wp-content\/uploads\/Piggy-USB-flash-Drive-100x100.png 100w\" sizes=\"(max-width: 800px) 100vw, 800px\" \/><\/figure>\n<\/div>\n<\/div>\n\n\n\n<h2 class=\"wp-block-heading\">Para quais empresas ele \u00e9 adequado?<\/h2>\n\n\n\n<div class=\"wp-block-columns is-layout-flex wp-container-core-columns-is-layout-28f84493 wp-block-columns-is-layout-flex\">\n<div class=\"wp-block-column is-vertically-aligned-center is-layout-flow wp-block-column-is-layout-flow\">\n<figure class=\"wp-block-image size-full\"><img alt=\"\" loading=\"lazy\" decoding=\"async\" width=\"800\" height=\"800\" src=\"https:\/\/www.usborkeychain.com\/wp-content\/uploads\/PinkPig-USB-flash-drive.png\" class=\"wp-image-4541\" srcset=\"https:\/\/www.usborkeychain.com\/wp-content\/uploads\/PinkPig-USB-flash-drive.png 800w, https:\/\/www.usborkeychain.com\/wp-content\/uploads\/PinkPig-USB-flash-drive-300x300.png 300w, https:\/\/www.usborkeychain.com\/wp-content\/uploads\/PinkPig-USB-flash-drive-150x150.png 150w, https:\/\/www.usborkeychain.com\/wp-content\/uploads\/PinkPig-USB-flash-drive-768x768.png 768w, https:\/\/www.usborkeychain.com\/wp-content\/uploads\/PinkPig-USB-flash-drive-12x12.png 12w, https:\/\/www.usborkeychain.com\/wp-content\/uploads\/PinkPig-USB-flash-drive-600x600.png 600w, https:\/\/www.usborkeychain.com\/wp-content\/uploads\/PinkPig-USB-flash-drive-100x100.png 100w\" sizes=\"(max-width: 800px) 100vw, 800px\" \/><\/figure>\n<\/div>\n\n\n\n<div class=\"wp-block-column is-vertically-aligned-center is-layout-flow wp-block-column-is-layout-flow\">\n<ul class=\"wp-block-list\">\n<li>Brindes para clientes de empresas de tecnologia: Brindes VIP para acompanhantes no evento de lan\u00e7amento de uma marca de telefones celulares.<\/li>\n\n\n\n<li>Itens promocionais para o setor de maternidade e beb\u00eas: Atividades gratuitas com compra de uma marca de leite em p\u00f3.<\/li>\n\n\n\n<li>Pontos - Itens de troca no setor financeiro: Itens populares em um shopping de pontos de cart\u00e3o de cr\u00e9dito de um banco.<\/li>\n\n\n\n<li>Ferramentas de recrutamento para institui\u00e7\u00f5es educacionais: Pr\u00e9-instalado com os v\u00eddeos promocionais da escola.<\/li>\n<\/ul>\n<\/div>\n<\/div>\n\n\n\n<div class=\"wp-block-columns are-vertically-aligned-center is-layout-flex wp-container-core-columns-is-layout-28f84493 wp-block-columns-is-layout-flex\">\n<div class=\"wp-block-column is-vertically-aligned-center is-layout-flow wp-block-column-is-layout-flow\">\n<p>O <strong>Unidade flash USB de PVC Cartoon Pig <\/strong>\u00e9 baseado em um formato bonito e em um material de alta qualidade. Ele pode atender a v\u00e1rias necessidades em termos de par\u00e2metros de interface, tem op\u00e7\u00f5es flex\u00edveis de personaliza\u00e7\u00e3o, um ciclo de produ\u00e7\u00e3o control\u00e1vel e \u00e9 adequado para muitos setores como itens promocionais ou brindes. Quer voc\u00ea busque a praticidade do produto ou queira aprimorar a imagem da sua marca por meio de brindes criativos, ele pode se tornar a \"estrela fofa\" entre os dispositivos de armazenamento com sua apar\u00eancia ador\u00e1vel e desempenho est\u00e1vel.<\/p>\n<\/div>\n\n\n\n<div class=\"wp-block-column is-vertically-aligned-center is-layout-flow wp-block-column-is-layout-flow\">\n<figure class=\"wp-block-image size-full\"><img alt=\"\" loading=\"lazy\" decoding=\"async\" width=\"800\" height=\"800\" src=\"https:\/\/www.usborkeychain.com\/wp-content\/uploads\/SmileyPig-USB-flash-drive.png\" class=\"wp-image-4543\" srcset=\"https:\/\/www.usborkeychain.com\/wp-content\/uploads\/SmileyPig-USB-flash-drive.png 800w, https:\/\/www.usborkeychain.com\/wp-content\/uploads\/SmileyPig-USB-flash-drive-300x300.png 300w, https:\/\/www.usborkeychain.com\/wp-content\/uploads\/SmileyPig-USB-flash-drive-150x150.png 150w, https:\/\/www.usborkeychain.com\/wp-content\/uploads\/SmileyPig-USB-flash-drive-768x768.png 768w, https:\/\/www.usborkeychain.com\/wp-content\/uploads\/SmileyPig-USB-flash-drive-12x12.png 12w, https:\/\/www.usborkeychain.com\/wp-content\/uploads\/SmileyPig-USB-flash-drive-600x600.png 600w, https:\/\/www.usborkeychain.com\/wp-content\/uploads\/SmileyPig-USB-flash-drive-100x100.png 100w\" sizes=\"(max-width: 800px) 100vw, 800px\" \/><\/figure>\n<\/div>\n<\/div>","protected":false},"excerpt":{"rendered":"<ul>\n<li>Material de PVC<\/li>\n<li>Porco de desenho animado<\/li>\n<li>RoHS<\/li>\n<li>Personalize um formato exclusivo<\/li>\n<li>MOQ:100PCS<\/li>\n<\/ul>","protected":false},"featured_media":4536,"comment_status":"open","ping_status":"closed","template":"","meta":{"_seopress_robots_primary_cat":"","_seopress_titles_title":"","_seopress_titles_desc":"","_seopress_robots_index":"","site-sidebar-layout":"default","site-content-layout":"","ast-site-content-layout":"","site-content-style":"default","site-sidebar-style":"default","ast-global-header-display":"","ast-banner-title-visibility":"","ast-main-header-display":"","ast-hfb-above-header-display":"","ast-hfb-below-header-display":"","ast-hfb-mobile-header-display":"","site-post-title":"","ast-breadcrumbs-content":"","ast-featured-img":"","footer-sml-layout":"","theme-transparent-header-meta":"","adv-header-id-meta":"","stick-header-meta":"","header-above-stick-meta":"","header-main-stick-meta":"","header-below-stick-meta":"","astra-migrate-meta-layouts":"default","ast-page-background-enabled":"default","ast-page-background-meta":{"desktop":{"background-color":"var(--ast-global-color-5)","background-image":"","background-repeat":"repeat","background-position":"center center","background-size":"auto","background-attachment":"scroll","background-type":"","background-media":"","overlay-type":"","overlay-color":"","overlay-opacity":"","overlay-gradient":""},"tablet":{"background-color":"","background-image":"","background-repeat":"repeat","background-position":"center center","background-size":"auto","background-attachment":"scroll","background-type":"","background-media":"","overlay-type":"","overlay-color":"","overlay-opacity":"","overlay-gradient":""},"mobile":{"background-color":"","background-image":"","background-repeat":"repeat","background-position":"center center","background-size":"auto","background-attachment":"scroll","background-type":"","background-media":"","overlay-type":"","overlay-color":"","overlay-opacity":"","overlay-gradient":""}},"ast-content-background-meta":{"desktop":{"background-color":"var(--ast-global-color-4)","background-image":"","background-repeat":"repeat","background-position":"center center","background-size":"auto","background-attachment":"scroll","background-type":"","background-media":"","overlay-type":"","overlay-color":"","overlay-opacity":"","overlay-gradient":""},"tablet":{"background-color":"var(--ast-global-color-4)","background-image":"","background-repeat":"repeat","background-position":"center center","background-size":"auto","background-attachment":"scroll","background-type":"","background-media":"","overlay-type":"","overlay-color":"","overlay-opacity":"","overlay-gradient":""},"mobile":{"background-color":"var(--ast-global-color-4)","background-image":"","background-repeat":"repeat","background-position":"center center","background-size":"auto","background-attachment":"scroll","background-type":"","background-media":"","overlay-type":"","overlay-color":"","overlay-opacity":"","overlay-gradient":""}}},"product_brand":[],"product_cat":[112],"product_tag":[271],"class_list":{"0":"post-4532","1":"product","2":"type-product","3":"status-publish","4":"has-post-thumbnail","6":"product_cat-cartton-usb-pendrive","7":"product_tag-pvc-cartoon-pig-usb-flash-drive","8":"desktop-align-left","9":"tablet-align-left","10":"mobile-align-left","12":"first","13":"instock","14":"shipping-taxable","15":"product-type-simple"},"_links":{"self":[{"href":"https:\/\/www.usborkeychain.com\/pt\/wp-json\/wp\/v2\/product\/4532","targetHints":{"allow":["GET"]}}],"collection":[{"href":"https:\/\/www.usborkeychain.com\/pt\/wp-json\/wp\/v2\/product"}],"about":[{"href":"https:\/\/www.usborkeychain.com\/pt\/wp-json\/wp\/v2\/types\/product"}],"replies":[{"embeddable":true,"href":"https:\/\/www.usborkeychain.com\/pt\/wp-json\/wp\/v2\/comments?post=4532"}],"wp:featuredmedia":[{"embeddable":true,"href":"https:\/\/www.usborkeychain.com\/pt\/wp-json\/wp\/v2\/media\/4536"}],"wp:attachment":[{"href":"https:\/\/www.usborkeychain.com\/pt\/wp-json\/wp\/v2\/media?parent=4532"}],"wp:term":[{"taxonomy":"product_brand","embeddable":true,"href":"https:\/\/www.usborkeychain.com\/pt\/wp-json\/wp\/v2\/product_brand?post=4532"},{"taxonomy":"product_cat","embeddable":true,"href":"https:\/\/www.usborkeychain.com\/pt\/wp-json\/wp\/v2\/product_cat?post=4532"},{"taxonomy":"product_tag","embeddable":true,"href":"https:\/\/www.usborkeychain.com\/pt\/wp-json\/wp\/v2\/product_tag?post=4532"}],"curies":[{"name":"wp","href":"https:\/\/api.w.org\/{rel}","templated":true}]}}