{"id":4546,"date":"2025-07-25T02:08:43","date_gmt":"2025-07-25T02:08:43","guid":{"rendered":"https:\/\/www.usborkeychain.com\/?post_type=product&#038;p=4546"},"modified":"2025-07-25T03:53:31","modified_gmt":"2025-07-25T03:53:31","slug":"cartoon-pikachu-usb-flash-drive","status":"publish","type":"product","link":"https:\/\/www.usborkeychain.com\/pt\/produto\/cartoon-pikachu-usb-flash-drive\/","title":{"rendered":"Unidade flash USB do Pikachu dos desenhos animados"},"content":{"rendered":"<div class=\"wp-block-columns is-layout-flex wp-container-core-columns-is-layout-28f84493 wp-block-columns-is-layout-flex\">\n<div class=\"wp-block-column is-layout-flow wp-block-column-is-layout-flow\">\n<figure class=\"wp-block-image size-full\"><img alt=\"\" fetchpriority=\"high\" decoding=\"async\" width=\"800\" height=\"800\" src=\"https:\/\/www.usborkeychain.com\/wp-content\/uploads\/PikaTechPal-USB-flash-drive.jpg\" class=\"wp-image-4552\" srcset=\"https:\/\/www.usborkeychain.com\/wp-content\/uploads\/PikaTechPal-USB-flash-drive.jpg 800w, https:\/\/www.usborkeychain.com\/wp-content\/uploads\/PikaTechPal-USB-flash-drive-300x300.jpg 300w, https:\/\/www.usborkeychain.com\/wp-content\/uploads\/PikaTechPal-USB-flash-drive-150x150.jpg 150w, https:\/\/www.usborkeychain.com\/wp-content\/uploads\/PikaTechPal-USB-flash-drive-768x768.jpg 768w, https:\/\/www.usborkeychain.com\/wp-content\/uploads\/PikaTechPal-USB-flash-drive-12x12.jpg 12w, https:\/\/www.usborkeychain.com\/wp-content\/uploads\/PikaTechPal-USB-flash-drive-600x600.jpg 600w, https:\/\/www.usborkeychain.com\/wp-content\/uploads\/PikaTechPal-USB-flash-drive-100x100.jpg 100w\" sizes=\"(max-width: 800px) 100vw, 800px\" \/><\/figure>\n<\/div>\n\n\n\n<div class=\"wp-block-column is-vertically-aligned-center is-layout-flow wp-block-column-is-layout-flow\">\n<p>O <strong>Unidade flash USB do Pikachu dos desenhos animados<\/strong> \u00e9 modelado com base no cl\u00e1ssico personagem de anime Pikachu. Ele reproduz o corpo amarelo ic\u00f4nico do Pikachu, o rosto redondo, as bochechas rosadas e as orelhas longas e alegres. <\/p>\n\n\n\n<p>O design geral \u00e9 pequeno e bonito, restaurando a express\u00e3o ador\u00e1vel do Pikachu, como se estivesse encolhendo o Pikachu do anime em um item port\u00e1til.<\/p>\n\n\n\n<p>Equipado com uma corrente de metal, ele pode ser facilmente preso a chaveiros ou bolsas. N\u00e3o se trata apenas de uma unidade USB pr\u00e1tica, mas tamb\u00e9m de um pingente ador\u00e1vel, que \u00e9 port\u00e1til e chama a aten\u00e7\u00e3o.<\/p>\n<\/div>\n<\/div>\n\n\n\n<div class=\"wp-block-columns is-layout-flex wp-container-core-columns-is-layout-28f84493 wp-block-columns-is-layout-flex\">\n<div class=\"wp-block-column is-vertically-aligned-center is-layout-flow wp-block-column-is-layout-flow\">\n<p>A tonalidade amarela brilhante deste pen drive Pikachu captura com precis\u00e3o o visual ic\u00f4nico do Pikachu. Sua cabe\u00e7a arredondada ostenta orelhas brincalhonas com pontas pretas, e as bochechas rosadas e coradas complementam a cauda em forma de raio.<\/p>\n\n\n\n<p> Gra\u00e7as ao design esculpido em 3D e ao material de PVC saltitante, segur\u00e1-lo em sua m\u00e3o \u00e9 como acariciar um pequeno Pikachu.<\/p>\n\n\n\n<p><\/p>\n<\/div>\n\n\n\n<div class=\"wp-block-column is-vertically-aligned-center is-layout-flow wp-block-column-is-layout-flow\">\n<figure class=\"wp-block-image size-full\"><img alt=\"\" decoding=\"async\" width=\"800\" height=\"800\" src=\"https:\/\/www.usborkeychain.com\/wp-content\/uploads\/CheeryPika-USB-flash-drive.jpg\" class=\"wp-image-4549\" srcset=\"https:\/\/www.usborkeychain.com\/wp-content\/uploads\/CheeryPika-USB-flash-drive.jpg 800w, https:\/\/www.usborkeychain.com\/wp-content\/uploads\/CheeryPika-USB-flash-drive-300x300.jpg 300w, https:\/\/www.usborkeychain.com\/wp-content\/uploads\/CheeryPika-USB-flash-drive-150x150.jpg 150w, https:\/\/www.usborkeychain.com\/wp-content\/uploads\/CheeryPika-USB-flash-drive-768x768.jpg 768w, https:\/\/www.usborkeychain.com\/wp-content\/uploads\/CheeryPika-USB-flash-drive-12x12.jpg 12w, https:\/\/www.usborkeychain.com\/wp-content\/uploads\/CheeryPika-USB-flash-drive-600x600.jpg 600w, https:\/\/www.usborkeychain.com\/wp-content\/uploads\/CheeryPika-USB-flash-drive-100x100.jpg 100w\" sizes=\"(max-width: 800px) 100vw, 800px\" \/><\/figure>\n<\/div>\n<\/div>\n\n\n\n<h2 class=\"wp-block-heading\">O que deve ser observado ao personalizar uma unidade USB do Pikachu?<\/h2>\n\n\n\n<div class=\"wp-block-columns is-layout-flex wp-container-core-columns-is-layout-28f84493 wp-block-columns-is-layout-flex\">\n<div class=\"wp-block-column is-vertically-aligned-center is-layout-flow wp-block-column-is-layout-flow\">\n<figure class=\"wp-block-image size-full\"><img alt=\"\" decoding=\"async\" width=\"800\" height=\"800\" src=\"https:\/\/www.usborkeychain.com\/wp-content\/uploads\/Pikachu-USB-Flash-drive.jpg\" class=\"wp-image-4550\" srcset=\"https:\/\/www.usborkeychain.com\/wp-content\/uploads\/Pikachu-USB-Flash-drive.jpg 800w, https:\/\/www.usborkeychain.com\/wp-content\/uploads\/Pikachu-USB-Flash-drive-300x300.jpg 300w, https:\/\/www.usborkeychain.com\/wp-content\/uploads\/Pikachu-USB-Flash-drive-150x150.jpg 150w, https:\/\/www.usborkeychain.com\/wp-content\/uploads\/Pikachu-USB-Flash-drive-768x768.jpg 768w, https:\/\/www.usborkeychain.com\/wp-content\/uploads\/Pikachu-USB-Flash-drive-12x12.jpg 12w, https:\/\/www.usborkeychain.com\/wp-content\/uploads\/Pikachu-USB-Flash-drive-600x600.jpg 600w, https:\/\/www.usborkeychain.com\/wp-content\/uploads\/Pikachu-USB-Flash-drive-100x100.jpg 100w\" sizes=\"(max-width: 800px) 100vw, 800px\" \/><\/figure>\n<\/div>\n\n\n\n<div class=\"wp-block-column is-vertically-aligned-center is-layout-flow wp-block-column-is-layout-flow\">\n<h3 class=\"wp-block-heading\">Conformidade com os direitos autorais<\/h3>\n\n\n\n<p>Pikachu \u00e9 um IP do Pok\u00e9mon. \u00c9 essencial confirmar que o fabricante possui qualifica\u00e7\u00f5es de autoriza\u00e7\u00e3o oficial (ou que o pr\u00f3prio cliente possui a autoriza\u00e7\u00e3o); caso contr\u00e1rio, o produto personalizado ser\u00e1 considerado uma personaliza\u00e7\u00e3o infratora, o que representa riscos legais.<\/p>\n\n\n\n<h3 class=\"wp-block-heading\">Restaura\u00e7\u00e3o da forma<\/h3>\n\n\n\n<ol start=\"2\" class=\"wp-block-list\"><\/ol>\n\n\n\n<p>Principais caracter\u00edsticas: A satura\u00e7\u00e3o da tonalidade amarela brilhante, a propor\u00e7\u00e3o das pontas pretas nas orelhas, a posi\u00e7\u00e3o das bochechas vermelhas e a curvatura da cauda em forma de raio devem ser consistentes com a imagem oficial (imagens oficiais podem ser fornecidas como refer\u00eancia);<\/p>\n<\/div>\n<\/div>\n\n\n\n<h2 class=\"wp-block-heading\">Detalhes dos par\u00e2metros da unidade USB<\/h2>\n\n\n\n<figure class=\"wp-block-table\"><table class=\"has-fixed-layout\"><thead><tr><th>Tipo de par\u00e2metro<\/th><th>Detalhes<\/th><\/tr><\/thead><tbody><tr><td>Tipo de interface<\/td><td>USB2.0, USB3.0<\/td><\/tr><tr><td>Capacidade de armazenamento<\/td><td>8 GB, 16 GB, 32 GB, 64 GB, 128 GB<\/td><\/tr><tr><td>Dimens\u00f5es do produto (Altura * Largura * Espessura)<\/td><td>Aproximadamente 60mm\u00d740mm\u00d730mm<\/td><\/tr><tr><td>Peso<\/td><td>Aproximadamente 25g (incluindo a corrente)<\/td><\/tr><\/tbody><\/table><\/figure>\n\n\n\n<p><\/p>\n\n\n\n<h2 class=\"wp-block-heading\">Para quais cen\u00e1rios ele \u00e9 adequado?<\/h2>\n\n\n\n<div class=\"wp-block-columns is-layout-flex wp-container-core-columns-is-layout-28f84493 wp-block-columns-is-layout-flex\">\n<div class=\"wp-block-column is-vertically-aligned-center is-layout-flow wp-block-column-is-layout-flow\">\n<p><strong>Anime - empresas \/ exposi\u00e7\u00f5es relacionadas<\/strong>: Quando as empresas de anime lan\u00e7am perif\u00e9ricos com o tema Pikachu, ele pode ser usado como um perif\u00e9rico de armazenamento de edi\u00e7\u00e3o limitada. Em exposi\u00e7\u00f5es de anime, ele pode ser usado como um brinde interativo ou um souvenir da exposi\u00e7\u00e3o.<\/p>\n\n\n\n<p><strong>Institui\u00e7\u00f5es de treinamento educacional<\/strong>: Como centros de treinamento de codifica\u00e7\u00e3o para crian\u00e7as, institui\u00e7\u00f5es de treinamento art\u00edstico, etc.<\/p>\n\n\n\n<p><strong>Compras de presentes corporativos<\/strong>: Empresas de tecnologia, empresas de bens de consumo de r\u00e1pida movimenta\u00e7\u00e3o, etc.<\/p>\n\n\n\n<p>O <strong>Unidade flash USB do Pikachu dos desenhos animados<\/strong> baseia-se em uma apar\u00eancia ador\u00e1vel e alta qualidade<strong> Material de PVC<\/strong>. Possui par\u00e2metros avan\u00e7ados para atender a v\u00e1rias necessidades, excelente durabilidade para uso a longo prazo e tamb\u00e9m suporta a personaliza\u00e7\u00e3o do logotipo. \u00c9 amplamente aplic\u00e1vel em cen\u00e1rios como anime, educa\u00e7\u00e3o e brindes corporativos. Quer voc\u00ea busque uma apar\u00eancia bonita ou valorize o armazenamento pr\u00e1tico e o valor da personaliza\u00e7\u00e3o, ele pode se tornar uma escolha not\u00e1vel entre os dispositivos de armazenamento com seus atributos duplos de \"fofura + praticidade\".<\/p>\n<\/div>\n\n\n\n<div class=\"wp-block-column is-vertically-aligned-center is-layout-flow wp-block-column-is-layout-flow\">\n<figure class=\"wp-block-image size-full\"><img alt=\"\" loading=\"lazy\" decoding=\"async\" width=\"800\" height=\"800\" src=\"https:\/\/www.usborkeychain.com\/wp-content\/uploads\/PikaMemory-Buddy-USB-drive.jpg\" class=\"wp-image-4551\" srcset=\"https:\/\/www.usborkeychain.com\/wp-content\/uploads\/PikaMemory-Buddy-USB-drive.jpg 800w, https:\/\/www.usborkeychain.com\/wp-content\/uploads\/PikaMemory-Buddy-USB-drive-300x300.jpg 300w, https:\/\/www.usborkeychain.com\/wp-content\/uploads\/PikaMemory-Buddy-USB-drive-150x150.jpg 150w, https:\/\/www.usborkeychain.com\/wp-content\/uploads\/PikaMemory-Buddy-USB-drive-768x768.jpg 768w, https:\/\/www.usborkeychain.com\/wp-content\/uploads\/PikaMemory-Buddy-USB-drive-12x12.jpg 12w, https:\/\/www.usborkeychain.com\/wp-content\/uploads\/PikaMemory-Buddy-USB-drive-600x600.jpg 600w, https:\/\/www.usborkeychain.com\/wp-content\/uploads\/PikaMemory-Buddy-USB-drive-100x100.jpg 100w\" sizes=\"(max-width: 800px) 100vw, 800px\" \/><\/figure>\n<\/div>\n<\/div>","protected":false},"excerpt":{"rendered":"<ul>\n<li>Material de PVC<\/li>\n<li>Pikachu em desenho animado<\/li>\n<li>RoHS<\/li>\n<li>Logotipo personalizado<\/li>\n<li>MOQ:100PCS<\/li>\n<\/ul>","protected":false},"featured_media":4552,"comment_status":"open","ping_status":"closed","template":"","meta":{"_seopress_robots_primary_cat":"none","_seopress_titles_title":"","_seopress_titles_desc":"","_seopress_robots_index":"","site-sidebar-layout":"default","site-content-layout":"","ast-site-content-layout":"","site-content-style":"default","site-sidebar-style":"default","ast-global-header-display":"","ast-banner-title-visibility":"","ast-main-header-display":"","ast-hfb-above-header-display":"","ast-hfb-below-header-display":"","ast-hfb-mobile-header-display":"","site-post-title":"","ast-breadcrumbs-content":"","ast-featured-img":"","footer-sml-layout":"","theme-transparent-header-meta":"","adv-header-id-meta":"","stick-header-meta":"","header-above-stick-meta":"","header-main-stick-meta":"","header-below-stick-meta":"","astra-migrate-meta-layouts":"default","ast-page-background-enabled":"default","ast-page-background-meta":{"desktop":{"background-color":"var(--ast-global-color-5)","background-image":"","background-repeat":"repeat","background-position":"center center","background-size":"auto","background-attachment":"scroll","background-type":"","background-media":"","overlay-type":"","overlay-color":"","overlay-opacity":"","overlay-gradient":""},"tablet":{"background-color":"","background-image":"","background-repeat":"repeat","background-position":"center center","background-size":"auto","background-attachment":"scroll","background-type":"","background-media":"","overlay-type":"","overlay-color":"","overlay-opacity":"","overlay-gradient":""},"mobile":{"background-color":"","background-image":"","background-repeat":"repeat","background-position":"center center","background-size":"auto","background-attachment":"scroll","background-type":"","background-media":"","overlay-type":"","overlay-color":"","overlay-opacity":"","overlay-gradient":""}},"ast-content-background-meta":{"desktop":{"background-color":"var(--ast-global-color-4)","background-image":"","background-repeat":"repeat","background-position":"center center","background-size":"auto","background-attachment":"scroll","background-type":"","background-media":"","overlay-type":"","overlay-color":"","overlay-opacity":"","overlay-gradient":""},"tablet":{"background-color":"var(--ast-global-color-4)","background-image":"","background-repeat":"repeat","background-position":"center center","background-size":"auto","background-attachment":"scroll","background-type":"","background-media":"","overlay-type":"","overlay-color":"","overlay-opacity":"","overlay-gradient":""},"mobile":{"background-color":"var(--ast-global-color-4)","background-image":"","background-repeat":"repeat","background-position":"center center","background-size":"auto","background-attachment":"scroll","background-type":"","background-media":"","overlay-type":"","overlay-color":"","overlay-opacity":"","overlay-gradient":""}}},"product_brand":[],"product_cat":[112],"product_tag":[272,248],"class_list":{"0":"post-4546","1":"product","2":"type-product","3":"status-publish","4":"has-post-thumbnail","6":"product_cat-cartton-usb-pendrive","7":"product_tag-cartoon-pikachu-usb-flash-drive","8":"product_tag-pvc-usb-flash-drive","9":"desktop-align-left","10":"tablet-align-left","11":"mobile-align-left","13":"first","14":"instock","15":"shipping-taxable","16":"product-type-simple"},"_links":{"self":[{"href":"https:\/\/www.usborkeychain.com\/pt\/wp-json\/wp\/v2\/product\/4546","targetHints":{"allow":["GET"]}}],"collection":[{"href":"https:\/\/www.usborkeychain.com\/pt\/wp-json\/wp\/v2\/product"}],"about":[{"href":"https:\/\/www.usborkeychain.com\/pt\/wp-json\/wp\/v2\/types\/product"}],"replies":[{"embeddable":true,"href":"https:\/\/www.usborkeychain.com\/pt\/wp-json\/wp\/v2\/comments?post=4546"}],"wp:featuredmedia":[{"embeddable":true,"href":"https:\/\/www.usborkeychain.com\/pt\/wp-json\/wp\/v2\/media\/4552"}],"wp:attachment":[{"href":"https:\/\/www.usborkeychain.com\/pt\/wp-json\/wp\/v2\/media?parent=4546"}],"wp:term":[{"taxonomy":"product_brand","embeddable":true,"href":"https:\/\/www.usborkeychain.com\/pt\/wp-json\/wp\/v2\/product_brand?post=4546"},{"taxonomy":"product_cat","embeddable":true,"href":"https:\/\/www.usborkeychain.com\/pt\/wp-json\/wp\/v2\/product_cat?post=4546"},{"taxonomy":"product_tag","embeddable":true,"href":"https:\/\/www.usborkeychain.com\/pt\/wp-json\/wp\/v2\/product_tag?post=4546"}],"curies":[{"name":"wp","href":"https:\/\/api.w.org\/{rel}","templated":true}]}}