{"id":4554,"date":"2025-07-25T02:45:10","date_gmt":"2025-07-25T02:45:10","guid":{"rendered":"https:\/\/www.usborkeychain.com\/?post_type=product&#038;p=4554"},"modified":"2025-07-25T03:26:04","modified_gmt":"2025-07-25T03:26:04","slug":"penguin-usb-flash-drive","status":"publish","type":"product","link":"https:\/\/www.usborkeychain.com\/pt\/produto\/penguin-usb-flash-drive\/","title":{"rendered":"Penguin USB Flash Drive"},"content":{"rendered":"<div class=\"wp-block-columns is-layout-flex wp-container-core-columns-is-layout-28f84493 wp-block-columns-is-layout-flex\">\n<div class=\"wp-block-column is-vertically-aligned-center is-layout-flow wp-block-column-is-layout-flow\">\n<p>O <strong>Penguin USB flash drive<\/strong> \u00e9 modelado com base no ador\u00e1vel pinguim, reproduzindo com precis\u00e3o a apar\u00eancia cl\u00e1ssica de um pinguim: \"penas\" pretas e brancas, bico amarelo-alaranjado e patas com membranas, restaurando vividamente a apar\u00eancia fofa de um pinguim.<\/p>\n\n\n\n<p>Ele \u00e9 pequeno e leve, o que o torna f\u00e1cil de carregar, sem nenhum peso. Equipado com um <strong>corrente de metal<\/strong>Al\u00e9m disso, pode ser facilmente pendurado em mochilas ou chaveiros. N\u00e3o se trata apenas de uma ferramenta pr\u00e1tica de armazenamento, mas tamb\u00e9m de um enfeite personalizado, com uma est\u00e9tica exclusiva.<\/p>\n<\/div>\n\n\n\n<div class=\"wp-block-column is-vertically-aligned-center is-layout-flow wp-block-column-is-layout-flow\">\n<figure class=\"wp-block-image size-full\"><img alt=\"\" fetchpriority=\"high\" decoding=\"async\" width=\"800\" height=\"800\" src=\"https:\/\/www.usborkeychain.com\/wp-content\/uploads\/PenguinTech-USB-flash-drive.jpg\" class=\"wp-image-4560\" srcset=\"https:\/\/www.usborkeychain.com\/wp-content\/uploads\/PenguinTech-USB-flash-drive.jpg 800w, https:\/\/www.usborkeychain.com\/wp-content\/uploads\/PenguinTech-USB-flash-drive-300x300.jpg 300w, https:\/\/www.usborkeychain.com\/wp-content\/uploads\/PenguinTech-USB-flash-drive-150x150.jpg 150w, https:\/\/www.usborkeychain.com\/wp-content\/uploads\/PenguinTech-USB-flash-drive-768x768.jpg 768w, https:\/\/www.usborkeychain.com\/wp-content\/uploads\/PenguinTech-USB-flash-drive-12x12.jpg 12w, https:\/\/www.usborkeychain.com\/wp-content\/uploads\/PenguinTech-USB-flash-drive-600x600.jpg 600w, https:\/\/www.usborkeychain.com\/wp-content\/uploads\/PenguinTech-USB-flash-drive-100x100.jpg 100w\" sizes=\"(max-width: 800px) 100vw, 800px\" \/><\/figure>\n<\/div>\n<\/div>\n\n\n\n<div class=\"wp-block-columns is-layout-flex wp-container-core-columns-is-layout-28f84493 wp-block-columns-is-layout-flex\">\n<div class=\"wp-block-column is-vertically-aligned-center is-layout-flow wp-block-column-is-layout-flow\">\n<p>A forma rechonchuda do pinguim exala naturalmente uma vibra\u00e7\u00e3o de cura. O esquema de cores preto-branco-laranja reproduz as camadas das penas de um pinguim, enquanto os detalhes, como as bochechas rosadas e as asas viradas para cima, s\u00e3o animados e divertidos, como se estivessem prestes a sair da tela a qualquer momento!<\/p>\n\n\n\n<p>As unidades USB em formato de pinguim s\u00e3o os estilos de unidade flash USB mais bonitos e tamb\u00e9m t\u00eam o maior volume de pedidos entre as unidades flash USB em formato de animais.<\/p>\n<\/div>\n\n\n\n<div class=\"wp-block-column is-vertically-aligned-center is-layout-flow wp-block-column-is-layout-flow\">\n<figure class=\"wp-block-image size-full\"><img alt=\"\" decoding=\"async\" width=\"800\" height=\"800\" src=\"https:\/\/www.usborkeychain.com\/wp-content\/uploads\/Penguin-USB-flash-Drive.jpg\" class=\"wp-image-4559\" srcset=\"https:\/\/www.usborkeychain.com\/wp-content\/uploads\/Penguin-USB-flash-Drive.jpg 800w, https:\/\/www.usborkeychain.com\/wp-content\/uploads\/Penguin-USB-flash-Drive-300x300.jpg 300w, https:\/\/www.usborkeychain.com\/wp-content\/uploads\/Penguin-USB-flash-Drive-150x150.jpg 150w, https:\/\/www.usborkeychain.com\/wp-content\/uploads\/Penguin-USB-flash-Drive-768x768.jpg 768w, https:\/\/www.usborkeychain.com\/wp-content\/uploads\/Penguin-USB-flash-Drive-12x12.jpg 12w, https:\/\/www.usborkeychain.com\/wp-content\/uploads\/Penguin-USB-flash-Drive-600x600.jpg 600w, https:\/\/www.usborkeychain.com\/wp-content\/uploads\/Penguin-USB-flash-Drive-100x100.jpg 100w\" sizes=\"(max-width: 800px) 100vw, 800px\" \/><\/figure>\n<\/div>\n<\/div>\n\n\n\n<h2 class=\"wp-block-heading\">Como encontrar um canal de compras profissional?<\/h2>\n\n\n\n<div class=\"wp-block-columns is-layout-flex wp-container-core-columns-is-layout-28f84493 wp-block-columns-is-layout-flex\">\n<div class=\"wp-block-column is-vertically-aligned-center is-layout-flow wp-block-column-is-layout-flow\">\n<figure class=\"wp-block-image size-full\"><img alt=\"\" decoding=\"async\" width=\"800\" height=\"800\" src=\"https:\/\/www.usborkeychain.com\/wp-content\/uploads\/CutePengu-USB-flash-Drive.jpg\" class=\"wp-image-4557\" srcset=\"https:\/\/www.usborkeychain.com\/wp-content\/uploads\/CutePengu-USB-flash-Drive.jpg 800w, https:\/\/www.usborkeychain.com\/wp-content\/uploads\/CutePengu-USB-flash-Drive-300x300.jpg 300w, https:\/\/www.usborkeychain.com\/wp-content\/uploads\/CutePengu-USB-flash-Drive-150x150.jpg 150w, https:\/\/www.usborkeychain.com\/wp-content\/uploads\/CutePengu-USB-flash-Drive-768x768.jpg 768w, https:\/\/www.usborkeychain.com\/wp-content\/uploads\/CutePengu-USB-flash-Drive-12x12.jpg 12w, https:\/\/www.usborkeychain.com\/wp-content\/uploads\/CutePengu-USB-flash-Drive-600x600.jpg 600w, https:\/\/www.usborkeychain.com\/wp-content\/uploads\/CutePengu-USB-flash-Drive-100x100.jpg 100w\" sizes=\"(max-width: 800px) 100vw, 800px\" \/><\/figure>\n<\/div>\n\n\n\n<div class=\"wp-block-column is-vertically-aligned-center is-layout-flow wp-block-column-is-layout-flow\">\n<p>Se voc\u00ea quiser obter um <strong>Penguin USB flash drive<\/strong>Se voc\u00ea tem um produto de qualidade, escolher um fabricante profissional para personaliza\u00e7\u00e3o \u00e9 a melhor solu\u00e7\u00e3o. Como uma empresa especializada em <strong>Personaliza\u00e7\u00e3o da unidade flash USB<\/strong>A empresa possui tecnologia de produ\u00e7\u00e3o madura e vasta experi\u00eancia. <\/p>\n\n\n\n<p>Se voc\u00ea precisar dele para cole\u00e7\u00e3o pessoal, compras corporativas ou brindes para eventos, podemos personaliz\u00e1-lo de acordo com suas necessidades.<\/p>\n<\/div>\n<\/div>\n\n\n\n<h2 class=\"wp-block-heading\">Par\u00e2metros da unidade flash USB<\/h2>\n\n\n\n<figure class=\"wp-block-table\"><table class=\"has-fixed-layout\"><thead><tr><th>Tipo de par\u00e2metro<\/th><th>Detalhes<\/th><\/tr><\/thead><tbody><tr><td>Tipo de interface<\/td><td>USB2.0, USB3.0<\/td><\/tr><tr><td>Capacidade de armazenamento<\/td><td>8 GB, 16 GB, 32 GB, 64 GB, 128 GB<\/td><\/tr><tr><td>Tamanho do produto (altura \u00d7 largura \u00d7 espessura)<\/td><td>Aproximadamente 50 mm \u00d7 30 mm \u00d7 20 mm<\/td><\/tr><tr><td>Peso<\/td><td>Aproximadamente 20 g (incluindo a corrente)<\/td><\/tr><\/tbody><\/table><\/figure>\n\n\n\n<h2 class=\"wp-block-heading\">Os dados contidos na unidade flash USB s\u00e3o seguros?<\/h2>\n\n\n\n<div class=\"wp-block-columns is-layout-flex wp-container-core-columns-is-layout-28f84493 wp-block-columns-is-layout-flex\">\n<div class=\"wp-block-column is-vertically-aligned-center is-layout-flow wp-block-column-is-layout-flow\">\n<figure class=\"wp-block-image size-full\"><img alt=\"\" loading=\"lazy\" decoding=\"async\" width=\"800\" height=\"800\" src=\"https:\/\/www.usborkeychain.com\/wp-content\/uploads\/PenguData-Buddy-USB-drive.jpg\" class=\"wp-image-4558\" srcset=\"https:\/\/www.usborkeychain.com\/wp-content\/uploads\/PenguData-Buddy-USB-drive.jpg 800w, https:\/\/www.usborkeychain.com\/wp-content\/uploads\/PenguData-Buddy-USB-drive-300x300.jpg 300w, https:\/\/www.usborkeychain.com\/wp-content\/uploads\/PenguData-Buddy-USB-drive-150x150.jpg 150w, https:\/\/www.usborkeychain.com\/wp-content\/uploads\/PenguData-Buddy-USB-drive-768x768.jpg 768w, https:\/\/www.usborkeychain.com\/wp-content\/uploads\/PenguData-Buddy-USB-drive-12x12.jpg 12w, https:\/\/www.usborkeychain.com\/wp-content\/uploads\/PenguData-Buddy-USB-drive-600x600.jpg 600w, https:\/\/www.usborkeychain.com\/wp-content\/uploads\/PenguData-Buddy-USB-drive-100x100.jpg 100w\" sizes=\"(max-width: 800px) 100vw, 800px\" \/><\/figure>\n<\/div>\n\n\n\n<div class=\"wp-block-column is-vertically-aligned-center is-layout-flow wp-block-column-is-layout-flow\">\n<p>O <strong>Penguin USB flash drive<\/strong> tem um desempenho confi\u00e1vel em termos de seguran\u00e7a de dados. Ele usa chips de armazenamento interno de alta qualidade, que foram submetidos a rigorosos testes de leitura e grava\u00e7\u00e3o e verifica\u00e7\u00e3o de dados. Em condi\u00e7\u00f5es normais de uso (sem danos maliciosos causados pelo homem ou ambientes extremos), ele pode armazenar dados de forma est\u00e1vel, reduzindo efetivamente o risco de perda ou danos aos dados. Ao mesmo tempo, a prote\u00e7\u00e3o do material de PVC pode reduzir o impacto de choques f\u00edsicos no chip, garantindo ainda mais a seguran\u00e7a dos dados.<\/p>\n<\/div>\n<\/div>\n\n\n\n<h2 class=\"wp-block-heading\">Para quais tipos de empresas essa unidade flash USB \u00e9 adequada?<\/h2>\n\n\n\n<div class=\"wp-block-columns is-layout-flex wp-container-core-columns-is-layout-28f84493 wp-block-columns-is-layout-flex\">\n<div class=\"wp-block-column is-vertically-aligned-center is-layout-flow wp-block-column-is-layout-flow\">\n<ul class=\"wp-block-list\">\n<li><strong>Empresas de tecnologia<\/strong>: Reuni\u00f5es anuais, eventos de valoriza\u00e7\u00e3o do cliente<\/li>\n\n\n\n<li><strong>Organiza\u00e7\u00f5es de prote\u00e7\u00e3o ambiental<\/strong>: Como lembran\u00e7as de atividades de bem-estar p\u00fablico<\/li>\n\n\n\n<li><strong>Escolas\/institui\u00e7\u00f5es de treinamento<\/strong><\/li>\n\n\n\n<li><strong>Entusiastas de viagens<\/strong>: Armazene fotos e guias de viagem e pendure-os nas mochilas<\/li>\n<\/ul>\n\n\n\n<p>O <strong>Penguin USB flash drive<\/strong> baseia-se em uma apar\u00eancia atraente e ecologicamente correta <strong>Material de PVC<\/strong>. Ele possui par\u00e2metros avan\u00e7ados para atender a v\u00e1rias necessidades, seguran\u00e7a de dados confi\u00e1vel e tamb\u00e9m incorpora o conceito de prote\u00e7\u00e3o animal. <\/p>\n\n\n\n<p>Ele \u00e9 adequado para v\u00e1rios cen\u00e1rios, como brindes corporativos, educa\u00e7\u00e3o e vida pessoal. <\/p>\n<\/div>\n\n\n\n<div class=\"wp-block-column is-vertically-aligned-center is-layout-flow wp-block-column-is-layout-flow\">\n<figure class=\"wp-block-image size-full\"><img alt=\"\" loading=\"lazy\" decoding=\"async\" width=\"800\" height=\"800\" src=\"https:\/\/www.usborkeychain.com\/wp-content\/uploads\/TinyPeng-USB-flash-drive.jpg\" class=\"wp-image-4561\" srcset=\"https:\/\/www.usborkeychain.com\/wp-content\/uploads\/TinyPeng-USB-flash-drive.jpg 800w, https:\/\/www.usborkeychain.com\/wp-content\/uploads\/TinyPeng-USB-flash-drive-300x300.jpg 300w, https:\/\/www.usborkeychain.com\/wp-content\/uploads\/TinyPeng-USB-flash-drive-150x150.jpg 150w, https:\/\/www.usborkeychain.com\/wp-content\/uploads\/TinyPeng-USB-flash-drive-768x768.jpg 768w, https:\/\/www.usborkeychain.com\/wp-content\/uploads\/TinyPeng-USB-flash-drive-12x12.jpg 12w, https:\/\/www.usborkeychain.com\/wp-content\/uploads\/TinyPeng-USB-flash-drive-600x600.jpg 600w, https:\/\/www.usborkeychain.com\/wp-content\/uploads\/TinyPeng-USB-flash-drive-100x100.jpg 100w\" sizes=\"(max-width: 800px) 100vw, 800px\" \/><\/figure>\n<\/div>\n<\/div>","protected":false},"excerpt":{"rendered":"<ul>\n<li>Material de PVC<\/li>\n<li>Forma de desenho animado de pinguim<\/li>\n<li>RoHS<\/li>\n<li>Corrente de metal<\/li>\n<li>MOQ:100PCS<\/li>\n<\/ul>","protected":false},"featured_media":4559,"comment_status":"open","ping_status":"closed","template":"","meta":{"_seopress_robots_primary_cat":"none","_seopress_titles_title":"","_seopress_titles_desc":"","_seopress_robots_index":"","site-sidebar-layout":"default","site-content-layout":"","ast-site-content-layout":"","site-content-style":"default","site-sidebar-style":"default","ast-global-header-display":"","ast-banner-title-visibility":"","ast-main-header-display":"","ast-hfb-above-header-display":"","ast-hfb-below-header-display":"","ast-hfb-mobile-header-display":"","site-post-title":"","ast-breadcrumbs-content":"","ast-featured-img":"","footer-sml-layout":"","theme-transparent-header-meta":"","adv-header-id-meta":"","stick-header-meta":"","header-above-stick-meta":"","header-main-stick-meta":"","header-below-stick-meta":"","astra-migrate-meta-layouts":"default","ast-page-background-enabled":"default","ast-page-background-meta":{"desktop":{"background-color":"var(--ast-global-color-5)","background-image":"","background-repeat":"repeat","background-position":"center center","background-size":"auto","background-attachment":"scroll","background-type":"","background-media":"","overlay-type":"","overlay-color":"","overlay-opacity":"","overlay-gradient":""},"tablet":{"background-color":"","background-image":"","background-repeat":"repeat","background-position":"center center","background-size":"auto","background-attachment":"scroll","background-type":"","background-media":"","overlay-type":"","overlay-color":"","overlay-opacity":"","overlay-gradient":""},"mobile":{"background-color":"","background-image":"","background-repeat":"repeat","background-position":"center center","background-size":"auto","background-attachment":"scroll","background-type":"","background-media":"","overlay-type":"","overlay-color":"","overlay-opacity":"","overlay-gradient":""}},"ast-content-background-meta":{"desktop":{"background-color":"var(--ast-global-color-4)","background-image":"","background-repeat":"repeat","background-position":"center center","background-size":"auto","background-attachment":"scroll","background-type":"","background-media":"","overlay-type":"","overlay-color":"","overlay-opacity":"","overlay-gradient":""},"tablet":{"background-color":"var(--ast-global-color-4)","background-image":"","background-repeat":"repeat","background-position":"center center","background-size":"auto","background-attachment":"scroll","background-type":"","background-media":"","overlay-type":"","overlay-color":"","overlay-opacity":"","overlay-gradient":""},"mobile":{"background-color":"var(--ast-global-color-4)","background-image":"","background-repeat":"repeat","background-position":"center center","background-size":"auto","background-attachment":"scroll","background-type":"","background-media":"","overlay-type":"","overlay-color":"","overlay-opacity":"","overlay-gradient":""}}},"product_brand":[],"product_cat":[94],"product_tag":[273,248],"class_list":{"0":"post-4554","1":"product","2":"type-product","3":"status-publish","4":"has-post-thumbnail","6":"product_cat-pvc-usb-pendrive","7":"product_tag-penguin-usb-flash-drive","8":"product_tag-pvc-usb-flash-drive","9":"desktop-align-left","10":"tablet-align-left","11":"mobile-align-left","13":"first","14":"instock","15":"shipping-taxable","16":"product-type-simple"},"_links":{"self":[{"href":"https:\/\/www.usborkeychain.com\/pt\/wp-json\/wp\/v2\/product\/4554","targetHints":{"allow":["GET"]}}],"collection":[{"href":"https:\/\/www.usborkeychain.com\/pt\/wp-json\/wp\/v2\/product"}],"about":[{"href":"https:\/\/www.usborkeychain.com\/pt\/wp-json\/wp\/v2\/types\/product"}],"replies":[{"embeddable":true,"href":"https:\/\/www.usborkeychain.com\/pt\/wp-json\/wp\/v2\/comments?post=4554"}],"wp:featuredmedia":[{"embeddable":true,"href":"https:\/\/www.usborkeychain.com\/pt\/wp-json\/wp\/v2\/media\/4559"}],"wp:attachment":[{"href":"https:\/\/www.usborkeychain.com\/pt\/wp-json\/wp\/v2\/media?parent=4554"}],"wp:term":[{"taxonomy":"product_brand","embeddable":true,"href":"https:\/\/www.usborkeychain.com\/pt\/wp-json\/wp\/v2\/product_brand?post=4554"},{"taxonomy":"product_cat","embeddable":true,"href":"https:\/\/www.usborkeychain.com\/pt\/wp-json\/wp\/v2\/product_cat?post=4554"},{"taxonomy":"product_tag","embeddable":true,"href":"https:\/\/www.usborkeychain.com\/pt\/wp-json\/wp\/v2\/product_tag?post=4554"}],"curies":[{"name":"wp","href":"https:\/\/api.w.org\/{rel}","templated":true}]}}