{"id":4562,"date":"2025-07-25T03:14:08","date_gmt":"2025-07-25T03:14:08","guid":{"rendered":"https:\/\/www.usborkeychain.com\/?post_type=product&#038;p=4562"},"modified":"2025-07-25T03:14:12","modified_gmt":"2025-07-25T03:14:12","slug":"shark-shaped-usb-flash-drive","status":"publish","type":"product","link":"https:\/\/www.usborkeychain.com\/pt\/produto\/shark-shaped-usb-flash-drive\/","title":{"rendered":"Unidade flash USB em formato de tubar\u00e3o"},"content":{"rendered":"<div class=\"wp-block-columns is-layout-flex wp-container-core-columns-is-layout-28f84493 wp-block-columns-is-layout-flex\">\n<div class=\"wp-block-column is-vertically-aligned-center is-layout-flow wp-block-column-is-layout-flow\">\n<p>Isso <strong>Unidade flash USB<\/strong> \u00e9 modelado com base nos tubar\u00f5es, reproduzindo com precis\u00e3o sua apar\u00eancia cl\u00e1ssica. Ele apresenta linhas corporais suaves e uma barbatana dorsal caracter\u00edstica, real\u00e7ando vividamente a presen\u00e7a dominadora e \u00e1gil dos tubar\u00f5es no oceano.<\/p>\n\n\n\n<p>Seu tamanho \u00e9 pequeno e delicado, e seu peso \u00e9 leve, o que facilita o transporte sem qualquer \u00f4nus. Com um design de cord\u00e3o, pode ser facilmente pendurado em mochilas ou chaveiros. Ele serve n\u00e3o apenas como um dispositivo de armazenamento pr\u00e1tico, mas tamb\u00e9m como um enfeite personalizado, demonstrando um gosto \u00fanico pelos elementos do oceano.<\/p>\n\n\n\n<p>O produto \u00e9 feito de material ecologicamente correto <strong>Material de PVC<\/strong>O PVC \u00e9 um material de alta qualidade, que segue rigorosamente os padr\u00f5es ambientais e n\u00e3o cont\u00e9m subst\u00e2ncias t\u00f3xicas, como cloreto de polivinila, chumbo ou merc\u00fario. O material de PVC tem excelente flexibilidade e durabilidade. Sua textura resistente ainda \u00e9 el\u00e1stica. Mesmo que seja ligeiramente apertado ou caia durante o uso di\u00e1rio, ele pode amortecer o impacto de forma eficaz e proteger o chip de armazenamento interno. Al\u00e9m disso, \u00e9 f\u00e1cil de colorir e tem uma estabilidade de cor est\u00e1vel. <\/p>\n<\/div>\n\n\n\n<div class=\"wp-block-column is-vertically-aligned-center is-layout-flow wp-block-column-is-layout-flow\">\n<figure class=\"wp-block-image size-full\"><img alt=\"\" fetchpriority=\"high\" decoding=\"async\" width=\"800\" height=\"800\" src=\"https:\/\/www.usborkeychain.com\/wp-content\/uploads\/Shark-USB-flash-Drive.jpg\" class=\"wp-image-4565\" srcset=\"https:\/\/www.usborkeychain.com\/wp-content\/uploads\/Shark-USB-flash-Drive.jpg 800w, https:\/\/www.usborkeychain.com\/wp-content\/uploads\/Shark-USB-flash-Drive-300x300.jpg 300w, https:\/\/www.usborkeychain.com\/wp-content\/uploads\/Shark-USB-flash-Drive-150x150.jpg 150w, https:\/\/www.usborkeychain.com\/wp-content\/uploads\/Shark-USB-flash-Drive-768x768.jpg 768w, https:\/\/www.usborkeychain.com\/wp-content\/uploads\/Shark-USB-flash-Drive-12x12.jpg 12w, https:\/\/www.usborkeychain.com\/wp-content\/uploads\/Shark-USB-flash-Drive-600x600.jpg 600w, https:\/\/www.usborkeychain.com\/wp-content\/uploads\/Shark-USB-flash-Drive-100x100.jpg 100w\" sizes=\"(max-width: 800px) 100vw, 800px\" \/><\/figure>\n<\/div>\n<\/div>\n\n\n\n<h2 class=\"wp-block-heading\">Como comprar com efici\u00eancia?<\/h2>\n\n\n\n<div class=\"wp-block-columns is-layout-flex wp-container-core-columns-is-layout-28f84493 wp-block-columns-is-layout-flex\">\n<div class=\"wp-block-column is-vertically-aligned-center is-layout-flow wp-block-column-is-layout-flow\">\n<figure class=\"wp-block-image size-full\"><img alt=\"\" decoding=\"async\" width=\"800\" height=\"800\" src=\"https:\/\/www.usborkeychain.com\/wp-content\/uploads\/DeepSeaShark-USB-flash-drive.jpg\" class=\"wp-image-4567\" srcset=\"https:\/\/www.usborkeychain.com\/wp-content\/uploads\/DeepSeaShark-USB-flash-drive.jpg 800w, https:\/\/www.usborkeychain.com\/wp-content\/uploads\/DeepSeaShark-USB-flash-drive-300x300.jpg 300w, https:\/\/www.usborkeychain.com\/wp-content\/uploads\/DeepSeaShark-USB-flash-drive-150x150.jpg 150w, https:\/\/www.usborkeychain.com\/wp-content\/uploads\/DeepSeaShark-USB-flash-drive-768x768.jpg 768w, https:\/\/www.usborkeychain.com\/wp-content\/uploads\/DeepSeaShark-USB-flash-drive-12x12.jpg 12w, https:\/\/www.usborkeychain.com\/wp-content\/uploads\/DeepSeaShark-USB-flash-drive-600x600.jpg 600w, https:\/\/www.usborkeychain.com\/wp-content\/uploads\/DeepSeaShark-USB-flash-drive-100x100.jpg 100w\" sizes=\"(max-width: 800px) 100vw, 800px\" \/><\/figure>\n<\/div>\n\n\n\n<div class=\"wp-block-column is-vertically-aligned-center is-layout-flow wp-block-column-is-layout-flow\">\n<p>Optar pela personaliza\u00e7\u00e3o por um fabricante profissional \u00e9 a melhor maneira de obter um <strong>Unidade flash USB em forma de tubar\u00e3o.<\/strong> Como uma empresa especializada em personaliza\u00e7\u00e3o de unidades flash USB, temos t\u00e9cnicas de produ\u00e7\u00e3o maduras e vasta experi\u00eancia, e podemos oferecer os seguintes servi\u00e7os personalizados:<\/p>\n\n\n\n<ul class=\"wp-block-list\">\n<li><strong>Molde - personaliza\u00e7\u00e3o de fabrica\u00e7\u00e3o<\/strong>: Podemos ajustar os detalhes do formato do tubar\u00e3o de acordo com suas ideias criativas, como alterar a curvatura da barbatana dorsal ou a propor\u00e7\u00e3o do corpo. Por meio da fabrica\u00e7\u00e3o profissional de moldes, podemos apresentar com precis\u00e3o seu design exclusivo de tubar\u00e3o, atendendo a requisitos est\u00e9ticos e criativos exclusivos da marca.<\/li>\n\n\n\n<li><strong>Personaliza\u00e7\u00e3o de cores<\/strong>: Oferecemos uma grande variedade de op\u00e7\u00f5es de cores. Voc\u00ea pode personalizar a cor principal do tubar\u00e3o, como azul-marinho profundo ou cinza-prateado, para combinar com temas oce\u00e2nicos ou cores VI corporativas, tornando o pen drive mais personalizado.<\/li>\n\n\n\n<li><strong>Personaliza\u00e7\u00e3o do logotipo<\/strong>: Usamos t\u00e9cnicas de serigrafia, tampografia ou grava\u00e7\u00e3o a laser para imprimir ou gravar claramente logotipos de marcas e padr\u00f5es personalizados na superf\u00edcie da unidade flash USB. Esses logotipos e padr\u00f5es s\u00e3o fixados com firmeza e n\u00e3o se desprendem facilmente. Isso ajuda as empresas a criar perif\u00e9ricos de marca exclusivos ou permite que as pessoas personalizem itens de armazenamento exclusivos com tema oce\u00e2nico. Controlamos rigorosamente a qualidade do material e a m\u00e3o de obra para garantir a qualidade do produto e a experi\u00eancia do usu\u00e1rio.<\/li>\n<\/ul>\n<\/div>\n<\/div>\n\n\n\n<h2 class=\"wp-block-heading\">Par\u00e2metros da unidade flash USB<\/h2>\n\n\n\n<figure class=\"wp-block-table\"><table class=\"has-fixed-layout\"><thead><tr><th>Tipo de par\u00e2metro<\/th><th>Detalhes<\/th><\/tr><\/thead><tbody><tr><td>Tipo de interface<\/td><td>USB2.0, USB3.0<\/td><\/tr><tr><td>Capacidade de armazenamento<\/td><td>8 GB, 16 GB, 32 GB, 64 GB, 128 GB<\/td><\/tr><tr><td>Dimens\u00f5es do produto (comprimento \u00d7 largura \u00d7 espessura)<\/td><td>Aproximadamente 70 mm \u00d7 20 mm \u00d7 15 mm<\/td><\/tr><tr><td>Peso<\/td><td>Aproximadamente 18g<\/td><\/tr><\/tbody><\/table><\/figure>\n\n\n\n<h2 class=\"wp-block-heading\">Qual \u00e9 o significado desse design?<\/h2>\n\n\n\n<div class=\"wp-block-columns is-layout-flex wp-container-core-columns-is-layout-28f84493 wp-block-columns-is-layout-flex\">\n<div class=\"wp-block-column is-vertically-aligned-center is-layout-flow wp-block-column-is-layout-flow\">\n<p>O design do <strong>Unidade flash USB em formato de tubar\u00e3o<\/strong> cont\u00e9m um profundo senso de prote\u00e7\u00e3o animal. Os tubar\u00f5es, como esp\u00e9cies-chave no ecossistema oce\u00e2nico, enfrentam amea\u00e7as de sobreviv\u00eancia devido \u00e0 pesca excessiva, \u00e0 polui\u00e7\u00e3o do oceano e a outros fatores. A incorpora\u00e7\u00e3o da imagem do tubar\u00e3o no design da unidade flash USB permite que as pessoas prestem aten\u00e7\u00e3o inconscientemente \u00e0 situa\u00e7\u00e3o de sobreviv\u00eancia dos tubar\u00f5es enquanto usam esse \"pequeno tubar\u00e3o\" para armazenar dados em seu cotidiano. Isso dissemina ainda mais o conceito de proteger a vida marinha e manter o equil\u00edbrio do ecossistema oce\u00e2nico. Assim, esse bonito item de armazenamento se torna uma \"esta\u00e7\u00e3o de publicidade m\u00f3vel\" para a prote\u00e7\u00e3o do oceano, agregando valor ao bem-estar p\u00fablico e despertando a preocupa\u00e7\u00e3o de mais pessoas com o ecossistema do oceano.<\/p>\n<\/div>\n\n\n\n<div class=\"wp-block-column is-vertically-aligned-center is-layout-flow wp-block-column-is-layout-flow\">\n<figure class=\"wp-block-image size-full\"><img alt=\"\" decoding=\"async\" width=\"800\" height=\"800\" src=\"https:\/\/www.usborkeychain.com\/wp-content\/uploads\/CoolShark-USB-flash-drive.jpg\" class=\"wp-image-4566\" srcset=\"https:\/\/www.usborkeychain.com\/wp-content\/uploads\/CoolShark-USB-flash-drive.jpg 800w, https:\/\/www.usborkeychain.com\/wp-content\/uploads\/CoolShark-USB-flash-drive-300x300.jpg 300w, https:\/\/www.usborkeychain.com\/wp-content\/uploads\/CoolShark-USB-flash-drive-150x150.jpg 150w, https:\/\/www.usborkeychain.com\/wp-content\/uploads\/CoolShark-USB-flash-drive-768x768.jpg 768w, https:\/\/www.usborkeychain.com\/wp-content\/uploads\/CoolShark-USB-flash-drive-12x12.jpg 12w, https:\/\/www.usborkeychain.com\/wp-content\/uploads\/CoolShark-USB-flash-drive-600x600.jpg 600w, https:\/\/www.usborkeychain.com\/wp-content\/uploads\/CoolShark-USB-flash-drive-100x100.jpg 100w\" sizes=\"(max-width: 800px) 100vw, 800px\" \/><\/figure>\n<\/div>\n<\/div>\n\n\n\n<h2 class=\"wp-block-heading\">Para quais empresas ele \u00e9 adequado?<\/h2>\n\n\n\n<div class=\"wp-block-columns is-layout-flex wp-container-core-columns-is-layout-28f84493 wp-block-columns-is-layout-flex\">\n<div class=\"wp-block-column is-vertically-aligned-center is-layout-flow wp-block-column-is-layout-flow\">\n<figure class=\"wp-block-image size-full\"><img alt=\"\" loading=\"lazy\" decoding=\"async\" width=\"800\" height=\"800\" src=\"https:\/\/www.usborkeychain.com\/wp-content\/uploads\/Shark-File-Keeper-USB-flash-drive.jpg\" class=\"wp-image-4568\" srcset=\"https:\/\/www.usborkeychain.com\/wp-content\/uploads\/Shark-File-Keeper-USB-flash-drive.jpg 800w, https:\/\/www.usborkeychain.com\/wp-content\/uploads\/Shark-File-Keeper-USB-flash-drive-300x300.jpg 300w, https:\/\/www.usborkeychain.com\/wp-content\/uploads\/Shark-File-Keeper-USB-flash-drive-150x150.jpg 150w, https:\/\/www.usborkeychain.com\/wp-content\/uploads\/Shark-File-Keeper-USB-flash-drive-768x768.jpg 768w, https:\/\/www.usborkeychain.com\/wp-content\/uploads\/Shark-File-Keeper-USB-flash-drive-12x12.jpg 12w, https:\/\/www.usborkeychain.com\/wp-content\/uploads\/Shark-File-Keeper-USB-flash-drive-600x600.jpg 600w, https:\/\/www.usborkeychain.com\/wp-content\/uploads\/Shark-File-Keeper-USB-flash-drive-100x100.jpg 100w\" sizes=\"(max-width: 800px) 100vw, 800px\" \/><\/figure>\n<\/div>\n\n\n\n<div class=\"wp-block-column is-vertically-aligned-center is-layout-flow wp-block-column-is-layout-flow\">\n<ul class=\"wp-block-list\">\n<li><strong>Aqu\u00e1rios\/Organiza\u00e7\u00f5es de conserva\u00e7\u00e3o dos oceanos<\/strong>: Eles podem personalizar unidades flash USB em formato de tubar\u00e3o como presentes para os compradores de ingressos ou benef\u00edcios para os membros.<\/li>\n\n\n\n<li><strong>Empresas de turismo oce\u00e2nico<\/strong>: Durante os passeios pelas ilhas, viagens de mergulho e outros projetos, eles podem armazenar fotos de viagem e guias de viagem pelo oceano nas unidades flash USB em forma de tubar\u00e3o e oferec\u00ea-las aos turistas como lembran\u00e7as de viagem.<\/li>\n\n\n\n<li><strong>Institui\u00e7\u00f5es de treinamento e populariza\u00e7\u00e3o da ci\u00eancia dos oceanos<\/strong>: Eles podem armazenar material did\u00e1tico de conhecimento sobre o oceano e anima\u00e7\u00f5es de populariza\u00e7\u00e3o cient\u00edfica relacionadas a tubar\u00f5es nas unidades flash USB e us\u00e1-los como pacotes de material did\u00e1tico para os alunos.<\/li>\n\n\n\n<li><strong>Empresas de tecnologia (com \u00eanfase no esp\u00edrito de inova\u00e7\u00e3o\/explora\u00e7\u00e3o)<\/strong>: Eles podem usar essas unidades flash USB em reuni\u00f5es anuais ou em eventos de agradecimento aos clientes.<\/li>\n\n\n\n<li><strong>Empresas de design criativo<\/strong>: Eles podem personalizar unidades flash USB exclusivas em forma de tubar\u00e3o como presentes para a conclus\u00e3o de projetos criativos.<\/li>\n<\/ul>\n<\/div>\n<\/div>\n\n\n\n<p>O <strong>Unidade flash USB em formato de tubar\u00e3o<\/strong> \u00e9 baseado em uma apar\u00eancia bonita com tema de oceano e em um material de PVC ecologicamente correto. Ele tem par\u00e2metros avan\u00e7ados para atender a v\u00e1rias necessidades, incorpora o conceito de prote\u00e7\u00e3o dos animais marinhos e \u00e9 adequado para v\u00e1rios cen\u00e1rios, como empresas com tem\u00e1tica marinha, educa\u00e7\u00e3o e brindes corporativos. Seja para armazenamento pr\u00e1tico, personaliza\u00e7\u00e3o criativa ou para transmitir o valor de bem-estar p\u00fablico da prote\u00e7\u00e3o dos oceanos, ele pode se tornar um item exclusivo entre os dispositivos de armazenamento com suas vantagens triplas de \"fofura + funcionalidade + import\u00e2ncia\".<\/p>","protected":false},"excerpt":{"rendered":"<ul>\n<li>Material de PVC<\/li>\n<li>Tubar\u00e3o - em forma<\/li>\n<li>Projetos de estilos diferentes<\/li>\n<li>RoHS<\/li>\n<li>MOQ:100PCS<\/li>\n<\/ul>","protected":false},"featured_media":4565,"comment_status":"open","ping_status":"closed","template":"","meta":{"_seopress_robots_primary_cat":"","_seopress_titles_title":"","_seopress_titles_desc":"","_seopress_robots_index":"","site-sidebar-layout":"default","site-content-layout":"","ast-site-content-layout":"","site-content-style":"default","site-sidebar-style":"default","ast-global-header-display":"","ast-banner-title-visibility":"","ast-main-header-display":"","ast-hfb-above-header-display":"","ast-hfb-below-header-display":"","ast-hfb-mobile-header-display":"","site-post-title":"","ast-breadcrumbs-content":"","ast-featured-img":"","footer-sml-layout":"","theme-transparent-header-meta":"","adv-header-id-meta":"","stick-header-meta":"","header-above-stick-meta":"","header-main-stick-meta":"","header-below-stick-meta":"","astra-migrate-meta-layouts":"default","ast-page-background-enabled":"default","ast-page-background-meta":{"desktop":{"background-color":"var(--ast-global-color-5)","background-image":"","background-repeat":"repeat","background-position":"center center","background-size":"auto","background-attachment":"scroll","background-type":"","background-media":"","overlay-type":"","overlay-color":"","overlay-opacity":"","overlay-gradient":""},"tablet":{"background-color":"","background-image":"","background-repeat":"repeat","background-position":"center center","background-size":"auto","background-attachment":"scroll","background-type":"","background-media":"","overlay-type":"","overlay-color":"","overlay-opacity":"","overlay-gradient":""},"mobile":{"background-color":"","background-image":"","background-repeat":"repeat","background-position":"center center","background-size":"auto","background-attachment":"scroll","background-type":"","background-media":"","overlay-type":"","overlay-color":"","overlay-opacity":"","overlay-gradient":""}},"ast-content-background-meta":{"desktop":{"background-color":"var(--ast-global-color-4)","background-image":"","background-repeat":"repeat","background-position":"center center","background-size":"auto","background-attachment":"scroll","background-type":"","background-media":"","overlay-type":"","overlay-color":"","overlay-opacity":"","overlay-gradient":""},"tablet":{"background-color":"var(--ast-global-color-4)","background-image":"","background-repeat":"repeat","background-position":"center center","background-size":"auto","background-attachment":"scroll","background-type":"","background-media":"","overlay-type":"","overlay-color":"","overlay-opacity":"","overlay-gradient":""},"mobile":{"background-color":"var(--ast-global-color-4)","background-image":"","background-repeat":"repeat","background-position":"center center","background-size":"auto","background-attachment":"scroll","background-type":"","background-media":"","overlay-type":"","overlay-color":"","overlay-opacity":"","overlay-gradient":""}}},"product_brand":[],"product_cat":[94],"product_tag":[248,274],"class_list":{"0":"post-4562","1":"product","2":"type-product","3":"status-publish","4":"has-post-thumbnail","6":"product_cat-pvc-usb-pendrive","7":"product_tag-pvc-usb-flash-drive","8":"product_tag-shark-shaped-usb-flash-drive","9":"desktop-align-left","10":"tablet-align-left","11":"mobile-align-left","13":"first","14":"instock","15":"shipping-taxable","16":"product-type-simple"},"_links":{"self":[{"href":"https:\/\/www.usborkeychain.com\/pt\/wp-json\/wp\/v2\/product\/4562","targetHints":{"allow":["GET"]}}],"collection":[{"href":"https:\/\/www.usborkeychain.com\/pt\/wp-json\/wp\/v2\/product"}],"about":[{"href":"https:\/\/www.usborkeychain.com\/pt\/wp-json\/wp\/v2\/types\/product"}],"replies":[{"embeddable":true,"href":"https:\/\/www.usborkeychain.com\/pt\/wp-json\/wp\/v2\/comments?post=4562"}],"wp:featuredmedia":[{"embeddable":true,"href":"https:\/\/www.usborkeychain.com\/pt\/wp-json\/wp\/v2\/media\/4565"}],"wp:attachment":[{"href":"https:\/\/www.usborkeychain.com\/pt\/wp-json\/wp\/v2\/media?parent=4562"}],"wp:term":[{"taxonomy":"product_brand","embeddable":true,"href":"https:\/\/www.usborkeychain.com\/pt\/wp-json\/wp\/v2\/product_brand?post=4562"},{"taxonomy":"product_cat","embeddable":true,"href":"https:\/\/www.usborkeychain.com\/pt\/wp-json\/wp\/v2\/product_cat?post=4562"},{"taxonomy":"product_tag","embeddable":true,"href":"https:\/\/www.usborkeychain.com\/pt\/wp-json\/wp\/v2\/product_tag?post=4562"}],"curies":[{"name":"wp","href":"https:\/\/api.w.org\/{rel}","templated":true}]}}