{"id":4569,"date":"2025-07-25T03:38:47","date_gmt":"2025-07-25T03:38:47","guid":{"rendered":"https:\/\/www.usborkeychain.com\/?post_type=product&#038;p=4569"},"modified":"2025-07-25T04:08:04","modified_gmt":"2025-07-25T04:08:04","slug":"lighter-shaped-usb-flash-drive","status":"publish","type":"product","link":"https:\/\/www.usborkeychain.com\/pt\/produto\/lighter-shaped-usb-flash-drive\/","title":{"rendered":"Isqueiro de pl\u00e1stico cl\u00e1ssico Unidade flash USB"},"content":{"rendered":"<div class=\"wp-block-columns is-layout-flex wp-container-core-columns-is-layout-28f84493 wp-block-columns-is-layout-flex\">\n<div class=\"wp-block-column is-vertically-aligned-center is-layout-flow wp-block-column-is-layout-flow\">\n<p>Isso <strong>Unidade flash USB em formato de isqueiro<\/strong> \u00e9 modelado com base em isqueiros cl\u00e1ssicos, apresentando linhas externas esbeltas e simples. O design geral \u00e9 pequeno e delicado, reproduzindo muito bem a forma de um isqueiro, e \u00e9 altamente reconhec\u00edvel quando segurado na m\u00e3o.<\/p>\n\n\n\n<p>Ele \u00e9 feito de<strong> metal de alta qualidade <\/strong>(como a liga de alum\u00ednio) combinados com materiais pl\u00e1sticos ecologicamente corretos. A parte met\u00e1lica confere ao produto uma propriedade s\u00f3lida e resistente ao desgaste. N\u00e3o \u00e9 f\u00e1cil arranh\u00e1-la ou deform\u00e1-la durante o uso di\u00e1rio, protegendo efetivamente o chip de armazenamento interno. A parte de pl\u00e1stico \u00e9 leve, o que faz com que a unidade flash USB inteira tenha um peso gerenci\u00e1vel e seja f\u00e1cil de transportar. A superf\u00edcie \u00e9 finamente processada, oferecendo uma sensa\u00e7\u00e3o suave ao toque.<\/p>\n\n\n\n<p>Seu tamanho \u00e9 pequeno, semelhante ao de um isqueiro comum, e pode ser facilmente colocado em bolsos, carteiras ou bolsas para chaves.<\/p>\n<\/div>\n\n\n\n<div class=\"wp-block-column is-vertically-aligned-center is-layout-flow wp-block-column-is-layout-flow\">\n<figure class=\"wp-block-image size-full\"><img alt=\"\" fetchpriority=\"high\" decoding=\"async\" width=\"800\" height=\"800\" src=\"https:\/\/www.usborkeychain.com\/wp-content\/uploads\/Shiny-Lighter-USB-flash-drive.jpg\" class=\"wp-image-4580\" srcset=\"https:\/\/www.usborkeychain.com\/wp-content\/uploads\/Shiny-Lighter-USB-flash-drive.jpg 800w, https:\/\/www.usborkeychain.com\/wp-content\/uploads\/Shiny-Lighter-USB-flash-drive-300x300.jpg 300w, https:\/\/www.usborkeychain.com\/wp-content\/uploads\/Shiny-Lighter-USB-flash-drive-150x150.jpg 150w, https:\/\/www.usborkeychain.com\/wp-content\/uploads\/Shiny-Lighter-USB-flash-drive-768x768.jpg 768w, https:\/\/www.usborkeychain.com\/wp-content\/uploads\/Shiny-Lighter-USB-flash-drive-12x12.jpg 12w, https:\/\/www.usborkeychain.com\/wp-content\/uploads\/Shiny-Lighter-USB-flash-drive-600x600.jpg 600w, https:\/\/www.usborkeychain.com\/wp-content\/uploads\/Shiny-Lighter-USB-flash-drive-100x100.jpg 100w\" sizes=\"(max-width: 800px) 100vw, 800px\" \/><\/figure>\n<\/div>\n<\/div>\n\n\n\n<h2 class=\"wp-block-heading\">Par\u00e2metros da unidade flash USB<\/h2>\n\n\n\n<figure class=\"wp-block-table\"><table class=\"has-fixed-layout\"><thead><tr><th>Tipo de par\u00e2metro<\/th><th>Detalhes<\/th><\/tr><\/thead><tbody><tr><td>Tipo de interface<\/td><td>USB2.0, USB3.0<\/td><\/tr><tr><td>Capacidade de armazenamento<\/td><td>8 GB, 16 GB, 32 GB, 64 GB, 128 GB<\/td><\/tr><tr><td>Dimens\u00f5es do produto (comprimento \u00d7 largura \u00d7 espessura)<\/td><td>Aproximadamente 80 mm \u00d7 20 mm \u00d7 12 mm<\/td><\/tr><tr><td>Peso<\/td><td>Aproximadamente 20g<\/td><\/tr><\/tbody><\/table><\/figure>\n\n\n\n<h2 class=\"wp-block-heading\">Quais s\u00e3o os recursos mais importantes dessa unidade flash USB?<\/h2>\n\n\n\n<div class=\"wp-block-columns is-layout-flex wp-container-core-columns-is-layout-28f84493 wp-block-columns-is-layout-flex\">\n<div class=\"wp-block-column is-vertically-aligned-center is-layout-flow wp-block-column-is-layout-flow\">\n<figure class=\"wp-block-image size-full\"><img alt=\"\" decoding=\"async\" width=\"800\" height=\"800\" src=\"https:\/\/www.usborkeychain.com\/wp-content\/uploads\/Color-Lighter-USB-flash-drive.jpg\" class=\"wp-image-4576\" srcset=\"https:\/\/www.usborkeychain.com\/wp-content\/uploads\/Color-Lighter-USB-flash-drive.jpg 800w, https:\/\/www.usborkeychain.com\/wp-content\/uploads\/Color-Lighter-USB-flash-drive-300x300.jpg 300w, https:\/\/www.usborkeychain.com\/wp-content\/uploads\/Color-Lighter-USB-flash-drive-150x150.jpg 150w, https:\/\/www.usborkeychain.com\/wp-content\/uploads\/Color-Lighter-USB-flash-drive-768x768.jpg 768w, https:\/\/www.usborkeychain.com\/wp-content\/uploads\/Color-Lighter-USB-flash-drive-12x12.jpg 12w, https:\/\/www.usborkeychain.com\/wp-content\/uploads\/Color-Lighter-USB-flash-drive-600x600.jpg 600w, https:\/\/www.usborkeychain.com\/wp-content\/uploads\/Color-Lighter-USB-flash-drive-100x100.jpg 100w\" sizes=\"(max-width: 800px) 100vw, 800px\" \/><\/figure>\n<\/div>\n\n\n\n<div class=\"wp-block-column is-vertically-aligned-center is-layout-flow wp-block-column-is-layout-flow\">\n<h3 class=\"wp-block-heading\">Material:<\/h3>\n\n\n\n<p>As unidades USB cl\u00e1ssicas de pl\u00e1stico s\u00e3o centradas em materiais pl\u00e1sticos e apresentam vantagens exclusivas em termos de criatividade de design, controle de custos e uso di\u00e1rio. Eles s\u00e3o adequados para cen\u00e1rios em que se busca desempenho de alto custo, portabilidade leve e personaliza\u00e7\u00e3o criativa.<\/p>\n<\/div>\n<\/div>\n\n\n\n<div class=\"wp-block-columns is-layout-flex wp-container-core-columns-is-layout-28f84493 wp-block-columns-is-layout-flex\">\n<div class=\"wp-block-column is-vertically-aligned-center is-layout-flow wp-block-column-is-layout-flow\">\n<figure class=\"wp-block-image size-full\"><img alt=\"\" decoding=\"async\" width=\"800\" height=\"800\" src=\"https:\/\/www.usborkeychain.com\/wp-content\/uploads\/Lighter-USB-Drive.png\" class=\"wp-image-4578\" srcset=\"https:\/\/www.usborkeychain.com\/wp-content\/uploads\/Lighter-USB-Drive.png 800w, https:\/\/www.usborkeychain.com\/wp-content\/uploads\/Lighter-USB-Drive-300x300.png 300w, https:\/\/www.usborkeychain.com\/wp-content\/uploads\/Lighter-USB-Drive-150x150.png 150w, https:\/\/www.usborkeychain.com\/wp-content\/uploads\/Lighter-USB-Drive-768x768.png 768w, https:\/\/www.usborkeychain.com\/wp-content\/uploads\/Lighter-USB-Drive-12x12.png 12w, https:\/\/www.usborkeychain.com\/wp-content\/uploads\/Lighter-USB-Drive-600x600.png 600w, https:\/\/www.usborkeychain.com\/wp-content\/uploads\/Lighter-USB-Drive-100x100.png 100w\" sizes=\"(max-width: 800px) 100vw, 800px\" \/><\/figure>\n<\/div>\n\n\n\n<div class=\"wp-block-column is-vertically-aligned-center is-layout-flow wp-block-column-is-layout-flow\">\n<h3 class=\"wp-block-heading\">LOGOTIPO personalizado<\/h3>\n\n\n\n<p>O inv\u00f3lucro dessa unidade USB mais leve \u00e9 adequado para impress\u00e3o em tela de seda. A impress\u00e3o serigr\u00e1fica \u00e9 ideal para padr\u00f5es simples ou de uma \u00fanica cor: usando um rodo para pressionar a tinta sobre a superf\u00edcie do pen drive, ela \u00e9 particularmente adequada para conchas de pl\u00e1stico ou superf\u00edcies pintadas de metal. Ela apresenta cores brilhantes, baixo custo e alta efici\u00eancia na personaliza\u00e7\u00e3o em massa, mas requer uma \u00e1rea de impress\u00e3o plana para evitar a distor\u00e7\u00e3o do padr\u00e3o causada por superf\u00edcies curvas.<\/p>\n\n\n\n<p>Os logotipos de impress\u00e3o em cores, por outro lado, s\u00e3o adequados para gradientes multicoloridos e padr\u00f5es complexos (como logotipos de marcas com elementos detalhados). Adotando a tecnologia de jato de tinta digital, eles podem restaurar com precis\u00e3o os gradientes de cores e se ajustar \u00e0 superf\u00edcie curva do isqueiro. Entretanto, \u00e9 necess\u00e1rio escolher uma tinta resistente ao desgaste (especialmente para materiais met\u00e1licos) e testar a ades\u00e3o com anteced\u00eancia para evitar o desbotamento ap\u00f3s o uso prolongado.<\/p>\n<\/div>\n<\/div>\n\n\n\n<h2 class=\"wp-block-heading\">Quais empresas podem us\u00e1-lo como um presente?<\/h2>\n\n\n\n<div class=\"wp-block-columns are-vertically-aligned-center is-layout-flex wp-container-core-columns-is-layout-28f84493 wp-block-columns-is-layout-flex\">\n<div class=\"wp-block-column is-vertically-aligned-center is-layout-flow wp-block-column-is-layout-flow\">\n<ul class=\"wp-block-list\">\n<li>Fabricantes de marcas de isqueiros: Eles podem lan\u00e7ar produtos de marca conjunta \"isqueiro - unidade flash USB\" para expandir seus limites de neg\u00f3cios como perif\u00e9ricos de marca.<\/li>\n\n\n\n<li>Empresas de varejo de tabaco: Durante as promo\u00e7\u00f5es de festivais e eventos de agradecimento aos associados, elas podem distribu\u00ed-lo com caixas de presente de produtos de tabaco.<\/li>\n\n\n\n<li>Empresas de brindes comerciais: Elas podem personalizar brindes para v\u00e1rias empresas, como institui\u00e7\u00f5es financeiras e empresas de consultoria.<\/li>\n\n\n\n<li>Para a conclus\u00e3o de projetos criativos: Personalize unidades flash USB em formato de isqueiro com elementos criativos corporativos (como cores da marca e slogans criativos) para mostrar a for\u00e7a do design e o pensamento inovador da empresa.<\/li>\n\n\n\n<li>Start ups de tecnologia: Elas podem us\u00e1-lo como um presente para os participantes de lan\u00e7amentos de produtos, roadshows de financiamento e outros eventos.<\/li>\n<\/ul>\n<\/div>\n\n\n\n<div class=\"wp-block-column is-vertically-aligned-center is-layout-flow wp-block-column-is-layout-flow\">\n<figure class=\"wp-block-image size-full\"><img alt=\"\" loading=\"lazy\" decoding=\"async\" width=\"800\" height=\"800\" src=\"https:\/\/www.usborkeychain.com\/wp-content\/uploads\/Sleek-Lighter-USB-flash-drive.jpg\" class=\"wp-image-4581\" srcset=\"https:\/\/www.usborkeychain.com\/wp-content\/uploads\/Sleek-Lighter-USB-flash-drive.jpg 800w, https:\/\/www.usborkeychain.com\/wp-content\/uploads\/Sleek-Lighter-USB-flash-drive-300x300.jpg 300w, https:\/\/www.usborkeychain.com\/wp-content\/uploads\/Sleek-Lighter-USB-flash-drive-150x150.jpg 150w, https:\/\/www.usborkeychain.com\/wp-content\/uploads\/Sleek-Lighter-USB-flash-drive-768x768.jpg 768w, https:\/\/www.usborkeychain.com\/wp-content\/uploads\/Sleek-Lighter-USB-flash-drive-12x12.jpg 12w, https:\/\/www.usborkeychain.com\/wp-content\/uploads\/Sleek-Lighter-USB-flash-drive-600x600.jpg 600w, https:\/\/www.usborkeychain.com\/wp-content\/uploads\/Sleek-Lighter-USB-flash-drive-100x100.jpg 100w\" sizes=\"(max-width: 800px) 100vw, 800px\" \/><\/figure>\n<\/div>\n<\/div>\n\n\n\n<h2 class=\"wp-block-heading\">Quais s\u00e3o as vantagens do design do chaveiro?<\/h2>\n\n\n\n<div class=\"wp-block-columns is-layout-flex wp-container-core-columns-is-layout-28f84493 wp-block-columns-is-layout-flex\">\n<div class=\"wp-block-column is-vertically-aligned-center is-layout-flow wp-block-column-is-layout-flow\">\n<figure class=\"wp-block-image size-full\"><img alt=\"\" loading=\"lazy\" decoding=\"async\" width=\"800\" height=\"800\" src=\"https:\/\/www.usborkeychain.com\/wp-content\/uploads\/Minimal-Lighter-USB-flash-Drive.jpg\" class=\"wp-image-4579\" srcset=\"https:\/\/www.usborkeychain.com\/wp-content\/uploads\/Minimal-Lighter-USB-flash-Drive.jpg 800w, https:\/\/www.usborkeychain.com\/wp-content\/uploads\/Minimal-Lighter-USB-flash-Drive-300x300.jpg 300w, https:\/\/www.usborkeychain.com\/wp-content\/uploads\/Minimal-Lighter-USB-flash-Drive-150x150.jpg 150w, https:\/\/www.usborkeychain.com\/wp-content\/uploads\/Minimal-Lighter-USB-flash-Drive-768x768.jpg 768w, https:\/\/www.usborkeychain.com\/wp-content\/uploads\/Minimal-Lighter-USB-flash-Drive-12x12.jpg 12w, https:\/\/www.usborkeychain.com\/wp-content\/uploads\/Minimal-Lighter-USB-flash-Drive-600x600.jpg 600w, https:\/\/www.usborkeychain.com\/wp-content\/uploads\/Minimal-Lighter-USB-flash-Drive-100x100.jpg 100w\" sizes=\"(max-width: 800px) 100vw, 800px\" \/><\/figure>\n<\/div>\n\n\n\n<div class=\"wp-block-column is-vertically-aligned-center is-layout-flow wp-block-column-is-layout-flow\">\n<p>O <strong>chaveiro<\/strong> \u00e9 geralmente feito de metal (como a\u00e7o inoxid\u00e1vel) e \u00e9 conectado ao corpo principal da unidade flash USB por meio de um orif\u00edcio para pendurar, o que \u00e9 firme e confi\u00e1vel. Esse design aumenta ainda mais a portabilidade. Ele pode ser pendurado diretamente em chaveiros ou fivelas de mochilas, levado junto com chaves e mochilas, reduzindo o risco de perda da unidade flash USB. Al\u00e9m disso, ele pode transformar a unidade flash USB em um \"pequeno acess\u00f3rio elegante\" para chaves e mochilas, combinando praticidade e fun\u00e7\u00f5es decorativas para atender \u00e0s diversas necessidades de transporte dos usu\u00e1rios.<\/p>\n<\/div>\n<\/div>\n\n\n\n<div class=\"wp-block-columns is-layout-flex wp-container-core-columns-is-layout-28f84493 wp-block-columns-is-layout-flex\">\n<div class=\"wp-block-column is-layout-flow wp-block-column-is-layout-flow\">\n<div class=\"wp-block-columns is-layout-flex wp-container-core-columns-is-layout-28f84493 wp-block-columns-is-layout-flex\">\n<div class=\"wp-block-column is-layout-flow wp-block-column-is-layout-flow\">\n<div class=\"wp-block-columns is-layout-flex wp-container-core-columns-is-layout-28f84493 wp-block-columns-is-layout-flex\">\n<div class=\"wp-block-column is-vertically-aligned-center is-layout-flow wp-block-column-is-layout-flow\">\n<figure class=\"wp-block-image size-full\"><img alt=\"\" loading=\"lazy\" decoding=\"async\" width=\"800\" height=\"800\" src=\"https:\/\/www.usborkeychain.com\/wp-content\/uploads\/Lighter-Storage-USB-drive.png\" class=\"wp-image-4577\" srcset=\"https:\/\/www.usborkeychain.com\/wp-content\/uploads\/Lighter-Storage-USB-drive.png 800w, https:\/\/www.usborkeychain.com\/wp-content\/uploads\/Lighter-Storage-USB-drive-300x300.png 300w, https:\/\/www.usborkeychain.com\/wp-content\/uploads\/Lighter-Storage-USB-drive-150x150.png 150w, https:\/\/www.usborkeychain.com\/wp-content\/uploads\/Lighter-Storage-USB-drive-768x768.png 768w, https:\/\/www.usborkeychain.com\/wp-content\/uploads\/Lighter-Storage-USB-drive-12x12.png 12w, https:\/\/www.usborkeychain.com\/wp-content\/uploads\/Lighter-Storage-USB-drive-600x600.png 600w, https:\/\/www.usborkeychain.com\/wp-content\/uploads\/Lighter-Storage-USB-drive-100x100.png 100w\" sizes=\"(max-width: 800px) 100vw, 800px\" \/><\/figure>\n<\/div>\n\n\n\n<div class=\"wp-block-column is-vertically-aligned-center is-layout-flow wp-block-column-is-layout-flow\">\n<p>O<strong> Unidade flash USB em formato de isqueiro<\/strong> \u00e9 baseado em uma apar\u00eancia exclusiva e em materiais de alta qualidade. Possui par\u00e2metros avan\u00e7ados para atender a v\u00e1rios cen\u00e1rios, grande praticidade e suporta personaliza\u00e7\u00e3o. O design do chaveiro melhora ainda mais a portabilidade. Seja para que as empresas de tabaco expandam suas marcas, para que as empresas comerciais transmitam suas imagens ou para que as empresas criativas e de tecnologia mostrem seus recursos, ele pode se tornar uma op\u00e7\u00e3o not\u00e1vel nos mercados de dispositivos de armazenamento e presentes, injetando nova vitalidade no armazenamento de dados e na comunica\u00e7\u00e3o da marca.<\/p>\n<\/div>\n\n\n\n<div class=\"wp-block-column is-vertically-aligned-center is-layout-flow wp-block-column-is-layout-flow\">\n<figure class=\"wp-block-image size-full\"><img alt=\"\" loading=\"lazy\" decoding=\"async\" width=\"800\" height=\"800\" src=\"https:\/\/www.usborkeychain.com\/wp-content\/uploads\/ChicLighter-USB-flash-Drive.jpg\" class=\"wp-image-4575\" srcset=\"https:\/\/www.usborkeychain.com\/wp-content\/uploads\/ChicLighter-USB-flash-Drive.jpg 800w, https:\/\/www.usborkeychain.com\/wp-content\/uploads\/ChicLighter-USB-flash-Drive-300x300.jpg 300w, https:\/\/www.usborkeychain.com\/wp-content\/uploads\/ChicLighter-USB-flash-Drive-150x150.jpg 150w, https:\/\/www.usborkeychain.com\/wp-content\/uploads\/ChicLighter-USB-flash-Drive-768x768.jpg 768w, https:\/\/www.usborkeychain.com\/wp-content\/uploads\/ChicLighter-USB-flash-Drive-12x12.jpg 12w, https:\/\/www.usborkeychain.com\/wp-content\/uploads\/ChicLighter-USB-flash-Drive-600x600.jpg 600w, https:\/\/www.usborkeychain.com\/wp-content\/uploads\/ChicLighter-USB-flash-Drive-100x100.jpg 100w\" sizes=\"(max-width: 800px) 100vw, 800px\" \/><\/figure>\n<\/div>\n<\/div>\n<\/div>\n<\/div>\n<\/div>\n<\/div>","protected":false},"excerpt":{"rendered":"<ul>\n<li>Com formato mais leve<\/li>\n<li>Metal de alta qualidade<\/li>\n<li>Chaveiro<\/li>\n<li>Personaliza\u00e7\u00e3o de cores diferentes<\/li>\n<li>MOQ:100PCS<\/li>\n<\/ul>","protected":false},"featured_media":4580,"comment_status":"open","ping_status":"closed","template":"","meta":{"_seopress_robots_primary_cat":"none","_seopress_titles_title":"","_seopress_titles_desc":"","_seopress_robots_index":"","site-sidebar-layout":"default","site-content-layout":"","ast-site-content-layout":"","site-content-style":"default","site-sidebar-style":"default","ast-global-header-display":"","ast-banner-title-visibility":"","ast-main-header-display":"","ast-hfb-above-header-display":"","ast-hfb-below-header-display":"","ast-hfb-mobile-header-display":"","site-post-title":"","ast-breadcrumbs-content":"","ast-featured-img":"","footer-sml-layout":"","theme-transparent-header-meta":"","adv-header-id-meta":"","stick-header-meta":"","header-above-stick-meta":"","header-main-stick-meta":"","header-below-stick-meta":"","astra-migrate-meta-layouts":"default","ast-page-background-enabled":"default","ast-page-background-meta":{"desktop":{"background-color":"var(--ast-global-color-5)","background-image":"","background-repeat":"repeat","background-position":"center center","background-size":"auto","background-attachment":"scroll","background-type":"","background-media":"","overlay-type":"","overlay-color":"","overlay-opacity":"","overlay-gradient":""},"tablet":{"background-color":"","background-image":"","background-repeat":"repeat","background-position":"center center","background-size":"auto","background-attachment":"scroll","background-type":"","background-media":"","overlay-type":"","overlay-color":"","overlay-opacity":"","overlay-gradient":""},"mobile":{"background-color":"","background-image":"","background-repeat":"repeat","background-position":"center center","background-size":"auto","background-attachment":"scroll","background-type":"","background-media":"","overlay-type":"","overlay-color":"","overlay-opacity":"","overlay-gradient":""}},"ast-content-background-meta":{"desktop":{"background-color":"var(--ast-global-color-4)","background-image":"","background-repeat":"repeat","background-position":"center center","background-size":"auto","background-attachment":"scroll","background-type":"","background-media":"","overlay-type":"","overlay-color":"","overlay-opacity":"","overlay-gradient":""},"tablet":{"background-color":"var(--ast-global-color-4)","background-image":"","background-repeat":"repeat","background-position":"center center","background-size":"auto","background-attachment":"scroll","background-type":"","background-media":"","overlay-type":"","overlay-color":"","overlay-opacity":"","overlay-gradient":""},"mobile":{"background-color":"var(--ast-global-color-4)","background-image":"","background-repeat":"repeat","background-position":"center center","background-size":"auto","background-attachment":"scroll","background-type":"","background-media":"","overlay-type":"","overlay-color":"","overlay-opacity":"","overlay-gradient":""}}},"product_brand":[],"product_cat":[92,103],"product_tag":[275,248],"class_list":{"0":"post-4569","1":"product","2":"type-product","3":"status-publish","4":"has-post-thumbnail","6":"product_cat-plastic-usb-pendrive","7":"product_cat-usb2-0-usb-pendrive","8":"product_tag-lighter-shaped-usb-flash-drive","9":"product_tag-pvc-usb-flash-drive","10":"desktop-align-left","11":"tablet-align-left","12":"mobile-align-left","14":"first","15":"instock","16":"shipping-taxable","17":"product-type-simple"},"_links":{"self":[{"href":"https:\/\/www.usborkeychain.com\/pt\/wp-json\/wp\/v2\/product\/4569","targetHints":{"allow":["GET"]}}],"collection":[{"href":"https:\/\/www.usborkeychain.com\/pt\/wp-json\/wp\/v2\/product"}],"about":[{"href":"https:\/\/www.usborkeychain.com\/pt\/wp-json\/wp\/v2\/types\/product"}],"replies":[{"embeddable":true,"href":"https:\/\/www.usborkeychain.com\/pt\/wp-json\/wp\/v2\/comments?post=4569"}],"wp:featuredmedia":[{"embeddable":true,"href":"https:\/\/www.usborkeychain.com\/pt\/wp-json\/wp\/v2\/media\/4580"}],"wp:attachment":[{"href":"https:\/\/www.usborkeychain.com\/pt\/wp-json\/wp\/v2\/media?parent=4569"}],"wp:term":[{"taxonomy":"product_brand","embeddable":true,"href":"https:\/\/www.usborkeychain.com\/pt\/wp-json\/wp\/v2\/product_brand?post=4569"},{"taxonomy":"product_cat","embeddable":true,"href":"https:\/\/www.usborkeychain.com\/pt\/wp-json\/wp\/v2\/product_cat?post=4569"},{"taxonomy":"product_tag","embeddable":true,"href":"https:\/\/www.usborkeychain.com\/pt\/wp-json\/wp\/v2\/product_tag?post=4569"}],"curies":[{"name":"wp","href":"https:\/\/api.w.org\/{rel}","templated":true}]}}