{"id":4589,"date":"2025-07-25T12:50:33","date_gmt":"2025-07-25T12:50:33","guid":{"rendered":"https:\/\/www.usborkeychain.com\/?post_type=product&#038;p=4589"},"modified":"2025-07-25T23:55:12","modified_gmt":"2025-07-25T23:55:12","slug":"pvc-teapot-shaped-usb-flash-drive","status":"publish","type":"product","link":"https:\/\/www.usborkeychain.com\/pt\/produto\/pvc-teapot-shaped-usb-flash-drive\/","title":{"rendered":"Unidade flash USB em forma de bule de PVC"},"content":{"rendered":"<div class=\"wp-block-columns is-layout-flex wp-container-core-columns-is-layout-28f84493 wp-block-columns-is-layout-flex\">\n<div class=\"wp-block-column is-vertically-aligned-center is-layout-flow wp-block-column-is-layout-flow\">\n<figure class=\"wp-block-image size-full\"><img alt=\"\" fetchpriority=\"high\" decoding=\"async\" width=\"800\" height=\"800\" src=\"https:\/\/www.usborkeychain.com\/wp-content\/uploads\/Mini-Tea-USB-flash-Drive.png\" class=\"wp-image-4593\" srcset=\"https:\/\/www.usborkeychain.com\/wp-content\/uploads\/Mini-Tea-USB-flash-Drive.png 800w, https:\/\/www.usborkeychain.com\/wp-content\/uploads\/Mini-Tea-USB-flash-Drive-300x300.png 300w, https:\/\/www.usborkeychain.com\/wp-content\/uploads\/Mini-Tea-USB-flash-Drive-150x150.png 150w, https:\/\/www.usborkeychain.com\/wp-content\/uploads\/Mini-Tea-USB-flash-Drive-768x768.png 768w, https:\/\/www.usborkeychain.com\/wp-content\/uploads\/Mini-Tea-USB-flash-Drive-12x12.png 12w, https:\/\/www.usborkeychain.com\/wp-content\/uploads\/Mini-Tea-USB-flash-Drive-600x600.png 600w, https:\/\/www.usborkeychain.com\/wp-content\/uploads\/Mini-Tea-USB-flash-Drive-100x100.png 100w\" sizes=\"(max-width: 800px) 100vw, 800px\" \/><\/figure>\n<\/div>\n\n\n\n<div class=\"wp-block-column is-vertically-aligned-center is-layout-flow wp-block-column-is-layout-flow\">\n<p>O <strong>Unidade flash USB de PVC em formato de bule de ch\u00e1<\/strong> tem como principal destaque o design requintadamente realista do bule. Ele \u00e9 feito de material ecologicamente correto <strong>Material de PVC<\/strong>O sistema \u00e9 macio, flex\u00edvel e tem boa resist\u00eancia ao desgaste e a quedas. Isso pode proteger efetivamente os componentes do armazenamento interno.<\/p>\n\n\n\n<p>Em termos de apar\u00eancia, ele reproduz muito bem o formato de um bule de ch\u00e1, com uma apar\u00eancia tridimensional e v\u00edvida. As linhas do corpo do bule s\u00e3o suaves e os detalhes, como a tampa, o bico e a al\u00e7a, s\u00e3o claramente distingu\u00edveis. Alguns produtos tamb\u00e9m t\u00eam o simples e cl\u00e1ssico caractere chin\u00eas \"tea\" impresso no corpo do bule, acrescentando um toque de charme ao estilo chin\u00eas. <\/p>\n\n\n\n<p>Esse design de simula\u00e7\u00e3o faz com que a unidade USB n\u00e3o seja apenas uma ferramenta de armazenamento, mas tamb\u00e9m um ornamento miniaturizado de arte do ch\u00e1. Ele atende com precis\u00e3o \u00e0s necessidades das empresas relacionadas ao ch\u00e1 para divulgar a cultura de sua marca e \u00e9 muito apreciado pelos amantes do ch\u00e1. Tornou-se um item pessoal que mostra o gosto de cada um.<\/p>\n<\/div>\n<\/div>\n\n\n\n<h2 class=\"wp-block-heading\">Especifica\u00e7\u00f5es da unidade USB<\/h2>\n\n\n\n<figure class=\"wp-block-table\"><table class=\"has-fixed-layout\"><thead><tr><th>Categoria de par\u00e2metro<\/th><th>Detalhes<\/th><\/tr><\/thead><tbody><tr><td>Capacidade de armazenamento<\/td><td>8 GB, 16 GB, 32 GB, 64 GB, 128 GB<\/td><\/tr><tr><td>Tipo de interface<\/td><td>USB2.0\/USB3.0<\/td><\/tr><tr><td>Peso<\/td><td>Aproximadamente 20g<\/td><\/tr><tr><td>Dimens\u00f5es (Comprimento\u00d7Largura\u00d7Altura)<\/td><td>45mm\u00d730mm\u00d725mm<\/td><\/tr><\/tbody><\/table><\/figure>\n\n\n\n<h2 class=\"wp-block-heading\">Quais s\u00e3o as cores dispon\u00edveis para as unidades USB em formato de bule de ch\u00e1?<\/h2>\n\n\n\n<div class=\"wp-block-columns is-layout-flex wp-container-core-columns-is-layout-28f84493 wp-block-columns-is-layout-flex\">\n<div class=\"wp-block-column is-vertically-aligned-center is-layout-flow wp-block-column-is-layout-flow\">\n<p>A cor dessa unidade flash USB em forma de bule de ch\u00e1 \u00e9 fixa - ela s\u00f3 vem em marrom, sem outras op\u00e7\u00f5es de cores dispon\u00edveis. Isso ocorre porque seu design \u00e9 totalmente inspirado nos tradicionais bules de barro roxo, em que o marrom \u00e9 a tonalidade mais ic\u00f4nica. Para preservar ao m\u00e1ximo a textura e o charme cl\u00e1ssicos dos bules de barro roxo, foi decidido desde o in\u00edcio do desenvolvimento que apenas a cor marrom seria usada para esse pen drive.<\/p>\n\n\n\n<p>Como a cor \u00e9 fixa como marrom, os logotipos personalizados tamb\u00e9m s\u00e3o produzidos usando o molde para essa cor de base. N\u00e3o h\u00e1 necessidade de criar moldes adicionais para outras cores; o processo de personaliza\u00e7\u00e3o do logotipo pode ser conclu\u00eddo diretamente usando o molde existente. Isso n\u00e3o s\u00f3 garante a consist\u00eancia com o formato do bule e o estilo dos bules tradicionais de argila roxa, mas tamb\u00e9m ajuda a economizar tempo e custos de personaliza\u00e7\u00e3o at\u00e9 certo ponto.<\/p>\n<\/div>\n\n\n\n<div class=\"wp-block-column is-vertically-aligned-center is-layout-flow wp-block-column-is-layout-flow\">\n<figure class=\"wp-block-image size-full\"><img alt=\"\" decoding=\"async\" width=\"800\" height=\"800\" src=\"https:\/\/www.usborkeychain.com\/wp-content\/uploads\/Ceramic-Tea-USB-flash-drive.jpg\" class=\"wp-image-4592\" srcset=\"https:\/\/www.usborkeychain.com\/wp-content\/uploads\/Ceramic-Tea-USB-flash-drive.jpg 800w, https:\/\/www.usborkeychain.com\/wp-content\/uploads\/Ceramic-Tea-USB-flash-drive-300x300.jpg 300w, https:\/\/www.usborkeychain.com\/wp-content\/uploads\/Ceramic-Tea-USB-flash-drive-150x150.jpg 150w, https:\/\/www.usborkeychain.com\/wp-content\/uploads\/Ceramic-Tea-USB-flash-drive-768x768.jpg 768w, https:\/\/www.usborkeychain.com\/wp-content\/uploads\/Ceramic-Tea-USB-flash-drive-12x12.jpg 12w, https:\/\/www.usborkeychain.com\/wp-content\/uploads\/Ceramic-Tea-USB-flash-drive-600x600.jpg 600w, https:\/\/www.usborkeychain.com\/wp-content\/uploads\/Ceramic-Tea-USB-flash-drive-100x100.jpg 100w\" sizes=\"(max-width: 800px) 100vw, 800px\" \/><\/figure>\n<\/div>\n<\/div>\n\n\n\n<h2 class=\"wp-block-heading\">Quais empresas podem usar o pen drive de PVC Teapot como brinde?<\/h2>\n\n\n\n<div class=\"wp-block-columns is-layout-flex wp-container-core-columns-is-layout-28f84493 wp-block-columns-is-layout-flex\">\n<div class=\"wp-block-column is-vertically-aligned-center is-layout-flow wp-block-column-is-layout-flow\">\n<figure class=\"wp-block-image size-full\"><img alt=\"\" decoding=\"async\" width=\"800\" height=\"800\" src=\"https:\/\/www.usborkeychain.com\/wp-content\/uploads\/Tea-Pot-USB-flash-Drive.png\" class=\"wp-image-4596\" srcset=\"https:\/\/www.usborkeychain.com\/wp-content\/uploads\/Tea-Pot-USB-flash-Drive.png 800w, https:\/\/www.usborkeychain.com\/wp-content\/uploads\/Tea-Pot-USB-flash-Drive-300x300.png 300w, https:\/\/www.usborkeychain.com\/wp-content\/uploads\/Tea-Pot-USB-flash-Drive-150x150.png 150w, https:\/\/www.usborkeychain.com\/wp-content\/uploads\/Tea-Pot-USB-flash-Drive-768x768.png 768w, https:\/\/www.usborkeychain.com\/wp-content\/uploads\/Tea-Pot-USB-flash-Drive-12x12.png 12w, https:\/\/www.usborkeychain.com\/wp-content\/uploads\/Tea-Pot-USB-flash-Drive-600x600.png 600w, https:\/\/www.usborkeychain.com\/wp-content\/uploads\/Tea-Pot-USB-flash-Drive-100x100.png 100w\" sizes=\"(max-width: 800px) 100vw, 800px\" \/><\/figure>\n<\/div>\n\n\n\n<div class=\"wp-block-column is-vertically-aligned-center is-layout-flow wp-block-column-is-layout-flow\">\n<ul class=\"wp-block-list\">\n<li><strong>Ch\u00e1 - Empresas relacionadas<\/strong>: Empresas tradicionais de ch\u00e1, como a Zhengxingde e a Wuyutai, podem us\u00e1-lo como um presente para promover novos produtos.<\/li>\n\n\n\n<li><strong>Vendedores de jogos de ch\u00e1<\/strong>: Empresas que vendem bules de barro roxo, jogos de ch\u00e1, etc.<\/li>\n\n\n\n<li><strong>Institui\u00e7\u00f5es de treinamento em cultura do ch\u00e1<\/strong>: Usado como brinde de formatura para estudantes ou para promo\u00e7\u00f5es de cursos.<\/li>\n\n\n\n<li><strong>Ch\u00e1 - Empresas culturais e criativas tem\u00e1ticas<\/strong>: Como um dos principais produtos culturais e criativos, ele pode ser combinado com cadernos tem\u00e1ticos de ch\u00e1, marcadores de p\u00e1gina etc. para formar caixas de presente culturais e criativas.<\/li>\n<\/ul>\n<\/div>\n<\/div>\n\n\n\n<h2 class=\"wp-block-heading\"><\/h2>\n\n\n\n<p><\/p>\n\n\n\n<div class=\"wp-block-columns is-layout-flex wp-container-core-columns-is-layout-28f84493 wp-block-columns-is-layout-flex\">\n<div class=\"wp-block-column is-vertically-aligned-center is-layout-flow wp-block-column-is-layout-flow\">\n<figure class=\"wp-block-image size-full\"><img alt=\"\" loading=\"lazy\" decoding=\"async\" width=\"800\" height=\"800\" src=\"https:\/\/www.usborkeychain.com\/wp-content\/uploads\/TeaPOTronic-USB-flash-drive.jpg\" class=\"wp-image-4597\" srcset=\"https:\/\/www.usborkeychain.com\/wp-content\/uploads\/TeaPOTronic-USB-flash-drive.jpg 800w, https:\/\/www.usborkeychain.com\/wp-content\/uploads\/TeaPOTronic-USB-flash-drive-300x300.jpg 300w, https:\/\/www.usborkeychain.com\/wp-content\/uploads\/TeaPOTronic-USB-flash-drive-150x150.jpg 150w, https:\/\/www.usborkeychain.com\/wp-content\/uploads\/TeaPOTronic-USB-flash-drive-768x768.jpg 768w, https:\/\/www.usborkeychain.com\/wp-content\/uploads\/TeaPOTronic-USB-flash-drive-12x12.jpg 12w, https:\/\/www.usborkeychain.com\/wp-content\/uploads\/TeaPOTronic-USB-flash-drive-600x600.jpg 600w, https:\/\/www.usborkeychain.com\/wp-content\/uploads\/TeaPOTronic-USB-flash-drive-100x100.jpg 100w\" sizes=\"(max-width: 800px) 100vw, 800px\" \/><\/figure>\n<\/div>\n\n\n\n<div class=\"wp-block-column is-vertically-aligned-center is-layout-flow wp-block-column-is-layout-flow\">\n<figure class=\"wp-block-image size-full\"><img alt=\"\" loading=\"lazy\" decoding=\"async\" width=\"800\" height=\"800\" src=\"https:\/\/www.usborkeychain.com\/wp-content\/uploads\/Tea-Kettle-USB-Flash-drive.png\" class=\"wp-image-4595\" srcset=\"https:\/\/www.usborkeychain.com\/wp-content\/uploads\/Tea-Kettle-USB-Flash-drive.png 800w, https:\/\/www.usborkeychain.com\/wp-content\/uploads\/Tea-Kettle-USB-Flash-drive-300x300.png 300w, https:\/\/www.usborkeychain.com\/wp-content\/uploads\/Tea-Kettle-USB-Flash-drive-150x150.png 150w, https:\/\/www.usborkeychain.com\/wp-content\/uploads\/Tea-Kettle-USB-Flash-drive-768x768.png 768w, https:\/\/www.usborkeychain.com\/wp-content\/uploads\/Tea-Kettle-USB-Flash-drive-12x12.png 12w, https:\/\/www.usborkeychain.com\/wp-content\/uploads\/Tea-Kettle-USB-Flash-drive-600x600.png 600w, https:\/\/www.usborkeychain.com\/wp-content\/uploads\/Tea-Kettle-USB-Flash-drive-100x100.png 100w\" sizes=\"(max-width: 800px) 100vw, 800px\" \/><\/figure>\n<\/div>\n<\/div>","protected":false},"excerpt":{"rendered":"<ul>\n<li>Em forma de bule de ch\u00e1<\/li>\n<li>Material de PVC<\/li>\n<li>Suporte a sistemas Windows, Mac e Linux<\/li>\n<li>logotipo a ser impresso<\/li>\n<li>MOQ:100PCS<\/li>\n<\/ul>","protected":false},"featured_media":4593,"comment_status":"open","ping_status":"closed","template":"","meta":{"_seopress_robots_primary_cat":"","_seopress_titles_title":"","_seopress_titles_desc":"","_seopress_robots_index":"","site-sidebar-layout":"default","site-content-layout":"","ast-site-content-layout":"","site-content-style":"default","site-sidebar-style":"default","ast-global-header-display":"","ast-banner-title-visibility":"","ast-main-header-display":"","ast-hfb-above-header-display":"","ast-hfb-below-header-display":"","ast-hfb-mobile-header-display":"","site-post-title":"","ast-breadcrumbs-content":"","ast-featured-img":"","footer-sml-layout":"","theme-transparent-header-meta":"","adv-header-id-meta":"","stick-header-meta":"","header-above-stick-meta":"","header-main-stick-meta":"","header-below-stick-meta":"","astra-migrate-meta-layouts":"default","ast-page-background-enabled":"default","ast-page-background-meta":{"desktop":{"background-color":"var(--ast-global-color-5)","background-image":"","background-repeat":"repeat","background-position":"center center","background-size":"auto","background-attachment":"scroll","background-type":"","background-media":"","overlay-type":"","overlay-color":"","overlay-opacity":"","overlay-gradient":""},"tablet":{"background-color":"","background-image":"","background-repeat":"repeat","background-position":"center center","background-size":"auto","background-attachment":"scroll","background-type":"","background-media":"","overlay-type":"","overlay-color":"","overlay-opacity":"","overlay-gradient":""},"mobile":{"background-color":"","background-image":"","background-repeat":"repeat","background-position":"center center","background-size":"auto","background-attachment":"scroll","background-type":"","background-media":"","overlay-type":"","overlay-color":"","overlay-opacity":"","overlay-gradient":""}},"ast-content-background-meta":{"desktop":{"background-color":"var(--ast-global-color-4)","background-image":"","background-repeat":"repeat","background-position":"center center","background-size":"auto","background-attachment":"scroll","background-type":"","background-media":"","overlay-type":"","overlay-color":"","overlay-opacity":"","overlay-gradient":""},"tablet":{"background-color":"var(--ast-global-color-4)","background-image":"","background-repeat":"repeat","background-position":"center center","background-size":"auto","background-attachment":"scroll","background-type":"","background-media":"","overlay-type":"","overlay-color":"","overlay-opacity":"","overlay-gradient":""},"mobile":{"background-color":"var(--ast-global-color-4)","background-image":"","background-repeat":"repeat","background-position":"center center","background-size":"auto","background-attachment":"scroll","background-type":"","background-media":"","overlay-type":"","overlay-color":"","overlay-opacity":"","overlay-gradient":""}}},"product_brand":[],"product_cat":[],"product_tag":[277,248],"class_list":{"0":"post-4589","1":"product","2":"type-product","3":"status-publish","4":"has-post-thumbnail","6":"product_tag-pvc-teapot-shaped-usb-flash-drive-2","7":"product_tag-pvc-usb-flash-drive","8":"desktop-align-left","9":"tablet-align-left","10":"mobile-align-left","12":"first","13":"instock","14":"shipping-taxable","15":"product-type-simple"},"_links":{"self":[{"href":"https:\/\/www.usborkeychain.com\/pt\/wp-json\/wp\/v2\/product\/4589","targetHints":{"allow":["GET"]}}],"collection":[{"href":"https:\/\/www.usborkeychain.com\/pt\/wp-json\/wp\/v2\/product"}],"about":[{"href":"https:\/\/www.usborkeychain.com\/pt\/wp-json\/wp\/v2\/types\/product"}],"replies":[{"embeddable":true,"href":"https:\/\/www.usborkeychain.com\/pt\/wp-json\/wp\/v2\/comments?post=4589"}],"wp:featuredmedia":[{"embeddable":true,"href":"https:\/\/www.usborkeychain.com\/pt\/wp-json\/wp\/v2\/media\/4593"}],"wp:attachment":[{"href":"https:\/\/www.usborkeychain.com\/pt\/wp-json\/wp\/v2\/media?parent=4589"}],"wp:term":[{"taxonomy":"product_brand","embeddable":true,"href":"https:\/\/www.usborkeychain.com\/pt\/wp-json\/wp\/v2\/product_brand?post=4589"},{"taxonomy":"product_cat","embeddable":true,"href":"https:\/\/www.usborkeychain.com\/pt\/wp-json\/wp\/v2\/product_cat?post=4589"},{"taxonomy":"product_tag","embeddable":true,"href":"https:\/\/www.usborkeychain.com\/pt\/wp-json\/wp\/v2\/product_tag?post=4589"}],"curies":[{"name":"wp","href":"https:\/\/api.w.org\/{rel}","templated":true}]}}