{"id":4599,"date":"2025-07-25T14:22:38","date_gmt":"2025-07-25T14:22:38","guid":{"rendered":"https:\/\/www.usborkeychain.com\/?post_type=product&#038;p=4599"},"modified":"2025-07-26T00:03:00","modified_gmt":"2025-07-26T00:03:00","slug":"car-key-shaped-usb-flash-drive","status":"publish","type":"product","link":"https:\/\/www.usborkeychain.com\/pt\/produto\/car-key-shaped-usb-flash-drive\/","title":{"rendered":"Unidades flash USB em formato de chave da Audi, BMW e Mercedes-Benz"},"content":{"rendered":"<div class=\"wp-block-columns is-layout-flex wp-container-core-columns-is-layout-28f84493 wp-block-columns-is-layout-flex\">\n<div class=\"wp-block-column is-vertically-aligned-top is-layout-flow wp-block-column-is-layout-flow\">\n<figure class=\"wp-block-image size-full\"><img alt=\"\" fetchpriority=\"high\" decoding=\"async\" width=\"800\" height=\"800\" src=\"https:\/\/www.usborkeychain.com\/wp-content\/uploads\/Smart-Car-Key-USB-drive.png\" class=\"wp-image-4607\" srcset=\"https:\/\/www.usborkeychain.com\/wp-content\/uploads\/Smart-Car-Key-USB-drive.png 800w, https:\/\/www.usborkeychain.com\/wp-content\/uploads\/Smart-Car-Key-USB-drive-300x300.png 300w, https:\/\/www.usborkeychain.com\/wp-content\/uploads\/Smart-Car-Key-USB-drive-150x150.png 150w, https:\/\/www.usborkeychain.com\/wp-content\/uploads\/Smart-Car-Key-USB-drive-768x768.png 768w, https:\/\/www.usborkeychain.com\/wp-content\/uploads\/Smart-Car-Key-USB-drive-12x12.png 12w, https:\/\/www.usborkeychain.com\/wp-content\/uploads\/Smart-Car-Key-USB-drive-600x600.png 600w, https:\/\/www.usborkeychain.com\/wp-content\/uploads\/Smart-Car-Key-USB-drive-100x100.png 100w\" sizes=\"(max-width: 800px) 100vw, 800px\" \/><\/figure>\n<\/div>\n\n\n\n<div class=\"wp-block-column is-vertically-aligned-center is-layout-flow wp-block-column-is-layout-flow\">\n<p>O <strong>Unidade flash USB em formato de chave de carro<\/strong> \u00e9 composto principalmente de <strong>PVC de alta qualidade<\/strong> ou <strong>Pl\u00e1stico ABS<\/strong>. Ele \u00e9 dur\u00e1vel, tem uma boa sensa\u00e7\u00e3o, \u00e9 resistente ao desgaste e ao impacto e pode suportar choques e arranh\u00f5es no uso di\u00e1rio.<\/p>\n\n\n\n<p>Seu principal destaque \u00e9 a replica\u00e7\u00e3o precisa 1:1 do formato da chave do carro. Desde o layout do bot\u00e3o, o logotipo da marca at\u00e9 a textura da pr\u00f3pria chave, ela restaura tridimensionalmente a apar\u00eancia de uma chave de carro real, quase alcan\u00e7ando um efeito realista. Para as empresas automobil\u00edsticas, \u00e9 um suporte criativo para disseminar a cultura da marca; para os propriet\u00e1rios de carros e entusiastas automotivos, n\u00e3o \u00e9 apenas uma ferramenta de armazenamento, mas tamb\u00e9m um item personalizado que demonstra seu amor por carros. <\/p>\n\n\n\n<p>Seja na m\u00e3o ou pendurado em um chaveiro, ele pode mostrar sua obsess\u00e3o por carros.<\/p>\n<\/div>\n<\/div>\n\n\n\n<h2 class=\"wp-block-heading\">Par\u00e2metros da unidade USB em formato de chave de carro<\/h2>\n\n\n\n<figure class=\"wp-block-table\"><table class=\"has-fixed-layout\"><thead><tr><th>Categoria de par\u00e2metro<\/th><th>Detalhes<\/th><\/tr><\/thead><tbody><tr><td>Capacidade de armazenamento<\/td><td>8 GB, 16 GB, 32 GB, 64 GB, 128 GB<\/td><\/tr><tr><td>Tipo de interface<\/td><td>Principalmente USB 2.0\/USB 3.0<\/td><\/tr><tr><td>Tamanho (Comprimento * Largura * Espessura)<\/td><td>65mm\u00d725mm\u00d710mm<\/td><\/tr><tr><td>Peso<\/td><td>Aproximadamente 25 gramas<\/td><\/tr><\/tbody><\/table><\/figure>\n\n\n\n<h2 class=\"wp-block-heading\">Os logotipos podem ser impressos na unidade USB em formato de chave de carro?<\/h2>\n\n\n\n<div class=\"wp-block-columns are-vertically-aligned-center is-layout-flex wp-container-core-columns-is-layout-28f84493 wp-block-columns-is-layout-flex\">\n<div class=\"wp-block-column is-vertically-aligned-center is-layout-flow wp-block-column-is-layout-flow\">\n<h3 class=\"wp-block-heading\">Posi\u00e7\u00f5es de impress\u00e3o para logotipos<\/h3>\n\n\n\n<ul class=\"wp-block-list\">\n<li><strong>Superf\u00edcie do corpo da chave<\/strong>: Incluindo \u00e1reas grandes, como a frente, a parte de tr\u00e1s e as laterais.<\/li>\n\n\n\n<li><strong>\u00c1rea do bot\u00e3o<\/strong>: Alguns logotipos simples podem ser impressos nos bot\u00f5es.<\/li>\n<\/ul>\n\n\n\n<h3 class=\"wp-block-heading\">Processos de impress\u00e3o<\/h3>\n\n\n\n<ul class=\"wp-block-list\">\n<li><strong>Silk - serigrafia<\/strong>: Adequado para logotipos simples de uma ou v\u00e1rias cores. A tinta \u00e9 impressa na superf\u00edcie da unidade USB por meio de um modelo de tela de seda. <\/li>\n\n\n\n<li><strong>Impress\u00e3o em bloco<\/strong>: \u00c9 usado para superf\u00edcies curvas ou irregulares. Ele transfere padr\u00f5es com a ajuda de uma almofada de silicone, que pode restaurar detalhes com precis\u00e3o e ter transi\u00e7\u00f5es de cores naturais.<\/li>\n\n\n\n<li><strong>Impress\u00e3o UV<\/strong>: Utiliza tinta curada por ultravioleta. Os padr\u00f5es impressos t\u00eam forte ader\u00eancia, s\u00e3o resistentes ao desgaste e a arranh\u00f5es, t\u00eam cores brilhantes e brilho. <\/li>\n<\/ul>\n<\/div>\n\n\n\n<div class=\"wp-block-column is-vertically-aligned-center is-layout-flow wp-block-column-is-layout-flow\">\n<figure class=\"wp-block-image size-full\"><img alt=\"\" decoding=\"async\" width=\"800\" height=\"800\" src=\"https:\/\/www.usborkeychain.com\/wp-content\/uploads\/KeyFob-USB-flash-drive.jpg\" class=\"wp-image-4604\" srcset=\"https:\/\/www.usborkeychain.com\/wp-content\/uploads\/KeyFob-USB-flash-drive.jpg 800w, https:\/\/www.usborkeychain.com\/wp-content\/uploads\/KeyFob-USB-flash-drive-300x300.jpg 300w, https:\/\/www.usborkeychain.com\/wp-content\/uploads\/KeyFob-USB-flash-drive-150x150.jpg 150w, https:\/\/www.usborkeychain.com\/wp-content\/uploads\/KeyFob-USB-flash-drive-768x768.jpg 768w, https:\/\/www.usborkeychain.com\/wp-content\/uploads\/KeyFob-USB-flash-drive-12x12.jpg 12w, https:\/\/www.usborkeychain.com\/wp-content\/uploads\/KeyFob-USB-flash-drive-600x600.jpg 600w, https:\/\/www.usborkeychain.com\/wp-content\/uploads\/KeyFob-USB-flash-drive-100x100.jpg 100w\" sizes=\"(max-width: 800px) 100vw, 800px\" \/><\/figure>\n<\/div>\n<\/div>\n\n\n\n<h2 class=\"wp-block-heading\">A apar\u00eancia do pen drive em forma de chave de carro pode ser personalizada?<\/h2>\n\n\n\n<div class=\"wp-block-columns is-layout-flex wp-container-core-columns-is-layout-28f84493 wp-block-columns-is-layout-flex\">\n<div class=\"wp-block-column is-vertically-aligned-top is-layout-flow wp-block-column-is-layout-flow\">\n<figure class=\"wp-block-image size-full\"><img alt=\"\" decoding=\"async\" width=\"800\" height=\"800\" src=\"https:\/\/www.usborkeychain.com\/wp-content\/uploads\/AutoKey-USB-flash-drive.png\" class=\"wp-image-4602\" srcset=\"https:\/\/www.usborkeychain.com\/wp-content\/uploads\/AutoKey-USB-flash-drive.png 800w, https:\/\/www.usborkeychain.com\/wp-content\/uploads\/AutoKey-USB-flash-drive-300x300.png 300w, https:\/\/www.usborkeychain.com\/wp-content\/uploads\/AutoKey-USB-flash-drive-150x150.png 150w, https:\/\/www.usborkeychain.com\/wp-content\/uploads\/AutoKey-USB-flash-drive-768x768.png 768w, https:\/\/www.usborkeychain.com\/wp-content\/uploads\/AutoKey-USB-flash-drive-12x12.png 12w, https:\/\/www.usborkeychain.com\/wp-content\/uploads\/AutoKey-USB-flash-drive-600x600.png 600w, https:\/\/www.usborkeychain.com\/wp-content\/uploads\/AutoKey-USB-flash-drive-100x100.png 100w\" sizes=\"(max-width: 800px) 100vw, 800px\" \/><\/figure>\n<\/div>\n\n\n\n<div class=\"wp-block-column is-vertically-aligned-center is-layout-flow wp-block-column-is-layout-flow\">\n<p>Com certeza! O <strong>unidade USB em formato de chave de carro<\/strong> oferece suporte \u00e0 personaliza\u00e7\u00e3o detalhada da apar\u00eancia. Seja o estilo da chave de modelos espec\u00edficos de marcas como BMW, Mercedes-Benz, Porsche ou a cor do corpo da chave, o estilo dos bot\u00f5es e a posi\u00e7\u00e3o dos logotipos, eles podem ser personalizados de acordo com as necessidades. As montadoras podem criar unidades USB com chave de marca exclusiva para promo\u00e7\u00e3o, e os clubes de carros podem criar lembran\u00e7as exclusivas para atender a v\u00e1rias necessidades personalizadas, tornando cada unidade USB um item \"\u00fanico\".<\/p>\n<\/div>\n<\/div>\n\n\n\n<h2 class=\"wp-block-heading\">Quais empresas s\u00e3o adequadas para usar unidades USB em formato de chave de carro como itens promocionais?<\/h2>\n\n\n\n<div class=\"wp-block-columns is-layout-flex wp-container-core-columns-is-layout-28f84493 wp-block-columns-is-layout-flex\">\n<div class=\"wp-block-column is-vertically-aligned-center is-layout-flow wp-block-column-is-layout-flow\">\n<ul class=\"wp-block-list\">\n<li><strong>Empresas automobil\u00edsticas:<\/strong> Empresas como BMW, Mercedes-Benz, Porsche, etc.<\/li>\n\n\n\n<li><strong>Fornecedores de autope\u00e7as<\/strong>: Empresas que produzem pneus de alto desempenho, pel\u00edculas automotivas e outros acess\u00f3rios.<\/li>\n\n\n\n<li><strong>Empresas de servi\u00e7os automotivos<\/strong>: Oficinas de reparo de autom\u00f3veis, lavagens de carros, empresas de aluguel de carros etc. podem us\u00e1-lo como item promocional.<\/li>\n<\/ul>\n<\/div>\n\n\n\n<div class=\"wp-block-column is-layout-flow wp-block-column-is-layout-flow\">\n<figure class=\"wp-block-image size-full\"><img alt=\"\" loading=\"lazy\" decoding=\"async\" width=\"800\" height=\"800\" src=\"https:\/\/www.usborkeychain.com\/wp-content\/uploads\/Luxury-Key-USB-flash-Drive.png\" class=\"wp-image-4605\" srcset=\"https:\/\/www.usborkeychain.com\/wp-content\/uploads\/Luxury-Key-USB-flash-Drive.png 800w, https:\/\/www.usborkeychain.com\/wp-content\/uploads\/Luxury-Key-USB-flash-Drive-300x300.png 300w, https:\/\/www.usborkeychain.com\/wp-content\/uploads\/Luxury-Key-USB-flash-Drive-150x150.png 150w, https:\/\/www.usborkeychain.com\/wp-content\/uploads\/Luxury-Key-USB-flash-Drive-768x768.png 768w, https:\/\/www.usborkeychain.com\/wp-content\/uploads\/Luxury-Key-USB-flash-Drive-12x12.png 12w, https:\/\/www.usborkeychain.com\/wp-content\/uploads\/Luxury-Key-USB-flash-Drive-600x600.png 600w, https:\/\/www.usborkeychain.com\/wp-content\/uploads\/Luxury-Key-USB-flash-Drive-100x100.png 100w\" sizes=\"(max-width: 800px) 100vw, 800px\" \/><\/figure>\n<\/div>\n<\/div>\n\n\n\n<div class=\"wp-block-columns is-layout-flex wp-container-core-columns-is-layout-28f84493 wp-block-columns-is-layout-flex\">\n<div class=\"wp-block-column is-vertically-aligned-center is-layout-flow wp-block-column-is-layout-flow\">\n<p>O <strong>unidade USB em formato de chave de carro<\/strong>A chave do carro, com seu design realista e materiais de alta qualidade, tornou-se uma ponte entre a cultura automotiva e o armazenamento digital. Seus par\u00e2metros avan\u00e7ados podem atender a v\u00e1rias necessidades de armazenamento. <\/p>\n\n\n\n<p>A impress\u00e3o do logotipo e a personaliza\u00e7\u00e3o da apar\u00eancia ajudam a promover as marcas. De empresas automobil\u00edsticas, como BMW e Mercedes-Benz, a empresas de servi\u00e7os automotivos, todas podem us\u00e1-la para transmitir o valor da marca. <\/p>\n\n\n\n<p>A fun\u00e7\u00e3o de criptografia de dados garante a seguran\u00e7a das informa\u00e7\u00f5es. Ele n\u00e3o \u00e9 apenas uma ferramenta pr\u00e1tica de armazenamento, mas tamb\u00e9m um s\u00edmbolo personalizado para entusiastas automotivos.<\/p>\n<\/div>\n\n\n\n<div class=\"wp-block-column is-layout-flow wp-block-column-is-layout-flow\">\n<figure class=\"wp-block-image size-full\"><img alt=\"\" loading=\"lazy\" decoding=\"async\" width=\"800\" height=\"800\" src=\"https:\/\/www.usborkeychain.com\/wp-content\/uploads\/Car-Key-USB-Flash-drive.png\" class=\"wp-image-4603\" srcset=\"https:\/\/www.usborkeychain.com\/wp-content\/uploads\/Car-Key-USB-Flash-drive.png 800w, https:\/\/www.usborkeychain.com\/wp-content\/uploads\/Car-Key-USB-Flash-drive-300x300.png 300w, https:\/\/www.usborkeychain.com\/wp-content\/uploads\/Car-Key-USB-Flash-drive-150x150.png 150w, https:\/\/www.usborkeychain.com\/wp-content\/uploads\/Car-Key-USB-Flash-drive-768x768.png 768w, https:\/\/www.usborkeychain.com\/wp-content\/uploads\/Car-Key-USB-Flash-drive-12x12.png 12w, https:\/\/www.usborkeychain.com\/wp-content\/uploads\/Car-Key-USB-Flash-drive-600x600.png 600w, https:\/\/www.usborkeychain.com\/wp-content\/uploads\/Car-Key-USB-Flash-drive-100x100.png 100w\" sizes=\"(max-width: 800px) 100vw, 800px\" \/><\/figure>\n<\/div>\n<\/div>","protected":false},"excerpt":{"rendered":"<ul>\n<li>Chave do carro - em forma<\/li>\n<li>Pl\u00e1stico PVC ou ABS<\/li>\n<li>Chaveiro<\/li>\n<li>Suporte \u00e0 customiza\u00e7\u00e3o personalizada<\/li>\n<li>MOQ: 100 PE\u00c7AS<\/li>\n<\/ul>","protected":false},"featured_media":4607,"comment_status":"open","ping_status":"closed","template":"","meta":{"_seopress_robots_primary_cat":"none","_seopress_titles_title":"","_seopress_titles_desc":"","_seopress_robots_index":"","site-sidebar-layout":"default","site-content-layout":"","ast-site-content-layout":"","site-content-style":"default","site-sidebar-style":"default","ast-global-header-display":"","ast-banner-title-visibility":"","ast-main-header-display":"","ast-hfb-above-header-display":"","ast-hfb-below-header-display":"","ast-hfb-mobile-header-display":"","site-post-title":"","ast-breadcrumbs-content":"","ast-featured-img":"","footer-sml-layout":"","theme-transparent-header-meta":"","adv-header-id-meta":"","stick-header-meta":"","header-above-stick-meta":"","header-main-stick-meta":"","header-below-stick-meta":"","astra-migrate-meta-layouts":"default","ast-page-background-enabled":"default","ast-page-background-meta":{"desktop":{"background-color":"var(--ast-global-color-5)","background-image":"","background-repeat":"repeat","background-position":"center center","background-size":"auto","background-attachment":"scroll","background-type":"","background-media":"","overlay-type":"","overlay-color":"","overlay-opacity":"","overlay-gradient":""},"tablet":{"background-color":"","background-image":"","background-repeat":"repeat","background-position":"center center","background-size":"auto","background-attachment":"scroll","background-type":"","background-media":"","overlay-type":"","overlay-color":"","overlay-opacity":"","overlay-gradient":""},"mobile":{"background-color":"","background-image":"","background-repeat":"repeat","background-position":"center center","background-size":"auto","background-attachment":"scroll","background-type":"","background-media":"","overlay-type":"","overlay-color":"","overlay-opacity":"","overlay-gradient":""}},"ast-content-background-meta":{"desktop":{"background-color":"var(--ast-global-color-4)","background-image":"","background-repeat":"repeat","background-position":"center center","background-size":"auto","background-attachment":"scroll","background-type":"","background-media":"","overlay-type":"","overlay-color":"","overlay-opacity":"","overlay-gradient":""},"tablet":{"background-color":"var(--ast-global-color-4)","background-image":"","background-repeat":"repeat","background-position":"center center","background-size":"auto","background-attachment":"scroll","background-type":"","background-media":"","overlay-type":"","overlay-color":"","overlay-opacity":"","overlay-gradient":""},"mobile":{"background-color":"var(--ast-global-color-4)","background-image":"","background-repeat":"repeat","background-position":"center center","background-size":"auto","background-attachment":"scroll","background-type":"","background-media":"","overlay-type":"","overlay-color":"","overlay-opacity":"","overlay-gradient":""}}},"product_brand":[],"product_cat":[94],"product_tag":[278,248],"class_list":{"0":"post-4599","1":"product","2":"type-product","3":"status-publish","4":"has-post-thumbnail","6":"product_cat-pvc-usb-pendrive","7":"product_tag-car-key-shaped-usb-flash-drive","8":"product_tag-pvc-usb-flash-drive","9":"desktop-align-left","10":"tablet-align-left","11":"mobile-align-left","13":"first","14":"instock","15":"shipping-taxable","16":"product-type-simple"},"_links":{"self":[{"href":"https:\/\/www.usborkeychain.com\/pt\/wp-json\/wp\/v2\/product\/4599","targetHints":{"allow":["GET"]}}],"collection":[{"href":"https:\/\/www.usborkeychain.com\/pt\/wp-json\/wp\/v2\/product"}],"about":[{"href":"https:\/\/www.usborkeychain.com\/pt\/wp-json\/wp\/v2\/types\/product"}],"replies":[{"embeddable":true,"href":"https:\/\/www.usborkeychain.com\/pt\/wp-json\/wp\/v2\/comments?post=4599"}],"wp:featuredmedia":[{"embeddable":true,"href":"https:\/\/www.usborkeychain.com\/pt\/wp-json\/wp\/v2\/media\/4607"}],"wp:attachment":[{"href":"https:\/\/www.usborkeychain.com\/pt\/wp-json\/wp\/v2\/media?parent=4599"}],"wp:term":[{"taxonomy":"product_brand","embeddable":true,"href":"https:\/\/www.usborkeychain.com\/pt\/wp-json\/wp\/v2\/product_brand?post=4599"},{"taxonomy":"product_cat","embeddable":true,"href":"https:\/\/www.usborkeychain.com\/pt\/wp-json\/wp\/v2\/product_cat?post=4599"},{"taxonomy":"product_tag","embeddable":true,"href":"https:\/\/www.usborkeychain.com\/pt\/wp-json\/wp\/v2\/product_tag?post=4599"}],"curies":[{"name":"wp","href":"https:\/\/api.w.org\/{rel}","templated":true}]}}