{"id":4610,"date":"2025-07-25T15:41:42","date_gmt":"2025-07-25T15:41:42","guid":{"rendered":"https:\/\/www.usborkeychain.com\/?post_type=product&#038;p=4610"},"modified":"2025-07-26T00:30:35","modified_gmt":"2025-07-26T00:30:35","slug":"retro-cassette-tape-shaped-usb-flash-drive","status":"publish","type":"product","link":"https:\/\/www.usborkeychain.com\/pt\/produto\/retro-cassette-tape-shaped-usb-flash-drive\/","title":{"rendered":"Unidades flash USB em forma de fita transparente"},"content":{"rendered":"<div class=\"wp-block-columns is-layout-flex wp-container-core-columns-is-layout-28f84493 wp-block-columns-is-layout-flex\">\n<div class=\"wp-block-column is-vertically-aligned-center is-layout-flow wp-block-column-is-layout-flow\">\n<figure class=\"wp-block-image size-full\"><img alt=\"\" fetchpriority=\"high\" decoding=\"async\" width=\"800\" height=\"800\" src=\"https:\/\/www.usborkeychain.com\/wp-content\/uploads\/Mix-Tape-USB-flash-drive.jpg\" class=\"wp-image-4614\" srcset=\"https:\/\/www.usborkeychain.com\/wp-content\/uploads\/Mix-Tape-USB-flash-drive.jpg 800w, https:\/\/www.usborkeychain.com\/wp-content\/uploads\/Mix-Tape-USB-flash-drive-300x300.jpg 300w, https:\/\/www.usborkeychain.com\/wp-content\/uploads\/Mix-Tape-USB-flash-drive-150x150.jpg 150w, https:\/\/www.usborkeychain.com\/wp-content\/uploads\/Mix-Tape-USB-flash-drive-768x768.jpg 768w, https:\/\/www.usborkeychain.com\/wp-content\/uploads\/Mix-Tape-USB-flash-drive-12x12.jpg 12w, https:\/\/www.usborkeychain.com\/wp-content\/uploads\/Mix-Tape-USB-flash-drive-600x600.jpg 600w, https:\/\/www.usborkeychain.com\/wp-content\/uploads\/Mix-Tape-USB-flash-drive-100x100.jpg 100w\" sizes=\"(max-width: 800px) 100vw, 800px\" \/><\/figure>\n<\/div>\n\n\n\n<div class=\"wp-block-column is-vertically-aligned-center is-layout-flow wp-block-column-is-layout-flow\">\n<p>O <strong>Unidade flash USB em formato de fita cassete retr\u00f4<\/strong> \u00e9 feito de alta - <strong>materiais de qualidade ABS + PC resistentes ao fogo<\/strong>. \u00c9 dur\u00e1vel e leve, efetivamente resistente a quedas e abras\u00e3o, e n\u00e3o se danifica facilmente mesmo ap\u00f3s um longo per\u00edodo de armazenamento.<\/p>\n\n\n\n<p> Seu principal destaque de design \u00e9 a replica\u00e7\u00e3o precisa 1:1 da apar\u00eancia das fitas cassete antigas. Desde o formato do corpo do cassete, a estrutura do compartimento da fita at\u00e9 os r\u00f3tulos cl\u00e1ssicos, como \"MIX TAPE\", cada detalhe foi altamente restaurado, evocando instantaneamente as lembran\u00e7as nost\u00e1lgicas das gera\u00e7\u00f5es dos anos 70 e 80 sobre Walkmans cassete e lojas de \u00e1udio de rua.<\/p>\n\n\n\n<p>O que \u00e9 mais engenhoso \u00e9 que ele apresenta uma interface USB girat\u00f3ria de 180\u00b0 (com um eixo de liga de zinco e uma vida \u00fatil de rota\u00e7\u00e3o de \u2265100.000 vezes). A interface USB da unidade USB fica oculta em um dos lados do corpo do cassete. Quando girada e aberta, ela pode ser facilmente conectada a dispositivos e, quando fechada, retorna perfeitamente \u00e0 forma de uma fita cassete. Ele combina praticidade e divers\u00e3o, e a atmosfera retr\u00f4 \u00e9 irresist\u00edvel quando voc\u00ea brinca com ele.<\/p>\n<\/div>\n<\/div>\n\n\n\n<h2 class=\"wp-block-heading\">Par\u00e2metros da unidade USB<\/h2>\n\n\n\n<figure class=\"wp-block-table\"><table class=\"has-fixed-layout\"><thead><tr><th>Categoria de par\u00e2metro<\/th><th>Detalhes<\/th><\/tr><\/thead><tbody><tr><td>Capacidade de armazenamento<\/td><td>8 GB, 16 GB, 32 GB, 64 GB, 128 GB<\/td><\/tr><tr><td>Tipo de interface<\/td><td>USB 2.0\/USB 3.0<\/td><\/tr><tr><td>Dimens\u00f5es (comprimento \u00d7 largura \u00d7 espessura)<\/td><td>Aproximadamente 100 mm \u00d7 64 mm \u00d7 12 mm<\/td><\/tr><tr><td>Peso<\/td><td>Aproximadamente 25 a 35 gramas<\/td><\/tr><\/tbody><\/table><\/figure>\n\n\n\n<h2 class=\"wp-block-heading\">Os logotipos podem ser impressos na unidade USB em formato de fita cassete retr\u00f4?<\/h2>\n\n\n\n<div class=\"wp-block-columns is-layout-flex wp-container-core-columns-is-layout-28f84493 wp-block-columns-is-layout-flex\">\n<div class=\"wp-block-column is-vertically-aligned-center is-layout-flow wp-block-column-is-layout-flow\">\n<p>Os logotipos podem ser impressos na superf\u00edcie do corpo do cassete. \u00c1reas como a frente, o verso e as laterais s\u00e3o excelentes \u00e1reas de impress\u00e3o. Em particular, ao lado de \"MIX TAPE\" na frente e no espa\u00e7o em branco no verso, \u00e9 poss\u00edvel exibir claramente o logotipo da marca, fortalecendo o reconhecimento visual.<\/p>\n\n\n\n<h3 class=\"wp-block-heading\">Processos de impress\u00e3o<\/h3>\n\n\n\n<ul class=\"wp-block-list\">\n<li>Impress\u00e3o em tela de seda: Adequado para logotipos de uma \u00fanica cor ou multicoloridos simples.<\/li>\n\n\n\n<li>Processo de impress\u00e3o UV.<\/li>\n\n\n\n<li>Impress\u00e3o por transfer\u00eancia t\u00e9rmica: Adequado para padr\u00f5es complexos e logotipos com cores gradientes.<\/li>\n<\/ul>\n<\/div>\n\n\n\n<div class=\"wp-block-column is-vertically-aligned-center is-layout-flow wp-block-column-is-layout-flow\">\n<figure class=\"wp-block-image size-full\"><img alt=\"\" decoding=\"async\" width=\"800\" height=\"800\" src=\"https:\/\/www.usborkeychain.com\/wp-content\/uploads\/Tape-USB-Flash-Drive.jpg\" class=\"wp-image-4616\" srcset=\"https:\/\/www.usborkeychain.com\/wp-content\/uploads\/Tape-USB-Flash-Drive.jpg 800w, https:\/\/www.usborkeychain.com\/wp-content\/uploads\/Tape-USB-Flash-Drive-300x300.jpg 300w, https:\/\/www.usborkeychain.com\/wp-content\/uploads\/Tape-USB-Flash-Drive-150x150.jpg 150w, https:\/\/www.usborkeychain.com\/wp-content\/uploads\/Tape-USB-Flash-Drive-768x768.jpg 768w, https:\/\/www.usborkeychain.com\/wp-content\/uploads\/Tape-USB-Flash-Drive-12x12.jpg 12w, https:\/\/www.usborkeychain.com\/wp-content\/uploads\/Tape-USB-Flash-Drive-600x600.jpg 600w, https:\/\/www.usborkeychain.com\/wp-content\/uploads\/Tape-USB-Flash-Drive-100x100.jpg 100w\" sizes=\"(max-width: 800px) 100vw, 800px\" \/><\/figure>\n<\/div>\n<\/div>\n\n\n\n<h2 class=\"wp-block-heading\">Quais s\u00e3o as capacidades das unidades USB em forma de fita cassete?<\/h2>\n\n\n\n<div class=\"wp-block-columns is-layout-flex wp-container-core-columns-is-layout-28f84493 wp-block-columns-is-layout-flex\">\n<div class=\"wp-block-column is-vertically-aligned-center is-layout-flow wp-block-column-is-layout-flow\">\n<figure class=\"wp-block-image size-full\"><img alt=\"\" decoding=\"async\" width=\"800\" height=\"800\" src=\"https:\/\/www.usborkeychain.com\/wp-content\/uploads\/Cassette-USB-flash-drive.jpg\" class=\"wp-image-4613\" srcset=\"https:\/\/www.usborkeychain.com\/wp-content\/uploads\/Cassette-USB-flash-drive.jpg 800w, https:\/\/www.usborkeychain.com\/wp-content\/uploads\/Cassette-USB-flash-drive-300x300.jpg 300w, https:\/\/www.usborkeychain.com\/wp-content\/uploads\/Cassette-USB-flash-drive-150x150.jpg 150w, https:\/\/www.usborkeychain.com\/wp-content\/uploads\/Cassette-USB-flash-drive-768x768.jpg 768w, https:\/\/www.usborkeychain.com\/wp-content\/uploads\/Cassette-USB-flash-drive-12x12.jpg 12w, https:\/\/www.usborkeychain.com\/wp-content\/uploads\/Cassette-USB-flash-drive-600x600.jpg 600w, https:\/\/www.usborkeychain.com\/wp-content\/uploads\/Cassette-USB-flash-drive-100x100.jpg 100w\" sizes=\"(max-width: 800px) 100vw, 800px\" \/><\/figure>\n<\/div>\n\n\n\n<div class=\"wp-block-column is-vertically-aligned-center is-layout-flow wp-block-column-is-layout-flow\">\n<p>O <strong>capacidade de armazenamento da unidade USB em formato de fita cassete retr\u00f4<\/strong> podem variar de 8 GB a 128 GB. Alguns fabricantes tamb\u00e9m oferecem suporte a capacidades mais altas personalizadas (como 256 GB). No uso di\u00e1rio, uma unidade USB de 8 GB pode armazenar aproximadamente 2.000 m\u00fasicas em formato MP3 e 4.000 fotos em alta defini\u00e7\u00e3o; uma unidade USB de 64 GB pode armazenar 16.000 m\u00fasicas ou 20.000 fotos, al\u00e9m de um grande n\u00famero de documentos e v\u00eddeos, atendendo plenamente \u00e0s necessidades de cole\u00e7\u00f5es pessoais de m\u00fasicas nost\u00e1lgicas, armazenamento de conte\u00fado cultural e criativo ou distribui\u00e7\u00e3o de materiais de promo\u00e7\u00e3o de marcas corporativas.<\/p>\n<\/div>\n<\/div>\n\n\n\n<h2 class=\"wp-block-heading\">Em quais \u00e1reas a unidade USB em formato de fita cassete retr\u00f4 \u00e9 aplicada?<\/h2>\n\n\n\n<div class=\"wp-block-columns is-layout-flex wp-container-core-columns-is-layout-28f84493 wp-block-columns-is-layout-flex\">\n<div class=\"wp-block-column is-vertically-aligned-center is-layout-flow wp-block-column-is-layout-flow\">\n<ul class=\"wp-block-list\">\n<li>Lojas Culturais e Criativas Retr\u00f4: Como um produto cultural e criativo com um tema nost\u00e1lgico, ele \u00e9 vendido em combina\u00e7\u00e3o com marcadores de livros em formato de fita cassete, modelos retr\u00f4 de Walkman etc.<\/li>\n\n\n\n<li>Marcas de designers independentes: Os designers podem personalizar logotipos e padr\u00f5es tem\u00e1ticos exclusivos.<\/li>\n\n\n\n<li>Restaurantes\/Bares com temas nost\u00e1lgicos.<\/li>\n\n\n\n<li>Eventos de apresenta\u00e7\u00f5es musicais: Organizadores de festivais de m\u00fasica e concertos retr\u00f4.<\/li>\n\n\n\n<li>Empresas de produ\u00e7\u00e3o musical\/lojas de discos.<\/li>\n\n\n\n<li>Marketing de marca em estilo retr\u00f4: Por exemplo, marcas de roupas e m\u00f3veis dom\u00e9sticos que se concentram em um estilo retr\u00f4.<\/li>\n<\/ul>\n<\/div>\n\n\n\n<div class=\"wp-block-column is-vertically-aligned-center is-layout-flow wp-block-column-is-layout-flow\">\n<figure class=\"wp-block-image size-full\"><img alt=\"\" loading=\"lazy\" decoding=\"async\" width=\"800\" height=\"800\" src=\"https:\/\/www.usborkeychain.com\/wp-content\/uploads\/Vintage-Mix-USB-flash-drive.jpg\" class=\"wp-image-4617\" srcset=\"https:\/\/www.usborkeychain.com\/wp-content\/uploads\/Vintage-Mix-USB-flash-drive.jpg 800w, https:\/\/www.usborkeychain.com\/wp-content\/uploads\/Vintage-Mix-USB-flash-drive-300x300.jpg 300w, https:\/\/www.usborkeychain.com\/wp-content\/uploads\/Vintage-Mix-USB-flash-drive-150x150.jpg 150w, https:\/\/www.usborkeychain.com\/wp-content\/uploads\/Vintage-Mix-USB-flash-drive-768x768.jpg 768w, https:\/\/www.usborkeychain.com\/wp-content\/uploads\/Vintage-Mix-USB-flash-drive-12x12.jpg 12w, https:\/\/www.usborkeychain.com\/wp-content\/uploads\/Vintage-Mix-USB-flash-drive-600x600.jpg 600w, https:\/\/www.usborkeychain.com\/wp-content\/uploads\/Vintage-Mix-USB-flash-drive-100x100.jpg 100w\" sizes=\"(max-width: 800px) 100vw, 800px\" \/><\/figure>\n<\/div>\n<\/div>\n\n\n\n<div class=\"wp-block-columns is-layout-flex wp-container-core-columns-is-layout-28f84493 wp-block-columns-is-layout-flex\">\n<div class=\"wp-block-column is-vertically-aligned-center is-layout-flow wp-block-column-is-layout-flow\">\n<figure class=\"wp-block-image size-full\"><img alt=\"\" loading=\"lazy\" decoding=\"async\" width=\"800\" height=\"800\" src=\"https:\/\/www.usborkeychain.com\/wp-content\/uploads\/RetroTape-USB-flash-Drive.jpg\" class=\"wp-image-4615\" srcset=\"https:\/\/www.usborkeychain.com\/wp-content\/uploads\/RetroTape-USB-flash-Drive.jpg 800w, https:\/\/www.usborkeychain.com\/wp-content\/uploads\/RetroTape-USB-flash-Drive-300x300.jpg 300w, https:\/\/www.usborkeychain.com\/wp-content\/uploads\/RetroTape-USB-flash-Drive-150x150.jpg 150w, https:\/\/www.usborkeychain.com\/wp-content\/uploads\/RetroTape-USB-flash-Drive-768x768.jpg 768w, https:\/\/www.usborkeychain.com\/wp-content\/uploads\/RetroTape-USB-flash-Drive-12x12.jpg 12w, https:\/\/www.usborkeychain.com\/wp-content\/uploads\/RetroTape-USB-flash-Drive-600x600.jpg 600w, https:\/\/www.usborkeychain.com\/wp-content\/uploads\/RetroTape-USB-flash-Drive-100x100.jpg 100w\" sizes=\"(max-width: 800px) 100vw, 800px\" \/><\/figure>\n<\/div>\n\n\n\n<div class=\"wp-block-column is-vertically-aligned-center is-layout-flow wp-block-column-is-layout-flow\">\n<p>Com base em <strong>Materiais ABS<\/strong>O drive USB em formato de fita cassete retr\u00f4 apresenta uma r\u00e9plica 1:1 da apar\u00eancia da fita cassete e um design com rota\u00e7\u00e3o de 180 graus. Ele desperta com precis\u00e3o os sentimentos nost\u00e1lgicos da gera\u00e7\u00e3o dos anos 70 e 80 e tamb\u00e9m se encaixa na tend\u00eancia retr\u00f4 atual. Seus par\u00e2metros abrangentes atendem a v\u00e1rias necessidades de armazenamento, al\u00e9m de suportar a personaliza\u00e7\u00e3o do logotipo e v\u00e1rios processos de impress\u00e3o, o que o torna adequado para v\u00e1rios campos, desde o varejo cultural e criativo at\u00e9 o setor de catering e promo\u00e7\u00e3o corporativa. Quer seja usado para armazenar m\u00fasicas nost\u00e1lgicas, para transmitir hist\u00f3rias de marcas ou como um presente criativo, ele combina habilmente o sentimento retr\u00f4 e a tecnologia moderna, tornando-se um item digital exclusivo com valor pr\u00e1tico e emocional.<\/p>\n<\/div>\n<\/div>","protected":false},"excerpt":{"rendered":"<ul>\n<li>ABS + PC - materiais resistentes ao fogo<\/li>\n<li>Fita cassete retr\u00f4 - em forma<\/li>\n<li>Impress\u00e3o do logotipo<\/li>\n<li>Design com rota\u00e7\u00e3o de 180 graus<\/li>\n<li>MOQ:100PCS<\/li>\n<\/ul>","protected":false},"featured_media":4616,"comment_status":"open","ping_status":"closed","template":"","meta":{"_seopress_robots_primary_cat":"none","_seopress_titles_title":"","_seopress_titles_desc":"","_seopress_robots_index":"","site-sidebar-layout":"default","site-content-layout":"","ast-site-content-layout":"","site-content-style":"default","site-sidebar-style":"default","ast-global-header-display":"","ast-banner-title-visibility":"","ast-main-header-display":"","ast-hfb-above-header-display":"","ast-hfb-below-header-display":"","ast-hfb-mobile-header-display":"","site-post-title":"","ast-breadcrumbs-content":"","ast-featured-img":"","footer-sml-layout":"","theme-transparent-header-meta":"","adv-header-id-meta":"","stick-header-meta":"","header-above-stick-meta":"","header-main-stick-meta":"","header-below-stick-meta":"","astra-migrate-meta-layouts":"default","ast-page-background-enabled":"default","ast-page-background-meta":{"desktop":{"background-color":"var(--ast-global-color-5)","background-image":"","background-repeat":"repeat","background-position":"center center","background-size":"auto","background-attachment":"scroll","background-type":"","background-media":"","overlay-type":"","overlay-color":"","overlay-opacity":"","overlay-gradient":""},"tablet":{"background-color":"","background-image":"","background-repeat":"repeat","background-position":"center center","background-size":"auto","background-attachment":"scroll","background-type":"","background-media":"","overlay-type":"","overlay-color":"","overlay-opacity":"","overlay-gradient":""},"mobile":{"background-color":"","background-image":"","background-repeat":"repeat","background-position":"center center","background-size":"auto","background-attachment":"scroll","background-type":"","background-media":"","overlay-type":"","overlay-color":"","overlay-opacity":"","overlay-gradient":""}},"ast-content-background-meta":{"desktop":{"background-color":"var(--ast-global-color-4)","background-image":"","background-repeat":"repeat","background-position":"center center","background-size":"auto","background-attachment":"scroll","background-type":"","background-media":"","overlay-type":"","overlay-color":"","overlay-opacity":"","overlay-gradient":""},"tablet":{"background-color":"var(--ast-global-color-4)","background-image":"","background-repeat":"repeat","background-position":"center center","background-size":"auto","background-attachment":"scroll","background-type":"","background-media":"","overlay-type":"","overlay-color":"","overlay-opacity":"","overlay-gradient":""},"mobile":{"background-color":"var(--ast-global-color-4)","background-image":"","background-repeat":"repeat","background-position":"center center","background-size":"auto","background-attachment":"scroll","background-type":"","background-media":"","overlay-type":"","overlay-color":"","overlay-opacity":"","overlay-gradient":""}}},"product_brand":[],"product_cat":[92],"product_tag":[280],"class_list":{"0":"post-4610","1":"product","2":"type-product","3":"status-publish","4":"has-post-thumbnail","6":"product_cat-plastic-usb-pendrive","7":"product_tag-transparent-usb-flash-drives","8":"desktop-align-left","9":"tablet-align-left","10":"mobile-align-left","12":"first","13":"instock","14":"shipping-taxable","15":"product-type-simple"},"_links":{"self":[{"href":"https:\/\/www.usborkeychain.com\/pt\/wp-json\/wp\/v2\/product\/4610","targetHints":{"allow":["GET"]}}],"collection":[{"href":"https:\/\/www.usborkeychain.com\/pt\/wp-json\/wp\/v2\/product"}],"about":[{"href":"https:\/\/www.usborkeychain.com\/pt\/wp-json\/wp\/v2\/types\/product"}],"replies":[{"embeddable":true,"href":"https:\/\/www.usborkeychain.com\/pt\/wp-json\/wp\/v2\/comments?post=4610"}],"wp:featuredmedia":[{"embeddable":true,"href":"https:\/\/www.usborkeychain.com\/pt\/wp-json\/wp\/v2\/media\/4616"}],"wp:attachment":[{"href":"https:\/\/www.usborkeychain.com\/pt\/wp-json\/wp\/v2\/media?parent=4610"}],"wp:term":[{"taxonomy":"product_brand","embeddable":true,"href":"https:\/\/www.usborkeychain.com\/pt\/wp-json\/wp\/v2\/product_brand?post=4610"},{"taxonomy":"product_cat","embeddable":true,"href":"https:\/\/www.usborkeychain.com\/pt\/wp-json\/wp\/v2\/product_cat?post=4610"},{"taxonomy":"product_tag","embeddable":true,"href":"https:\/\/www.usborkeychain.com\/pt\/wp-json\/wp\/v2\/product_tag?post=4610"}],"curies":[{"name":"wp","href":"https:\/\/api.w.org\/{rel}","templated":true}]}}