{"id":4621,"date":"2025-07-26T01:15:12","date_gmt":"2025-07-26T01:15:12","guid":{"rendered":"https:\/\/www.usborkeychain.com\/?post_type=product&#038;p=4621"},"modified":"2025-08-11T07:01:09","modified_gmt":"2025-08-11T07:01:09","slug":"long-strip-metal-keychain-usb-flash-drive","status":"publish","type":"product","link":"https:\/\/www.usborkeychain.com\/pt\/produto\/long-strip-metal-keychain-usb-flash-drive\/","title":{"rendered":"Chaveiro de metal de tira longa USB Flash Drive"},"content":{"rendered":"<div class=\"wp-block-columns is-layout-flex wp-container-core-columns-is-layout-28f84493 wp-block-columns-is-layout-flex\">\n<div class=\"wp-block-column is-vertically-aligned-center is-layout-flow wp-block-column-is-layout-flow\">\n<figure class=\"wp-block-image size-full\"><img alt=\"\" fetchpriority=\"high\" decoding=\"async\" width=\"800\" height=\"800\" src=\"https:\/\/www.usborkeychain.com\/wp-content\/uploads\/Metal-Strip-USB-flash-drive.png\" class=\"wp-image-4627\" srcset=\"https:\/\/www.usborkeychain.com\/wp-content\/uploads\/Metal-Strip-USB-flash-drive.png 800w, https:\/\/www.usborkeychain.com\/wp-content\/uploads\/Metal-Strip-USB-flash-drive-300x300.png 300w, https:\/\/www.usborkeychain.com\/wp-content\/uploads\/Metal-Strip-USB-flash-drive-150x150.png 150w, https:\/\/www.usborkeychain.com\/wp-content\/uploads\/Metal-Strip-USB-flash-drive-768x768.png 768w, https:\/\/www.usborkeychain.com\/wp-content\/uploads\/Metal-Strip-USB-flash-drive-12x12.png 12w, https:\/\/www.usborkeychain.com\/wp-content\/uploads\/Metal-Strip-USB-flash-drive-600x600.png 600w, https:\/\/www.usborkeychain.com\/wp-content\/uploads\/Metal-Strip-USB-flash-drive-100x100.png 100w\" sizes=\"(max-width: 800px) 100vw, 800px\" \/><\/figure>\n<\/div>\n\n\n\n<div class=\"wp-block-column is-vertically-aligned-center is-layout-flow wp-block-column-is-layout-flow\">\n<p>Isso <strong>Chaveiro de metal com tira longa Unidade flash USB<\/strong> \u00e9 formado integralmente por liga de alum\u00ednio (pode ser personalizado como a\u00e7o inoxid\u00e1vel 304\/liga de zinco). Ele \u00e9 criado em um formato de cuboide plano de 12,5 \u00d7 80 mm (com espessura de apenas 8 mm) por meio de uma tecnologia de corte CNC precisa. A superf\u00edcie \u00e9 coberta por uma delicada textura escovada, que pode eliminar res\u00edduos de impress\u00f5es digitais e aumentar a resist\u00eancia ao desgaste. As bordas s\u00e3o polidas em arco para proporcionar uma sensa\u00e7\u00e3o de irrita\u00e7\u00e3o zero na m\u00e3o. Ele adere \u00e0 filosofia de \"design subtrativo\" para atender \u00e0 busca de uma est\u00e9tica minimalista por parte dos empres\u00e1rios de alto n\u00edvel.<\/p>\n\n\n\n<p>Ele \u00e9 cuidadosamente equipado com um design de chaveiro. \u00c9 acoplado a um chaveiro de metal por meio de um conector de borracha preta e pode ser pendurado diretamente no <strong>chaveiros<\/strong>mochilas e outros itens.<\/p>\n<\/div>\n<\/div>\n\n\n\n<h3 class=\"wp-block-heading\">Par\u00e2metros da unidade flash USB<\/h3>\n\n\n\n<figure class=\"wp-block-table\"><table class=\"has-fixed-layout\"><thead><tr><th>Categoria de par\u00e2metro<\/th><th>Conte\u00fado espec\u00edfico<\/th><\/tr><\/thead><tbody><tr><td>Tipo de interface<\/td><td>USB3.0, USB3.1<\/td><\/tr><tr><td>Capacidade de armazenamento<\/td><td>8 GB, 16 GB, 32 GB, 64 GB, 128 GB<\/td><\/tr><tr><td>Dimens\u00f5es do corpo principal (comprimento \u00d7 largura \u00d7 espessura)<\/td><td>80 mm \u00d7 12,5 mm \u00d7 8 mm<\/td><\/tr><tr><td>Peso<\/td><td>Aproximadamente 28 g (incluindo o chaveiro)<\/td><\/tr><\/tbody><\/table><\/figure>\n\n\n\n<h2 class=\"wp-block-heading\">\u00c9 compat\u00edvel com a impress\u00e3o de logotipos?<\/h2>\n\n\n\n<div class=\"wp-block-columns is-layout-flex wp-container-core-columns-is-layout-28f84493 wp-block-columns-is-layout-flex\">\n<div class=\"wp-block-column is-vertically-aligned-center is-layout-flow wp-block-column-is-layout-flow\">\n<p>A unidade flash USB com chaveiro de metal de tira longa suporta impress\u00e3o de logotipo, e os processos dispon\u00edveis s\u00e3o os seguintes:<\/p>\n\n\n\n<ul class=\"wp-block-list\">\n<li><strong>Grava\u00e7\u00e3o a laser<\/strong>: Use um laser para gravar padr\u00f5es de logotipo ou texto na superf\u00edcie do metal. As marcas gravadas s\u00e3o claras, duradouras e n\u00e3o s\u00e3o f\u00e1ceis de desgastar.<\/li>\n\n\n\n<li><strong>Impress\u00e3o em tela de seda<\/strong>: Por meio da fabrica\u00e7\u00e3o de chapas de tela, a tinta \u00e9 impressa na superf\u00edcie do metal, que pode apresentar cores ricas e \u00e9 adequada para logotipos com cores brilhantes e padr\u00f5es ligeiramente complexos.<\/li>\n\n\n\n<li><strong>Impress\u00e3o eletrofor\u00e9tica<\/strong>: Primeiro, trate a superf\u00edcie do metal e, em seguida, fixe o padr\u00e3o por meio do processo eletrofor\u00e9tico. A ades\u00e3o da cor \u00e9 forte e pode criar um certo efeito tridimensional.<\/li>\n<\/ul>\n<\/div>\n\n\n\n<div class=\"wp-block-column is-vertically-aligned-center is-layout-flow wp-block-column-is-layout-flow\">\n<figure class=\"wp-block-image size-full\"><img alt=\"\" decoding=\"async\" width=\"800\" height=\"800\" src=\"https:\/\/www.usborkeychain.com\/wp-content\/uploads\/MetalClip-USB-flash-drive.png\" class=\"wp-image-4629\" srcset=\"https:\/\/www.usborkeychain.com\/wp-content\/uploads\/MetalClip-USB-flash-drive.png 800w, https:\/\/www.usborkeychain.com\/wp-content\/uploads\/MetalClip-USB-flash-drive-300x300.png 300w, https:\/\/www.usborkeychain.com\/wp-content\/uploads\/MetalClip-USB-flash-drive-150x150.png 150w, https:\/\/www.usborkeychain.com\/wp-content\/uploads\/MetalClip-USB-flash-drive-768x768.png 768w, https:\/\/www.usborkeychain.com\/wp-content\/uploads\/MetalClip-USB-flash-drive-12x12.png 12w, https:\/\/www.usborkeychain.com\/wp-content\/uploads\/MetalClip-USB-flash-drive-600x600.png 600w, https:\/\/www.usborkeychain.com\/wp-content\/uploads\/MetalClip-USB-flash-drive-100x100.png 100w\" sizes=\"(max-width: 800px) 100vw, 800px\" \/><\/figure>\n<\/div>\n<\/div>\n\n\n\n<h2 class=\"wp-block-heading\">E quanto ao desempenho de seguran\u00e7a dessa unidade flash USB?<\/h2>\n\n\n\n<div class=\"wp-block-columns is-layout-flex wp-container-core-columns-is-layout-28f84493 wp-block-columns-is-layout-flex\">\n<div class=\"wp-block-column is-vertically-aligned-center is-layout-flow wp-block-column-is-layout-flow\">\n<figure class=\"wp-block-image size-full\"><img alt=\"\" decoding=\"async\" width=\"800\" height=\"800\" src=\"https:\/\/www.usborkeychain.com\/wp-content\/uploads\/Metal-Key-USB-flash-drive.png\" class=\"wp-image-4626\" srcset=\"https:\/\/www.usborkeychain.com\/wp-content\/uploads\/Metal-Key-USB-flash-drive.png 800w, https:\/\/www.usborkeychain.com\/wp-content\/uploads\/Metal-Key-USB-flash-drive-300x300.png 300w, https:\/\/www.usborkeychain.com\/wp-content\/uploads\/Metal-Key-USB-flash-drive-150x150.png 150w, https:\/\/www.usborkeychain.com\/wp-content\/uploads\/Metal-Key-USB-flash-drive-768x768.png 768w, https:\/\/www.usborkeychain.com\/wp-content\/uploads\/Metal-Key-USB-flash-drive-12x12.png 12w, https:\/\/www.usborkeychain.com\/wp-content\/uploads\/Metal-Key-USB-flash-drive-600x600.png 600w, https:\/\/www.usborkeychain.com\/wp-content\/uploads\/Metal-Key-USB-flash-drive-100x100.png 100w\" sizes=\"(max-width: 800px) 100vw, 800px\" \/><\/figure>\n<\/div>\n\n\n\n<div class=\"wp-block-column is-vertically-aligned-center is-layout-flow wp-block-column-is-layout-flow\">\n<p>O <strong>Chaveiro de metal com tira longa Unidade flash USB<\/strong> suporta uma fun\u00e7\u00e3o de criptografia (para alguns produtos, ele precisa ser usado em conjunto com o software de criptografia correspondente ou com ferramentas de criptografia integradas ao sistema). Os usu\u00e1rios podem criptografar e proteger os arquivos armazenados na unidade flash USB definindo senhas, particionando para criptografia, etc. No caso de arquivos confidenciais, como documentos confidenciais de neg\u00f3cios, fotos de privacidade pessoal e dados financeiros importantes, a ativa\u00e7\u00e3o da fun\u00e7\u00e3o de criptografia pode impedir efetivamente o acesso n\u00e3o autorizado aos dados e aumentar a seguran\u00e7a dos dados. Entretanto, deve-se observar que a senha de criptografia precisa ser armazenada adequadamente. Se esquecida, ela pode tornar os dados ileg\u00edveis. Recomenda-se ativar a criptografia razoavelmente de acordo com suas pr\u00f3prias necessidades ao us\u00e1-la para equilibrar conveni\u00eancia e seguran\u00e7a.<\/p>\n<\/div>\n<\/div>\n\n\n\n<div class=\"wp-block-columns is-layout-flex wp-container-core-columns-is-layout-28f84493 wp-block-columns-is-layout-flex\">\n<div class=\"wp-block-column is-vertically-aligned-center is-layout-flow wp-block-column-is-layout-flow\">\n<p>O <strong>Chaveiro de metal com tira longa Unidade flash USB<\/strong> apresenta um design de apar\u00eancia simples e pr\u00e1tica, tem v\u00e1rias op\u00e7\u00f5es de capacidade, configura\u00e7\u00f5es de par\u00e2metros adequadas para diferentes cen\u00e1rios, suporta personaliza\u00e7\u00e3o e tamb\u00e9m tem uma certa capacidade de criptografia de seguran\u00e7a. Ele pode atender bem \u00e0s necessidades de armazenamento di\u00e1rio de documentos de escrit\u00f3rio e fotos de vida, bem como de promo\u00e7\u00f5es corporativas personalizadas. \u00c9 uma ferramenta de armazenamento de alta qualidade que combina praticidade e capacidade de expans\u00e3o.<\/p>\n<\/div>\n\n\n\n<div class=\"wp-block-column is-vertically-aligned-center is-layout-flow wp-block-column-is-layout-flow\">\n<figure class=\"wp-block-image size-full\"><img alt=\"\" loading=\"lazy\" decoding=\"async\" width=\"800\" height=\"800\" src=\"https:\/\/www.usborkeychain.com\/wp-content\/uploads\/Bar-Key-USB-flash-drive.png\" class=\"wp-image-4624\" srcset=\"https:\/\/www.usborkeychain.com\/wp-content\/uploads\/Bar-Key-USB-flash-drive.png 800w, https:\/\/www.usborkeychain.com\/wp-content\/uploads\/Bar-Key-USB-flash-drive-300x300.png 300w, https:\/\/www.usborkeychain.com\/wp-content\/uploads\/Bar-Key-USB-flash-drive-150x150.png 150w, https:\/\/www.usborkeychain.com\/wp-content\/uploads\/Bar-Key-USB-flash-drive-768x768.png 768w, https:\/\/www.usborkeychain.com\/wp-content\/uploads\/Bar-Key-USB-flash-drive-12x12.png 12w, https:\/\/www.usborkeychain.com\/wp-content\/uploads\/Bar-Key-USB-flash-drive-600x600.png 600w, https:\/\/www.usborkeychain.com\/wp-content\/uploads\/Bar-Key-USB-flash-drive-100x100.png 100w\" sizes=\"(max-width: 800px) 100vw, 800px\" \/><\/figure>\n<\/div>\n<\/div>","protected":false},"excerpt":{"rendered":"<ul>\n<li>Liga de alum\u00ednio<\/li>\n<li>Chaveiro<\/li>\n<li>Fun\u00e7\u00e3o de criptografia<\/li>\n<li>Material met\u00e1lico<\/li>\n<li>MOQ:100PCS<\/li>\n<\/ul>","protected":false},"featured_media":4629,"comment_status":"open","ping_status":"closed","template":"","meta":{"_seopress_robots_primary_cat":"","_seopress_titles_title":"","_seopress_titles_desc":"","_seopress_robots_index":"","site-sidebar-layout":"default","site-content-layout":"","ast-site-content-layout":"","site-content-style":"default","site-sidebar-style":"default","ast-global-header-display":"","ast-banner-title-visibility":"","ast-main-header-display":"","ast-hfb-above-header-display":"","ast-hfb-below-header-display":"","ast-hfb-mobile-header-display":"","site-post-title":"","ast-breadcrumbs-content":"","ast-featured-img":"","footer-sml-layout":"","theme-transparent-header-meta":"","adv-header-id-meta":"","stick-header-meta":"","header-above-stick-meta":"","header-main-stick-meta":"","header-below-stick-meta":"","astra-migrate-meta-layouts":"default","ast-page-background-enabled":"default","ast-page-background-meta":{"desktop":{"background-color":"var(--ast-global-color-5)","background-image":"","background-repeat":"repeat","background-position":"center center","background-size":"auto","background-attachment":"scroll","background-type":"","background-media":"","overlay-type":"","overlay-color":"","overlay-opacity":"","overlay-gradient":""},"tablet":{"background-color":"","background-image":"","background-repeat":"repeat","background-position":"center center","background-size":"auto","background-attachment":"scroll","background-type":"","background-media":"","overlay-type":"","overlay-color":"","overlay-opacity":"","overlay-gradient":""},"mobile":{"background-color":"","background-image":"","background-repeat":"repeat","background-position":"center center","background-size":"auto","background-attachment":"scroll","background-type":"","background-media":"","overlay-type":"","overlay-color":"","overlay-opacity":"","overlay-gradient":""}},"ast-content-background-meta":{"desktop":{"background-color":"var(--ast-global-color-4)","background-image":"","background-repeat":"repeat","background-position":"center center","background-size":"auto","background-attachment":"scroll","background-type":"","background-media":"","overlay-type":"","overlay-color":"","overlay-opacity":"","overlay-gradient":""},"tablet":{"background-color":"var(--ast-global-color-4)","background-image":"","background-repeat":"repeat","background-position":"center center","background-size":"auto","background-attachment":"scroll","background-type":"","background-media":"","overlay-type":"","overlay-color":"","overlay-opacity":"","overlay-gradient":""},"mobile":{"background-color":"var(--ast-global-color-4)","background-image":"","background-repeat":"repeat","background-position":"center center","background-size":"auto","background-attachment":"scroll","background-type":"","background-media":"","overlay-type":"","overlay-color":"","overlay-opacity":"","overlay-gradient":""}}},"product_brand":[],"product_cat":[89],"product_tag":[282,396],"class_list":{"0":"post-4621","1":"product","2":"type-product","3":"status-publish","4":"has-post-thumbnail","6":"product_cat-metal-usb-pendrive","7":"product_tag-metal-keychain-usb-flash-drive","8":"product_tag-stainless-steel-usb-flash-drive","9":"desktop-align-left","10":"tablet-align-left","11":"mobile-align-left","13":"first","14":"instock","15":"shipping-taxable","16":"product-type-simple"},"_links":{"self":[{"href":"https:\/\/www.usborkeychain.com\/pt\/wp-json\/wp\/v2\/product\/4621","targetHints":{"allow":["GET"]}}],"collection":[{"href":"https:\/\/www.usborkeychain.com\/pt\/wp-json\/wp\/v2\/product"}],"about":[{"href":"https:\/\/www.usborkeychain.com\/pt\/wp-json\/wp\/v2\/types\/product"}],"replies":[{"embeddable":true,"href":"https:\/\/www.usborkeychain.com\/pt\/wp-json\/wp\/v2\/comments?post=4621"}],"wp:featuredmedia":[{"embeddable":true,"href":"https:\/\/www.usborkeychain.com\/pt\/wp-json\/wp\/v2\/media\/4629"}],"wp:attachment":[{"href":"https:\/\/www.usborkeychain.com\/pt\/wp-json\/wp\/v2\/media?parent=4621"}],"wp:term":[{"taxonomy":"product_brand","embeddable":true,"href":"https:\/\/www.usborkeychain.com\/pt\/wp-json\/wp\/v2\/product_brand?post=4621"},{"taxonomy":"product_cat","embeddable":true,"href":"https:\/\/www.usborkeychain.com\/pt\/wp-json\/wp\/v2\/product_cat?post=4621"},{"taxonomy":"product_tag","embeddable":true,"href":"https:\/\/www.usborkeychain.com\/pt\/wp-json\/wp\/v2\/product_tag?post=4621"}],"curies":[{"name":"wp","href":"https:\/\/api.w.org\/{rel}","templated":true}]}}