{"id":4640,"date":"2025-07-26T06:49:56","date_gmt":"2025-07-26T06:49:56","guid":{"rendered":"https:\/\/www.usborkeychain.com\/?post_type=product&#038;p=4640"},"modified":"2025-08-14T12:11:25","modified_gmt":"2025-08-14T12:11:25","slug":"metal-usb-flash-drives","status":"publish","type":"product","link":"https:\/\/www.usborkeychain.com\/pt\/produto\/metal-usb-flash-drives\/","title":{"rendered":"Unidades flash USB de metal"},"content":{"rendered":"<p><strong>Unidades flash USB de metal<\/strong> s\u00e3o feitos de metal de alta qualidade como material principal, que \u00e9 robusto e dur\u00e1vel, resistente ao desgaste e antiqueda, e pode resistir com efic\u00e1cia a impactos no uso di\u00e1rio. H\u00e1 tr\u00eas estilos caracter\u00edsticos para atender a diferentes necessidades est\u00e9ticas:<\/p>\n\n\n\n<div class=\"wp-block-columns is-layout-flex wp-container-core-columns-is-layout-28f84493 wp-block-columns-is-layout-flex\">\n<div class=\"wp-block-column is-vertically-aligned-center is-layout-flow wp-block-column-is-layout-flow\">\n<h3 class=\"wp-block-heading\">Unidade flash USB geom\u00e9trica de metal<\/h3>\n\n\n\n<ul class=\"wp-block-list\">\n<li><strong>Material<\/strong>: Liga de alum\u00ednio para avia\u00e7\u00e3o (dispon\u00edvel em duas cores: ouro rosa\/prata)<\/li>\n\n\n\n<li><strong>Destaques do design<\/strong>:\n<ul class=\"wp-block-list\">\n<li>Tampa superior triangular oca (precis\u00e3o de \u00b10,05 mm)<\/li>\n\n\n\n<li>Corte de borda em estilo de l\u00e2mina (\u00e2ngulo R \u2264 0,3 mm)<\/li>\n\n\n\n<li>Tamanho: 65\u00d718\u00d76 mm (design que se ajusta \u00e0 palma da m\u00e3o)<\/li>\n<\/ul>\n<\/li>\n\n\n\n<li><strong>Leve<\/strong>: Peso l\u00edquido 15g \u00b1 0,5g<\/li>\n<\/ul>\n<\/div>\n\n\n\n<div class=\"wp-block-column is-layout-flow wp-block-column-is-layout-flow\">\n<figure class=\"wp-block-image size-full\"><img alt=\"\" fetchpriority=\"high\" decoding=\"async\" width=\"800\" height=\"800\" src=\"https:\/\/www.usborkeychain.com\/wp-content\/uploads\/Prism-USB-Flash-Drive.jpg\" class=\"wp-image-4649\" srcset=\"https:\/\/www.usborkeychain.com\/wp-content\/uploads\/Prism-USB-Flash-Drive.jpg 800w, https:\/\/www.usborkeychain.com\/wp-content\/uploads\/Prism-USB-Flash-Drive-300x300.jpg 300w, https:\/\/www.usborkeychain.com\/wp-content\/uploads\/Prism-USB-Flash-Drive-150x150.jpg 150w, https:\/\/www.usborkeychain.com\/wp-content\/uploads\/Prism-USB-Flash-Drive-768x768.jpg 768w, https:\/\/www.usborkeychain.com\/wp-content\/uploads\/Prism-USB-Flash-Drive-12x12.jpg 12w, https:\/\/www.usborkeychain.com\/wp-content\/uploads\/Prism-USB-Flash-Drive-600x600.jpg 600w, https:\/\/www.usborkeychain.com\/wp-content\/uploads\/Prism-USB-Flash-Drive-100x100.jpg 100w\" sizes=\"(max-width: 800px) 100vw, 800px\" \/><\/figure>\n<\/div>\n<\/div>\n\n\n\n<div class=\"wp-block-columns is-layout-flex wp-container-core-columns-is-layout-28f84493 wp-block-columns-is-layout-flex\">\n<div class=\"wp-block-column is-vertically-aligned-center is-layout-flow wp-block-column-is-layout-flow\">\n<h3 class=\"wp-block-heading\">Unidade flash USB de metal em forma de anel<\/h3>\n\n\n\n<ul class=\"wp-block-list\">\n<li><strong>Material<\/strong>: A\u00e7o inoxid\u00e1vel 316L (resist\u00eancia \u00e0 corros\u00e3o aumentada por 30%)<\/li>\n\n\n\n<li><strong>Inova\u00e7\u00e3o estrutural<\/strong>:\n<ul class=\"wp-block-list\">\n<li>Orif\u00edcio para cord\u00e3o lateral de \u03a63 mm (suporte de carga de 5 kg)<\/li>\n\n\n\n<li>Interface com corte de diamante (inclina\u00e7\u00e3o de 18\u00b0 para evitar a inser\u00e7\u00e3o reversa)<\/li>\n\n\n\n<li>\u00c1rea de grava\u00e7\u00e3o tridimensional em tr\u00eas lados (exemplo do caractere \"Xi\" na Figura 2)<\/li>\n<\/ul>\n<\/li>\n\n\n\n<li><strong>Otimiza\u00e7\u00e3o da espessura<\/strong>Corpo ultrafino de 9 mm<\/li>\n<\/ul>\n<\/div>\n\n\n\n<div class=\"wp-block-column is-layout-flow wp-block-column-is-layout-flow\">\n<figure class=\"wp-block-image size-full\"><img alt=\"\" decoding=\"async\" width=\"800\" height=\"800\" src=\"https:\/\/www.usborkeychain.com\/wp-content\/uploads\/MetalRing-USB-Flash-Drive.jpg\" class=\"wp-image-4647\" srcset=\"https:\/\/www.usborkeychain.com\/wp-content\/uploads\/MetalRing-USB-Flash-Drive.jpg 800w, https:\/\/www.usborkeychain.com\/wp-content\/uploads\/MetalRing-USB-Flash-Drive-300x300.jpg 300w, https:\/\/www.usborkeychain.com\/wp-content\/uploads\/MetalRing-USB-Flash-Drive-150x150.jpg 150w, https:\/\/www.usborkeychain.com\/wp-content\/uploads\/MetalRing-USB-Flash-Drive-768x768.jpg 768w, https:\/\/www.usborkeychain.com\/wp-content\/uploads\/MetalRing-USB-Flash-Drive-12x12.jpg 12w, https:\/\/www.usborkeychain.com\/wp-content\/uploads\/MetalRing-USB-Flash-Drive-600x600.jpg 600w, https:\/\/www.usborkeychain.com\/wp-content\/uploads\/MetalRing-USB-Flash-Drive-100x100.jpg 100w\" sizes=\"(max-width: 800px) 100vw, 800px\" \/><\/figure>\n<\/div>\n<\/div>\n\n\n\n<div class=\"wp-block-columns is-layout-flex wp-container-core-columns-is-layout-28f84493 wp-block-columns-is-layout-flex\">\n<div class=\"wp-block-column is-vertically-aligned-center is-layout-flow wp-block-column-is-layout-flow\">\n<h3 class=\"wp-block-heading\">Unidade flash USB de metal com face de diamante<\/h3>\n\n\n\n<ul class=\"wp-block-list\">\n<li><strong>Tecnologia de superf\u00edcie<\/strong>:\n<ul class=\"wp-block-list\">\n<li>Textura ondulada microgravada (design antiderrapante para o toque)<\/li>\n\n\n\n<li>Moldura integrada ao chaveiro (fivela antiafrouxamento galvanizada em lat\u00e3o)<\/li>\n\n\n\n<li>Polimento de espelho em n\u00edvel nanom\u00e9trico <\/li>\n<\/ul>\n<\/li>\n\n\n\n<li><strong>Caracter\u00edsticas de tr\u00eas provas<\/strong>: Estrutura do n\u00facleo de prote\u00e7\u00e3o IP68<\/li>\n<\/ul>\n<\/div>\n\n\n\n<div class=\"wp-block-column is-layout-flow wp-block-column-is-layout-flow\">\n<figure class=\"wp-block-image size-full\"><img alt=\"\" decoding=\"async\" width=\"800\" height=\"800\" src=\"https:\/\/www.usborkeychain.com\/wp-content\/uploads\/MetalGem-USB-Flash-Drive.jpg\" class=\"wp-image-4646\" srcset=\"https:\/\/www.usborkeychain.com\/wp-content\/uploads\/MetalGem-USB-Flash-Drive.jpg 800w, https:\/\/www.usborkeychain.com\/wp-content\/uploads\/MetalGem-USB-Flash-Drive-300x300.jpg 300w, https:\/\/www.usborkeychain.com\/wp-content\/uploads\/MetalGem-USB-Flash-Drive-150x150.jpg 150w, https:\/\/www.usborkeychain.com\/wp-content\/uploads\/MetalGem-USB-Flash-Drive-768x768.jpg 768w, https:\/\/www.usborkeychain.com\/wp-content\/uploads\/MetalGem-USB-Flash-Drive-12x12.jpg 12w, https:\/\/www.usborkeychain.com\/wp-content\/uploads\/MetalGem-USB-Flash-Drive-600x600.jpg 600w, https:\/\/www.usborkeychain.com\/wp-content\/uploads\/MetalGem-USB-Flash-Drive-100x100.jpg 100w\" sizes=\"(max-width: 800px) 100vw, 800px\" \/><\/figure>\n<\/div>\n<\/div>\n\n\n\n<h2 class=\"wp-block-heading\">Ele suporta a impress\u00e3o de logotipos?<\/h2>\n\n\n\n<p>As unidades flash USB de metal s\u00e3o compat\u00edveis com a impress\u00e3o de logotipos. Os processos comuns de impress\u00e3o s\u00e3o os seguintes:<\/p>\n\n\n\n<figure class=\"wp-block-table\"><table class=\"has-fixed-layout\"><thead><tr><th>Processo<\/th><th>Estilos aplic\u00e1veis<\/th><th>Exibi\u00e7\u00e3o de caixa<\/th><\/tr><\/thead><tbody><tr><td>Grava\u00e7\u00e3o a laser<\/td><td>Modelos geom\u00e9tricos\/an\u00e9is<\/td><td>\"Logotipo corporativo \"LOGO<\/td><\/tr><tr><td>Preenchimento de esmalte colorido<\/td><td>Ranhuras de modelos com face de diamante<\/td><td>\"Padr\u00e3o auspicioso \"Xi<\/td><\/tr><tr><td>Galvanoplastia Gravura<\/td><td>\u00c1rea da superf\u00edcie de corte dos modelos de anel<\/td><td>\"Texto \"Boa sorte e prosperidade<\/td><\/tr><tr><td>Impress\u00e3o por transfer\u00eancia UV<\/td><td>Todas as \u00e1reas planas da s\u00e9rie<\/td><td>Slogan corporativo personalizado<\/td><\/tr><\/tbody><\/table><\/figure>\n\n\n\n<div class=\"wp-block-columns is-layout-flex wp-container-core-columns-is-layout-28f84493 wp-block-columns-is-layout-flex\">\n<div class=\"wp-block-column is-layout-flow wp-block-column-is-layout-flow\">\n<figure class=\"wp-block-image size-full\"><img alt=\"\" loading=\"lazy\" decoding=\"async\" width=\"800\" height=\"800\" src=\"https:\/\/www.usborkeychain.com\/wp-content\/uploads\/GeoMetal-USB-Flash-Drive.jpg\" class=\"wp-image-4645\" srcset=\"https:\/\/www.usborkeychain.com\/wp-content\/uploads\/GeoMetal-USB-Flash-Drive.jpg 800w, https:\/\/www.usborkeychain.com\/wp-content\/uploads\/GeoMetal-USB-Flash-Drive-300x300.jpg 300w, https:\/\/www.usborkeychain.com\/wp-content\/uploads\/GeoMetal-USB-Flash-Drive-150x150.jpg 150w, https:\/\/www.usborkeychain.com\/wp-content\/uploads\/GeoMetal-USB-Flash-Drive-768x768.jpg 768w, https:\/\/www.usborkeychain.com\/wp-content\/uploads\/GeoMetal-USB-Flash-Drive-12x12.jpg 12w, https:\/\/www.usborkeychain.com\/wp-content\/uploads\/GeoMetal-USB-Flash-Drive-600x600.jpg 600w, https:\/\/www.usborkeychain.com\/wp-content\/uploads\/GeoMetal-USB-Flash-Drive-100x100.jpg 100w\" sizes=\"(max-width: 800px) 100vw, 800px\" \/><\/figure>\n<\/div>\n\n\n\n<div class=\"wp-block-column is-layout-flow wp-block-column-is-layout-flow\">\n<figure class=\"wp-block-image size-full\"><img alt=\"\" loading=\"lazy\" decoding=\"async\" width=\"800\" height=\"800\" src=\"https:\/\/www.usborkeychain.com\/wp-content\/uploads\/ShinyRing-USB-Flash-Drive.jpg\" class=\"wp-image-4650\" srcset=\"https:\/\/www.usborkeychain.com\/wp-content\/uploads\/ShinyRing-USB-Flash-Drive.jpg 800w, https:\/\/www.usborkeychain.com\/wp-content\/uploads\/ShinyRing-USB-Flash-Drive-300x300.jpg 300w, https:\/\/www.usborkeychain.com\/wp-content\/uploads\/ShinyRing-USB-Flash-Drive-150x150.jpg 150w, https:\/\/www.usborkeychain.com\/wp-content\/uploads\/ShinyRing-USB-Flash-Drive-768x768.jpg 768w, https:\/\/www.usborkeychain.com\/wp-content\/uploads\/ShinyRing-USB-Flash-Drive-12x12.jpg 12w, https:\/\/www.usborkeychain.com\/wp-content\/uploads\/ShinyRing-USB-Flash-Drive-600x600.jpg 600w, https:\/\/www.usborkeychain.com\/wp-content\/uploads\/ShinyRing-USB-Flash-Drive-100x100.jpg 100w\" sizes=\"(max-width: 800px) 100vw, 800px\" \/><\/figure>\n<\/div>\n\n\n\n<div class=\"wp-block-column is-layout-flow wp-block-column-is-layout-flow\">\n<figure class=\"wp-block-image size-full\"><img alt=\"\" loading=\"lazy\" decoding=\"async\" width=\"800\" height=\"800\" src=\"https:\/\/www.usborkeychain.com\/wp-content\/uploads\/ColorMetal-USB-Flash-Drive.jpg\" class=\"wp-image-4644\" srcset=\"https:\/\/www.usborkeychain.com\/wp-content\/uploads\/ColorMetal-USB-Flash-Drive.jpg 800w, https:\/\/www.usborkeychain.com\/wp-content\/uploads\/ColorMetal-USB-Flash-Drive-300x300.jpg 300w, https:\/\/www.usborkeychain.com\/wp-content\/uploads\/ColorMetal-USB-Flash-Drive-150x150.jpg 150w, https:\/\/www.usborkeychain.com\/wp-content\/uploads\/ColorMetal-USB-Flash-Drive-768x768.jpg 768w, https:\/\/www.usborkeychain.com\/wp-content\/uploads\/ColorMetal-USB-Flash-Drive-12x12.jpg 12w, https:\/\/www.usborkeychain.com\/wp-content\/uploads\/ColorMetal-USB-Flash-Drive-600x600.jpg 600w, https:\/\/www.usborkeychain.com\/wp-content\/uploads\/ColorMetal-USB-Flash-Drive-100x100.jpg 100w\" sizes=\"(max-width: 800px) 100vw, 800px\" \/><\/figure>\n<\/div>\n<\/div>\n\n\n\n<h2 class=\"wp-block-heading\">Par\u00e2metros principais das unidades flash USB<\/h2>\n\n\n\n<figure class=\"wp-block-table\"><table class=\"has-fixed-layout\"><thead><tr><th>Categoria de par\u00e2metro<\/th><th>Conte\u00fado espec\u00edfico<\/th><\/tr><\/thead><tbody><tr><td>Tipo de interface<\/td><td>USB 2.0, USB 3.0, USB 3.1, Tipo - C, etc.<\/td><\/tr><tr><td>Capacidade de armazenamento<\/td><td>8G, 16G, 32G, 64G, 128G<\/td><\/tr><tr><td>Velocidade de leitura e grava\u00e7\u00e3o<\/td><td>Interface USB 2.0: a velocidade de leitura \u00e9 de aproximadamente 10 a 25 MB\/s, a velocidade de grava\u00e7\u00e3o \u00e9 de aproximadamente 5 a 15 MB\/s; interfaces USB 3.0 e superiores: a velocidade de leitura pode chegar a 30 a 150 MB\/s, a velocidade de grava\u00e7\u00e3o pode chegar a 20 a 100 MB\/s (h\u00e1 diferen\u00e7as devido ao equipamento e ao ambiente)<\/td><\/tr><\/tbody><\/table><\/figure>\n\n\n\n<h2 class=\"wp-block-heading\">Para quais empresas ele \u00e9 adequado?<\/h2>\n\n\n\n<div class=\"wp-block-columns is-layout-flex wp-container-core-columns-is-layout-28f84493 wp-block-columns-is-layout-flex\">\n<div class=\"wp-block-column is-vertically-aligned-center is-layout-flow wp-block-column-is-layout-flow\">\n<ul class=\"wp-block-list\">\n<li>As institui\u00e7\u00f5es financeiras podem personaliz\u00e1-lo como um presente de agradecimento ao cliente ou de promo\u00e7\u00e3o comercial e imprimir o logotipo da marca para transmitir a imagem;<\/li>\n\n\n\n<li>As empresas de tecnologia o utilizam como souvenir em reuni\u00f5es de neg\u00f3cios e negocia\u00e7\u00f5es de coopera\u00e7\u00e3o, o que \u00e9 pr\u00e1tico e profissional;<\/li>\n\n\n\n<li>Para os setores de design criativo e moda, as unidades flash USB com formatos exclusivos, como faces de diamante, s\u00e3o combinadas para se adequar ao estilo da marca e ajudar na promo\u00e7\u00e3o da marca.<\/li>\n\n\n\n<li>Os entusiastas de atividades ao ar livre podem escolher o modelo em forma de anel, que \u00e9 conveniente para carregar no chaveiro e pode armazenar fotos de atividades ao ar livre e rastrear dados;<\/li>\n\n\n\n<li>Estudantes e profissionais podem armazenar materiais did\u00e1ticos e documentos de escrit\u00f3rio diariamente, e o material met\u00e1lico \u00e9 dur\u00e1vel e resistente a danos.<\/li>\n<\/ul>\n<\/div>\n\n\n\n<div class=\"wp-block-column is-vertically-aligned-center is-layout-flow wp-block-column-is-layout-flow\">\n<figure class=\"wp-block-image size-full\"><img alt=\"\" loading=\"lazy\" decoding=\"async\" width=\"800\" height=\"800\" src=\"https:\/\/www.usborkeychain.com\/wp-content\/uploads\/SleekLoop-USB-Flash-Drive.jpg\" class=\"wp-image-4651\" srcset=\"https:\/\/www.usborkeychain.com\/wp-content\/uploads\/SleekLoop-USB-Flash-Drive.jpg 800w, https:\/\/www.usborkeychain.com\/wp-content\/uploads\/SleekLoop-USB-Flash-Drive-300x300.jpg 300w, https:\/\/www.usborkeychain.com\/wp-content\/uploads\/SleekLoop-USB-Flash-Drive-150x150.jpg 150w, https:\/\/www.usborkeychain.com\/wp-content\/uploads\/SleekLoop-USB-Flash-Drive-768x768.jpg 768w, https:\/\/www.usborkeychain.com\/wp-content\/uploads\/SleekLoop-USB-Flash-Drive-12x12.jpg 12w, https:\/\/www.usborkeychain.com\/wp-content\/uploads\/SleekLoop-USB-Flash-Drive-600x600.jpg 600w, https:\/\/www.usborkeychain.com\/wp-content\/uploads\/SleekLoop-USB-Flash-Drive-100x100.jpg 100w\" sizes=\"(max-width: 800px) 100vw, 800px\" \/><\/figure>\n<\/div>\n<\/div>\n\n\n\n<div class=\"wp-block-columns is-layout-flex wp-container-core-columns-is-layout-28f84493 wp-block-columns-is-layout-flex\">\n<div class=\"wp-block-column is-layout-flow wp-block-column-is-layout-flow\">\n<figure class=\"wp-block-image size-full\"><img alt=\"\" loading=\"lazy\" decoding=\"async\" width=\"800\" height=\"800\" src=\"https:\/\/www.usborkeychain.com\/wp-content\/uploads\/ModernGeo-USB-Flash-Drive.jpg\" class=\"wp-image-4648\" srcset=\"https:\/\/www.usborkeychain.com\/wp-content\/uploads\/ModernGeo-USB-Flash-Drive.jpg 800w, https:\/\/www.usborkeychain.com\/wp-content\/uploads\/ModernGeo-USB-Flash-Drive-300x300.jpg 300w, https:\/\/www.usborkeychain.com\/wp-content\/uploads\/ModernGeo-USB-Flash-Drive-150x150.jpg 150w, https:\/\/www.usborkeychain.com\/wp-content\/uploads\/ModernGeo-USB-Flash-Drive-768x768.jpg 768w, https:\/\/www.usborkeychain.com\/wp-content\/uploads\/ModernGeo-USB-Flash-Drive-12x12.jpg 12w, https:\/\/www.usborkeychain.com\/wp-content\/uploads\/ModernGeo-USB-Flash-Drive-600x600.jpg 600w, https:\/\/www.usborkeychain.com\/wp-content\/uploads\/ModernGeo-USB-Flash-Drive-100x100.jpg 100w\" sizes=\"(max-width: 800px) 100vw, 800px\" \/><\/figure>\n<\/div>\n\n\n\n<div class=\"wp-block-column is-vertically-aligned-center is-layout-flow wp-block-column-is-layout-flow\">\n<p><strong>Unidades flash USB de metal<\/strong>Com v\u00e1rios formatos de metal (geom\u00e9tricos, em forma de anel, com face de diamante), materiais confi\u00e1veis, processos de personaliza\u00e7\u00e3o sofisticados e par\u00e2metros de desempenho claros, eles se tornaram uma op\u00e7\u00e3o de alta qualidade para a personaliza\u00e7\u00e3o de presentes corporativos e para o uso di\u00e1rio pessoal. Seja buscando uma apar\u00eancia moderna ou valorizando a durabilidade e as necessidades de personaliza\u00e7\u00e3o, ele pode atend\u00ea-las, tornando o armazenamento de dados pr\u00e1tico e personalizado.<\/p>\n<\/div>\n<\/div>","protected":false},"excerpt":{"rendered":"<ul>\n<li>Material met\u00e1lico<\/li>\n<li>Estilo cl\u00e1ssico<\/li>\n<li>Logotipo personalizado<\/li>\n<li>Dur\u00e1vel<\/li>\n<li>MOQ:100PCS<\/li>\n<\/ul>","protected":false},"featured_media":4647,"comment_status":"open","ping_status":"closed","template":"","meta":{"_seopress_robots_primary_cat":"","_seopress_titles_title":"","_seopress_titles_desc":"","_seopress_robots_index":"","site-sidebar-layout":"default","site-content-layout":"","ast-site-content-layout":"","site-content-style":"default","site-sidebar-style":"default","ast-global-header-display":"","ast-banner-title-visibility":"","ast-main-header-display":"","ast-hfb-above-header-display":"","ast-hfb-below-header-display":"","ast-hfb-mobile-header-display":"","site-post-title":"","ast-breadcrumbs-content":"","ast-featured-img":"","footer-sml-layout":"","theme-transparent-header-meta":"","adv-header-id-meta":"","stick-header-meta":"","header-above-stick-meta":"","header-main-stick-meta":"","header-below-stick-meta":"","astra-migrate-meta-layouts":"default","ast-page-background-enabled":"default","ast-page-background-meta":{"desktop":{"background-color":"var(--ast-global-color-5)","background-image":"","background-repeat":"repeat","background-position":"center center","background-size":"auto","background-attachment":"scroll","background-type":"","background-media":"","overlay-type":"","overlay-color":"","overlay-opacity":"","overlay-gradient":""},"tablet":{"background-color":"","background-image":"","background-repeat":"repeat","background-position":"center center","background-size":"auto","background-attachment":"scroll","background-type":"","background-media":"","overlay-type":"","overlay-color":"","overlay-opacity":"","overlay-gradient":""},"mobile":{"background-color":"","background-image":"","background-repeat":"repeat","background-position":"center center","background-size":"auto","background-attachment":"scroll","background-type":"","background-media":"","overlay-type":"","overlay-color":"","overlay-opacity":"","overlay-gradient":""}},"ast-content-background-meta":{"desktop":{"background-color":"var(--ast-global-color-4)","background-image":"","background-repeat":"repeat","background-position":"center center","background-size":"auto","background-attachment":"scroll","background-type":"","background-media":"","overlay-type":"","overlay-color":"","overlay-opacity":"","overlay-gradient":""},"tablet":{"background-color":"var(--ast-global-color-4)","background-image":"","background-repeat":"repeat","background-position":"center center","background-size":"auto","background-attachment":"scroll","background-type":"","background-media":"","overlay-type":"","overlay-color":"","overlay-opacity":"","overlay-gradient":""},"mobile":{"background-color":"var(--ast-global-color-4)","background-image":"","background-repeat":"repeat","background-position":"center center","background-size":"auto","background-attachment":"scroll","background-type":"","background-media":"","overlay-type":"","overlay-color":"","overlay-opacity":"","overlay-gradient":""}}},"product_brand":[],"product_cat":[89],"product_tag":[396],"class_list":{"0":"post-4640","1":"product","2":"type-product","3":"status-publish","4":"has-post-thumbnail","6":"product_cat-metal-usb-pendrive","7":"product_tag-stainless-steel-usb-flash-drive","8":"desktop-align-left","9":"tablet-align-left","10":"mobile-align-left","12":"first","13":"instock","14":"shipping-taxable","15":"product-type-simple"},"_links":{"self":[{"href":"https:\/\/www.usborkeychain.com\/pt\/wp-json\/wp\/v2\/product\/4640","targetHints":{"allow":["GET"]}}],"collection":[{"href":"https:\/\/www.usborkeychain.com\/pt\/wp-json\/wp\/v2\/product"}],"about":[{"href":"https:\/\/www.usborkeychain.com\/pt\/wp-json\/wp\/v2\/types\/product"}],"replies":[{"embeddable":true,"href":"https:\/\/www.usborkeychain.com\/pt\/wp-json\/wp\/v2\/comments?post=4640"}],"wp:featuredmedia":[{"embeddable":true,"href":"https:\/\/www.usborkeychain.com\/pt\/wp-json\/wp\/v2\/media\/4647"}],"wp:attachment":[{"href":"https:\/\/www.usborkeychain.com\/pt\/wp-json\/wp\/v2\/media?parent=4640"}],"wp:term":[{"taxonomy":"product_brand","embeddable":true,"href":"https:\/\/www.usborkeychain.com\/pt\/wp-json\/wp\/v2\/product_brand?post=4640"},{"taxonomy":"product_cat","embeddable":true,"href":"https:\/\/www.usborkeychain.com\/pt\/wp-json\/wp\/v2\/product_cat?post=4640"},{"taxonomy":"product_tag","embeddable":true,"href":"https:\/\/www.usborkeychain.com\/pt\/wp-json\/wp\/v2\/product_tag?post=4640"}],"curies":[{"name":"wp","href":"https:\/\/api.w.org\/{rel}","templated":true}]}}