{"id":4652,"date":"2025-07-26T07:05:35","date_gmt":"2025-07-26T07:05:35","guid":{"rendered":"https:\/\/www.usborkeychain.com\/?post_type=product&#038;p=4652"},"modified":"2025-07-26T14:24:58","modified_gmt":"2025-07-26T14:24:58","slug":"simulation-gun-usb-flash-drive","status":"publish","type":"product","link":"https:\/\/www.usborkeychain.com\/pt\/produto\/simulation-gun-usb-flash-drive\/","title":{"rendered":"Unidade flash USB de arma de simula\u00e7\u00e3o"},"content":{"rendered":"<div class=\"wp-block-columns is-layout-flex wp-container-core-columns-is-layout-28f84493 wp-block-columns-is-layout-flex\">\n<div class=\"wp-block-column is-vertically-aligned-center is-layout-flow wp-block-column-is-layout-flow\">\n<p>O <strong>Unidade flash USB da arma de simula\u00e7\u00e3o<\/strong> apresenta um corpo principal feito de pl\u00e1stico de alta qualidade, o que garante um certo n\u00edvel de resist\u00eancia e durabilidade, al\u00e9m de reproduzir com precis\u00e3o os detalhes externos de equipamentos militares, como armas e granadas.<\/p>\n\n\n\n<p>Desde a textura da empunhadura da arma e o formato do gatilho at\u00e9 a concha c\u00f4ncava-convexa da granada, cada detalhe \u00e9 meticulosamente reproduzido. Segur\u00e1-la na m\u00e3o d\u00e1 uma sensa\u00e7\u00e3o substancial e texturizada, como se voc\u00ea estivesse segurando um mini modelo militar real.<\/p>\n\n\n\n<p>Para entusiastas militares e amantes de produtos de artilharia, esse design \u00e9 cheio de sentimento e apelo. No uso di\u00e1rio, ele pode ser pendurado em uma bolsa como chaveiro ou colocado em uma mesa de trabalho, o que n\u00e3o \u00e9 apenas pr\u00e1tico, mas tamb\u00e9m mostra hobbies exclusivos, tornando a paix\u00e3o militar \"ao alcance\" em todos os momentos.<\/p>\n<\/div>\n\n\n\n<div class=\"wp-block-column is-vertically-aligned-center is-layout-flow wp-block-column-is-layout-flow\">\n<figure class=\"wp-block-image size-full\"><img alt=\"\" fetchpriority=\"high\" decoding=\"async\" width=\"800\" height=\"800\" src=\"https:\/\/www.usborkeychain.com\/wp-content\/uploads\/GunModel-USB-Flash-Drive.jpg\" class=\"wp-image-4657\" srcset=\"https:\/\/www.usborkeychain.com\/wp-content\/uploads\/GunModel-USB-Flash-Drive.jpg 800w, https:\/\/www.usborkeychain.com\/wp-content\/uploads\/GunModel-USB-Flash-Drive-300x300.jpg 300w, https:\/\/www.usborkeychain.com\/wp-content\/uploads\/GunModel-USB-Flash-Drive-150x150.jpg 150w, https:\/\/www.usborkeychain.com\/wp-content\/uploads\/GunModel-USB-Flash-Drive-768x768.jpg 768w, https:\/\/www.usborkeychain.com\/wp-content\/uploads\/GunModel-USB-Flash-Drive-12x12.jpg 12w, https:\/\/www.usborkeychain.com\/wp-content\/uploads\/GunModel-USB-Flash-Drive-600x600.jpg 600w, https:\/\/www.usborkeychain.com\/wp-content\/uploads\/GunModel-USB-Flash-Drive-100x100.jpg 100w\" sizes=\"(max-width: 800px) 100vw, 800px\" \/><\/figure>\n<\/div>\n<\/div>\n\n\n\n<h2 class=\"wp-block-heading\">Par\u00e2metros principais da unidade flash USB<\/h2>\n\n\n\n<figure class=\"wp-block-table\"><table class=\"has-fixed-layout\"><thead><tr><th>Categoria de par\u00e2metro<\/th><th>Conte\u00fado espec\u00edfico<\/th><\/tr><\/thead><tbody><tr><td>Tipo de interface<\/td><td>Geralmente USB 2.0, USB 3.0 (alguns suportam o Tipo - C, dependendo do produto)<\/td><\/tr><tr><td>Capacidade de armazenamento<\/td><td>4 GB, 8 GB, 16 GB, 32 GB, 64 GB, 128 GB<\/td><\/tr><\/tbody><\/table><\/figure>\n\n\n\n<h2 class=\"wp-block-heading\">Quais s\u00e3o os estilos da s\u00e9rie de unidades USB simuladas em forma de pistola?<\/h2>\n\n\n\n<div class=\"wp-block-columns is-layout-flex wp-container-core-columns-is-layout-28f84493 wp-block-columns-is-layout-flex\">\n<div class=\"wp-block-column is-vertically-aligned-center is-layout-flow wp-block-column-is-layout-flow\">\n<figure class=\"wp-block-image size-full\"><img alt=\"\" decoding=\"async\" width=\"800\" height=\"800\" src=\"https:\/\/www.usborkeychain.com\/wp-content\/uploads\/BlackGun-USB-Flash-Drive.jpg\" class=\"wp-image-4656\" srcset=\"https:\/\/www.usborkeychain.com\/wp-content\/uploads\/BlackGun-USB-Flash-Drive.jpg 800w, https:\/\/www.usborkeychain.com\/wp-content\/uploads\/BlackGun-USB-Flash-Drive-300x300.jpg 300w, https:\/\/www.usborkeychain.com\/wp-content\/uploads\/BlackGun-USB-Flash-Drive-150x150.jpg 150w, https:\/\/www.usborkeychain.com\/wp-content\/uploads\/BlackGun-USB-Flash-Drive-768x768.jpg 768w, https:\/\/www.usborkeychain.com\/wp-content\/uploads\/BlackGun-USB-Flash-Drive-12x12.jpg 12w, https:\/\/www.usborkeychain.com\/wp-content\/uploads\/BlackGun-USB-Flash-Drive-600x600.jpg 600w, https:\/\/www.usborkeychain.com\/wp-content\/uploads\/BlackGun-USB-Flash-Drive-100x100.jpg 100w\" sizes=\"(max-width: 800px) 100vw, 800px\" \/><\/figure>\n<\/div>\n\n\n\n<div class=\"wp-block-column is-vertically-aligned-center is-layout-flow wp-block-column-is-layout-flow\">\n<p>Essa s\u00e9rie de unidades USB tem 5 estilos no total. Ela inclui v\u00e1rios designs em forma de arma e at\u00e9 mesmo um em forma de granada de m\u00e3o, todos reunidos para formar uma cole\u00e7\u00e3o exclusiva de unidades USB em forma de arma simulada.<\/p>\n\n\n\n<p>Se voc\u00ea quiser personalizar um logotipo para essa s\u00e9rie, ele precisa ser moldado junto durante o processo de abertura. Dessa forma, ele ter\u00e1 uma apar\u00eancia mais realista e v\u00edvida.<\/p>\n<\/div>\n<\/div>\n\n\n\n<h2 class=\"wp-block-heading\">Para quais empresas ele \u00e9 adequado?<\/h2>\n\n\n\n<div class=\"wp-block-columns is-layout-flex wp-container-core-columns-is-layout-28f84493 wp-block-columns-is-layout-flex\">\n<div class=\"wp-block-column is-vertically-aligned-center is-layout-flow wp-block-column-is-layout-flow\">\n<ul class=\"wp-block-list\">\n<li>Clubes com temas militares e empresas de desenvolvimento de atividades ao ar livre podem personalizar unidades flash USB de simulacros de armas como presentes para associados e pr\u00eamios de eventos.<\/li>\n\n\n\n<li>Empresas relacionadas a artilharia e marcas de empreendedores veteranos.<\/li>\n\n\n\n<li>Produtores de perif\u00e9ricos de jogos e filmes com tem\u00e1tica militar: como perif\u00e9ricos de marca compartilhada para dar de presente, atraindo grupos de f\u00e3s.<\/li>\n\n\n\n<li>Entusiastas de material b\u00e9lico para coleta e uso pessoal, atendendo \u00e0s necessidades \"l\u00fadicas\" de equipamentos militares.<\/li>\n<\/ul>\n<\/div>\n\n\n\n<div class=\"wp-block-column is-vertically-aligned-center is-layout-flow wp-block-column-is-layout-flow\">\n<figure class=\"wp-block-image size-full\"><img alt=\"\" decoding=\"async\" width=\"800\" height=\"800\" src=\"https:\/\/www.usborkeychain.com\/wp-content\/uploads\/PVCGun-USB-Flash-Drive.jpg\" class=\"wp-image-4658\" srcset=\"https:\/\/www.usborkeychain.com\/wp-content\/uploads\/PVCGun-USB-Flash-Drive.jpg 800w, https:\/\/www.usborkeychain.com\/wp-content\/uploads\/PVCGun-USB-Flash-Drive-300x300.jpg 300w, https:\/\/www.usborkeychain.com\/wp-content\/uploads\/PVCGun-USB-Flash-Drive-150x150.jpg 150w, https:\/\/www.usborkeychain.com\/wp-content\/uploads\/PVCGun-USB-Flash-Drive-768x768.jpg 768w, https:\/\/www.usborkeychain.com\/wp-content\/uploads\/PVCGun-USB-Flash-Drive-12x12.jpg 12w, https:\/\/www.usborkeychain.com\/wp-content\/uploads\/PVCGun-USB-Flash-Drive-600x600.jpg 600w, https:\/\/www.usborkeychain.com\/wp-content\/uploads\/PVCGun-USB-Flash-Drive-100x100.jpg 100w\" sizes=\"(max-width: 800px) 100vw, 800px\" \/><\/figure>\n<\/div>\n<\/div>\n\n\n\n<div class=\"wp-block-columns is-layout-flex wp-container-core-columns-is-layout-28f84493 wp-block-columns-is-layout-flex\">\n<div class=\"wp-block-column is-layout-flow wp-block-column-is-layout-flow\">\n<figure class=\"wp-block-image size-full\"><img alt=\"\" loading=\"lazy\" decoding=\"async\" width=\"800\" height=\"800\" src=\"https:\/\/www.usborkeychain.com\/wp-content\/uploads\/ArmyGun-USB-Flash-Drive.jpg\" class=\"wp-image-4655\" srcset=\"https:\/\/www.usborkeychain.com\/wp-content\/uploads\/ArmyGun-USB-Flash-Drive.jpg 800w, https:\/\/www.usborkeychain.com\/wp-content\/uploads\/ArmyGun-USB-Flash-Drive-300x300.jpg 300w, https:\/\/www.usborkeychain.com\/wp-content\/uploads\/ArmyGun-USB-Flash-Drive-150x150.jpg 150w, https:\/\/www.usborkeychain.com\/wp-content\/uploads\/ArmyGun-USB-Flash-Drive-768x768.jpg 768w, https:\/\/www.usborkeychain.com\/wp-content\/uploads\/ArmyGun-USB-Flash-Drive-12x12.jpg 12w, https:\/\/www.usborkeychain.com\/wp-content\/uploads\/ArmyGun-USB-Flash-Drive-600x600.jpg 600w, https:\/\/www.usborkeychain.com\/wp-content\/uploads\/ArmyGun-USB-Flash-Drive-100x100.jpg 100w\" sizes=\"(max-width: 800px) 100vw, 800px\" \/><\/figure>\n<\/div>\n\n\n\n<div class=\"wp-block-column is-vertically-aligned-center is-layout-flow wp-block-column-is-layout-flow\">\n<p>Com sua apar\u00eancia militar robusta, o \"equil\u00edbrio da sensa\u00e7\u00e3o da m\u00e3o\" do <strong>Material de PVC<\/strong>Com sua tecnologia de simula\u00e7\u00e3o de arma, par\u00e2metros de armazenamento claros e v\u00e1rios processos de personaliza\u00e7\u00e3o, a unidade flash USB de simula\u00e7\u00e3o de arma se tornou um produto de armazenamento exclusivo para f\u00e3s militares e entusiastas de artilharia. Ela tamb\u00e9m oferece uma op\u00e7\u00e3o exclusiva para as empresas personalizarem presentes com temas militares. <\/p>\n\n\n\n<p>Seja para comemorar o servi\u00e7o militar, mostrar hobbies ou para as empresas transmitirem o sentimento da marca, ele pode armazenar dados enquanto \"embala\" a paix\u00e3o militar no bolso, sendo pr\u00e1tico e diferenciado.<\/p>\n<\/div>\n<\/div>","protected":false},"excerpt":{"rendered":"<ul>\n<li>Pistola de simula\u00e7\u00e3o<\/li>\n<li>Material de PVC<\/li>\n<li>Entusiasta militar<\/li>\n<li>Logotipo personalizado<\/li>\n<li>MOQ:100PCS<\/li>\n<\/ul>","protected":false},"featured_media":4657,"comment_status":"open","ping_status":"closed","template":"","meta":{"_seopress_robots_primary_cat":"none","_seopress_titles_title":"","_seopress_titles_desc":"","_seopress_robots_index":"","site-sidebar-layout":"default","site-content-layout":"","ast-site-content-layout":"","site-content-style":"default","site-sidebar-style":"default","ast-global-header-display":"","ast-banner-title-visibility":"","ast-main-header-display":"","ast-hfb-above-header-display":"","ast-hfb-below-header-display":"","ast-hfb-mobile-header-display":"","site-post-title":"","ast-breadcrumbs-content":"","ast-featured-img":"","footer-sml-layout":"","theme-transparent-header-meta":"","adv-header-id-meta":"","stick-header-meta":"","header-above-stick-meta":"","header-main-stick-meta":"","header-below-stick-meta":"","astra-migrate-meta-layouts":"default","ast-page-background-enabled":"default","ast-page-background-meta":{"desktop":{"background-color":"var(--ast-global-color-5)","background-image":"","background-repeat":"repeat","background-position":"center center","background-size":"auto","background-attachment":"scroll","background-type":"","background-media":"","overlay-type":"","overlay-color":"","overlay-opacity":"","overlay-gradient":""},"tablet":{"background-color":"","background-image":"","background-repeat":"repeat","background-position":"center center","background-size":"auto","background-attachment":"scroll","background-type":"","background-media":"","overlay-type":"","overlay-color":"","overlay-opacity":"","overlay-gradient":""},"mobile":{"background-color":"","background-image":"","background-repeat":"repeat","background-position":"center center","background-size":"auto","background-attachment":"scroll","background-type":"","background-media":"","overlay-type":"","overlay-color":"","overlay-opacity":"","overlay-gradient":""}},"ast-content-background-meta":{"desktop":{"background-color":"var(--ast-global-color-4)","background-image":"","background-repeat":"repeat","background-position":"center center","background-size":"auto","background-attachment":"scroll","background-type":"","background-media":"","overlay-type":"","overlay-color":"","overlay-opacity":"","overlay-gradient":""},"tablet":{"background-color":"var(--ast-global-color-4)","background-image":"","background-repeat":"repeat","background-position":"center center","background-size":"auto","background-attachment":"scroll","background-type":"","background-media":"","overlay-type":"","overlay-color":"","overlay-opacity":"","overlay-gradient":""},"mobile":{"background-color":"var(--ast-global-color-4)","background-image":"","background-repeat":"repeat","background-position":"center center","background-size":"auto","background-attachment":"scroll","background-type":"","background-media":"","overlay-type":"","overlay-color":"","overlay-opacity":"","overlay-gradient":""}}},"product_brand":[],"product_cat":[94],"product_tag":[248,284],"class_list":{"0":"post-4652","1":"product","2":"type-product","3":"status-publish","4":"has-post-thumbnail","6":"product_cat-pvc-usb-pendrive","7":"product_tag-pvc-usb-flash-drive","8":"product_tag-simulation-gun-usb-flash-drive","9":"desktop-align-left","10":"tablet-align-left","11":"mobile-align-left","13":"first","14":"instock","15":"shipping-taxable","16":"product-type-simple"},"_links":{"self":[{"href":"https:\/\/www.usborkeychain.com\/pt\/wp-json\/wp\/v2\/product\/4652","targetHints":{"allow":["GET"]}}],"collection":[{"href":"https:\/\/www.usborkeychain.com\/pt\/wp-json\/wp\/v2\/product"}],"about":[{"href":"https:\/\/www.usborkeychain.com\/pt\/wp-json\/wp\/v2\/types\/product"}],"replies":[{"embeddable":true,"href":"https:\/\/www.usborkeychain.com\/pt\/wp-json\/wp\/v2\/comments?post=4652"}],"wp:featuredmedia":[{"embeddable":true,"href":"https:\/\/www.usborkeychain.com\/pt\/wp-json\/wp\/v2\/media\/4657"}],"wp:attachment":[{"href":"https:\/\/www.usborkeychain.com\/pt\/wp-json\/wp\/v2\/media?parent=4652"}],"wp:term":[{"taxonomy":"product_brand","embeddable":true,"href":"https:\/\/www.usborkeychain.com\/pt\/wp-json\/wp\/v2\/product_brand?post=4652"},{"taxonomy":"product_cat","embeddable":true,"href":"https:\/\/www.usborkeychain.com\/pt\/wp-json\/wp\/v2\/product_cat?post=4652"},{"taxonomy":"product_tag","embeddable":true,"href":"https:\/\/www.usborkeychain.com\/pt\/wp-json\/wp\/v2\/product_tag?post=4652"}],"curies":[{"name":"wp","href":"https:\/\/api.w.org\/{rel}","templated":true}]}}