{"id":4670,"date":"2025-07-26T07:43:17","date_gmt":"2025-07-26T07:43:17","guid":{"rendered":"https:\/\/www.usborkeychain.com\/?post_type=product&#038;p=4670"},"modified":"2025-08-14T12:11:01","modified_gmt":"2025-08-14T12:11:01","slug":"metal-house-shaped-usb-flash-drive","status":"publish","type":"product","link":"https:\/\/www.usborkeychain.com\/pt\/produto\/metal-house-shaped-usb-flash-drive\/","title":{"rendered":"Unidade flash USB em formato de Metal House"},"content":{"rendered":"<div class=\"wp-block-columns is-layout-flex wp-container-core-columns-is-layout-28f84493 wp-block-columns-is-layout-flex\">\n<div class=\"wp-block-column is-vertically-aligned-center is-layout-flow wp-block-column-is-layout-flow\">\n<p>O <strong>Unidade flash USB em formato de casa de metal<\/strong> \u00e9 fabricado em metal de alta qualidade. \u00c9 resistente, por\u00e9m delicado. No uso di\u00e1rio, resiste a arranh\u00f5es e pequenos impactos, demonstrando excelente durabilidade. Al\u00e9m disso, apresenta um apelo visual texturizado e de alta qualidade.<\/p>\n\n\n\n<p>O formato de casa em miniatura evoca instantaneamente uma sensa\u00e7\u00e3o acolhedora de lar, como se voc\u00ea estivesse carregando uma mini \"casa\" com voc\u00ea.<\/p>\n\n\n\n<p>Ele \u00e9 extremamente leve e fino. Voc\u00ea pode prend\u00ea-lo facilmente a um chaveiro, coloc\u00e1-lo no bolso ou guard\u00e1-lo em uma bolsa pequena.<\/p>\n<\/div>\n\n\n\n<div class=\"wp-block-column is-vertically-aligned-center is-layout-flow wp-block-column-is-layout-flow\">\n<figure class=\"wp-block-image size-full\"><img alt=\"\" fetchpriority=\"high\" decoding=\"async\" width=\"800\" height=\"800\" src=\"https:\/\/www.usborkeychain.com\/wp-content\/uploads\/MiniHouse-USB-Flash-Drive.png\" class=\"wp-image-4677\" srcset=\"https:\/\/www.usborkeychain.com\/wp-content\/uploads\/MiniHouse-USB-Flash-Drive.png 800w, https:\/\/www.usborkeychain.com\/wp-content\/uploads\/MiniHouse-USB-Flash-Drive-300x300.png 300w, https:\/\/www.usborkeychain.com\/wp-content\/uploads\/MiniHouse-USB-Flash-Drive-150x150.png 150w, https:\/\/www.usborkeychain.com\/wp-content\/uploads\/MiniHouse-USB-Flash-Drive-768x768.png 768w, https:\/\/www.usborkeychain.com\/wp-content\/uploads\/MiniHouse-USB-Flash-Drive-12x12.png 12w, https:\/\/www.usborkeychain.com\/wp-content\/uploads\/MiniHouse-USB-Flash-Drive-600x600.png 600w, https:\/\/www.usborkeychain.com\/wp-content\/uploads\/MiniHouse-USB-Flash-Drive-100x100.png 100w\" sizes=\"(max-width: 800px) 100vw, 800px\" \/><\/figure>\n<\/div>\n<\/div>\n\n\n\n<h2 class=\"wp-block-heading\">Par\u00e2metros da unidade flash USB<\/h2>\n\n\n\n<figure class=\"wp-block-table\"><table class=\"has-fixed-layout\"><thead><tr><th>Categoria de par\u00e2metro<\/th><th>Detalhes<\/th><\/tr><\/thead><tbody><tr><td>Tipo de interface<\/td><td>USB 3.0 (retrocompat\u00edvel com USB 2.0 para maior compatibilidade de dispositivos)<\/td><\/tr><tr><td>Capacidades de armazenamento dispon\u00edveis<\/td><td>4 GB, 8 GB, 16 GB, 32 GB, 64 GB, 128 GB<\/td><\/tr><tr><td>Dimens\u00f5es (comprimento \u00d7 largura \u00d7 espessura)<\/td><td>60\u00d725\u00d710mm<\/td><\/tr><tr><td>Peso<\/td><td>15 gramas<\/td><\/tr><\/tbody><\/table><\/figure>\n\n\n\n<h2 class=\"wp-block-heading\">Para quais empresas ele \u00e9 adequado como presente?<\/h2>\n\n\n\n<figure class=\"wp-block-table\"><table class=\"has-fixed-layout\"><thead><tr><th>Tipo de objeto aplic\u00e1vel<\/th><th>Explica\u00e7\u00e3o espec\u00edfica<\/th><\/tr><\/thead><tbody><tr><td>Empreendimentos imobili\u00e1rios<\/td><td>Como brindes promocionais para projetos imobili\u00e1rios<\/td><\/tr><tr><td>Empresas de design de decora\u00e7\u00e3o de casas<\/td><td>Fornecido a clientes ou parceiros de neg\u00f3cios<\/td><\/tr><tr><td>Institui\u00e7\u00f5es financeiras (neg\u00f3cios hipotec\u00e1rios)<\/td><td>Usado em hipotecas - atividades relacionadas<\/td><\/tr><tr><td>Pessoas f\u00edsicas (doa\u00e7\u00f5es para parentes e amigos)<\/td><td>Para ocasi\u00f5es como anivers\u00e1rios e festas de aquecimento da casa<\/td><\/tr><tr><td>Institui\u00e7\u00f5es de ensino e treinamento<\/td><td>Como formatura ou evento - presentes comemorativos para estudantes<\/td><\/tr><\/tbody><\/table><\/figure>\n\n\n\n<h2 class=\"wp-block-heading\">A impress\u00e3o de logotipos \u00e9 compat\u00edvel?<\/h2>\n\n\n\n<div class=\"wp-block-columns is-layout-flex wp-container-core-columns-is-layout-28f84493 wp-block-columns-is-layout-flex\">\n<div class=\"wp-block-column is-vertically-aligned-center is-layout-flow wp-block-column-is-layout-flow\">\n<figure class=\"wp-block-image size-full\"><img alt=\"\" decoding=\"async\" width=\"800\" height=\"800\" src=\"https:\/\/www.usborkeychain.com\/wp-content\/uploads\/HouseShaped-Metal-USB-Flash-Drive.png\" class=\"wp-image-4674\" srcset=\"https:\/\/www.usborkeychain.com\/wp-content\/uploads\/HouseShaped-Metal-USB-Flash-Drive.png 800w, https:\/\/www.usborkeychain.com\/wp-content\/uploads\/HouseShaped-Metal-USB-Flash-Drive-300x300.png 300w, https:\/\/www.usborkeychain.com\/wp-content\/uploads\/HouseShaped-Metal-USB-Flash-Drive-150x150.png 150w, https:\/\/www.usborkeychain.com\/wp-content\/uploads\/HouseShaped-Metal-USB-Flash-Drive-768x768.png 768w, https:\/\/www.usborkeychain.com\/wp-content\/uploads\/HouseShaped-Metal-USB-Flash-Drive-12x12.png 12w, https:\/\/www.usborkeychain.com\/wp-content\/uploads\/HouseShaped-Metal-USB-Flash-Drive-600x600.png 600w, https:\/\/www.usborkeychain.com\/wp-content\/uploads\/HouseShaped-Metal-USB-Flash-Drive-100x100.png 100w\" sizes=\"(max-width: 800px) 100vw, 800px\" \/><\/figure>\n<\/div>\n\n\n\n<div class=\"wp-block-column is-vertically-aligned-center is-layout-flow wp-block-column-is-layout-flow\">\n<p>O<strong> Unidade flash USB em formato de casa de metal <\/strong>suporta a impress\u00e3o de logotipos e \u00e9 uma excelente op\u00e7\u00e3o para a personaliza\u00e7\u00e3o da marca. Os processos de impress\u00e3o dispon\u00edveis s\u00e3o os seguintes:<\/p>\n\n\n\n<ul class=\"wp-block-list\">\n<li><strong>Impress\u00e3o em tela de seda<\/strong>: \u00c9 adequado para padr\u00f5es complexos. Pode imprimir logotipos ou emblemas corporativos com alta precis\u00e3o, apresentando cores brilhantes e excelente resist\u00eancia a arranh\u00f5es.<\/li>\n\n\n\n<li><strong>Grava\u00e7\u00e3o a laser<\/strong>: Especificamente projetado para superf\u00edcies met\u00e1licas, ele grava profundamente textos ou gr\u00e1ficos, apresentando um efeito delicado e permanente.<\/li>\n\n\n\n<li><strong>Impress\u00e3o UV<\/strong>: Ideal para designs multicoloridos, como a adi\u00e7\u00e3o de gradientes ou imagens personalizadas. Possui forte resist\u00eancia a intemp\u00e9ries e cores vivas.<\/li>\n\n\n\n<li><strong>Impress\u00e3o por transfer\u00eancia t\u00e9rmica<\/strong>: Adequado para personaliza\u00e7\u00e3o de pequenos lotes, ele permite a impress\u00e3o r\u00e1pida de informa\u00e7\u00f5es personalizadas.<\/li>\n<\/ul>\n<\/div>\n<\/div>\n\n\n\n<h2 class=\"wp-block-heading\">H\u00e1 embalagens personalizadas dispon\u00edveis?<\/h2>\n\n\n\n<div class=\"wp-block-columns is-layout-flex wp-container-core-columns-is-layout-28f84493 wp-block-columns-is-layout-flex\">\n<div class=\"wp-block-column is-vertically-aligned-center is-layout-flow wp-block-column-is-layout-flow\">\n<figure class=\"wp-block-image size-full\"><img alt=\"\" decoding=\"async\" width=\"800\" height=\"800\" src=\"https:\/\/www.usborkeychain.com\/wp-content\/uploads\/KeychainHouse-USB-Flash-Drive.png\" class=\"wp-image-4675\" srcset=\"https:\/\/www.usborkeychain.com\/wp-content\/uploads\/KeychainHouse-USB-Flash-Drive.png 800w, https:\/\/www.usborkeychain.com\/wp-content\/uploads\/KeychainHouse-USB-Flash-Drive-300x300.png 300w, https:\/\/www.usborkeychain.com\/wp-content\/uploads\/KeychainHouse-USB-Flash-Drive-150x150.png 150w, https:\/\/www.usborkeychain.com\/wp-content\/uploads\/KeychainHouse-USB-Flash-Drive-768x768.png 768w, https:\/\/www.usborkeychain.com\/wp-content\/uploads\/KeychainHouse-USB-Flash-Drive-12x12.png 12w, https:\/\/www.usborkeychain.com\/wp-content\/uploads\/KeychainHouse-USB-Flash-Drive-600x600.png 600w, https:\/\/www.usborkeychain.com\/wp-content\/uploads\/KeychainHouse-USB-Flash-Drive-100x100.png 100w\" sizes=\"(max-width: 800px) 100vw, 800px\" \/><\/figure>\n<\/div>\n\n\n\n<div class=\"wp-block-column is-vertically-aligned-center is-layout-flow wp-block-column-is-layout-flow\">\n<p>Embalagens personalizadas est\u00e3o dispon\u00edveis para <strong>unidade flash USB em formato de casa de metal<\/strong>. As op\u00e7\u00f5es comuns de embalagem incluem:<\/p>\n\n\n\n<ul class=\"wp-block-list\">\n<li><strong>Embalagem Blister<\/strong>: Tem um custo relativamente baixo e pode exibir claramente a apar\u00eancia da unidade flash USB.<\/li>\n\n\n\n<li><strong>Embalagem de caixa de papel<\/strong>: \u00c9 simples e pr\u00e1tico. Informa\u00e7\u00f5es sobre a marca, slogans promocionais, etc. podem ser impressos na superf\u00edcie da caixa.<\/li>\n\n\n\n<li><strong>Embalagem de caixa de presente<\/strong>: Parece mais requintado e sofisticado, geralmente combinado com fitas e revestimentos internos.<\/li>\n<\/ul>\n<\/div>\n<\/div>\n\n\n\n<div class=\"wp-block-columns is-layout-flex wp-container-core-columns-is-layout-28f84493 wp-block-columns-is-layout-flex\">\n<div class=\"wp-block-column is-vertically-aligned-center is-layout-flow wp-block-column-is-layout-flow\">\n<p>O <strong>Unidade flash USB em formato de casa de metal<\/strong> garante durabilidade com seu material met\u00e1lico, transmite um toque emocional com seu design em forma de casa, atende a diversas necessidades de armazenamento com seus par\u00e2metros avan\u00e7ados e permite a personaliza\u00e7\u00e3o do logotipo e da embalagem. Quer seja usado por empresas como presente para promo\u00e7\u00e3o da marca e cen\u00e1rios relacionados a neg\u00f3cios ou por indiv\u00edduos para transmitir a bela conota\u00e7\u00e3o de \"lar\" em seus presentes, ele pode ser pr\u00e1tico e expressar inten\u00e7\u00f5es exclusivas, tornando-se um excelente suporte para armazenamento de dados e conex\u00e3o emocional.<\/p>\n<\/div>\n\n\n\n<div class=\"wp-block-column is-vertically-aligned-center is-layout-flow wp-block-column-is-layout-flow\">\n<figure class=\"wp-block-image size-full\"><img alt=\"\" loading=\"lazy\" decoding=\"async\" width=\"800\" height=\"800\" src=\"https:\/\/www.usborkeychain.com\/wp-content\/uploads\/ElegantHouse-USB-Flash-Drive.png\" class=\"wp-image-4673\" srcset=\"https:\/\/www.usborkeychain.com\/wp-content\/uploads\/ElegantHouse-USB-Flash-Drive.png 800w, https:\/\/www.usborkeychain.com\/wp-content\/uploads\/ElegantHouse-USB-Flash-Drive-300x300.png 300w, https:\/\/www.usborkeychain.com\/wp-content\/uploads\/ElegantHouse-USB-Flash-Drive-150x150.png 150w, https:\/\/www.usborkeychain.com\/wp-content\/uploads\/ElegantHouse-USB-Flash-Drive-768x768.png 768w, https:\/\/www.usborkeychain.com\/wp-content\/uploads\/ElegantHouse-USB-Flash-Drive-12x12.png 12w, https:\/\/www.usborkeychain.com\/wp-content\/uploads\/ElegantHouse-USB-Flash-Drive-600x600.png 600w, https:\/\/www.usborkeychain.com\/wp-content\/uploads\/ElegantHouse-USB-Flash-Drive-100x100.png 100w\" sizes=\"(max-width: 800px) 100vw, 800px\" \/><\/figure>\n<\/div>\n<\/div>","protected":false},"excerpt":{"rendered":"<ul>\n<li>Metal de alta qualidade<\/li>\n<li>Formato de mini casa<\/li>\n<li>Suporta a impress\u00e3o de logotipos<\/li>\n<li>\u00a0Pacote diferente e personalizado<\/li>\n<li>MOQ:100PCS<\/li>\n<\/ul>","protected":false},"featured_media":4677,"comment_status":"open","ping_status":"closed","template":"","meta":{"_seopress_robots_primary_cat":"","_seopress_titles_title":"","_seopress_titles_desc":"","_seopress_robots_index":"","site-sidebar-layout":"default","site-content-layout":"","ast-site-content-layout":"","site-content-style":"default","site-sidebar-style":"default","ast-global-header-display":"","ast-banner-title-visibility":"","ast-main-header-display":"","ast-hfb-above-header-display":"","ast-hfb-below-header-display":"","ast-hfb-mobile-header-display":"","site-post-title":"","ast-breadcrumbs-content":"","ast-featured-img":"","footer-sml-layout":"","theme-transparent-header-meta":"","adv-header-id-meta":"","stick-header-meta":"","header-above-stick-meta":"","header-main-stick-meta":"","header-below-stick-meta":"","astra-migrate-meta-layouts":"default","ast-page-background-enabled":"default","ast-page-background-meta":{"desktop":{"background-color":"var(--ast-global-color-5)","background-image":"","background-repeat":"repeat","background-position":"center center","background-size":"auto","background-attachment":"scroll","background-type":"","background-media":"","overlay-type":"","overlay-color":"","overlay-opacity":"","overlay-gradient":""},"tablet":{"background-color":"","background-image":"","background-repeat":"repeat","background-position":"center center","background-size":"auto","background-attachment":"scroll","background-type":"","background-media":"","overlay-type":"","overlay-color":"","overlay-opacity":"","overlay-gradient":""},"mobile":{"background-color":"","background-image":"","background-repeat":"repeat","background-position":"center center","background-size":"auto","background-attachment":"scroll","background-type":"","background-media":"","overlay-type":"","overlay-color":"","overlay-opacity":"","overlay-gradient":""}},"ast-content-background-meta":{"desktop":{"background-color":"var(--ast-global-color-4)","background-image":"","background-repeat":"repeat","background-position":"center center","background-size":"auto","background-attachment":"scroll","background-type":"","background-media":"","overlay-type":"","overlay-color":"","overlay-opacity":"","overlay-gradient":""},"tablet":{"background-color":"var(--ast-global-color-4)","background-image":"","background-repeat":"repeat","background-position":"center center","background-size":"auto","background-attachment":"scroll","background-type":"","background-media":"","overlay-type":"","overlay-color":"","overlay-opacity":"","overlay-gradient":""},"mobile":{"background-color":"var(--ast-global-color-4)","background-image":"","background-repeat":"repeat","background-position":"center center","background-size":"auto","background-attachment":"scroll","background-type":"","background-media":"","overlay-type":"","overlay-color":"","overlay-opacity":"","overlay-gradient":""}}},"product_brand":[],"product_cat":[89],"product_tag":[293,397],"class_list":{"0":"post-4670","1":"product","2":"type-product","3":"status-publish","4":"has-post-thumbnail","6":"product_cat-metal-usb-pendrive","7":"product_tag-metal-house-shaped-usb-flash-drive","8":"product_tag-zinc-alloy-usb-pen-drive","9":"desktop-align-left","10":"tablet-align-left","11":"mobile-align-left","13":"first","14":"instock","15":"shipping-taxable","16":"product-type-simple"},"_links":{"self":[{"href":"https:\/\/www.usborkeychain.com\/pt\/wp-json\/wp\/v2\/product\/4670","targetHints":{"allow":["GET"]}}],"collection":[{"href":"https:\/\/www.usborkeychain.com\/pt\/wp-json\/wp\/v2\/product"}],"about":[{"href":"https:\/\/www.usborkeychain.com\/pt\/wp-json\/wp\/v2\/types\/product"}],"replies":[{"embeddable":true,"href":"https:\/\/www.usborkeychain.com\/pt\/wp-json\/wp\/v2\/comments?post=4670"}],"wp:featuredmedia":[{"embeddable":true,"href":"https:\/\/www.usborkeychain.com\/pt\/wp-json\/wp\/v2\/media\/4677"}],"wp:attachment":[{"href":"https:\/\/www.usborkeychain.com\/pt\/wp-json\/wp\/v2\/media?parent=4670"}],"wp:term":[{"taxonomy":"product_brand","embeddable":true,"href":"https:\/\/www.usborkeychain.com\/pt\/wp-json\/wp\/v2\/product_brand?post=4670"},{"taxonomy":"product_cat","embeddable":true,"href":"https:\/\/www.usborkeychain.com\/pt\/wp-json\/wp\/v2\/product_cat?post=4670"},{"taxonomy":"product_tag","embeddable":true,"href":"https:\/\/www.usborkeychain.com\/pt\/wp-json\/wp\/v2\/product_tag?post=4670"}],"curies":[{"name":"wp","href":"https:\/\/api.w.org\/{rel}","templated":true}]}}