{"id":4679,"date":"2025-07-27T00:52:03","date_gmt":"2025-07-27T00:52:03","guid":{"rendered":"https:\/\/www.usborkeychain.com\/?post_type=product&#038;p=4679"},"modified":"2025-07-27T01:09:39","modified_gmt":"2025-07-27T01:09:39","slug":"pvc-aircraft-usb-flash-drive","status":"publish","type":"product","link":"https:\/\/www.usborkeychain.com\/pt\/produto\/pvc-aircraft-usb-flash-drive\/","title":{"rendered":"Unidade flash USB de PVC para aeronaves"},"content":{"rendered":"<div class=\"wp-block-columns is-layout-flex wp-container-core-columns-is-layout-28f84493 wp-block-columns-is-layout-flex\">\n<div class=\"wp-block-column is-vertically-aligned-center is-layout-flow wp-block-column-is-layout-flow\">\n<p>O<strong> Unidade flash USB de PVC para aeronaves<\/strong> \u00e9 feito de material de PVC de alta qualidade, com excelente flexibilidade e durabilidade. Apresenta uma textura suave, oferecendo um toque confort\u00e1vel. Al\u00e9m disso, \u00e9 ecologicamente correto e n\u00e3o t\u00f3xico, cumprindo as normas de seguran\u00e7a relevantes para garantir a tranquilidade do usu\u00e1rio durante o uso.<\/p>\n\n\n\n<p>Projetado com base em prot\u00f3tipos de aeronaves reais, ele reproduz com precis\u00e3o a apar\u00eancia de helic\u00f3pteros, avi\u00f5es e outros modelos de aeronaves. <\/p>\n\n\n\n<p>Por meio de um processo proporcional de redu\u00e7\u00e3o de escala, grandes aeronaves s\u00e3o condensadas em um dispositivo do tamanho da palma da m\u00e3o com riqueza de detalhes. Seja a h\u00e9lice, a cabine do piloto, as asas ou a cauda, cada parte \u00e9 retratada de forma v\u00edvida, lembrando um modelo de aeronave miniaturizado.<\/p>\n<\/div>\n\n\n\n<div class=\"wp-block-column is-vertically-aligned-center is-layout-flow wp-block-column-is-layout-flow\">\n<figure class=\"wp-block-image size-full\"><img alt=\"\" fetchpriority=\"high\" decoding=\"async\" width=\"800\" height=\"800\" src=\"https:\/\/www.usborkeychain.com\/wp-content\/uploads\/Aircraft-PVC-USB-Flash-Drive.jpg\" class=\"wp-image-4682\" srcset=\"https:\/\/www.usborkeychain.com\/wp-content\/uploads\/Aircraft-PVC-USB-Flash-Drive.jpg 800w, https:\/\/www.usborkeychain.com\/wp-content\/uploads\/Aircraft-PVC-USB-Flash-Drive-300x300.jpg 300w, https:\/\/www.usborkeychain.com\/wp-content\/uploads\/Aircraft-PVC-USB-Flash-Drive-150x150.jpg 150w, https:\/\/www.usborkeychain.com\/wp-content\/uploads\/Aircraft-PVC-USB-Flash-Drive-768x768.jpg 768w, https:\/\/www.usborkeychain.com\/wp-content\/uploads\/Aircraft-PVC-USB-Flash-Drive-12x12.jpg 12w, https:\/\/www.usborkeychain.com\/wp-content\/uploads\/Aircraft-PVC-USB-Flash-Drive-600x600.jpg 600w, https:\/\/www.usborkeychain.com\/wp-content\/uploads\/Aircraft-PVC-USB-Flash-Drive-100x100.jpg 100w\" sizes=\"(max-width: 800px) 100vw, 800px\" \/><\/figure>\n<\/div>\n<\/div>\n\n\n\n<h2 class=\"wp-block-heading\">Especifica\u00e7\u00f5es da unidade flash USB de PVC para aeronaves<\/h2>\n\n\n\n<figure class=\"wp-block-table\"><table class=\"has-fixed-layout\"><thead><tr><th>Categoria de par\u00e2metro<\/th><th>Detalhes<\/th><\/tr><\/thead><tbody><tr><td>Capacidade de armazenamento<\/td><td>8 GB, 16 GB, 32 GB, 64 GB, 128 GB<\/td><\/tr><tr><td>Tipo de interface<\/td><td>USB 2.0, USB 3.0, USB 3.1<\/td><\/tr><tr><td>Dimens\u00f5es (Comprimento * Largura * Altura)<\/td><td>60 mm x 50 mm x 20 mm<\/td><\/tr><tr><td>Peso<\/td><td>Aproximadamente 15-30g<\/td><\/tr><\/tbody><\/table><\/figure>\n\n\n\n<h2 class=\"wp-block-heading\">Para quais empresas ele \u00e9 adequado?<\/h2>\n\n\n\n<div class=\"wp-block-columns is-layout-flex wp-container-core-columns-is-layout-28f84493 wp-block-columns-is-layout-flex\">\n<div class=\"wp-block-column is-vertically-aligned-center is-layout-flow wp-block-column-is-layout-flow\">\n<figure class=\"wp-block-image size-full\"><img alt=\"\" decoding=\"async\" width=\"800\" height=\"800\" src=\"https:\/\/www.usborkeychain.com\/wp-content\/uploads\/Helicopter-PVC-USB-Flash-Drive.jpg\" class=\"wp-image-4688\" srcset=\"https:\/\/www.usborkeychain.com\/wp-content\/uploads\/Helicopter-PVC-USB-Flash-Drive.jpg 800w, https:\/\/www.usborkeychain.com\/wp-content\/uploads\/Helicopter-PVC-USB-Flash-Drive-300x300.jpg 300w, https:\/\/www.usborkeychain.com\/wp-content\/uploads\/Helicopter-PVC-USB-Flash-Drive-150x150.jpg 150w, https:\/\/www.usborkeychain.com\/wp-content\/uploads\/Helicopter-PVC-USB-Flash-Drive-768x768.jpg 768w, https:\/\/www.usborkeychain.com\/wp-content\/uploads\/Helicopter-PVC-USB-Flash-Drive-12x12.jpg 12w, https:\/\/www.usborkeychain.com\/wp-content\/uploads\/Helicopter-PVC-USB-Flash-Drive-600x600.jpg 600w, https:\/\/www.usborkeychain.com\/wp-content\/uploads\/Helicopter-PVC-USB-Flash-Drive-100x100.jpg 100w\" sizes=\"(max-width: 800px) 100vw, 800px\" \/><\/figure>\n<\/div>\n\n\n\n<div class=\"wp-block-column is-vertically-aligned-center is-layout-flow wp-block-column-is-layout-flow\">\n<p><strong>Companhias a\u00e9reas<\/strong>: Serviram como brindes para membros, presentes VIP e lembran\u00e7as de eventos para fortalecer os atributos de avia\u00e7\u00e3o da marca.<\/p>\n\n\n\n<p><strong>Empresas de tecnologia<\/strong>: Oferecidos como brindes durante exposi\u00e7\u00f5es, confer\u00eancias e visitas a clientes para refletir a inova\u00e7\u00e3o e o senso de tecnologia da empresa.<\/p>\n\n\n\n<p><strong>Empresas relacionadas ao setor automotivo<\/strong>: Em linha com os temas \"velocidade\" e \"viagem\".<\/p>\n\n\n\n<p><strong>Institui\u00e7\u00f5es educacionais e de treinamento<\/strong>: Usado como pr\u00eamio para estudantes ou lembran\u00e7as de eventos, especialmente adequado para faculdades de avia\u00e7\u00e3o e engenharia.<\/p>\n\n\n\n<p><strong>Benef\u00edcios e recompensas para os funcion\u00e1rios<\/strong>: Motivar os funcion\u00e1rios e aumentar seu senso de pertencimento.<\/p>\n<\/div>\n<\/div>\n\n\n\n<div class=\"wp-block-columns is-layout-flex wp-container-core-columns-is-layout-28f84493 wp-block-columns-is-layout-flex\">\n<div class=\"wp-block-column is-layout-flow wp-block-column-is-layout-flow\">\n<figure class=\"wp-block-image size-full\"><img alt=\"\" decoding=\"async\" width=\"800\" height=\"800\" src=\"https:\/\/www.usborkeychain.com\/wp-content\/uploads\/PlaneShape-PVC-USB-Flash-Drive.jpg\" class=\"wp-image-4689\" srcset=\"https:\/\/www.usborkeychain.com\/wp-content\/uploads\/PlaneShape-PVC-USB-Flash-Drive.jpg 800w, https:\/\/www.usborkeychain.com\/wp-content\/uploads\/PlaneShape-PVC-USB-Flash-Drive-300x300.jpg 300w, https:\/\/www.usborkeychain.com\/wp-content\/uploads\/PlaneShape-PVC-USB-Flash-Drive-150x150.jpg 150w, https:\/\/www.usborkeychain.com\/wp-content\/uploads\/PlaneShape-PVC-USB-Flash-Drive-768x768.jpg 768w, https:\/\/www.usborkeychain.com\/wp-content\/uploads\/PlaneShape-PVC-USB-Flash-Drive-12x12.jpg 12w, https:\/\/www.usborkeychain.com\/wp-content\/uploads\/PlaneShape-PVC-USB-Flash-Drive-600x600.jpg 600w, https:\/\/www.usborkeychain.com\/wp-content\/uploads\/PlaneShape-PVC-USB-Flash-Drive-100x100.jpg 100w\" sizes=\"(max-width: 800px) 100vw, 800px\" \/><\/figure>\n<\/div>\n\n\n\n<div class=\"wp-block-column is-layout-flow wp-block-column-is-layout-flow\">\n<figure class=\"wp-block-image size-full\"><img alt=\"\" loading=\"lazy\" decoding=\"async\" width=\"800\" height=\"800\" src=\"https:\/\/www.usborkeychain.com\/wp-content\/uploads\/Airliner-PVC-USB-Flash-Drive.jpg\" class=\"wp-image-4684\" srcset=\"https:\/\/www.usborkeychain.com\/wp-content\/uploads\/Airliner-PVC-USB-Flash-Drive.jpg 800w, https:\/\/www.usborkeychain.com\/wp-content\/uploads\/Airliner-PVC-USB-Flash-Drive-300x300.jpg 300w, https:\/\/www.usborkeychain.com\/wp-content\/uploads\/Airliner-PVC-USB-Flash-Drive-150x150.jpg 150w, https:\/\/www.usborkeychain.com\/wp-content\/uploads\/Airliner-PVC-USB-Flash-Drive-768x768.jpg 768w, https:\/\/www.usborkeychain.com\/wp-content\/uploads\/Airliner-PVC-USB-Flash-Drive-12x12.jpg 12w, https:\/\/www.usborkeychain.com\/wp-content\/uploads\/Airliner-PVC-USB-Flash-Drive-600x600.jpg 600w, https:\/\/www.usborkeychain.com\/wp-content\/uploads\/Airliner-PVC-USB-Flash-Drive-100x100.jpg 100w\" sizes=\"(max-width: 800px) 100vw, 800px\" \/><\/figure>\n<\/div>\n\n\n\n<div class=\"wp-block-column is-layout-flow wp-block-column-is-layout-flow\">\n<figure class=\"wp-block-image size-full\"><img alt=\"\" loading=\"lazy\" decoding=\"async\" width=\"800\" height=\"800\" src=\"https:\/\/www.usborkeychain.com\/wp-content\/uploads\/RescueHelo-PVC-USB-Flash-Drive.jpg\" class=\"wp-image-4690\" srcset=\"https:\/\/www.usborkeychain.com\/wp-content\/uploads\/RescueHelo-PVC-USB-Flash-Drive.jpg 800w, https:\/\/www.usborkeychain.com\/wp-content\/uploads\/RescueHelo-PVC-USB-Flash-Drive-300x300.jpg 300w, https:\/\/www.usborkeychain.com\/wp-content\/uploads\/RescueHelo-PVC-USB-Flash-Drive-150x150.jpg 150w, https:\/\/www.usborkeychain.com\/wp-content\/uploads\/RescueHelo-PVC-USB-Flash-Drive-768x768.jpg 768w, https:\/\/www.usborkeychain.com\/wp-content\/uploads\/RescueHelo-PVC-USB-Flash-Drive-12x12.jpg 12w, https:\/\/www.usborkeychain.com\/wp-content\/uploads\/RescueHelo-PVC-USB-Flash-Drive-600x600.jpg 600w, https:\/\/www.usborkeychain.com\/wp-content\/uploads\/RescueHelo-PVC-USB-Flash-Drive-100x100.jpg 100w\" sizes=\"(max-width: 800px) 100vw, 800px\" \/><\/figure>\n<\/div>\n<\/div>\n\n\n\n<h2 class=\"wp-block-heading\">Qual \u00e9 a resist\u00eancia da unidade flash USB a quedas?<\/h2>\n\n\n\n<p>Devido \u00e0 ado\u00e7\u00e3o de <strong>Material de PVC<\/strong>O chip de armazenamento interno do celular, que possui certa flexibilidade e resist\u00eancia a impactos. Em uso normal, quedas acidentais de uma mesa (a uma altura de aproximadamente 0,8 a 1,2 metros) e outras quedas di\u00e1rias geralmente n\u00e3o danificam o chip de armazenamento interno. Embora o revestimento externo possa apresentar pequenos arranh\u00f5es, isso n\u00e3o afeta o uso normal. No entanto, se for submetido a impactos frequentes e de alta intensidade ou a quedas de alturas excessivas (como mais de 2 metros), isso ainda poder\u00e1 causar rachaduras na carca\u00e7a e danos aos componentes internos. A prote\u00e7\u00e3o adequada durante o uso di\u00e1rio pode garantir sua durabilidade.<\/p>\n\n\n\n<div class=\"wp-block-columns is-layout-flex wp-container-core-columns-is-layout-28f84493 wp-block-columns-is-layout-flex\">\n<div class=\"wp-block-column is-layout-flow wp-block-column-is-layout-flow\">\n<figure class=\"wp-block-image size-full\"><img alt=\"\" loading=\"lazy\" decoding=\"async\" width=\"800\" height=\"800\" src=\"https:\/\/www.usborkeychain.com\/wp-content\/uploads\/SkyPlane-PVC-USB-Flash-Drive.jpg\" class=\"wp-image-4691\" srcset=\"https:\/\/www.usborkeychain.com\/wp-content\/uploads\/SkyPlane-PVC-USB-Flash-Drive.jpg 800w, https:\/\/www.usborkeychain.com\/wp-content\/uploads\/SkyPlane-PVC-USB-Flash-Drive-300x300.jpg 300w, https:\/\/www.usborkeychain.com\/wp-content\/uploads\/SkyPlane-PVC-USB-Flash-Drive-150x150.jpg 150w, https:\/\/www.usborkeychain.com\/wp-content\/uploads\/SkyPlane-PVC-USB-Flash-Drive-768x768.jpg 768w, https:\/\/www.usborkeychain.com\/wp-content\/uploads\/SkyPlane-PVC-USB-Flash-Drive-12x12.jpg 12w, https:\/\/www.usborkeychain.com\/wp-content\/uploads\/SkyPlane-PVC-USB-Flash-Drive-600x600.jpg 600w, https:\/\/www.usborkeychain.com\/wp-content\/uploads\/SkyPlane-PVC-USB-Flash-Drive-100x100.jpg 100w\" sizes=\"(max-width: 800px) 100vw, 800px\" \/><\/figure>\n<\/div>\n\n\n\n<div class=\"wp-block-column is-layout-flow wp-block-column-is-layout-flow\">\n<figure class=\"wp-block-image size-full\"><img alt=\"\" loading=\"lazy\" decoding=\"async\" width=\"800\" height=\"800\" src=\"https:\/\/www.usborkeychain.com\/wp-content\/uploads\/Flyer-PVC-USB-Flash-Drive.jpg\" class=\"wp-image-4687\" srcset=\"https:\/\/www.usborkeychain.com\/wp-content\/uploads\/Flyer-PVC-USB-Flash-Drive.jpg 800w, https:\/\/www.usborkeychain.com\/wp-content\/uploads\/Flyer-PVC-USB-Flash-Drive-300x300.jpg 300w, https:\/\/www.usborkeychain.com\/wp-content\/uploads\/Flyer-PVC-USB-Flash-Drive-150x150.jpg 150w, https:\/\/www.usborkeychain.com\/wp-content\/uploads\/Flyer-PVC-USB-Flash-Drive-768x768.jpg 768w, https:\/\/www.usborkeychain.com\/wp-content\/uploads\/Flyer-PVC-USB-Flash-Drive-12x12.jpg 12w, https:\/\/www.usborkeychain.com\/wp-content\/uploads\/Flyer-PVC-USB-Flash-Drive-600x600.jpg 600w, https:\/\/www.usborkeychain.com\/wp-content\/uploads\/Flyer-PVC-USB-Flash-Drive-100x100.jpg 100w\" sizes=\"(max-width: 800px) 100vw, 800px\" \/><\/figure>\n<\/div>\n\n\n\n<div class=\"wp-block-column is-layout-flow wp-block-column-is-layout-flow\">\n<figure class=\"wp-block-image size-full\"><img alt=\"\" loading=\"lazy\" decoding=\"async\" width=\"800\" height=\"800\" src=\"https:\/\/www.usborkeychain.com\/wp-content\/uploads\/Aviation-PVC-USB-Flash-Drive.jpg\" class=\"wp-image-4685\" srcset=\"https:\/\/www.usborkeychain.com\/wp-content\/uploads\/Aviation-PVC-USB-Flash-Drive.jpg 800w, https:\/\/www.usborkeychain.com\/wp-content\/uploads\/Aviation-PVC-USB-Flash-Drive-300x300.jpg 300w, https:\/\/www.usborkeychain.com\/wp-content\/uploads\/Aviation-PVC-USB-Flash-Drive-150x150.jpg 150w, https:\/\/www.usborkeychain.com\/wp-content\/uploads\/Aviation-PVC-USB-Flash-Drive-768x768.jpg 768w, https:\/\/www.usborkeychain.com\/wp-content\/uploads\/Aviation-PVC-USB-Flash-Drive-12x12.jpg 12w, https:\/\/www.usborkeychain.com\/wp-content\/uploads\/Aviation-PVC-USB-Flash-Drive-600x600.jpg 600w, https:\/\/www.usborkeychain.com\/wp-content\/uploads\/Aviation-PVC-USB-Flash-Drive-100x100.jpg 100w\" sizes=\"(max-width: 800px) 100vw, 800px\" \/><\/figure>\n<\/div>\n<\/div>\n\n\n\n<div class=\"wp-block-columns is-layout-flex wp-container-core-columns-is-layout-28f84493 wp-block-columns-is-layout-flex\">\n<div class=\"wp-block-column is-vertically-aligned-center is-layout-flow wp-block-column-is-layout-flow\">\n<p>O<strong> Unidade flash USB de PVC para aeronaves<\/strong> integra apar\u00eancia criativa e fun\u00e7\u00f5es pr\u00e1ticas. Ele \u00e9 feito de alta qualidade <strong>Material de PVC<\/strong> para criar um modelo de aeronave realista. Seus par\u00e2metros avan\u00e7ados atendem a v\u00e1rias necessidades e ele suporta a personaliza\u00e7\u00e3o do logotipo. \u00c9 adequado para v\u00e1rios cen\u00e1rios de brindes corporativos e presentes pessoais e tem certa resist\u00eancia a quedas. O <strong>Unidade flash USB de PVC para aeronaves<\/strong> \u00e9 o preferido dos entusiastas da avia\u00e7\u00e3o, atendendo \u00e0s suas necessidades pr\u00e1ticas e de cole\u00e7\u00e3o. Ele tamb\u00e9m \u00e9 a primeira op\u00e7\u00e3o para presentes criativos, adequado para jovens que buscam exclusividade e gostam de produtos digitais inovadores. Quando as empresas o utilizam para a promo\u00e7\u00e3o da marca, ele pode atrair a aten\u00e7\u00e3o e aumentar o reconhecimento da marca, especialmente as empresas relacionadas \u00e0 avia\u00e7\u00e3o e \u00e0 tecnologia. Us\u00e1-lo como brinde comercial ou item promocional tem um efeito significativo.<\/p>\n<\/div>\n\n\n\n<div class=\"wp-block-column is-vertically-aligned-center is-layout-flow wp-block-column-is-layout-flow\">\n<figure class=\"wp-block-image size-full\"><img alt=\"\" loading=\"lazy\" decoding=\"async\" width=\"800\" height=\"800\" src=\"https:\/\/www.usborkeychain.com\/wp-content\/uploads\/AircraftModel-PVC-USB-Flash-Drive.jpg\" class=\"wp-image-4683\" srcset=\"https:\/\/www.usborkeychain.com\/wp-content\/uploads\/AircraftModel-PVC-USB-Flash-Drive.jpg 800w, https:\/\/www.usborkeychain.com\/wp-content\/uploads\/AircraftModel-PVC-USB-Flash-Drive-300x300.jpg 300w, https:\/\/www.usborkeychain.com\/wp-content\/uploads\/AircraftModel-PVC-USB-Flash-Drive-150x150.jpg 150w, https:\/\/www.usborkeychain.com\/wp-content\/uploads\/AircraftModel-PVC-USB-Flash-Drive-768x768.jpg 768w, https:\/\/www.usborkeychain.com\/wp-content\/uploads\/AircraftModel-PVC-USB-Flash-Drive-12x12.jpg 12w, https:\/\/www.usborkeychain.com\/wp-content\/uploads\/AircraftModel-PVC-USB-Flash-Drive-600x600.jpg 600w, https:\/\/www.usborkeychain.com\/wp-content\/uploads\/AircraftModel-PVC-USB-Flash-Drive-100x100.jpg 100w\" sizes=\"(max-width: 800px) 100vw, 800px\" \/><\/figure>\n<\/div>\n<\/div>","protected":false},"excerpt":{"rendered":"<ul>\n<li>Material de PVC<\/li>\n<li>Em formato de aeronave<\/li>\n<li>Personalizar o estilo<\/li>\n<li>RoHS<\/li>\n<li>MOQ:100PCS<\/li>\n<\/ul>","protected":false},"featured_media":4682,"comment_status":"open","ping_status":"closed","template":"","meta":{"_seopress_robots_primary_cat":"","_seopress_titles_title":"","_seopress_titles_desc":"","_seopress_robots_index":"","site-sidebar-layout":"default","site-content-layout":"","ast-site-content-layout":"","site-content-style":"default","site-sidebar-style":"default","ast-global-header-display":"","ast-banner-title-visibility":"","ast-main-header-display":"","ast-hfb-above-header-display":"","ast-hfb-below-header-display":"","ast-hfb-mobile-header-display":"","site-post-title":"","ast-breadcrumbs-content":"","ast-featured-img":"","footer-sml-layout":"","theme-transparent-header-meta":"","adv-header-id-meta":"","stick-header-meta":"","header-above-stick-meta":"","header-main-stick-meta":"","header-below-stick-meta":"","astra-migrate-meta-layouts":"default","ast-page-background-enabled":"default","ast-page-background-meta":{"desktop":{"background-color":"var(--ast-global-color-5)","background-image":"","background-repeat":"repeat","background-position":"center center","background-size":"auto","background-attachment":"scroll","background-type":"","background-media":"","overlay-type":"","overlay-color":"","overlay-opacity":"","overlay-gradient":""},"tablet":{"background-color":"","background-image":"","background-repeat":"repeat","background-position":"center center","background-size":"auto","background-attachment":"scroll","background-type":"","background-media":"","overlay-type":"","overlay-color":"","overlay-opacity":"","overlay-gradient":""},"mobile":{"background-color":"","background-image":"","background-repeat":"repeat","background-position":"center center","background-size":"auto","background-attachment":"scroll","background-type":"","background-media":"","overlay-type":"","overlay-color":"","overlay-opacity":"","overlay-gradient":""}},"ast-content-background-meta":{"desktop":{"background-color":"var(--ast-global-color-4)","background-image":"","background-repeat":"repeat","background-position":"center center","background-size":"auto","background-attachment":"scroll","background-type":"","background-media":"","overlay-type":"","overlay-color":"","overlay-opacity":"","overlay-gradient":""},"tablet":{"background-color":"var(--ast-global-color-4)","background-image":"","background-repeat":"repeat","background-position":"center center","background-size":"auto","background-attachment":"scroll","background-type":"","background-media":"","overlay-type":"","overlay-color":"","overlay-opacity":"","overlay-gradient":""},"mobile":{"background-color":"var(--ast-global-color-4)","background-image":"","background-repeat":"repeat","background-position":"center center","background-size":"auto","background-attachment":"scroll","background-type":"","background-media":"","overlay-type":"","overlay-color":"","overlay-opacity":"","overlay-gradient":""}}},"product_brand":[],"product_cat":[94],"product_tag":[294,248],"class_list":{"0":"post-4679","1":"product","2":"type-product","3":"status-publish","4":"has-post-thumbnail","6":"product_cat-pvc-usb-pendrive","7":"product_tag-pvc-aircraft-usb-flash-drive","8":"product_tag-pvc-usb-flash-drive","9":"desktop-align-left","10":"tablet-align-left","11":"mobile-align-left","13":"first","14":"instock","15":"shipping-taxable","16":"product-type-simple"},"_links":{"self":[{"href":"https:\/\/www.usborkeychain.com\/pt\/wp-json\/wp\/v2\/product\/4679","targetHints":{"allow":["GET"]}}],"collection":[{"href":"https:\/\/www.usborkeychain.com\/pt\/wp-json\/wp\/v2\/product"}],"about":[{"href":"https:\/\/www.usborkeychain.com\/pt\/wp-json\/wp\/v2\/types\/product"}],"replies":[{"embeddable":true,"href":"https:\/\/www.usborkeychain.com\/pt\/wp-json\/wp\/v2\/comments?post=4679"}],"wp:featuredmedia":[{"embeddable":true,"href":"https:\/\/www.usborkeychain.com\/pt\/wp-json\/wp\/v2\/media\/4682"}],"wp:attachment":[{"href":"https:\/\/www.usborkeychain.com\/pt\/wp-json\/wp\/v2\/media?parent=4679"}],"wp:term":[{"taxonomy":"product_brand","embeddable":true,"href":"https:\/\/www.usborkeychain.com\/pt\/wp-json\/wp\/v2\/product_brand?post=4679"},{"taxonomy":"product_cat","embeddable":true,"href":"https:\/\/www.usborkeychain.com\/pt\/wp-json\/wp\/v2\/product_cat?post=4679"},{"taxonomy":"product_tag","embeddable":true,"href":"https:\/\/www.usborkeychain.com\/pt\/wp-json\/wp\/v2\/product_tag?post=4679"}],"curies":[{"name":"wp","href":"https:\/\/api.w.org\/{rel}","templated":true}]}}