{"id":4693,"date":"2025-07-27T01:27:06","date_gmt":"2025-07-27T01:27:06","guid":{"rendered":"https:\/\/www.usborkeychain.com\/?post_type=product&#038;p=4693"},"modified":"2025-08-14T12:10:51","modified_gmt":"2025-08-14T12:10:51","slug":"metal-aircraft-usb-flash-drive","status":"publish","type":"product","link":"https:\/\/www.usborkeychain.com\/pt\/produto\/metal-aircraft-usb-flash-drive\/","title":{"rendered":"Unidade flash USB Metal Aircraft"},"content":{"rendered":"<div class=\"wp-block-columns is-layout-flex wp-container-core-columns-is-layout-28f84493 wp-block-columns-is-layout-flex\">\n<div class=\"wp-block-column is-vertically-aligned-center is-layout-flow wp-block-column-is-layout-flow\">\n<p>Isso <strong>Unidade flash USB de metal para aeronaves<\/strong> \u00e9 feito de materiais met\u00e1licos de alta qualidade, como liga de alum\u00ednio e a\u00e7o inoxid\u00e1vel. A textura met\u00e1lica lhe confere propriedades robustas e dur\u00e1veis, sendo resistente a quedas e desgastes, o que protege efetivamente o chip de armazenamento interno. Enquanto isso, o brilho e a textura exclusivos do metal fazem com que a unidade flash USB pare\u00e7a mais requintada e de alta qualidade, melhorando sua apar\u00eancia e qualidade.<\/p>\n\n\n\n<p>Projetado com base em uma aeronave real, ele foi habilmente criado em um formato de mini aeronave. A fuselagem tem linhas suaves e reproduz com precis\u00e3o as caracter\u00edsticas externas da aeronave. Desde o nariz, a fuselagem at\u00e9 as asas e a cauda, os detalhes s\u00e3o tratados meticulosamente, como se o ve\u00edculo de avia\u00e7\u00e3o fosse \"miniaturizado\" na palma da m\u00e3o. O processo proporcional de redu\u00e7\u00e3o de escala permite que os entusiastas da avia\u00e7\u00e3o tenham sua pr\u00f3pria \"mini aeronave\" exclusiva.<\/p>\n<\/div>\n\n\n\n<div class=\"wp-block-column is-vertically-aligned-center is-layout-flow wp-block-column-is-layout-flow\">\n<figure class=\"wp-block-image size-full\"><img alt=\"\" fetchpriority=\"high\" decoding=\"async\" width=\"800\" height=\"800\" src=\"https:\/\/www.usborkeychain.com\/wp-content\/uploads\/MetalAirplane-USB-Flash-Drive.jpg\" class=\"wp-image-4701\" srcset=\"https:\/\/www.usborkeychain.com\/wp-content\/uploads\/MetalAirplane-USB-Flash-Drive.jpg 800w, https:\/\/www.usborkeychain.com\/wp-content\/uploads\/MetalAirplane-USB-Flash-Drive-300x300.jpg 300w, https:\/\/www.usborkeychain.com\/wp-content\/uploads\/MetalAirplane-USB-Flash-Drive-150x150.jpg 150w, https:\/\/www.usborkeychain.com\/wp-content\/uploads\/MetalAirplane-USB-Flash-Drive-768x768.jpg 768w, https:\/\/www.usborkeychain.com\/wp-content\/uploads\/MetalAirplane-USB-Flash-Drive-12x12.jpg 12w, https:\/\/www.usborkeychain.com\/wp-content\/uploads\/MetalAirplane-USB-Flash-Drive-600x600.jpg 600w, https:\/\/www.usborkeychain.com\/wp-content\/uploads\/MetalAirplane-USB-Flash-Drive-100x100.jpg 100w\" sizes=\"(max-width: 800px) 100vw, 800px\" \/><\/figure>\n<\/div>\n<\/div>\n\n\n\n<h2 class=\"wp-block-heading\">Par\u00e2metros da unidade flash USB<\/h2>\n\n\n\n<figure class=\"wp-block-table\"><table class=\"has-fixed-layout\"><thead><tr><th>Categoria de par\u00e2metro<\/th><th>Detalhes<\/th><\/tr><\/thead><tbody><tr><td>Capacidade de armazenamento<\/td><td>8 GB, 16 GB, 32 GB, 64 GB, 128 GB<\/td><\/tr><tr><td>Tipo de interface<\/td><td>USB 2.0, USB 3.0, USB 3.1<\/td><\/tr><tr><td>Dimens\u00f5es do produto (comprimento * largura * altura)<\/td><td>Aproximadamente 50-80 mm de comprimento, 10-20 mm de largura, 10-20 mm de altura<\/td><\/tr><\/tbody><\/table><\/figure>\n\n\n\n<h2 class=\"wp-block-heading\">Os logotipos podem ser impressos nele? Quais s\u00e3o os processos de impress\u00e3o dispon\u00edveis?<\/h2>\n\n\n\n<div class=\"wp-block-columns is-layout-flex wp-container-core-columns-is-layout-28f84493 wp-block-columns-is-layout-flex\">\n<div class=\"wp-block-column is-vertically-aligned-center is-layout-flow wp-block-column-is-layout-flow\">\n<figure class=\"wp-block-image size-full\"><img alt=\"\" decoding=\"async\" width=\"800\" height=\"800\" src=\"https:\/\/www.usborkeychain.com\/wp-content\/uploads\/AviationMetal-USB-Flash-Drive.jpg\" class=\"wp-image-4697\" srcset=\"https:\/\/www.usborkeychain.com\/wp-content\/uploads\/AviationMetal-USB-Flash-Drive.jpg 800w, https:\/\/www.usborkeychain.com\/wp-content\/uploads\/AviationMetal-USB-Flash-Drive-300x300.jpg 300w, https:\/\/www.usborkeychain.com\/wp-content\/uploads\/AviationMetal-USB-Flash-Drive-150x150.jpg 150w, https:\/\/www.usborkeychain.com\/wp-content\/uploads\/AviationMetal-USB-Flash-Drive-768x768.jpg 768w, https:\/\/www.usborkeychain.com\/wp-content\/uploads\/AviationMetal-USB-Flash-Drive-12x12.jpg 12w, https:\/\/www.usborkeychain.com\/wp-content\/uploads\/AviationMetal-USB-Flash-Drive-600x600.jpg 600w, https:\/\/www.usborkeychain.com\/wp-content\/uploads\/AviationMetal-USB-Flash-Drive-100x100.jpg 100w\" sizes=\"(max-width: 800px) 100vw, 800px\" \/><\/figure>\n<\/div>\n\n\n\n<div class=\"wp-block-column is-vertically-aligned-center is-layout-flow wp-block-column-is-layout-flow\">\n<p>O <strong>Unidade flash USB de metal para aeronaves<\/strong> oferece suporte \u00e0 impress\u00e3o de logotipos personalizados, com os seguintes processos comuns:<\/p>\n\n\n\n<ul class=\"wp-block-list\">\n<li><strong>Grava\u00e7\u00e3o a laser<\/strong>: Grava com precis\u00e3o os logotipos na superf\u00edcie do metal, apresentando linhas n\u00edtidas, textura forte e resist\u00eancia ao desgaste, adequado para padr\u00f5es simples e logotipos de texto.<\/li>\n\n\n\n<li><strong>Impress\u00e3o em tela de seda<\/strong>: Usa tinta para impress\u00e3o, que pode apresentar logotipos coloridos com cores brilhantes e tem boa adaptabilidade a designs de cores complexas.<\/li>\n\n\n\n<li><strong>Galvanoplastia e colora\u00e7\u00e3o<\/strong>: Primeiro as galvanoplastias e depois as cores, tornando as cores do logotipo completas e as bordas claras, com custo relativamente alto.<\/li>\n<\/ul>\n<\/div>\n<\/div>\n\n\n\n<h2 class=\"wp-block-heading\">Quais s\u00e3o as op\u00e7\u00f5es comuns de embalagem?<\/h2>\n\n\n\n<div class=\"wp-block-columns is-layout-flex wp-container-core-columns-is-layout-28f84493 wp-block-columns-is-layout-flex\">\n<div class=\"wp-block-column is-vertically-aligned-center is-layout-flow wp-block-column-is-layout-flow\">\n<ul class=\"wp-block-list\">\n<li><strong>Caixa pl\u00e1stica simples \/ Caixa de papel<\/strong>: Baixo custo, com informa\u00e7\u00f5es da marca que podem ser impressas na superf\u00edcie da caixa, adequado para brindes comuns e presentes comerciais.<\/li>\n\n\n\n<li><strong>Caixa de presente personalizada<\/strong>: Equipado com esponja e forros de flanela para melhorar a qualidade, adequado para brindes de alta qualidade e presentes para clientes importantes.<\/li>\n\n\n\n<li><strong>Embalagem de cart\u00e3o suspensa para chaveiro<\/strong>: Fixa a unidade flash USB e o chaveiro juntos em um requintado cart\u00e3o para pendurar, conveniente para o varejo e a distribui\u00e7\u00e3o em exposi\u00e7\u00f5es.<\/li>\n<\/ul>\n<\/div>\n\n\n\n<div class=\"wp-block-column is-vertically-aligned-center is-layout-flow wp-block-column-is-layout-flow\">\n<figure class=\"wp-block-image size-full\"><img alt=\"\" decoding=\"async\" width=\"800\" height=\"800\" src=\"https:\/\/www.usborkeychain.com\/wp-content\/uploads\/KeychainPlane-USB-Flash-Drive.jpg\" class=\"wp-image-4699\" srcset=\"https:\/\/www.usborkeychain.com\/wp-content\/uploads\/KeychainPlane-USB-Flash-Drive.jpg 800w, https:\/\/www.usborkeychain.com\/wp-content\/uploads\/KeychainPlane-USB-Flash-Drive-300x300.jpg 300w, https:\/\/www.usborkeychain.com\/wp-content\/uploads\/KeychainPlane-USB-Flash-Drive-150x150.jpg 150w, https:\/\/www.usborkeychain.com\/wp-content\/uploads\/KeychainPlane-USB-Flash-Drive-768x768.jpg 768w, https:\/\/www.usborkeychain.com\/wp-content\/uploads\/KeychainPlane-USB-Flash-Drive-12x12.jpg 12w, https:\/\/www.usborkeychain.com\/wp-content\/uploads\/KeychainPlane-USB-Flash-Drive-600x600.jpg 600w, https:\/\/www.usborkeychain.com\/wp-content\/uploads\/KeychainPlane-USB-Flash-Drive-100x100.jpg 100w\" sizes=\"(max-width: 800px) 100vw, 800px\" \/><\/figure>\n<\/div>\n<\/div>\n\n\n\n<h2 class=\"wp-block-heading\">Quanto tempo leva a produ\u00e7\u00e3o personalizada em massa?<\/h2>\n\n\n\n<p>O ciclo de produ\u00e7\u00e3o personalizada em massa depende da quantidade do pedido e da complexidade do processo. O processo padr\u00e3o \u00e9: ap\u00f3s a confirma\u00e7\u00e3o do design, ele entra no est\u00e1gio de produ\u00e7\u00e3o e impress\u00e3o. Para um lote t\u00edpico (por exemplo, de 500 a 1000 unidades), o ciclo total geralmente \u00e9 de 10 a 15 dias, incluindo 1 a 2 dias para a revis\u00e3o do design (\u00e9 necess\u00e1rio fornecer os arquivos do logotipo), 5 a 7 dias para a produ\u00e7\u00e3o do corpo principal da unidade flash USB (incluindo a fundi\u00e7\u00e3o do modelo e a montagem da interface) e 3 a 5 dias para a impress\u00e3o e a embalagem do logotipo (com v\u00e1rios processos opcionais). Pequenos lotes ou personaliza\u00e7\u00f5es especiais (como alta capacidade de 128 GB ou impress\u00e3o UV) podem levar de 15 a 20 dias. Os fatores que influenciam incluem:<\/p>\n\n\n\n<ul class=\"wp-block-list\">\n<li><strong>Aquisi\u00e7\u00e3o de materiais<\/strong>: Prazo de entrega de liga de zinco ou materiais personalizados.<\/li>\n\n\n\n<li><strong>Complexidade do processo<\/strong>: A impress\u00e3o multicolorida ou a grava\u00e7\u00e3o fina aumenta as horas de trabalho.<\/li>\n\n\n\n<li><strong>Integra\u00e7\u00e3o log\u00edstica<\/strong>: Garantir o envio eficiente, fornecendo um servi\u00e7o completo, desde a coloca\u00e7\u00e3o do pedido at\u00e9 a entrega.<\/li>\n<\/ul>\n\n\n\n<div class=\"wp-block-columns is-layout-flex wp-container-core-columns-is-layout-28f84493 wp-block-columns-is-layout-flex\">\n<div class=\"wp-block-column is-vertically-aligned-top is-layout-flow wp-block-column-is-layout-flow\">\n<figure class=\"wp-block-image size-full\"><img alt=\"\" loading=\"lazy\" decoding=\"async\" width=\"800\" height=\"800\" src=\"https:\/\/www.usborkeychain.com\/wp-content\/uploads\/ShinyPlane-USB-Flash-Drive.jpg\" class=\"wp-image-4705\" srcset=\"https:\/\/www.usborkeychain.com\/wp-content\/uploads\/ShinyPlane-USB-Flash-Drive.jpg 800w, https:\/\/www.usborkeychain.com\/wp-content\/uploads\/ShinyPlane-USB-Flash-Drive-300x300.jpg 300w, https:\/\/www.usborkeychain.com\/wp-content\/uploads\/ShinyPlane-USB-Flash-Drive-150x150.jpg 150w, https:\/\/www.usborkeychain.com\/wp-content\/uploads\/ShinyPlane-USB-Flash-Drive-768x768.jpg 768w, https:\/\/www.usborkeychain.com\/wp-content\/uploads\/ShinyPlane-USB-Flash-Drive-12x12.jpg 12w, https:\/\/www.usborkeychain.com\/wp-content\/uploads\/ShinyPlane-USB-Flash-Drive-600x600.jpg 600w, https:\/\/www.usborkeychain.com\/wp-content\/uploads\/ShinyPlane-USB-Flash-Drive-100x100.jpg 100w\" sizes=\"(max-width: 800px) 100vw, 800px\" \/><\/figure>\n<\/div>\n\n\n\n<div class=\"wp-block-column is-layout-flow wp-block-column-is-layout-flow\">\n<figure class=\"wp-block-image size-full\"><img alt=\"\" loading=\"lazy\" decoding=\"async\" width=\"800\" height=\"800\" src=\"https:\/\/www.usborkeychain.com\/wp-content\/uploads\/PromoPlane-USB-Flash-Drive.jpg\" class=\"wp-image-4704\" srcset=\"https:\/\/www.usborkeychain.com\/wp-content\/uploads\/PromoPlane-USB-Flash-Drive.jpg 800w, https:\/\/www.usborkeychain.com\/wp-content\/uploads\/PromoPlane-USB-Flash-Drive-300x300.jpg 300w, https:\/\/www.usborkeychain.com\/wp-content\/uploads\/PromoPlane-USB-Flash-Drive-150x150.jpg 150w, https:\/\/www.usborkeychain.com\/wp-content\/uploads\/PromoPlane-USB-Flash-Drive-768x768.jpg 768w, https:\/\/www.usborkeychain.com\/wp-content\/uploads\/PromoPlane-USB-Flash-Drive-12x12.jpg 12w, https:\/\/www.usborkeychain.com\/wp-content\/uploads\/PromoPlane-USB-Flash-Drive-600x600.jpg 600w, https:\/\/www.usborkeychain.com\/wp-content\/uploads\/PromoPlane-USB-Flash-Drive-100x100.jpg 100w\" sizes=\"(max-width: 800px) 100vw, 800px\" \/><\/figure>\n<\/div>\n\n\n\n<div class=\"wp-block-column is-layout-flow wp-block-column-is-layout-flow\">\n<figure class=\"wp-block-image size-full\"><img alt=\"\" loading=\"lazy\" decoding=\"async\" width=\"800\" height=\"800\" src=\"https:\/\/www.usborkeychain.com\/wp-content\/uploads\/MiniJet-USB-Flash-Drive.jpg\" class=\"wp-image-4703\" srcset=\"https:\/\/www.usborkeychain.com\/wp-content\/uploads\/MiniJet-USB-Flash-Drive.jpg 800w, https:\/\/www.usborkeychain.com\/wp-content\/uploads\/MiniJet-USB-Flash-Drive-300x300.jpg 300w, https:\/\/www.usborkeychain.com\/wp-content\/uploads\/MiniJet-USB-Flash-Drive-150x150.jpg 150w, https:\/\/www.usborkeychain.com\/wp-content\/uploads\/MiniJet-USB-Flash-Drive-768x768.jpg 768w, https:\/\/www.usborkeychain.com\/wp-content\/uploads\/MiniJet-USB-Flash-Drive-12x12.jpg 12w, https:\/\/www.usborkeychain.com\/wp-content\/uploads\/MiniJet-USB-Flash-Drive-600x600.jpg 600w, https:\/\/www.usborkeychain.com\/wp-content\/uploads\/MiniJet-USB-Flash-Drive-100x100.jpg 100w\" sizes=\"(max-width: 800px) 100vw, 800px\" \/><\/figure>\n<\/div>\n<\/div>\n\n\n\n<p>Com base em materiais met\u00e1licos de alta qualidade, o<strong> Unidade flash USB de metal para aeronaves<\/strong> tem apar\u00eancia bonita e texturizada com seu design requintado em formato de aeronave. Seus par\u00e2metros avan\u00e7ados atendem a v\u00e1rias necessidades de armazenamento e permitem a personaliza\u00e7\u00e3o do logotipo para ajudar na comunica\u00e7\u00e3o da marca. As formas flex\u00edveis de embalagem s\u00e3o adequadas para diferentes cen\u00e1rios, e o ciclo de personaliza\u00e7\u00e3o em massa \u00e9 control\u00e1vel. Seja para cole\u00e7\u00e3o por entusiastas da avia\u00e7\u00e3o, uso di\u00e1rio por empres\u00e1rios ou presentes personalizados para empresas, ele pode se tornar uma op\u00e7\u00e3o atraente no campo de armazenamento digital e presentes criativos com seu charme exclusivo e valor pr\u00e1tico.<\/p>\n\n\n\n<div class=\"wp-block-columns is-layout-flex wp-container-core-columns-is-layout-28f84493 wp-block-columns-is-layout-flex\">\n<div class=\"wp-block-column is-layout-flow wp-block-column-is-layout-flow\">\n<figure class=\"wp-block-image size-full\"><img alt=\"\" loading=\"lazy\" decoding=\"async\" width=\"800\" height=\"800\" src=\"https:\/\/www.usborkeychain.com\/wp-content\/uploads\/AircraftKey-USB-Flash-Drive.jpg\" class=\"wp-image-4696\" srcset=\"https:\/\/www.usborkeychain.com\/wp-content\/uploads\/AircraftKey-USB-Flash-Drive.jpg 800w, https:\/\/www.usborkeychain.com\/wp-content\/uploads\/AircraftKey-USB-Flash-Drive-300x300.jpg 300w, https:\/\/www.usborkeychain.com\/wp-content\/uploads\/AircraftKey-USB-Flash-Drive-150x150.jpg 150w, https:\/\/www.usborkeychain.com\/wp-content\/uploads\/AircraftKey-USB-Flash-Drive-768x768.jpg 768w, https:\/\/www.usborkeychain.com\/wp-content\/uploads\/AircraftKey-USB-Flash-Drive-12x12.jpg 12w, https:\/\/www.usborkeychain.com\/wp-content\/uploads\/AircraftKey-USB-Flash-Drive-600x600.jpg 600w, https:\/\/www.usborkeychain.com\/wp-content\/uploads\/AircraftKey-USB-Flash-Drive-100x100.jpg 100w\" sizes=\"(max-width: 800px) 100vw, 800px\" \/><\/figure>\n<\/div>\n\n\n\n<div class=\"wp-block-column is-layout-flow wp-block-column-is-layout-flow\">\n<figure class=\"wp-block-image size-full\"><img alt=\"\" loading=\"lazy\" decoding=\"async\" width=\"800\" height=\"800\" src=\"https:\/\/www.usborkeychain.com\/wp-content\/uploads\/MetalFlyer-USB-Flash-Drive.jpg\" class=\"wp-image-4702\" srcset=\"https:\/\/www.usborkeychain.com\/wp-content\/uploads\/MetalFlyer-USB-Flash-Drive.jpg 800w, https:\/\/www.usborkeychain.com\/wp-content\/uploads\/MetalFlyer-USB-Flash-Drive-300x300.jpg 300w, https:\/\/www.usborkeychain.com\/wp-content\/uploads\/MetalFlyer-USB-Flash-Drive-150x150.jpg 150w, https:\/\/www.usborkeychain.com\/wp-content\/uploads\/MetalFlyer-USB-Flash-Drive-768x768.jpg 768w, https:\/\/www.usborkeychain.com\/wp-content\/uploads\/MetalFlyer-USB-Flash-Drive-12x12.jpg 12w, https:\/\/www.usborkeychain.com\/wp-content\/uploads\/MetalFlyer-USB-Flash-Drive-600x600.jpg 600w, https:\/\/www.usborkeychain.com\/wp-content\/uploads\/MetalFlyer-USB-Flash-Drive-100x100.jpg 100w\" sizes=\"(max-width: 800px) 100vw, 800px\" \/><\/figure>\n<\/div>\n<\/div>","protected":false},"excerpt":{"rendered":"<ul>\n<li>Materiais met\u00e1licos<\/li>\n<\/ul>","protected":false},"featured_media":4701,"comment_status":"open","ping_status":"closed","template":"","meta":{"_seopress_robots_primary_cat":"","_seopress_titles_title":"","_seopress_titles_desc":"","_seopress_robots_index":"","site-sidebar-layout":"default","site-content-layout":"","ast-site-content-layout":"","site-content-style":"default","site-sidebar-style":"default","ast-global-header-display":"","ast-banner-title-visibility":"","ast-main-header-display":"","ast-hfb-above-header-display":"","ast-hfb-below-header-display":"","ast-hfb-mobile-header-display":"","site-post-title":"","ast-breadcrumbs-content":"","ast-featured-img":"","footer-sml-layout":"","theme-transparent-header-meta":"","adv-header-id-meta":"","stick-header-meta":"","header-above-stick-meta":"","header-main-stick-meta":"","header-below-stick-meta":"","astra-migrate-meta-layouts":"default","ast-page-background-enabled":"default","ast-page-background-meta":{"desktop":{"background-color":"var(--ast-global-color-5)","background-image":"","background-repeat":"repeat","background-position":"center center","background-size":"auto","background-attachment":"scroll","background-type":"","background-media":"","overlay-type":"","overlay-color":"","overlay-opacity":"","overlay-gradient":""},"tablet":{"background-color":"","background-image":"","background-repeat":"repeat","background-position":"center center","background-size":"auto","background-attachment":"scroll","background-type":"","background-media":"","overlay-type":"","overlay-color":"","overlay-opacity":"","overlay-gradient":""},"mobile":{"background-color":"","background-image":"","background-repeat":"repeat","background-position":"center center","background-size":"auto","background-attachment":"scroll","background-type":"","background-media":"","overlay-type":"","overlay-color":"","overlay-opacity":"","overlay-gradient":""}},"ast-content-background-meta":{"desktop":{"background-color":"var(--ast-global-color-4)","background-image":"","background-repeat":"repeat","background-position":"center center","background-size":"auto","background-attachment":"scroll","background-type":"","background-media":"","overlay-type":"","overlay-color":"","overlay-opacity":"","overlay-gradient":""},"tablet":{"background-color":"var(--ast-global-color-4)","background-image":"","background-repeat":"repeat","background-position":"center center","background-size":"auto","background-attachment":"scroll","background-type":"","background-media":"","overlay-type":"","overlay-color":"","overlay-opacity":"","overlay-gradient":""},"mobile":{"background-color":"var(--ast-global-color-4)","background-image":"","background-repeat":"repeat","background-position":"center center","background-size":"auto","background-attachment":"scroll","background-type":"","background-media":"","overlay-type":"","overlay-color":"","overlay-opacity":"","overlay-gradient":""}}},"product_brand":[],"product_cat":[89],"product_tag":[295,397],"class_list":{"0":"post-4693","1":"product","2":"type-product","3":"status-publish","4":"has-post-thumbnail","6":"product_cat-metal-usb-pendrive","7":"product_tag-metal-aircraft-usb-flash-drive","8":"product_tag-zinc-alloy-usb-pen-drive","9":"desktop-align-left","10":"tablet-align-left","11":"mobile-align-left","13":"first","14":"instock","15":"shipping-taxable","16":"product-type-simple"},"_links":{"self":[{"href":"https:\/\/www.usborkeychain.com\/pt\/wp-json\/wp\/v2\/product\/4693","targetHints":{"allow":["GET"]}}],"collection":[{"href":"https:\/\/www.usborkeychain.com\/pt\/wp-json\/wp\/v2\/product"}],"about":[{"href":"https:\/\/www.usborkeychain.com\/pt\/wp-json\/wp\/v2\/types\/product"}],"replies":[{"embeddable":true,"href":"https:\/\/www.usborkeychain.com\/pt\/wp-json\/wp\/v2\/comments?post=4693"}],"wp:featuredmedia":[{"embeddable":true,"href":"https:\/\/www.usborkeychain.com\/pt\/wp-json\/wp\/v2\/media\/4701"}],"wp:attachment":[{"href":"https:\/\/www.usborkeychain.com\/pt\/wp-json\/wp\/v2\/media?parent=4693"}],"wp:term":[{"taxonomy":"product_brand","embeddable":true,"href":"https:\/\/www.usborkeychain.com\/pt\/wp-json\/wp\/v2\/product_brand?post=4693"},{"taxonomy":"product_cat","embeddable":true,"href":"https:\/\/www.usborkeychain.com\/pt\/wp-json\/wp\/v2\/product_cat?post=4693"},{"taxonomy":"product_tag","embeddable":true,"href":"https:\/\/www.usborkeychain.com\/pt\/wp-json\/wp\/v2\/product_tag?post=4693"}],"curies":[{"name":"wp","href":"https:\/\/api.w.org\/{rel}","templated":true}]}}