{"id":4709,"date":"2025-07-27T06:40:10","date_gmt":"2025-07-27T06:40:10","guid":{"rendered":"https:\/\/www.usborkeychain.com\/?post_type=product&#038;p=4709"},"modified":"2025-07-27T07:14:46","modified_gmt":"2025-07-27T07:14:46","slug":"metal-and-pu-leather-braided-rope-wristband-usb-drive","status":"publish","type":"product","link":"https:\/\/www.usborkeychain.com\/pt\/produto\/metal-and-pu-leather-braided-rope-wristband-usb-drive\/","title":{"rendered":"Pulseira de metal e couro PU com corda tran\u00e7ada Unidade USB"},"content":{"rendered":"<p>Esta unidade USB com pulseira de metal e couro PU tran\u00e7ado combina funcionalidade e estilo. Projetado para ser conveniente e constru\u00eddo para ter desempenho, \u00e9 a solu\u00e7\u00e3o ideal para o armazenamento port\u00e1til de dados no trabalho, nos estudos e no uso pessoal.<\/p>\n\n\n\n<div class=\"wp-block-columns is-layout-flex wp-container-core-columns-is-layout-28f84493 wp-block-columns-is-layout-flex\">\n<div class=\"wp-block-column is-layout-flow wp-block-column-is-layout-flow\">\n<figure class=\"wp-block-image size-full\"><img alt=\"\" fetchpriority=\"high\" decoding=\"async\" width=\"800\" height=\"800\" src=\"https:\/\/www.usborkeychain.com\/wp-content\/uploads\/Leather-Bracelet-for-Men-Black-Braided-PU.jpg\" class=\"wp-image-4713\" srcset=\"https:\/\/www.usborkeychain.com\/wp-content\/uploads\/Leather-Bracelet-for-Men-Black-Braided-PU.jpg 800w, https:\/\/www.usborkeychain.com\/wp-content\/uploads\/Leather-Bracelet-for-Men-Black-Braided-PU-300x300.jpg 300w, https:\/\/www.usborkeychain.com\/wp-content\/uploads\/Leather-Bracelet-for-Men-Black-Braided-PU-150x150.jpg 150w, https:\/\/www.usborkeychain.com\/wp-content\/uploads\/Leather-Bracelet-for-Men-Black-Braided-PU-768x768.jpg 768w, https:\/\/www.usborkeychain.com\/wp-content\/uploads\/Leather-Bracelet-for-Men-Black-Braided-PU-12x12.jpg 12w, https:\/\/www.usborkeychain.com\/wp-content\/uploads\/Leather-Bracelet-for-Men-Black-Braided-PU-600x600.jpg 600w, https:\/\/www.usborkeychain.com\/wp-content\/uploads\/Leather-Bracelet-for-Men-Black-Braided-PU-100x100.jpg 100w\" sizes=\"(max-width: 800px) 100vw, 800px\" \/><\/figure>\n<\/div>\n\n\n\n<div class=\"wp-block-column is-vertically-aligned-center is-layout-flow wp-block-column-is-layout-flow\">\n<h2 class=\"wp-block-heading\"><strong>Design de pulseira que pode ser usada no pulso - Comprimento total: 23,3 cm<\/strong><\/h2>\n\n\n\n<ul class=\"wp-block-list\">\n<li>Apresenta uma estrutura flex\u00edvel e dur\u00e1vel <strong>Al\u00e7a de pulso de 23,3 cm<\/strong> design<\/li>\n\n\n\n<li>Feito de <strong>metal + couro<\/strong> para um visual premium e elegante<\/li>\n\n\n\n<li>Funciona como um <strong>Unidade flash USB<\/strong> e um <strong>bracelete vest\u00edvel<\/strong><\/li>\n\n\n\n<li>F\u00e1cil de transportar - use em seu pulso ou guarde em seu bolso <strong>bolsa, bolso, carteira ou mochila<\/strong><\/li>\n\n\n\n<li>\u00d3timo para <strong>adolescentes, estudantes e adultos<\/strong> que desejam conveni\u00eancia e design<\/li>\n<\/ul>\n<\/div>\n<\/div>\n\n\n\n<div class=\"wp-block-columns is-layout-flex wp-container-core-columns-is-layout-28f84493 wp-block-columns-is-layout-flex\">\n<div class=\"wp-block-column is-vertically-aligned-center is-layout-flow wp-block-column-is-layout-flow\">\n<h3 class=\"wp-block-heading\">Especifica\u00e7\u00f5es:<\/h3>\n\n\n\n<ul class=\"wp-block-list\">\n<li>Nome do produto: Unidade flash USB<\/li>\n\n\n\n<li>Cor: preto<\/li>\n\n\n\n<li>Material: Metal + Couro<\/li>\n\n\n\n<li>Size: 233*15*10mm\/9.17*0.59*0.39inches<\/li>\n\n\n\n<li>Porta USB: USB 2.0<\/li>\n\n\n\n<li>Capacity: 4GB\u30018GB\u300116GB\u300132GB\u300164GB\u3001128GB<\/li>\n\n\n\n<li>Compatibilidade: Windows 7 \/ 8 \/ 10 \/ Vista \/ XP \/ 2000 \/ ME \/ NT, Linux e Mac OS, etc.<\/li>\n\n\n\n<li>Dispositivos compat\u00edveis: laptops, PCs, SmartTV, reprodutor de m\u00fasica de \u00e1udio automotivo e outros dispositivos compat\u00edveis com USB 2.0<\/li>\n<\/ul>\n<\/div>\n\n\n\n<div class=\"wp-block-column is-layout-flow wp-block-column-is-layout-flow\">\n<figure class=\"wp-block-image size-full\"><img alt=\"\" decoding=\"async\" width=\"800\" height=\"800\" src=\"https:\/\/www.usborkeychain.com\/wp-content\/uploads\/Metal-and-PU-Leather-Braided-Rope-Wristband-USB-Drive.jpg\" class=\"wp-image-4715\" srcset=\"https:\/\/www.usborkeychain.com\/wp-content\/uploads\/Metal-and-PU-Leather-Braided-Rope-Wristband-USB-Drive.jpg 800w, https:\/\/www.usborkeychain.com\/wp-content\/uploads\/Metal-and-PU-Leather-Braided-Rope-Wristband-USB-Drive-300x300.jpg 300w, https:\/\/www.usborkeychain.com\/wp-content\/uploads\/Metal-and-PU-Leather-Braided-Rope-Wristband-USB-Drive-150x150.jpg 150w, https:\/\/www.usborkeychain.com\/wp-content\/uploads\/Metal-and-PU-Leather-Braided-Rope-Wristband-USB-Drive-768x768.jpg 768w, https:\/\/www.usborkeychain.com\/wp-content\/uploads\/Metal-and-PU-Leather-Braided-Rope-Wristband-USB-Drive-12x12.jpg 12w, https:\/\/www.usborkeychain.com\/wp-content\/uploads\/Metal-and-PU-Leather-Braided-Rope-Wristband-USB-Drive-600x600.jpg 600w, https:\/\/www.usborkeychain.com\/wp-content\/uploads\/Metal-and-PU-Leather-Braided-Rope-Wristband-USB-Drive-100x100.jpg 100w\" sizes=\"(max-width: 800px) 100vw, 800px\" \/><\/figure>\n<\/div>\n<\/div>\n\n\n\n<h2 class=\"wp-block-heading\">Por que usar a unidade USB com pulseira de corda tran\u00e7ada de couro PU?<\/h2>\n\n\n\n<p><br>A unidade USB com pulseira de couro PU e corda tran\u00e7ada \u00e9 uma maneira exclusiva de promover a sua marca. Com esse design inovador, seus clientes podem levar seus documentos, fotos e v\u00eddeos para onde quer que v\u00e3o, enquanto exibem uma pulseira emborrachada moderna que mostra a sua empresa.<\/p>\n\n\n\n<div class=\"wp-block-columns is-layout-flex wp-container-core-columns-is-layout-9c22b1e3 wp-block-columns-is-layout-flex\">\n<div class=\"wp-block-column is-layout-flow wp-block-column-is-layout-flow\">\n<figure class=\"wp-block-image size-large\"><img alt=\"\" decoding=\"async\" width=\"800\" height=\"800\" src=\"https:\/\/www.usborkeychain.com\/wp-content\/uploads\/61lFwA6c9xL._SL1500_-800x800.jpg\" class=\"wp-image-4720\" srcset=\"https:\/\/www.usborkeychain.com\/wp-content\/uploads\/61lFwA6c9xL._SL1500_-800x800.jpg 800w, https:\/\/www.usborkeychain.com\/wp-content\/uploads\/61lFwA6c9xL._SL1500_-300x300.jpg 300w, https:\/\/www.usborkeychain.com\/wp-content\/uploads\/61lFwA6c9xL._SL1500_-150x150.jpg 150w, https:\/\/www.usborkeychain.com\/wp-content\/uploads\/61lFwA6c9xL._SL1500_-768x768.jpg 768w, https:\/\/www.usborkeychain.com\/wp-content\/uploads\/61lFwA6c9xL._SL1500_-12x12.jpg 12w, https:\/\/www.usborkeychain.com\/wp-content\/uploads\/61lFwA6c9xL._SL1500_-600x600.jpg 600w, https:\/\/www.usborkeychain.com\/wp-content\/uploads\/61lFwA6c9xL._SL1500_-100x100.jpg 100w, https:\/\/www.usborkeychain.com\/wp-content\/uploads\/61lFwA6c9xL._SL1500_.jpg 1500w\" sizes=\"(max-width: 800px) 100vw, 800px\" \/><\/figure>\n<\/div>\n\n\n\n<div class=\"wp-block-column is-layout-flow wp-block-column-is-layout-flow\">\n<figure class=\"wp-block-image size-large\"><img alt=\"\" loading=\"lazy\" decoding=\"async\" width=\"800\" height=\"800\" src=\"https:\/\/www.usborkeychain.com\/wp-content\/uploads\/61R7qeXl1JL._SL1500_-800x800.jpg\" class=\"wp-image-4721\" srcset=\"https:\/\/www.usborkeychain.com\/wp-content\/uploads\/61R7qeXl1JL._SL1500_-800x800.jpg 800w, https:\/\/www.usborkeychain.com\/wp-content\/uploads\/61R7qeXl1JL._SL1500_-300x300.jpg 300w, https:\/\/www.usborkeychain.com\/wp-content\/uploads\/61R7qeXl1JL._SL1500_-150x150.jpg 150w, https:\/\/www.usborkeychain.com\/wp-content\/uploads\/61R7qeXl1JL._SL1500_-768x768.jpg 768w, https:\/\/www.usborkeychain.com\/wp-content\/uploads\/61R7qeXl1JL._SL1500_-12x12.jpg 12w, https:\/\/www.usborkeychain.com\/wp-content\/uploads\/61R7qeXl1JL._SL1500_-600x600.jpg 600w, https:\/\/www.usborkeychain.com\/wp-content\/uploads\/61R7qeXl1JL._SL1500_-100x100.jpg 100w, https:\/\/www.usborkeychain.com\/wp-content\/uploads\/61R7qeXl1JL._SL1500_.jpg 1500w\" sizes=\"(max-width: 800px) 100vw, 800px\" \/><\/figure>\n<\/div>\n<\/div>\n\n\n\n<h2 class=\"wp-block-heading\">Qual \u00e9 o MOQ para unidades USB de pulseira personalizada?<\/h2>\n\n\n\n<p>A maioria dos fabricantes exige um MOQ de pelo menos 1.000 unidades, embora alguns suportem pequenos pedidos de teste de 500 unidades - com um aumento de pre\u00e7o unit\u00e1rio de cerca de 20% a 30%. Na YOUSAN USB Drive Factory, nossas unidades USB de pulseira prontas t\u00eam um MOQ de 100 unidades (incluindo logotipos personalizados), enquanto os designs personalizados exigem um MOQ de 500 unidades.<\/p>\n\n\n\n<p><\/p>","protected":false},"excerpt":{"rendered":"<ul>\n<li>Metal e couro PU<\/li>\n<li>Pulseira de corda tran\u00e7ada<\/li>\n<li>LOGOTIPO personalizado<\/li>\n<li>Bracelete USB Flash Drive<\/li>\n<li>MOQ:100PCS<\/li>\n<\/ul>","protected":false},"featured_media":4712,"comment_status":"open","ping_status":"closed","template":"","meta":{"_seopress_robots_primary_cat":"none","_seopress_titles_title":"","_seopress_titles_desc":"","_seopress_robots_index":"","site-sidebar-layout":"default","site-content-layout":"","ast-site-content-layout":"","site-content-style":"default","site-sidebar-style":"default","ast-global-header-display":"","ast-banner-title-visibility":"","ast-main-header-display":"","ast-hfb-above-header-display":"","ast-hfb-below-header-display":"","ast-hfb-mobile-header-display":"","site-post-title":"","ast-breadcrumbs-content":"","ast-featured-img":"","footer-sml-layout":"","theme-transparent-header-meta":"","adv-header-id-meta":"","stick-header-meta":"","header-above-stick-meta":"","header-main-stick-meta":"","header-below-stick-meta":"","astra-migrate-meta-layouts":"default","ast-page-background-enabled":"default","ast-page-background-meta":{"desktop":{"background-color":"var(--ast-global-color-5)","background-image":"","background-repeat":"repeat","background-position":"center center","background-size":"auto","background-attachment":"scroll","background-type":"","background-media":"","overlay-type":"","overlay-color":"","overlay-opacity":"","overlay-gradient":""},"tablet":{"background-color":"","background-image":"","background-repeat":"repeat","background-position":"center center","background-size":"auto","background-attachment":"scroll","background-type":"","background-media":"","overlay-type":"","overlay-color":"","overlay-opacity":"","overlay-gradient":""},"mobile":{"background-color":"","background-image":"","background-repeat":"repeat","background-position":"center center","background-size":"auto","background-attachment":"scroll","background-type":"","background-media":"","overlay-type":"","overlay-color":"","overlay-opacity":"","overlay-gradient":""}},"ast-content-background-meta":{"desktop":{"background-color":"var(--ast-global-color-4)","background-image":"","background-repeat":"repeat","background-position":"center center","background-size":"auto","background-attachment":"scroll","background-type":"","background-media":"","overlay-type":"","overlay-color":"","overlay-opacity":"","overlay-gradient":""},"tablet":{"background-color":"var(--ast-global-color-4)","background-image":"","background-repeat":"repeat","background-position":"center center","background-size":"auto","background-attachment":"scroll","background-type":"","background-media":"","overlay-type":"","overlay-color":"","overlay-opacity":"","overlay-gradient":""},"mobile":{"background-color":"var(--ast-global-color-4)","background-image":"","background-repeat":"repeat","background-position":"center center","background-size":"auto","background-attachment":"scroll","background-type":"","background-media":"","overlay-type":"","overlay-color":"","overlay-opacity":"","overlay-gradient":""}}},"product_brand":[],"product_cat":[97],"product_tag":[],"class_list":{"0":"post-4709","1":"product","2":"type-product","3":"status-publish","4":"has-post-thumbnail","6":"product_cat-wristband-usb-drives","7":"desktop-align-left","8":"tablet-align-left","9":"mobile-align-left","11":"first","12":"instock","13":"shipping-taxable","14":"product-type-simple"},"_links":{"self":[{"href":"https:\/\/www.usborkeychain.com\/pt\/wp-json\/wp\/v2\/product\/4709","targetHints":{"allow":["GET"]}}],"collection":[{"href":"https:\/\/www.usborkeychain.com\/pt\/wp-json\/wp\/v2\/product"}],"about":[{"href":"https:\/\/www.usborkeychain.com\/pt\/wp-json\/wp\/v2\/types\/product"}],"replies":[{"embeddable":true,"href":"https:\/\/www.usborkeychain.com\/pt\/wp-json\/wp\/v2\/comments?post=4709"}],"wp:featuredmedia":[{"embeddable":true,"href":"https:\/\/www.usborkeychain.com\/pt\/wp-json\/wp\/v2\/media\/4712"}],"wp:attachment":[{"href":"https:\/\/www.usborkeychain.com\/pt\/wp-json\/wp\/v2\/media?parent=4709"}],"wp:term":[{"taxonomy":"product_brand","embeddable":true,"href":"https:\/\/www.usborkeychain.com\/pt\/wp-json\/wp\/v2\/product_brand?post=4709"},{"taxonomy":"product_cat","embeddable":true,"href":"https:\/\/www.usborkeychain.com\/pt\/wp-json\/wp\/v2\/product_cat?post=4709"},{"taxonomy":"product_tag","embeddable":true,"href":"https:\/\/www.usborkeychain.com\/pt\/wp-json\/wp\/v2\/product_tag?post=4709"}],"curies":[{"name":"wp","href":"https:\/\/api.w.org\/{rel}","templated":true}]}}