{"id":4723,"date":"2025-07-27T07:27:55","date_gmt":"2025-07-27T07:27:55","guid":{"rendered":"https:\/\/www.usborkeychain.com\/?post_type=product&#038;p=4723"},"modified":"2025-07-27T07:28:52","modified_gmt":"2025-07-27T07:28:52","slug":"wrist-strap-usb-flash-drive-with-led-logo","status":"publish","type":"product","link":"https:\/\/www.usborkeychain.com\/pt\/produto\/wrist-strap-usb-flash-drive-with-led-logo\/","title":{"rendered":"Unidade flash USB com al\u00e7a de pulso e logotipo de LED"},"content":{"rendered":"<p>A unidade flash USB com al\u00e7a de pulso e logotipo de LED \u00e9 um produto vers\u00e1til e pr\u00e1tico que combina a funcionalidade de uma unidade flash USB com a conveni\u00eancia de uma al\u00e7a de pulso. Com uma capacidade que varia de 1 MB a 512 GB, essa unidade flash \u00e9 perfeita para armazenar e transferir arquivos grandes.\u00a0<\/p>\n\n\n\n<div class=\"wp-block-columns is-layout-flex wp-container-core-columns-is-layout-28f84493 wp-block-columns-is-layout-flex\">\n<div class=\"wp-block-column is-layout-flow wp-block-column-is-layout-flow\">\n<figure class=\"wp-block-image size-full\"><img alt=\"\" fetchpriority=\"high\" decoding=\"async\" width=\"800\" height=\"800\" src=\"https:\/\/www.usborkeychain.com\/wp-content\/uploads\/black-Wrist-Strap-USB-Flash-Drive-with-LED-Logo.jpg\" class=\"wp-image-4726\" srcset=\"https:\/\/www.usborkeychain.com\/wp-content\/uploads\/black-Wrist-Strap-USB-Flash-Drive-with-LED-Logo.jpg 800w, https:\/\/www.usborkeychain.com\/wp-content\/uploads\/black-Wrist-Strap-USB-Flash-Drive-with-LED-Logo-300x300.jpg 300w, https:\/\/www.usborkeychain.com\/wp-content\/uploads\/black-Wrist-Strap-USB-Flash-Drive-with-LED-Logo-150x150.jpg 150w, https:\/\/www.usborkeychain.com\/wp-content\/uploads\/black-Wrist-Strap-USB-Flash-Drive-with-LED-Logo-768x768.jpg 768w, https:\/\/www.usborkeychain.com\/wp-content\/uploads\/black-Wrist-Strap-USB-Flash-Drive-with-LED-Logo-12x12.jpg 12w, https:\/\/www.usborkeychain.com\/wp-content\/uploads\/black-Wrist-Strap-USB-Flash-Drive-with-LED-Logo-600x600.jpg 600w, https:\/\/www.usborkeychain.com\/wp-content\/uploads\/black-Wrist-Strap-USB-Flash-Drive-with-LED-Logo-100x100.jpg 100w\" sizes=\"(max-width: 800px) 100vw, 800px\" \/><\/figure>\n<\/div>\n\n\n\n<div class=\"wp-block-column is-layout-flow wp-block-column-is-layout-flow\">\n<figure class=\"wp-block-image size-full\"><img alt=\"\" decoding=\"async\" width=\"800\" height=\"800\" src=\"https:\/\/www.usborkeychain.com\/wp-content\/uploads\/Wrist-Strap-USB-Flash-Drive-with-LED-Logo.jpg\" class=\"wp-image-4731\" srcset=\"https:\/\/www.usborkeychain.com\/wp-content\/uploads\/Wrist-Strap-USB-Flash-Drive-with-LED-Logo.jpg 800w, https:\/\/www.usborkeychain.com\/wp-content\/uploads\/Wrist-Strap-USB-Flash-Drive-with-LED-Logo-300x300.jpg 300w, https:\/\/www.usborkeychain.com\/wp-content\/uploads\/Wrist-Strap-USB-Flash-Drive-with-LED-Logo-150x150.jpg 150w, https:\/\/www.usborkeychain.com\/wp-content\/uploads\/Wrist-Strap-USB-Flash-Drive-with-LED-Logo-768x768.jpg 768w, https:\/\/www.usborkeychain.com\/wp-content\/uploads\/Wrist-Strap-USB-Flash-Drive-with-LED-Logo-12x12.jpg 12w, https:\/\/www.usborkeychain.com\/wp-content\/uploads\/Wrist-Strap-USB-Flash-Drive-with-LED-Logo-600x600.jpg 600w, https:\/\/www.usborkeychain.com\/wp-content\/uploads\/Wrist-Strap-USB-Flash-Drive-with-LED-Logo-100x100.jpg 100w\" sizes=\"(max-width: 800px) 100vw, 800px\" \/><\/figure>\n<\/div>\n<\/div>\n\n\n\n<p>Redefina a eleg\u00e2ncia promocional com nosso\u00a0<strong>Unidade USB com pulseira de PVC<\/strong>O brinde de brinde, uma fus\u00e3o de armazenamento pr\u00e1tico e marca que chama a aten\u00e7\u00e3o. Atualizada com um painel de luz de acr\u00edlico, essa tecnologia vest\u00edvel transforma seu logotipo em uma declara\u00e7\u00e3o luminosa, dispon\u00edvel em vermelho, verde, azul e outros tons. Perfeito para eventos, brindes ou presentes corporativos, ele combina funcionalidade com um design marcante.<\/p>\n\n\n\n<div class=\"wp-block-columns is-layout-flex wp-container-core-columns-is-layout-28f84493 wp-block-columns-is-layout-flex\">\n<div class=\"wp-block-column is-layout-flow wp-block-column-is-layout-flow\">\n<figure class=\"wp-block-image size-full\"><img alt=\"\" decoding=\"async\" width=\"800\" height=\"800\" src=\"https:\/\/www.usborkeychain.com\/wp-content\/uploads\/green-Wrist-Strap-USB-Flash-Drive-with-LED-Logo.jpg\" class=\"wp-image-4727\" srcset=\"https:\/\/www.usborkeychain.com\/wp-content\/uploads\/green-Wrist-Strap-USB-Flash-Drive-with-LED-Logo.jpg 800w, https:\/\/www.usborkeychain.com\/wp-content\/uploads\/green-Wrist-Strap-USB-Flash-Drive-with-LED-Logo-300x300.jpg 300w, https:\/\/www.usborkeychain.com\/wp-content\/uploads\/green-Wrist-Strap-USB-Flash-Drive-with-LED-Logo-150x150.jpg 150w, https:\/\/www.usborkeychain.com\/wp-content\/uploads\/green-Wrist-Strap-USB-Flash-Drive-with-LED-Logo-768x768.jpg 768w, https:\/\/www.usborkeychain.com\/wp-content\/uploads\/green-Wrist-Strap-USB-Flash-Drive-with-LED-Logo-12x12.jpg 12w, https:\/\/www.usborkeychain.com\/wp-content\/uploads\/green-Wrist-Strap-USB-Flash-Drive-with-LED-Logo-600x600.jpg 600w, https:\/\/www.usborkeychain.com\/wp-content\/uploads\/green-Wrist-Strap-USB-Flash-Drive-with-LED-Logo-100x100.jpg 100w\" sizes=\"(max-width: 800px) 100vw, 800px\" \/><\/figure>\n<\/div>\n\n\n\n<div class=\"wp-block-column is-layout-flow wp-block-column-is-layout-flow\">\n<figure class=\"wp-block-image size-full\"><img alt=\"\" loading=\"lazy\" decoding=\"async\" width=\"800\" height=\"800\" src=\"https:\/\/www.usborkeychain.com\/wp-content\/uploads\/Wrist-Strap-USB-Flash-Drive-with-green-LED-Logo.jpg\" class=\"wp-image-4730\" srcset=\"https:\/\/www.usborkeychain.com\/wp-content\/uploads\/Wrist-Strap-USB-Flash-Drive-with-green-LED-Logo.jpg 800w, https:\/\/www.usborkeychain.com\/wp-content\/uploads\/Wrist-Strap-USB-Flash-Drive-with-green-LED-Logo-300x300.jpg 300w, https:\/\/www.usborkeychain.com\/wp-content\/uploads\/Wrist-Strap-USB-Flash-Drive-with-green-LED-Logo-150x150.jpg 150w, https:\/\/www.usborkeychain.com\/wp-content\/uploads\/Wrist-Strap-USB-Flash-Drive-with-green-LED-Logo-768x768.jpg 768w, https:\/\/www.usborkeychain.com\/wp-content\/uploads\/Wrist-Strap-USB-Flash-Drive-with-green-LED-Logo-12x12.jpg 12w, https:\/\/www.usborkeychain.com\/wp-content\/uploads\/Wrist-Strap-USB-Flash-Drive-with-green-LED-Logo-600x600.jpg 600w, https:\/\/www.usborkeychain.com\/wp-content\/uploads\/Wrist-Strap-USB-Flash-Drive-with-green-LED-Logo-100x100.jpg 100w\" sizes=\"(max-width: 800px) 100vw, 800px\" \/><\/figure>\n<\/div>\n<\/div>\n\n\n\n<h3 class=\"wp-block-heading\">1. Material e constru\u00e7\u00e3o: Durabilidade de toque suave<\/h3>\n\n\n\n<p>Fabricado com&nbsp;<strong>borracha macia de PVC premium<\/strong>A pulseira oferece:<\/p>\n\n\n\n<ul class=\"wp-block-list\">\n<li><strong>Flexibilidade<\/strong>: Adapta-se confortavelmente aos pulsos (tamanhos adulto\/infantil dispon\u00edveis, circunfer\u00eancia de 15 a 22 cm).<\/li>\n\n\n\n<li><strong>Durabilidade<\/strong>: Resiste a arranh\u00f5es, pequenos impactos e desgaste di\u00e1rio.<\/li>\n\n\n\n<li><strong>Pele - Simpatia<\/strong>: N\u00e3o t\u00f3xico, inodoro e suave para a pele (em conformidade com os padr\u00f5es RoHS e REACH).<\/li>\n<\/ul>\n\n\n\n<div class=\"wp-block-columns is-layout-flex wp-container-core-columns-is-layout-28f84493 wp-block-columns-is-layout-flex\">\n<div class=\"wp-block-column is-layout-flow wp-block-column-is-layout-flow\">\n<figure class=\"wp-block-image size-full\"><img alt=\"\" loading=\"lazy\" decoding=\"async\" width=\"800\" height=\"800\" src=\"https:\/\/www.usborkeychain.com\/wp-content\/uploads\/red-Wrist-Strap-USB-Flash-Drive-with-LED-Logo.jpg\" class=\"wp-image-4728\" srcset=\"https:\/\/www.usborkeychain.com\/wp-content\/uploads\/red-Wrist-Strap-USB-Flash-Drive-with-LED-Logo.jpg 800w, https:\/\/www.usborkeychain.com\/wp-content\/uploads\/red-Wrist-Strap-USB-Flash-Drive-with-LED-Logo-300x300.jpg 300w, https:\/\/www.usborkeychain.com\/wp-content\/uploads\/red-Wrist-Strap-USB-Flash-Drive-with-LED-Logo-150x150.jpg 150w, https:\/\/www.usborkeychain.com\/wp-content\/uploads\/red-Wrist-Strap-USB-Flash-Drive-with-LED-Logo-768x768.jpg 768w, https:\/\/www.usborkeychain.com\/wp-content\/uploads\/red-Wrist-Strap-USB-Flash-Drive-with-LED-Logo-12x12.jpg 12w, https:\/\/www.usborkeychain.com\/wp-content\/uploads\/red-Wrist-Strap-USB-Flash-Drive-with-LED-Logo-600x600.jpg 600w, https:\/\/www.usborkeychain.com\/wp-content\/uploads\/red-Wrist-Strap-USB-Flash-Drive-with-LED-Logo-100x100.jpg 100w\" sizes=\"(max-width: 800px) 100vw, 800px\" \/><\/figure>\n<\/div>\n\n\n\n<div class=\"wp-block-column is-layout-flow wp-block-column-is-layout-flow\">\n<figure class=\"wp-block-image size-full\"><img alt=\"\" loading=\"lazy\" decoding=\"async\" width=\"800\" height=\"800\" src=\"https:\/\/www.usborkeychain.com\/wp-content\/uploads\/Wrist-Strap-USB-Flash-Drive-with-blue-LED-Logo.jpg\" class=\"wp-image-4729\" srcset=\"https:\/\/www.usborkeychain.com\/wp-content\/uploads\/Wrist-Strap-USB-Flash-Drive-with-blue-LED-Logo.jpg 800w, https:\/\/www.usborkeychain.com\/wp-content\/uploads\/Wrist-Strap-USB-Flash-Drive-with-blue-LED-Logo-300x300.jpg 300w, https:\/\/www.usborkeychain.com\/wp-content\/uploads\/Wrist-Strap-USB-Flash-Drive-with-blue-LED-Logo-150x150.jpg 150w, https:\/\/www.usborkeychain.com\/wp-content\/uploads\/Wrist-Strap-USB-Flash-Drive-with-blue-LED-Logo-768x768.jpg 768w, https:\/\/www.usborkeychain.com\/wp-content\/uploads\/Wrist-Strap-USB-Flash-Drive-with-blue-LED-Logo-12x12.jpg 12w, https:\/\/www.usborkeychain.com\/wp-content\/uploads\/Wrist-Strap-USB-Flash-Drive-with-blue-LED-Logo-600x600.jpg 600w, https:\/\/www.usborkeychain.com\/wp-content\/uploads\/Wrist-Strap-USB-Flash-Drive-with-blue-LED-Logo-100x100.jpg 100w\" sizes=\"(max-width: 800px) 100vw, 800px\" \/><\/figure>\n<\/div>\n<\/div>\n\n\n\n<h3 class=\"wp-block-heading\">2. Atualiza\u00e7\u00e3o do logotipo luminoso: Painel de luz acr\u00edlico<\/h3>\n\n\n\n<p>O recurso que muda o jogo? Um painel de luz acr\u00edlico integrado que faz seu logotipo brilhar:<\/p>\n\n\n\n<ul class=\"wp-block-list\">\n<li><strong>Op\u00e7\u00f5es de cores<\/strong>: Escolha entre vermelho, verde, azul ou tons RGB personalizados para combinar com sua marca.<\/li>\n\n\n\n<li><strong>Visibilidade<\/strong>: O logotipo iluminado se destaca em ambientes com pouca luz (por exemplo, confer\u00eancias, eventos noturnos), aumentando a lembran\u00e7a da marca.<\/li>\n\n\n\n<li><strong>Longevidade<\/strong>: O painel de acr\u00edlico garante uma ilumina\u00e7\u00e3o brilhante e resistente ao desbotamento por muitos anos.<\/li>\n<\/ul>\n\n\n\n<p><\/p>","protected":false},"excerpt":{"rendered":"<ul>\n<li>Unidade flash USB com al\u00e7a de pulso<\/li>\n<li>com logotipo de LED<\/li>\n<li>Cor vermelha, verde e azul<\/li>\n<li>Material de PVC<\/li>\n<li>MOQ:100pcs<\/li>\n<\/ul>","protected":false},"featured_media":4727,"comment_status":"open","ping_status":"closed","template":"","meta":{"_seopress_robots_primary_cat":"","_seopress_titles_title":"","_seopress_titles_desc":"","_seopress_robots_index":"","site-sidebar-layout":"default","site-content-layout":"","ast-site-content-layout":"","site-content-style":"default","site-sidebar-style":"default","ast-global-header-display":"","ast-banner-title-visibility":"","ast-main-header-display":"","ast-hfb-above-header-display":"","ast-hfb-below-header-display":"","ast-hfb-mobile-header-display":"","site-post-title":"","ast-breadcrumbs-content":"","ast-featured-img":"","footer-sml-layout":"","theme-transparent-header-meta":"","adv-header-id-meta":"","stick-header-meta":"","header-above-stick-meta":"","header-main-stick-meta":"","header-below-stick-meta":"","astra-migrate-meta-layouts":"default","ast-page-background-enabled":"default","ast-page-background-meta":{"desktop":{"background-color":"var(--ast-global-color-5)","background-image":"","background-repeat":"repeat","background-position":"center center","background-size":"auto","background-attachment":"scroll","background-type":"","background-media":"","overlay-type":"","overlay-color":"","overlay-opacity":"","overlay-gradient":""},"tablet":{"background-color":"","background-image":"","background-repeat":"repeat","background-position":"center center","background-size":"auto","background-attachment":"scroll","background-type":"","background-media":"","overlay-type":"","overlay-color":"","overlay-opacity":"","overlay-gradient":""},"mobile":{"background-color":"","background-image":"","background-repeat":"repeat","background-position":"center center","background-size":"auto","background-attachment":"scroll","background-type":"","background-media":"","overlay-type":"","overlay-color":"","overlay-opacity":"","overlay-gradient":""}},"ast-content-background-meta":{"desktop":{"background-color":"var(--ast-global-color-4)","background-image":"","background-repeat":"repeat","background-position":"center center","background-size":"auto","background-attachment":"scroll","background-type":"","background-media":"","overlay-type":"","overlay-color":"","overlay-opacity":"","overlay-gradient":""},"tablet":{"background-color":"var(--ast-global-color-4)","background-image":"","background-repeat":"repeat","background-position":"center center","background-size":"auto","background-attachment":"scroll","background-type":"","background-media":"","overlay-type":"","overlay-color":"","overlay-opacity":"","overlay-gradient":""},"mobile":{"background-color":"var(--ast-global-color-4)","background-image":"","background-repeat":"repeat","background-position":"center center","background-size":"auto","background-attachment":"scroll","background-type":"","background-media":"","overlay-type":"","overlay-color":"","overlay-opacity":"","overlay-gradient":""}}},"product_brand":[],"product_cat":[97],"product_tag":[],"class_list":{"0":"post-4723","1":"product","2":"type-product","3":"status-publish","4":"has-post-thumbnail","6":"product_cat-wristband-usb-drives","7":"desktop-align-left","8":"tablet-align-left","9":"mobile-align-left","11":"first","12":"instock","13":"shipping-taxable","14":"product-type-simple"},"_links":{"self":[{"href":"https:\/\/www.usborkeychain.com\/pt\/wp-json\/wp\/v2\/product\/4723","targetHints":{"allow":["GET"]}}],"collection":[{"href":"https:\/\/www.usborkeychain.com\/pt\/wp-json\/wp\/v2\/product"}],"about":[{"href":"https:\/\/www.usborkeychain.com\/pt\/wp-json\/wp\/v2\/types\/product"}],"replies":[{"embeddable":true,"href":"https:\/\/www.usborkeychain.com\/pt\/wp-json\/wp\/v2\/comments?post=4723"}],"wp:featuredmedia":[{"embeddable":true,"href":"https:\/\/www.usborkeychain.com\/pt\/wp-json\/wp\/v2\/media\/4727"}],"wp:attachment":[{"href":"https:\/\/www.usborkeychain.com\/pt\/wp-json\/wp\/v2\/media?parent=4723"}],"wp:term":[{"taxonomy":"product_brand","embeddable":true,"href":"https:\/\/www.usborkeychain.com\/pt\/wp-json\/wp\/v2\/product_brand?post=4723"},{"taxonomy":"product_cat","embeddable":true,"href":"https:\/\/www.usborkeychain.com\/pt\/wp-json\/wp\/v2\/product_cat?post=4723"},{"taxonomy":"product_tag","embeddable":true,"href":"https:\/\/www.usborkeychain.com\/pt\/wp-json\/wp\/v2\/product_tag?post=4723"}],"curies":[{"name":"wp","href":"https:\/\/api.w.org\/{rel}","templated":true}]}}