{"id":4734,"date":"2025-07-27T08:30:18","date_gmt":"2025-07-27T08:30:18","guid":{"rendered":"https:\/\/www.usborkeychain.com\/?post_type=product&#038;p=4734"},"modified":"2025-07-27T09:50:53","modified_gmt":"2025-07-27T09:50:53","slug":"gradient-color-wristband-usb-flash-drive","status":"publish","type":"product","link":"https:\/\/www.usborkeychain.com\/pt\/produto\/gradient-color-wristband-usb-flash-drive\/","title":{"rendered":"Unidade flash USB com pulseira de cor gradiente"},"content":{"rendered":"<p><strong>O Gradient Color Wristband USB Drive \u00e9 um novo produto lan\u00e7ado por nossa f\u00e1brica.<\/strong><br>Ao contr\u00e1rio dos pendrives de pulseira tradicionais que v\u00eam em cores s\u00f3lidas, este modelo apresenta uma variedade de designs gradientes e multicoloridos elegantes. As combina\u00e7\u00f5es dispon\u00edveis incluem preto e branco, gradiente verde ex\u00e9rcito, rosa e azul, roxo e branco, preto e amarelo, amarelo-azul-ciano, preto-azul-roxo e roxo e amarelo, entre outras. As transi\u00e7\u00f5es de cores vivas o tornam uma op\u00e7\u00e3o realmente atraente e chamativa.<\/p>\n\n\n\n<div class=\"wp-block-columns is-layout-flex wp-container-core-columns-is-layout-28f84493 wp-block-columns-is-layout-flex\">\n<div class=\"wp-block-column is-layout-flow wp-block-column-is-layout-flow\">\n<figure class=\"wp-block-image size-full\"><img alt=\"\" fetchpriority=\"high\" decoding=\"async\" width=\"600\" height=\"600\" src=\"https:\/\/www.usborkeychain.com\/wp-content\/uploads\/CosmicRaveClosed_grande.png\" class=\"wp-image-4751\" srcset=\"https:\/\/www.usborkeychain.com\/wp-content\/uploads\/CosmicRaveClosed_grande.png 600w, https:\/\/www.usborkeychain.com\/wp-content\/uploads\/CosmicRaveClosed_grande-300x300.png 300w, https:\/\/www.usborkeychain.com\/wp-content\/uploads\/CosmicRaveClosed_grande-150x150.png 150w, https:\/\/www.usborkeychain.com\/wp-content\/uploads\/CosmicRaveClosed_grande-12x12.png 12w, https:\/\/www.usborkeychain.com\/wp-content\/uploads\/CosmicRaveClosed_grande-100x100.png 100w\" sizes=\"(max-width: 600px) 100vw, 600px\" \/><\/figure>\n<\/div>\n\n\n\n<div class=\"wp-block-column is-layout-flow wp-block-column-is-layout-flow\">\n<figure class=\"wp-block-image size-full\"><img alt=\"\" decoding=\"async\" width=\"600\" height=\"600\" src=\"https:\/\/www.usborkeychain.com\/wp-content\/uploads\/BlackMagic_grande.png\" class=\"wp-image-4749\" srcset=\"https:\/\/www.usborkeychain.com\/wp-content\/uploads\/BlackMagic_grande.png 600w, https:\/\/www.usborkeychain.com\/wp-content\/uploads\/BlackMagic_grande-300x300.png 300w, https:\/\/www.usborkeychain.com\/wp-content\/uploads\/BlackMagic_grande-150x150.png 150w, https:\/\/www.usborkeychain.com\/wp-content\/uploads\/BlackMagic_grande-12x12.png 12w, https:\/\/www.usborkeychain.com\/wp-content\/uploads\/BlackMagic_grande-100x100.png 100w\" sizes=\"(max-width: 600px) 100vw, 600px\" \/><\/figure>\n<\/div>\n<\/div>\n\n\n\n<h2 class=\"wp-block-heading\">As unidades USB de pulseira podem ser fabricadas com material de silicone?<\/h2>\n\n\n\n<p><br>Sim, a parte da pulseira de uma unidade USB pode ser feita de PVC macio ou silicone. <strong>O silicone \u00e9 ecologicamente correto e n\u00e3o t\u00f3xico<\/strong>e pode ser aprovado em certifica\u00e7\u00f5es como <strong>FDA, LFGB e ROHS<\/strong>tornando-o seguro para o contato direto com a pele. Ele oferece excelente estabilidade t\u00e9rmica, mantendo um desempenho consistente em uma ampla faixa de temperatura de <strong>-40\u00b0C a 230\u00b0C<\/strong>-Resistente ao frio extremo e ao envelhecimento em alta temperatura.<\/p>\n\n\n\n<div class=\"wp-block-columns is-layout-flex wp-container-core-columns-is-layout-28f84493 wp-block-columns-is-layout-flex\">\n<div class=\"wp-block-column is-layout-flow wp-block-column-is-layout-flow\">\n<figure class=\"wp-block-image size-full\"><img alt=\"\" decoding=\"async\" width=\"600\" height=\"600\" src=\"https:\/\/www.usborkeychain.com\/wp-content\/uploads\/MilkyWayPeaceClosed_grande.png\" class=\"wp-image-4757\" srcset=\"https:\/\/www.usborkeychain.com\/wp-content\/uploads\/MilkyWayPeaceClosed_grande.png 600w, https:\/\/www.usborkeychain.com\/wp-content\/uploads\/MilkyWayPeaceClosed_grande-300x300.png 300w, https:\/\/www.usborkeychain.com\/wp-content\/uploads\/MilkyWayPeaceClosed_grande-150x150.png 150w, https:\/\/www.usborkeychain.com\/wp-content\/uploads\/MilkyWayPeaceClosed_grande-12x12.png 12w, https:\/\/www.usborkeychain.com\/wp-content\/uploads\/MilkyWayPeaceClosed_grande-100x100.png 100w\" sizes=\"(max-width: 600px) 100vw, 600px\" \/><\/figure>\n<\/div>\n\n\n\n<div class=\"wp-block-column is-layout-flow wp-block-column-is-layout-flow\">\n<figure class=\"wp-block-image size-full\"><img alt=\"\" loading=\"lazy\" decoding=\"async\" width=\"600\" height=\"600\" src=\"https:\/\/www.usborkeychain.com\/wp-content\/uploads\/MilkyWayClosed_grande.png\" class=\"wp-image-4756\" srcset=\"https:\/\/www.usborkeychain.com\/wp-content\/uploads\/MilkyWayClosed_grande.png 600w, https:\/\/www.usborkeychain.com\/wp-content\/uploads\/MilkyWayClosed_grande-300x300.png 300w, https:\/\/www.usborkeychain.com\/wp-content\/uploads\/MilkyWayClosed_grande-150x150.png 150w, https:\/\/www.usborkeychain.com\/wp-content\/uploads\/MilkyWayClosed_grande-12x12.png 12w, https:\/\/www.usborkeychain.com\/wp-content\/uploads\/MilkyWayClosed_grande-100x100.png 100w\" sizes=\"(max-width: 600px) 100vw, 600px\" \/><\/figure>\n<\/div>\n<\/div>\n\n\n\n<p>O silicone tamb\u00e9m tem vantagens, como <strong>Propriedades antiderrapantes e \u00e0 prova d'\u00e1gua<\/strong>e est\u00e1 dispon\u00edvel em uma ampla variedade de cores personaliz\u00e1veis (incluindo <strong>Correspond\u00eancia de cores Pantone<\/strong>). Com elasticidade e flexibilidade excepcionais, o silicone pode alcan\u00e7ar uma <strong>taxa de tra\u00e7\u00e3o de 300% a 600%<\/strong>O produto \u00e9 um produto de alta qualidade, que retorna rapidamente \u00e0 forma ap\u00f3s a compress\u00e3o, sem se deformar facilmente.<\/p>\n\n\n\n<p>Al\u00e9m disso, durante o desenvolvimento de moldes para USBs de pulseira, o silicone demonstra grande adaptabilidade de processamento. Ele pode ser fabricado em formas complexas usando <strong>moldagem por compress\u00e3o ou extrus\u00e3o<\/strong>O sistema de gerenciamento de cores, suporta combina\u00e7\u00e3o de v\u00e1rias cores, texturas de superf\u00edcie personaliz\u00e1veis e oferece <strong>isolamento e imperme\u00e1vel<\/strong> benef\u00edcios<\/p>\n\n\n\n<div class=\"wp-block-columns is-layout-flex wp-container-core-columns-is-layout-28f84493 wp-block-columns-is-layout-flex\">\n<div class=\"wp-block-column is-layout-flow wp-block-column-is-layout-flow\">\n<figure class=\"wp-block-image size-full\"><img alt=\"\" loading=\"lazy\" decoding=\"async\" width=\"600\" height=\"600\" src=\"https:\/\/www.usborkeychain.com\/wp-content\/uploads\/GrapeDrinkClosed_grande.png\" class=\"wp-image-4753\" srcset=\"https:\/\/www.usborkeychain.com\/wp-content\/uploads\/GrapeDrinkClosed_grande.png 600w, https:\/\/www.usborkeychain.com\/wp-content\/uploads\/GrapeDrinkClosed_grande-300x300.png 300w, https:\/\/www.usborkeychain.com\/wp-content\/uploads\/GrapeDrinkClosed_grande-150x150.png 150w, https:\/\/www.usborkeychain.com\/wp-content\/uploads\/GrapeDrinkClosed_grande-12x12.png 12w, https:\/\/www.usborkeychain.com\/wp-content\/uploads\/GrapeDrinkClosed_grande-100x100.png 100w\" sizes=\"(max-width: 600px) 100vw, 600px\" \/><\/figure>\n<\/div>\n\n\n\n<div class=\"wp-block-column is-layout-flow wp-block-column-is-layout-flow\">\n<figure class=\"wp-block-image size-full\"><img alt=\"\" loading=\"lazy\" decoding=\"async\" width=\"600\" height=\"600\" src=\"https:\/\/www.usborkeychain.com\/wp-content\/uploads\/CottonCandyClosed_grande.png\" class=\"wp-image-4752\" srcset=\"https:\/\/www.usborkeychain.com\/wp-content\/uploads\/CottonCandyClosed_grande.png 600w, https:\/\/www.usborkeychain.com\/wp-content\/uploads\/CottonCandyClosed_grande-300x300.png 300w, https:\/\/www.usborkeychain.com\/wp-content\/uploads\/CottonCandyClosed_grande-150x150.png 150w, https:\/\/www.usborkeychain.com\/wp-content\/uploads\/CottonCandyClosed_grande-12x12.png 12w, https:\/\/www.usborkeychain.com\/wp-content\/uploads\/CottonCandyClosed_grande-100x100.png 100w\" sizes=\"(max-width: 600px) 100vw, 600px\" \/><\/figure>\n<\/div>\n<\/div>\n\n\n\n<h2 class=\"wp-block-heading\">Quais s\u00e3o os m\u00e9todos de personaliza\u00e7\u00e3o de logotipo para unidades USB de pulseira?<\/h2>\n\n\n\n<p><strong>Impress\u00e3o em tela de seda<\/strong>: Dispon\u00edvel em op\u00e7\u00f5es de uma ou v\u00e1rias cores. Custo-benef\u00edcio com uma taxa de configura\u00e7\u00e3o de tela de aproximadamente <strong>\u00a5200-\u00a5500<\/strong>.<\/p>\n\n\n\n<p><strong>Logotipo em relevo (moldado)<\/strong>: Requer um molde personalizado com uma taxa que varia de <strong>\u00a51.000 a \u00a53.000<\/strong>. Oferece um acabamento tridimensional e dur\u00e1vel.<\/p>\n\n\n\n<p><strong>Grava\u00e7\u00e3o a laser<\/strong>: Ideal para componentes met\u00e1licos com alta precis\u00e3o de at\u00e9 <strong>0,1 mm<\/strong>proporcionando uma apar\u00eancia limpa e profissional.<\/p>\n\n\n\n<div class=\"wp-block-columns is-layout-flex wp-container-core-columns-is-layout-9c22b1e3 wp-block-columns-is-layout-flex\">\n<div class=\"wp-block-column is-layout-flow wp-block-column-is-layout-flow\">\n<figure class=\"wp-block-image size-full\"><img alt=\"\" loading=\"lazy\" decoding=\"async\" width=\"600\" height=\"600\" src=\"https:\/\/www.usborkeychain.com\/wp-content\/uploads\/SunblastClosed_grande.png\" class=\"wp-image-4760\" srcset=\"https:\/\/www.usborkeychain.com\/wp-content\/uploads\/SunblastClosed_grande.png 600w, https:\/\/www.usborkeychain.com\/wp-content\/uploads\/SunblastClosed_grande-300x300.png 300w, https:\/\/www.usborkeychain.com\/wp-content\/uploads\/SunblastClosed_grande-150x150.png 150w, https:\/\/www.usborkeychain.com\/wp-content\/uploads\/SunblastClosed_grande-12x12.png 12w, https:\/\/www.usborkeychain.com\/wp-content\/uploads\/SunblastClosed_grande-100x100.png 100w\" sizes=\"(max-width: 600px) 100vw, 600px\" \/><\/figure>\n<\/div>\n\n\n\n<div class=\"wp-block-column is-layout-flow wp-block-column-is-layout-flow\">\n<figure class=\"wp-block-image size-full\"><img alt=\"\" loading=\"lazy\" decoding=\"async\" width=\"600\" height=\"600\" src=\"https:\/\/www.usborkeychain.com\/wp-content\/uploads\/PurpleBlazeClosed_grande.png\" class=\"wp-image-4758\" srcset=\"https:\/\/www.usborkeychain.com\/wp-content\/uploads\/PurpleBlazeClosed_grande.png 600w, https:\/\/www.usborkeychain.com\/wp-content\/uploads\/PurpleBlazeClosed_grande-300x300.png 300w, https:\/\/www.usborkeychain.com\/wp-content\/uploads\/PurpleBlazeClosed_grande-150x150.png 150w, https:\/\/www.usborkeychain.com\/wp-content\/uploads\/PurpleBlazeClosed_grande-12x12.png 12w, https:\/\/www.usborkeychain.com\/wp-content\/uploads\/PurpleBlazeClosed_grande-100x100.png 100w\" sizes=\"(max-width: 600px) 100vw, 600px\" \/><\/figure>\n<\/div>\n\n\n\n<div class=\"wp-block-column is-layout-flow wp-block-column-is-layout-flow\">\n<figure class=\"wp-block-image size-full\"><img alt=\"\" loading=\"lazy\" decoding=\"async\" width=\"600\" height=\"600\" src=\"https:\/\/www.usborkeychain.com\/wp-content\/uploads\/HornetClosed_grande.png\" class=\"wp-image-4754\" srcset=\"https:\/\/www.usborkeychain.com\/wp-content\/uploads\/HornetClosed_grande.png 600w, https:\/\/www.usborkeychain.com\/wp-content\/uploads\/HornetClosed_grande-300x300.png 300w, https:\/\/www.usborkeychain.com\/wp-content\/uploads\/HornetClosed_grande-150x150.png 150w, https:\/\/www.usborkeychain.com\/wp-content\/uploads\/HornetClosed_grande-12x12.png 12w, https:\/\/www.usborkeychain.com\/wp-content\/uploads\/HornetClosed_grande-100x100.png 100w\" sizes=\"(max-width: 600px) 100vw, 600px\" \/><\/figure>\n<\/div>\n<\/div>\n\n\n\n<h2 class=\"wp-block-heading\">Quais embalagens est\u00e3o dispon\u00edveis para unidades USB de pulseira?<\/h2>\n\n\n\n<p>A embalagem padr\u00e3o em saco OPP \u00e9 gratuita. A embalagem opcional inclui <strong>Caixas de papel, embalagens blister, latas de metal, caixas de presente de PVC ecologicamente corretas e caixas coloridas impressas personalizadas<\/strong>. Os logotipos podem ser impressos na embalagem para apoiar a apresenta\u00e7\u00e3o personalizada da marca.<\/p>\n\n\n\n<ul class=\"wp-block-list\">\n<li><strong>Embalagem blister<\/strong>: \u00a50.50\/unidade<\/li>\n\n\n\n<li><strong>Caixa de lata de metal<\/strong>: \u00a51.00\/pe\u00e7a<\/li>\n\n\n\n<li><strong>Caixa de presente<\/strong>: \u00a52.00\/pe\u00e7a<br>Personalizado <strong>etiquetas penduradas<\/strong> e <strong>Manuais do usu\u00e1rio<\/strong> tamb\u00e9m est\u00e3o dispon\u00edveis mediante solicita\u00e7\u00e3o.<\/li>\n<\/ul>\n\n\n\n<div class=\"wp-block-columns is-layout-flex wp-container-core-columns-is-layout-9c22b1e3 wp-block-columns-is-layout-flex\">\n<div class=\"wp-block-column is-layout-flow wp-block-column-is-layout-flow\">\n<figure class=\"wp-block-image size-full\"><img alt=\"\" loading=\"lazy\" decoding=\"async\" width=\"600\" height=\"600\" src=\"https:\/\/www.usborkeychain.com\/wp-content\/uploads\/RainforestClosed_grande.png\" class=\"wp-image-4759\" srcset=\"https:\/\/www.usborkeychain.com\/wp-content\/uploads\/RainforestClosed_grande.png 600w, https:\/\/www.usborkeychain.com\/wp-content\/uploads\/RainforestClosed_grande-300x300.png 300w, https:\/\/www.usborkeychain.com\/wp-content\/uploads\/RainforestClosed_grande-150x150.png 150w, https:\/\/www.usborkeychain.com\/wp-content\/uploads\/RainforestClosed_grande-12x12.png 12w, https:\/\/www.usborkeychain.com\/wp-content\/uploads\/RainforestClosed_grande-100x100.png 100w\" sizes=\"(max-width: 600px) 100vw, 600px\" \/><\/figure>\n<\/div>\n\n\n\n<div class=\"wp-block-column is-layout-flow wp-block-column-is-layout-flow\">\n<figure class=\"wp-block-image size-full\"><img alt=\"\" loading=\"lazy\" decoding=\"async\" width=\"600\" height=\"600\" src=\"https:\/\/www.usborkeychain.com\/wp-content\/uploads\/JadeTurquoiseClosed_grande.png\" class=\"wp-image-4755\" srcset=\"https:\/\/www.usborkeychain.com\/wp-content\/uploads\/JadeTurquoiseClosed_grande.png 600w, https:\/\/www.usborkeychain.com\/wp-content\/uploads\/JadeTurquoiseClosed_grande-300x300.png 300w, https:\/\/www.usborkeychain.com\/wp-content\/uploads\/JadeTurquoiseClosed_grande-150x150.png 150w, https:\/\/www.usborkeychain.com\/wp-content\/uploads\/JadeTurquoiseClosed_grande-12x12.png 12w, https:\/\/www.usborkeychain.com\/wp-content\/uploads\/JadeTurquoiseClosed_grande-100x100.png 100w\" sizes=\"(max-width: 600px) 100vw, 600px\" \/><\/figure>\n<\/div>\n\n\n\n<div class=\"wp-block-column is-layout-flow wp-block-column-is-layout-flow\">\n<figure class=\"wp-block-image size-full\"><img alt=\"\" loading=\"lazy\" decoding=\"async\" width=\"600\" height=\"600\" src=\"https:\/\/www.usborkeychain.com\/wp-content\/uploads\/CamoClosed_grande.png\" class=\"wp-image-4750\" srcset=\"https:\/\/www.usborkeychain.com\/wp-content\/uploads\/CamoClosed_grande.png 600w, https:\/\/www.usborkeychain.com\/wp-content\/uploads\/CamoClosed_grande-300x300.png 300w, https:\/\/www.usborkeychain.com\/wp-content\/uploads\/CamoClosed_grande-150x150.png 150w, https:\/\/www.usborkeychain.com\/wp-content\/uploads\/CamoClosed_grande-12x12.png 12w, https:\/\/www.usborkeychain.com\/wp-content\/uploads\/CamoClosed_grande-100x100.png 100w\" sizes=\"(max-width: 600px) 100vw, 600px\" \/><\/figure>\n<\/div>\n<\/div>\n\n\n\n<p><\/p>","protected":false},"excerpt":{"rendered":"<ul>\n<li>Cor gradiente<\/li>\n<li>Unidade flash USB de pulseira<\/li>\n<li>Estilos mais recentes<\/li>\n<li>Logotipo personalizado<\/li>\n<li>Muitas cores podem ser escolhidas<\/li>\n<\/ul>","protected":false},"featured_media":4752,"comment_status":"open","ping_status":"closed","template":"","meta":{"_seopress_robots_primary_cat":"","_seopress_titles_title":"","_seopress_titles_desc":"","_seopress_robots_index":"","site-sidebar-layout":"default","site-content-layout":"","ast-site-content-layout":"","site-content-style":"default","site-sidebar-style":"default","ast-global-header-display":"","ast-banner-title-visibility":"","ast-main-header-display":"","ast-hfb-above-header-display":"","ast-hfb-below-header-display":"","ast-hfb-mobile-header-display":"","site-post-title":"","ast-breadcrumbs-content":"","ast-featured-img":"","footer-sml-layout":"","theme-transparent-header-meta":"","adv-header-id-meta":"","stick-header-meta":"","header-above-stick-meta":"","header-main-stick-meta":"","header-below-stick-meta":"","astra-migrate-meta-layouts":"default","ast-page-background-enabled":"default","ast-page-background-meta":{"desktop":{"background-color":"var(--ast-global-color-5)","background-image":"","background-repeat":"repeat","background-position":"center center","background-size":"auto","background-attachment":"scroll","background-type":"","background-media":"","overlay-type":"","overlay-color":"","overlay-opacity":"","overlay-gradient":""},"tablet":{"background-color":"","background-image":"","background-repeat":"repeat","background-position":"center center","background-size":"auto","background-attachment":"scroll","background-type":"","background-media":"","overlay-type":"","overlay-color":"","overlay-opacity":"","overlay-gradient":""},"mobile":{"background-color":"","background-image":"","background-repeat":"repeat","background-position":"center center","background-size":"auto","background-attachment":"scroll","background-type":"","background-media":"","overlay-type":"","overlay-color":"","overlay-opacity":"","overlay-gradient":""}},"ast-content-background-meta":{"desktop":{"background-color":"var(--ast-global-color-4)","background-image":"","background-repeat":"repeat","background-position":"center center","background-size":"auto","background-attachment":"scroll","background-type":"","background-media":"","overlay-type":"","overlay-color":"","overlay-opacity":"","overlay-gradient":""},"tablet":{"background-color":"var(--ast-global-color-4)","background-image":"","background-repeat":"repeat","background-position":"center center","background-size":"auto","background-attachment":"scroll","background-type":"","background-media":"","overlay-type":"","overlay-color":"","overlay-opacity":"","overlay-gradient":""},"mobile":{"background-color":"var(--ast-global-color-4)","background-image":"","background-repeat":"repeat","background-position":"center center","background-size":"auto","background-attachment":"scroll","background-type":"","background-media":"","overlay-type":"","overlay-color":"","overlay-opacity":"","overlay-gradient":""}}},"product_brand":[],"product_cat":[97],"product_tag":[],"class_list":{"0":"post-4734","1":"product","2":"type-product","3":"status-publish","4":"has-post-thumbnail","6":"product_cat-wristband-usb-drives","7":"desktop-align-left","8":"tablet-align-left","9":"mobile-align-left","11":"first","12":"instock","13":"shipping-taxable","14":"product-type-simple"},"_links":{"self":[{"href":"https:\/\/www.usborkeychain.com\/pt\/wp-json\/wp\/v2\/product\/4734","targetHints":{"allow":["GET"]}}],"collection":[{"href":"https:\/\/www.usborkeychain.com\/pt\/wp-json\/wp\/v2\/product"}],"about":[{"href":"https:\/\/www.usborkeychain.com\/pt\/wp-json\/wp\/v2\/types\/product"}],"replies":[{"embeddable":true,"href":"https:\/\/www.usborkeychain.com\/pt\/wp-json\/wp\/v2\/comments?post=4734"}],"wp:featuredmedia":[{"embeddable":true,"href":"https:\/\/www.usborkeychain.com\/pt\/wp-json\/wp\/v2\/media\/4752"}],"wp:attachment":[{"href":"https:\/\/www.usborkeychain.com\/pt\/wp-json\/wp\/v2\/media?parent=4734"}],"wp:term":[{"taxonomy":"product_brand","embeddable":true,"href":"https:\/\/www.usborkeychain.com\/pt\/wp-json\/wp\/v2\/product_brand?post=4734"},{"taxonomy":"product_cat","embeddable":true,"href":"https:\/\/www.usborkeychain.com\/pt\/wp-json\/wp\/v2\/product_cat?post=4734"},{"taxonomy":"product_tag","embeddable":true,"href":"https:\/\/www.usborkeychain.com\/pt\/wp-json\/wp\/v2\/product_tag?post=4734"}],"curies":[{"name":"wp","href":"https:\/\/api.w.org\/{rel}","templated":true}]}}