{"id":4804,"date":"2025-07-27T09:36:30","date_gmt":"2025-07-27T09:36:30","guid":{"rendered":"https:\/\/www.usborkeychain.com\/?post_type=product&#038;p=4804"},"modified":"2025-07-27T10:05:01","modified_gmt":"2025-07-27T10:05:01","slug":"slim-rubber-usb-wristband-drive","status":"publish","type":"product","link":"https:\/\/www.usborkeychain.com\/pt\/produto\/slim-rubber-usb-wristband-drive\/","title":{"rendered":"Unidade flash com pulseira USB de borracha fina"},"content":{"rendered":"<p><\/p>\n\n\n\n<div class=\"wp-block-columns is-layout-flex wp-container-core-columns-is-layout-28f84493 wp-block-columns-is-layout-flex\">\n<div class=\"wp-block-column is-layout-flow wp-block-column-is-layout-flow\">\n<figure class=\"wp-block-image size-full\"><img alt=\"\" fetchpriority=\"high\" decoding=\"async\" width=\"800\" height=\"800\" src=\"https:\/\/www.usborkeychain.com\/wp-content\/uploads\/Wrist-USB-Memory-Stick.jpg\" class=\"wp-image-4818\" srcset=\"https:\/\/www.usborkeychain.com\/wp-content\/uploads\/Wrist-USB-Memory-Stick.jpg 800w, https:\/\/www.usborkeychain.com\/wp-content\/uploads\/Wrist-USB-Memory-Stick-300x300.jpg 300w, https:\/\/www.usborkeychain.com\/wp-content\/uploads\/Wrist-USB-Memory-Stick-150x150.jpg 150w, https:\/\/www.usborkeychain.com\/wp-content\/uploads\/Wrist-USB-Memory-Stick-768x768.jpg 768w, https:\/\/www.usborkeychain.com\/wp-content\/uploads\/Wrist-USB-Memory-Stick-12x12.jpg 12w, https:\/\/www.usborkeychain.com\/wp-content\/uploads\/Wrist-USB-Memory-Stick-600x600.jpg 600w, https:\/\/www.usborkeychain.com\/wp-content\/uploads\/Wrist-USB-Memory-Stick-100x100.jpg 100w\" sizes=\"(max-width: 800px) 100vw, 800px\" \/><\/figure>\n<\/div>\n\n\n\n<div class=\"wp-block-column is-vertically-aligned-center is-layout-flow wp-block-column-is-layout-flow\">\n<p>A pulseira USB Slim Rubber, feita de silicone dur\u00e1vel e flex\u00edvel, \u00e9 voltada para usu\u00e1rios jovens e preocupados com o estilo, com seu design moderno e moderno, e vem em 7 op\u00e7\u00f5es de capacidade, de 2 GB a 128 GB, atendendo a uma variedade de necessidades de armazenamento de dados e mantendo-se na moda. <\/p>\n\n\n\n<p>Al\u00e9m disso, com 8 op\u00e7\u00f5es de cores vibrantes para escolher, ele permite um alto grau de personaliza\u00e7\u00e3o, garantindo o alinhamento perfeito com o site ou a identidade visual da sua marca.<\/p>\n<\/div>\n<\/div>\n\n\n\n<p>Op\u00e7\u00f5es de impress\u00e3o e personaliza\u00e7\u00e3o da pulseira USB: Oferecemos op\u00e7\u00f5es de impress\u00e3o em tela para a personaliza\u00e7\u00e3o da pulseira USB, garantindo que o seu logotipo ou slogan seja exibido com destaque na pulseira de silicone e no inv\u00f3lucro do USB para m\u00e1xima visibilidade. Nossas dimens\u00f5es de impress\u00e3o em tela para esse produto s\u00e3o 110 mm x 13,5 mm, 22 mm x 13,5 mm.<\/p>\n\n\n\n<div class=\"wp-block-columns is-layout-flex wp-container-core-columns-is-layout-28f84493 wp-block-columns-is-layout-flex\">\n<div class=\"wp-block-column is-layout-flow wp-block-column-is-layout-flow\">\n<figure class=\"wp-block-image size-full\"><img alt=\"\" decoding=\"async\" width=\"800\" height=\"800\" src=\"https:\/\/www.usborkeychain.com\/wp-content\/uploads\/yellow-Slim-Rubber-USB-Wristband.jpg\" class=\"wp-image-4820\" srcset=\"https:\/\/www.usborkeychain.com\/wp-content\/uploads\/yellow-Slim-Rubber-USB-Wristband.jpg 800w, https:\/\/www.usborkeychain.com\/wp-content\/uploads\/yellow-Slim-Rubber-USB-Wristband-300x300.jpg 300w, https:\/\/www.usborkeychain.com\/wp-content\/uploads\/yellow-Slim-Rubber-USB-Wristband-150x150.jpg 150w, https:\/\/www.usborkeychain.com\/wp-content\/uploads\/yellow-Slim-Rubber-USB-Wristband-768x768.jpg 768w, https:\/\/www.usborkeychain.com\/wp-content\/uploads\/yellow-Slim-Rubber-USB-Wristband-12x12.jpg 12w, https:\/\/www.usborkeychain.com\/wp-content\/uploads\/yellow-Slim-Rubber-USB-Wristband-600x600.jpg 600w, https:\/\/www.usborkeychain.com\/wp-content\/uploads\/yellow-Slim-Rubber-USB-Wristband-100x100.jpg 100w\" sizes=\"(max-width: 800px) 100vw, 800px\" \/><\/figure>\n<\/div>\n\n\n\n<div class=\"wp-block-column is-layout-flow wp-block-column-is-layout-flow\">\n<figure class=\"wp-block-image size-full\"><img alt=\"\" decoding=\"async\" width=\"800\" height=\"800\" src=\"https:\/\/www.usborkeychain.com\/wp-content\/uploads\/green-Slim-Rubber-USB-Wristband.jpg\" class=\"wp-image-4810\" srcset=\"https:\/\/www.usborkeychain.com\/wp-content\/uploads\/green-Slim-Rubber-USB-Wristband.jpg 800w, https:\/\/www.usborkeychain.com\/wp-content\/uploads\/green-Slim-Rubber-USB-Wristband-300x300.jpg 300w, https:\/\/www.usborkeychain.com\/wp-content\/uploads\/green-Slim-Rubber-USB-Wristband-150x150.jpg 150w, https:\/\/www.usborkeychain.com\/wp-content\/uploads\/green-Slim-Rubber-USB-Wristband-768x768.jpg 768w, https:\/\/www.usborkeychain.com\/wp-content\/uploads\/green-Slim-Rubber-USB-Wristband-12x12.jpg 12w, https:\/\/www.usborkeychain.com\/wp-content\/uploads\/green-Slim-Rubber-USB-Wristband-600x600.jpg 600w, https:\/\/www.usborkeychain.com\/wp-content\/uploads\/green-Slim-Rubber-USB-Wristband-100x100.jpg 100w\" sizes=\"(max-width: 800px) 100vw, 800px\" \/><\/figure>\n<\/div>\n\n\n\n<div class=\"wp-block-column is-layout-flow wp-block-column-is-layout-flow\">\n<figure class=\"wp-block-image size-full\"><img alt=\"\" loading=\"lazy\" decoding=\"async\" width=\"800\" height=\"800\" src=\"https:\/\/www.usborkeychain.com\/wp-content\/uploads\/dark-blue-Slim-Rubber-USB-Wristband.jpg\" class=\"wp-image-4808\" srcset=\"https:\/\/www.usborkeychain.com\/wp-content\/uploads\/dark-blue-Slim-Rubber-USB-Wristband.jpg 800w, https:\/\/www.usborkeychain.com\/wp-content\/uploads\/dark-blue-Slim-Rubber-USB-Wristband-300x300.jpg 300w, https:\/\/www.usborkeychain.com\/wp-content\/uploads\/dark-blue-Slim-Rubber-USB-Wristband-150x150.jpg 150w, https:\/\/www.usborkeychain.com\/wp-content\/uploads\/dark-blue-Slim-Rubber-USB-Wristband-768x768.jpg 768w, https:\/\/www.usborkeychain.com\/wp-content\/uploads\/dark-blue-Slim-Rubber-USB-Wristband-12x12.jpg 12w, https:\/\/www.usborkeychain.com\/wp-content\/uploads\/dark-blue-Slim-Rubber-USB-Wristband-600x600.jpg 600w, https:\/\/www.usborkeychain.com\/wp-content\/uploads\/dark-blue-Slim-Rubber-USB-Wristband-100x100.jpg 100w\" sizes=\"(max-width: 800px) 100vw, 800px\" \/><\/figure>\n<\/div>\n<\/div>\n\n\n\n<p><\/p>\n\n\n\n<p><strong>Esta unidade USB com pulseira combina uma unidade flash e uma pulseira em uma s\u00f3:<\/strong>Com seu conceito de design exclusivo, ele serve tanto como um dispositivo confi\u00e1vel de armazenamento de dados quanto como uma pulseira elegante e confort\u00e1vel. \u00c9 f\u00e1cil alternar entre os usos - use-o ou use-o como uma unidade a qualquer momento.<\/p>\n\n\n\n<div class=\"wp-block-columns is-layout-flex wp-container-core-columns-is-layout-28f84493 wp-block-columns-is-layout-flex\">\n<div class=\"wp-block-column is-layout-flow wp-block-column-is-layout-flow\">\n<figure class=\"wp-block-image size-full\"><img alt=\"\" loading=\"lazy\" decoding=\"async\" width=\"800\" height=\"800\" src=\"https:\/\/www.usborkeychain.com\/wp-content\/uploads\/usb-wristbands.jpg\" class=\"wp-image-4816\" srcset=\"https:\/\/www.usborkeychain.com\/wp-content\/uploads\/usb-wristbands.jpg 800w, https:\/\/www.usborkeychain.com\/wp-content\/uploads\/usb-wristbands-300x300.jpg 300w, https:\/\/www.usborkeychain.com\/wp-content\/uploads\/usb-wristbands-150x150.jpg 150w, https:\/\/www.usborkeychain.com\/wp-content\/uploads\/usb-wristbands-768x768.jpg 768w, https:\/\/www.usborkeychain.com\/wp-content\/uploads\/usb-wristbands-12x12.jpg 12w, https:\/\/www.usborkeychain.com\/wp-content\/uploads\/usb-wristbands-600x600.jpg 600w, https:\/\/www.usborkeychain.com\/wp-content\/uploads\/usb-wristbands-100x100.jpg 100w\" sizes=\"(max-width: 800px) 100vw, 800px\" \/><\/figure>\n<\/div>\n\n\n\n<div class=\"wp-block-column is-layout-flow wp-block-column-is-layout-flow\">\n<figure class=\"wp-block-image size-full\"><img alt=\"\" loading=\"lazy\" decoding=\"async\" width=\"800\" height=\"800\" src=\"https:\/\/www.usborkeychain.com\/wp-content\/uploads\/Slim-Rubber-USB-Wristband-3.0.jpg\" class=\"wp-image-4814\" srcset=\"https:\/\/www.usborkeychain.com\/wp-content\/uploads\/Slim-Rubber-USB-Wristband-3.0.jpg 800w, https:\/\/www.usborkeychain.com\/wp-content\/uploads\/Slim-Rubber-USB-Wristband-3.0-300x300.jpg 300w, https:\/\/www.usborkeychain.com\/wp-content\/uploads\/Slim-Rubber-USB-Wristband-3.0-150x150.jpg 150w, https:\/\/www.usborkeychain.com\/wp-content\/uploads\/Slim-Rubber-USB-Wristband-3.0-768x768.jpg 768w, https:\/\/www.usborkeychain.com\/wp-content\/uploads\/Slim-Rubber-USB-Wristband-3.0-12x12.jpg 12w, https:\/\/www.usborkeychain.com\/wp-content\/uploads\/Slim-Rubber-USB-Wristband-3.0-600x600.jpg 600w, https:\/\/www.usborkeychain.com\/wp-content\/uploads\/Slim-Rubber-USB-Wristband-3.0-100x100.jpg 100w\" sizes=\"(max-width: 800px) 100vw, 800px\" \/><\/figure>\n<\/div>\n\n\n\n<div class=\"wp-block-column is-layout-flow wp-block-column-is-layout-flow\">\n<figure class=\"wp-block-image size-full\"><img alt=\"\" loading=\"lazy\" decoding=\"async\" width=\"800\" height=\"800\" src=\"https:\/\/www.usborkeychain.com\/wp-content\/uploads\/Glow-In-The-Dark-USB-Wristband.jpg\" class=\"wp-image-4809\" srcset=\"https:\/\/www.usborkeychain.com\/wp-content\/uploads\/Glow-In-The-Dark-USB-Wristband.jpg 800w, https:\/\/www.usborkeychain.com\/wp-content\/uploads\/Glow-In-The-Dark-USB-Wristband-300x300.jpg 300w, https:\/\/www.usborkeychain.com\/wp-content\/uploads\/Glow-In-The-Dark-USB-Wristband-150x150.jpg 150w, https:\/\/www.usborkeychain.com\/wp-content\/uploads\/Glow-In-The-Dark-USB-Wristband-768x768.jpg 768w, https:\/\/www.usborkeychain.com\/wp-content\/uploads\/Glow-In-The-Dark-USB-Wristband-12x12.jpg 12w, https:\/\/www.usborkeychain.com\/wp-content\/uploads\/Glow-In-The-Dark-USB-Wristband-600x600.jpg 600w, https:\/\/www.usborkeychain.com\/wp-content\/uploads\/Glow-In-The-Dark-USB-Wristband-100x100.jpg 100w\" sizes=\"(max-width: 800px) 100vw, 800px\" \/><\/figure>\n<\/div>\n<\/div>\n\n\n\n<p><strong>Armazenamento inteligente, seguro e sem preocupa\u00e7\u00f5es:<\/strong><br>Enrole-o para guardar e abra-o para usar. Seja no trajeto para o trabalho, na academia, em viagens ou no escrit\u00f3rio, ele se encaixa perfeitamente em sua rotina, com os dados sempre ao alcance. O conector USB de metal est\u00e1 habilmente escondido dentro da pulseira de silicone flex\u00edvel, oferecendo melhor prote\u00e7\u00e3o contra arranh\u00f5es, poeira e \u00e1gua.<\/p>\n\n\n\n<p><strong>Ajuste seguro, pronto para a a\u00e7\u00e3o:<\/strong><br>Cuidadosamente projetada com um fecho e perfura\u00e7\u00f5es na pulseira de silicone, essa pulseira USB permanece firme no lugar sem escorregar, transformando seu pen drive em um verdadeiro acess\u00f3rio que voc\u00ea pode levar para qualquer lugar com confian\u00e7a.<\/p>","protected":false},"excerpt":{"rendered":"<ul>\n<li>Pulseira de PVC<\/li>\n<li>Unidade flash USB<\/li>\n<li>8 cores<\/li>\n<li>Logotipo personalizado<\/li>\n<li>MOQ:100PCS<\/li>\n<\/ul>","protected":false},"featured_media":4815,"comment_status":"open","ping_status":"closed","template":"","meta":{"_seopress_robots_primary_cat":"none","_seopress_titles_title":"","_seopress_titles_desc":"","_seopress_robots_index":"","site-sidebar-layout":"default","site-content-layout":"","ast-site-content-layout":"","site-content-style":"default","site-sidebar-style":"default","ast-global-header-display":"","ast-banner-title-visibility":"","ast-main-header-display":"","ast-hfb-above-header-display":"","ast-hfb-below-header-display":"","ast-hfb-mobile-header-display":"","site-post-title":"","ast-breadcrumbs-content":"","ast-featured-img":"","footer-sml-layout":"","theme-transparent-header-meta":"","adv-header-id-meta":"","stick-header-meta":"","header-above-stick-meta":"","header-main-stick-meta":"","header-below-stick-meta":"","astra-migrate-meta-layouts":"default","ast-page-background-enabled":"default","ast-page-background-meta":{"desktop":{"background-color":"var(--ast-global-color-5)","background-image":"","background-repeat":"repeat","background-position":"center center","background-size":"auto","background-attachment":"scroll","background-type":"","background-media":"","overlay-type":"","overlay-color":"","overlay-opacity":"","overlay-gradient":""},"tablet":{"background-color":"","background-image":"","background-repeat":"repeat","background-position":"center center","background-size":"auto","background-attachment":"scroll","background-type":"","background-media":"","overlay-type":"","overlay-color":"","overlay-opacity":"","overlay-gradient":""},"mobile":{"background-color":"","background-image":"","background-repeat":"repeat","background-position":"center center","background-size":"auto","background-attachment":"scroll","background-type":"","background-media":"","overlay-type":"","overlay-color":"","overlay-opacity":"","overlay-gradient":""}},"ast-content-background-meta":{"desktop":{"background-color":"var(--ast-global-color-4)","background-image":"","background-repeat":"repeat","background-position":"center center","background-size":"auto","background-attachment":"scroll","background-type":"","background-media":"","overlay-type":"","overlay-color":"","overlay-opacity":"","overlay-gradient":""},"tablet":{"background-color":"var(--ast-global-color-4)","background-image":"","background-repeat":"repeat","background-position":"center center","background-size":"auto","background-attachment":"scroll","background-type":"","background-media":"","overlay-type":"","overlay-color":"","overlay-opacity":"","overlay-gradient":""},"mobile":{"background-color":"var(--ast-global-color-4)","background-image":"","background-repeat":"repeat","background-position":"center center","background-size":"auto","background-attachment":"scroll","background-type":"","background-media":"","overlay-type":"","overlay-color":"","overlay-opacity":"","overlay-gradient":""}}},"product_brand":[],"product_cat":[97],"product_tag":[],"class_list":{"0":"post-4804","1":"product","2":"type-product","3":"status-publish","4":"has-post-thumbnail","6":"product_cat-wristband-usb-drives","7":"desktop-align-left","8":"tablet-align-left","9":"mobile-align-left","11":"first","12":"instock","13":"shipping-taxable","14":"product-type-simple"},"_links":{"self":[{"href":"https:\/\/www.usborkeychain.com\/pt\/wp-json\/wp\/v2\/product\/4804","targetHints":{"allow":["GET"]}}],"collection":[{"href":"https:\/\/www.usborkeychain.com\/pt\/wp-json\/wp\/v2\/product"}],"about":[{"href":"https:\/\/www.usborkeychain.com\/pt\/wp-json\/wp\/v2\/types\/product"}],"replies":[{"embeddable":true,"href":"https:\/\/www.usborkeychain.com\/pt\/wp-json\/wp\/v2\/comments?post=4804"}],"wp:featuredmedia":[{"embeddable":true,"href":"https:\/\/www.usborkeychain.com\/pt\/wp-json\/wp\/v2\/media\/4815"}],"wp:attachment":[{"href":"https:\/\/www.usborkeychain.com\/pt\/wp-json\/wp\/v2\/media?parent=4804"}],"wp:term":[{"taxonomy":"product_brand","embeddable":true,"href":"https:\/\/www.usborkeychain.com\/pt\/wp-json\/wp\/v2\/product_brand?post=4804"},{"taxonomy":"product_cat","embeddable":true,"href":"https:\/\/www.usborkeychain.com\/pt\/wp-json\/wp\/v2\/product_cat?post=4804"},{"taxonomy":"product_tag","embeddable":true,"href":"https:\/\/www.usborkeychain.com\/pt\/wp-json\/wp\/v2\/product_tag?post=4804"}],"curies":[{"name":"wp","href":"https:\/\/api.w.org\/{rel}","templated":true}]}}