{"id":4839,"date":"2025-07-28T03:28:21","date_gmt":"2025-07-28T03:28:21","guid":{"rendered":"https:\/\/www.usborkeychain.com\/?post_type=product&#038;p=4839"},"modified":"2025-08-14T12:10:40","modified_gmt":"2025-08-14T12:10:40","slug":"metal-buckle-usb-flash-drive","status":"publish","type":"product","link":"https:\/\/www.usborkeychain.com\/pt\/produto\/metal-buckle-usb-flash-drive\/","title":{"rendered":"Unidade flash USB com fivela de metal"},"content":{"rendered":"<div class=\"wp-block-columns is-layout-flex wp-container-core-columns-is-layout-28f84493 wp-block-columns-is-layout-flex\">\n<div class=\"wp-block-column is-vertically-aligned-center is-layout-flow wp-block-column-is-layout-flow\">\n<p>O <strong>Unidade flash USB com fivela de metal<\/strong> apresenta um design de gancho totalmente met\u00e1lico, permitindo que seja preso diretamente a cintos, chaveiros ou bolsas, mantendo a unidade USB sempre \u00e0 m\u00e3o.<\/p>\n\n\n\n<p>Ele \u00e9 fabricado com materiais totalmente met\u00e1licos de alta qualidade, o que confere ao <strong>Unidade USB<\/strong> com excelente durabilidade. A estrutura met\u00e1lica tem uma forte resist\u00eancia a impactos f\u00edsicos. Ao contr\u00e1rio das unidades USB de pl\u00e1stico, ele n\u00e3o se quebra facilmente, mesmo se cair ou bater acidentalmente durante o uso di\u00e1rio, protegendo efetivamente o chip de armazenamento interno. Al\u00e9m disso, a superf\u00edcie de metal n\u00e3o \u00e9 propensa a arranh\u00f5es. Mesmo que seja esfregado contra chaves, moedas e outros itens em bolsos ou bolsas por um longo per\u00edodo, ele ainda pode manter uma textura nova.<\/p>\n<\/div>\n\n\n\n<div class=\"wp-block-column is-vertically-aligned-center is-layout-flow wp-block-column-is-layout-flow\">\n<figure class=\"wp-block-image size-full\"><img alt=\"\" fetchpriority=\"high\" decoding=\"async\" width=\"800\" height=\"800\" src=\"https:\/\/www.usborkeychain.com\/wp-content\/uploads\/Rugged-Metal-Clasp-USB-Flash-Drive.png\" class=\"wp-image-4846\" srcset=\"https:\/\/www.usborkeychain.com\/wp-content\/uploads\/Rugged-Metal-Clasp-USB-Flash-Drive.png 800w, https:\/\/www.usborkeychain.com\/wp-content\/uploads\/Rugged-Metal-Clasp-USB-Flash-Drive-300x300.png 300w, https:\/\/www.usborkeychain.com\/wp-content\/uploads\/Rugged-Metal-Clasp-USB-Flash-Drive-150x150.png 150w, https:\/\/www.usborkeychain.com\/wp-content\/uploads\/Rugged-Metal-Clasp-USB-Flash-Drive-768x768.png 768w, https:\/\/www.usborkeychain.com\/wp-content\/uploads\/Rugged-Metal-Clasp-USB-Flash-Drive-12x12.png 12w, https:\/\/www.usborkeychain.com\/wp-content\/uploads\/Rugged-Metal-Clasp-USB-Flash-Drive-600x600.png 600w, https:\/\/www.usborkeychain.com\/wp-content\/uploads\/Rugged-Metal-Clasp-USB-Flash-Drive-100x100.png 100w\" sizes=\"(max-width: 800px) 100vw, 800px\" \/><\/figure>\n<\/div>\n<\/div>\n\n\n\n<h2 class=\"wp-block-heading\">Par\u00e2metros da unidade flash USB<\/h2>\n\n\n\n<figure class=\"wp-block-table\"><table class=\"has-fixed-layout\"><thead><tr><th>Categoria de par\u00e2metro<\/th><th>Informa\u00e7\u00f5es detalhadas<\/th><\/tr><\/thead><tbody><tr><td>Capacidade de armazenamento<\/td><td>8 GB, 16 GB, 32 GB, 64 GB, 128 GB, 256 GB<\/td><\/tr><tr><td>Tipo de interface<\/td><td>USB 2.0, USB 3.0, USB 3.1<\/td><\/tr><tr><td>Dimens\u00f5es (comprimento \u00d7 largura \u00d7 altura)<\/td><td>Comprimento: 50 - 60 mm, Largura: 15 - 20 mm, Altura: 8 - 12 mm<\/td><\/tr><tr><td>Peso<\/td><td>15 - 25g<\/td><\/tr><\/tbody><\/table><\/figure>\n\n\n\n<h2 class=\"wp-block-heading\">Impress\u00e3o do logotipo na unidade flash USB com fivela de metal<\/h2>\n\n\n\n<div class=\"wp-block-columns is-layout-flex wp-container-core-columns-is-layout-28f84493 wp-block-columns-is-layout-flex\">\n<div class=\"wp-block-column is-vertically-aligned-center is-layout-flow wp-block-column-is-layout-flow\">\n<figure class=\"wp-block-image size-full\"><img alt=\"\" decoding=\"async\" width=\"800\" height=\"800\" src=\"https:\/\/www.usborkeychain.com\/wp-content\/uploads\/Tough-Metal-Clip-USB-Flash-Drive.png\" class=\"wp-image-4847\" srcset=\"https:\/\/www.usborkeychain.com\/wp-content\/uploads\/Tough-Metal-Clip-USB-Flash-Drive.png 800w, https:\/\/www.usborkeychain.com\/wp-content\/uploads\/Tough-Metal-Clip-USB-Flash-Drive-300x300.png 300w, https:\/\/www.usborkeychain.com\/wp-content\/uploads\/Tough-Metal-Clip-USB-Flash-Drive-150x150.png 150w, https:\/\/www.usborkeychain.com\/wp-content\/uploads\/Tough-Metal-Clip-USB-Flash-Drive-768x768.png 768w, https:\/\/www.usborkeychain.com\/wp-content\/uploads\/Tough-Metal-Clip-USB-Flash-Drive-12x12.png 12w, https:\/\/www.usborkeychain.com\/wp-content\/uploads\/Tough-Metal-Clip-USB-Flash-Drive-600x600.png 600w, https:\/\/www.usborkeychain.com\/wp-content\/uploads\/Tough-Metal-Clip-USB-Flash-Drive-100x100.png 100w\" sizes=\"(max-width: 800px) 100vw, 800px\" \/><\/figure>\n<\/div>\n\n\n\n<div class=\"wp-block-column is-vertically-aligned-center is-layout-flow wp-block-column-is-layout-flow\">\n<p>A impress\u00e3o de logotipos \u00e9 suportada e pode ser aplicada a:<\/p>\n\n\n\n<ul class=\"wp-block-list\">\n<li>A superf\u00edcie do corpo da unidade USB: A \u00e1rea plana do corpo \u00e9 uma posi\u00e7\u00e3o ideal para impress\u00e3o. Com uma superf\u00edcie relativamente grande e lisa, ela \u00e9 adequada para apresentar logotipos de marcas, slogans promocionais ou informa\u00e7\u00f5es sobre produtos.<\/li>\n\n\n\n<li>A \u00e1rea do gancho de metal: Embora a \u00e1rea do gancho seja pequena, ela tamb\u00e9m pode ser utilizada. Logotipos simples, iniciais da marca, etc., podem ser impressos nela. Quando a unidade USB \u00e9 pendurada em um item, os elementos da marca no gancho podem melhorar ainda mais a impress\u00e3o que os outros t\u00eam da marca.<\/li>\n<\/ul>\n<\/div>\n<\/div>\n\n\n\n<h2 class=\"wp-block-heading\">Quais empresas podem us\u00e1-lo como lembran\u00e7a de eventos?<\/h2>\n\n\n\n<div class=\"wp-block-columns is-layout-flex wp-container-core-columns-is-layout-28f84493 wp-block-columns-is-layout-flex\">\n<div class=\"wp-block-column is-vertically-aligned-center is-layout-flow wp-block-column-is-layout-flow\">\n<ul class=\"wp-block-list\">\n<li><strong>Empresas de alimentos e bebidas e de varejo<\/strong>: Quando as empresas iniciantes de tecnologia realizam eventos de lan\u00e7amento de novos produtos, elas podem usar a unidade USB como lembran\u00e7a para os participantes.<\/li>\n\n\n\n<li><strong>Fabricantes de autom\u00f3veis<\/strong>: Durante eventos de test drive e confer\u00eancias de lan\u00e7amento de novos carros, a unidade USB com fivela de metal \u00e9 um excelente presente de acompanhamento.<\/li>\n\n\n\n<li><strong>Bancos e empresas de gest\u00e3o financeira<\/strong>: Ao promover novas contas ou produtos financeiros, eles podem apresentar a unidade USB com fivela de metal aos clientes.<\/li>\n<\/ul>\n<\/div>\n\n\n\n<div class=\"wp-block-column is-vertically-aligned-center is-layout-flow wp-block-column-is-layout-flow\">\n<figure class=\"wp-block-image size-full\"><img alt=\"\" decoding=\"async\" width=\"800\" height=\"800\" src=\"https:\/\/www.usborkeychain.com\/wp-content\/uploads\/Classic-Metal-Hook-USB-Flash-Drive.png\" class=\"wp-image-4842\" srcset=\"https:\/\/www.usborkeychain.com\/wp-content\/uploads\/Classic-Metal-Hook-USB-Flash-Drive.png 800w, https:\/\/www.usborkeychain.com\/wp-content\/uploads\/Classic-Metal-Hook-USB-Flash-Drive-300x300.png 300w, https:\/\/www.usborkeychain.com\/wp-content\/uploads\/Classic-Metal-Hook-USB-Flash-Drive-150x150.png 150w, https:\/\/www.usborkeychain.com\/wp-content\/uploads\/Classic-Metal-Hook-USB-Flash-Drive-768x768.png 768w, https:\/\/www.usborkeychain.com\/wp-content\/uploads\/Classic-Metal-Hook-USB-Flash-Drive-12x12.png 12w, https:\/\/www.usborkeychain.com\/wp-content\/uploads\/Classic-Metal-Hook-USB-Flash-Drive-600x600.png 600w, https:\/\/www.usborkeychain.com\/wp-content\/uploads\/Classic-Metal-Hook-USB-Flash-Drive-100x100.png 100w\" sizes=\"(max-width: 800px) 100vw, 800px\" \/><\/figure>\n<\/div>\n<\/div>\n\n\n\n<h2 class=\"wp-block-heading\">H\u00e1 suporte para personaliza\u00e7\u00e3o de cores especiais?<\/h2>\n\n\n\n<div class=\"wp-block-columns is-layout-flex wp-container-core-columns-is-layout-28f84493 wp-block-columns-is-layout-flex\">\n<div class=\"wp-block-column is-vertically-aligned-center is-layout-flow wp-block-column-is-layout-flow\">\n<figure class=\"wp-block-image size-full\"><img alt=\"\" loading=\"lazy\" decoding=\"async\" width=\"800\" height=\"800\" src=\"https:\/\/www.usborkeychain.com\/wp-content\/uploads\/Metal-Hook-Durable-USB-Flash-Drive.png\" class=\"wp-image-4843\" srcset=\"https:\/\/www.usborkeychain.com\/wp-content\/uploads\/Metal-Hook-Durable-USB-Flash-Drive.png 800w, https:\/\/www.usborkeychain.com\/wp-content\/uploads\/Metal-Hook-Durable-USB-Flash-Drive-300x300.png 300w, https:\/\/www.usborkeychain.com\/wp-content\/uploads\/Metal-Hook-Durable-USB-Flash-Drive-150x150.png 150w, https:\/\/www.usborkeychain.com\/wp-content\/uploads\/Metal-Hook-Durable-USB-Flash-Drive-768x768.png 768w, https:\/\/www.usborkeychain.com\/wp-content\/uploads\/Metal-Hook-Durable-USB-Flash-Drive-12x12.png 12w, https:\/\/www.usborkeychain.com\/wp-content\/uploads\/Metal-Hook-Durable-USB-Flash-Drive-600x600.png 600w, https:\/\/www.usborkeychain.com\/wp-content\/uploads\/Metal-Hook-Durable-USB-Flash-Drive-100x100.png 100w\" sizes=\"(max-width: 800px) 100vw, 800px\" \/><\/figure>\n<\/div>\n\n\n\n<div class=\"wp-block-column is-vertically-aligned-center is-layout-flow wp-block-column-is-layout-flow\">\n<p>Isso <strong>Unidade USB<\/strong> suporta a personaliza\u00e7\u00e3o de cores especiais. Al\u00e9m das cores cl\u00e1ssicas mostradas nas fotos (como prata), as empresas podem escolher livremente de acordo com as cores de sua marca. <\/p>\n\n\n\n<p>As marcas de moda podem optar por rosa neon ou azul el\u00e9trico para destacar a tend\u00eancia, enquanto os setores tradicionais (como escrit\u00f3rios de advocacia) podem escolher preto ou prata escuro para manter uma imagem profissional, permitindo que o drive USB seja profundamente integrado \u00e0 marca em termos de apar\u00eancia.<\/p>\n<\/div>\n<\/div>\n\n\n\n<div class=\"wp-block-columns is-layout-flex wp-container-core-columns-is-layout-28f84493 wp-block-columns-is-layout-flex\">\n<div class=\"wp-block-column is-vertically-aligned-center is-layout-flow wp-block-column-is-layout-flow\">\n<p>O <strong>Unidade flash USB com fivela de metal<\/strong> combina design pr\u00e1tico, materiais dur\u00e1veis e vantagens de personaliza\u00e7\u00e3o. O gancho e o corpo totalmente met\u00e1licos garantem a portabilidade e a durabilidade. <\/p>\n\n\n\n<p>Os par\u00e2metros avan\u00e7ados atendem a diversas necessidades de armazenamento. Com impress\u00e3o de logotipo em v\u00e1rias posi\u00e7\u00f5es e personaliza\u00e7\u00e3o de cores, ele se torna uma excelente op\u00e7\u00e3o para brindes corporativos e lembran\u00e7as de eventos. <\/p>\n\n\n\n<p>Seja para promover a marca, valorizar o cliente ou fornecer conte\u00fado exclusivo, ele \u00e9 a melhor op\u00e7\u00e3o para presentes.<\/p>\n<\/div>\n\n\n\n<div class=\"wp-block-column is-vertically-aligned-center is-layout-flow wp-block-column-is-layout-flow\">\n<figure class=\"wp-block-image size-full\"><img alt=\"\" loading=\"lazy\" decoding=\"async\" width=\"800\" height=\"800\" src=\"https:\/\/www.usborkeychain.com\/wp-content\/uploads\/Portable-Metal-Hook-USB-Flash-Drive.png\" class=\"wp-image-4844\" srcset=\"https:\/\/www.usborkeychain.com\/wp-content\/uploads\/Portable-Metal-Hook-USB-Flash-Drive.png 800w, https:\/\/www.usborkeychain.com\/wp-content\/uploads\/Portable-Metal-Hook-USB-Flash-Drive-300x300.png 300w, https:\/\/www.usborkeychain.com\/wp-content\/uploads\/Portable-Metal-Hook-USB-Flash-Drive-150x150.png 150w, https:\/\/www.usborkeychain.com\/wp-content\/uploads\/Portable-Metal-Hook-USB-Flash-Drive-768x768.png 768w, https:\/\/www.usborkeychain.com\/wp-content\/uploads\/Portable-Metal-Hook-USB-Flash-Drive-12x12.png 12w, https:\/\/www.usborkeychain.com\/wp-content\/uploads\/Portable-Metal-Hook-USB-Flash-Drive-600x600.png 600w, https:\/\/www.usborkeychain.com\/wp-content\/uploads\/Portable-Metal-Hook-USB-Flash-Drive-100x100.png 100w\" sizes=\"(max-width: 800px) 100vw, 800px\" \/><\/figure>\n<\/div>\n<\/div>","protected":false},"excerpt":{"rendered":"<ul>\n<li>Material met\u00e1lico<\/li>\n<li>Impress\u00e3o de logotipo<\/li>\n<li>Personaliza\u00e7\u00e3o de cores<\/li>\n<li>Chaveiro<\/li>\n<li>MOQ:100PCS<\/li>\n<\/ul>","protected":false},"featured_media":4845,"comment_status":"open","ping_status":"closed","template":"","meta":{"_seopress_robots_primary_cat":"","_seopress_titles_title":"","_seopress_titles_desc":"","_seopress_robots_index":"","site-sidebar-layout":"default","site-content-layout":"","ast-site-content-layout":"","site-content-style":"default","site-sidebar-style":"default","ast-global-header-display":"","ast-banner-title-visibility":"","ast-main-header-display":"","ast-hfb-above-header-display":"","ast-hfb-below-header-display":"","ast-hfb-mobile-header-display":"","site-post-title":"","ast-breadcrumbs-content":"","ast-featured-img":"","footer-sml-layout":"","theme-transparent-header-meta":"","adv-header-id-meta":"","stick-header-meta":"","header-above-stick-meta":"","header-main-stick-meta":"","header-below-stick-meta":"","astra-migrate-meta-layouts":"default","ast-page-background-enabled":"default","ast-page-background-meta":{"desktop":{"background-color":"var(--ast-global-color-5)","background-image":"","background-repeat":"repeat","background-position":"center center","background-size":"auto","background-attachment":"scroll","background-type":"","background-media":"","overlay-type":"","overlay-color":"","overlay-opacity":"","overlay-gradient":""},"tablet":{"background-color":"","background-image":"","background-repeat":"repeat","background-position":"center center","background-size":"auto","background-attachment":"scroll","background-type":"","background-media":"","overlay-type":"","overlay-color":"","overlay-opacity":"","overlay-gradient":""},"mobile":{"background-color":"","background-image":"","background-repeat":"repeat","background-position":"center center","background-size":"auto","background-attachment":"scroll","background-type":"","background-media":"","overlay-type":"","overlay-color":"","overlay-opacity":"","overlay-gradient":""}},"ast-content-background-meta":{"desktop":{"background-color":"var(--ast-global-color-4)","background-image":"","background-repeat":"repeat","background-position":"center center","background-size":"auto","background-attachment":"scroll","background-type":"","background-media":"","overlay-type":"","overlay-color":"","overlay-opacity":"","overlay-gradient":""},"tablet":{"background-color":"var(--ast-global-color-4)","background-image":"","background-repeat":"repeat","background-position":"center center","background-size":"auto","background-attachment":"scroll","background-type":"","background-media":"","overlay-type":"","overlay-color":"","overlay-opacity":"","overlay-gradient":""},"mobile":{"background-color":"var(--ast-global-color-4)","background-image":"","background-repeat":"repeat","background-position":"center center","background-size":"auto","background-attachment":"scroll","background-type":"","background-media":"","overlay-type":"","overlay-color":"","overlay-opacity":"","overlay-gradient":""}}},"product_brand":[],"product_cat":[89],"product_tag":[296,396],"class_list":{"0":"post-4839","1":"product","2":"type-product","3":"status-publish","4":"has-post-thumbnail","6":"product_cat-metal-usb-pendrive","7":"product_tag-metal-buckle-usb-flash-drive","8":"product_tag-stainless-steel-usb-flash-drive","9":"desktop-align-left","10":"tablet-align-left","11":"mobile-align-left","13":"first","14":"instock","15":"shipping-taxable","16":"product-type-simple"},"_links":{"self":[{"href":"https:\/\/www.usborkeychain.com\/pt\/wp-json\/wp\/v2\/product\/4839","targetHints":{"allow":["GET"]}}],"collection":[{"href":"https:\/\/www.usborkeychain.com\/pt\/wp-json\/wp\/v2\/product"}],"about":[{"href":"https:\/\/www.usborkeychain.com\/pt\/wp-json\/wp\/v2\/types\/product"}],"replies":[{"embeddable":true,"href":"https:\/\/www.usborkeychain.com\/pt\/wp-json\/wp\/v2\/comments?post=4839"}],"wp:featuredmedia":[{"embeddable":true,"href":"https:\/\/www.usborkeychain.com\/pt\/wp-json\/wp\/v2\/media\/4845"}],"wp:attachment":[{"href":"https:\/\/www.usborkeychain.com\/pt\/wp-json\/wp\/v2\/media?parent=4839"}],"wp:term":[{"taxonomy":"product_brand","embeddable":true,"href":"https:\/\/www.usborkeychain.com\/pt\/wp-json\/wp\/v2\/product_brand?post=4839"},{"taxonomy":"product_cat","embeddable":true,"href":"https:\/\/www.usborkeychain.com\/pt\/wp-json\/wp\/v2\/product_cat?post=4839"},{"taxonomy":"product_tag","embeddable":true,"href":"https:\/\/www.usborkeychain.com\/pt\/wp-json\/wp\/v2\/product_tag?post=4839"}],"curies":[{"name":"wp","href":"https:\/\/api.w.org\/{rel}","templated":true}]}}