{"id":4848,"date":"2025-07-28T03:56:54","date_gmt":"2025-07-28T03:56:54","guid":{"rendered":"https:\/\/www.usborkeychain.com\/?post_type=product&#038;p=4848"},"modified":"2025-08-14T12:10:30","modified_gmt":"2025-08-14T12:10:30","slug":"metal-pig-shaped-usb-flash-drive","status":"publish","type":"product","link":"https:\/\/www.usborkeychain.com\/pt\/produto\/metal-pig-shaped-usb-flash-drive\/","title":{"rendered":"Unidade flash USB em formato de porco de metal"},"content":{"rendered":"<div class=\"wp-block-columns is-layout-flex wp-container-core-columns-is-layout-28f84493 wp-block-columns-is-layout-flex\">\n<div class=\"wp-block-column is-vertically-aligned-center is-layout-flow wp-block-column-is-layout-flow\">\n<p>O <strong>Unidade flash USB em formato de porco de metal<\/strong> foi projetado com base na ador\u00e1vel imagem de um porco. Com sua cabe\u00e7a rechonchuda, express\u00e3o sorridente e corpo compacto, ele \u00e9 incrivelmente fofo. Colocado em uma mesa como um pequeno enfeite, ele pode chamar imediatamente a aten\u00e7\u00e3o das pessoas, atraindo especialmente aqueles que adoram elementos tem\u00e1ticos de animais de estima\u00e7\u00e3o.<\/p>\n\n\n\n<p>Ele \u00e9 feito de alta qualidade<strong> materiais met\u00e1licos<\/strong>Sua robustez e durabilidade s\u00e3o vantagens not\u00e1veis. A textura met\u00e1lica \u00e9 resistente a quedas e abras\u00e3o. Mesmo que ele sofra uma queda acidental durante o uso di\u00e1rio, n\u00e3o \u00e9 f\u00e1cil danificar o chip de armazenamento interno, o que garante a seguran\u00e7a dos dados. <\/p>\n\n\n\n<p>O tamanho total da unidade USB \u00e9 pequeno, geralmente com cerca de 3 a 5 cent\u00edmetros de comprimento, e \u00e9 leve. Alguns modelos tamb\u00e9m v\u00eam com um orif\u00edcio para cord\u00e3o, o que o torna conveniente para ser pendurado em chaveiros ou bolsas.<\/p>\n<\/div>\n\n\n\n<div class=\"wp-block-column is-vertically-aligned-center is-layout-flow wp-block-column-is-layout-flow\">\n<figure class=\"wp-block-image size-full\"><img alt=\"\" fetchpriority=\"high\" decoding=\"async\" width=\"800\" height=\"800\" src=\"https:\/\/www.usborkeychain.com\/wp-content\/uploads\/Tough-Little-Pig-USB-Flash-Drive.png\" class=\"wp-image-4855\" srcset=\"https:\/\/www.usborkeychain.com\/wp-content\/uploads\/Tough-Little-Pig-USB-Flash-Drive.png 800w, https:\/\/www.usborkeychain.com\/wp-content\/uploads\/Tough-Little-Pig-USB-Flash-Drive-300x300.png 300w, https:\/\/www.usborkeychain.com\/wp-content\/uploads\/Tough-Little-Pig-USB-Flash-Drive-150x150.png 150w, https:\/\/www.usborkeychain.com\/wp-content\/uploads\/Tough-Little-Pig-USB-Flash-Drive-768x768.png 768w, https:\/\/www.usborkeychain.com\/wp-content\/uploads\/Tough-Little-Pig-USB-Flash-Drive-12x12.png 12w, https:\/\/www.usborkeychain.com\/wp-content\/uploads\/Tough-Little-Pig-USB-Flash-Drive-600x600.png 600w, https:\/\/www.usborkeychain.com\/wp-content\/uploads\/Tough-Little-Pig-USB-Flash-Drive-100x100.png 100w\" sizes=\"(max-width: 800px) 100vw, 800px\" \/><\/figure>\n<\/div>\n<\/div>\n\n\n\n<h2 class=\"wp-block-heading\">Par\u00e2metros da unidade flash USB<\/h2>\n\n\n\n<figure class=\"wp-block-table\"><table class=\"has-fixed-layout\"><thead><tr><th>Categoria de par\u00e2metro<\/th><th>Informa\u00e7\u00f5es detalhadas<\/th><\/tr><\/thead><tbody><tr><td>Capacidade de armazenamento<\/td><td>8 GB, 16 GB, 32 GB, 64 GB, 128 GB<\/td><\/tr><tr><td>Tipo de interface<\/td><td>USB 2.0, USB 3.0, USB 3.1<\/td><\/tr><tr><td>Dimens\u00f5es do produto (comprimento \u00d7 largura \u00d7 altura)<\/td><td>Aproximadamente 30 - 50 mm\u00d720 - 30 mm\u00d75 - 10 mm<\/td><\/tr><tr><td>Peso<\/td><td>Aproximadamente 10 - 20g<\/td><\/tr><\/tbody><\/table><\/figure>\n\n\n\n<h2 class=\"wp-block-heading\">O que pode ser personalizado?<\/h2>\n\n\n\n<div class=\"wp-block-columns is-layout-flex wp-container-core-columns-is-layout-28f84493 wp-block-columns-is-layout-flex\">\n<div class=\"wp-block-column is-vertically-aligned-center is-layout-flow wp-block-column-is-layout-flow\">\n<figure class=\"wp-block-image size-full\"><img alt=\"\" decoding=\"async\" width=\"800\" height=\"800\" src=\"https:\/\/www.usborkeychain.com\/wp-content\/uploads\/Sturdy-Piggy-USB-Flash-Drive.png\" class=\"wp-image-4854\" srcset=\"https:\/\/www.usborkeychain.com\/wp-content\/uploads\/Sturdy-Piggy-USB-Flash-Drive.png 800w, https:\/\/www.usborkeychain.com\/wp-content\/uploads\/Sturdy-Piggy-USB-Flash-Drive-300x300.png 300w, https:\/\/www.usborkeychain.com\/wp-content\/uploads\/Sturdy-Piggy-USB-Flash-Drive-150x150.png 150w, https:\/\/www.usborkeychain.com\/wp-content\/uploads\/Sturdy-Piggy-USB-Flash-Drive-768x768.png 768w, https:\/\/www.usborkeychain.com\/wp-content\/uploads\/Sturdy-Piggy-USB-Flash-Drive-12x12.png 12w, https:\/\/www.usborkeychain.com\/wp-content\/uploads\/Sturdy-Piggy-USB-Flash-Drive-600x600.png 600w, https:\/\/www.usborkeychain.com\/wp-content\/uploads\/Sturdy-Piggy-USB-Flash-Drive-100x100.png 100w\" sizes=\"(max-width: 800px) 100vw, 800px\" \/><\/figure>\n<\/div>\n\n\n\n<div class=\"wp-block-column is-vertically-aligned-center is-layout-flow wp-block-column-is-layout-flow\">\n<h3 class=\"wp-block-heading\">Personaliza\u00e7\u00e3o da forma<\/h3>\n\n\n\n<p>Al\u00e9m do design existente em forma de porco, o formato pode ser ajustado de acordo com as necessidades das empresas. <\/p>\n\n\n\n<h3 class=\"wp-block-heading\">Personaliza\u00e7\u00e3o de cores<\/h3>\n\n\n\n<p>H\u00e1 uma variedade de op\u00e7\u00f5es de cores dispon\u00edveis, como cores prim\u00e1rias cl\u00e1ssicas de metal (como prata e ouro) ou personaliza\u00e7\u00e3o da cor da marca da empresa. <\/p>\n\n\n\n<h3 class=\"wp-block-heading\">Personaliza\u00e7\u00e3o do logotipo<\/h3>\n\n\n\n<p>Ele permite a impress\u00e3o do LOGOTIPO da empresa na superf\u00edcie da unidade USB. Por meio de processos como grava\u00e7\u00e3o a laser e serigrafia, o logotipo da marca pode ser claramente apresentado. <\/p>\n<\/div>\n<\/div>\n\n\n\n<h2 class=\"wp-block-heading\">Quais empresas s\u00e3o adequadas para us\u00e1-lo?<\/h2>\n\n\n\n<div class=\"wp-block-columns is-layout-flex wp-container-core-columns-is-layout-28f84493 wp-block-columns-is-layout-flex\">\n<div class=\"wp-block-column is-vertically-aligned-center is-layout-flow wp-block-column-is-layout-flow\">\n<ul class=\"wp-block-list\">\n<li><strong>Marcas para maternidade e beb\u00eas<\/strong>: Para eventos de promo\u00e7\u00e3o de novos produtos e eventos de valoriza\u00e7\u00e3o dos associados.<\/li>\n\n\n\n<li><strong>Marcas de alimentos e bebidas, como marcas de fast-food e de sobremesas<\/strong>: Pode ser usado para atividades promocionais.<\/li>\n\n\n\n<li><strong>Empresas culturais e criativas<\/strong>: Pode ser combinado com perif\u00e9ricos culturais e criativos como um conjunto de presentes.<\/li>\n\n\n\n<li><strong>Institui\u00e7\u00f5es financeiras<\/strong>: Ao realizar atividades de manuten\u00e7\u00e3o do cliente.<\/li>\n<\/ul>\n<\/div>\n\n\n\n<div class=\"wp-block-column is-vertically-aligned-center is-layout-flow wp-block-column-is-layout-flow\">\n<figure class=\"wp-block-image size-full\"><img alt=\"\" decoding=\"async\" width=\"800\" height=\"800\" src=\"https:\/\/www.usborkeychain.com\/wp-content\/uploads\/Resilient-Piggy-USB-Flash-Drive.png\" class=\"wp-image-4852\" srcset=\"https:\/\/www.usborkeychain.com\/wp-content\/uploads\/Resilient-Piggy-USB-Flash-Drive.png 800w, https:\/\/www.usborkeychain.com\/wp-content\/uploads\/Resilient-Piggy-USB-Flash-Drive-300x300.png 300w, https:\/\/www.usborkeychain.com\/wp-content\/uploads\/Resilient-Piggy-USB-Flash-Drive-150x150.png 150w, https:\/\/www.usborkeychain.com\/wp-content\/uploads\/Resilient-Piggy-USB-Flash-Drive-768x768.png 768w, https:\/\/www.usborkeychain.com\/wp-content\/uploads\/Resilient-Piggy-USB-Flash-Drive-12x12.png 12w, https:\/\/www.usborkeychain.com\/wp-content\/uploads\/Resilient-Piggy-USB-Flash-Drive-600x600.png 600w, https:\/\/www.usborkeychain.com\/wp-content\/uploads\/Resilient-Piggy-USB-Flash-Drive-100x100.png 100w\" sizes=\"(max-width: 800px) 100vw, 800px\" \/><\/figure>\n<\/div>\n<\/div>\n\n\n\n<h2 class=\"wp-block-heading\">Quais s\u00e3o as vantagens?<\/h2>\n\n\n\n<div class=\"wp-block-columns is-layout-flex wp-container-core-columns-is-layout-28f84493 wp-block-columns-is-layout-flex\">\n<div class=\"wp-block-column is-vertically-aligned-center is-layout-flow wp-block-column-is-layout-flow\">\n<figure class=\"wp-block-image size-full\"><img alt=\"\" loading=\"lazy\" decoding=\"async\" width=\"800\" height=\"800\" src=\"https:\/\/www.usborkeychain.com\/wp-content\/uploads\/Durable-Piggy-USB-Flash-Drive.png\" class=\"wp-image-4851\" srcset=\"https:\/\/www.usborkeychain.com\/wp-content\/uploads\/Durable-Piggy-USB-Flash-Drive.png 800w, https:\/\/www.usborkeychain.com\/wp-content\/uploads\/Durable-Piggy-USB-Flash-Drive-300x300.png 300w, https:\/\/www.usborkeychain.com\/wp-content\/uploads\/Durable-Piggy-USB-Flash-Drive-150x150.png 150w, https:\/\/www.usborkeychain.com\/wp-content\/uploads\/Durable-Piggy-USB-Flash-Drive-768x768.png 768w, https:\/\/www.usborkeychain.com\/wp-content\/uploads\/Durable-Piggy-USB-Flash-Drive-12x12.png 12w, https:\/\/www.usborkeychain.com\/wp-content\/uploads\/Durable-Piggy-USB-Flash-Drive-600x600.png 600w, https:\/\/www.usborkeychain.com\/wp-content\/uploads\/Durable-Piggy-USB-Flash-Drive-100x100.png 100w\" sizes=\"(max-width: 800px) 100vw, 800px\" \/><\/figure>\n<\/div>\n\n\n\n<div class=\"wp-block-column is-vertically-aligned-center is-layout-flow wp-block-column-is-layout-flow\">\n<h3 class=\"wp-block-heading\">Plug - and - Play<\/h3>\n\n\n\n<p> Basta conect\u00e1-lo \u00e0 interface USB de dispositivos como computadores e telefones celulares, e ele poder\u00e1 ser reconhecido e usado rapidamente. A opera\u00e7\u00e3o \u00e9 simples e conveniente, economizando tempo.<\/p>\n\n\n\n<h3 class=\"wp-block-heading\">\u00c0 prova d'\u00e1gua e de poeira<\/h3>\n\n\n\n<p>O material met\u00e1lico tem certos recursos \u00e0 prova d'\u00e1gua e de poeira. Se for respingado com \u00e1gua ou exposto \u00e0 poeira durante o uso di\u00e1rio, desde que seja limpo a tempo, geralmente n\u00e3o afetar\u00e1 a opera\u00e7\u00e3o normal da unidade USB<\/p>\n\n\n\n<h3 class=\"wp-block-heading\">Seguran\u00e7a de dados<\/h3>\n\n\n\n<p>Ele usa um chip de armazenamento est\u00e1vel, combinado com a prote\u00e7\u00e3o f\u00edsica do inv\u00f3lucro de metal para os dados, o que pode reduzir efetivamente o risco de perda e danos aos dados.<\/p>\n<\/div>\n<\/div>\n\n\n\n<div class=\"wp-block-columns is-layout-flex wp-container-core-columns-is-layout-28f84493 wp-block-columns-is-layout-flex\">\n<div class=\"wp-block-column is-vertically-aligned-center is-layout-flow wp-block-column-is-layout-flow\">\n<p>O <strong>Unidade flash USB em formato de porco de metal <\/strong>Combina perfeitamente uma apar\u00eancia bonita com um desempenho pr\u00e1tico. <\/p>\n\n\n\n<p>O ador\u00e1vel design em forma de porco, combinado com o material met\u00e1lico resistente e dur\u00e1vel, tem portabilidade e diversos servi\u00e7os de personaliza\u00e7\u00e3o, o que o torna adequado para v\u00e1rias empresas, como maternidade e beb\u00eas, alimentos e bebidas, setores culturais e criativos e financeiro, como brindes comerciais ou promocionais. <\/p>\n\n\n\n<p>Ao mesmo tempo, excelentes recursos, como plug-and-play, \u00e0 prova d'\u00e1gua e de poeira e prote\u00e7\u00e3o de seguran\u00e7a de dados, n\u00e3o apenas atendem \u00e0s necessidades de armazenamento, mas tamb\u00e9m proporcionam aos usu\u00e1rios uma experi\u00eancia de uso mais livre de preocupa\u00e7\u00f5es.<\/p>\n<\/div>\n\n\n\n<div class=\"wp-block-column is-vertically-aligned-center is-layout-flow wp-block-column-is-layout-flow\">\n<figure class=\"wp-block-image size-full\"><img alt=\"\" loading=\"lazy\" decoding=\"async\" width=\"800\" height=\"800\" src=\"https:\/\/www.usborkeychain.com\/wp-content\/uploads\/Robust-Pig-USB-Flash-Drive.png\" class=\"wp-image-4853\" srcset=\"https:\/\/www.usborkeychain.com\/wp-content\/uploads\/Robust-Pig-USB-Flash-Drive.png 800w, https:\/\/www.usborkeychain.com\/wp-content\/uploads\/Robust-Pig-USB-Flash-Drive-300x300.png 300w, https:\/\/www.usborkeychain.com\/wp-content\/uploads\/Robust-Pig-USB-Flash-Drive-150x150.png 150w, https:\/\/www.usborkeychain.com\/wp-content\/uploads\/Robust-Pig-USB-Flash-Drive-768x768.png 768w, https:\/\/www.usborkeychain.com\/wp-content\/uploads\/Robust-Pig-USB-Flash-Drive-12x12.png 12w, https:\/\/www.usborkeychain.com\/wp-content\/uploads\/Robust-Pig-USB-Flash-Drive-600x600.png 600w, https:\/\/www.usborkeychain.com\/wp-content\/uploads\/Robust-Pig-USB-Flash-Drive-100x100.png 100w\" sizes=\"(max-width: 800px) 100vw, 800px\" \/><\/figure>\n<\/div>\n<\/div>","protected":false},"excerpt":{"rendered":"<ul>\n<li>Em forma de porco<\/li>\n<li>Materiais met\u00e1licos<\/li>\n<li>Personaliza\u00e7\u00e3o de cores e logotipos<\/li>\n<li>Chaveiro<\/li>\n<li>MOQ:100PCS<\/li>\n<\/ul>","protected":false},"featured_media":4852,"comment_status":"open","ping_status":"closed","template":"","meta":{"_seopress_robots_primary_cat":"","_seopress_titles_title":"","_seopress_titles_desc":"","_seopress_robots_index":"","site-sidebar-layout":"default","site-content-layout":"","ast-site-content-layout":"","site-content-style":"default","site-sidebar-style":"default","ast-global-header-display":"","ast-banner-title-visibility":"","ast-main-header-display":"","ast-hfb-above-header-display":"","ast-hfb-below-header-display":"","ast-hfb-mobile-header-display":"","site-post-title":"","ast-breadcrumbs-content":"","ast-featured-img":"","footer-sml-layout":"","theme-transparent-header-meta":"","adv-header-id-meta":"","stick-header-meta":"","header-above-stick-meta":"","header-main-stick-meta":"","header-below-stick-meta":"","astra-migrate-meta-layouts":"default","ast-page-background-enabled":"default","ast-page-background-meta":{"desktop":{"background-color":"var(--ast-global-color-5)","background-image":"","background-repeat":"repeat","background-position":"center center","background-size":"auto","background-attachment":"scroll","background-type":"","background-media":"","overlay-type":"","overlay-color":"","overlay-opacity":"","overlay-gradient":""},"tablet":{"background-color":"","background-image":"","background-repeat":"repeat","background-position":"center center","background-size":"auto","background-attachment":"scroll","background-type":"","background-media":"","overlay-type":"","overlay-color":"","overlay-opacity":"","overlay-gradient":""},"mobile":{"background-color":"","background-image":"","background-repeat":"repeat","background-position":"center center","background-size":"auto","background-attachment":"scroll","background-type":"","background-media":"","overlay-type":"","overlay-color":"","overlay-opacity":"","overlay-gradient":""}},"ast-content-background-meta":{"desktop":{"background-color":"var(--ast-global-color-4)","background-image":"","background-repeat":"repeat","background-position":"center center","background-size":"auto","background-attachment":"scroll","background-type":"","background-media":"","overlay-type":"","overlay-color":"","overlay-opacity":"","overlay-gradient":""},"tablet":{"background-color":"var(--ast-global-color-4)","background-image":"","background-repeat":"repeat","background-position":"center center","background-size":"auto","background-attachment":"scroll","background-type":"","background-media":"","overlay-type":"","overlay-color":"","overlay-opacity":"","overlay-gradient":""},"mobile":{"background-color":"var(--ast-global-color-4)","background-image":"","background-repeat":"repeat","background-position":"center center","background-size":"auto","background-attachment":"scroll","background-type":"","background-media":"","overlay-type":"","overlay-color":"","overlay-opacity":"","overlay-gradient":""}}},"product_brand":[],"product_cat":[89],"product_tag":[397],"class_list":{"0":"post-4848","1":"product","2":"type-product","3":"status-publish","4":"has-post-thumbnail","6":"product_cat-metal-usb-pendrive","7":"product_tag-zinc-alloy-usb-pen-drive","8":"desktop-align-left","9":"tablet-align-left","10":"mobile-align-left","12":"first","13":"instock","14":"shipping-taxable","15":"product-type-simple"},"_links":{"self":[{"href":"https:\/\/www.usborkeychain.com\/pt\/wp-json\/wp\/v2\/product\/4848","targetHints":{"allow":["GET"]}}],"collection":[{"href":"https:\/\/www.usborkeychain.com\/pt\/wp-json\/wp\/v2\/product"}],"about":[{"href":"https:\/\/www.usborkeychain.com\/pt\/wp-json\/wp\/v2\/types\/product"}],"replies":[{"embeddable":true,"href":"https:\/\/www.usborkeychain.com\/pt\/wp-json\/wp\/v2\/comments?post=4848"}],"wp:featuredmedia":[{"embeddable":true,"href":"https:\/\/www.usborkeychain.com\/pt\/wp-json\/wp\/v2\/media\/4852"}],"wp:attachment":[{"href":"https:\/\/www.usborkeychain.com\/pt\/wp-json\/wp\/v2\/media?parent=4848"}],"wp:term":[{"taxonomy":"product_brand","embeddable":true,"href":"https:\/\/www.usborkeychain.com\/pt\/wp-json\/wp\/v2\/product_brand?post=4848"},{"taxonomy":"product_cat","embeddable":true,"href":"https:\/\/www.usborkeychain.com\/pt\/wp-json\/wp\/v2\/product_cat?post=4848"},{"taxonomy":"product_tag","embeddable":true,"href":"https:\/\/www.usborkeychain.com\/pt\/wp-json\/wp\/v2\/product_tag?post=4848"}],"curies":[{"name":"wp","href":"https:\/\/api.w.org\/{rel}","templated":true}]}}