{"id":4857,"date":"2025-07-28T04:16:49","date_gmt":"2025-07-28T04:16:49","guid":{"rendered":"https:\/\/www.usborkeychain.com\/?post_type=product&#038;p=4857"},"modified":"2025-08-14T12:10:21","modified_gmt":"2025-08-14T12:10:21","slug":"metal-round-rotating-usb-flash-drive","status":"publish","type":"product","link":"https:\/\/www.usborkeychain.com\/pt\/produto\/metal-round-rotating-usb-flash-drive\/","title":{"rendered":"Unidade flash USB girat\u00f3ria redonda de metal"},"content":{"rendered":"<div class=\"wp-block-columns is-layout-flex wp-container-core-columns-is-layout-28f84493 wp-block-columns-is-layout-flex\">\n<div class=\"wp-block-column is-vertically-aligned-center is-layout-flow wp-block-column-is-layout-flow\">\n<p>O <strong>Unidade flash USB girat\u00f3ria redonda de metal<\/strong> \u00e9 fabricado com <strong>metal de alta qualidade<\/strong>A tampa \u00e9 feita de metal, com excelente robustez e resist\u00eancia ao desgaste. O material met\u00e1lico n\u00e3o s\u00f3 lhe confere propriedades f\u00edsicas, como resist\u00eancia \u00e0 press\u00e3o e \u00e0 queda, protegendo efetivamente o chip de armazenamento interno e prolongando sua vida \u00fatil, mas tamb\u00e9m oferece um toque de superf\u00edcie delicado e texturizado. Com um fino acabamento, ele apresenta um efeito visual sofisticado e refinado, destacando sua qualidade.<\/p>\n\n\n\n<p>O recurso que mais chama a aten\u00e7\u00e3o \u00e9 o<strong> Rota\u00e7\u00e3o de 360 graus<\/strong> estrutura da cabe\u00e7a da al\u00e7a, que tem uma interface USB oculta e um estilo exclusivo.<\/p>\n\n\n\n<p>A unidade USB \u00e9 equipada com um buraco de fechadura, o que permite que seja facilmente pendurada em chaveiros ou fivelas de bolsas. Seu design leve e port\u00e1til garante que ele possa estar sempre com o usu\u00e1rio.<\/p>\n<\/div>\n\n\n\n<div class=\"wp-block-column is-vertically-aligned-center is-layout-flow wp-block-column-is-layout-flow\">\n<figure class=\"wp-block-image size-full\"><img alt=\"\" fetchpriority=\"high\" decoding=\"async\" width=\"800\" height=\"800\" src=\"https:\/\/www.usborkeychain.com\/wp-content\/uploads\/Durable-Spin-USB-Flash-Drive.png\" class=\"wp-image-4860\" srcset=\"https:\/\/www.usborkeychain.com\/wp-content\/uploads\/Durable-Spin-USB-Flash-Drive.png 800w, https:\/\/www.usborkeychain.com\/wp-content\/uploads\/Durable-Spin-USB-Flash-Drive-300x300.png 300w, https:\/\/www.usborkeychain.com\/wp-content\/uploads\/Durable-Spin-USB-Flash-Drive-150x150.png 150w, https:\/\/www.usborkeychain.com\/wp-content\/uploads\/Durable-Spin-USB-Flash-Drive-768x768.png 768w, https:\/\/www.usborkeychain.com\/wp-content\/uploads\/Durable-Spin-USB-Flash-Drive-12x12.png 12w, https:\/\/www.usborkeychain.com\/wp-content\/uploads\/Durable-Spin-USB-Flash-Drive-600x600.png 600w, https:\/\/www.usborkeychain.com\/wp-content\/uploads\/Durable-Spin-USB-Flash-Drive-100x100.png 100w\" sizes=\"(max-width: 800px) 100vw, 800px\" \/><\/figure>\n<\/div>\n<\/div>\n\n\n\n<h2 class=\"wp-block-heading\">Par\u00e2metros da unidade flash USB<\/h2>\n\n\n\n<figure class=\"wp-block-table\"><table class=\"has-fixed-layout\"><thead><tr><th>Categoria de par\u00e2metro<\/th><th>Informa\u00e7\u00f5es detalhadas<\/th><\/tr><\/thead><tbody><tr><td>Capacidade de armazenamento<\/td><td>8 GB, 16 GB, 32 GB, 64 GB, 128 GB<\/td><\/tr><tr><td>Tipo de interface<\/td><td>USB 2.0, USB 3.0, USB 3.1<\/td><\/tr><tr><td>Dimens\u00f5es do produto (comprimento \u00d7 largura \u00d7 altura)<\/td><td>60 mm (comprimento) \u00d7 18 mm \u00d7 5 mm<\/td><\/tr><tr><td>Peso<\/td><td>Aproximadamente 25g<\/td><\/tr><\/tbody><\/table><\/figure>\n\n\n\n<h2 class=\"wp-block-heading\">A impress\u00e3o de logotipos est\u00e1 dispon\u00edvel?<\/h2>\n\n\n\n<div class=\"wp-block-columns is-layout-flex wp-container-core-columns-is-layout-28f84493 wp-block-columns-is-layout-flex\">\n<div class=\"wp-block-column is-vertically-aligned-center is-layout-flow wp-block-column-is-layout-flow\">\n<figure class=\"wp-block-image size-full\"><img alt=\"\" decoding=\"async\" width=\"800\" height=\"800\" src=\"https:\/\/www.usborkeychain.com\/wp-content\/uploads\/Resilient-Spin-USB-Flash-Drive.png\" class=\"wp-image-4862\" srcset=\"https:\/\/www.usborkeychain.com\/wp-content\/uploads\/Resilient-Spin-USB-Flash-Drive.png 800w, https:\/\/www.usborkeychain.com\/wp-content\/uploads\/Resilient-Spin-USB-Flash-Drive-300x300.png 300w, https:\/\/www.usborkeychain.com\/wp-content\/uploads\/Resilient-Spin-USB-Flash-Drive-150x150.png 150w, https:\/\/www.usborkeychain.com\/wp-content\/uploads\/Resilient-Spin-USB-Flash-Drive-768x768.png 768w, https:\/\/www.usborkeychain.com\/wp-content\/uploads\/Resilient-Spin-USB-Flash-Drive-12x12.png 12w, https:\/\/www.usborkeychain.com\/wp-content\/uploads\/Resilient-Spin-USB-Flash-Drive-600x600.png 600w, https:\/\/www.usborkeychain.com\/wp-content\/uploads\/Resilient-Spin-USB-Flash-Drive-100x100.png 100w\" sizes=\"(max-width: 800px) 100vw, 800px\" \/><\/figure>\n<\/div>\n\n\n\n<div class=\"wp-block-column is-vertically-aligned-center is-layout-flow wp-block-column-is-layout-flow\">\n<p>H\u00e1 suporte para impress\u00e3o de logotipo. Seja para a promo\u00e7\u00e3o de uma marca corporativa ou para necessidades de personaliza\u00e7\u00e3o, por meio da personaliza\u00e7\u00e3o do logotipo, o pen drive pode se tornar um \"suporte de marca\" ou \"item exclusivo\" exclusivo.<\/p>\n\n\n\n<ul class=\"wp-block-list\">\n<li><strong>Superf\u00edcie da cabe\u00e7a da al\u00e7a<\/strong>: A cabe\u00e7a da al\u00e7a redonda \u00e9 a principal \u00e1rea de exibi\u00e7\u00e3o, com um espa\u00e7o relativamente grande e visualmente focado. Por exemplo, a Starbucks pode imprimir o logotipo de sua marca na cabe\u00e7a da al\u00e7a para refor\u00e7ar a exposi\u00e7\u00e3o da marca.<\/li>\n\n\n\n<li><strong>Lado do corpo da al\u00e7a<\/strong>: Logotipos simples, slogans de marca, etc., podem ser impressos no espa\u00e7o lateral.<\/li>\n<\/ul>\n<\/div>\n<\/div>\n\n\n\n<h2 class=\"wp-block-heading\">Quais empresas s\u00e3o adequadas para us\u00e1-lo?<\/h2>\n\n\n\n<div class=\"wp-block-columns is-layout-flex wp-container-core-columns-is-layout-28f84493 wp-block-columns-is-layout-flex\">\n<div class=\"wp-block-column is-vertically-aligned-center is-layout-flow wp-block-column-is-layout-flow\">\n<ul class=\"wp-block-list\">\n<li><strong>Marcas de alimentos e bebidas e varejo<\/strong>: Eles podem usar a unidade flash USB girat\u00f3ria redonda de metal como benef\u00edcios exclusivos para membros ou brindes promocionais para festivais.<\/li>\n\n\n\n<li><strong>Empresas de tecnologia<\/strong>: Ao realizar lan\u00e7amentos de novos produtos ou eventos de agradecimento aos clientes, eles podem personalizar essa unidade USB como brinde.<\/li>\n\n\n\n<li><strong>Marcas de moda<\/strong>: Prestando aten\u00e7\u00e3o \u00e0 apar\u00eancia e \u00e0 exclusividade dos produtos, eles podem usar a unidade flash USB girat\u00f3ria redonda de metal como presentes criativos para colabora\u00e7\u00f5es entre marcas.<\/li>\n\n\n\n<li><strong>Empresas de servi\u00e7os financeiros, como bancos e empresas de gest\u00e3o financeira<\/strong><\/li>\n<\/ul>\n<\/div>\n\n\n\n<div class=\"wp-block-column is-vertically-aligned-center is-layout-flow wp-block-column-is-layout-flow\">\n<figure class=\"wp-block-image size-full\"><img alt=\"\" decoding=\"async\" width=\"800\" height=\"800\" src=\"https:\/\/www.usborkeychain.com\/wp-content\/uploads\/Enduring-Spinner-USB-Flash-Drive.png\" class=\"wp-image-4861\" srcset=\"https:\/\/www.usborkeychain.com\/wp-content\/uploads\/Enduring-Spinner-USB-Flash-Drive.png 800w, https:\/\/www.usborkeychain.com\/wp-content\/uploads\/Enduring-Spinner-USB-Flash-Drive-300x300.png 300w, https:\/\/www.usborkeychain.com\/wp-content\/uploads\/Enduring-Spinner-USB-Flash-Drive-150x150.png 150w, https:\/\/www.usborkeychain.com\/wp-content\/uploads\/Enduring-Spinner-USB-Flash-Drive-768x768.png 768w, https:\/\/www.usborkeychain.com\/wp-content\/uploads\/Enduring-Spinner-USB-Flash-Drive-12x12.png 12w, https:\/\/www.usborkeychain.com\/wp-content\/uploads\/Enduring-Spinner-USB-Flash-Drive-600x600.png 600w, https:\/\/www.usborkeychain.com\/wp-content\/uploads\/Enduring-Spinner-USB-Flash-Drive-100x100.png 100w\" sizes=\"(max-width: 800px) 100vw, 800px\" \/><\/figure>\n<\/div>\n<\/div>\n\n\n\n<h2 class=\"wp-block-heading\">\u00c9 poss\u00edvel personalizar cores especiais?<\/h2>\n\n\n\n<div class=\"wp-block-columns is-layout-flex wp-container-core-columns-is-layout-28f84493 wp-block-columns-is-layout-flex\">\n<div class=\"wp-block-column is-vertically-aligned-center is-layout-flow wp-block-column-is-layout-flow\">\n<figure class=\"wp-block-image size-full\"><img alt=\"\" loading=\"lazy\" decoding=\"async\" width=\"800\" height=\"800\" src=\"https:\/\/www.usborkeychain.com\/wp-content\/uploads\/Tough-Rotary-USB-Flash-Drive.jpg\" class=\"wp-image-4864\" srcset=\"https:\/\/www.usborkeychain.com\/wp-content\/uploads\/Tough-Rotary-USB-Flash-Drive.jpg 800w, https:\/\/www.usborkeychain.com\/wp-content\/uploads\/Tough-Rotary-USB-Flash-Drive-300x300.jpg 300w, https:\/\/www.usborkeychain.com\/wp-content\/uploads\/Tough-Rotary-USB-Flash-Drive-150x150.jpg 150w, https:\/\/www.usborkeychain.com\/wp-content\/uploads\/Tough-Rotary-USB-Flash-Drive-768x768.jpg 768w, https:\/\/www.usborkeychain.com\/wp-content\/uploads\/Tough-Rotary-USB-Flash-Drive-12x12.jpg 12w, https:\/\/www.usborkeychain.com\/wp-content\/uploads\/Tough-Rotary-USB-Flash-Drive-600x600.jpg 600w, https:\/\/www.usborkeychain.com\/wp-content\/uploads\/Tough-Rotary-USB-Flash-Drive-100x100.jpg 100w\" sizes=\"(max-width: 800px) 100vw, 800px\" \/><\/figure>\n<\/div>\n\n\n\n<div class=\"wp-block-column is-vertically-aligned-center is-layout-flow wp-block-column-is-layout-flow\">\n<p>Essa unidade USB \u00e9 compat\u00edvel com<strong> personaliza\u00e7\u00e3o de cores especiais<\/strong>. Al\u00e9m da combina\u00e7\u00e3o cl\u00e1ssica de prata e borda preta mostrada nas fotos, as empresas podem personalizar cores exclusivas de acordo com as cores da marca ou do tema do evento. Por exemplo, as marcas de produtos de beleza podem escolher cores como rosa - dourado ou iridescente, e as empresas de tecnologia podem selecionar cores personalizadas, como cinza espacial profundo ou prata aurora, tornando-o um presente personalizado exclusivo.<\/p>\n\n\n\n<p>O <strong>Unidade flash USB girat\u00f3ria redonda de metal<\/strong>Com seu material met\u00e1lico de alta qualidade, design girat\u00f3rio criativo e recursos port\u00e1teis, combina textura e apar\u00eancia divertida. Seus par\u00e2metros avan\u00e7ados atendem a diversas necessidades de armazenamento, al\u00e9m de suportar a impress\u00e3o de logotipos em v\u00e1rias posi\u00e7\u00f5es e a personaliza\u00e7\u00e3o de cores, o que pode atender com precis\u00e3o aos requisitos de presentes e promo\u00e7\u00f5es de v\u00e1rias empresas dos setores de alimentos e bebidas, tecnologia, moda e finan\u00e7as. Seja para transmitir o valor da marca, manter o relacionamento com os clientes ou atender \u00e0s necessidades pessoais de armazenamento personalizado, ele pode ser uma excelente op\u00e7\u00e3o entre os produtos de armazenamento.<\/p>\n<\/div>\n<\/div>","protected":false},"excerpt":{"rendered":"<ul>\n<li>Metal de alta qualidade<\/li>\n<li>Personaliza\u00e7\u00e3o de cores especiais<\/li>\n<li>Rota\u00e7\u00e3o de 360 graus<\/li>\n<li>Chaveiro<\/li>\n<li>MOQ:100PCS<\/li>\n<\/ul>","protected":false},"featured_media":4860,"comment_status":"open","ping_status":"closed","template":"","meta":{"_seopress_robots_primary_cat":"","_seopress_titles_title":"","_seopress_titles_desc":"","_seopress_robots_index":"","site-sidebar-layout":"default","site-content-layout":"","ast-site-content-layout":"","site-content-style":"default","site-sidebar-style":"default","ast-global-header-display":"","ast-banner-title-visibility":"","ast-main-header-display":"","ast-hfb-above-header-display":"","ast-hfb-below-header-display":"","ast-hfb-mobile-header-display":"","site-post-title":"","ast-breadcrumbs-content":"","ast-featured-img":"","footer-sml-layout":"","theme-transparent-header-meta":"","adv-header-id-meta":"","stick-header-meta":"","header-above-stick-meta":"","header-main-stick-meta":"","header-below-stick-meta":"","astra-migrate-meta-layouts":"default","ast-page-background-enabled":"default","ast-page-background-meta":{"desktop":{"background-color":"var(--ast-global-color-5)","background-image":"","background-repeat":"repeat","background-position":"center center","background-size":"auto","background-attachment":"scroll","background-type":"","background-media":"","overlay-type":"","overlay-color":"","overlay-opacity":"","overlay-gradient":""},"tablet":{"background-color":"","background-image":"","background-repeat":"repeat","background-position":"center center","background-size":"auto","background-attachment":"scroll","background-type":"","background-media":"","overlay-type":"","overlay-color":"","overlay-opacity":"","overlay-gradient":""},"mobile":{"background-color":"","background-image":"","background-repeat":"repeat","background-position":"center center","background-size":"auto","background-attachment":"scroll","background-type":"","background-media":"","overlay-type":"","overlay-color":"","overlay-opacity":"","overlay-gradient":""}},"ast-content-background-meta":{"desktop":{"background-color":"var(--ast-global-color-4)","background-image":"","background-repeat":"repeat","background-position":"center center","background-size":"auto","background-attachment":"scroll","background-type":"","background-media":"","overlay-type":"","overlay-color":"","overlay-opacity":"","overlay-gradient":""},"tablet":{"background-color":"var(--ast-global-color-4)","background-image":"","background-repeat":"repeat","background-position":"center center","background-size":"auto","background-attachment":"scroll","background-type":"","background-media":"","overlay-type":"","overlay-color":"","overlay-opacity":"","overlay-gradient":""},"mobile":{"background-color":"var(--ast-global-color-4)","background-image":"","background-repeat":"repeat","background-position":"center center","background-size":"auto","background-attachment":"scroll","background-type":"","background-media":"","overlay-type":"","overlay-color":"","overlay-opacity":"","overlay-gradient":""}}},"product_brand":[],"product_cat":[89],"product_tag":[298,397],"class_list":{"0":"post-4857","1":"product","2":"type-product","3":"status-publish","4":"has-post-thumbnail","6":"product_cat-metal-usb-pendrive","7":"product_tag-metal-round-rotating-usb-flash-drive","8":"product_tag-zinc-alloy-usb-pen-drive","9":"desktop-align-left","10":"tablet-align-left","11":"mobile-align-left","13":"first","14":"instock","15":"shipping-taxable","16":"product-type-simple"},"_links":{"self":[{"href":"https:\/\/www.usborkeychain.com\/pt\/wp-json\/wp\/v2\/product\/4857","targetHints":{"allow":["GET"]}}],"collection":[{"href":"https:\/\/www.usborkeychain.com\/pt\/wp-json\/wp\/v2\/product"}],"about":[{"href":"https:\/\/www.usborkeychain.com\/pt\/wp-json\/wp\/v2\/types\/product"}],"replies":[{"embeddable":true,"href":"https:\/\/www.usborkeychain.com\/pt\/wp-json\/wp\/v2\/comments?post=4857"}],"wp:featuredmedia":[{"embeddable":true,"href":"https:\/\/www.usborkeychain.com\/pt\/wp-json\/wp\/v2\/media\/4860"}],"wp:attachment":[{"href":"https:\/\/www.usborkeychain.com\/pt\/wp-json\/wp\/v2\/media?parent=4857"}],"wp:term":[{"taxonomy":"product_brand","embeddable":true,"href":"https:\/\/www.usborkeychain.com\/pt\/wp-json\/wp\/v2\/product_brand?post=4857"},{"taxonomy":"product_cat","embeddable":true,"href":"https:\/\/www.usborkeychain.com\/pt\/wp-json\/wp\/v2\/product_cat?post=4857"},{"taxonomy":"product_tag","embeddable":true,"href":"https:\/\/www.usborkeychain.com\/pt\/wp-json\/wp\/v2\/product_tag?post=4857"}],"curies":[{"name":"wp","href":"https:\/\/api.w.org\/{rel}","templated":true}]}}