{"id":4866,"date":"2025-07-28T04:31:14","date_gmt":"2025-07-28T04:31:14","guid":{"rendered":"https:\/\/www.usborkeychain.com\/?post_type=product&#038;p=4866"},"modified":"2025-07-30T02:10:34","modified_gmt":"2025-07-30T02:10:34","slug":"wooden-christmas-tree-usb-flash-drive","status":"publish","type":"product","link":"https:\/\/www.usborkeychain.com\/pt\/produto\/wooden-christmas-tree-usb-flash-drive\/","title":{"rendered":"Unidade flash USB Wooden Christmas Tree"},"content":{"rendered":"<div class=\"wp-block-columns is-layout-flex wp-container-core-columns-is-layout-28f84493 wp-block-columns-is-layout-flex\">\n<div class=\"wp-block-column is-vertically-aligned-center is-layout-flow wp-block-column-is-layout-flow\">\n<p>Fabricado com <strong>madeira maci\u00e7a natural<\/strong>, este <strong>Unidade flash USB<\/strong> \u00e9 fabricado com madeira de origem sustent\u00e1vel e certificada pelo FSC, como bordo e faia. Em compara\u00e7\u00e3o com as unidades USB de pl\u00e1stico, ele gera menos emiss\u00f5es de carbono durante a produ\u00e7\u00e3o e \u00e9 totalmente biodegrad\u00e1vel quando descartado, reduzindo efetivamente a polui\u00e7\u00e3o do lixo eletr\u00f4nico. Ele se alinha perfeitamente com os conceitos atuais de prote\u00e7\u00e3o ambiental verde e economia circular.<\/p>\n\n\n\n<p>O processo de fabrica\u00e7\u00e3o envolve corte, lixamento, entalhe e polimento precisos. As t\u00e9cnicas de corte moldam a forma distinta da \u00e1rvore de Natal com contornos claros; o lixamento cria uma superf\u00edcie de madeira lisa como um espelho; o entalhe acrescenta detalhes intrincados, como texturas de casca de \u00e1rvore e motivos natalinos; e o polimento aprimora o brilho natural da madeira.<\/p>\n\n\n\n<p>Seu design compacto e requintado o torna altamente port\u00e1til. O corpo em forma de \u00e1rvore de Natal cabe facilmente em bolsas, meias de Natal ou sacolas de presente.<\/p>\n<\/div>\n\n\n\n<div class=\"wp-block-column is-vertically-aligned-center is-layout-flow wp-block-column-is-layout-flow\">\n<figure class=\"wp-block-image size-full\"><img alt=\"\" fetchpriority=\"high\" decoding=\"async\" width=\"800\" height=\"800\" src=\"https:\/\/www.usborkeychain.com\/wp-content\/uploads\/Wooden-Xmas-Tree-USB-Flash-Drive.jpg\" class=\"wp-image-4872\" srcset=\"https:\/\/www.usborkeychain.com\/wp-content\/uploads\/Wooden-Xmas-Tree-USB-Flash-Drive.jpg 800w, https:\/\/www.usborkeychain.com\/wp-content\/uploads\/Wooden-Xmas-Tree-USB-Flash-Drive-300x300.jpg 300w, https:\/\/www.usborkeychain.com\/wp-content\/uploads\/Wooden-Xmas-Tree-USB-Flash-Drive-150x150.jpg 150w, https:\/\/www.usborkeychain.com\/wp-content\/uploads\/Wooden-Xmas-Tree-USB-Flash-Drive-768x768.jpg 768w, https:\/\/www.usborkeychain.com\/wp-content\/uploads\/Wooden-Xmas-Tree-USB-Flash-Drive-12x12.jpg 12w, https:\/\/www.usborkeychain.com\/wp-content\/uploads\/Wooden-Xmas-Tree-USB-Flash-Drive-600x600.jpg 600w, https:\/\/www.usborkeychain.com\/wp-content\/uploads\/Wooden-Xmas-Tree-USB-Flash-Drive-100x100.jpg 100w\" sizes=\"(max-width: 800px) 100vw, 800px\" \/><\/figure>\n<\/div>\n<\/div>\n\n\n\n<h2 class=\"wp-block-heading\">Especifica\u00e7\u00f5es da unidade USB<\/h2>\n\n\n\n<figure class=\"wp-block-table\"><table class=\"has-fixed-layout\"><thead><tr><th>Categoria de par\u00e2metro<\/th><th>Detalhes<\/th><\/tr><\/thead><tbody><tr><td>Tipo de interface<\/td><td>USB 2.0\/USB 3.0<\/td><\/tr><tr><td>Capacidade de armazenamento<\/td><td>8 GB, 16 GB, 32 GB, 64 GB, 128 GB<\/td><\/tr><tr><td>Dimens\u00f5es (C\u00d7L\u00d7A)<\/td><td>60mm\u00d735mm\u00d715mm<\/td><\/tr><tr><td>Peso<\/td><td>Aproximadamente 20 gramas<\/td><\/tr><\/tbody><\/table><\/figure>\n\n\n\n<h2 class=\"wp-block-heading\">Op\u00e7\u00f5es personaliz\u00e1veis<\/h2>\n\n\n\n<div class=\"wp-block-columns is-layout-flex wp-container-core-columns-is-layout-28f84493 wp-block-columns-is-layout-flex\">\n<div class=\"wp-block-column is-vertically-aligned-center is-layout-flow wp-block-column-is-layout-flow\">\n<h3 class=\"wp-block-heading\">Personaliza\u00e7\u00e3o da forma<\/h3>\n\n\n\n<p>Al\u00e9m do design cl\u00e1ssico da \u00e1rvore de Natal, podem ser feitas modifica\u00e7\u00f5es nos detalhes, como a adi\u00e7\u00e3o de elementos decorativos (estrelas, enfeites de caixa de presente), o ajuste das camadas da coroa ou a cria\u00e7\u00e3o de formas exclusivas com temas natalinos <\/p>\n\n\n\n<h3 class=\"wp-block-heading\">Personaliza\u00e7\u00e3o de cores<\/h3>\n\n\n\n<p>V\u00e1rias cores podem ser obtidas por meio de colora\u00e7\u00e3o e carboniza\u00e7\u00e3o da madeira. Os tons de madeira natural exalam frescor, o marrom escuro oferece uma vibra\u00e7\u00e3o vintage, o vermelho tingido complementa os temas natalinos e o preto carbonizado apresenta um visual premium. <\/p>\n\n\n\n<h3 class=\"wp-block-heading\">Personaliza\u00e7\u00e3o do logotipo<\/h3>\n\n\n\n<p>Usando t\u00e9cnicas de grava\u00e7\u00e3o a laser ou hot stamping, logotipos corporativos, slogans de Natal (por exemplo, \"Merry Christmas\") e slogans de marca podem ser personalizados na superf\u00edcie de madeira. <\/p>\n<\/div>\n\n\n\n<div class=\"wp-block-column is-vertically-aligned-center is-layout-flow wp-block-column-is-layout-flow\">\n<figure class=\"wp-block-image size-full\"><img alt=\"\" decoding=\"async\" width=\"800\" height=\"800\" src=\"https:\/\/www.usborkeychain.com\/wp-content\/uploads\/Natural-Wood-Christmas-Tree-USB-Flash-Drive.jpg\" class=\"wp-image-4871\" srcset=\"https:\/\/www.usborkeychain.com\/wp-content\/uploads\/Natural-Wood-Christmas-Tree-USB-Flash-Drive.jpg 800w, https:\/\/www.usborkeychain.com\/wp-content\/uploads\/Natural-Wood-Christmas-Tree-USB-Flash-Drive-300x300.jpg 300w, https:\/\/www.usborkeychain.com\/wp-content\/uploads\/Natural-Wood-Christmas-Tree-USB-Flash-Drive-150x150.jpg 150w, https:\/\/www.usborkeychain.com\/wp-content\/uploads\/Natural-Wood-Christmas-Tree-USB-Flash-Drive-768x768.jpg 768w, https:\/\/www.usborkeychain.com\/wp-content\/uploads\/Natural-Wood-Christmas-Tree-USB-Flash-Drive-12x12.jpg 12w, https:\/\/www.usborkeychain.com\/wp-content\/uploads\/Natural-Wood-Christmas-Tree-USB-Flash-Drive-600x600.jpg 600w, https:\/\/www.usborkeychain.com\/wp-content\/uploads\/Natural-Wood-Christmas-Tree-USB-Flash-Drive-100x100.jpg 100w\" sizes=\"(max-width: 800px) 100vw, 800px\" \/><\/figure>\n<\/div>\n<\/div>\n\n\n\n<h2 class=\"wp-block-heading\">Adequado para quais empresas?<\/h2>\n\n\n\n<div class=\"wp-block-columns is-layout-flex wp-container-core-columns-is-layout-28f84493 wp-block-columns-is-layout-flex\">\n<div class=\"wp-block-column is-vertically-aligned-center is-layout-flow wp-block-column-is-layout-flow\">\n<figure class=\"wp-block-image size-full\"><img alt=\"\" decoding=\"async\" width=\"800\" height=\"800\" src=\"https:\/\/www.usborkeychain.com\/wp-content\/uploads\/Handmade-Wooden-Christmas-Tree-USB-Flash-Drive.jpg\" class=\"wp-image-4869\" srcset=\"https:\/\/www.usborkeychain.com\/wp-content\/uploads\/Handmade-Wooden-Christmas-Tree-USB-Flash-Drive.jpg 800w, https:\/\/www.usborkeychain.com\/wp-content\/uploads\/Handmade-Wooden-Christmas-Tree-USB-Flash-Drive-300x300.jpg 300w, https:\/\/www.usborkeychain.com\/wp-content\/uploads\/Handmade-Wooden-Christmas-Tree-USB-Flash-Drive-150x150.jpg 150w, https:\/\/www.usborkeychain.com\/wp-content\/uploads\/Handmade-Wooden-Christmas-Tree-USB-Flash-Drive-768x768.jpg 768w, https:\/\/www.usborkeychain.com\/wp-content\/uploads\/Handmade-Wooden-Christmas-Tree-USB-Flash-Drive-12x12.jpg 12w, https:\/\/www.usborkeychain.com\/wp-content\/uploads\/Handmade-Wooden-Christmas-Tree-USB-Flash-Drive-600x600.jpg 600w, https:\/\/www.usborkeychain.com\/wp-content\/uploads\/Handmade-Wooden-Christmas-Tree-USB-Flash-Drive-100x100.jpg 100w\" sizes=\"(max-width: 800px) 100vw, 800px\" \/><\/figure>\n<\/div>\n\n\n\n<div class=\"wp-block-column is-vertically-aligned-center is-layout-flow wp-block-column-is-layout-flow\">\n<ul class=\"wp-block-list\">\n<li>Lojas de departamento: Como presentes para associados durante a temporada de compras de Natal<\/li>\n\n\n\n<li>Eventos pop-up da marca: Apresentando n\u00fameros esculpidos de edi\u00e7\u00e3o limitada no topo da \u00e1rvore, oferecidos como itens de cole\u00e7\u00e3o com compras m\u00ednimas<\/li>\n\n\n\n<li>Corpora\u00e7\u00f5es multinacionais: Como presentes para os funcion\u00e1rios, gravados com pontos de refer\u00eancia de filiais globais e pr\u00e9-carregados com cart\u00f5es de felicita\u00e7\u00f5es de Ano Novo em v\u00e1rios idiomas<\/li>\n\n\n\n<li>Institui\u00e7\u00f5es educacionais: Para atividades de recrutamento de estudantes<\/li>\n\n\n\n<li>Marcas automotivas: Como brindes para os clientes, com madeira de nogueira manchada de prata e desenhos que remetem ao logotipo da marca<\/li>\n<\/ul>\n<\/div>\n<\/div>\n\n\n\n<div class=\"wp-block-columns is-layout-flex wp-container-core-columns-is-layout-28f84493 wp-block-columns-is-layout-flex\">\n<div class=\"wp-block-column is-layout-flow wp-block-column-is-layout-flow\">\n<p>O <strong>Unidade flash USB Wooden Christmas Tree<\/strong> combina materiais ecologicamente corretos, artesanato requintado e funcionalidade pr\u00e1tica de armazenamento.<\/p>\n\n\n\n<p> Suas especifica\u00e7\u00f5es vers\u00e1teis atendem a diversas necessidades, enquanto os servi\u00e7os de personaliza\u00e7\u00e3o ajudam as empresas a criar presentes exclusivos para as festas de fim de ano.<\/p>\n\n\n\n<p> De varejistas de presentes de Natal a setores de turismo cultural, varejo e educa\u00e7\u00e3o, as empresas podem aproveitar seu design criativo e valor pr\u00e1tico para transmitir desejos de Natal e fortalecer a comunica\u00e7\u00e3o da marca.<\/p>\n<\/div>\n\n\n\n<div class=\"wp-block-column is-layout-flow wp-block-column-is-layout-flow\">\n<figure class=\"wp-block-image size-full\"><img alt=\"\" loading=\"lazy\" decoding=\"async\" width=\"800\" height=\"800\" src=\"https:\/\/www.usborkeychain.com\/wp-content\/uploads\/Festive-Wooden-Tree-USB-Flash-Drive.jpg\" class=\"wp-image-4870\" srcset=\"https:\/\/www.usborkeychain.com\/wp-content\/uploads\/Festive-Wooden-Tree-USB-Flash-Drive.jpg 800w, https:\/\/www.usborkeychain.com\/wp-content\/uploads\/Festive-Wooden-Tree-USB-Flash-Drive-300x300.jpg 300w, https:\/\/www.usborkeychain.com\/wp-content\/uploads\/Festive-Wooden-Tree-USB-Flash-Drive-150x150.jpg 150w, https:\/\/www.usborkeychain.com\/wp-content\/uploads\/Festive-Wooden-Tree-USB-Flash-Drive-768x768.jpg 768w, https:\/\/www.usborkeychain.com\/wp-content\/uploads\/Festive-Wooden-Tree-USB-Flash-Drive-12x12.jpg 12w, https:\/\/www.usborkeychain.com\/wp-content\/uploads\/Festive-Wooden-Tree-USB-Flash-Drive-600x600.jpg 600w, https:\/\/www.usborkeychain.com\/wp-content\/uploads\/Festive-Wooden-Tree-USB-Flash-Drive-100x100.jpg 100w\" sizes=\"(max-width: 800px) 100vw, 800px\" \/><\/figure>\n<\/div>\n<\/div>","protected":false},"excerpt":{"rendered":"<ul>\n<li>Madeira maci\u00e7a natural<\/li>\n<li>\u00c1rvore de Natal<\/li>\n<li>Prote\u00e7\u00e3o ambiental<\/li>\n<li>Personaliza\u00e7\u00e3o do logotipo e da cor<\/li>\n<li>MOQ:100PCS<\/li>\n<\/ul>","protected":false},"featured_media":4872,"comment_status":"open","ping_status":"closed","template":"","meta":{"_seopress_robots_primary_cat":"","_seopress_titles_title":"","_seopress_titles_desc":"","_seopress_robots_index":"","site-sidebar-layout":"default","site-content-layout":"","ast-site-content-layout":"","site-content-style":"default","site-sidebar-style":"default","ast-global-header-display":"","ast-banner-title-visibility":"","ast-main-header-display":"","ast-hfb-above-header-display":"","ast-hfb-below-header-display":"","ast-hfb-mobile-header-display":"","site-post-title":"","ast-breadcrumbs-content":"","ast-featured-img":"","footer-sml-layout":"","theme-transparent-header-meta":"","adv-header-id-meta":"","stick-header-meta":"","header-above-stick-meta":"","header-main-stick-meta":"","header-below-stick-meta":"","astra-migrate-meta-layouts":"default","ast-page-background-enabled":"default","ast-page-background-meta":{"desktop":{"background-color":"var(--ast-global-color-5)","background-image":"","background-repeat":"repeat","background-position":"center center","background-size":"auto","background-attachment":"scroll","background-type":"","background-media":"","overlay-type":"","overlay-color":"","overlay-opacity":"","overlay-gradient":""},"tablet":{"background-color":"","background-image":"","background-repeat":"repeat","background-position":"center center","background-size":"auto","background-attachment":"scroll","background-type":"","background-media":"","overlay-type":"","overlay-color":"","overlay-opacity":"","overlay-gradient":""},"mobile":{"background-color":"","background-image":"","background-repeat":"repeat","background-position":"center center","background-size":"auto","background-attachment":"scroll","background-type":"","background-media":"","overlay-type":"","overlay-color":"","overlay-opacity":"","overlay-gradient":""}},"ast-content-background-meta":{"desktop":{"background-color":"var(--ast-global-color-4)","background-image":"","background-repeat":"repeat","background-position":"center center","background-size":"auto","background-attachment":"scroll","background-type":"","background-media":"","overlay-type":"","overlay-color":"","overlay-opacity":"","overlay-gradient":""},"tablet":{"background-color":"var(--ast-global-color-4)","background-image":"","background-repeat":"repeat","background-position":"center center","background-size":"auto","background-attachment":"scroll","background-type":"","background-media":"","overlay-type":"","overlay-color":"","overlay-opacity":"","overlay-gradient":""},"mobile":{"background-color":"var(--ast-global-color-4)","background-image":"","background-repeat":"repeat","background-position":"center center","background-size":"auto","background-attachment":"scroll","background-type":"","background-media":"","overlay-type":"","overlay-color":"","overlay-opacity":"","overlay-gradient":""}}},"product_brand":[],"product_cat":[168],"product_tag":[299,241],"class_list":{"0":"post-4866","1":"product","2":"type-product","3":"status-publish","4":"has-post-thumbnail","6":"product_cat-wood-usb-flash-drive","7":"product_tag-wooden-christmas-tree-usb-flash-drive","8":"product_tag-wooden-usb-flash-drive","9":"desktop-align-left","10":"tablet-align-left","11":"mobile-align-left","13":"first","14":"instock","15":"shipping-taxable","16":"product-type-simple"},"_links":{"self":[{"href":"https:\/\/www.usborkeychain.com\/pt\/wp-json\/wp\/v2\/product\/4866","targetHints":{"allow":["GET"]}}],"collection":[{"href":"https:\/\/www.usborkeychain.com\/pt\/wp-json\/wp\/v2\/product"}],"about":[{"href":"https:\/\/www.usborkeychain.com\/pt\/wp-json\/wp\/v2\/types\/product"}],"replies":[{"embeddable":true,"href":"https:\/\/www.usborkeychain.com\/pt\/wp-json\/wp\/v2\/comments?post=4866"}],"wp:featuredmedia":[{"embeddable":true,"href":"https:\/\/www.usborkeychain.com\/pt\/wp-json\/wp\/v2\/media\/4872"}],"wp:attachment":[{"href":"https:\/\/www.usborkeychain.com\/pt\/wp-json\/wp\/v2\/media?parent=4866"}],"wp:term":[{"taxonomy":"product_brand","embeddable":true,"href":"https:\/\/www.usborkeychain.com\/pt\/wp-json\/wp\/v2\/product_brand?post=4866"},{"taxonomy":"product_cat","embeddable":true,"href":"https:\/\/www.usborkeychain.com\/pt\/wp-json\/wp\/v2\/product_cat?post=4866"},{"taxonomy":"product_tag","embeddable":true,"href":"https:\/\/www.usborkeychain.com\/pt\/wp-json\/wp\/v2\/product_tag?post=4866"}],"curies":[{"name":"wp","href":"https:\/\/api.w.org\/{rel}","templated":true}]}}