{"id":4963,"date":"2025-07-28T13:15:50","date_gmt":"2025-07-28T13:15:50","guid":{"rendered":"https:\/\/www.usborkeychain.com\/?post_type=product&#038;p=4963"},"modified":"2025-07-29T00:51:24","modified_gmt":"2025-07-29T00:51:24","slug":"foldable-card-shaped-usb-drive","status":"publish","type":"product","link":"https:\/\/www.usborkeychain.com\/pt\/produto\/foldable-card-shaped-usb-drive\/","title":{"rendered":"Unidade USB dobr\u00e1vel em formato de cart\u00e3o"},"content":{"rendered":"<div class=\"wp-block-columns is-layout-flex wp-container-core-columns-is-layout-28f84493 wp-block-columns-is-layout-flex\">\n<div class=\"wp-block-column is-vertically-aligned-center is-layout-flow wp-block-column-is-layout-flow\">\n<p>O <strong>Unidade USB dobr\u00e1vel em formato de cart\u00e3o<\/strong> \u00e9 feito principalmente de alta qualidade <strong>Pl\u00e1stico ABS<\/strong>. Esse material tem excelente resist\u00eancia \u00e0 abras\u00e3o e a choques, o que pode proteger com efic\u00e1cia os componentes de armazenamento interno. O corpo principal da unidade pode ser dobrado ao meio. O corpo da unidade USB est\u00e1 completamente embutido no slot do cart\u00e3o. Quando dobrado, os contatos dourados do USB n\u00e3o ficam expostos e, quando fechado, a interface fica fisicamente isolada para evitar danos. Ele \u00e9 altamente port\u00e1til e pode ser facilmente colocado em uma carteira ou em um porta-cart\u00f5es de visita. Com excelentes recursos de seguran\u00e7a e privacidade, ele \u00e9 conveniente para o uso di\u00e1rio e pode proteger a seguran\u00e7a dos dados.<\/p>\n<\/div>\n\n\n\n<div class=\"wp-block-column is-vertically-aligned-center is-layout-flow wp-block-column-is-layout-flow\">\n<figure class=\"wp-block-image size-full\"><img alt=\"\" fetchpriority=\"high\" decoding=\"async\" width=\"800\" height=\"800\" src=\"https:\/\/www.usborkeychain.com\/wp-content\/uploads\/custom-credit-card-usb-drive.png\" class=\"wp-image-4969\" srcset=\"https:\/\/www.usborkeychain.com\/wp-content\/uploads\/custom-credit-card-usb-drive.png 800w, https:\/\/www.usborkeychain.com\/wp-content\/uploads\/custom-credit-card-usb-drive-300x300.png 300w, https:\/\/www.usborkeychain.com\/wp-content\/uploads\/custom-credit-card-usb-drive-150x150.png 150w, https:\/\/www.usborkeychain.com\/wp-content\/uploads\/custom-credit-card-usb-drive-768x768.png 768w, https:\/\/www.usborkeychain.com\/wp-content\/uploads\/custom-credit-card-usb-drive-12x12.png 12w, https:\/\/www.usborkeychain.com\/wp-content\/uploads\/custom-credit-card-usb-drive-600x600.png 600w, https:\/\/www.usborkeychain.com\/wp-content\/uploads\/custom-credit-card-usb-drive-100x100.png 100w\" sizes=\"(max-width: 800px) 100vw, 800px\" \/><\/figure>\n<\/div>\n<\/div>\n\n\n\n<h2 class=\"wp-block-heading\">Par\u00e2metros da unidade USB<\/h2>\n\n\n\n<figure class=\"wp-block-table\"><table class=\"has-fixed-layout\"><thead><tr><th>Categoria de par\u00e2metro<\/th><th>Conte\u00fado espec\u00edfico<\/th><\/tr><\/thead><tbody><tr><td>Capacidade de armazenamento<\/td><td>4 GB, 8 GB, 16 GB, 32 GB, 64 GB, 128 GB<br><\/td><\/tr><tr><td>Dimens\u00f5es (comprimento \u00d7 largura \u00d7 espessura)<\/td><td>85 mm \u00d7 54 mm \u00d7 5 mm<\/td><\/tr><tr><td>Peso<\/td><td>Aproximadamente 12 a 18 gramas<\/td><\/tr><\/tbody><\/table><\/figure>\n\n\n\n<h2 class=\"wp-block-heading\">A personaliza\u00e7\u00e3o de padr\u00f5es est\u00e1 dispon\u00edvel?<\/h2>\n\n\n\n<div class=\"wp-block-columns is-layout-flex wp-container-core-columns-is-layout-28f84493 wp-block-columns-is-layout-flex\">\n<div class=\"wp-block-column is-vertically-aligned-center is-layout-flow wp-block-column-is-layout-flow\">\n<figure class=\"wp-block-image size-full\"><img alt=\"\" decoding=\"async\" width=\"800\" height=\"800\" src=\"https:\/\/www.usborkeychain.com\/wp-content\/uploads\/card-usb-drives.png\" class=\"wp-image-4967\" srcset=\"https:\/\/www.usborkeychain.com\/wp-content\/uploads\/card-usb-drives.png 800w, https:\/\/www.usborkeychain.com\/wp-content\/uploads\/card-usb-drives-300x300.png 300w, https:\/\/www.usborkeychain.com\/wp-content\/uploads\/card-usb-drives-150x150.png 150w, https:\/\/www.usborkeychain.com\/wp-content\/uploads\/card-usb-drives-768x768.png 768w, https:\/\/www.usborkeychain.com\/wp-content\/uploads\/card-usb-drives-12x12.png 12w, https:\/\/www.usborkeychain.com\/wp-content\/uploads\/card-usb-drives-600x600.png 600w, https:\/\/www.usborkeychain.com\/wp-content\/uploads\/card-usb-drives-100x100.png 100w\" sizes=\"(max-width: 800px) 100vw, 800px\" \/><\/figure>\n<\/div>\n\n\n\n<div class=\"wp-block-column is-vertically-aligned-center is-layout-flow wp-block-column-is-layout-flow\">\n<p>O <strong>Unidade USB dobr\u00e1vel em formato de cart\u00e3o<\/strong> oferece suporte a uma ampla gama de servi\u00e7os de personaliza\u00e7\u00e3o de padr\u00f5es. Os processos de impress\u00e3o comuns incluem a impress\u00e3o em tela de seda, que \u00e9 adequada para padr\u00f5es de uma \u00fanica cor ou multicoloridos simples. Ela tem um custo relativamente baixo e \u00e9 f\u00e1cil de operar, permitindo uma r\u00e1pida personaliza\u00e7\u00e3o. <\/p>\n\n\n\n<p>A impress\u00e3o colorida pode ser feita em cores e com alta defini\u00e7\u00e3o de padr\u00f5es, restaurando com precis\u00e3o desenhos complexos e tornando os padr\u00f5es v\u00edvidos. <\/p>\n\n\n\n<p>A impress\u00e3o por transfer\u00eancia t\u00e9rmica oferece alta durabilidade das cores, e os padr\u00f5es n\u00e3o s\u00e3o f\u00e1ceis de desbotar ou descascar, podendo criar efeitos de personaliza\u00e7\u00e3o de alta qualidade para atender aos requisitos de or\u00e7amento e qualidade de diferentes clientes para personaliza\u00e7\u00e3o.<\/p>\n<\/div>\n<\/div>\n\n\n\n<h2 class=\"wp-block-heading\">Quanto custa a unidade USB dobr\u00e1vel em forma de cart\u00e3o mais barata?<\/h2>\n\n\n\n<div class=\"wp-block-columns is-layout-flex wp-container-core-columns-is-layout-28f84493 wp-block-columns-is-layout-flex\">\n<div class=\"wp-block-column is-vertically-aligned-center is-layout-flow wp-block-column-is-layout-flow\">\n<p>O pre\u00e7o do produto mais barato <strong>Unidade USB dobr\u00e1vel em formato de cart\u00e3o <\/strong>varia de acordo com fatores como capacidade, requisitos de personaliza\u00e7\u00e3o e quantidade do pedido. Recomenda-se consultar os fornecedores antes da compra para obter uma cota\u00e7\u00e3o de pre\u00e7o precisa.<\/p>\n<\/div>\n\n\n\n<div class=\"wp-block-column is-vertically-aligned-center is-layout-flow wp-block-column-is-layout-flow\">\n<figure class=\"wp-block-image size-full\"><img alt=\"\" decoding=\"async\" width=\"800\" height=\"800\" src=\"https:\/\/www.usborkeychain.com\/wp-content\/uploads\/credit-card-flash-drive.png\" class=\"wp-image-4968\" srcset=\"https:\/\/www.usborkeychain.com\/wp-content\/uploads\/credit-card-flash-drive.png 800w, https:\/\/www.usborkeychain.com\/wp-content\/uploads\/credit-card-flash-drive-300x300.png 300w, https:\/\/www.usborkeychain.com\/wp-content\/uploads\/credit-card-flash-drive-150x150.png 150w, https:\/\/www.usborkeychain.com\/wp-content\/uploads\/credit-card-flash-drive-768x768.png 768w, https:\/\/www.usborkeychain.com\/wp-content\/uploads\/credit-card-flash-drive-12x12.png 12w, https:\/\/www.usborkeychain.com\/wp-content\/uploads\/credit-card-flash-drive-600x600.png 600w, https:\/\/www.usborkeychain.com\/wp-content\/uploads\/credit-card-flash-drive-100x100.png 100w\" sizes=\"(max-width: 800px) 100vw, 800px\" \/><\/figure>\n<\/div>\n<\/div>\n\n\n\n<h2 class=\"wp-block-heading\">Quem pode us\u00e1-lo?<\/h2>\n\n\n\n<div class=\"wp-block-columns is-layout-flex wp-container-core-columns-is-layout-28f84493 wp-block-columns-is-layout-flex\">\n<div class=\"wp-block-column is-vertically-aligned-center is-layout-flow wp-block-column-is-layout-flow\">\n<figure class=\"wp-block-image size-full\"><img alt=\"\" loading=\"lazy\" decoding=\"async\" width=\"800\" height=\"800\" src=\"https:\/\/www.usborkeychain.com\/wp-content\/uploads\/Fold-credit-Card-USB.png\" class=\"wp-image-4970\" srcset=\"https:\/\/www.usborkeychain.com\/wp-content\/uploads\/Fold-credit-Card-USB.png 800w, https:\/\/www.usborkeychain.com\/wp-content\/uploads\/Fold-credit-Card-USB-300x300.png 300w, https:\/\/www.usborkeychain.com\/wp-content\/uploads\/Fold-credit-Card-USB-150x150.png 150w, https:\/\/www.usborkeychain.com\/wp-content\/uploads\/Fold-credit-Card-USB-768x768.png 768w, https:\/\/www.usborkeychain.com\/wp-content\/uploads\/Fold-credit-Card-USB-12x12.png 12w, https:\/\/www.usborkeychain.com\/wp-content\/uploads\/Fold-credit-Card-USB-600x600.png 600w, https:\/\/www.usborkeychain.com\/wp-content\/uploads\/Fold-credit-Card-USB-100x100.png 100w\" sizes=\"(max-width: 800px) 100vw, 800px\" \/><\/figure>\n<\/div>\n\n\n\n<div class=\"wp-block-column is-vertically-aligned-center is-layout-flow wp-block-column-is-layout-flow\">\n<ul class=\"wp-block-list\">\n<li><strong>Pessoas de neg\u00f3cios<\/strong>: O uso de uma unidade USB dobr\u00e1vel em forma de cart\u00e3o impressa com o logotipo da empresa n\u00e3o apenas apresenta uma imagem profissional, mas tamb\u00e9m ajuda a divulgar a marca por meio do cart\u00e3o.<\/li>\n\n\n\n<li><strong>Estudantes<\/strong>: Depois de dobrado, ele n\u00e3o ocupa muito espa\u00e7o em um estojo ou mochila escolar. <\/li>\n\n\n\n<li><strong>Profissionais culturais e criativos<\/strong>: A personaliza\u00e7\u00e3o de padr\u00f5es culturais e criativos exclusivos faz com que ele n\u00e3o seja apenas uma ferramenta pr\u00e1tica de armazenamento, mas tamb\u00e9m um suporte para a criatividade.<\/li>\n\n\n\n<li><strong>Planejadores de eventos<\/strong>: Como lembran\u00e7as de eventos ou brindes promocionais, a personaliza\u00e7\u00e3o de padr\u00f5es e informa\u00e7\u00f5es tem\u00e1ticos de eventos pode disseminar continuamente a influ\u00eancia do evento e da marca quando os participantes os utilizam na vida cotidiana.<\/li>\n<\/ul>\n<\/div>\n<\/div>\n\n\n\n<div class=\"wp-block-columns is-layout-flex wp-container-core-columns-is-layout-28f84493 wp-block-columns-is-layout-flex\">\n<div class=\"wp-block-column is-vertically-aligned-center is-layout-flow wp-block-column-is-layout-flow\">\n<p>O <strong>Unidade USB dobr\u00e1vel em formato de cart\u00e3o<\/strong>O produto, com seu design inovador de dobramento e armazenamento, diversas op\u00e7\u00f5es de par\u00e2metros e servi\u00e7os flex\u00edveis de personaliza\u00e7\u00e3o, \u00e9 adequado para v\u00e1rios cen\u00e1rios e grupos de usu\u00e1rios, como neg\u00f3cios, estudos e \u00e1reas culturais e criativas. <\/p>\n\n\n\n<p>Al\u00e9m de garantir a seguran\u00e7a do armazenamento de dados, ele tamb\u00e9m combina portabilidade e fun\u00e7\u00f5es promocionais. <\/p>\n\n\n\n<p>Seja para atender \u00e0s necessidades di\u00e1rias de armazenamento ou para apoiar a promo\u00e7\u00e3o da marca corporativa, ele tem um desempenho excepcional, trazendo op\u00e7\u00f5es novas e pr\u00e1ticas para o mercado de dispositivos de armazenamento.<\/p>\n<\/div>\n\n\n\n<div class=\"wp-block-column is-vertically-aligned-center is-layout-flow wp-block-column-is-layout-flow\">\n<figure class=\"wp-block-image size-full\"><img alt=\"\" loading=\"lazy\" decoding=\"async\" width=\"800\" height=\"800\" src=\"https:\/\/www.usborkeychain.com\/wp-content\/uploads\/Card-Flip-USB-Flash-Drive.png\" class=\"wp-image-4966\" srcset=\"https:\/\/www.usborkeychain.com\/wp-content\/uploads\/Card-Flip-USB-Flash-Drive.png 800w, https:\/\/www.usborkeychain.com\/wp-content\/uploads\/Card-Flip-USB-Flash-Drive-300x300.png 300w, https:\/\/www.usborkeychain.com\/wp-content\/uploads\/Card-Flip-USB-Flash-Drive-150x150.png 150w, https:\/\/www.usborkeychain.com\/wp-content\/uploads\/Card-Flip-USB-Flash-Drive-768x768.png 768w, https:\/\/www.usborkeychain.com\/wp-content\/uploads\/Card-Flip-USB-Flash-Drive-12x12.png 12w, https:\/\/www.usborkeychain.com\/wp-content\/uploads\/Card-Flip-USB-Flash-Drive-600x600.png 600w, https:\/\/www.usborkeychain.com\/wp-content\/uploads\/Card-Flip-USB-Flash-Drive-100x100.png 100w\" sizes=\"(max-width: 800px) 100vw, 800px\" \/><\/figure>\n<\/div>\n<\/div>","protected":false},"excerpt":{"rendered":"<ul>\n<li>Pl\u00e1stico ABS<\/li>\n<li>Design do cart\u00e3o<\/li>\n<li>Velocidade mais r\u00e1pida e alta qualidade<\/li>\n<li>Confi\u00e1vel e seguro<\/li>\n<li>MOQ:100pcs<\/li>\n<\/ul>","protected":false},"featured_media":4970,"comment_status":"open","ping_status":"closed","template":"","meta":{"_seopress_robots_primary_cat":"","_seopress_titles_title":"","_seopress_titles_desc":"","_seopress_robots_index":"","site-sidebar-layout":"default","site-content-layout":"","ast-site-content-layout":"","site-content-style":"default","site-sidebar-style":"default","ast-global-header-display":"","ast-banner-title-visibility":"","ast-main-header-display":"","ast-hfb-above-header-display":"","ast-hfb-below-header-display":"","ast-hfb-mobile-header-display":"","site-post-title":"","ast-breadcrumbs-content":"","ast-featured-img":"","footer-sml-layout":"","theme-transparent-header-meta":"","adv-header-id-meta":"","stick-header-meta":"","header-above-stick-meta":"","header-main-stick-meta":"","header-below-stick-meta":"","astra-migrate-meta-layouts":"default","ast-page-background-enabled":"default","ast-page-background-meta":{"desktop":{"background-color":"var(--ast-global-color-5)","background-image":"","background-repeat":"repeat","background-position":"center center","background-size":"auto","background-attachment":"scroll","background-type":"","background-media":"","overlay-type":"","overlay-color":"","overlay-opacity":"","overlay-gradient":""},"tablet":{"background-color":"","background-image":"","background-repeat":"repeat","background-position":"center center","background-size":"auto","background-attachment":"scroll","background-type":"","background-media":"","overlay-type":"","overlay-color":"","overlay-opacity":"","overlay-gradient":""},"mobile":{"background-color":"","background-image":"","background-repeat":"repeat","background-position":"center center","background-size":"auto","background-attachment":"scroll","background-type":"","background-media":"","overlay-type":"","overlay-color":"","overlay-opacity":"","overlay-gradient":""}},"ast-content-background-meta":{"desktop":{"background-color":"var(--ast-global-color-4)","background-image":"","background-repeat":"repeat","background-position":"center center","background-size":"auto","background-attachment":"scroll","background-type":"","background-media":"","overlay-type":"","overlay-color":"","overlay-opacity":"","overlay-gradient":""},"tablet":{"background-color":"var(--ast-global-color-4)","background-image":"","background-repeat":"repeat","background-position":"center center","background-size":"auto","background-attachment":"scroll","background-type":"","background-media":"","overlay-type":"","overlay-color":"","overlay-opacity":"","overlay-gradient":""},"mobile":{"background-color":"var(--ast-global-color-4)","background-image":"","background-repeat":"repeat","background-position":"center center","background-size":"auto","background-attachment":"scroll","background-type":"","background-media":"","overlay-type":"","overlay-color":"","overlay-opacity":"","overlay-gradient":""}}},"product_brand":[],"product_cat":[96],"product_tag":[303,302],"class_list":{"0":"post-4963","1":"product","2":"type-product","3":"status-publish","4":"has-post-thumbnail","6":"product_cat-card-usb-pendrive","7":"product_tag-card-usb-flash-drive","8":"product_tag-foldable-card-shaped-usb-drive","9":"desktop-align-left","10":"tablet-align-left","11":"mobile-align-left","13":"first","14":"instock","15":"shipping-taxable","16":"product-type-simple"},"_links":{"self":[{"href":"https:\/\/www.usborkeychain.com\/pt\/wp-json\/wp\/v2\/product\/4963","targetHints":{"allow":["GET"]}}],"collection":[{"href":"https:\/\/www.usborkeychain.com\/pt\/wp-json\/wp\/v2\/product"}],"about":[{"href":"https:\/\/www.usborkeychain.com\/pt\/wp-json\/wp\/v2\/types\/product"}],"replies":[{"embeddable":true,"href":"https:\/\/www.usborkeychain.com\/pt\/wp-json\/wp\/v2\/comments?post=4963"}],"wp:featuredmedia":[{"embeddable":true,"href":"https:\/\/www.usborkeychain.com\/pt\/wp-json\/wp\/v2\/media\/4970"}],"wp:attachment":[{"href":"https:\/\/www.usborkeychain.com\/pt\/wp-json\/wp\/v2\/media?parent=4963"}],"wp:term":[{"taxonomy":"product_brand","embeddable":true,"href":"https:\/\/www.usborkeychain.com\/pt\/wp-json\/wp\/v2\/product_brand?post=4963"},{"taxonomy":"product_cat","embeddable":true,"href":"https:\/\/www.usborkeychain.com\/pt\/wp-json\/wp\/v2\/product_cat?post=4963"},{"taxonomy":"product_tag","embeddable":true,"href":"https:\/\/www.usborkeychain.com\/pt\/wp-json\/wp\/v2\/product_tag?post=4963"}],"curies":[{"name":"wp","href":"https:\/\/api.w.org\/{rel}","templated":true}]}}