{"id":4994,"date":"2025-07-28T14:02:04","date_gmt":"2025-07-28T14:02:04","guid":{"rendered":"https:\/\/www.usborkeychain.com\/?post_type=product&#038;p=4994"},"modified":"2025-07-29T00:51:40","modified_gmt":"2025-07-29T00:51:40","slug":"square-card-usb-drive","status":"publish","type":"product","link":"https:\/\/www.usborkeychain.com\/pt\/produto\/square-card-usb-drive\/","title":{"rendered":"Unidade USB de cart\u00e3o quadrado"},"content":{"rendered":"<div class=\"wp-block-columns is-layout-flex wp-container-core-columns-is-layout-28f84493 wp-block-columns-is-layout-flex\">\n<div class=\"wp-block-column is-vertically-aligned-center is-layout-flow wp-block-column-is-layout-flow\">\n<figure class=\"wp-block-image size-full\"><img alt=\"\" fetchpriority=\"high\" decoding=\"async\" width=\"800\" height=\"800\" src=\"https:\/\/www.usborkeychain.com\/wp-content\/uploads\/wafer-usb-card.png\" class=\"wp-image-5004\" srcset=\"https:\/\/www.usborkeychain.com\/wp-content\/uploads\/wafer-usb-card.png 800w, https:\/\/www.usborkeychain.com\/wp-content\/uploads\/wafer-usb-card-300x300.png 300w, https:\/\/www.usborkeychain.com\/wp-content\/uploads\/wafer-usb-card-150x150.png 150w, https:\/\/www.usborkeychain.com\/wp-content\/uploads\/wafer-usb-card-768x768.png 768w, https:\/\/www.usborkeychain.com\/wp-content\/uploads\/wafer-usb-card-12x12.png 12w, https:\/\/www.usborkeychain.com\/wp-content\/uploads\/wafer-usb-card-600x600.png 600w, https:\/\/www.usborkeychain.com\/wp-content\/uploads\/wafer-usb-card-100x100.png 100w\" sizes=\"(max-width: 800px) 100vw, 800px\" \/><\/figure>\n<\/div>\n\n\n\n<div class=\"wp-block-column is-vertically-aligned-center is-layout-flow wp-block-column-is-layout-flow\">\n<p><strong>Unidades USB de cart\u00e3o quadrado<\/strong> s\u00e3o feitos principalmente de pl\u00e1stico ABS dur\u00e1vel, que combina resist\u00eancia e leveza. S\u00e3o de tamanho pequeno, semelhante \u00e0s dimens\u00f5es dos cart\u00f5es de visita comuns. Podem ser facilmente colocados em carteiras ou porta-cart\u00f5es de visita. Normalmente pesando apenas 10 gramas, s\u00e3o extremamente leves e n\u00e3o causam nenhum peso durante o transporte di\u00e1rio.<\/p>\n\n\n\n<p>O corpo da unidade USB est\u00e1 embutido na camada intermedi\u00e1ria do cart\u00e3o. Ele pode ser retirado para uso imediato e, quando retra\u00eddo, um mecanismo de travamento autom\u00e1tico impede que ele caia. <\/p>\n\n\n\n<p>A apar\u00eancia em forma de cart\u00e3o oferece uma excelente plataforma para publicidade. As empresas podem imprimir logotipos de marcas, slogans promocionais e informa\u00e7\u00f5es sobre produtos na superf\u00edcie do cart\u00e3o, obtendo efeitos de publicidade duradouros e proeminentes.<\/p>\n<\/div>\n<\/div>\n\n\n\n<h2 class=\"wp-block-heading\">Par\u00e2metros da unidade USB<\/h2>\n\n\n\n<figure class=\"wp-block-table\"><table class=\"has-fixed-layout\"><thead><tr><th>Categoria de par\u00e2metro<\/th><th>Conte\u00fado espec\u00edfico<\/th><\/tr><\/thead><tbody><tr><td>Capacidade de armazenamento<\/td><td>8 GB, 16 GB, 32 GB, 64 GB, 128 GB<\/td><\/tr><tr><td>Dimens\u00f5es (comprimento \u00d7 largura \u00d7 espessura)<\/td><td>54mm\u00d754mm\u00d73mm<\/td><\/tr><tr><td>Peso<\/td><td>Aproximadamente 10 a 15 gramas<\/td><\/tr><\/tbody><\/table><\/figure>\n\n\n\n<h2 class=\"wp-block-heading\">O que pode ser personalizado para esse tipo de unidade USB?<\/h2>\n\n\n\n<div class=\"wp-block-columns is-layout-flex wp-container-core-columns-is-layout-28f84493 wp-block-columns-is-layout-flex\">\n<div class=\"wp-block-column is-vertically-aligned-center is-layout-flow wp-block-column-is-layout-flow\">\n<p><strong>Unidades USB de cart\u00e3o quadrado<\/strong> suportam a personaliza\u00e7\u00e3o de logotipos e padr\u00f5es. Seja um logotipo de marca corporativa, um padr\u00e3o tem\u00e1tico de evento ou um design personalizado, todos eles podem ser apresentados com precis\u00e3o.<\/p>\n\n\n\n<p>H\u00e1 v\u00e1rios processos de impress\u00e3o dispon\u00edveis. A impress\u00e3o em tela de seda \u00e9 adequada para logotipos e padr\u00f5es simples de uma \u00fanica cor e de v\u00e1rias cores. Ela tem baixo custo e alta efici\u00eancia. A impress\u00e3o em cores UV pode obter imagens coloridas e de alta defini\u00e7\u00e3o com alto grau de restaura\u00e7\u00e3o, apresentando com efic\u00e1cia designs complexos e requintados. A impress\u00e3o por transfer\u00eancia de calor oferece cores duradouras, e os padr\u00f5es n\u00e3o s\u00e3o propensos ao desbotamento, atendendo aos requisitos de personaliza\u00e7\u00e3o de alta qualidade em termos de diferentes or\u00e7amentos e efeitos desejados.<\/p>\n<\/div>\n\n\n\n<div class=\"wp-block-column is-layout-flow wp-block-column-is-layout-flow\">\n<figure class=\"wp-block-image size-full\"><img alt=\"\" decoding=\"async\" width=\"800\" height=\"800\" src=\"https:\/\/www.usborkeychain.com\/wp-content\/uploads\/business-card-usb-drive.png\" class=\"wp-image-4997\" srcset=\"https:\/\/www.usborkeychain.com\/wp-content\/uploads\/business-card-usb-drive.png 800w, https:\/\/www.usborkeychain.com\/wp-content\/uploads\/business-card-usb-drive-300x300.png 300w, https:\/\/www.usborkeychain.com\/wp-content\/uploads\/business-card-usb-drive-150x150.png 150w, https:\/\/www.usborkeychain.com\/wp-content\/uploads\/business-card-usb-drive-768x768.png 768w, https:\/\/www.usborkeychain.com\/wp-content\/uploads\/business-card-usb-drive-12x12.png 12w, https:\/\/www.usborkeychain.com\/wp-content\/uploads\/business-card-usb-drive-600x600.png 600w, https:\/\/www.usborkeychain.com\/wp-content\/uploads\/business-card-usb-drive-100x100.png 100w\" sizes=\"(max-width: 800px) 100vw, 800px\" \/><\/figure>\n<\/div>\n<\/div>\n\n\n\n<h2 class=\"wp-block-heading\">Que tipos de drives USB em formato de cart\u00e3o quadrado est\u00e3o dispon\u00edveis?<\/h2>\n\n\n\n<div class=\"wp-block-columns is-layout-flex wp-container-core-columns-is-layout-28f84493 wp-block-columns-is-layout-flex\">\n<div class=\"wp-block-column is-vertically-aligned-center is-layout-flow wp-block-column-is-layout-flow\">\n<figure class=\"wp-block-image size-full\"><img alt=\"\" decoding=\"async\" width=\"800\" height=\"800\" src=\"https:\/\/www.usborkeychain.com\/wp-content\/uploads\/Card-Shaped-USB-Drive.png\" class=\"wp-image-4998\" srcset=\"https:\/\/www.usborkeychain.com\/wp-content\/uploads\/Card-Shaped-USB-Drive.png 800w, https:\/\/www.usborkeychain.com\/wp-content\/uploads\/Card-Shaped-USB-Drive-300x300.png 300w, https:\/\/www.usborkeychain.com\/wp-content\/uploads\/Card-Shaped-USB-Drive-150x150.png 150w, https:\/\/www.usborkeychain.com\/wp-content\/uploads\/Card-Shaped-USB-Drive-768x768.png 768w, https:\/\/www.usborkeychain.com\/wp-content\/uploads\/Card-Shaped-USB-Drive-12x12.png 12w, https:\/\/www.usborkeychain.com\/wp-content\/uploads\/Card-Shaped-USB-Drive-600x600.png 600w, https:\/\/www.usborkeychain.com\/wp-content\/uploads\/Card-Shaped-USB-Drive-100x100.png 100w\" sizes=\"(max-width: 800px) 100vw, 800px\" \/><\/figure>\n<\/div>\n\n\n\n<div class=\"wp-block-column is-vertically-aligned-center is-layout-flow wp-block-column-is-layout-flow\">\n<p>Quando classificados por fun\u00e7\u00e3o e design:<\/p>\n\n\n\n<ul class=\"wp-block-list\">\n<li><strong>Tipo de armazenamento b\u00e1sico<\/strong>: Concentra-se no armazenamento e na transfer\u00eancia de dados.<\/li>\n\n\n\n<li><strong>Tipo de tema criativo<\/strong>: Por exemplo, temas de feriados (como Natal, Ano Novo) e temas de marca conjunta de IP (como personagens de anime e filmes).<\/li>\n\n\n\n<li><strong>Tipo de personaliza\u00e7\u00e3o corporativa<\/strong>: Integra-se profundamente \u00e0 imagem corporativa, com personaliza\u00e7\u00e3o abrangente, desde a apar\u00eancia at\u00e9 a embalagem.<\/li>\n<\/ul>\n<\/div>\n<\/div>\n\n\n\n<h2 class=\"wp-block-heading\">Quem s\u00e3o os usu\u00e1rios-alvo?<\/h2>\n\n\n\n<div class=\"wp-block-columns is-layout-flex wp-container-core-columns-is-layout-28f84493 wp-block-columns-is-layout-flex\">\n<div class=\"wp-block-column is-vertically-aligned-top is-layout-flow wp-block-column-is-layout-flow\">\n<figure class=\"wp-block-image size-full\"><img alt=\"\" loading=\"lazy\" decoding=\"async\" width=\"800\" height=\"800\" src=\"https:\/\/www.usborkeychain.com\/wp-content\/uploads\/Slim-Card-USB-Drive.png\" class=\"wp-image-5002\" srcset=\"https:\/\/www.usborkeychain.com\/wp-content\/uploads\/Slim-Card-USB-Drive.png 800w, https:\/\/www.usborkeychain.com\/wp-content\/uploads\/Slim-Card-USB-Drive-300x300.png 300w, https:\/\/www.usborkeychain.com\/wp-content\/uploads\/Slim-Card-USB-Drive-150x150.png 150w, https:\/\/www.usborkeychain.com\/wp-content\/uploads\/Slim-Card-USB-Drive-768x768.png 768w, https:\/\/www.usborkeychain.com\/wp-content\/uploads\/Slim-Card-USB-Drive-12x12.png 12w, https:\/\/www.usborkeychain.com\/wp-content\/uploads\/Slim-Card-USB-Drive-600x600.png 600w, https:\/\/www.usborkeychain.com\/wp-content\/uploads\/Slim-Card-USB-Drive-100x100.png 100w\" sizes=\"(max-width: 800px) 100vw, 800px\" \/><\/figure>\n\n\n\n<figure class=\"wp-block-image size-full\"><img alt=\"\" loading=\"lazy\" decoding=\"async\" width=\"800\" height=\"800\" src=\"https:\/\/www.usborkeychain.com\/wp-content\/uploads\/Slim-Card-USB-flash-drive.png\" class=\"wp-image-5003\" srcset=\"https:\/\/www.usborkeychain.com\/wp-content\/uploads\/Slim-Card-USB-flash-drive.png 800w, https:\/\/www.usborkeychain.com\/wp-content\/uploads\/Slim-Card-USB-flash-drive-300x300.png 300w, https:\/\/www.usborkeychain.com\/wp-content\/uploads\/Slim-Card-USB-flash-drive-150x150.png 150w, https:\/\/www.usborkeychain.com\/wp-content\/uploads\/Slim-Card-USB-flash-drive-768x768.png 768w, https:\/\/www.usborkeychain.com\/wp-content\/uploads\/Slim-Card-USB-flash-drive-12x12.png 12w, https:\/\/www.usborkeychain.com\/wp-content\/uploads\/Slim-Card-USB-flash-drive-600x600.png 600w, https:\/\/www.usborkeychain.com\/wp-content\/uploads\/Slim-Card-USB-flash-drive-100x100.png 100w\" sizes=\"(max-width: 800px) 100vw, 800px\" \/><\/figure>\n<\/div>\n\n\n\n<div class=\"wp-block-column is-vertically-aligned-center is-layout-flow wp-block-column-is-layout-flow\">\n<ul class=\"wp-block-list\">\n<li><strong>Pessoas de neg\u00f3cios<\/strong>: Ajuda a projetar uma imagem profissional e \u00e9 conveniente para o interc\u00e2mbio com os clientes, facilitando o desenvolvimento dos neg\u00f3cios.<\/li>\n\n\n\n<li><strong>Estudantes<\/strong>: Eles podem us\u00e1-lo para armazenar anota\u00e7\u00f5es de aula, tarefas, material did\u00e1tico etc. Al\u00e9m disso, podem personalizar padr\u00f5es relacionados a atividades ou clubes do campus para mostrar sua individualidade.<\/li>\n\n\n\n<li><strong>Entusiastas culturais e criativos<\/strong>: Eles buscam ferramentas de armazenamento exclusivas e podem personalizar seus padr\u00f5es culturais e criativos favoritos ou obras de arte.<\/li>\n\n\n\n<li><strong>Profissionais de marketing<\/strong>: Pode ser distribu\u00eddo como brinde promocional.<\/li>\n<\/ul>\n<\/div>\n\n\n\n<div class=\"wp-block-column is-vertically-aligned-top is-layout-flow wp-block-column-is-layout-flow\">\n<figure class=\"wp-block-image size-full\"><img alt=\"\" loading=\"lazy\" decoding=\"async\" width=\"800\" height=\"800\" src=\"https:\/\/www.usborkeychain.com\/wp-content\/uploads\/custom-credit-card-usb-drive-1.png\" class=\"wp-image-5001\" srcset=\"https:\/\/www.usborkeychain.com\/wp-content\/uploads\/custom-credit-card-usb-drive-1.png 800w, https:\/\/www.usborkeychain.com\/wp-content\/uploads\/custom-credit-card-usb-drive-1-300x300.png 300w, https:\/\/www.usborkeychain.com\/wp-content\/uploads\/custom-credit-card-usb-drive-1-150x150.png 150w, https:\/\/www.usborkeychain.com\/wp-content\/uploads\/custom-credit-card-usb-drive-1-768x768.png 768w, https:\/\/www.usborkeychain.com\/wp-content\/uploads\/custom-credit-card-usb-drive-1-12x12.png 12w, https:\/\/www.usborkeychain.com\/wp-content\/uploads\/custom-credit-card-usb-drive-1-600x600.png 600w, https:\/\/www.usborkeychain.com\/wp-content\/uploads\/custom-credit-card-usb-drive-1-100x100.png 100w\" sizes=\"(max-width: 800px) 100vw, 800px\" \/><\/figure>\n\n\n\n<figure class=\"wp-block-image size-full\"><img alt=\"\" loading=\"lazy\" decoding=\"async\" width=\"800\" height=\"800\" src=\"https:\/\/www.usborkeychain.com\/wp-content\/uploads\/Credit-Card-Flash-Drive-1.png\" class=\"wp-image-5000\" srcset=\"https:\/\/www.usborkeychain.com\/wp-content\/uploads\/Credit-Card-Flash-Drive-1.png 800w, https:\/\/www.usborkeychain.com\/wp-content\/uploads\/Credit-Card-Flash-Drive-1-300x300.png 300w, https:\/\/www.usborkeychain.com\/wp-content\/uploads\/Credit-Card-Flash-Drive-1-150x150.png 150w, https:\/\/www.usborkeychain.com\/wp-content\/uploads\/Credit-Card-Flash-Drive-1-768x768.png 768w, https:\/\/www.usborkeychain.com\/wp-content\/uploads\/Credit-Card-Flash-Drive-1-12x12.png 12w, https:\/\/www.usborkeychain.com\/wp-content\/uploads\/Credit-Card-Flash-Drive-1-600x600.png 600w, https:\/\/www.usborkeychain.com\/wp-content\/uploads\/Credit-Card-Flash-Drive-1-100x100.png 100w\" sizes=\"(max-width: 800px) 100vw, 800px\" \/><\/figure>\n<\/div>\n<\/div>\n\n\n\n<div class=\"wp-block-columns is-layout-flex wp-container-core-columns-is-layout-28f84493 wp-block-columns-is-layout-flex\">\n<div class=\"wp-block-column is-vertically-aligned-center is-layout-flow wp-block-column-is-layout-flow\">\n<p>O <strong>cart\u00e3o quadrado unidade USB<\/strong>Com sua apar\u00eancia compacta e port\u00e1til, recursos de personaliza\u00e7\u00e3o flex\u00edveis e diversos tipos, \u00e9 adequado para uma ampla gama de pessoas e cen\u00e1rios. Seja para o armazenamento di\u00e1rio de dados, para a promo\u00e7\u00e3o da marca corporativa ou para atender a necessidades personalizadas, ele pode oferecer solu\u00e7\u00f5es eficientes e inovadoras, o que o torna uma excelente op\u00e7\u00e3o que combina praticidade e criatividade.<\/p>\n<\/div>\n\n\n\n<div class=\"wp-block-column is-vertically-aligned-center is-layout-flow wp-block-column-is-layout-flow\">\n<figure class=\"wp-block-image size-full\"><img alt=\"\" loading=\"lazy\" decoding=\"async\" width=\"800\" height=\"800\" src=\"https:\/\/www.usborkeychain.com\/wp-content\/uploads\/card-usb-flash-drive.png\" class=\"wp-image-4999\" srcset=\"https:\/\/www.usborkeychain.com\/wp-content\/uploads\/card-usb-flash-drive.png 800w, https:\/\/www.usborkeychain.com\/wp-content\/uploads\/card-usb-flash-drive-300x300.png 300w, https:\/\/www.usborkeychain.com\/wp-content\/uploads\/card-usb-flash-drive-150x150.png 150w, https:\/\/www.usborkeychain.com\/wp-content\/uploads\/card-usb-flash-drive-768x768.png 768w, https:\/\/www.usborkeychain.com\/wp-content\/uploads\/card-usb-flash-drive-12x12.png 12w, https:\/\/www.usborkeychain.com\/wp-content\/uploads\/card-usb-flash-drive-600x600.png 600w, https:\/\/www.usborkeychain.com\/wp-content\/uploads\/card-usb-flash-drive-100x100.png 100w\" sizes=\"(max-width: 800px) 100vw, 800px\" \/><\/figure>\n<\/div>\n<\/div>","protected":false},"excerpt":{"rendered":"<ul>\n<li>Pl\u00e1stico ABS<\/li>\n<li>Personaliza\u00e7\u00e3o de logotipo e padr\u00e3o<\/li>\n<li>Confi\u00e1vel e seguro<\/li>\n<li>Pre\u00e7o de f\u00e1brica<\/li>\n<li>MOQ: 100 unidades<\/li>\n<\/ul>","protected":false},"featured_media":5004,"comment_status":"open","ping_status":"closed","template":"","meta":{"_seopress_robots_primary_cat":"","_seopress_titles_title":"","_seopress_titles_desc":"","_seopress_robots_index":"","site-sidebar-layout":"default","site-content-layout":"","ast-site-content-layout":"","site-content-style":"default","site-sidebar-style":"default","ast-global-header-display":"","ast-banner-title-visibility":"","ast-main-header-display":"","ast-hfb-above-header-display":"","ast-hfb-below-header-display":"","ast-hfb-mobile-header-display":"","site-post-title":"","ast-breadcrumbs-content":"","ast-featured-img":"","footer-sml-layout":"","theme-transparent-header-meta":"","adv-header-id-meta":"","stick-header-meta":"","header-above-stick-meta":"","header-main-stick-meta":"","header-below-stick-meta":"","astra-migrate-meta-layouts":"default","ast-page-background-enabled":"default","ast-page-background-meta":{"desktop":{"background-color":"var(--ast-global-color-5)","background-image":"","background-repeat":"repeat","background-position":"center center","background-size":"auto","background-attachment":"scroll","background-type":"","background-media":"","overlay-type":"","overlay-color":"","overlay-opacity":"","overlay-gradient":""},"tablet":{"background-color":"","background-image":"","background-repeat":"repeat","background-position":"center center","background-size":"auto","background-attachment":"scroll","background-type":"","background-media":"","overlay-type":"","overlay-color":"","overlay-opacity":"","overlay-gradient":""},"mobile":{"background-color":"","background-image":"","background-repeat":"repeat","background-position":"center center","background-size":"auto","background-attachment":"scroll","background-type":"","background-media":"","overlay-type":"","overlay-color":"","overlay-opacity":"","overlay-gradient":""}},"ast-content-background-meta":{"desktop":{"background-color":"var(--ast-global-color-4)","background-image":"","background-repeat":"repeat","background-position":"center center","background-size":"auto","background-attachment":"scroll","background-type":"","background-media":"","overlay-type":"","overlay-color":"","overlay-opacity":"","overlay-gradient":""},"tablet":{"background-color":"var(--ast-global-color-4)","background-image":"","background-repeat":"repeat","background-position":"center center","background-size":"auto","background-attachment":"scroll","background-type":"","background-media":"","overlay-type":"","overlay-color":"","overlay-opacity":"","overlay-gradient":""},"mobile":{"background-color":"var(--ast-global-color-4)","background-image":"","background-repeat":"repeat","background-position":"center center","background-size":"auto","background-attachment":"scroll","background-type":"","background-media":"","overlay-type":"","overlay-color":"","overlay-opacity":"","overlay-gradient":""}}},"product_brand":[],"product_cat":[96],"product_tag":[303,304],"class_list":{"0":"post-4994","1":"product","2":"type-product","3":"status-publish","4":"has-post-thumbnail","6":"product_cat-card-usb-pendrive","7":"product_tag-card-usb-flash-drive","8":"product_tag-square-card-usb-drive","9":"desktop-align-left","10":"tablet-align-left","11":"mobile-align-left","13":"first","14":"instock","15":"shipping-taxable","16":"product-type-simple"},"_links":{"self":[{"href":"https:\/\/www.usborkeychain.com\/pt\/wp-json\/wp\/v2\/product\/4994","targetHints":{"allow":["GET"]}}],"collection":[{"href":"https:\/\/www.usborkeychain.com\/pt\/wp-json\/wp\/v2\/product"}],"about":[{"href":"https:\/\/www.usborkeychain.com\/pt\/wp-json\/wp\/v2\/types\/product"}],"replies":[{"embeddable":true,"href":"https:\/\/www.usborkeychain.com\/pt\/wp-json\/wp\/v2\/comments?post=4994"}],"wp:featuredmedia":[{"embeddable":true,"href":"https:\/\/www.usborkeychain.com\/pt\/wp-json\/wp\/v2\/media\/5004"}],"wp:attachment":[{"href":"https:\/\/www.usborkeychain.com\/pt\/wp-json\/wp\/v2\/media?parent=4994"}],"wp:term":[{"taxonomy":"product_brand","embeddable":true,"href":"https:\/\/www.usborkeychain.com\/pt\/wp-json\/wp\/v2\/product_brand?post=4994"},{"taxonomy":"product_cat","embeddable":true,"href":"https:\/\/www.usborkeychain.com\/pt\/wp-json\/wp\/v2\/product_cat?post=4994"},{"taxonomy":"product_tag","embeddable":true,"href":"https:\/\/www.usborkeychain.com\/pt\/wp-json\/wp\/v2\/product_tag?post=4994"}],"curies":[{"name":"wp","href":"https:\/\/api.w.org\/{rel}","templated":true}]}}