{"id":5007,"date":"2025-07-28T15:03:22","date_gmt":"2025-07-28T15:03:22","guid":{"rendered":"https:\/\/www.usborkeychain.com\/?post_type=product&#038;p=5007"},"modified":"2025-07-29T00:51:53","modified_gmt":"2025-07-29T00:51:53","slug":"triangle-card-usb-drive","status":"publish","type":"product","link":"https:\/\/www.usborkeychain.com\/pt\/produto\/triangle-card-usb-drive\/","title":{"rendered":"Cart\u00e3o triangular Unidade USB"},"content":{"rendered":"<div class=\"wp-block-columns is-layout-flex wp-container-core-columns-is-layout-28f84493 wp-block-columns-is-layout-flex\">\n<div class=\"wp-block-column is-vertically-aligned-center is-layout-flow wp-block-column-is-layout-flow\">\n<p>O<strong> cart\u00e3o triangular unidade USB<\/strong> \u00e9 feito de pl\u00e1stico ABS dur\u00e1vel, que combina resist\u00eancia e leveza. Ele pode resistir com efici\u00eancia a pequenos choques e arranh\u00f5es durante o uso di\u00e1rio. Como a forma mais est\u00e1vel em geometria, o tri\u00e2ngulo proporciona ao produto vantagens estruturais exclusivas. Ele n\u00e3o apenas torna a apar\u00eancia da unidade USB mais distinta, mas tamb\u00e9m aumenta sua firmeza geral em n\u00edvel f\u00edsico, tornando-a menos suscet\u00edvel a deforma\u00e7\u00f5es ou danos.<\/p>\n\n\n\n<p>O tamanho total da unidade \u00e9 compacto, semelhante a um mini cart\u00e3o de visita triangular personalizado. Ele pode ser facilmente colocado em bolsos ou bolsas para chaves. Pesando apenas cerca de 10 a 15 gramas, \u00e9 extremamente leve e n\u00e3o causa nenhum peso durante o transporte di\u00e1rio.<\/p>\n<\/div>\n\n\n\n<div class=\"wp-block-column is-vertically-aligned-center is-layout-flow wp-block-column-is-layout-flow\">\n<figure class=\"wp-block-image size-full\"><img alt=\"\" fetchpriority=\"high\" decoding=\"async\" width=\"800\" height=\"800\" src=\"https:\/\/www.usborkeychain.com\/wp-content\/uploads\/credit-card-usb-drive.png\" class=\"wp-image-5030\" srcset=\"https:\/\/www.usborkeychain.com\/wp-content\/uploads\/credit-card-usb-drive.png 800w, https:\/\/www.usborkeychain.com\/wp-content\/uploads\/credit-card-usb-drive-300x300.png 300w, https:\/\/www.usborkeychain.com\/wp-content\/uploads\/credit-card-usb-drive-150x150.png 150w, https:\/\/www.usborkeychain.com\/wp-content\/uploads\/credit-card-usb-drive-768x768.png 768w, https:\/\/www.usborkeychain.com\/wp-content\/uploads\/credit-card-usb-drive-12x12.png 12w, https:\/\/www.usborkeychain.com\/wp-content\/uploads\/credit-card-usb-drive-600x600.png 600w, https:\/\/www.usborkeychain.com\/wp-content\/uploads\/credit-card-usb-drive-100x100.png 100w\" sizes=\"(max-width: 800px) 100vw, 800px\" \/><\/figure>\n<\/div>\n<\/div>\n\n\n\n<h2 class=\"wp-block-heading\">Par\u00e2metros da unidade USB<\/h2>\n\n\n\n<figure class=\"wp-block-table\"><table class=\"has-fixed-layout\"><thead><tr><th>Categoria de par\u00e2metro<\/th><th>Conte\u00fado espec\u00edfico<\/th><\/tr><\/thead><tbody><tr><td>Capacidade de armazenamento<\/td><td>4 GB, 8 GB, 16 GB, 32 GB, 64 GB, 128 GB<\/td><\/tr><tr><td>Dimens\u00f5es<\/td><td>Um tri\u00e2ngulo equil\u00e1tero com um comprimento lateral de 50 a 60 mm e uma espessura de 2 a 3 mm<\/td><\/tr><tr><td>Peso<\/td><td>Aproximadamente 10 a 15 gramas<\/td><\/tr><tr><td>Tipos de interface<\/td><td>Interfaces USB 2.0 e USB 3.0<\/td><\/tr><\/tbody><\/table><\/figure>\n\n\n\n<h2 class=\"wp-block-heading\">A personaliza\u00e7\u00e3o de padr\u00f5es est\u00e1 dispon\u00edvel para a unidade USB?<\/h2>\n\n\n\n<div class=\"wp-block-columns is-layout-flex wp-container-core-columns-is-layout-28f84493 wp-block-columns-is-layout-flex\">\n<div class=\"wp-block-column is-vertically-aligned-center is-layout-flow wp-block-column-is-layout-flow\">\n<figure class=\"wp-block-image size-full\"><img alt=\"\" decoding=\"async\" width=\"800\" height=\"800\" src=\"https:\/\/www.usborkeychain.com\/wp-content\/uploads\/wafer-usb-card.jpg\" class=\"wp-image-5032\" srcset=\"https:\/\/www.usborkeychain.com\/wp-content\/uploads\/wafer-usb-card.jpg 800w, https:\/\/www.usborkeychain.com\/wp-content\/uploads\/wafer-usb-card-300x300.jpg 300w, https:\/\/www.usborkeychain.com\/wp-content\/uploads\/wafer-usb-card-150x150.jpg 150w, https:\/\/www.usborkeychain.com\/wp-content\/uploads\/wafer-usb-card-768x768.jpg 768w, https:\/\/www.usborkeychain.com\/wp-content\/uploads\/wafer-usb-card-12x12.jpg 12w, https:\/\/www.usborkeychain.com\/wp-content\/uploads\/wafer-usb-card-600x600.jpg 600w, https:\/\/www.usborkeychain.com\/wp-content\/uploads\/wafer-usb-card-100x100.jpg 100w\" sizes=\"(max-width: 800px) 100vw, 800px\" \/><\/figure>\n<\/div>\n\n\n\n<div class=\"wp-block-column is-vertically-aligned-center is-layout-flow wp-block-column-is-layout-flow\">\n<p>A unidade USB de cart\u00e3o triangular \u00e9 compat\u00edvel com uma ampla gama de <strong>personaliza\u00e7\u00e3o de padr\u00f5es<\/strong> servi\u00e7os. H\u00e1 v\u00e1rios processos de impress\u00e3o. <\/p>\n\n\n\n<p><strong>Silk - serigrafia<\/strong> \u00e9 adequado para padr\u00f5es de cor \u00fanica ou multicoloridos simples. Ele tem baixo custo e alta efici\u00eancia, permitindo uma r\u00e1pida personaliza\u00e7\u00e3o. <\/p>\n\n\n\n<p><strong>Impress\u00e3o colorida<\/strong> pode apresentar imagens coloridas e de alta defini\u00e7\u00e3o, restaurando com precis\u00e3o designs complexos e tornando os padr\u00f5es v\u00edvidos. <strong>Impress\u00e3o por transfer\u00eancia de calor<\/strong> garante alta durabilidade das cores, e os padr\u00f5es n\u00e3o s\u00e3o f\u00e1ceis de desbotar ou descascar, criando efeitos de personaliza\u00e7\u00e3o de alta qualidade para atender a diferentes requisitos de or\u00e7amento e qualidade para personaliza\u00e7\u00e3o.<\/p>\n<\/div>\n<\/div>\n\n\n\n<h2 class=\"wp-block-heading\">Quem s\u00e3o os usu\u00e1rios-alvo?<\/h2>\n\n\n\n<div class=\"wp-block-columns is-layout-flex wp-container-core-columns-is-layout-28f84493 wp-block-columns-is-layout-flex\">\n<div class=\"wp-block-column is-vertically-aligned-center is-layout-flow wp-block-column-is-layout-flow\">\n<ul class=\"wp-block-list\">\n<li><strong>Profissionais criativos<\/strong>: Por exemplo, designers e ilustradores.<\/li>\n\n\n\n<li><strong>Profissionais de marketing corporativo<\/strong>: Ao personalizar unidades USB em formato de tri\u00e2ngulo com logotipos corporativos e informa\u00e7\u00f5es sobre produtos e distribu\u00ed-las como brindes promocionais, o formato exclusivo provavelmente atrair\u00e1 a aten\u00e7\u00e3o. <\/li>\n\n\n\n<li><strong>Grupos de estudantes<\/strong>: Eles podem personalizar padr\u00f5es relacionados \u00e0s atividades ou aos clubes do campus, mostrando sua individualidade juvenil e transformando-o em um porta-mem\u00f3ria exclusivo da vida no campus.<\/li>\n\n\n\n<li><strong>Trabalhadores do setor de turismo<\/strong>: Personalize unidades USB com pontos tur\u00edsticos locais ou padr\u00f5es de IP de turismo para vender ou oferecer aos turistas como lembran\u00e7as.<\/li>\n<\/ul>\n<\/div>\n\n\n\n<div class=\"wp-block-column is-vertically-aligned-center is-layout-flow wp-block-column-is-layout-flow\">\n<figure class=\"wp-block-image size-full\"><img alt=\"\" decoding=\"async\" width=\"800\" height=\"800\" src=\"https:\/\/www.usborkeychain.com\/wp-content\/uploads\/business-card-usb-drive.jpg\" class=\"wp-image-5027\" srcset=\"https:\/\/www.usborkeychain.com\/wp-content\/uploads\/business-card-usb-drive.jpg 800w, https:\/\/www.usborkeychain.com\/wp-content\/uploads\/business-card-usb-drive-300x300.jpg 300w, https:\/\/www.usborkeychain.com\/wp-content\/uploads\/business-card-usb-drive-150x150.jpg 150w, https:\/\/www.usborkeychain.com\/wp-content\/uploads\/business-card-usb-drive-768x768.jpg 768w, https:\/\/www.usborkeychain.com\/wp-content\/uploads\/business-card-usb-drive-12x12.jpg 12w, https:\/\/www.usborkeychain.com\/wp-content\/uploads\/business-card-usb-drive-600x600.jpg 600w, https:\/\/www.usborkeychain.com\/wp-content\/uploads\/business-card-usb-drive-100x100.jpg 100w\" sizes=\"(max-width: 800px) 100vw, 800px\" \/><\/figure>\n<\/div>\n<\/div>\n\n\n\n<h2 class=\"wp-block-heading\">Quais s\u00e3o as outras vantagens pr\u00e1ticas desse design?<\/h2>\n\n\n\n<div class=\"wp-block-columns is-layout-flex wp-container-core-columns-is-layout-28f84493 wp-block-columns-is-layout-flex\">\n<div class=\"wp-block-column is-vertically-aligned-center is-layout-flow wp-block-column-is-layout-flow\">\n<ul class=\"wp-block-list\">\n<li><strong>Estrutura est\u00e1vel<\/strong>: Gra\u00e7as \u00e0 estabilidade do tri\u00e2ngulo, a unidade USB \u00e9 mais resistente a quedas e deforma\u00e7\u00f5es durante o uso di\u00e1rio, o que aumenta sua vida \u00fatil e reduz o risco de perda de dados devido a danos f\u00edsicos.<\/li>\n\n\n\n<li><strong>Alta portabilidade<\/strong>: O design do pequeno cart\u00e3o em forma de tri\u00e2ngulo pode se encaixar facilmente em v\u00e1rios cen\u00e1rios de transporte sem ocupar muito espa\u00e7o. Ele pode atender \u00e0s necessidades de armazenamento e transfer\u00eancia de dados a qualquer momento, melhorando a conveni\u00eancia de uso.<\/li>\n<\/ul>\n<\/div>\n\n\n\n<div class=\"wp-block-column is-vertically-aligned-center is-layout-flow wp-block-column-is-layout-flow\">\n<figure class=\"wp-block-image size-full\"><img alt=\"\" loading=\"lazy\" decoding=\"async\" width=\"800\" height=\"800\" src=\"https:\/\/www.usborkeychain.com\/wp-content\/uploads\/sim-card-usb-drive.png\" class=\"wp-image-5031\" srcset=\"https:\/\/www.usborkeychain.com\/wp-content\/uploads\/sim-card-usb-drive.png 800w, https:\/\/www.usborkeychain.com\/wp-content\/uploads\/sim-card-usb-drive-300x300.png 300w, https:\/\/www.usborkeychain.com\/wp-content\/uploads\/sim-card-usb-drive-150x150.png 150w, https:\/\/www.usborkeychain.com\/wp-content\/uploads\/sim-card-usb-drive-768x768.png 768w, https:\/\/www.usborkeychain.com\/wp-content\/uploads\/sim-card-usb-drive-12x12.png 12w, https:\/\/www.usborkeychain.com\/wp-content\/uploads\/sim-card-usb-drive-600x600.png 600w, https:\/\/www.usborkeychain.com\/wp-content\/uploads\/sim-card-usb-drive-100x100.png 100w\" sizes=\"(max-width: 800px) 100vw, 800px\" \/><\/figure>\n<\/div>\n<\/div>\n\n\n\n<div class=\"wp-block-columns is-layout-flex wp-container-core-columns-is-layout-28f84493 wp-block-columns-is-layout-flex\">\n<div class=\"wp-block-column is-vertically-aligned-center is-layout-flow wp-block-column-is-layout-flow\">\n<ul class=\"wp-block-list\">\n<li><strong>Promo\u00e7\u00e3o personalizada<\/strong>: Por meio da personaliza\u00e7\u00e3o de padr\u00f5es, \u00e9 poss\u00edvel obter valores adicionais, como a promo\u00e7\u00e3o da marca e a exibi\u00e7\u00e3o criativa. A unidade USB n\u00e3o \u00e9 apenas uma ferramenta de armazenamento, mas tamb\u00e9m uma m\u00eddia promocional, combinando praticidade e fun\u00e7\u00f5es promocionais.<\/li>\n\n\n\n<li><strong>Ampla compatibilidade<\/strong>: Com uma variedade de tipos de interface e op\u00e7\u00f5es de capacidade de armazenamento, ele pode se adaptar a dispositivos novos e antigos e a diferentes requisitos de volume de dados. Seja na conex\u00e3o com um computador para transferir dados ou na leitura de conte\u00fado em dispositivos multim\u00eddia, ele pode operar de forma est\u00e1vel.<\/li>\n<\/ul>\n<\/div>\n\n\n\n<div class=\"wp-block-column is-vertically-aligned-center is-layout-flow wp-block-column-is-layout-flow\">\n<figure class=\"wp-block-image size-full\"><img alt=\"\" loading=\"lazy\" decoding=\"async\" width=\"800\" height=\"800\" src=\"https:\/\/www.usborkeychain.com\/wp-content\/uploads\/card-flash-drive.png\" class=\"wp-image-5028\" srcset=\"https:\/\/www.usborkeychain.com\/wp-content\/uploads\/card-flash-drive.png 800w, https:\/\/www.usborkeychain.com\/wp-content\/uploads\/card-flash-drive-300x300.png 300w, https:\/\/www.usborkeychain.com\/wp-content\/uploads\/card-flash-drive-150x150.png 150w, https:\/\/www.usborkeychain.com\/wp-content\/uploads\/card-flash-drive-768x768.png 768w, https:\/\/www.usborkeychain.com\/wp-content\/uploads\/card-flash-drive-12x12.png 12w, https:\/\/www.usborkeychain.com\/wp-content\/uploads\/card-flash-drive-600x600.png 600w, https:\/\/www.usborkeychain.com\/wp-content\/uploads\/card-flash-drive-100x100.png 100w\" sizes=\"(max-width: 800px) 100vw, 800px\" \/><\/figure>\n<\/div>\n<\/div>\n\n\n\n<div class=\"wp-block-columns is-layout-flex wp-container-core-columns-is-layout-28f84493 wp-block-columns-is-layout-flex\">\n<div class=\"wp-block-column is-vertically-aligned-center is-layout-flow wp-block-column-is-layout-flow\">\n<figure class=\"wp-block-image size-full\"><img alt=\"\" loading=\"lazy\" decoding=\"async\" width=\"800\" height=\"800\" src=\"https:\/\/www.usborkeychain.com\/wp-content\/uploads\/card-usb-drives-1.png\" class=\"wp-image-5029\" srcset=\"https:\/\/www.usborkeychain.com\/wp-content\/uploads\/card-usb-drives-1.png 800w, https:\/\/www.usborkeychain.com\/wp-content\/uploads\/card-usb-drives-1-300x300.png 300w, https:\/\/www.usborkeychain.com\/wp-content\/uploads\/card-usb-drives-1-150x150.png 150w, https:\/\/www.usborkeychain.com\/wp-content\/uploads\/card-usb-drives-1-768x768.png 768w, https:\/\/www.usborkeychain.com\/wp-content\/uploads\/card-usb-drives-1-12x12.png 12w, https:\/\/www.usborkeychain.com\/wp-content\/uploads\/card-usb-drives-1-600x600.png 600w, https:\/\/www.usborkeychain.com\/wp-content\/uploads\/card-usb-drives-1-100x100.png 100w\" sizes=\"(max-width: 800px) 100vw, 800px\" \/><\/figure>\n<\/div>\n\n\n\n<div class=\"wp-block-column is-vertically-aligned-center is-layout-flow wp-block-column-is-layout-flow\">\n<p>O <strong>cart\u00e3o triangular unidade USB<\/strong>Com seu design de apar\u00eancia est\u00e1vel e inovadora, op\u00e7\u00f5es de par\u00e2metros flex\u00edveis, diversos servi\u00e7os de personaliza\u00e7\u00e3o, uma ampla gama de usu\u00e1rios-alvo e praticidade excepcional, ele conquista um nicho exclusivo no mercado de dispositivos de armazenamento. Seja para pessoas que buscam express\u00e3o criativa, empresas que se concentram na promo\u00e7\u00e3o da marca ou estudantes e profissionais que precisam de ferramentas pr\u00e1ticas de armazenamento, ele pode aproveitar suas vantagens para oferecer solu\u00e7\u00f5es eficientes e inovadoras de armazenamento e promo\u00e7\u00e3o.<\/p>\n<\/div>\n<\/div>","protected":false},"excerpt":{"rendered":"<ul>\n<li>Pl\u00e1stico ABS<\/li>\n<li>Personaliza\u00e7\u00e3o de padr\u00f5es e logotipos<\/li>\n<li>Design triangular<\/li>\n<li>\u00d3timo para todas as finalidades<\/li>\n<li>MOQ:100pcs<\/li>\n<\/ul>","protected":false},"featured_media":5030,"comment_status":"open","ping_status":"closed","template":"","meta":{"_seopress_robots_primary_cat":"","_seopress_titles_title":"","_seopress_titles_desc":"","_seopress_robots_index":"","site-sidebar-layout":"default","site-content-layout":"","ast-site-content-layout":"","site-content-style":"default","site-sidebar-style":"default","ast-global-header-display":"","ast-banner-title-visibility":"","ast-main-header-display":"","ast-hfb-above-header-display":"","ast-hfb-below-header-display":"","ast-hfb-mobile-header-display":"","site-post-title":"","ast-breadcrumbs-content":"","ast-featured-img":"","footer-sml-layout":"","theme-transparent-header-meta":"","adv-header-id-meta":"","stick-header-meta":"","header-above-stick-meta":"","header-main-stick-meta":"","header-below-stick-meta":"","astra-migrate-meta-layouts":"default","ast-page-background-enabled":"default","ast-page-background-meta":{"desktop":{"background-color":"var(--ast-global-color-5)","background-image":"","background-repeat":"repeat","background-position":"center center","background-size":"auto","background-attachment":"scroll","background-type":"","background-media":"","overlay-type":"","overlay-color":"","overlay-opacity":"","overlay-gradient":""},"tablet":{"background-color":"","background-image":"","background-repeat":"repeat","background-position":"center center","background-size":"auto","background-attachment":"scroll","background-type":"","background-media":"","overlay-type":"","overlay-color":"","overlay-opacity":"","overlay-gradient":""},"mobile":{"background-color":"","background-image":"","background-repeat":"repeat","background-position":"center center","background-size":"auto","background-attachment":"scroll","background-type":"","background-media":"","overlay-type":"","overlay-color":"","overlay-opacity":"","overlay-gradient":""}},"ast-content-background-meta":{"desktop":{"background-color":"var(--ast-global-color-4)","background-image":"","background-repeat":"repeat","background-position":"center center","background-size":"auto","background-attachment":"scroll","background-type":"","background-media":"","overlay-type":"","overlay-color":"","overlay-opacity":"","overlay-gradient":""},"tablet":{"background-color":"var(--ast-global-color-4)","background-image":"","background-repeat":"repeat","background-position":"center center","background-size":"auto","background-attachment":"scroll","background-type":"","background-media":"","overlay-type":"","overlay-color":"","overlay-opacity":"","overlay-gradient":""},"mobile":{"background-color":"var(--ast-global-color-4)","background-image":"","background-repeat":"repeat","background-position":"center center","background-size":"auto","background-attachment":"scroll","background-type":"","background-media":"","overlay-type":"","overlay-color":"","overlay-opacity":"","overlay-gradient":""}}},"product_brand":[],"product_cat":[96],"product_tag":[303,305],"class_list":{"0":"post-5007","1":"product","2":"type-product","3":"status-publish","4":"has-post-thumbnail","6":"product_cat-card-usb-pendrive","7":"product_tag-card-usb-flash-drive","8":"product_tag-triangle-card-usb-drive","9":"desktop-align-left","10":"tablet-align-left","11":"mobile-align-left","13":"first","14":"instock","15":"shipping-taxable","16":"product-type-simple"},"_links":{"self":[{"href":"https:\/\/www.usborkeychain.com\/pt\/wp-json\/wp\/v2\/product\/5007","targetHints":{"allow":["GET"]}}],"collection":[{"href":"https:\/\/www.usborkeychain.com\/pt\/wp-json\/wp\/v2\/product"}],"about":[{"href":"https:\/\/www.usborkeychain.com\/pt\/wp-json\/wp\/v2\/types\/product"}],"replies":[{"embeddable":true,"href":"https:\/\/www.usborkeychain.com\/pt\/wp-json\/wp\/v2\/comments?post=5007"}],"wp:featuredmedia":[{"embeddable":true,"href":"https:\/\/www.usborkeychain.com\/pt\/wp-json\/wp\/v2\/media\/5030"}],"wp:attachment":[{"href":"https:\/\/www.usborkeychain.com\/pt\/wp-json\/wp\/v2\/media?parent=5007"}],"wp:term":[{"taxonomy":"product_brand","embeddable":true,"href":"https:\/\/www.usborkeychain.com\/pt\/wp-json\/wp\/v2\/product_brand?post=5007"},{"taxonomy":"product_cat","embeddable":true,"href":"https:\/\/www.usborkeychain.com\/pt\/wp-json\/wp\/v2\/product_cat?post=5007"},{"taxonomy":"product_tag","embeddable":true,"href":"https:\/\/www.usborkeychain.com\/pt\/wp-json\/wp\/v2\/product_tag?post=5007"}],"curies":[{"name":"wp","href":"https:\/\/api.w.org\/{rel}","templated":true}]}}