{"id":5049,"date":"2025-07-29T01:10:02","date_gmt":"2025-07-29T01:10:02","guid":{"rendered":"https:\/\/www.usborkeychain.com\/?post_type=product&#038;p=5049"},"modified":"2025-07-29T01:10:05","modified_gmt":"2025-07-29T01:10:05","slug":"transparent-card-usb-flash-drive","status":"publish","type":"product","link":"https:\/\/www.usborkeychain.com\/pt\/produto\/transparent-card-usb-flash-drive\/","title":{"rendered":"Unidade flash USB de cart\u00e3o transparente"},"content":{"rendered":"<div class=\"wp-block-columns is-layout-flex wp-container-core-columns-is-layout-28f84493 wp-block-columns-is-layout-flex\">\n<div class=\"wp-block-column is-layout-flow wp-block-column-is-layout-flow\">\n<p>O <strong>cart\u00e3o transparente unidade flash USB<\/strong> apresenta um inv\u00f3lucro transparente de alta qualidade, como <strong>acr\u00edlico premium<\/strong>que possui excelente transmiss\u00e3o de luz, apresentando um efeito visual conciso e limpo. O elemento transparente permite que os circuitos internos e o toque de ouro sejam levemente vis\u00edveis, criando uma sensa\u00e7\u00e3o de tecnologia futurista. Esse \u00e9 exatamente o principal fator que atrai as pessoas que preferem cores \u00fanicas ou cores s\u00f3lidas, e ele pode se encaixar facilmente em v\u00e1rios cen\u00e1rios de uso.<\/p>\n\n\n\n<p>Em termos de formato, ele imita a forma de um cart\u00e3o, com um tamanho compacto semelhante ao de um cart\u00e3o banc\u00e1rio comum, o que o torna fino, leve e port\u00e1til. Ele pode ser facilmente colocado em uma carteira ou em um porta-cart\u00f5es de visita, permitindo a portabilidade sem esfor\u00e7o e atendendo \u00e0s necessidades de armazenamento e transmiss\u00e3o de dados a qualquer momento.<\/p>\n<\/div>\n\n\n\n<div class=\"wp-block-column is-layout-flow wp-block-column-is-layout-flow\">\n<figure class=\"wp-block-image size-full\"><img alt=\"\" fetchpriority=\"high\" decoding=\"async\" width=\"800\" height=\"800\" src=\"https:\/\/www.usborkeychain.com\/wp-content\/uploads\/card-usb-drive.jpg\" class=\"wp-image-5055\" srcset=\"https:\/\/www.usborkeychain.com\/wp-content\/uploads\/card-usb-drive.jpg 800w, https:\/\/www.usborkeychain.com\/wp-content\/uploads\/card-usb-drive-300x300.jpg 300w, https:\/\/www.usborkeychain.com\/wp-content\/uploads\/card-usb-drive-150x150.jpg 150w, https:\/\/www.usborkeychain.com\/wp-content\/uploads\/card-usb-drive-768x768.jpg 768w, https:\/\/www.usborkeychain.com\/wp-content\/uploads\/card-usb-drive-12x12.jpg 12w, https:\/\/www.usborkeychain.com\/wp-content\/uploads\/card-usb-drive-600x600.jpg 600w, https:\/\/www.usborkeychain.com\/wp-content\/uploads\/card-usb-drive-100x100.jpg 100w\" sizes=\"(max-width: 800px) 100vw, 800px\" \/><\/figure>\n<\/div>\n<\/div>\n\n\n\n<h2 class=\"wp-block-heading\">Par\u00e2metros da unidade flash USB<\/h2>\n\n\n\n<figure class=\"wp-block-table\"><table class=\"has-fixed-layout\"><thead><tr><th>Categoria de par\u00e2metro<\/th><th>Detalhes espec\u00edficos<\/th><\/tr><\/thead><tbody><tr><td>Capacidade<\/td><td>8 GB, 16 GB, 32 GB, 64 GB, 128 GB<\/td><\/tr><tr><td>Dimens\u00f5es (Comprimento * Largura * Espessura)<\/td><td>85 mm \u00d7 54 mm \u00d7 2 mm<\/td><\/tr><tr><td>Peso<\/td><td>Aproximadamente 5 a 8 gramas<\/td><\/tr><tr><td>Tipo de interface<\/td><td>USB2.0, USB3.0<\/td><\/tr><\/tbody><\/table><\/figure>\n\n\n\n<h2 class=\"wp-block-heading\">Ele pode ser personalizado com padr\u00f5es?<\/h2>\n\n\n\n<div class=\"wp-block-columns is-layout-flex wp-container-core-columns-is-layout-28f84493 wp-block-columns-is-layout-flex\">\n<div class=\"wp-block-column is-vertically-aligned-center is-layout-flow wp-block-column-is-layout-flow\">\n<figure class=\"wp-block-image size-full\"><img alt=\"\" decoding=\"async\" width=\"800\" height=\"800\" src=\"https:\/\/www.usborkeychain.com\/wp-content\/uploads\/usb-business-card.jpg\" class=\"wp-image-5061\" srcset=\"https:\/\/www.usborkeychain.com\/wp-content\/uploads\/usb-business-card.jpg 800w, https:\/\/www.usborkeychain.com\/wp-content\/uploads\/usb-business-card-300x300.jpg 300w, https:\/\/www.usborkeychain.com\/wp-content\/uploads\/usb-business-card-150x150.jpg 150w, https:\/\/www.usborkeychain.com\/wp-content\/uploads\/usb-business-card-768x768.jpg 768w, https:\/\/www.usborkeychain.com\/wp-content\/uploads\/usb-business-card-12x12.jpg 12w, https:\/\/www.usborkeychain.com\/wp-content\/uploads\/usb-business-card-600x600.jpg 600w, https:\/\/www.usborkeychain.com\/wp-content\/uploads\/usb-business-card-100x100.jpg 100w\" sizes=\"(max-width: 800px) 100vw, 800px\" \/><\/figure>\n<\/div>\n\n\n\n<div class=\"wp-block-column is-layout-flow wp-block-column-is-layout-flow\">\n<p>O <strong>cart\u00e3o transparente unidade flash USB<\/strong> suporta a personaliza\u00e7\u00e3o de padr\u00f5es, com processos de impress\u00e3o comuns, incluindo:<\/p>\n\n\n\n<ul class=\"wp-block-list\">\n<li><strong>Impress\u00e3o em tela de seda<\/strong>: Por meio de serigrafia, padr\u00f5es e textos podem ser claramente impressos na superf\u00edcie da unidade flash USB. Tem boa express\u00e3o de cores, \u00e9 adequado para personalizar gr\u00e1ficos e textos simples e tem custo relativamente baixo, com vantagens \u00f3bvias na personaliza\u00e7\u00e3o em massa.<\/li>\n\n\n\n<li><strong>Impress\u00e3o UV<\/strong>: Com o uso de tinta cur\u00e1vel por ultravioleta, \u00e9 poss\u00edvel obter efeitos de impress\u00e3o coloridos e de alta precis\u00e3o, capazes de apresentar padr\u00f5es complexos, cores gradientes etc., tornando o conte\u00fado personalizado mais v\u00edvido e aprimorando a beleza e a exclusividade da unidade flash USB.<\/li>\n<\/ul>\n<\/div>\n<\/div>\n\n\n\n<h2 class=\"wp-block-heading\">Quais estilos est\u00e3o dispon\u00edveis para esse tipo de unidade flash USB?<\/h2>\n\n\n\n<div class=\"wp-block-columns is-layout-flex wp-container-core-columns-is-layout-28f84493 wp-block-columns-is-layout-flex\">\n<div class=\"wp-block-column is-layout-flow wp-block-column-is-layout-flow\">\n<figure class=\"wp-block-image size-full\"><img alt=\"\" decoding=\"async\" width=\"800\" height=\"800\" src=\"https:\/\/www.usborkeychain.com\/wp-content\/uploads\/wafer-usb-card-1.jpg\" class=\"wp-image-5062\" srcset=\"https:\/\/www.usborkeychain.com\/wp-content\/uploads\/wafer-usb-card-1.jpg 800w, https:\/\/www.usborkeychain.com\/wp-content\/uploads\/wafer-usb-card-1-300x300.jpg 300w, https:\/\/www.usborkeychain.com\/wp-content\/uploads\/wafer-usb-card-1-150x150.jpg 150w, https:\/\/www.usborkeychain.com\/wp-content\/uploads\/wafer-usb-card-1-768x768.jpg 768w, https:\/\/www.usborkeychain.com\/wp-content\/uploads\/wafer-usb-card-1-12x12.jpg 12w, https:\/\/www.usborkeychain.com\/wp-content\/uploads\/wafer-usb-card-1-600x600.jpg 600w, https:\/\/www.usborkeychain.com\/wp-content\/uploads\/wafer-usb-card-1-100x100.jpg 100w\" sizes=\"(max-width: 800px) 100vw, 800px\" \/><\/figure>\n<\/div>\n\n\n\n<div class=\"wp-block-column is-layout-flow wp-block-column-is-layout-flow\">\n<figure class=\"wp-block-image size-full\"><img alt=\"\" loading=\"lazy\" decoding=\"async\" width=\"800\" height=\"800\" src=\"https:\/\/www.usborkeychain.com\/wp-content\/uploads\/custom-credit-card-usb-drive.jpg\" class=\"wp-image-5058\" srcset=\"https:\/\/www.usborkeychain.com\/wp-content\/uploads\/custom-credit-card-usb-drive.jpg 800w, https:\/\/www.usborkeychain.com\/wp-content\/uploads\/custom-credit-card-usb-drive-300x300.jpg 300w, https:\/\/www.usborkeychain.com\/wp-content\/uploads\/custom-credit-card-usb-drive-150x150.jpg 150w, https:\/\/www.usborkeychain.com\/wp-content\/uploads\/custom-credit-card-usb-drive-768x768.jpg 768w, https:\/\/www.usborkeychain.com\/wp-content\/uploads\/custom-credit-card-usb-drive-12x12.jpg 12w, https:\/\/www.usborkeychain.com\/wp-content\/uploads\/custom-credit-card-usb-drive-600x600.jpg 600w, https:\/\/www.usborkeychain.com\/wp-content\/uploads\/custom-credit-card-usb-drive-100x100.jpg 100w\" sizes=\"(max-width: 800px) 100vw, 800px\" \/><\/figure>\n<\/div>\n\n\n\n<div class=\"wp-block-column is-layout-flow wp-block-column-is-layout-flow\">\n<figure class=\"wp-block-image size-full\"><img alt=\"\" loading=\"lazy\" decoding=\"async\" width=\"800\" height=\"800\" src=\"https:\/\/www.usborkeychain.com\/wp-content\/uploads\/sim-card-usb-drive.jpg\" class=\"wp-image-5060\" srcset=\"https:\/\/www.usborkeychain.com\/wp-content\/uploads\/sim-card-usb-drive.jpg 800w, https:\/\/www.usborkeychain.com\/wp-content\/uploads\/sim-card-usb-drive-300x300.jpg 300w, https:\/\/www.usborkeychain.com\/wp-content\/uploads\/sim-card-usb-drive-150x150.jpg 150w, https:\/\/www.usborkeychain.com\/wp-content\/uploads\/sim-card-usb-drive-768x768.jpg 768w, https:\/\/www.usborkeychain.com\/wp-content\/uploads\/sim-card-usb-drive-12x12.jpg 12w, https:\/\/www.usborkeychain.com\/wp-content\/uploads\/sim-card-usb-drive-600x600.jpg 600w, https:\/\/www.usborkeychain.com\/wp-content\/uploads\/sim-card-usb-drive-100x100.jpg 100w\" sizes=\"(max-width: 800px) 100vw, 800px\" \/><\/figure>\n<\/div>\n<\/div>\n\n\n\n<h2 class=\"wp-block-heading\">Quais s\u00e3o as fun\u00e7\u00f5es dessa unidade flash USB?<\/h2>\n\n\n\n<div class=\"wp-block-columns is-layout-flex wp-container-core-columns-is-layout-28f84493 wp-block-columns-is-layout-flex\">\n<div class=\"wp-block-column is-layout-flow wp-block-column-is-layout-flow\">\n<figure class=\"wp-block-image size-full\"><img alt=\"\" loading=\"lazy\" decoding=\"async\" width=\"800\" height=\"800\" src=\"https:\/\/www.usborkeychain.com\/wp-content\/uploads\/business-card-usb-drive-1.jpg\" class=\"wp-image-5052\" srcset=\"https:\/\/www.usborkeychain.com\/wp-content\/uploads\/business-card-usb-drive-1.jpg 800w, https:\/\/www.usborkeychain.com\/wp-content\/uploads\/business-card-usb-drive-1-300x300.jpg 300w, https:\/\/www.usborkeychain.com\/wp-content\/uploads\/business-card-usb-drive-1-150x150.jpg 150w, https:\/\/www.usborkeychain.com\/wp-content\/uploads\/business-card-usb-drive-1-768x768.jpg 768w, https:\/\/www.usborkeychain.com\/wp-content\/uploads\/business-card-usb-drive-1-12x12.jpg 12w, https:\/\/www.usborkeychain.com\/wp-content\/uploads\/business-card-usb-drive-1-600x600.jpg 600w, https:\/\/www.usborkeychain.com\/wp-content\/uploads\/business-card-usb-drive-1-100x100.jpg 100w\" sizes=\"(max-width: 800px) 100vw, 800px\" \/><\/figure>\n<\/div>\n\n\n\n<div class=\"wp-block-column is-layout-flow wp-block-column-is-layout-flow\">\n<p><strong>Fun\u00e7\u00e3o b\u00e1sica<\/strong>: Armazenamento e transmiss\u00e3o de dados.<\/p>\n\n\n\n<p><strong>Operadora de publicidade e propaganda<\/strong>: As empresas podem personalizar as unidades flash USB com seus pr\u00f3prios logotipos de marca, informa\u00e7\u00f5es sobre produtos e slogans promocionais e oferec\u00ea-las como presentes a clientes e parceiros ou us\u00e1-las para promo\u00e7\u00e3o de eventos.<\/p>\n\n\n\n<p><strong>Promo\u00e7\u00e3o de neg\u00f3cios<\/strong>: Ele pode armazenar cat\u00e1logos de produtos para aprimorar a intera\u00e7\u00e3o com o usu\u00e1rio.<\/p>\n\n\n\n<p><strong>Presentes pessoais<\/strong>: Os padr\u00f5es personalizados podem transform\u00e1-lo em um souvenir da moda, atraindo os jovens.<\/p>\n\n\n\n<p><strong>Alternativa ecol\u00f3gica<\/strong>: Substitui os discos \u00f3pticos ou o papel para armazenamento, reduzindo o desperd\u00edcio.<\/p>\n<\/div>\n<\/div>\n\n\n\n<div class=\"wp-block-columns is-layout-flex wp-container-core-columns-is-layout-28f84493 wp-block-columns-is-layout-flex\">\n<div class=\"wp-block-column is-layout-flow wp-block-column-is-layout-flow\">\n<p>O <strong>cart\u00e3o transparente unidade flash USB<\/strong> combina uma apar\u00eancia simples, par\u00e2metros pr\u00e1ticos, flexibilidade de personaliza\u00e7\u00e3o e v\u00e1rias fun\u00e7\u00f5es. <\/p>\n\n\n\n<p>Seja para atender \u00e0s necessidades de gerenciamento de dados pessoais ou para auxiliar na comunica\u00e7\u00e3o de marcas corporativas, ele apresenta vantagens exclusivas e \u00e9 uma excelente op\u00e7\u00e3o de armazenamento m\u00f3vel que combina beleza e funcionalidade.<\/p>\n<\/div>\n\n\n\n<div class=\"wp-block-column is-layout-flow wp-block-column-is-layout-flow\">\n<figure class=\"wp-block-image size-full\"><img alt=\"\" loading=\"lazy\" decoding=\"async\" width=\"800\" height=\"800\" src=\"https:\/\/www.usborkeychain.com\/wp-content\/uploads\/card-usb-flash-drive.jpg\" class=\"wp-image-5056\" srcset=\"https:\/\/www.usborkeychain.com\/wp-content\/uploads\/card-usb-flash-drive.jpg 800w, https:\/\/www.usborkeychain.com\/wp-content\/uploads\/card-usb-flash-drive-300x300.jpg 300w, https:\/\/www.usborkeychain.com\/wp-content\/uploads\/card-usb-flash-drive-150x150.jpg 150w, https:\/\/www.usborkeychain.com\/wp-content\/uploads\/card-usb-flash-drive-768x768.jpg 768w, https:\/\/www.usborkeychain.com\/wp-content\/uploads\/card-usb-flash-drive-12x12.jpg 12w, https:\/\/www.usborkeychain.com\/wp-content\/uploads\/card-usb-flash-drive-600x600.jpg 600w, https:\/\/www.usborkeychain.com\/wp-content\/uploads\/card-usb-flash-drive-100x100.jpg 100w\" sizes=\"(max-width: 800px) 100vw, 800px\" \/><\/figure>\n<\/div>\n<\/div>","protected":false},"excerpt":{"rendered":"<ul>\n<li>Cart\u00e3o transparente<\/li>\n<li>Acr\u00edlico premium<\/li>\n<li>Semelhante ao cart\u00e3o banc\u00e1rio<\/li>\n<li>Velocidade mais r\u00e1pida e alta qualidade<\/li>\n<li>MOQ:100pcs<\/li>\n<\/ul>","protected":false},"featured_media":5054,"comment_status":"open","ping_status":"closed","template":"","meta":{"_seopress_robots_primary_cat":"","_seopress_titles_title":"","_seopress_titles_desc":"","_seopress_robots_index":"","site-sidebar-layout":"default","site-content-layout":"","ast-site-content-layout":"","site-content-style":"default","site-sidebar-style":"default","ast-global-header-display":"","ast-banner-title-visibility":"","ast-main-header-display":"","ast-hfb-above-header-display":"","ast-hfb-below-header-display":"","ast-hfb-mobile-header-display":"","site-post-title":"","ast-breadcrumbs-content":"","ast-featured-img":"","footer-sml-layout":"","theme-transparent-header-meta":"","adv-header-id-meta":"","stick-header-meta":"","header-above-stick-meta":"","header-main-stick-meta":"","header-below-stick-meta":"","astra-migrate-meta-layouts":"default","ast-page-background-enabled":"default","ast-page-background-meta":{"desktop":{"background-color":"var(--ast-global-color-5)","background-image":"","background-repeat":"repeat","background-position":"center center","background-size":"auto","background-attachment":"scroll","background-type":"","background-media":"","overlay-type":"","overlay-color":"","overlay-opacity":"","overlay-gradient":""},"tablet":{"background-color":"","background-image":"","background-repeat":"repeat","background-position":"center center","background-size":"auto","background-attachment":"scroll","background-type":"","background-media":"","overlay-type":"","overlay-color":"","overlay-opacity":"","overlay-gradient":""},"mobile":{"background-color":"","background-image":"","background-repeat":"repeat","background-position":"center center","background-size":"auto","background-attachment":"scroll","background-type":"","background-media":"","overlay-type":"","overlay-color":"","overlay-opacity":"","overlay-gradient":""}},"ast-content-background-meta":{"desktop":{"background-color":"var(--ast-global-color-4)","background-image":"","background-repeat":"repeat","background-position":"center center","background-size":"auto","background-attachment":"scroll","background-type":"","background-media":"","overlay-type":"","overlay-color":"","overlay-opacity":"","overlay-gradient":""},"tablet":{"background-color":"var(--ast-global-color-4)","background-image":"","background-repeat":"repeat","background-position":"center center","background-size":"auto","background-attachment":"scroll","background-type":"","background-media":"","overlay-type":"","overlay-color":"","overlay-opacity":"","overlay-gradient":""},"mobile":{"background-color":"var(--ast-global-color-4)","background-image":"","background-repeat":"repeat","background-position":"center center","background-size":"auto","background-attachment":"scroll","background-type":"","background-media":"","overlay-type":"","overlay-color":"","overlay-opacity":"","overlay-gradient":""}}},"product_brand":[],"product_cat":[96],"product_tag":[303,306],"class_list":{"0":"post-5049","1":"product","2":"type-product","3":"status-publish","4":"has-post-thumbnail","6":"product_cat-card-usb-pendrive","7":"product_tag-card-usb-flash-drive","8":"product_tag-transparent-card-usb-flash-drive","9":"desktop-align-left","10":"tablet-align-left","11":"mobile-align-left","13":"first","14":"instock","15":"shipping-taxable","16":"product-type-simple"},"_links":{"self":[{"href":"https:\/\/www.usborkeychain.com\/pt\/wp-json\/wp\/v2\/product\/5049","targetHints":{"allow":["GET"]}}],"collection":[{"href":"https:\/\/www.usborkeychain.com\/pt\/wp-json\/wp\/v2\/product"}],"about":[{"href":"https:\/\/www.usborkeychain.com\/pt\/wp-json\/wp\/v2\/types\/product"}],"replies":[{"embeddable":true,"href":"https:\/\/www.usborkeychain.com\/pt\/wp-json\/wp\/v2\/comments?post=5049"}],"wp:featuredmedia":[{"embeddable":true,"href":"https:\/\/www.usborkeychain.com\/pt\/wp-json\/wp\/v2\/media\/5054"}],"wp:attachment":[{"href":"https:\/\/www.usborkeychain.com\/pt\/wp-json\/wp\/v2\/media?parent=5049"}],"wp:term":[{"taxonomy":"product_brand","embeddable":true,"href":"https:\/\/www.usborkeychain.com\/pt\/wp-json\/wp\/v2\/product_brand?post=5049"},{"taxonomy":"product_cat","embeddable":true,"href":"https:\/\/www.usborkeychain.com\/pt\/wp-json\/wp\/v2\/product_cat?post=5049"},{"taxonomy":"product_tag","embeddable":true,"href":"https:\/\/www.usborkeychain.com\/pt\/wp-json\/wp\/v2\/product_tag?post=5049"}],"curies":[{"name":"wp","href":"https:\/\/api.w.org\/{rel}","templated":true}]}}