{"id":5063,"date":"2025-07-29T02:12:03","date_gmt":"2025-07-29T02:12:03","guid":{"rendered":"https:\/\/www.usborkeychain.com\/?post_type=product&#038;p=5063"},"modified":"2025-07-29T02:14:16","modified_gmt":"2025-07-29T02:14:16","slug":"bottle-opener-card-usb-flash-drive","status":"publish","type":"product","link":"https:\/\/www.usborkeychain.com\/pt\/produto\/bottle-opener-card-usb-flash-drive\/","title":{"rendered":"Cart\u00e3o abridor de garrafas USB Flash Drive"},"content":{"rendered":"<div class=\"wp-block-columns is-layout-flex wp-container-core-columns-is-layout-28f84493 wp-block-columns-is-layout-flex\">\n<div class=\"wp-block-column is-vertically-aligned-center is-layout-flow wp-block-column-is-layout-flow\">\n<p>O <strong>Cart\u00e3o abridor de garrafas USB Flash Drive<\/strong> \u00e9 feito principalmente de alta qualidade <strong>Material de PVC<\/strong>O material de PVC \u00e9 dur\u00e1vel, leve e f\u00e1cil de imprimir. O material de PVC garante que a unidade flash USB n\u00e3o seja facilmente danificada durante o uso di\u00e1rio. Ele tem exatamente o mesmo tamanho e formato de um cart\u00e3o banc\u00e1rio padr\u00e3o, o que facilita o transporte em uma carteira, bolso ou bolsa.<\/p>\n\n\n\n<p>Principais componentes:<\/p>\n\n\n\n<ul class=\"wp-block-list\">\n<li>Pl\u00e1stico ecologicamente correto (material composto de ABS+PC), com 2,5 mm de espessura e bordas arredondadas para evitar arranh\u00f5es;<\/li>\n\n\n\n<li>M\u00f3dulo abridor de garrafas: Metal de a\u00e7o inoxid\u00e1vel 304 embutido na parte inferior do cart\u00e3o, que pode abrir tampas de garrafas com seguran\u00e7a;<\/li>\n\n\n\n<li>Interface USB: Uma interface met\u00e1lica retr\u00e1til que fica completamente oculta quando retra\u00edda, mantendo a integridade do cart\u00e3o.<\/li>\n<\/ul>\n\n\n\n<p>Em termos de design: O <strong>Abridor de garrafas e unidade flash USB<\/strong> s\u00e3o perfeitamente integrados em um cart\u00e3o, que pode ser usado quando desdobrado, solucionando as necessidades de armazenamento e abertura de garrafas em cen\u00e1rios de catering.<\/p>\n<\/div>\n\n\n\n<div class=\"wp-block-column is-vertically-aligned-center is-layout-flow wp-block-column-is-layout-flow\">\n<figure class=\"wp-block-image size-full\"><img alt=\"\" fetchpriority=\"high\" decoding=\"async\" width=\"800\" height=\"800\" src=\"https:\/\/www.usborkeychain.com\/wp-content\/uploads\/Usb-Bottle-Opener-Flash-Drive.jpg\" class=\"wp-image-5071\" srcset=\"https:\/\/www.usborkeychain.com\/wp-content\/uploads\/Usb-Bottle-Opener-Flash-Drive.jpg 800w, https:\/\/www.usborkeychain.com\/wp-content\/uploads\/Usb-Bottle-Opener-Flash-Drive-300x300.jpg 300w, https:\/\/www.usborkeychain.com\/wp-content\/uploads\/Usb-Bottle-Opener-Flash-Drive-150x150.jpg 150w, https:\/\/www.usborkeychain.com\/wp-content\/uploads\/Usb-Bottle-Opener-Flash-Drive-768x768.jpg 768w, https:\/\/www.usborkeychain.com\/wp-content\/uploads\/Usb-Bottle-Opener-Flash-Drive-12x12.jpg 12w, https:\/\/www.usborkeychain.com\/wp-content\/uploads\/Usb-Bottle-Opener-Flash-Drive-600x600.jpg 600w, https:\/\/www.usborkeychain.com\/wp-content\/uploads\/Usb-Bottle-Opener-Flash-Drive-100x100.jpg 100w\" sizes=\"(max-width: 800px) 100vw, 800px\" \/><\/figure>\n<\/div>\n<\/div>\n\n\n\n<h2 class=\"wp-block-heading\">Par\u00e2metros da unidade flash USB<\/h2>\n\n\n\n<figure class=\"wp-block-table\"><table class=\"has-fixed-layout\"><thead><tr><th>Categoria de par\u00e2metro<\/th><th>Detalhes espec\u00edficos<\/th><\/tr><\/thead><tbody><tr><td>Capacidade<\/td><td>8 GB, 16 GB, 32 GB, 64 GB, 128 GB<\/td><\/tr><tr><td>Dimens\u00f5es (Comprimento * Largura * Espessura)<\/td><td>Aproximadamente 86 mm \u00d7 54 mm \u00d7 2 mm<\/td><\/tr><tr><td>Peso<\/td><td>Aproximadamente 28 gramas<\/td><\/tr><tr><td>Tipo de interface<\/td><td>USB 2.0 ou USB 3.0<\/td><\/tr><tr><td>Material do abridor de garrafas<\/td><td>Integrado ao corpo principal, feito de PVC de alta resist\u00eancia combinado com inser\u00e7\u00f5es de metal para garantir a capacidade de carga e a durabilidade ao abrir garrafas<\/td><\/tr><\/tbody><\/table><\/figure>\n\n\n\n<h2 class=\"wp-block-heading\">O que pode ser personalizado?<\/h2>\n\n\n\n<div class=\"wp-block-columns is-layout-flex wp-container-core-columns-is-layout-28f84493 wp-block-columns-is-layout-flex\">\n<div class=\"wp-block-column is-vertically-aligned-center is-layout-flow wp-block-column-is-layout-flow\">\n<figure class=\"wp-block-image size-full\"><img alt=\"\" decoding=\"async\" width=\"800\" height=\"800\" src=\"https:\/\/www.usborkeychain.com\/wp-content\/uploads\/Card-Shape-Bottle-Opener-Flash-Drive.jpg\" class=\"wp-image-5069\" srcset=\"https:\/\/www.usborkeychain.com\/wp-content\/uploads\/Card-Shape-Bottle-Opener-Flash-Drive.jpg 800w, https:\/\/www.usborkeychain.com\/wp-content\/uploads\/Card-Shape-Bottle-Opener-Flash-Drive-300x300.jpg 300w, https:\/\/www.usborkeychain.com\/wp-content\/uploads\/Card-Shape-Bottle-Opener-Flash-Drive-150x150.jpg 150w, https:\/\/www.usborkeychain.com\/wp-content\/uploads\/Card-Shape-Bottle-Opener-Flash-Drive-768x768.jpg 768w, https:\/\/www.usborkeychain.com\/wp-content\/uploads\/Card-Shape-Bottle-Opener-Flash-Drive-12x12.jpg 12w, https:\/\/www.usborkeychain.com\/wp-content\/uploads\/Card-Shape-Bottle-Opener-Flash-Drive-600x600.jpg 600w, https:\/\/www.usborkeychain.com\/wp-content\/uploads\/Card-Shape-Bottle-Opener-Flash-Drive-100x100.jpg 100w\" sizes=\"(max-width: 800px) 100vw, 800px\" \/><\/figure>\n<\/div>\n\n\n\n<div class=\"wp-block-column is-vertically-aligned-center is-layout-flow wp-block-column-is-layout-flow\">\n<p>O <strong>cart\u00e3o abridor de garrafas unidade flash USB<\/strong> suporta a customiza\u00e7\u00e3o de padr\u00f5es altamente personalizados. Os processos comuns de impress\u00e3o incluem:<\/p>\n\n\n\n<ul class=\"wp-block-list\">\n<li><strong>Impress\u00e3o em tela de seda<\/strong>: Um m\u00e9todo de impress\u00e3o comumente usado e econ\u00f4mico, adequado para padr\u00f5es simples, logotipos e texto. A tinta \u00e9 espremida atrav\u00e9s de uma tela na superf\u00edcie do PVC para formar uma marca dur\u00e1vel e v\u00edvida.<\/li>\n\n\n\n<li><strong>Impress\u00e3o digital<\/strong>: Adequado para designs complexos e de alta resolu\u00e7\u00e3o, ele pode reproduzir com precis\u00e3o imagens detalhadas, gradientes e cores ricas, criando unidades flash USB promocionais coloridas e requintadas.<\/li>\n\n\n\n<li><strong>Impress\u00e3o UV<\/strong>: Ela pode criar um efeito de impress\u00e3o mais tridimensional e texturizado. A tinta \u00e9 curada instantaneamente por luz ultravioleta, o que a torna resistente ao desgaste e dur\u00e1vel. Tamb\u00e9m \u00e9 poss\u00edvel obter texturas especiais, como acabamentos foscos ou brilhantes.<\/li>\n<\/ul>\n<\/div>\n<\/div>\n\n\n\n<h2 class=\"wp-block-heading\">Empresas e cen\u00e1rios aplic\u00e1veis<\/h2>\n\n\n\n<div class=\"wp-block-columns is-layout-flex wp-container-core-columns-is-layout-28f84493 wp-block-columns-is-layout-flex\">\n<div class=\"wp-block-column is-layout-flow wp-block-column-is-layout-flow\">\n<h3 class=\"wp-block-heading\">Empresas aplic\u00e1veis<\/h3>\n\n\n\n<ul class=\"wp-block-list\">\n<li><strong>Empresas de bebidas<\/strong>: Por exemplo, empresas de cerveja. A personaliza\u00e7\u00e3o de unidades flash USB com imagens da marca como brindes promocionais, combinando o abridor de garrafas com a fun\u00e7\u00e3o de unidade flash USB, pode aumentar efetivamente o reconhecimento da marca e a fidelidade do cliente.<\/li>\n\n\n\n<li><strong>Empresas de planejamento de eventos<\/strong>: Em eventos como festivais de m\u00fasica, festas corporativas e lan\u00e7amentos de produtos, a personaliza\u00e7\u00e3o de unidades flash USB com temas de eventos como lembran\u00e7as exclusivas pode aprimorar as lembran\u00e7as dos participantes do evento.<\/li>\n\n\n\n<li><strong>Fornecedores de presentes corporativos<\/strong>: Pode ser embalado como um presente corporativo de alta qualidade. As empresas podem personalizar os logotipos e presente\u00e1-los a parceiros, funcion\u00e1rios ou clientes.<\/li>\n<\/ul>\n<\/div>\n\n\n\n<div class=\"wp-block-column is-vertically-aligned-top is-layout-flow wp-block-column-is-layout-flow\">\n<figure class=\"wp-block-image size-full\"><img alt=\"\" decoding=\"async\" width=\"800\" height=\"800\" src=\"https:\/\/www.usborkeychain.com\/wp-content\/uploads\/Card-USB-with-Opener.jpg\" class=\"wp-image-5068\" srcset=\"https:\/\/www.usborkeychain.com\/wp-content\/uploads\/Card-USB-with-Opener.jpg 800w, https:\/\/www.usborkeychain.com\/wp-content\/uploads\/Card-USB-with-Opener-300x300.jpg 300w, https:\/\/www.usborkeychain.com\/wp-content\/uploads\/Card-USB-with-Opener-150x150.jpg 150w, https:\/\/www.usborkeychain.com\/wp-content\/uploads\/Card-USB-with-Opener-768x768.jpg 768w, https:\/\/www.usborkeychain.com\/wp-content\/uploads\/Card-USB-with-Opener-12x12.jpg 12w, https:\/\/www.usborkeychain.com\/wp-content\/uploads\/Card-USB-with-Opener-600x600.jpg 600w, https:\/\/www.usborkeychain.com\/wp-content\/uploads\/Card-USB-with-Opener-100x100.jpg 100w\" sizes=\"(max-width: 800px) 100vw, 800px\" \/><\/figure>\n<\/div>\n<\/div>\n\n\n\n<div class=\"wp-block-columns is-layout-flex wp-container-core-columns-is-layout-28f84493 wp-block-columns-is-layout-flex\">\n<div class=\"wp-block-column is-layout-flow wp-block-column-is-layout-flow\">\n<h3 class=\"wp-block-heading\">Cen\u00e1rios aplic\u00e1veis<\/h3>\n\n\n\n<ul class=\"wp-block-list\">\n<li><strong>Reuni\u00f5es sociais<\/strong>: Em festas, churrascos, piqueniques etc., o abridor de garrafas pode abrir bebidas a qualquer momento, e a fun\u00e7\u00e3o de unidade flash USB pode ser usada para compartilhar fotos, v\u00eddeos ou m\u00fasicas do evento.<\/li>\n\n\n\n<li><strong>Viagens de neg\u00f3cios<\/strong>: Os empres\u00e1rios podem coloc\u00e1-lo facilmente em uma carteira ou em um porta-cart\u00f5es de visita para armazenar documentos e apresenta\u00e7\u00f5es comerciais importantes. Eles tamb\u00e9m podem usar a fun\u00e7\u00e3o de abridor de garrafas em jantares de neg\u00f3cios ou ocasi\u00f5es sociais ap\u00f3s o trabalho.<\/li>\n\n\n\n<li><strong>Atividades promocionais<\/strong>: Em promo\u00e7\u00f5es de lojas, exposi\u00e7\u00f5es ou sorteios on-line, as unidades flash USB personalizadas podem atrair a aten\u00e7\u00e3o dos clientes. <\/li>\n<\/ul>\n<\/div>\n\n\n\n<div class=\"wp-block-column is-layout-flow wp-block-column-is-layout-flow\">\n<figure class=\"wp-block-image size-full\"><img alt=\"\" loading=\"lazy\" decoding=\"async\" width=\"800\" height=\"800\" src=\"https:\/\/www.usborkeychain.com\/wp-content\/uploads\/Bottle-opener-card-USB-flash-drive.jpg\" class=\"wp-image-5066\" srcset=\"https:\/\/www.usborkeychain.com\/wp-content\/uploads\/Bottle-opener-card-USB-flash-drive.jpg 800w, https:\/\/www.usborkeychain.com\/wp-content\/uploads\/Bottle-opener-card-USB-flash-drive-300x300.jpg 300w, https:\/\/www.usborkeychain.com\/wp-content\/uploads\/Bottle-opener-card-USB-flash-drive-150x150.jpg 150w, https:\/\/www.usborkeychain.com\/wp-content\/uploads\/Bottle-opener-card-USB-flash-drive-768x768.jpg 768w, https:\/\/www.usborkeychain.com\/wp-content\/uploads\/Bottle-opener-card-USB-flash-drive-12x12.jpg 12w, https:\/\/www.usborkeychain.com\/wp-content\/uploads\/Bottle-opener-card-USB-flash-drive-600x600.jpg 600w, https:\/\/www.usborkeychain.com\/wp-content\/uploads\/Bottle-opener-card-USB-flash-drive-100x100.jpg 100w\" sizes=\"(max-width: 800px) 100vw, 800px\" \/><\/figure>\n<\/div>\n<\/div>\n\n\n\n<div class=\"wp-block-columns is-layout-flex wp-container-core-columns-is-layout-28f84493 wp-block-columns-is-layout-flex\">\n<div class=\"wp-block-column is-vertically-aligned-center is-layout-flow wp-block-column-is-layout-flow\">\n<figure class=\"wp-block-image size-full\"><img alt=\"\" loading=\"lazy\" decoding=\"async\" width=\"800\" height=\"800\" src=\"https:\/\/www.usborkeychain.com\/wp-content\/uploads\/card-shaped-usb-drive-1.jpg\" class=\"wp-image-5070\" srcset=\"https:\/\/www.usborkeychain.com\/wp-content\/uploads\/card-shaped-usb-drive-1.jpg 800w, https:\/\/www.usborkeychain.com\/wp-content\/uploads\/card-shaped-usb-drive-1-300x300.jpg 300w, https:\/\/www.usborkeychain.com\/wp-content\/uploads\/card-shaped-usb-drive-1-150x150.jpg 150w, https:\/\/www.usborkeychain.com\/wp-content\/uploads\/card-shaped-usb-drive-1-768x768.jpg 768w, https:\/\/www.usborkeychain.com\/wp-content\/uploads\/card-shaped-usb-drive-1-12x12.jpg 12w, https:\/\/www.usborkeychain.com\/wp-content\/uploads\/card-shaped-usb-drive-1-600x600.jpg 600w, https:\/\/www.usborkeychain.com\/wp-content\/uploads\/card-shaped-usb-drive-1-100x100.jpg 100w\" sizes=\"(max-width: 800px) 100vw, 800px\" \/><\/figure>\n<\/div>\n\n\n\n<div class=\"wp-block-column is-vertically-aligned-center is-layout-flow wp-block-column-is-layout-flow\">\n<p>O <strong>cart\u00e3o abridor de garrafas USB flash<\/strong> <strong>dirigir<\/strong> \u00e9 um produto multifuncional realmente inovador. Seu design exclusivo, que combina um abridor de garrafas com uma unidade flash USB tipo cart\u00e3o, faz com que ele se destaque no mercado. As ricas op\u00e7\u00f5es de personaliza\u00e7\u00e3o o tornam uma excelente ferramenta promocional para empresas. As v\u00e1rias capacidades e a portabilidade atendem \u00e0s necessidades de diferentes usu\u00e1rios. Ele pode desempenhar um papel importante em situa\u00e7\u00f5es sociais, viagens de neg\u00f3cios ou atividades promocionais.<\/p>\n<\/div>\n\n\n\n<div class=\"wp-block-column is-vertically-aligned-center is-layout-flow wp-block-column-is-layout-flow\">\n<figure class=\"wp-block-image size-full\"><img alt=\"\" loading=\"lazy\" decoding=\"async\" width=\"800\" height=\"800\" src=\"https:\/\/www.usborkeychain.com\/wp-content\/uploads\/BottleOpener-Card-USB-drive.jpg\" class=\"wp-image-5067\" srcset=\"https:\/\/www.usborkeychain.com\/wp-content\/uploads\/BottleOpener-Card-USB-drive.jpg 800w, https:\/\/www.usborkeychain.com\/wp-content\/uploads\/BottleOpener-Card-USB-drive-300x300.jpg 300w, https:\/\/www.usborkeychain.com\/wp-content\/uploads\/BottleOpener-Card-USB-drive-150x150.jpg 150w, https:\/\/www.usborkeychain.com\/wp-content\/uploads\/BottleOpener-Card-USB-drive-768x768.jpg 768w, https:\/\/www.usborkeychain.com\/wp-content\/uploads\/BottleOpener-Card-USB-drive-12x12.jpg 12w, https:\/\/www.usborkeychain.com\/wp-content\/uploads\/BottleOpener-Card-USB-drive-600x600.jpg 600w, https:\/\/www.usborkeychain.com\/wp-content\/uploads\/BottleOpener-Card-USB-drive-100x100.jpg 100w\" sizes=\"(max-width: 800px) 100vw, 800px\" \/><\/figure>\n<\/div>\n<\/div>","protected":false},"excerpt":{"rendered":"<ul>\n<li>Material de PVC<\/li>\n<li>Unidade flash USB tipo cart\u00e3o<\/li>\n<li>Unidade USB para abrir garrafas<\/li>\n<li>Personaliza\u00e7\u00e3o de padr\u00f5es<\/li>\n<li>MOQ:100pcs<\/li>\n<\/ul>","protected":false},"featured_media":5068,"comment_status":"open","ping_status":"closed","template":"","meta":{"_seopress_robots_primary_cat":"","_seopress_titles_title":"","_seopress_titles_desc":"","_seopress_robots_index":"","site-sidebar-layout":"default","site-content-layout":"","ast-site-content-layout":"","site-content-style":"default","site-sidebar-style":"default","ast-global-header-display":"","ast-banner-title-visibility":"","ast-main-header-display":"","ast-hfb-above-header-display":"","ast-hfb-below-header-display":"","ast-hfb-mobile-header-display":"","site-post-title":"","ast-breadcrumbs-content":"","ast-featured-img":"","footer-sml-layout":"","theme-transparent-header-meta":"","adv-header-id-meta":"","stick-header-meta":"","header-above-stick-meta":"","header-main-stick-meta":"","header-below-stick-meta":"","astra-migrate-meta-layouts":"default","ast-page-background-enabled":"default","ast-page-background-meta":{"desktop":{"background-color":"var(--ast-global-color-5)","background-image":"","background-repeat":"repeat","background-position":"center center","background-size":"auto","background-attachment":"scroll","background-type":"","background-media":"","overlay-type":"","overlay-color":"","overlay-opacity":"","overlay-gradient":""},"tablet":{"background-color":"","background-image":"","background-repeat":"repeat","background-position":"center center","background-size":"auto","background-attachment":"scroll","background-type":"","background-media":"","overlay-type":"","overlay-color":"","overlay-opacity":"","overlay-gradient":""},"mobile":{"background-color":"","background-image":"","background-repeat":"repeat","background-position":"center center","background-size":"auto","background-attachment":"scroll","background-type":"","background-media":"","overlay-type":"","overlay-color":"","overlay-opacity":"","overlay-gradient":""}},"ast-content-background-meta":{"desktop":{"background-color":"var(--ast-global-color-4)","background-image":"","background-repeat":"repeat","background-position":"center center","background-size":"auto","background-attachment":"scroll","background-type":"","background-media":"","overlay-type":"","overlay-color":"","overlay-opacity":"","overlay-gradient":""},"tablet":{"background-color":"var(--ast-global-color-4)","background-image":"","background-repeat":"repeat","background-position":"center center","background-size":"auto","background-attachment":"scroll","background-type":"","background-media":"","overlay-type":"","overlay-color":"","overlay-opacity":"","overlay-gradient":""},"mobile":{"background-color":"var(--ast-global-color-4)","background-image":"","background-repeat":"repeat","background-position":"center center","background-size":"auto","background-attachment":"scroll","background-type":"","background-media":"","overlay-type":"","overlay-color":"","overlay-opacity":"","overlay-gradient":""}}},"product_brand":[],"product_cat":[96],"product_tag":[307,303],"class_list":{"0":"post-5063","1":"product","2":"type-product","3":"status-publish","4":"has-post-thumbnail","6":"product_cat-card-usb-pendrive","7":"product_tag-bottle-opener-card-usb-flash-drive","8":"product_tag-card-usb-flash-drive","9":"desktop-align-left","10":"tablet-align-left","11":"mobile-align-left","13":"first","14":"instock","15":"shipping-taxable","16":"product-type-simple"},"_links":{"self":[{"href":"https:\/\/www.usborkeychain.com\/pt\/wp-json\/wp\/v2\/product\/5063","targetHints":{"allow":["GET"]}}],"collection":[{"href":"https:\/\/www.usborkeychain.com\/pt\/wp-json\/wp\/v2\/product"}],"about":[{"href":"https:\/\/www.usborkeychain.com\/pt\/wp-json\/wp\/v2\/types\/product"}],"replies":[{"embeddable":true,"href":"https:\/\/www.usborkeychain.com\/pt\/wp-json\/wp\/v2\/comments?post=5063"}],"wp:featuredmedia":[{"embeddable":true,"href":"https:\/\/www.usborkeychain.com\/pt\/wp-json\/wp\/v2\/media\/5068"}],"wp:attachment":[{"href":"https:\/\/www.usborkeychain.com\/pt\/wp-json\/wp\/v2\/media?parent=5063"}],"wp:term":[{"taxonomy":"product_brand","embeddable":true,"href":"https:\/\/www.usborkeychain.com\/pt\/wp-json\/wp\/v2\/product_brand?post=5063"},{"taxonomy":"product_cat","embeddable":true,"href":"https:\/\/www.usborkeychain.com\/pt\/wp-json\/wp\/v2\/product_cat?post=5063"},{"taxonomy":"product_tag","embeddable":true,"href":"https:\/\/www.usborkeychain.com\/pt\/wp-json\/wp\/v2\/product_tag?post=5063"}],"curies":[{"name":"wp","href":"https:\/\/api.w.org\/{rel}","templated":true}]}}