{"id":5091,"date":"2025-07-29T10:33:25","date_gmt":"2025-07-29T10:33:25","guid":{"rendered":"https:\/\/www.usborkeychain.com\/?post_type=product&#038;p=5091"},"modified":"2025-08-01T14:49:50","modified_gmt":"2025-08-01T14:49:50","slug":"metal-card-shaped-usb-2-0-flash-drive","status":"publish","type":"product","link":"https:\/\/www.usborkeychain.com\/pt\/produto\/metal-card-shaped-usb-2-0-flash-drive\/","title":{"rendered":"Unidade flash USB 2.0 em formato de cart\u00e3o de metal"},"content":{"rendered":"<div class=\"wp-block-columns is-layout-flex wp-container-core-columns-is-layout-28f84493 wp-block-columns-is-layout-flex\">\n<div class=\"wp-block-column is-vertically-aligned-center is-layout-flow wp-block-column-is-layout-flow\">\n<h3 class=\"wp-block-heading\">Artesanato e materiais<\/h3>\n\n\n\n<p>O<strong> Unidade flash USB 2.0 em formato de cart\u00e3o<\/strong> \u00e9 feito de metal e processado por meio de t\u00e9cnicas elaboradas, como trefila\u00e7\u00e3o e oxida\u00e7\u00e3o. <\/p>\n\n\n\n<p>Isso lhe confere uma textura fina, excelente resist\u00eancia ao desgaste e \u00e0 queda, protegendo efetivamente o chip de armazenamento interno. Em compara\u00e7\u00e3o com os materiais pl\u00e1sticos, o inv\u00f3lucro de metal n\u00e3o apenas melhora a qualidade do produto, mas tamb\u00e9m aumenta sua durabilidade. \u00c9 menos prov\u00e1vel que ele sofra arranh\u00f5es ou deforma\u00e7\u00f5es durante o uso prolongado.<\/p>\n<\/div>\n\n\n\n<div class=\"wp-block-column is-vertically-aligned-center is-layout-flow wp-block-column-is-layout-flow\">\n<figure class=\"wp-block-image size-full\"><img alt=\"\" fetchpriority=\"high\" decoding=\"async\" width=\"800\" height=\"800\" src=\"https:\/\/www.usborkeychain.com\/wp-content\/uploads\/business-card-usb-drive-3.jpg\" class=\"wp-image-5095\" srcset=\"https:\/\/www.usborkeychain.com\/wp-content\/uploads\/business-card-usb-drive-3.jpg 800w, https:\/\/www.usborkeychain.com\/wp-content\/uploads\/business-card-usb-drive-3-300x300.jpg 300w, https:\/\/www.usborkeychain.com\/wp-content\/uploads\/business-card-usb-drive-3-150x150.jpg 150w, https:\/\/www.usborkeychain.com\/wp-content\/uploads\/business-card-usb-drive-3-768x768.jpg 768w, https:\/\/www.usborkeychain.com\/wp-content\/uploads\/business-card-usb-drive-3-12x12.jpg 12w, https:\/\/www.usborkeychain.com\/wp-content\/uploads\/business-card-usb-drive-3-600x600.jpg 600w, https:\/\/www.usborkeychain.com\/wp-content\/uploads\/business-card-usb-drive-3-100x100.jpg 100w\" sizes=\"(max-width: 800px) 100vw, 800px\" \/><\/figure>\n<\/div>\n<\/div>\n\n\n\n<div class=\"wp-block-columns is-layout-flex wp-container-core-columns-is-layout-28f84493 wp-block-columns-is-layout-flex\">\n<div class=\"wp-block-column is-vertically-aligned-center is-layout-flow wp-block-column-is-layout-flow\">\n<h3 class=\"wp-block-heading\">Interface e velocidade de transfer\u00eancia<\/h3>\n\n\n\n<p>Equipado com uma interface USB 2.0, ele apresenta um protocolo de transmiss\u00e3o maduro e est\u00e1vel, amplamente compat\u00edvel com v\u00e1rios dispositivos, eliminando preocupa\u00e7\u00f5es com problemas de compatibilidade de interface. Sua taxa de transmiss\u00e3o te\u00f3rica \u00e9 de 480 Mbps. Em uso real, a velocidade de leitura \u00e9 de aproximadamente 15 a 25 MB\/s, e a velocidade de grava\u00e7\u00e3o \u00e9 de cerca de 5 a 15 MB\/s. Em compara\u00e7\u00e3o com o USB 3.0 (com uma taxa te\u00f3rica de 5 Gbps e uma velocidade de leitura real de at\u00e9 40 a 100 MB\/s), o USB 2.0 \u00e9 um pouco mais lento. No entanto, tem uma compatibilidade maior e um custo menor. Ele pode atender plenamente \u00e0s necessidades de transfer\u00eancia di\u00e1ria de dados, como documentos e fotos de pequena capacidade, e tamb\u00e9m pode funcionar de forma est\u00e1vel em dispositivos mais antigos.<\/p>\n<\/div>\n\n\n\n<div class=\"wp-block-column is-vertically-aligned-center is-layout-flow wp-block-column-is-layout-flow\">\n<figure class=\"wp-block-image size-full\"><img alt=\"\" decoding=\"async\" width=\"800\" height=\"800\" src=\"https:\/\/www.usborkeychain.com\/wp-content\/uploads\/wafer-usb-card-3.jpg\" class=\"wp-image-5106\" srcset=\"https:\/\/www.usborkeychain.com\/wp-content\/uploads\/wafer-usb-card-3.jpg 800w, https:\/\/www.usborkeychain.com\/wp-content\/uploads\/wafer-usb-card-3-300x300.jpg 300w, https:\/\/www.usborkeychain.com\/wp-content\/uploads\/wafer-usb-card-3-150x150.jpg 150w, https:\/\/www.usborkeychain.com\/wp-content\/uploads\/wafer-usb-card-3-768x768.jpg 768w, https:\/\/www.usborkeychain.com\/wp-content\/uploads\/wafer-usb-card-3-12x12.jpg 12w, https:\/\/www.usborkeychain.com\/wp-content\/uploads\/wafer-usb-card-3-600x600.jpg 600w, https:\/\/www.usborkeychain.com\/wp-content\/uploads\/wafer-usb-card-3-100x100.jpg 100w\" sizes=\"(max-width: 800px) 100vw, 800px\" \/><\/figure>\n<\/div>\n<\/div>\n\n\n\n<div class=\"wp-block-columns is-layout-flex wp-container-core-columns-is-layout-28f84493 wp-block-columns-is-layout-flex\">\n<div class=\"wp-block-column is-vertically-aligned-center is-layout-flow wp-block-column-is-layout-flow\">\n<p>O <strong>Unidade flash USB <\/strong>adota um design de interface oculta. A interface pode ser retirada e retra\u00edda de forma flex\u00edvel. Quando retra\u00edda, ela se integra ao corpo em forma de cart\u00e3o, protegendo a interface contra danos e tornando a apar\u00eancia geral mais concisa e regular. \u00c9 t\u00e3o pr\u00e1tico de carregar quanto um cart\u00e3o de metal e pode ser facilmente colocado em uma carteira ou em um porta-cart\u00f5es de visita.<\/p>\n<\/div>\n\n\n\n<div class=\"wp-block-column is-vertically-aligned-center is-layout-flow wp-block-column-is-layout-flow\">\n<figure class=\"wp-block-image size-full\"><img alt=\"\" decoding=\"async\" width=\"800\" height=\"800\" src=\"https:\/\/www.usborkeychain.com\/wp-content\/uploads\/custom-credit-card-usb-drive-2.jpg\" class=\"wp-image-5101\" srcset=\"https:\/\/www.usborkeychain.com\/wp-content\/uploads\/custom-credit-card-usb-drive-2.jpg 800w, https:\/\/www.usborkeychain.com\/wp-content\/uploads\/custom-credit-card-usb-drive-2-300x300.jpg 300w, https:\/\/www.usborkeychain.com\/wp-content\/uploads\/custom-credit-card-usb-drive-2-150x150.jpg 150w, https:\/\/www.usborkeychain.com\/wp-content\/uploads\/custom-credit-card-usb-drive-2-768x768.jpg 768w, https:\/\/www.usborkeychain.com\/wp-content\/uploads\/custom-credit-card-usb-drive-2-12x12.jpg 12w, https:\/\/www.usborkeychain.com\/wp-content\/uploads\/custom-credit-card-usb-drive-2-600x600.jpg 600w, https:\/\/www.usborkeychain.com\/wp-content\/uploads\/custom-credit-card-usb-drive-2-100x100.jpg 100w\" sizes=\"(max-width: 800px) 100vw, 800px\" \/><\/figure>\n<\/div>\n<\/div>\n\n\n\n<h2 class=\"wp-block-heading\">Par\u00e2metros da unidade flash USB<\/h2>\n\n\n\n<figure class=\"wp-block-table\"><table class=\"has-fixed-layout\"><thead><tr><th>Categoria de par\u00e2metro<\/th><th>Especifica\u00e7\u00f5es espec\u00edficas<\/th><\/tr><\/thead><tbody><tr><td>Capacidade<\/td><td>8 GB, 16 GB, 32 GB, 64 GB, 128 GB<\/td><\/tr><tr><td>Dimens\u00f5es (Comprimento * Largura * Espessura)<\/td><td>Aproximadamente 86 mm \u00d7 54 mm \u00d7 3 mm<\/td><\/tr><tr><td>Peso<\/td><td>Aproximadamente 20 gramas<\/td><\/tr><tr><td>Tipo de interface<\/td><td>USB 2.0, altamente vers\u00e1til e adapt\u00e1vel \u00e0 maioria dos computadores, telefones celulares (com um adaptador) e outros dispositivos<\/td><\/tr><tr><td>Velocidades de leitura\/grava\u00e7\u00e3o<\/td><td>Leitura: Aproximadamente 15 a 25 MB\/s; grava\u00e7\u00e3o: Aproximadamente 5 a 15 MB\/s (as velocidades reais podem variar dependendo do dispositivo e do ambiente)<\/td><\/tr><\/tbody><\/table><\/figure>\n\n\n\n<h2 class=\"wp-block-heading\">O que pode ser personalizado?<\/h2>\n\n\n\n<div class=\"wp-block-columns is-layout-flex wp-container-core-columns-is-layout-28f84493 wp-block-columns-is-layout-flex\">\n<div class=\"wp-block-column is-vertically-aligned-center is-layout-flow wp-block-column-is-layout-flow\">\n<figure class=\"wp-block-image size-full\"><img alt=\"\" loading=\"lazy\" decoding=\"async\" width=\"800\" height=\"800\" src=\"https:\/\/www.usborkeychain.com\/wp-content\/uploads\/card-shaped-usb-drive-USB2.0.jpg\" class=\"wp-image-5097\" srcset=\"https:\/\/www.usborkeychain.com\/wp-content\/uploads\/card-shaped-usb-drive-USB2.0.jpg 800w, https:\/\/www.usborkeychain.com\/wp-content\/uploads\/card-shaped-usb-drive-USB2.0-300x300.jpg 300w, https:\/\/www.usborkeychain.com\/wp-content\/uploads\/card-shaped-usb-drive-USB2.0-150x150.jpg 150w, https:\/\/www.usborkeychain.com\/wp-content\/uploads\/card-shaped-usb-drive-USB2.0-768x768.jpg 768w, https:\/\/www.usborkeychain.com\/wp-content\/uploads\/card-shaped-usb-drive-USB2.0-12x12.jpg 12w, https:\/\/www.usborkeychain.com\/wp-content\/uploads\/card-shaped-usb-drive-USB2.0-600x600.jpg 600w, https:\/\/www.usborkeychain.com\/wp-content\/uploads\/card-shaped-usb-drive-USB2.0-100x100.jpg 100w\" sizes=\"(max-width: 800px) 100vw, 800px\" \/><\/figure>\n<\/div>\n\n\n\n<div class=\"wp-block-column is-vertically-aligned-center is-layout-flow wp-block-column-is-layout-flow\">\n<p>Os cart\u00f5es de metal em v\u00e1rias cores podem ser personalizados, como preto cl\u00e1ssico, prata elegante, vermelho vibrante e azul fresco, para atender a diferentes requisitos est\u00e9ticos e de cores da marca.<\/p>\n\n\n\n<p>Os logotipos tamb\u00e9m podem ser personalizados. Seja um logotipo de marca corporativa, um s\u00edmbolo espec\u00edfico de um evento ou um padr\u00e3o criativo pessoal, ele pode ser apresentado com precis\u00e3o.<\/p>\n<\/div>\n\n\n\n<div class=\"wp-block-column is-vertically-aligned-center is-layout-flow wp-block-column-is-layout-flow\">\n<figure class=\"wp-block-image size-full\"><img alt=\"\" loading=\"lazy\" decoding=\"async\" width=\"800\" height=\"800\" src=\"https:\/\/www.usborkeychain.com\/wp-content\/uploads\/Business-card-flash-drives-USB2.0.jpg\" class=\"wp-image-5094\" srcset=\"https:\/\/www.usborkeychain.com\/wp-content\/uploads\/Business-card-flash-drives-USB2.0.jpg 800w, https:\/\/www.usborkeychain.com\/wp-content\/uploads\/Business-card-flash-drives-USB2.0-300x300.jpg 300w, https:\/\/www.usborkeychain.com\/wp-content\/uploads\/Business-card-flash-drives-USB2.0-150x150.jpg 150w, https:\/\/www.usborkeychain.com\/wp-content\/uploads\/Business-card-flash-drives-USB2.0-768x768.jpg 768w, https:\/\/www.usborkeychain.com\/wp-content\/uploads\/Business-card-flash-drives-USB2.0-12x12.jpg 12w, https:\/\/www.usborkeychain.com\/wp-content\/uploads\/Business-card-flash-drives-USB2.0-600x600.jpg 600w, https:\/\/www.usborkeychain.com\/wp-content\/uploads\/Business-card-flash-drives-USB2.0-100x100.jpg 100w\" sizes=\"(max-width: 800px) 100vw, 800px\" \/><\/figure>\n<\/div>\n<\/div>\n\n\n\n<h3 class=\"wp-block-heading\">Quais s\u00e3o os processos de personaliza\u00e7\u00e3o?<\/h3>\n\n\n\n<div class=\"wp-block-columns is-layout-flex wp-container-core-columns-is-layout-28f84493 wp-block-columns-is-layout-flex\">\n<div class=\"wp-block-column is-vertically-aligned-center is-layout-flow wp-block-column-is-layout-flow\">\n<figure class=\"wp-block-image size-full\"><img alt=\"\" loading=\"lazy\" decoding=\"async\" width=\"800\" height=\"800\" src=\"https:\/\/www.usborkeychain.com\/wp-content\/uploads\/card-flash-drive-USB2.0.jpg\" class=\"wp-image-5096\" srcset=\"https:\/\/www.usborkeychain.com\/wp-content\/uploads\/card-flash-drive-USB2.0.jpg 800w, https:\/\/www.usborkeychain.com\/wp-content\/uploads\/card-flash-drive-USB2.0-300x300.jpg 300w, https:\/\/www.usborkeychain.com\/wp-content\/uploads\/card-flash-drive-USB2.0-150x150.jpg 150w, https:\/\/www.usborkeychain.com\/wp-content\/uploads\/card-flash-drive-USB2.0-768x768.jpg 768w, https:\/\/www.usborkeychain.com\/wp-content\/uploads\/card-flash-drive-USB2.0-12x12.jpg 12w, https:\/\/www.usborkeychain.com\/wp-content\/uploads\/card-flash-drive-USB2.0-600x600.jpg 600w, https:\/\/www.usborkeychain.com\/wp-content\/uploads\/card-flash-drive-USB2.0-100x100.jpg 100w\" sizes=\"(max-width: 800px) 100vw, 800px\" \/><\/figure>\n<\/div>\n\n\n\n<div class=\"wp-block-column is-vertically-aligned-center is-layout-flow wp-block-column-is-layout-flow\">\n<p><strong>Grava\u00e7\u00e3o a laser<\/strong>: Os feixes de laser de alta energia s\u00e3o usados para gravar padr\u00f5es e textos na superf\u00edcie do metal. Ele oferece alta precis\u00e3o e linhas claras. Os logotipos e padr\u00f5es t\u00eam boa resist\u00eancia ao desgaste, n\u00e3o s\u00e3o propensos a desbotamento ou abras\u00e3o durante o uso prolongado e podem manter o efeito personalizado por muito tempo. \u00c9 adequado para apresentar designs simples e refinados.<\/p>\n<\/div>\n\n\n\n<div class=\"wp-block-column is-vertically-aligned-center is-layout-flow wp-block-column-is-layout-flow\">\n<figure class=\"wp-block-image size-full\"><img alt=\"\" loading=\"lazy\" decoding=\"async\" width=\"800\" height=\"800\" src=\"https:\/\/www.usborkeychain.com\/wp-content\/uploads\/credit-card-usb-drive-USB2.0.jpg\" class=\"wp-image-5100\" srcset=\"https:\/\/www.usborkeychain.com\/wp-content\/uploads\/credit-card-usb-drive-USB2.0.jpg 800w, https:\/\/www.usborkeychain.com\/wp-content\/uploads\/credit-card-usb-drive-USB2.0-300x300.jpg 300w, https:\/\/www.usborkeychain.com\/wp-content\/uploads\/credit-card-usb-drive-USB2.0-150x150.jpg 150w, https:\/\/www.usborkeychain.com\/wp-content\/uploads\/credit-card-usb-drive-USB2.0-768x768.jpg 768w, https:\/\/www.usborkeychain.com\/wp-content\/uploads\/credit-card-usb-drive-USB2.0-12x12.jpg 12w, https:\/\/www.usborkeychain.com\/wp-content\/uploads\/credit-card-usb-drive-USB2.0-600x600.jpg 600w, https:\/\/www.usborkeychain.com\/wp-content\/uploads\/credit-card-usb-drive-USB2.0-100x100.jpg 100w\" sizes=\"(max-width: 800px) 100vw, 800px\" \/><\/figure>\n<\/div>\n<\/div>\n\n\n\n<div class=\"wp-block-columns is-layout-flex wp-container-core-columns-is-layout-28f84493 wp-block-columns-is-layout-flex\">\n<div class=\"wp-block-column is-vertically-aligned-center is-layout-flow wp-block-column-is-layout-flow\">\n<figure class=\"wp-block-image size-full\"><img alt=\"\" loading=\"lazy\" decoding=\"async\" width=\"800\" height=\"800\" src=\"https:\/\/www.usborkeychain.com\/wp-content\/uploads\/USB2.0-card-usb-flash-drive.jpg\" class=\"wp-image-5104\" srcset=\"https:\/\/www.usborkeychain.com\/wp-content\/uploads\/USB2.0-card-usb-flash-drive.jpg 800w, https:\/\/www.usborkeychain.com\/wp-content\/uploads\/USB2.0-card-usb-flash-drive-300x300.jpg 300w, https:\/\/www.usborkeychain.com\/wp-content\/uploads\/USB2.0-card-usb-flash-drive-150x150.jpg 150w, https:\/\/www.usborkeychain.com\/wp-content\/uploads\/USB2.0-card-usb-flash-drive-768x768.jpg 768w, https:\/\/www.usborkeychain.com\/wp-content\/uploads\/USB2.0-card-usb-flash-drive-12x12.jpg 12w, https:\/\/www.usborkeychain.com\/wp-content\/uploads\/USB2.0-card-usb-flash-drive-600x600.jpg 600w, https:\/\/www.usborkeychain.com\/wp-content\/uploads\/USB2.0-card-usb-flash-drive-100x100.jpg 100w\" sizes=\"(max-width: 800px) 100vw, 800px\" \/><\/figure>\n<\/div>\n\n\n\n<div class=\"wp-block-column is-vertically-aligned-center is-layout-flow wp-block-column-is-layout-flow\">\n<p><strong>Silk - Impress\u00e3o em tela<\/strong>: A tinta \u00e9 impressa na superf\u00edcie do metal por meio de uma tela de seda. Esse processo pode obter uma impress\u00e3o de padr\u00f5es complexos e ricos em cores, com forte expressividade de cores. Pode apresentar efeitos de gradiente e de emenda de v\u00e1rias cores, tornando o conte\u00fado personalizado mais v\u00edvido e colorido. \u00c9 adequado para a cria\u00e7\u00e3o de logotipos e padr\u00f5es coloridos e em grandes \u00e1reas.<\/p>\n<\/div>\n\n\n\n<div class=\"wp-block-column is-vertically-aligned-center is-layout-flow wp-block-column-is-layout-flow\">\n<figure class=\"wp-block-image size-full\"><img alt=\"\" loading=\"lazy\" decoding=\"async\" width=\"800\" height=\"800\" src=\"https:\/\/www.usborkeychain.com\/wp-content\/uploads\/sim-card-usb-drive-USB2.0.jpg\" class=\"wp-image-5102\" srcset=\"https:\/\/www.usborkeychain.com\/wp-content\/uploads\/sim-card-usb-drive-USB2.0.jpg 800w, https:\/\/www.usborkeychain.com\/wp-content\/uploads\/sim-card-usb-drive-USB2.0-300x300.jpg 300w, https:\/\/www.usborkeychain.com\/wp-content\/uploads\/sim-card-usb-drive-USB2.0-150x150.jpg 150w, https:\/\/www.usborkeychain.com\/wp-content\/uploads\/sim-card-usb-drive-USB2.0-768x768.jpg 768w, https:\/\/www.usborkeychain.com\/wp-content\/uploads\/sim-card-usb-drive-USB2.0-12x12.jpg 12w, https:\/\/www.usborkeychain.com\/wp-content\/uploads\/sim-card-usb-drive-USB2.0-600x600.jpg 600w, https:\/\/www.usborkeychain.com\/wp-content\/uploads\/sim-card-usb-drive-USB2.0-100x100.jpg 100w\" sizes=\"(max-width: 800px) 100vw, 800px\" \/><\/figure>\n<\/div>\n<\/div>\n\n\n\n<div class=\"wp-block-columns is-layout-flex wp-container-core-columns-is-layout-28f84493 wp-block-columns-is-layout-flex\">\n<div class=\"wp-block-column is-vertically-aligned-center is-layout-flow wp-block-column-is-layout-flow\">\n<figure class=\"wp-block-image size-full\"><img alt=\"\" loading=\"lazy\" decoding=\"async\" width=\"800\" height=\"800\" src=\"https:\/\/www.usborkeychain.com\/wp-content\/uploads\/USB2.0-flash-drive-card.jpg\" class=\"wp-image-5105\" srcset=\"https:\/\/www.usborkeychain.com\/wp-content\/uploads\/USB2.0-flash-drive-card.jpg 800w, https:\/\/www.usborkeychain.com\/wp-content\/uploads\/USB2.0-flash-drive-card-300x300.jpg 300w, https:\/\/www.usborkeychain.com\/wp-content\/uploads\/USB2.0-flash-drive-card-150x150.jpg 150w, https:\/\/www.usborkeychain.com\/wp-content\/uploads\/USB2.0-flash-drive-card-768x768.jpg 768w, https:\/\/www.usborkeychain.com\/wp-content\/uploads\/USB2.0-flash-drive-card-12x12.jpg 12w, https:\/\/www.usborkeychain.com\/wp-content\/uploads\/USB2.0-flash-drive-card-600x600.jpg 600w, https:\/\/www.usborkeychain.com\/wp-content\/uploads\/USB2.0-flash-drive-card-100x100.jpg 100w\" sizes=\"(max-width: 800px) 100vw, 800px\" \/><\/figure>\n<\/div>\n\n\n\n<div class=\"wp-block-column is-vertically-aligned-center is-layout-flow wp-block-column-is-layout-flow\">\n<p><strong>Anodiza\u00e7\u00e3o e colora\u00e7\u00e3o<\/strong>: Primeiro \u00e9 formada uma pel\u00edcula de \u00f3xido na superf\u00edcie do metal e, em seguida, \u00e9 realizada a colora\u00e7\u00e3o. A cor \u00e9 uniforme, com forte ader\u00eancia. A cor personalizada \u00e9 duradoura e est\u00e1vel. Ela tamb\u00e9m pode aumentar a dureza e a resist\u00eancia ao desgaste da superf\u00edcie met\u00e1lica, tornando a unidade flash USB personalizada em formato de cart\u00e3o met\u00e1lico bonita e dur\u00e1vel.<\/p>\n<\/div>\n\n\n\n<div class=\"wp-block-column is-vertically-aligned-center is-layout-flow wp-block-column-is-layout-flow\">\n<figure class=\"wp-block-image size-full\"><img alt=\"\" loading=\"lazy\" decoding=\"async\" width=\"800\" height=\"800\" src=\"https:\/\/www.usborkeychain.com\/wp-content\/uploads\/card-usb-drives-1.jpg\" class=\"wp-image-5099\" srcset=\"https:\/\/www.usborkeychain.com\/wp-content\/uploads\/card-usb-drives-1.jpg 800w, https:\/\/www.usborkeychain.com\/wp-content\/uploads\/card-usb-drives-1-300x300.jpg 300w, https:\/\/www.usborkeychain.com\/wp-content\/uploads\/card-usb-drives-1-150x150.jpg 150w, https:\/\/www.usborkeychain.com\/wp-content\/uploads\/card-usb-drives-1-768x768.jpg 768w, https:\/\/www.usborkeychain.com\/wp-content\/uploads\/card-usb-drives-1-12x12.jpg 12w, https:\/\/www.usborkeychain.com\/wp-content\/uploads\/card-usb-drives-1-600x600.jpg 600w, https:\/\/www.usborkeychain.com\/wp-content\/uploads\/card-usb-drives-1-100x100.jpg 100w\" sizes=\"(max-width: 800px) 100vw, 800px\" \/><\/figure>\n<\/div>\n<\/div>\n\n\n\n<ul class=\"wp-block-list\">\n<li><\/li>\n<\/ul>\n\n\n\n<h2 class=\"wp-block-heading\">E quanto ao custo e ao desempenho da unidade flash USB 2.0 em formato de cart\u00e3o de metal?<\/h2>\n\n\n\n<div class=\"wp-block-columns is-layout-flex wp-container-core-columns-is-layout-28f84493 wp-block-columns-is-layout-flex\">\n<div class=\"wp-block-column is-vertically-aligned-center is-layout-flow wp-block-column-is-layout-flow\">\n<p>O <strong>Unidade flash USB 2.0 em formato de cart\u00e3o de metal<\/strong> tem uma rela\u00e7\u00e3o custo-desempenho relativamente alta.<\/p>\n\n\n\n<p>Do ponto de vista do custo, embora o material met\u00e1lico e o trabalho artesanal elaborado tornem seu custo um pouco mais alto do que o das unidades flash USB em formato de cart\u00e3o de pl\u00e1stico do mesmo tipo, sua durabilidade \u00e9 muito maior, reduzindo o custo de substitui\u00e7\u00e3o causado por danos ao dispositivo.<\/p>\n\n\n\n<p>Em termos de fun\u00e7\u00f5es e personaliza\u00e7\u00e3o, ao mesmo tempo em que atende \u00e0s necessidades di\u00e1rias de armazenamento de dados, ele oferece op\u00e7\u00f5es ricas de personaliza\u00e7\u00e3o. Quando usadas por empresas para promo\u00e7\u00e3o da marca, as unidades flash USB personalizadas com logotipos, aproveitando sua fun\u00e7\u00e3o pr\u00e1tica de armazenamento, podem permanecer nas m\u00e3os dos usu\u00e1rios por muito tempo, obtendo exposi\u00e7\u00e3o cont\u00ednua da marca. O custo promocional \u00e9 baixo e o efeito \u00e9 duradouro.<\/p>\n<\/div>\n\n\n\n<div class=\"wp-block-column is-layout-flow wp-block-column-is-layout-flow\">\n<figure class=\"wp-block-image size-full\"><img alt=\"\" loading=\"lazy\" decoding=\"async\" width=\"800\" height=\"800\" src=\"https:\/\/www.usborkeychain.com\/wp-content\/uploads\/usb-business-card-USB2.0.jpg\" class=\"wp-image-5103\" srcset=\"https:\/\/www.usborkeychain.com\/wp-content\/uploads\/usb-business-card-USB2.0.jpg 800w, https:\/\/www.usborkeychain.com\/wp-content\/uploads\/usb-business-card-USB2.0-300x300.jpg 300w, https:\/\/www.usborkeychain.com\/wp-content\/uploads\/usb-business-card-USB2.0-150x150.jpg 150w, https:\/\/www.usborkeychain.com\/wp-content\/uploads\/usb-business-card-USB2.0-768x768.jpg 768w, https:\/\/www.usborkeychain.com\/wp-content\/uploads\/usb-business-card-USB2.0-12x12.jpg 12w, https:\/\/www.usborkeychain.com\/wp-content\/uploads\/usb-business-card-USB2.0-600x600.jpg 600w, https:\/\/www.usborkeychain.com\/wp-content\/uploads\/usb-business-card-USB2.0-100x100.jpg 100w\" sizes=\"(max-width: 800px) 100vw, 800px\" \/><\/figure>\n<\/div>\n<\/div>","protected":false},"excerpt":{"rendered":"<ul>\n<li>Materiais met\u00e1licos<\/li>\n<li>USB2.0<\/li>\n<li>Cores personalizadas<\/li>\n<li>Desempenho de alto custo<\/li>\n<li>MOQ:100pcs<\/li>\n<\/ul>","protected":false},"featured_media":5095,"comment_status":"open","ping_status":"closed","template":"","meta":{"_seopress_robots_primary_cat":"none","_seopress_titles_title":"","_seopress_titles_desc":"","_seopress_robots_index":"","site-sidebar-layout":"default","site-content-layout":"","ast-site-content-layout":"","site-content-style":"default","site-sidebar-style":"default","ast-global-header-display":"","ast-banner-title-visibility":"","ast-main-header-display":"","ast-hfb-above-header-display":"","ast-hfb-below-header-display":"","ast-hfb-mobile-header-display":"","site-post-title":"","ast-breadcrumbs-content":"","ast-featured-img":"","footer-sml-layout":"","theme-transparent-header-meta":"","adv-header-id-meta":"","stick-header-meta":"","header-above-stick-meta":"","header-main-stick-meta":"","header-below-stick-meta":"","astra-migrate-meta-layouts":"default","ast-page-background-enabled":"default","ast-page-background-meta":{"desktop":{"background-color":"var(--ast-global-color-5)","background-image":"","background-repeat":"repeat","background-position":"center center","background-size":"auto","background-attachment":"scroll","background-type":"","background-media":"","overlay-type":"","overlay-color":"","overlay-opacity":"","overlay-gradient":""},"tablet":{"background-color":"","background-image":"","background-repeat":"repeat","background-position":"center center","background-size":"auto","background-attachment":"scroll","background-type":"","background-media":"","overlay-type":"","overlay-color":"","overlay-opacity":"","overlay-gradient":""},"mobile":{"background-color":"","background-image":"","background-repeat":"repeat","background-position":"center center","background-size":"auto","background-attachment":"scroll","background-type":"","background-media":"","overlay-type":"","overlay-color":"","overlay-opacity":"","overlay-gradient":""}},"ast-content-background-meta":{"desktop":{"background-color":"var(--ast-global-color-4)","background-image":"","background-repeat":"repeat","background-position":"center center","background-size":"auto","background-attachment":"scroll","background-type":"","background-media":"","overlay-type":"","overlay-color":"","overlay-opacity":"","overlay-gradient":""},"tablet":{"background-color":"var(--ast-global-color-4)","background-image":"","background-repeat":"repeat","background-position":"center center","background-size":"auto","background-attachment":"scroll","background-type":"","background-media":"","overlay-type":"","overlay-color":"","overlay-opacity":"","overlay-gradient":""},"mobile":{"background-color":"var(--ast-global-color-4)","background-image":"","background-repeat":"repeat","background-position":"center center","background-size":"auto","background-attachment":"scroll","background-type":"","background-media":"","overlay-type":"","overlay-color":"","overlay-opacity":"","overlay-gradient":""}}},"product_brand":[],"product_cat":[96,103],"product_tag":[343,311],"class_list":{"0":"post-5091","1":"product","2":"type-product","3":"status-publish","4":"has-post-thumbnail","6":"product_cat-card-usb-pendrive","7":"product_cat-usb2-0-usb-pendrive","8":"product_tag-metal-card-flash-drive","9":"product_tag-usb2-0-usb-pendrive","10":"desktop-align-left","11":"tablet-align-left","12":"mobile-align-left","14":"first","15":"instock","16":"shipping-taxable","17":"product-type-simple"},"_links":{"self":[{"href":"https:\/\/www.usborkeychain.com\/pt\/wp-json\/wp\/v2\/product\/5091","targetHints":{"allow":["GET"]}}],"collection":[{"href":"https:\/\/www.usborkeychain.com\/pt\/wp-json\/wp\/v2\/product"}],"about":[{"href":"https:\/\/www.usborkeychain.com\/pt\/wp-json\/wp\/v2\/types\/product"}],"replies":[{"embeddable":true,"href":"https:\/\/www.usborkeychain.com\/pt\/wp-json\/wp\/v2\/comments?post=5091"}],"wp:featuredmedia":[{"embeddable":true,"href":"https:\/\/www.usborkeychain.com\/pt\/wp-json\/wp\/v2\/media\/5095"}],"wp:attachment":[{"href":"https:\/\/www.usborkeychain.com\/pt\/wp-json\/wp\/v2\/media?parent=5091"}],"wp:term":[{"taxonomy":"product_brand","embeddable":true,"href":"https:\/\/www.usborkeychain.com\/pt\/wp-json\/wp\/v2\/product_brand?post=5091"},{"taxonomy":"product_cat","embeddable":true,"href":"https:\/\/www.usborkeychain.com\/pt\/wp-json\/wp\/v2\/product_cat?post=5091"},{"taxonomy":"product_tag","embeddable":true,"href":"https:\/\/www.usborkeychain.com\/pt\/wp-json\/wp\/v2\/product_tag?post=5091"}],"curies":[{"name":"wp","href":"https:\/\/api.w.org\/{rel}","templated":true}]}}