{"id":5143,"date":"2025-07-29T13:41:54","date_gmt":"2025-07-29T13:41:54","guid":{"rendered":"https:\/\/www.usborkeychain.com\/?post_type=product&#038;p=5143"},"modified":"2025-08-01T14:49:31","modified_gmt":"2025-08-01T14:49:31","slug":"metal-card-shaped-usb-3-0-flash-drive","status":"publish","type":"product","link":"https:\/\/www.usborkeychain.com\/pt\/produto\/metal-card-shaped-usb-3-0-flash-drive\/","title":{"rendered":"Unidade flash USB 3.0 em formato de cart\u00e3o de metal"},"content":{"rendered":"<h3 class=\"wp-block-heading\">Artesanato e materiais<\/h3>\n\n\n\n<div class=\"wp-block-columns is-layout-flex wp-container-core-columns-is-layout-28f84493 wp-block-columns-is-layout-flex\">\n<div class=\"wp-block-column is-vertically-aligned-center is-layout-flow wp-block-column-is-layout-flow\">\n<figure class=\"wp-block-image size-full\"><img alt=\"\" fetchpriority=\"high\" decoding=\"async\" width=\"800\" height=\"800\" src=\"https:\/\/www.usborkeychain.com\/wp-content\/uploads\/credit-card-flash-drive-USB3.0.png\" class=\"wp-image-5146\" srcset=\"https:\/\/www.usborkeychain.com\/wp-content\/uploads\/credit-card-flash-drive-USB3.0.png 800w, https:\/\/www.usborkeychain.com\/wp-content\/uploads\/credit-card-flash-drive-USB3.0-300x300.png 300w, https:\/\/www.usborkeychain.com\/wp-content\/uploads\/credit-card-flash-drive-USB3.0-150x150.png 150w, https:\/\/www.usborkeychain.com\/wp-content\/uploads\/credit-card-flash-drive-USB3.0-768x768.png 768w, https:\/\/www.usborkeychain.com\/wp-content\/uploads\/credit-card-flash-drive-USB3.0-12x12.png 12w, https:\/\/www.usborkeychain.com\/wp-content\/uploads\/credit-card-flash-drive-USB3.0-600x600.png 600w, https:\/\/www.usborkeychain.com\/wp-content\/uploads\/credit-card-flash-drive-USB3.0-100x100.png 100w\" sizes=\"(max-width: 800px) 100vw, 800px\" \/><\/figure>\n<\/div>\n\n\n\n<div class=\"wp-block-column is-vertically-aligned-center is-layout-flow wp-block-column-is-layout-flow\">\n<p>O <strong>Unidade flash USB 3.0 em formato de cart\u00e3o de metal<\/strong> \u00e9 fabricado com materiais met\u00e1licos de alta qualidade, como liga de alum\u00ednio, e processado por meio de t\u00e9cnicas precisas, como trefila\u00e7\u00e3o, anodiza\u00e7\u00e3o e polimento. O inv\u00f3lucro de metal n\u00e3o apenas confere ao produto uma textura resistente e refinada, mas tamb\u00e9m oferece excelente resist\u00eancia ao desgaste e \u00e0 corros\u00e3o. Mesmo com a frequente conex\u00e3o, desconex\u00e3o e transporte no uso di\u00e1rio, ele pode resistir com efic\u00e1cia a arranh\u00f5es e batidas, mantendo a integridade de sua apar\u00eancia por muito tempo e protegendo a seguran\u00e7a do chip de armazenamento interno.<\/p>\n<\/div>\n<\/div>\n\n\n\n<h2 class=\"wp-block-heading\">Vantagens da interface e da transmiss\u00e3o<\/h2>\n\n\n\n<div class=\"wp-block-columns is-layout-flex wp-container-core-columns-is-layout-28f84493 wp-block-columns-is-layout-flex\">\n<div class=\"wp-block-column is-vertically-aligned-center is-layout-flow wp-block-column-is-layout-flow\">\n<p>Ele \u00e9 equipado com um <strong>Interface USB 3.0<\/strong>O USB 2.0 \u00e9 um cabo de conex\u00e3o de alta velocidade, normalmente identificado por seu n\u00facleo de borracha azul (diferente do n\u00facleo de borracha preta do USB 2.0), uma caracter\u00edstica distinta. O cadheres para o protocolo de transmiss\u00e3o de dados de alta velocidade, com uma taxa de transmiss\u00e3o te\u00f3rica de at\u00e9 5 Gbps. Em aplica\u00e7\u00f5es pr\u00e1ticas, a velocidade de leitura pode atingir de 40 a 100 MB\/s e a velocidade de grava\u00e7\u00e3o pode atingir de 10 a 30 MB\/s (com flutua\u00e7\u00f5es dependendo do dispositivo e do tipo de arquivo). Em compara\u00e7\u00e3o com o USB 2.0 (com uma taxa te\u00f3rica de 480 Mbps e uma velocidade real de leitura\/grava\u00e7\u00e3o aproximadamente 3 a 5 vezes mais lenta), o USB 3.0 pode reduzir significativamente o tempo de transfer\u00eancia de dados, especialmente ao transferir v\u00eddeos de grande capacidade, imagens de alta defini\u00e7\u00e3o, grandes pacotes de instala\u00e7\u00e3o de software e outros arquivos.<\/p>\n<\/div>\n\n\n\n<div class=\"wp-block-column is-vertically-aligned-center is-layout-flow wp-block-column-is-layout-flow\">\n<figure class=\"wp-block-image size-full\"><img alt=\"\" decoding=\"async\" width=\"800\" height=\"800\" src=\"https:\/\/www.usborkeychain.com\/wp-content\/uploads\/credit-card-size-usb-drive.jpg\" class=\"wp-image-5147\" srcset=\"https:\/\/www.usborkeychain.com\/wp-content\/uploads\/credit-card-size-usb-drive.jpg 800w, https:\/\/www.usborkeychain.com\/wp-content\/uploads\/credit-card-size-usb-drive-300x300.jpg 300w, https:\/\/www.usborkeychain.com\/wp-content\/uploads\/credit-card-size-usb-drive-150x150.jpg 150w, https:\/\/www.usborkeychain.com\/wp-content\/uploads\/credit-card-size-usb-drive-768x768.jpg 768w, https:\/\/www.usborkeychain.com\/wp-content\/uploads\/credit-card-size-usb-drive-12x12.jpg 12w, https:\/\/www.usborkeychain.com\/wp-content\/uploads\/credit-card-size-usb-drive-600x600.jpg 600w, https:\/\/www.usborkeychain.com\/wp-content\/uploads\/credit-card-size-usb-drive-100x100.jpg 100w\" sizes=\"(max-width: 800px) 100vw, 800px\" \/><\/figure>\n<\/div>\n<\/div>\n\n\n\n<div class=\"wp-block-columns is-layout-flex wp-container-core-columns-is-layout-28f84493 wp-block-columns-is-layout-flex\">\n<div class=\"wp-block-column is-vertically-aligned-center is-layout-flow wp-block-column-is-layout-flow\">\n<p>Al\u00e9m de sua vantagem de velocidade, o USB 3.0 suporta \"transmiss\u00e3o ass\u00edncrona\", que pode alimentar o dispositivo durante a transfer\u00eancia de dados. Sua compatibilidade tamb\u00e9m foi ainda mais otimizada, sendo adequada para dispositivos novos e antigos. Ele pode funcionar de forma est\u00e1vel em computadores modernos, smart TVs, consoles de jogos e outros dispositivos.<\/p>\n\n\n\n<p>O <strong>Unidade flash USB<\/strong> apresenta um design de interface oculta. A interface pode ser facilmente retirada e retra\u00edda. Quando retra\u00edda, ela se integra ao corpo met\u00e1lico em forma de cart\u00e3o, protegendo a interface contra poeira e danos f\u00edsicos e tornando o formato geral mais conciso. Ele pode ser facilmente colocado em uma carteira ou porta-cart\u00f5es como um cart\u00e3o de visita, oferecendo m\u00e1xima portabilidade.<\/p>\n<\/div>\n\n\n\n<div class=\"wp-block-column is-layout-flow wp-block-column-is-layout-flow\">\n<figure class=\"wp-block-image size-full\"><img alt=\"\" decoding=\"async\" width=\"800\" height=\"800\" src=\"https:\/\/www.usborkeychain.com\/wp-content\/uploads\/credit-card-usb-drives-USB3.0.png\" class=\"wp-image-5148\" srcset=\"https:\/\/www.usborkeychain.com\/wp-content\/uploads\/credit-card-usb-drives-USB3.0.png 800w, https:\/\/www.usborkeychain.com\/wp-content\/uploads\/credit-card-usb-drives-USB3.0-300x300.png 300w, https:\/\/www.usborkeychain.com\/wp-content\/uploads\/credit-card-usb-drives-USB3.0-150x150.png 150w, https:\/\/www.usborkeychain.com\/wp-content\/uploads\/credit-card-usb-drives-USB3.0-768x768.png 768w, https:\/\/www.usborkeychain.com\/wp-content\/uploads\/credit-card-usb-drives-USB3.0-12x12.png 12w, https:\/\/www.usborkeychain.com\/wp-content\/uploads\/credit-card-usb-drives-USB3.0-600x600.png 600w, https:\/\/www.usborkeychain.com\/wp-content\/uploads\/credit-card-usb-drives-USB3.0-100x100.png 100w\" sizes=\"(max-width: 800px) 100vw, 800px\" \/><\/figure>\n<\/div>\n<\/div>\n\n\n\n<div class=\"wp-block-columns is-layout-flex wp-container-core-columns-is-layout-28f84493 wp-block-columns-is-layout-flex\">\n<div class=\"wp-block-column is-vertically-aligned-center is-layout-flow wp-block-column-is-layout-flow\">\n<p>Atualmente, a prefer\u00eancia crescente por <strong>Unidades flash USB 3.0<\/strong> decorre principalmente dos seguintes motivos. <strong>Em primeiro lugar<\/strong>Com o crescimento explosivo do volume de dados, h\u00e1 uma necessidade urgente de transferir arquivos de alta defini\u00e7\u00e3o e materiais de projeto em grande escala. O desempenho de alta velocidade do USB 3.0 pode resolver com efici\u00eancia esse problema que consome muito tempo. <strong>Em segundo lugar<\/strong>A compatibilidade dos dispositivos USB 3.0 tem se expandido continuamente. Os novos dispositivos geralmente suportam USB 3.0, e os dispositivos antigos tamb\u00e9m podem ser adaptados por meio de adaptadores, resultando em uma ampla gama de cen\u00e1rios de aplicativos. <strong>Em terceiro lugar<\/strong>A combina\u00e7\u00e3o de materiais met\u00e1licos e o design em forma de cart\u00e3o atendem aos requisitos compostos dos usu\u00e1rios para produtos em termos de \"durabilidade + portabilidade + est\u00e9tica\", tornando-o uma excelente op\u00e7\u00e3o para presentes de escrit\u00f3rio e armazenamento pessoal.<\/p>\n<\/div>\n\n\n\n<div class=\"wp-block-column is-vertically-aligned-center is-layout-flow wp-block-column-is-layout-flow\">\n<figure class=\"wp-block-image size-full\"><img alt=\"\" loading=\"lazy\" decoding=\"async\" width=\"800\" height=\"800\" src=\"https:\/\/www.usborkeychain.com\/wp-content\/uploads\/credit-card-usb-USB3.0.png\" class=\"wp-image-5149\" srcset=\"https:\/\/www.usborkeychain.com\/wp-content\/uploads\/credit-card-usb-USB3.0.png 800w, https:\/\/www.usborkeychain.com\/wp-content\/uploads\/credit-card-usb-USB3.0-300x300.png 300w, https:\/\/www.usborkeychain.com\/wp-content\/uploads\/credit-card-usb-USB3.0-150x150.png 150w, https:\/\/www.usborkeychain.com\/wp-content\/uploads\/credit-card-usb-USB3.0-768x768.png 768w, https:\/\/www.usborkeychain.com\/wp-content\/uploads\/credit-card-usb-USB3.0-12x12.png 12w, https:\/\/www.usborkeychain.com\/wp-content\/uploads\/credit-card-usb-USB3.0-600x600.png 600w, https:\/\/www.usborkeychain.com\/wp-content\/uploads\/credit-card-usb-USB3.0-100x100.png 100w\" sizes=\"(max-width: 800px) 100vw, 800px\" \/><\/figure>\n<\/div>\n<\/div>\n\n\n\n<h2 class=\"wp-block-heading\">Par\u00e2metros da unidade flash USB<\/h2>\n\n\n\n<figure class=\"wp-block-table\"><table class=\"has-fixed-layout\"><thead><tr><th>Categoria de par\u00e2metro<\/th><th>Especifica\u00e7\u00f5es espec\u00edficas<\/th><\/tr><\/thead><tbody><tr><td>Capacidade<\/td><td>8 GB, 16 GB, 32 GB, 64 GB, 128 GB, 256 GB<\/td><\/tr><tr><td>Dimens\u00f5es (Comprimento * Largura * Espessura)<\/td><td>Aproximadamente 86 mm \u00d7 54 mm \u00d7 3 mm<\/td><\/tr><tr><td>Peso<\/td><td>Aproximadamente 12 a 20 gramas<\/td><\/tr><tr><td>Tipo de interface<\/td><td><strong>USB 3.0, com uma borracha azul - interface principal<\/strong>, para baixo - compat\u00edvel com dispositivos USB 2.0<\/td><\/tr><tr><td>Velocidades de leitura\/grava\u00e7\u00e3o<\/td><td>Leitura: 40 - 100 MB\/s; grava\u00e7\u00e3o: 10 - 30 MB\/s (as velocidades reais podem variar dependendo do desempenho do dispositivo e da fragmenta\u00e7\u00e3o do arquivo)<\/td><\/tr><\/tbody><\/table><\/figure>\n\n\n\n<h3 class=\"wp-block-heading\">O que pode ser personalizado?<\/h3>\n\n\n\n<div class=\"wp-block-columns is-layout-flex wp-container-core-columns-is-layout-28f84493 wp-block-columns-is-layout-flex\">\n<div class=\"wp-block-column is-vertically-aligned-center is-layout-flow wp-block-column-is-layout-flow\">\n<p>As op\u00e7\u00f5es de personaliza\u00e7\u00e3o incluem logotipos corporativos, slogans de marca, padr\u00f5es criativos, assinaturas pessoais, etc.<\/p>\n\n\n\n<p>Cores diferentes tamb\u00e9m podem ser personalizadas. Por meio de processos como anodiza\u00e7\u00e3o e colora\u00e7\u00e3o, \u00e9 poss\u00edvel obter uma variedade de cores como prata, ouro, preto e azul para atender a diferentes requisitos est\u00e9ticos e de cores da marca.<\/p>\n<\/div>\n\n\n\n<div class=\"wp-block-column is-vertically-aligned-center is-layout-flow wp-block-column-is-layout-flow\">\n<figure class=\"wp-block-image size-full\"><img alt=\"\" loading=\"lazy\" decoding=\"async\" width=\"800\" height=\"800\" src=\"https:\/\/www.usborkeychain.com\/wp-content\/uploads\/USB3.0-credit-card-usb-flash-drive.png\" class=\"wp-image-5153\" srcset=\"https:\/\/www.usborkeychain.com\/wp-content\/uploads\/USB3.0-credit-card-usb-flash-drive.png 800w, https:\/\/www.usborkeychain.com\/wp-content\/uploads\/USB3.0-credit-card-usb-flash-drive-300x300.png 300w, https:\/\/www.usborkeychain.com\/wp-content\/uploads\/USB3.0-credit-card-usb-flash-drive-150x150.png 150w, https:\/\/www.usborkeychain.com\/wp-content\/uploads\/USB3.0-credit-card-usb-flash-drive-768x768.png 768w, https:\/\/www.usborkeychain.com\/wp-content\/uploads\/USB3.0-credit-card-usb-flash-drive-12x12.png 12w, https:\/\/www.usborkeychain.com\/wp-content\/uploads\/USB3.0-credit-card-usb-flash-drive-600x600.png 600w, https:\/\/www.usborkeychain.com\/wp-content\/uploads\/USB3.0-credit-card-usb-flash-drive-100x100.png 100w\" sizes=\"(max-width: 800px) 100vw, 800px\" \/><\/figure>\n<\/div>\n<\/div>\n\n\n\n<h3 class=\"wp-block-heading\">Quais s\u00e3o os processos de personaliza\u00e7\u00e3o?<\/h3>\n\n\n\n<div class=\"wp-block-columns is-layout-flex wp-container-core-columns-is-layout-28f84493 wp-block-columns-is-layout-flex\">\n<div class=\"wp-block-column is-vertically-aligned-center is-layout-flow wp-block-column-is-layout-flow\">\n<figure class=\"wp-block-image size-full\"><img alt=\"\" loading=\"lazy\" decoding=\"async\" width=\"800\" height=\"800\" src=\"https:\/\/www.usborkeychain.com\/wp-content\/uploads\/USB3.0-credit-card-usb-drive.jpg\" class=\"wp-image-5152\" srcset=\"https:\/\/www.usborkeychain.com\/wp-content\/uploads\/USB3.0-credit-card-usb-drive.jpg 800w, https:\/\/www.usborkeychain.com\/wp-content\/uploads\/USB3.0-credit-card-usb-drive-300x300.jpg 300w, https:\/\/www.usborkeychain.com\/wp-content\/uploads\/USB3.0-credit-card-usb-drive-150x150.jpg 150w, https:\/\/www.usborkeychain.com\/wp-content\/uploads\/USB3.0-credit-card-usb-drive-768x768.jpg 768w, https:\/\/www.usborkeychain.com\/wp-content\/uploads\/USB3.0-credit-card-usb-drive-12x12.jpg 12w, https:\/\/www.usborkeychain.com\/wp-content\/uploads\/USB3.0-credit-card-usb-drive-600x600.jpg 600w, https:\/\/www.usborkeychain.com\/wp-content\/uploads\/USB3.0-credit-card-usb-drive-100x100.jpg 100w\" sizes=\"(max-width: 800px) 100vw, 800px\" \/><\/figure>\n<\/div>\n\n\n\n<div class=\"wp-block-column is-vertically-aligned-center is-layout-flow wp-block-column-is-layout-flow\">\n<ul class=\"wp-block-list\">\n<li><strong>Grava\u00e7\u00e3o a laser<\/strong>: Os feixes de laser de alta energia s\u00e3o usados para gravar padr\u00f5es e textos na superf\u00edcie do metal. Ele oferece uma precis\u00e3o extremamente alta, com linhas finas e claras. O conte\u00fado gravado tem excelente resist\u00eancia ao desgaste e n\u00e3o desbota nem cai durante o uso prolongado. \u00c9 adequado para apresentar logotipos simples, textos finos e outros designs com alta precis\u00e3o de restaura\u00e7\u00e3o.<\/li>\n\n\n\n<li><strong>Gravura eletroqu\u00edmica<\/strong>: Os padr\u00f5es s\u00e3o formados na superf\u00edcie do metal por meio de eletr\u00f3lise. Esse processo pode criar texturas complexas e efeitos de gradiente de cores, acrescentando um senso de arte e camadas ao conte\u00fado personalizado. \u00c9 adequado para criar padr\u00f5es criativos e em grandes \u00e1reas.<\/li>\n<\/ul>\n<\/div>\n<\/div>\n\n\n\n<div class=\"wp-block-columns is-layout-flex wp-container-core-columns-is-layout-28f84493 wp-block-columns-is-layout-flex\">\n<div class=\"wp-block-column is-vertically-aligned-center is-layout-flow wp-block-column-is-layout-flow\">\n<figure class=\"wp-block-image size-full\"><img alt=\"\" loading=\"lazy\" decoding=\"async\" width=\"800\" height=\"800\" src=\"https:\/\/www.usborkeychain.com\/wp-content\/uploads\/USB3.0-credit-card-thumb-drive.jpg\" class=\"wp-image-5151\" srcset=\"https:\/\/www.usborkeychain.com\/wp-content\/uploads\/USB3.0-credit-card-thumb-drive.jpg 800w, https:\/\/www.usborkeychain.com\/wp-content\/uploads\/USB3.0-credit-card-thumb-drive-300x300.jpg 300w, https:\/\/www.usborkeychain.com\/wp-content\/uploads\/USB3.0-credit-card-thumb-drive-150x150.jpg 150w, https:\/\/www.usborkeychain.com\/wp-content\/uploads\/USB3.0-credit-card-thumb-drive-768x768.jpg 768w, https:\/\/www.usborkeychain.com\/wp-content\/uploads\/USB3.0-credit-card-thumb-drive-12x12.jpg 12w, https:\/\/www.usborkeychain.com\/wp-content\/uploads\/USB3.0-credit-card-thumb-drive-600x600.jpg 600w, https:\/\/www.usborkeychain.com\/wp-content\/uploads\/USB3.0-credit-card-thumb-drive-100x100.jpg 100w\" sizes=\"(max-width: 800px) 100vw, 800px\" \/><\/figure>\n<\/div>\n\n\n\n<div class=\"wp-block-column is-vertically-aligned-center is-layout-flow wp-block-column-is-layout-flow\">\n<p><strong>Impress\u00e3o em cores UV<\/strong>: Os padr\u00f5es de cores de alta defini\u00e7\u00e3o s\u00e3o impressos na superf\u00edcie do metal usando tintas cur\u00e1veis por ultravioleta. As cores s\u00e3o altamente saturadas com transi\u00e7\u00f5es naturais, capazes de apresentar perfeitamente a qualidade de uma foto, acrescentando efeitos visuais ricos \u00e0 personaliza\u00e7\u00e3o. \u00c9 adequado para requisitos de personaliza\u00e7\u00e3o que exigem cores vivas e imagens complexas.<\/p>\n<\/div>\n<\/div>\n\n\n\n<h2 class=\"wp-block-heading\">Qual \u00e9 o pre\u00e7o dessa unidade flash USB?<\/h2>\n\n\n\n<div class=\"wp-block-columns is-layout-flex wp-container-core-columns-is-layout-28f84493 wp-block-columns-is-layout-flex\">\n<div class=\"wp-block-column is-vertically-aligned-center is-layout-flow wp-block-column-is-layout-flow\">\n<p>O <strong>Pre\u00e7o da unidade flash USB 3.0 em formato de cart\u00e3o de metal<\/strong> \u00e9 afetado por fatores como capacidade, processo de personaliza\u00e7\u00e3o e quantidade do pedido. Para modelos regulares com capacidades b\u00e1sicas (8 GB - 16 GB) e sem personaliza\u00e7\u00e3o, o pre\u00e7o unit\u00e1rio \u00e9 de aproximadamente 15 a 30 yuans. Os produtos de capacidade m\u00e9dia (32 GB - 64 GB) t\u00eam pre\u00e7os na faixa de 30 a 60 yuans, e as vers\u00f5es de grande capacidade (128 GB - 256 GB) ficam em torno de 60 a 150 yuans. Se houver servi\u00e7os de valor agregado, como grava\u00e7\u00e3o de logotipo, impress\u00e3o de padr\u00f5es coloridos e personaliza\u00e7\u00e3o de cores, ser\u00e3o cobradas taxas adicionais de personaliza\u00e7\u00e3o. Em geral, dependendo da complexidade da personaliza\u00e7\u00e3o e da quantidade do pedido, \u00e9 cobrado um adicional de 5 a 30 yuans por pe\u00e7a. Para compras em grandes quantidades (como pedidos corporativos de mais de 100 pe\u00e7as), os fabricantes oferecer\u00e3o alguns descontos. Para obter pre\u00e7os espec\u00edficos, entre em contato com nossos representantes de atendimento ao cliente.<\/p>\n<\/div>\n\n\n\n<div class=\"wp-block-column is-vertically-aligned-center is-layout-flow wp-block-column-is-layout-flow\">\n<figure class=\"wp-block-image size-full\"><img alt=\"\" loading=\"lazy\" decoding=\"async\" width=\"800\" height=\"800\" src=\"https:\/\/www.usborkeychain.com\/wp-content\/uploads\/ultra-thin-credit-card-usb-flash-drive.jpg\" class=\"wp-image-5150\" srcset=\"https:\/\/www.usborkeychain.com\/wp-content\/uploads\/ultra-thin-credit-card-usb-flash-drive.jpg 800w, https:\/\/www.usborkeychain.com\/wp-content\/uploads\/ultra-thin-credit-card-usb-flash-drive-300x300.jpg 300w, https:\/\/www.usborkeychain.com\/wp-content\/uploads\/ultra-thin-credit-card-usb-flash-drive-150x150.jpg 150w, https:\/\/www.usborkeychain.com\/wp-content\/uploads\/ultra-thin-credit-card-usb-flash-drive-768x768.jpg 768w, https:\/\/www.usborkeychain.com\/wp-content\/uploads\/ultra-thin-credit-card-usb-flash-drive-12x12.jpg 12w, https:\/\/www.usborkeychain.com\/wp-content\/uploads\/ultra-thin-credit-card-usb-flash-drive-600x600.jpg 600w, https:\/\/www.usborkeychain.com\/wp-content\/uploads\/ultra-thin-credit-card-usb-flash-drive-100x100.jpg 100w\" sizes=\"(max-width: 800px) 100vw, 800px\" \/><\/figure>\n<\/div>\n<\/div>","protected":false},"excerpt":{"rendered":"<ul>\n<li>Materiais met\u00e1licos<\/li>\n<li>Interface USB 3.0<\/li>\n<li>USB 3.0 em formato de cart\u00e3o<\/li>\n<li>Borracha azul - interface do n\u00facleo<\/li>\n<li>MOQ:100pcs<\/li>\n<\/ul>","protected":false},"featured_media":5146,"comment_status":"open","ping_status":"closed","template":"","meta":{"_seopress_robots_primary_cat":"","_seopress_titles_title":"","_seopress_titles_desc":"","_seopress_robots_index":"","site-sidebar-layout":"default","site-content-layout":"","ast-site-content-layout":"","site-content-style":"default","site-sidebar-style":"default","ast-global-header-display":"","ast-banner-title-visibility":"","ast-main-header-display":"","ast-hfb-above-header-display":"","ast-hfb-below-header-display":"","ast-hfb-mobile-header-display":"","site-post-title":"","ast-breadcrumbs-content":"","ast-featured-img":"","footer-sml-layout":"","theme-transparent-header-meta":"","adv-header-id-meta":"","stick-header-meta":"","header-above-stick-meta":"","header-main-stick-meta":"","header-below-stick-meta":"","astra-migrate-meta-layouts":"default","ast-page-background-enabled":"default","ast-page-background-meta":{"desktop":{"background-color":"var(--ast-global-color-5)","background-image":"","background-repeat":"repeat","background-position":"center center","background-size":"auto","background-attachment":"scroll","background-type":"","background-media":"","overlay-type":"","overlay-color":"","overlay-opacity":"","overlay-gradient":""},"tablet":{"background-color":"","background-image":"","background-repeat":"repeat","background-position":"center center","background-size":"auto","background-attachment":"scroll","background-type":"","background-media":"","overlay-type":"","overlay-color":"","overlay-opacity":"","overlay-gradient":""},"mobile":{"background-color":"","background-image":"","background-repeat":"repeat","background-position":"center center","background-size":"auto","background-attachment":"scroll","background-type":"","background-media":"","overlay-type":"","overlay-color":"","overlay-opacity":"","overlay-gradient":""}},"ast-content-background-meta":{"desktop":{"background-color":"var(--ast-global-color-4)","background-image":"","background-repeat":"repeat","background-position":"center center","background-size":"auto","background-attachment":"scroll","background-type":"","background-media":"","overlay-type":"","overlay-color":"","overlay-opacity":"","overlay-gradient":""},"tablet":{"background-color":"var(--ast-global-color-4)","background-image":"","background-repeat":"repeat","background-position":"center center","background-size":"auto","background-attachment":"scroll","background-type":"","background-media":"","overlay-type":"","overlay-color":"","overlay-opacity":"","overlay-gradient":""},"mobile":{"background-color":"var(--ast-global-color-4)","background-image":"","background-repeat":"repeat","background-position":"center center","background-size":"auto","background-attachment":"scroll","background-type":"","background-media":"","overlay-type":"","overlay-color":"","overlay-opacity":"","overlay-gradient":""}}},"product_brand":[],"product_cat":[96,104],"product_tag":[343,313],"class_list":{"0":"post-5143","1":"product","2":"type-product","3":"status-publish","4":"has-post-thumbnail","6":"product_cat-card-usb-pendrive","7":"product_cat-usb3-0-usb-pendrive","8":"product_tag-metal-card-flash-drive","9":"product_tag-usb3-0-usb-pendrive","10":"desktop-align-left","11":"tablet-align-left","12":"mobile-align-left","14":"first","15":"instock","16":"shipping-taxable","17":"product-type-simple"},"_links":{"self":[{"href":"https:\/\/www.usborkeychain.com\/pt\/wp-json\/wp\/v2\/product\/5143","targetHints":{"allow":["GET"]}}],"collection":[{"href":"https:\/\/www.usborkeychain.com\/pt\/wp-json\/wp\/v2\/product"}],"about":[{"href":"https:\/\/www.usborkeychain.com\/pt\/wp-json\/wp\/v2\/types\/product"}],"replies":[{"embeddable":true,"href":"https:\/\/www.usborkeychain.com\/pt\/wp-json\/wp\/v2\/comments?post=5143"}],"wp:featuredmedia":[{"embeddable":true,"href":"https:\/\/www.usborkeychain.com\/pt\/wp-json\/wp\/v2\/media\/5146"}],"wp:attachment":[{"href":"https:\/\/www.usborkeychain.com\/pt\/wp-json\/wp\/v2\/media?parent=5143"}],"wp:term":[{"taxonomy":"product_brand","embeddable":true,"href":"https:\/\/www.usborkeychain.com\/pt\/wp-json\/wp\/v2\/product_brand?post=5143"},{"taxonomy":"product_cat","embeddable":true,"href":"https:\/\/www.usborkeychain.com\/pt\/wp-json\/wp\/v2\/product_cat?post=5143"},{"taxonomy":"product_tag","embeddable":true,"href":"https:\/\/www.usborkeychain.com\/pt\/wp-json\/wp\/v2\/product_tag?post=5143"}],"curies":[{"name":"wp","href":"https:\/\/api.w.org\/{rel}","templated":true}]}}