{"id":5204,"date":"2025-07-30T02:55:39","date_gmt":"2025-07-30T02:55:39","guid":{"rendered":"https:\/\/www.usborkeychain.com\/?post_type=product&#038;p=5204"},"modified":"2025-08-16T03:07:40","modified_gmt":"2025-08-16T03:07:40","slug":"wooden-painted-usb-flash-drives","status":"publish","type":"product","link":"https:\/\/www.usborkeychain.com\/pt\/produto\/wooden-painted-usb-flash-drives\/","title":{"rendered":"Unidades flash USB pintadas em madeira"},"content":{"rendered":"<div class=\"wp-block-columns is-layout-flex wp-container-core-columns-is-layout-28f84493 wp-block-columns-is-layout-flex\">\n<div class=\"wp-block-column is-vertically-aligned-center is-layout-flow wp-block-column-is-layout-flow\">\n<h3 class=\"wp-block-heading\">Material<\/h3>\n\n\n\n<p>Fabricado com materiais de alta qualidade <strong>madeira natural<\/strong>O padr\u00e3o de madeira de cada unidade USB \u00e9 \u00fanico e confere ao produto uma textura natural.\u00a0<\/p>\n\n\n\n<p>Por ser um recurso renov\u00e1vel, a madeira garante um processo de produ\u00e7\u00e3o com baixo teor de carbono e ecologicamente correto, alinhando-se ao conceito moderno de \"<strong>consumo verde<\/strong>.&#8221;<\/p>\n\n\n\n<h3 class=\"wp-block-heading\">Leve e port\u00e1til<\/h3>\n\n\n\n<p>Com um formato retangular elegante e um tamanho compacto, ele pesa apenas cerca de 10g. Ele pode ser facilmente armazenado em uma carteira, chaveiro ou at\u00e9 mesmo preso em um notebook, sem sobrecarga durante a viagem.<\/p>\n<\/div>\n\n\n\n<div class=\"wp-block-column is-vertically-aligned-center is-layout-flow wp-block-column-is-layout-flow\">\n<figure class=\"wp-block-image size-full\"><img alt=\"\" fetchpriority=\"high\" decoding=\"async\" width=\"800\" height=\"800\" src=\"https:\/\/www.usborkeychain.com\/wp-content\/uploads\/PastelWood-USB-Memory-Sticks.jpg\" class=\"wp-image-5216\" srcset=\"https:\/\/www.usborkeychain.com\/wp-content\/uploads\/PastelWood-USB-Memory-Sticks.jpg 800w, https:\/\/www.usborkeychain.com\/wp-content\/uploads\/PastelWood-USB-Memory-Sticks-300x300.jpg 300w, https:\/\/www.usborkeychain.com\/wp-content\/uploads\/PastelWood-USB-Memory-Sticks-150x150.jpg 150w, https:\/\/www.usborkeychain.com\/wp-content\/uploads\/PastelWood-USB-Memory-Sticks-768x768.jpg 768w, https:\/\/www.usborkeychain.com\/wp-content\/uploads\/PastelWood-USB-Memory-Sticks-12x12.jpg 12w, https:\/\/www.usborkeychain.com\/wp-content\/uploads\/PastelWood-USB-Memory-Sticks-600x600.jpg 600w, https:\/\/www.usborkeychain.com\/wp-content\/uploads\/PastelWood-USB-Memory-Sticks-100x100.jpg 100w\" sizes=\"(max-width: 800px) 100vw, 800px\" \/><\/figure>\n<\/div>\n<\/div>\n\n\n\n<div class=\"wp-block-columns is-layout-flex wp-container-core-columns-is-layout-28f84493 wp-block-columns-is-layout-flex\">\n<div class=\"wp-block-column is-vertically-aligned-center is-layout-flow wp-block-column-is-layout-flow\">\n<h3 class=\"wp-block-heading\">Pintura<\/h3>\n\n\n\n<ul class=\"wp-block-list\">\n<li><strong>Sistema de cores<\/strong>: Abrange cores macarr\u00e3o (verde menta, azul Tiffany, rosa p\u00farpura, amarelo quente etc.), cores Morandi (baixa satura\u00e7\u00e3o com um toque premium) e cores s\u00f3lidas cl\u00e1ssicas (vermelho puro, preto intenso), atendendo a diversas prefer\u00eancias est\u00e9ticas.<\/li>\n\n\n\n<li><strong>Garantia de fabrica\u00e7\u00e3o artesanal<\/strong>: Adota tinta \u00e0 base de \u00e1gua ecologicamente correta + tecnologia de cura UV, garantindo cores brilhantes e completas com forte ader\u00eancia, resist\u00eancia ao desgaste e a arranh\u00f5es. N\u00e3o \u00e9 t\u00f3xico e \u00e9 inofensivo, tendo passado pela certifica\u00e7\u00e3o ambiental da UE, n\u00e3o apresentando riscos de seguran\u00e7a com o contato de longo prazo.<\/li>\n<\/ul>\n<\/div>\n\n\n\n<div class=\"wp-block-column is-vertically-aligned-center is-layout-flow wp-block-column-is-layout-flow\">\n<figure class=\"wp-block-image size-full\"><img alt=\"\" decoding=\"async\" width=\"800\" height=\"800\" src=\"https:\/\/www.usborkeychain.com\/wp-content\/uploads\/RainbowWood-USB-Flash-Drives.jpg\" class=\"wp-image-5218\" srcset=\"https:\/\/www.usborkeychain.com\/wp-content\/uploads\/RainbowWood-USB-Flash-Drives.jpg 800w, https:\/\/www.usborkeychain.com\/wp-content\/uploads\/RainbowWood-USB-Flash-Drives-300x300.jpg 300w, https:\/\/www.usborkeychain.com\/wp-content\/uploads\/RainbowWood-USB-Flash-Drives-150x150.jpg 150w, https:\/\/www.usborkeychain.com\/wp-content\/uploads\/RainbowWood-USB-Flash-Drives-768x768.jpg 768w, https:\/\/www.usborkeychain.com\/wp-content\/uploads\/RainbowWood-USB-Flash-Drives-12x12.jpg 12w, https:\/\/www.usborkeychain.com\/wp-content\/uploads\/RainbowWood-USB-Flash-Drives-600x600.jpg 600w, https:\/\/www.usborkeychain.com\/wp-content\/uploads\/RainbowWood-USB-Flash-Drives-100x100.jpg 100w\" sizes=\"(max-width: 800px) 100vw, 800px\" \/><\/figure>\n<\/div>\n<\/div>\n\n\n\n<h2 class=\"wp-block-heading\">Par\u00e2metros principais da unidade USB<\/h2>\n\n\n\n<figure class=\"wp-block-table\"><table class=\"has-fixed-layout\"><thead><tr><th>Categoria de par\u00e2metro<\/th><th>Especifica\u00e7\u00f5es espec\u00edficas<\/th><\/tr><\/thead><tbody><tr><td>Capacidade<\/td><td>8 GB, 16 GB, 32 GB, 64 GB, 128 GB<\/td><\/tr><tr><td>Dimens\u00f5es (C\u00d7L\u00d7A)<\/td><td>35 mm \u00d7 15 mm \u00d7 8 mm (com toler\u00e2ncia de \u00b10,5 mm)<\/td><\/tr><tr><td>Peso<\/td><td>Aproximadamente 10g<\/td><\/tr><tr><td>Tipo de interface<\/td><td>USB 2.0 \/ USB 3.0<\/td><\/tr><\/tbody><\/table><\/figure>\n\n\n\n<h2 class=\"wp-block-heading\">O logotipo e os padr\u00f5es podem ser personalizados? Quais s\u00e3o os processos de personaliza\u00e7\u00e3o?<\/h2>\n\n\n\n<div class=\"wp-block-columns are-vertically-aligned-center is-layout-flex wp-container-core-columns-is-layout-28f84493 wp-block-columns-is-layout-flex\">\n<div class=\"wp-block-column is-vertically-aligned-center is-layout-flow wp-block-column-is-layout-flow\">\n<figure class=\"wp-block-image size-full\"><img alt=\"\" decoding=\"async\" width=\"800\" height=\"800\" src=\"https:\/\/www.usborkeychain.com\/wp-content\/uploads\/VividHue-Wooden-USB-Drives.jpg\" class=\"wp-image-5219\" srcset=\"https:\/\/www.usborkeychain.com\/wp-content\/uploads\/VividHue-Wooden-USB-Drives.jpg 800w, https:\/\/www.usborkeychain.com\/wp-content\/uploads\/VividHue-Wooden-USB-Drives-300x300.jpg 300w, https:\/\/www.usborkeychain.com\/wp-content\/uploads\/VividHue-Wooden-USB-Drives-150x150.jpg 150w, https:\/\/www.usborkeychain.com\/wp-content\/uploads\/VividHue-Wooden-USB-Drives-768x768.jpg 768w, https:\/\/www.usborkeychain.com\/wp-content\/uploads\/VividHue-Wooden-USB-Drives-12x12.jpg 12w, https:\/\/www.usborkeychain.com\/wp-content\/uploads\/VividHue-Wooden-USB-Drives-600x600.jpg 600w, https:\/\/www.usborkeychain.com\/wp-content\/uploads\/VividHue-Wooden-USB-Drives-100x100.jpg 100w\" sizes=\"(max-width: 800px) 100vw, 800px\" \/><\/figure>\n<\/div>\n\n\n\n<div class=\"wp-block-column is-vertically-aligned-center is-layout-flow wp-block-column-is-layout-flow\">\n<h3 class=\"wp-block-heading\">Viabilidade de personaliza\u00e7\u00e3o:<\/h3>\n\n\n\n<p>Seja um LOGOTIPO corporativo, um padr\u00e3o de casamento, uma assinatura pessoal ou uma ilustra\u00e7\u00e3o criativa, tudo pode ser realizado por meio de um trabalho profissional.<\/p>\n\n\n\n<h3 class=\"wp-block-heading\">Processos essenciais de personaliza\u00e7\u00e3o:<\/h3>\n\n\n\n<ul class=\"wp-block-list\">\n<li><strong>Grava\u00e7\u00e3o a laser<\/strong>: Usa laser de alta energia para queimar a superf\u00edcie da madeira e gravar LOGOTIPO\/padr\u00f5es. Adequado para texto e desenhos baseados em linhas.<\/li>\n\n\n\n<li><strong>Impress\u00e3o com pintura UV<\/strong>: Imprime padr\u00f5es diretamente na superf\u00edcie da madeira usando tinta UV. Adequado para ilustra\u00e7\u00f5es complexas e designs baseados em fotos, com resist\u00eancia \u00e0 \u00e1gua e a arranh\u00f5es.<\/li>\n\n\n\n<li><strong>Transfer\u00eancia de calor (processo avan\u00e7ado)<\/strong>: Transfere padr\u00f5es de um filme de transfer\u00eancia para a madeira por meio de alta temperatura, exigindo pr\u00e9-tratamento com um revestimento. Oferece melhor satura\u00e7\u00e3o de cores do que a impress\u00e3o UV, adequada para personaliza\u00e7\u00e3o em massa com custos mais baixos.<\/li>\n<\/ul>\n<\/div>\n<\/div>\n\n\n\n<h2 class=\"wp-block-heading\">A unidade USB de madeira pintada \u00e9 f\u00e1cil de quebrar?<\/h2>\n\n\n\n<div class=\"wp-block-columns are-vertically-aligned-center is-layout-flex wp-container-core-columns-is-layout-28f84493 wp-block-columns-is-layout-flex\">\n<div class=\"wp-block-column is-vertically-aligned-center is-layout-flow wp-block-column-is-layout-flow\">\n<p>Em condi\u00e7\u00f5es normais de uso, sua vida \u00fatil \u00e9 compar\u00e1vel \u00e0 das unidades USB comuns, ou at\u00e9 mais longa!<\/p>\n\n\n\n<ul class=\"wp-block-list\">\n<li><strong>Aspecto estrutural<\/strong>: A madeira tem fortes propriedades naturais de amortecimento. Em compara\u00e7\u00e3o com as unidades USB de pl\u00e1stico, ela \u00e9 mais resistente a quedas leves (reduzindo os danos ao chip causados pela vibra\u00e7\u00e3o). O chip interno adota a \"embalagem embutida\", que se encaixa perfeitamente na madeira, aumentando a resist\u00eancia a choques em 30% (dados de laborat\u00f3rio).<\/li>\n\n\n\n<li><strong>Aspecto material<\/strong>: A madeira tem boa estabilidade qu\u00edmica e n\u00e3o \u00e9 propensa \u00e0 fragiliza\u00e7\u00e3o devido a mudan\u00e7as de temperatura (ao contr\u00e1rio do pl\u00e1stico, que tende a rachar em baixas temperaturas). A superf\u00edcie pintada, curada por UV, pode suportar mais de 5.000 ciclos de desgaste (muito mais do que a tinta spray comum).<\/li>\n<\/ul>\n<\/div>\n\n\n\n<div class=\"wp-block-column is-vertically-aligned-center is-layout-flow wp-block-column-is-layout-flow\">\n<figure class=\"wp-block-image size-full\"><img alt=\"\" loading=\"lazy\" decoding=\"async\" width=\"800\" height=\"800\" src=\"https:\/\/www.usborkeychain.com\/wp-content\/uploads\/ArtPainted-Wood-Flash-Drives.jpg\" class=\"wp-image-5207\" srcset=\"https:\/\/www.usborkeychain.com\/wp-content\/uploads\/ArtPainted-Wood-Flash-Drives.jpg 800w, https:\/\/www.usborkeychain.com\/wp-content\/uploads\/ArtPainted-Wood-Flash-Drives-300x300.jpg 300w, https:\/\/www.usborkeychain.com\/wp-content\/uploads\/ArtPainted-Wood-Flash-Drives-150x150.jpg 150w, https:\/\/www.usborkeychain.com\/wp-content\/uploads\/ArtPainted-Wood-Flash-Drives-768x768.jpg 768w, https:\/\/www.usborkeychain.com\/wp-content\/uploads\/ArtPainted-Wood-Flash-Drives-12x12.jpg 12w, https:\/\/www.usborkeychain.com\/wp-content\/uploads\/ArtPainted-Wood-Flash-Drives-600x600.jpg 600w, https:\/\/www.usborkeychain.com\/wp-content\/uploads\/ArtPainted-Wood-Flash-Drives-100x100.jpg 100w\" sizes=\"(max-width: 800px) 100vw, 800px\" \/><\/figure>\n<\/div>\n<\/div>\n\n\n\n<h2 class=\"wp-block-heading\">Como manter a unidade USB pintada em madeira?<\/h2>\n\n\n\n<p><strong>Preven\u00e7\u00e3o de umidade e mofo<\/strong>: Evite o contato com \u00e1gua e suor. Se for contaminado, limpe imediatamente com um pano macio e seco. Quando n\u00e3o estiver em uso por um longo per\u00edodo, guarde-o em uma caixa \u00e0 prova de umidade (com um dessecante dentro).<\/p>\n\n\n\n<p><strong>Preven\u00e7\u00e3o de arranh\u00f5es e desgaste<\/strong>: Evite misturar com chaves e objetos pontiagudos. Armazene com o lado pintado voltado para cima o m\u00e1ximo poss\u00edvel para reduzir o atrito.<\/p>\n\n\n\n<p><strong>Conectar e desconectar corretamente<\/strong>: Segure o corpo principal da unidade USB (n\u00e3o a extremidade pintada) ao conectar ou desconectar para evitar que se solte entre a madeira e a interface do chip.<\/p>\n\n\n\n<p><strong>Ativa\u00e7\u00e3o regular<\/strong>: Conecte-o a um dispositivo e ligue-o por cerca de 10 minutos a cada tr\u00eas meses para evitar a oxida\u00e7\u00e3o dos contatos do chip.<\/p>\n\n\n\n<div class=\"wp-block-columns is-layout-flex wp-container-core-columns-is-layout-28f84493 wp-block-columns-is-layout-flex\">\n<div class=\"wp-block-column is-layout-flow wp-block-column-is-layout-flow\">\n<figure class=\"wp-block-image size-full\"><img alt=\"\" loading=\"lazy\" decoding=\"async\" width=\"800\" height=\"800\" src=\"https:\/\/www.usborkeychain.com\/wp-content\/uploads\/ArtSplash-Wood-Memory-Sticks.jpg\" class=\"wp-image-5208\" srcset=\"https:\/\/www.usborkeychain.com\/wp-content\/uploads\/ArtSplash-Wood-Memory-Sticks.jpg 800w, https:\/\/www.usborkeychain.com\/wp-content\/uploads\/ArtSplash-Wood-Memory-Sticks-300x300.jpg 300w, https:\/\/www.usborkeychain.com\/wp-content\/uploads\/ArtSplash-Wood-Memory-Sticks-150x150.jpg 150w, https:\/\/www.usborkeychain.com\/wp-content\/uploads\/ArtSplash-Wood-Memory-Sticks-768x768.jpg 768w, https:\/\/www.usborkeychain.com\/wp-content\/uploads\/ArtSplash-Wood-Memory-Sticks-12x12.jpg 12w, https:\/\/www.usborkeychain.com\/wp-content\/uploads\/ArtSplash-Wood-Memory-Sticks-600x600.jpg 600w, https:\/\/www.usborkeychain.com\/wp-content\/uploads\/ArtSplash-Wood-Memory-Sticks-100x100.jpg 100w\" sizes=\"(max-width: 800px) 100vw, 800px\" \/><\/figure>\n<\/div>\n\n\n\n<div class=\"wp-block-column is-layout-flow wp-block-column-is-layout-flow\">\n<figure class=\"wp-block-image size-full\"><img alt=\"\" loading=\"lazy\" decoding=\"async\" width=\"800\" height=\"800\" src=\"https:\/\/www.usborkeychain.com\/wp-content\/uploads\/PaintedCharm-Wood-USB-drive.jpg\" class=\"wp-image-5215\" srcset=\"https:\/\/www.usborkeychain.com\/wp-content\/uploads\/PaintedCharm-Wood-USB-drive.jpg 800w, https:\/\/www.usborkeychain.com\/wp-content\/uploads\/PaintedCharm-Wood-USB-drive-300x300.jpg 300w, https:\/\/www.usborkeychain.com\/wp-content\/uploads\/PaintedCharm-Wood-USB-drive-150x150.jpg 150w, https:\/\/www.usborkeychain.com\/wp-content\/uploads\/PaintedCharm-Wood-USB-drive-768x768.jpg 768w, https:\/\/www.usborkeychain.com\/wp-content\/uploads\/PaintedCharm-Wood-USB-drive-12x12.jpg 12w, https:\/\/www.usborkeychain.com\/wp-content\/uploads\/PaintedCharm-Wood-USB-drive-600x600.jpg 600w, https:\/\/www.usborkeychain.com\/wp-content\/uploads\/PaintedCharm-Wood-USB-drive-100x100.jpg 100w\" sizes=\"(max-width: 800px) 100vw, 800px\" \/><\/figure>\n<\/div>\n\n\n\n<div class=\"wp-block-column is-layout-flow wp-block-column-is-layout-flow\">\n<figure class=\"wp-block-image size-full\"><img alt=\"\" loading=\"lazy\" decoding=\"async\" width=\"800\" height=\"800\" src=\"https:\/\/www.usborkeychain.com\/wp-content\/uploads\/PersonalArt-Wooden-USB-Drives.jpg\" class=\"wp-image-5217\" srcset=\"https:\/\/www.usborkeychain.com\/wp-content\/uploads\/PersonalArt-Wooden-USB-Drives.jpg 800w, https:\/\/www.usborkeychain.com\/wp-content\/uploads\/PersonalArt-Wooden-USB-Drives-300x300.jpg 300w, https:\/\/www.usborkeychain.com\/wp-content\/uploads\/PersonalArt-Wooden-USB-Drives-150x150.jpg 150w, https:\/\/www.usborkeychain.com\/wp-content\/uploads\/PersonalArt-Wooden-USB-Drives-768x768.jpg 768w, https:\/\/www.usborkeychain.com\/wp-content\/uploads\/PersonalArt-Wooden-USB-Drives-12x12.jpg 12w, https:\/\/www.usborkeychain.com\/wp-content\/uploads\/PersonalArt-Wooden-USB-Drives-600x600.jpg 600w, https:\/\/www.usborkeychain.com\/wp-content\/uploads\/PersonalArt-Wooden-USB-Drives-100x100.jpg 100w\" sizes=\"(max-width: 800px) 100vw, 800px\" \/><\/figure>\n<\/div>\n<\/div>\n\n\n\n<div class=\"wp-block-columns is-layout-flex wp-container-core-columns-is-layout-28f84493 wp-block-columns-is-layout-flex\">\n<div class=\"wp-block-column is-layout-flow wp-block-column-is-layout-flow\">\n<figure class=\"wp-block-image size-full\"><img alt=\"\" loading=\"lazy\" decoding=\"async\" width=\"800\" height=\"800\" src=\"https:\/\/www.usborkeychain.com\/wp-content\/uploads\/HandPainted-Wood-Flash-Drives.jpg\" class=\"wp-image-5214\" srcset=\"https:\/\/www.usborkeychain.com\/wp-content\/uploads\/HandPainted-Wood-Flash-Drives.jpg 800w, https:\/\/www.usborkeychain.com\/wp-content\/uploads\/HandPainted-Wood-Flash-Drives-300x300.jpg 300w, https:\/\/www.usborkeychain.com\/wp-content\/uploads\/HandPainted-Wood-Flash-Drives-150x150.jpg 150w, https:\/\/www.usborkeychain.com\/wp-content\/uploads\/HandPainted-Wood-Flash-Drives-768x768.jpg 768w, https:\/\/www.usborkeychain.com\/wp-content\/uploads\/HandPainted-Wood-Flash-Drives-12x12.jpg 12w, https:\/\/www.usborkeychain.com\/wp-content\/uploads\/HandPainted-Wood-Flash-Drives-600x600.jpg 600w, https:\/\/www.usborkeychain.com\/wp-content\/uploads\/HandPainted-Wood-Flash-Drives-100x100.jpg 100w\" sizes=\"(max-width: 800px) 100vw, 800px\" \/><\/figure>\n<\/div>\n\n\n\n<div class=\"wp-block-column is-layout-flow wp-block-column-is-layout-flow\">\n<figure class=\"wp-block-image size-full\"><img alt=\"\" loading=\"lazy\" decoding=\"async\" width=\"800\" height=\"800\" src=\"https:\/\/www.usborkeychain.com\/wp-content\/uploads\/ElegantPaint-Wood-USB-drive.jpg\" class=\"wp-image-5213\" srcset=\"https:\/\/www.usborkeychain.com\/wp-content\/uploads\/ElegantPaint-Wood-USB-drive.jpg 800w, https:\/\/www.usborkeychain.com\/wp-content\/uploads\/ElegantPaint-Wood-USB-drive-300x300.jpg 300w, https:\/\/www.usborkeychain.com\/wp-content\/uploads\/ElegantPaint-Wood-USB-drive-150x150.jpg 150w, https:\/\/www.usborkeychain.com\/wp-content\/uploads\/ElegantPaint-Wood-USB-drive-768x768.jpg 768w, https:\/\/www.usborkeychain.com\/wp-content\/uploads\/ElegantPaint-Wood-USB-drive-12x12.jpg 12w, https:\/\/www.usborkeychain.com\/wp-content\/uploads\/ElegantPaint-Wood-USB-drive-600x600.jpg 600w, https:\/\/www.usborkeychain.com\/wp-content\/uploads\/ElegantPaint-Wood-USB-drive-100x100.jpg 100w\" sizes=\"(max-width: 800px) 100vw, 800px\" \/><\/figure>\n<\/div>\n\n\n\n<div class=\"wp-block-column is-layout-flow wp-block-column-is-layout-flow\">\n<figure class=\"wp-block-image size-full\"><img alt=\"\" loading=\"lazy\" decoding=\"async\" width=\"800\" height=\"800\" src=\"https:\/\/www.usborkeychain.com\/wp-content\/uploads\/ChicPainted-Wood-Memory-Stick.jpg\" class=\"wp-image-5209\" srcset=\"https:\/\/www.usborkeychain.com\/wp-content\/uploads\/ChicPainted-Wood-Memory-Stick.jpg 800w, https:\/\/www.usborkeychain.com\/wp-content\/uploads\/ChicPainted-Wood-Memory-Stick-300x300.jpg 300w, https:\/\/www.usborkeychain.com\/wp-content\/uploads\/ChicPainted-Wood-Memory-Stick-150x150.jpg 150w, https:\/\/www.usborkeychain.com\/wp-content\/uploads\/ChicPainted-Wood-Memory-Stick-768x768.jpg 768w, https:\/\/www.usborkeychain.com\/wp-content\/uploads\/ChicPainted-Wood-Memory-Stick-12x12.jpg 12w, https:\/\/www.usborkeychain.com\/wp-content\/uploads\/ChicPainted-Wood-Memory-Stick-600x600.jpg 600w, https:\/\/www.usborkeychain.com\/wp-content\/uploads\/ChicPainted-Wood-Memory-Stick-100x100.jpg 100w\" sizes=\"(max-width: 800px) 100vw, 800px\" \/><\/figure>\n<\/div>\n<\/div>\n\n\n\n<div class=\"wp-block-columns are-vertically-aligned-center is-layout-flex wp-container-core-columns-is-layout-28f84493 wp-block-columns-is-layout-flex\">\n<div class=\"wp-block-column is-vertically-aligned-center is-layout-flow wp-block-column-is-layout-flow\">\n<p>O<strong> unidade USB pintada em madeira,<\/strong> baseada em madeira renov\u00e1vel, confere aos produtos tecnol\u00f3gicos calor e valor est\u00e9tico. Sua portabilidade, seu potencial de personaliza\u00e7\u00e3o e seus recursos ecologicamente corretos o tornam mais do que uma ferramenta, mas um ve\u00edculo delicado para a express\u00e3o emocional e a comunica\u00e7\u00e3o cultural<\/p>\n<\/div>\n\n\n\n<div class=\"wp-block-column is-vertically-aligned-center is-layout-flow wp-block-column-is-layout-flow\">\n<figure class=\"wp-block-image size-full\"><img alt=\"\" loading=\"lazy\" decoding=\"async\" width=\"800\" height=\"800\" src=\"https:\/\/www.usborkeychain.com\/wp-content\/uploads\/CustomEngraved-Wooden-USB-drive.jpg\" class=\"wp-image-5211\" srcset=\"https:\/\/www.usborkeychain.com\/wp-content\/uploads\/CustomEngraved-Wooden-USB-drive.jpg 800w, https:\/\/www.usborkeychain.com\/wp-content\/uploads\/CustomEngraved-Wooden-USB-drive-300x300.jpg 300w, https:\/\/www.usborkeychain.com\/wp-content\/uploads\/CustomEngraved-Wooden-USB-drive-150x150.jpg 150w, https:\/\/www.usborkeychain.com\/wp-content\/uploads\/CustomEngraved-Wooden-USB-drive-768x768.jpg 768w, https:\/\/www.usborkeychain.com\/wp-content\/uploads\/CustomEngraved-Wooden-USB-drive-12x12.jpg 12w, https:\/\/www.usborkeychain.com\/wp-content\/uploads\/CustomEngraved-Wooden-USB-drive-600x600.jpg 600w, https:\/\/www.usborkeychain.com\/wp-content\/uploads\/CustomEngraved-Wooden-USB-drive-100x100.jpg 100w\" sizes=\"(max-width: 800px) 100vw, 800px\" \/><\/figure>\n<\/div>\n<\/div>","protected":false},"excerpt":{"rendered":"<ul>\n<li>Madeira natural<\/li>\n<li>Pintado em madeira<\/li>\n<li>Logotipo e cor da Csutom<\/li>\n<li>Resistente a arranh\u00f5es e desgaste<\/li>\n<li>MOQ:100pcs<\/li>\n<\/ul>","protected":false},"featured_media":5216,"comment_status":"open","ping_status":"closed","template":"","meta":{"_seopress_robots_primary_cat":"","_seopress_titles_title":"","_seopress_titles_desc":"","_seopress_robots_index":"","site-sidebar-layout":"default","site-content-layout":"","ast-site-content-layout":"","site-content-style":"default","site-sidebar-style":"default","ast-global-header-display":"","ast-banner-title-visibility":"","ast-main-header-display":"","ast-hfb-above-header-display":"","ast-hfb-below-header-display":"","ast-hfb-mobile-header-display":"","site-post-title":"","ast-breadcrumbs-content":"","ast-featured-img":"","footer-sml-layout":"","theme-transparent-header-meta":"","adv-header-id-meta":"","stick-header-meta":"","header-above-stick-meta":"","header-main-stick-meta":"","header-below-stick-meta":"","astra-migrate-meta-layouts":"default","ast-page-background-enabled":"default","ast-page-background-meta":{"desktop":{"background-color":"var(--ast-global-color-5)","background-image":"","background-repeat":"repeat","background-position":"center center","background-size":"auto","background-attachment":"scroll","background-type":"","background-media":"","overlay-type":"","overlay-color":"","overlay-opacity":"","overlay-gradient":""},"tablet":{"background-color":"","background-image":"","background-repeat":"repeat","background-position":"center center","background-size":"auto","background-attachment":"scroll","background-type":"","background-media":"","overlay-type":"","overlay-color":"","overlay-opacity":"","overlay-gradient":""},"mobile":{"background-color":"","background-image":"","background-repeat":"repeat","background-position":"center center","background-size":"auto","background-attachment":"scroll","background-type":"","background-media":"","overlay-type":"","overlay-color":"","overlay-opacity":"","overlay-gradient":""}},"ast-content-background-meta":{"desktop":{"background-color":"var(--ast-global-color-4)","background-image":"","background-repeat":"repeat","background-position":"center center","background-size":"auto","background-attachment":"scroll","background-type":"","background-media":"","overlay-type":"","overlay-color":"","overlay-opacity":"","overlay-gradient":""},"tablet":{"background-color":"var(--ast-global-color-4)","background-image":"","background-repeat":"repeat","background-position":"center center","background-size":"auto","background-attachment":"scroll","background-type":"","background-media":"","overlay-type":"","overlay-color":"","overlay-opacity":"","overlay-gradient":""},"mobile":{"background-color":"var(--ast-global-color-4)","background-image":"","background-repeat":"repeat","background-position":"center center","background-size":"auto","background-attachment":"scroll","background-type":"","background-media":"","overlay-type":"","overlay-color":"","overlay-opacity":"","overlay-gradient":""}}},"product_brand":[],"product_cat":[168,103],"product_tag":[314,241],"class_list":{"0":"post-5204","1":"product","2":"type-product","3":"status-publish","4":"has-post-thumbnail","6":"product_cat-wood-usb-flash-drive","7":"product_cat-usb2-0-usb-pendrive","8":"product_tag-wooden-painted-usb-flash-drives","9":"product_tag-wooden-usb-flash-drive","10":"desktop-align-left","11":"tablet-align-left","12":"mobile-align-left","14":"first","15":"instock","16":"shipping-taxable","17":"product-type-simple"},"_links":{"self":[{"href":"https:\/\/www.usborkeychain.com\/pt\/wp-json\/wp\/v2\/product\/5204","targetHints":{"allow":["GET"]}}],"collection":[{"href":"https:\/\/www.usborkeychain.com\/pt\/wp-json\/wp\/v2\/product"}],"about":[{"href":"https:\/\/www.usborkeychain.com\/pt\/wp-json\/wp\/v2\/types\/product"}],"replies":[{"embeddable":true,"href":"https:\/\/www.usborkeychain.com\/pt\/wp-json\/wp\/v2\/comments?post=5204"}],"wp:featuredmedia":[{"embeddable":true,"href":"https:\/\/www.usborkeychain.com\/pt\/wp-json\/wp\/v2\/media\/5216"}],"wp:attachment":[{"href":"https:\/\/www.usborkeychain.com\/pt\/wp-json\/wp\/v2\/media?parent=5204"}],"wp:term":[{"taxonomy":"product_brand","embeddable":true,"href":"https:\/\/www.usborkeychain.com\/pt\/wp-json\/wp\/v2\/product_brand?post=5204"},{"taxonomy":"product_cat","embeddable":true,"href":"https:\/\/www.usborkeychain.com\/pt\/wp-json\/wp\/v2\/product_cat?post=5204"},{"taxonomy":"product_tag","embeddable":true,"href":"https:\/\/www.usborkeychain.com\/pt\/wp-json\/wp\/v2\/product_tag?post=5204"}],"curies":[{"name":"wp","href":"https:\/\/api.w.org\/{rel}","templated":true}]}}