{"id":5221,"date":"2025-07-30T08:00:56","date_gmt":"2025-07-30T08:00:56","guid":{"rendered":"https:\/\/www.usborkeychain.com\/?post_type=product&#038;p=5221"},"modified":"2025-07-31T00:29:10","modified_gmt":"2025-07-31T00:29:10","slug":"custom-metal-stylus-pen-usb-flash-drive","status":"publish","type":"product","link":"https:\/\/www.usborkeychain.com\/pt\/produto\/custom-metal-stylus-pen-usb-flash-drive\/","title":{"rendered":"Caneta Stylus de Metal Personalizada Unidade Flash USB"},"content":{"rendered":"<h2 class=\"wp-block-heading\">O que \u00e9 uma unidade flash USB Stylus?<\/h2>\n\n\n\n<div class=\"wp-block-columns is-layout-flex wp-container-core-columns-is-layout-28f84493 wp-block-columns-is-layout-flex\">\n<div class=\"wp-block-column is-vertically-aligned-center is-layout-flow wp-block-column-is-layout-flow\">\n<p>O <strong>caneta stylus de metal unidade flash USB<\/strong> \u00e9 um papel de carta digital multifuncional que integra \"toque capacitivo + grava\u00e7\u00e3o + armazenamento de dados\". <\/p>\n\n\n\n<p>Ele funciona como uma caneta stylus para opera\u00e7\u00e3o precisa em smartphones e tablets, uma caneta esferogr\u00e1fica para escrit\u00f3rio com escrita suave e uma unidade flash USB plug-and-play. <\/p>\n\n\n\n<p>Por meio do design engenhoso do corpo met\u00e1lico da caneta, essas tr\u00eas fun\u00e7\u00f5es s\u00e3o perfeitamente integradas, proporcionando uma experi\u00eancia conveniente de \"uma caneta para v\u00e1rias finalidades\" para trabalho, estudo e viagens.<\/p>\n<\/div>\n\n\n\n<div class=\"wp-block-column is-vertically-aligned-center is-layout-flow wp-block-column-is-layout-flow\">\n<figure class=\"wp-block-image size-full\"><img alt=\"\" fetchpriority=\"high\" decoding=\"async\" width=\"800\" height=\"800\" src=\"https:\/\/www.usborkeychain.com\/wp-content\/uploads\/Multifunction-Ballpoint-Usb-Pen-Drive-Flash-Drive.jpg\" class=\"wp-image-5231\" srcset=\"https:\/\/www.usborkeychain.com\/wp-content\/uploads\/Multifunction-Ballpoint-Usb-Pen-Drive-Flash-Drive.jpg 800w, https:\/\/www.usborkeychain.com\/wp-content\/uploads\/Multifunction-Ballpoint-Usb-Pen-Drive-Flash-Drive-300x300.jpg 300w, https:\/\/www.usborkeychain.com\/wp-content\/uploads\/Multifunction-Ballpoint-Usb-Pen-Drive-Flash-Drive-150x150.jpg 150w, https:\/\/www.usborkeychain.com\/wp-content\/uploads\/Multifunction-Ballpoint-Usb-Pen-Drive-Flash-Drive-768x768.jpg 768w, https:\/\/www.usborkeychain.com\/wp-content\/uploads\/Multifunction-Ballpoint-Usb-Pen-Drive-Flash-Drive-12x12.jpg 12w, https:\/\/www.usborkeychain.com\/wp-content\/uploads\/Multifunction-Ballpoint-Usb-Pen-Drive-Flash-Drive-600x600.jpg 600w, https:\/\/www.usborkeychain.com\/wp-content\/uploads\/Multifunction-Ballpoint-Usb-Pen-Drive-Flash-Drive-100x100.jpg 100w\" sizes=\"(max-width: 800px) 100vw, 800px\" \/><\/figure>\n<\/div>\n<\/div>\n\n\n\n<h2 class=\"wp-block-heading\">Introdu\u00e7\u00e3o detalhada \u00e0 unidade flash USB Metal Stylus<\/h2>\n\n\n\n<div class=\"wp-block-columns is-layout-flex wp-container-core-columns-is-layout-28f84493 wp-block-columns-is-layout-flex\">\n<div class=\"wp-block-column is-vertically-aligned-center is-layout-flow wp-block-column-is-layout-flow\">\n<figure class=\"wp-block-image size-full\"><img alt=\"\" decoding=\"async\" width=\"750\" height=\"750\" src=\"https:\/\/www.usborkeychain.com\/wp-content\/uploads\/Metallic-Stylus-USB-Pen.jpg\" class=\"wp-image-5229\" srcset=\"https:\/\/www.usborkeychain.com\/wp-content\/uploads\/Metallic-Stylus-USB-Pen.jpg 750w, https:\/\/www.usborkeychain.com\/wp-content\/uploads\/Metallic-Stylus-USB-Pen-300x300.jpg 300w, https:\/\/www.usborkeychain.com\/wp-content\/uploads\/Metallic-Stylus-USB-Pen-150x150.jpg 150w, https:\/\/www.usborkeychain.com\/wp-content\/uploads\/Metallic-Stylus-USB-Pen-12x12.jpg 12w, https:\/\/www.usborkeychain.com\/wp-content\/uploads\/Metallic-Stylus-USB-Pen-600x600.jpg 600w, https:\/\/www.usborkeychain.com\/wp-content\/uploads\/Metallic-Stylus-USB-Pen-100x100.jpg 100w\" sizes=\"(max-width: 750px) 100vw, 750px\" \/><\/figure>\n<\/div>\n\n\n\n<div class=\"wp-block-column is-vertically-aligned-center is-layout-flow wp-block-column-is-layout-flow\">\n<ul class=\"wp-block-list\">\n<li><strong>Fun\u00e7\u00e3o de toque<\/strong>: A ponta da caneta suporta indu\u00e7\u00e3o de tela capacitiva, compat\u00edvel com smartphones e tablets, e pode substituir os dedos para deslizar, clicar e desenhar com precis\u00e3o.<\/li>\n\n\n\n<li><strong>Fun\u00e7\u00e3o de escrita<\/strong>: Equipada com um refil de caneta esferogr\u00e1fica Parker padr\u00e3o, ela garante uma escrita suave e uma cor de tinta uniforme, atendendo \u00e0s necessidades de assinaturas comerciais, atas de reuni\u00f5es e anota\u00e7\u00f5es di\u00e1rias.<\/li>\n\n\n\n<li><strong>Fun\u00e7\u00e3o de armazenamento<\/strong>: Uma interface USB oculta est\u00e1 embutida na extremidade da tampa da caneta, suportando plug-and-play para f\u00e1cil armazenamento e transfer\u00eancia de documentos, imagens, v\u00eddeos, etc. Ela \u00e9 compat\u00edvel com v\u00e1rios sistemas, incluindo Windows, MacOS e Android.<\/li>\n<\/ul>\n<\/div>\n<\/div>\n\n\n\n<h2 class=\"wp-block-heading\">Par\u00e2metros principais da unidade flash USB<\/h2>\n\n\n\n<figure class=\"wp-block-table\"><table class=\"has-fixed-layout\"><thead><tr><th>Categoria de par\u00e2metro<\/th><th>Especifica\u00e7\u00f5es espec\u00edficas<\/th><\/tr><\/thead><tbody><tr><td>Capacidade da unidade flash USB<\/td><td>8GB \/ 16GB \/ 32GB \/ 64GB \/ 128GB<\/td><\/tr><tr><td>Dimens\u00f5es da caneta<\/td><td>138 mm (comprimento) \u00d7 14 mm (di\u00e2metro)<\/td><\/tr><tr><td>Peso do produto<\/td><td>Aproximadamente 17g<\/td><\/tr><tr><td>Cores de apar\u00eancia<\/td><td>Preto, branco, vermelho, azul, prata (cores personalizadas dispon\u00edveis)<\/td><\/tr><tr><td>Interface USB<\/td><td>USB 2.0 (compat\u00edvel com dispositivos de interface USB 3.0)<\/td><\/tr><tr><td>Configura\u00e7\u00e3o do refil<\/td><td>Refil de caneta esferogr\u00e1fica Parker (tinta preta\/azul opcional, substitu\u00edvel pelo usu\u00e1rio)<\/td><\/tr><tr><td>Artesanato de conchas<\/td><td>Acabamento fosco (anti-impress\u00e3o digital, toque delicado na m\u00e3o) \/ Pintura em spray (cor brilhante, resistente ao desgaste e a arranh\u00f5es)<\/td><\/tr><\/tbody><\/table><\/figure>\n\n\n\n<div class=\"wp-block-columns is-layout-flex wp-container-core-columns-is-layout-28f84493 wp-block-columns-is-layout-flex\">\n<div class=\"wp-block-column is-layout-flow wp-block-column-is-layout-flow\">\n<figure class=\"wp-block-image size-full\"><img alt=\"\" decoding=\"async\" width=\"800\" height=\"800\" src=\"https:\/\/www.usborkeychain.com\/wp-content\/uploads\/Custom-3in1-Metal-Stylus-Ballpoint-Pen-USB-Drives.jpg\" class=\"wp-image-5225\" srcset=\"https:\/\/www.usborkeychain.com\/wp-content\/uploads\/Custom-3in1-Metal-Stylus-Ballpoint-Pen-USB-Drives.jpg 800w, https:\/\/www.usborkeychain.com\/wp-content\/uploads\/Custom-3in1-Metal-Stylus-Ballpoint-Pen-USB-Drives-300x300.jpg 300w, https:\/\/www.usborkeychain.com\/wp-content\/uploads\/Custom-3in1-Metal-Stylus-Ballpoint-Pen-USB-Drives-150x150.jpg 150w, https:\/\/www.usborkeychain.com\/wp-content\/uploads\/Custom-3in1-Metal-Stylus-Ballpoint-Pen-USB-Drives-768x768.jpg 768w, https:\/\/www.usborkeychain.com\/wp-content\/uploads\/Custom-3in1-Metal-Stylus-Ballpoint-Pen-USB-Drives-12x12.jpg 12w, https:\/\/www.usborkeychain.com\/wp-content\/uploads\/Custom-3in1-Metal-Stylus-Ballpoint-Pen-USB-Drives-600x600.jpg 600w, https:\/\/www.usborkeychain.com\/wp-content\/uploads\/Custom-3in1-Metal-Stylus-Ballpoint-Pen-USB-Drives-100x100.jpg 100w\" sizes=\"(max-width: 800px) 100vw, 800px\" \/><\/figure>\n<\/div>\n\n\n\n<div class=\"wp-block-column is-layout-flow wp-block-column-is-layout-flow\">\n<figure class=\"wp-block-image size-full\"><img alt=\"\" loading=\"lazy\" decoding=\"async\" width=\"800\" height=\"800\" src=\"https:\/\/www.usborkeychain.com\/wp-content\/uploads\/Metal-Ballpoint-Pen-Usb.jpg\" class=\"wp-image-5227\" srcset=\"https:\/\/www.usborkeychain.com\/wp-content\/uploads\/Metal-Ballpoint-Pen-Usb.jpg 800w, https:\/\/www.usborkeychain.com\/wp-content\/uploads\/Metal-Ballpoint-Pen-Usb-300x300.jpg 300w, https:\/\/www.usborkeychain.com\/wp-content\/uploads\/Metal-Ballpoint-Pen-Usb-150x150.jpg 150w, https:\/\/www.usborkeychain.com\/wp-content\/uploads\/Metal-Ballpoint-Pen-Usb-768x768.jpg 768w, https:\/\/www.usborkeychain.com\/wp-content\/uploads\/Metal-Ballpoint-Pen-Usb-12x12.jpg 12w, https:\/\/www.usborkeychain.com\/wp-content\/uploads\/Metal-Ballpoint-Pen-Usb-600x600.jpg 600w, https:\/\/www.usborkeychain.com\/wp-content\/uploads\/Metal-Ballpoint-Pen-Usb-100x100.jpg 100w\" sizes=\"(max-width: 800px) 100vw, 800px\" \/><\/figure>\n<\/div>\n<\/div>\n\n\n\n<h2 class=\"wp-block-heading\">Principais vantagens dessa unidade flash USB<\/h2>\n\n\n\n<div class=\"wp-block-columns is-layout-flex wp-container-core-columns-is-layout-28f84493 wp-block-columns-is-layout-flex\">\n<div class=\"wp-block-column is-vertically-aligned-center is-layout-flow wp-block-column-is-layout-flow\">\n<p><strong>LOGOTIPO, logotipo da marca ou padr\u00f5es personaliz\u00e1veis<\/strong>:<\/p>\n\n\n\n<ul class=\"wp-block-list\">\n<li><strong>Grava\u00e7\u00e3o a laser<\/strong>\uff1a LOGOTIPO fino gravado na superf\u00edcie do metal com linhas claras e textura de alta qualidade, adequado para texto simples e padr\u00f5es de linha.<\/li>\n\n\n\n<li><strong>Impress\u00e3o em tela<\/strong>LOGOTIPO colorido obtido por meio de impress\u00e3o a tinta com cores vibrantes, adequado para blocos de cores complexos e designs multicoloridos.<\/li>\n\n\n\n<li><strong>Impress\u00e3o por transfer\u00eancia t\u00e9rmica<\/strong>Padr\u00f5es transferidos em alta temperatura, capazes de apresentar gradientes de alta defini\u00e7\u00e3o e efeitos de n\u00edvel fotogr\u00e1fico<\/li>\n<\/ul>\n<\/div>\n\n\n\n<div class=\"wp-block-column is-vertically-aligned-center is-layout-flow wp-block-column-is-layout-flow\">\n<figure class=\"wp-block-image size-full\"><img alt=\"\" loading=\"lazy\" decoding=\"async\" width=\"800\" height=\"800\" src=\"https:\/\/www.usborkeychain.com\/wp-content\/uploads\/Professional-Custom-Stylus-Soft-Ball-Pen.jpg\" class=\"wp-image-5232\" srcset=\"https:\/\/www.usborkeychain.com\/wp-content\/uploads\/Professional-Custom-Stylus-Soft-Ball-Pen.jpg 800w, https:\/\/www.usborkeychain.com\/wp-content\/uploads\/Professional-Custom-Stylus-Soft-Ball-Pen-300x300.jpg 300w, https:\/\/www.usborkeychain.com\/wp-content\/uploads\/Professional-Custom-Stylus-Soft-Ball-Pen-150x150.jpg 150w, https:\/\/www.usborkeychain.com\/wp-content\/uploads\/Professional-Custom-Stylus-Soft-Ball-Pen-768x768.jpg 768w, https:\/\/www.usborkeychain.com\/wp-content\/uploads\/Professional-Custom-Stylus-Soft-Ball-Pen-12x12.jpg 12w, https:\/\/www.usborkeychain.com\/wp-content\/uploads\/Professional-Custom-Stylus-Soft-Ball-Pen-600x600.jpg 600w, https:\/\/www.usborkeychain.com\/wp-content\/uploads\/Professional-Custom-Stylus-Soft-Ball-Pen-100x100.jpg 100w\" sizes=\"(max-width: 800px) 100vw, 800px\" \/><\/figure>\n<\/div>\n<\/div>\n\n\n\n<div class=\"wp-block-columns is-layout-flex wp-container-core-columns-is-layout-28f84493 wp-block-columns-is-layout-flex\">\n<div class=\"wp-block-column is-vertically-aligned-center is-layout-flow wp-block-column-is-layout-flow\">\n<p><strong>Artesanato e durabilidade<\/strong>:<\/p>\n\n\n\n<ul class=\"wp-block-list\">\n<li>O inv\u00f3lucro pode ser opcionalmente acabado com um processo fosco (anti-impress\u00e3o digital, confort\u00e1vel de segurar) ou com pintura em spray (resistente ao desgaste, a arranh\u00f5es e de apar\u00eancia duradoura), equilibrando a sensa\u00e7\u00e3o de m\u00e3o e a est\u00e9tica.<\/li>\n\n\n\n<li>A flu\u00eancia da escrita do refil Parker \u00e9 compar\u00e1vel \u00e0 de artigos de papelaria profissionais, com grande durabilidade da tinta. Ele tamb\u00e9m suporta refis substitu\u00edveis pelo usu\u00e1rio (reduzindo os custos de uso a longo prazo).<\/li>\n<\/ul>\n<\/div>\n\n\n\n<div class=\"wp-block-column is-vertically-aligned-center is-layout-flow wp-block-column-is-layout-flow\">\n<figure class=\"wp-block-image size-full\"><img alt=\"\" loading=\"lazy\" decoding=\"async\" width=\"800\" height=\"800\" src=\"https:\/\/www.usborkeychain.com\/wp-content\/uploads\/Ball-Pen-USB-Flash-Memory-Stick.jpg\" class=\"wp-image-5224\" srcset=\"https:\/\/www.usborkeychain.com\/wp-content\/uploads\/Ball-Pen-USB-Flash-Memory-Stick.jpg 800w, https:\/\/www.usborkeychain.com\/wp-content\/uploads\/Ball-Pen-USB-Flash-Memory-Stick-300x300.jpg 300w, https:\/\/www.usborkeychain.com\/wp-content\/uploads\/Ball-Pen-USB-Flash-Memory-Stick-150x150.jpg 150w, https:\/\/www.usborkeychain.com\/wp-content\/uploads\/Ball-Pen-USB-Flash-Memory-Stick-768x768.jpg 768w, https:\/\/www.usborkeychain.com\/wp-content\/uploads\/Ball-Pen-USB-Flash-Memory-Stick-12x12.jpg 12w, https:\/\/www.usborkeychain.com\/wp-content\/uploads\/Ball-Pen-USB-Flash-Memory-Stick-600x600.jpg 600w, https:\/\/www.usborkeychain.com\/wp-content\/uploads\/Ball-Pen-USB-Flash-Memory-Stick-100x100.jpg 100w\" sizes=\"(max-width: 800px) 100vw, 800px\" \/><\/figure>\n<\/div>\n<\/div>\n\n\n\n<div class=\"wp-block-columns is-layout-flex wp-container-core-columns-is-layout-28f84493 wp-block-columns-is-layout-flex\">\n<div class=\"wp-block-column is-vertically-aligned-center is-layout-flow wp-block-column-is-layout-flow\">\n<p><strong>Integra\u00e7\u00e3o multifuncional<\/strong>:<br>Uma caneta atende \u00e0s necessidades do processo completo de \"opera\u00e7\u00e3o da tela sens\u00edvel ao toque \u2192 grava\u00e7\u00e3o de registros \u2192 armazenamento de dados\".<\/p>\n\n\n\n<p><strong>Estabilidade de armazenamento<\/strong>:<br>Adotando chips de mem\u00f3ria flash de alta velocidade, ele apresenta leitura e grava\u00e7\u00e3o est\u00e1veis. \u00c9 compat\u00edvel com projetos \u00e0 prova d'\u00e1gua e \u00e0 prova de choque (para alguns modelos), garantindo o armazenamento seguro e confi\u00e1vel de dados.<\/p>\n<\/div>\n\n\n\n<div class=\"wp-block-column is-vertically-aligned-center is-layout-flow wp-block-column-is-layout-flow\">\n<figure class=\"wp-block-image size-full\"><img alt=\"\" loading=\"lazy\" decoding=\"async\" width=\"800\" height=\"800\" src=\"https:\/\/www.usborkeychain.com\/wp-content\/uploads\/Multi-Function-3-in-1-Metal-Ballpoint-Stylus-Pen.jpg\" class=\"wp-image-5230\" srcset=\"https:\/\/www.usborkeychain.com\/wp-content\/uploads\/Multi-Function-3-in-1-Metal-Ballpoint-Stylus-Pen.jpg 800w, https:\/\/www.usborkeychain.com\/wp-content\/uploads\/Multi-Function-3-in-1-Metal-Ballpoint-Stylus-Pen-300x300.jpg 300w, https:\/\/www.usborkeychain.com\/wp-content\/uploads\/Multi-Function-3-in-1-Metal-Ballpoint-Stylus-Pen-150x150.jpg 150w, https:\/\/www.usborkeychain.com\/wp-content\/uploads\/Multi-Function-3-in-1-Metal-Ballpoint-Stylus-Pen-768x768.jpg 768w, https:\/\/www.usborkeychain.com\/wp-content\/uploads\/Multi-Function-3-in-1-Metal-Ballpoint-Stylus-Pen-12x12.jpg 12w, https:\/\/www.usborkeychain.com\/wp-content\/uploads\/Multi-Function-3-in-1-Metal-Ballpoint-Stylus-Pen-600x600.jpg 600w, https:\/\/www.usborkeychain.com\/wp-content\/uploads\/Multi-Function-3-in-1-Metal-Ballpoint-Stylus-Pen-100x100.jpg 100w\" sizes=\"(max-width: 800px) 100vw, 800px\" \/><\/figure>\n<\/div>\n<\/div>\n\n\n\n<h2 class=\"wp-block-heading\">Cen\u00e1rios aplic\u00e1veis<\/h2>\n\n\n\n<div class=\"wp-block-columns is-layout-flex wp-container-core-columns-is-layout-28f84493 wp-block-columns-is-layout-flex\">\n<div class=\"wp-block-column is-vertically-aligned-center is-layout-flow wp-block-column-is-layout-flow\">\n<figure class=\"wp-block-image size-full\"><img alt=\"\" loading=\"lazy\" decoding=\"async\" width=\"800\" height=\"800\" src=\"https:\/\/www.usborkeychain.com\/wp-content\/uploads\/USB-with-Stylus-Function.jpg\" class=\"wp-image-5234\" srcset=\"https:\/\/www.usborkeychain.com\/wp-content\/uploads\/USB-with-Stylus-Function.jpg 800w, https:\/\/www.usborkeychain.com\/wp-content\/uploads\/USB-with-Stylus-Function-300x300.jpg 300w, https:\/\/www.usborkeychain.com\/wp-content\/uploads\/USB-with-Stylus-Function-150x150.jpg 150w, https:\/\/www.usborkeychain.com\/wp-content\/uploads\/USB-with-Stylus-Function-768x768.jpg 768w, https:\/\/www.usborkeychain.com\/wp-content\/uploads\/USB-with-Stylus-Function-12x12.jpg 12w, https:\/\/www.usborkeychain.com\/wp-content\/uploads\/USB-with-Stylus-Function-600x600.jpg 600w, https:\/\/www.usborkeychain.com\/wp-content\/uploads\/USB-with-Stylus-Function-100x100.jpg 100w\" sizes=\"(max-width: 800px) 100vw, 800px\" \/><\/figure>\n<\/div>\n\n\n\n<div class=\"wp-block-column is-layout-flow wp-block-column-is-layout-flow\">\n<ol class=\"wp-block-list\">\n<li><strong>Presentes corporativos<\/strong>: Personalizados com LOGOTIPOS corporativos como brindes de agradecimento aos clientes ou benef\u00edcios aos funcion\u00e1rios.<\/li>\n\n\n\n<li><strong>Cen\u00e1rios do campus<\/strong>: Lembran\u00e7as de anivers\u00e1rio da escola, pr\u00eamios para alunos.<\/li>\n\n\n\n<li><strong>Eventos de exposi\u00e7\u00e3o<\/strong>: Usado como souvenir de exposi\u00e7\u00f5es.<\/li>\n\n\n\n<li><strong>Escrit\u00f3rio pessoal<\/strong>: Auto-uso compat\u00edvel com v\u00e1rios dispositivos.<\/li>\n<\/ol>\n<\/div>\n\n\n\n<div class=\"wp-block-column is-vertically-aligned-center is-layout-flow wp-block-column-is-layout-flow\">\n<figure class=\"wp-block-image size-full\"><img alt=\"\" loading=\"lazy\" decoding=\"async\" width=\"800\" height=\"800\" src=\"https:\/\/www.usborkeychain.com\/wp-content\/uploads\/Stylus-Pen-USB.jpg\" class=\"wp-image-5233\" srcset=\"https:\/\/www.usborkeychain.com\/wp-content\/uploads\/Stylus-Pen-USB.jpg 800w, https:\/\/www.usborkeychain.com\/wp-content\/uploads\/Stylus-Pen-USB-300x300.jpg 300w, https:\/\/www.usborkeychain.com\/wp-content\/uploads\/Stylus-Pen-USB-150x150.jpg 150w, https:\/\/www.usborkeychain.com\/wp-content\/uploads\/Stylus-Pen-USB-768x768.jpg 768w, https:\/\/www.usborkeychain.com\/wp-content\/uploads\/Stylus-Pen-USB-12x12.jpg 12w, https:\/\/www.usborkeychain.com\/wp-content\/uploads\/Stylus-Pen-USB-600x600.jpg 600w, https:\/\/www.usborkeychain.com\/wp-content\/uploads\/Stylus-Pen-USB-100x100.jpg 100w\" sizes=\"(max-width: 800px) 100vw, 800px\" \/><\/figure>\n<\/div>\n<\/div>","protected":false},"excerpt":{"rendered":"<ul>\n<li>Caneta<\/li>\n<li>Caneta esferogr\u00e1fica de escrit\u00f3rio com escrita suave<\/li>\n<li>Unidade flash USB plug-and-play<\/li>\n<li>Multifuncional 3 em 1<\/li>\n<li>MOQ:100pcs<\/li>\n<\/ul>","protected":false},"featured_media":5231,"comment_status":"open","ping_status":"closed","template":"","meta":{"_seopress_robots_primary_cat":"","_seopress_titles_title":"","_seopress_titles_desc":"","_seopress_robots_index":"","site-sidebar-layout":"default","site-content-layout":"","ast-site-content-layout":"","site-content-style":"default","site-sidebar-style":"default","ast-global-header-display":"","ast-banner-title-visibility":"","ast-main-header-display":"","ast-hfb-above-header-display":"","ast-hfb-below-header-display":"","ast-hfb-mobile-header-display":"","site-post-title":"","ast-breadcrumbs-content":"","ast-featured-img":"","footer-sml-layout":"","theme-transparent-header-meta":"","adv-header-id-meta":"","stick-header-meta":"","header-above-stick-meta":"","header-main-stick-meta":"","header-below-stick-meta":"","astra-migrate-meta-layouts":"default","ast-page-background-enabled":"default","ast-page-background-meta":{"desktop":{"background-color":"var(--ast-global-color-5)","background-image":"","background-repeat":"repeat","background-position":"center center","background-size":"auto","background-attachment":"scroll","background-type":"","background-media":"","overlay-type":"","overlay-color":"","overlay-opacity":"","overlay-gradient":""},"tablet":{"background-color":"","background-image":"","background-repeat":"repeat","background-position":"center center","background-size":"auto","background-attachment":"scroll","background-type":"","background-media":"","overlay-type":"","overlay-color":"","overlay-opacity":"","overlay-gradient":""},"mobile":{"background-color":"","background-image":"","background-repeat":"repeat","background-position":"center center","background-size":"auto","background-attachment":"scroll","background-type":"","background-media":"","overlay-type":"","overlay-color":"","overlay-opacity":"","overlay-gradient":""}},"ast-content-background-meta":{"desktop":{"background-color":"var(--ast-global-color-4)","background-image":"","background-repeat":"repeat","background-position":"center center","background-size":"auto","background-attachment":"scroll","background-type":"","background-media":"","overlay-type":"","overlay-color":"","overlay-opacity":"","overlay-gradient":""},"tablet":{"background-color":"var(--ast-global-color-4)","background-image":"","background-repeat":"repeat","background-position":"center center","background-size":"auto","background-attachment":"scroll","background-type":"","background-media":"","overlay-type":"","overlay-color":"","overlay-opacity":"","overlay-gradient":""},"mobile":{"background-color":"var(--ast-global-color-4)","background-image":"","background-repeat":"repeat","background-position":"center center","background-size":"auto","background-attachment":"scroll","background-type":"","background-media":"","overlay-type":"","overlay-color":"","overlay-opacity":"","overlay-gradient":""}}},"product_brand":[],"product_cat":[100],"product_tag":[318,326],"class_list":{"0":"post-5221","1":"product","2":"type-product","3":"status-publish","4":"has-post-thumbnail","6":"product_cat-usb-drive-with-pen","7":"product_tag-colorful-pen-usb-flash","8":"product_tag-stylus-usb-flash-drive-pen","9":"desktop-align-left","10":"tablet-align-left","11":"mobile-align-left","13":"first","14":"instock","15":"shipping-taxable","16":"product-type-simple"},"_links":{"self":[{"href":"https:\/\/www.usborkeychain.com\/pt\/wp-json\/wp\/v2\/product\/5221","targetHints":{"allow":["GET"]}}],"collection":[{"href":"https:\/\/www.usborkeychain.com\/pt\/wp-json\/wp\/v2\/product"}],"about":[{"href":"https:\/\/www.usborkeychain.com\/pt\/wp-json\/wp\/v2\/types\/product"}],"replies":[{"embeddable":true,"href":"https:\/\/www.usborkeychain.com\/pt\/wp-json\/wp\/v2\/comments?post=5221"}],"wp:featuredmedia":[{"embeddable":true,"href":"https:\/\/www.usborkeychain.com\/pt\/wp-json\/wp\/v2\/media\/5231"}],"wp:attachment":[{"href":"https:\/\/www.usborkeychain.com\/pt\/wp-json\/wp\/v2\/media?parent=5221"}],"wp:term":[{"taxonomy":"product_brand","embeddable":true,"href":"https:\/\/www.usborkeychain.com\/pt\/wp-json\/wp\/v2\/product_brand?post=5221"},{"taxonomy":"product_cat","embeddable":true,"href":"https:\/\/www.usborkeychain.com\/pt\/wp-json\/wp\/v2\/product_cat?post=5221"},{"taxonomy":"product_tag","embeddable":true,"href":"https:\/\/www.usborkeychain.com\/pt\/wp-json\/wp\/v2\/product_tag?post=5221"}],"curies":[{"name":"wp","href":"https:\/\/api.w.org\/{rel}","templated":true}]}}