{"id":5235,"date":"2025-07-30T09:36:36","date_gmt":"2025-07-30T09:36:36","guid":{"rendered":"https:\/\/www.usborkeychain.com\/?post_type=product&#038;p=5235"},"modified":"2025-07-31T00:22:00","modified_gmt":"2025-07-31T00:22:00","slug":"colored-acrylic-rhinestone-ballpoint-pen-usb-flash-drive","status":"publish","type":"product","link":"https:\/\/www.usborkeychain.com\/pt\/produto\/colored-acrylic-rhinestone-ballpoint-pen-usb-flash-drive\/","title":{"rendered":"Caneta esferogr\u00e1fica acr\u00edlica colorida com strass Unidade flash USB"},"content":{"rendered":"<div class=\"wp-block-columns is-layout-flex wp-container-core-columns-is-layout-28f84493 wp-block-columns-is-layout-flex\">\n<div class=\"wp-block-column is-vertically-aligned-center is-layout-flow wp-block-column-is-layout-flow\">\n<p>O <strong>Caneta esferogr\u00e1fica de acr\u00edlico colorido com strass Unidade flash USB <\/strong>\u00e9 um papel de carta digital 2 em 1 que integra escrita, armazenamento de dados e decora\u00e7\u00e3o de moda:<\/p>\n\n\n\n<ul class=\"wp-block-list\">\n<li>\u00c9 uma caneta esferogr\u00e1fica de escrita suave, que atende \u00e0s necessidades di\u00e1rias, como assinatura de escrit\u00f3rio, atas de reuni\u00f5es e anota\u00e7\u00f5es de alunos;<\/li>\n\n\n\n<li>\u00c9 tamb\u00e9m uma unidade flash USB plug-and-play, que suporta o armazenamento e a transmiss\u00e3o de dados entre dispositivos, como arquivos, imagens e v\u00eddeos;<\/li>\n\n\n\n<li>Al\u00e9m disso, com seu design de corpo de caneta acr\u00edlica colorida incrustada com strass brilhantes, ela quebra a monotonia dos artigos de papelaria tradicionais, apresenta decora\u00e7\u00e3o e express\u00e3o pessoal e \u00e9 adequada para cen\u00e1rios de escrit\u00f3rio e presentes da moda.<\/li>\n<\/ul>\n<\/div>\n\n\n\n<div class=\"wp-block-column is-vertically-aligned-center is-layout-flow wp-block-column-is-layout-flow\">\n<figure class=\"wp-block-image size-full\"><img alt=\"\" fetchpriority=\"high\" decoding=\"async\" width=\"800\" height=\"800\" src=\"https:\/\/www.usborkeychain.com\/wp-content\/uploads\/colorful-pen-usb-flash.jpg\" class=\"wp-image-5240\" srcset=\"https:\/\/www.usborkeychain.com\/wp-content\/uploads\/colorful-pen-usb-flash.jpg 800w, https:\/\/www.usborkeychain.com\/wp-content\/uploads\/colorful-pen-usb-flash-300x300.jpg 300w, https:\/\/www.usborkeychain.com\/wp-content\/uploads\/colorful-pen-usb-flash-150x150.jpg 150w, https:\/\/www.usborkeychain.com\/wp-content\/uploads\/colorful-pen-usb-flash-768x768.jpg 768w, https:\/\/www.usborkeychain.com\/wp-content\/uploads\/colorful-pen-usb-flash-12x12.jpg 12w, https:\/\/www.usborkeychain.com\/wp-content\/uploads\/colorful-pen-usb-flash-600x600.jpg 600w, https:\/\/www.usborkeychain.com\/wp-content\/uploads\/colorful-pen-usb-flash-100x100.jpg 100w\" sizes=\"(max-width: 800px) 100vw, 800px\" \/><\/figure>\n<\/div>\n<\/div>\n\n\n\n<h2 class=\"wp-block-heading\">Introdu\u00e7\u00e3o detalhada \u00e0 unidade flash USB<\/h2>\n\n\n\n<h3 class=\"wp-block-heading\">(1) Design 2 em 1<\/h3>\n\n\n\n<ul class=\"wp-block-list\">\n<li>Fun\u00e7\u00e3o de escrita: Equipada com um refil de caneta esferogr\u00e1fica padr\u00e3o (substitu\u00edvel, reduzindo os custos de uso a longo prazo), ela oferece sa\u00edda de tinta uniforme e escrita suave, aplic\u00e1vel a todos os cen\u00e1rios de neg\u00f3cios e aprendizado.<\/li>\n\n\n\n<li>Fun\u00e7\u00e3o de armazenamento: Uma interface USB est\u00e1 oculta na ponta da caneta (ou na tampa da caneta), permitindo o plug-and-play. Ela \u00e9 compat\u00edvel com os sistemas Windows, MacOS e Android, permitindo f\u00e1cil armazenamento e transmiss\u00e3o de dados.<\/li>\n<\/ul>\n\n\n\n<div class=\"wp-block-columns is-layout-flex wp-container-core-columns-is-layout-28f84493 wp-block-columns-is-layout-flex\">\n<div class=\"wp-block-column is-layout-flow wp-block-column-is-layout-flow\">\n<figure class=\"wp-block-image size-full\"><img alt=\"\" decoding=\"async\" width=\"800\" height=\"800\" src=\"https:\/\/www.usborkeychain.com\/wp-content\/uploads\/Multifunction-Ballpoint-Usb-Pen-Drive-Flash-Drive-1.jpg\" class=\"wp-image-5245\" srcset=\"https:\/\/www.usborkeychain.com\/wp-content\/uploads\/Multifunction-Ballpoint-Usb-Pen-Drive-Flash-Drive-1.jpg 800w, https:\/\/www.usborkeychain.com\/wp-content\/uploads\/Multifunction-Ballpoint-Usb-Pen-Drive-Flash-Drive-1-300x300.jpg 300w, https:\/\/www.usborkeychain.com\/wp-content\/uploads\/Multifunction-Ballpoint-Usb-Pen-Drive-Flash-Drive-1-150x150.jpg 150w, https:\/\/www.usborkeychain.com\/wp-content\/uploads\/Multifunction-Ballpoint-Usb-Pen-Drive-Flash-Drive-1-768x768.jpg 768w, https:\/\/www.usborkeychain.com\/wp-content\/uploads\/Multifunction-Ballpoint-Usb-Pen-Drive-Flash-Drive-1-12x12.jpg 12w, https:\/\/www.usborkeychain.com\/wp-content\/uploads\/Multifunction-Ballpoint-Usb-Pen-Drive-Flash-Drive-1-600x600.jpg 600w, https:\/\/www.usborkeychain.com\/wp-content\/uploads\/Multifunction-Ballpoint-Usb-Pen-Drive-Flash-Drive-1-100x100.jpg 100w\" sizes=\"(max-width: 800px) 100vw, 800px\" \/><\/figure>\n<\/div>\n\n\n\n<div class=\"wp-block-column is-layout-flow wp-block-column-is-layout-flow\">\n<figure class=\"wp-block-image size-full\"><img alt=\"\" decoding=\"async\" width=\"800\" height=\"800\" src=\"https:\/\/www.usborkeychain.com\/wp-content\/uploads\/custome-pen-usb-flash.jpg\" class=\"wp-image-5242\" srcset=\"https:\/\/www.usborkeychain.com\/wp-content\/uploads\/custome-pen-usb-flash.jpg 800w, https:\/\/www.usborkeychain.com\/wp-content\/uploads\/custome-pen-usb-flash-300x300.jpg 300w, https:\/\/www.usborkeychain.com\/wp-content\/uploads\/custome-pen-usb-flash-150x150.jpg 150w, https:\/\/www.usborkeychain.com\/wp-content\/uploads\/custome-pen-usb-flash-768x768.jpg 768w, https:\/\/www.usborkeychain.com\/wp-content\/uploads\/custome-pen-usb-flash-12x12.jpg 12w, https:\/\/www.usborkeychain.com\/wp-content\/uploads\/custome-pen-usb-flash-600x600.jpg 600w, https:\/\/www.usborkeychain.com\/wp-content\/uploads\/custome-pen-usb-flash-100x100.jpg 100w\" sizes=\"(max-width: 800px) 100vw, 800px\" \/><\/figure>\n<\/div>\n<\/div>\n\n\n\n<h3 class=\"wp-block-heading\">(2) Vantagens da personaliza\u00e7\u00e3o<\/h3>\n\n\n\n<ul class=\"wp-block-list\">\n<li>Personaliza\u00e7\u00e3o da apar\u00eancia:\n<ul class=\"wp-block-list\">\n<li>Cor do corpo da caneta: permite a personaliza\u00e7\u00e3o de qualquer cor, combinando precisamente com a marca ou com estilos pessoais;<\/li>\n\n\n\n<li>Cor do strass: est\u00e3o dispon\u00edveis v\u00e1rias cores de strass, que podem ser combinadas com a cor do corpo da caneta para criar um efeito visual exclusivo.<\/li>\n<\/ul>\n<\/li>\n\n\n\n<li>Implanta\u00e7\u00e3o da marca:\n<ul class=\"wp-block-list\">\n<li>Tanto o clipe quanto o corpo da caneta podem ser impressos\/gravados com logotipos corporativos, permitindo a exposi\u00e7\u00e3o em alta frequ\u00eancia das informa\u00e7\u00f5es da marca.<\/li>\n<\/ul>\n<\/li>\n\n\n\n<li>Substitui\u00e7\u00e3o de consum\u00edveis: O refil pode ser substitu\u00eddo pelos pr\u00f3prios usu\u00e1rios, aumentando a vida \u00fatil do produto e melhorando o desempenho dos custos.<\/li>\n<\/ul>\n\n\n\n<div class=\"wp-block-columns is-layout-flex wp-container-core-columns-is-layout-28f84493 wp-block-columns-is-layout-flex\">\n<div class=\"wp-block-column is-layout-flow wp-block-column-is-layout-flow\">\n<figure class=\"wp-block-image size-full\"><img alt=\"\" loading=\"lazy\" decoding=\"async\" width=\"800\" height=\"800\" src=\"https:\/\/www.usborkeychain.com\/wp-content\/uploads\/Colorful-Acrylic-Rhinestone-Ballpoint-Pen-USB-Flash-Drive.jpg\" class=\"wp-image-5239\" srcset=\"https:\/\/www.usborkeychain.com\/wp-content\/uploads\/Colorful-Acrylic-Rhinestone-Ballpoint-Pen-USB-Flash-Drive.jpg 800w, https:\/\/www.usborkeychain.com\/wp-content\/uploads\/Colorful-Acrylic-Rhinestone-Ballpoint-Pen-USB-Flash-Drive-300x300.jpg 300w, https:\/\/www.usborkeychain.com\/wp-content\/uploads\/Colorful-Acrylic-Rhinestone-Ballpoint-Pen-USB-Flash-Drive-150x150.jpg 150w, https:\/\/www.usborkeychain.com\/wp-content\/uploads\/Colorful-Acrylic-Rhinestone-Ballpoint-Pen-USB-Flash-Drive-768x768.jpg 768w, https:\/\/www.usborkeychain.com\/wp-content\/uploads\/Colorful-Acrylic-Rhinestone-Ballpoint-Pen-USB-Flash-Drive-12x12.jpg 12w, https:\/\/www.usborkeychain.com\/wp-content\/uploads\/Colorful-Acrylic-Rhinestone-Ballpoint-Pen-USB-Flash-Drive-600x600.jpg 600w, https:\/\/www.usborkeychain.com\/wp-content\/uploads\/Colorful-Acrylic-Rhinestone-Ballpoint-Pen-USB-Flash-Drive-100x100.jpg 100w\" sizes=\"(max-width: 800px) 100vw, 800px\" \/><\/figure>\n<\/div>\n\n\n\n<div class=\"wp-block-column is-layout-flow wp-block-column-is-layout-flow\">\n<figure class=\"wp-block-image size-full\"><img alt=\"\" loading=\"lazy\" decoding=\"async\" width=\"800\" height=\"800\" src=\"https:\/\/www.usborkeychain.com\/wp-content\/uploads\/Diamond-Rhinestone-Ballpoint-Pen-USB-Flash-Drive.jpg\" class=\"wp-image-5244\" srcset=\"https:\/\/www.usborkeychain.com\/wp-content\/uploads\/Diamond-Rhinestone-Ballpoint-Pen-USB-Flash-Drive.jpg 800w, https:\/\/www.usborkeychain.com\/wp-content\/uploads\/Diamond-Rhinestone-Ballpoint-Pen-USB-Flash-Drive-300x300.jpg 300w, https:\/\/www.usborkeychain.com\/wp-content\/uploads\/Diamond-Rhinestone-Ballpoint-Pen-USB-Flash-Drive-150x150.jpg 150w, https:\/\/www.usborkeychain.com\/wp-content\/uploads\/Diamond-Rhinestone-Ballpoint-Pen-USB-Flash-Drive-768x768.jpg 768w, https:\/\/www.usborkeychain.com\/wp-content\/uploads\/Diamond-Rhinestone-Ballpoint-Pen-USB-Flash-Drive-12x12.jpg 12w, https:\/\/www.usborkeychain.com\/wp-content\/uploads\/Diamond-Rhinestone-Ballpoint-Pen-USB-Flash-Drive-600x600.jpg 600w, https:\/\/www.usborkeychain.com\/wp-content\/uploads\/Diamond-Rhinestone-Ballpoint-Pen-USB-Flash-Drive-100x100.jpg 100w\" sizes=\"(max-width: 800px) 100vw, 800px\" \/><\/figure>\n<\/div>\n<\/div>\n\n\n\n<h2 class=\"wp-block-heading\">Par\u00e2metros da unidade flash USB<\/h2>\n\n\n\n<figure class=\"wp-block-table\"><table class=\"has-fixed-layout\"><thead><tr><th>Categoria de par\u00e2metro<\/th><th>Especifica\u00e7\u00f5es espec\u00edficas<\/th><\/tr><\/thead><tbody><tr><td>Capacidade da unidade flash USB<\/td><td>8GB \/ 16GB \/ 32GB \/ 64GB \/ 128GB<\/td><\/tr><tr><td>Tamanho do corpo da caneta (comprimento * di\u00e2metro)<\/td><td>137 mm (comprimento) \u00d7 14 mm<\/td><\/tr><tr><td>Peso do produto<\/td><td>Aproximadamente 30g<\/td><\/tr><tr><td>Tipo de interface USB<\/td><td>USB 2.0, compat\u00edvel com USB 3.0<\/td><\/tr><tr><td>Configura\u00e7\u00e3o do refil<\/td><td>Compat\u00edvel com refis universais ISO 12757 (tinta preta\/azul)<\/td><\/tr><tr><td>Composi\u00e7\u00e3o do material<\/td><td>Corpo da caneta: acr\u00edlico colorido; Acess\u00f3rios: clipe de metal para caneta, pe\u00e7as galvanizadas<\/td><\/tr><tr><td>Recursos de strass<\/td><td>V\u00e1rias cores dispon\u00edveis (transparente, prata flash, ouro em p\u00f3, etc.)<\/td><\/tr><\/tbody><\/table><\/figure>\n\n\n\n<h2 class=\"wp-block-heading\">Para quais cen\u00e1rios a unidade flash USB \u00e9 adequada?<\/h2>\n\n\n\n<figure class=\"wp-block-table\"><table class=\"has-fixed-layout\"><thead><tr><th>Campo de aplica\u00e7\u00e3o<\/th><th>Solu\u00e7\u00e3o<\/th><\/tr><\/thead><tbody><tr><td>Presentes empresariais de alta qualidade<\/td><td>Canetas personalizadas para reuni\u00f5es anuais<\/td><\/tr><tr><td>Ferramentas de aquisi\u00e7\u00e3o de clientes de exibi\u00e7\u00e3o<\/td><td>Canetas Rhinestone pr\u00e9-instaladas com cat\u00e1logos eletr\u00f4nicos<\/td><\/tr><tr><td>Rela\u00e7\u00f5es p\u00fablicas da marca<\/td><td>Edi\u00e7\u00f5es limitadas com marcas conjuntas<\/td><\/tr><tr><td>Favores do casamento<\/td><td>Canetas de ouro para champanhe gravadas com os nomes dos rec\u00e9m-casados<\/td><\/tr><tr><td>Incentivos aos funcion\u00e1rios<\/td><td>Canetas personalizadas exclusivas para campe\u00f5es de vendas<\/td><\/tr><\/tbody><\/table><\/figure>\n\n\n\n<div class=\"wp-block-columns is-layout-flex wp-container-core-columns-is-layout-28f84493 wp-block-columns-is-layout-flex\">\n<div class=\"wp-block-column is-layout-flow wp-block-column-is-layout-flow\">\n<figure class=\"wp-block-image size-full\"><img alt=\"\" loading=\"lazy\" decoding=\"async\" width=\"800\" height=\"800\" src=\"https:\/\/www.usborkeychain.com\/wp-content\/uploads\/Diamond-crystal-ball-point-pen-shape-usb-flash-drive.jpg\" class=\"wp-image-5243\" srcset=\"https:\/\/www.usborkeychain.com\/wp-content\/uploads\/Diamond-crystal-ball-point-pen-shape-usb-flash-drive.jpg 800w, https:\/\/www.usborkeychain.com\/wp-content\/uploads\/Diamond-crystal-ball-point-pen-shape-usb-flash-drive-300x300.jpg 300w, https:\/\/www.usborkeychain.com\/wp-content\/uploads\/Diamond-crystal-ball-point-pen-shape-usb-flash-drive-150x150.jpg 150w, https:\/\/www.usborkeychain.com\/wp-content\/uploads\/Diamond-crystal-ball-point-pen-shape-usb-flash-drive-768x768.jpg 768w, https:\/\/www.usborkeychain.com\/wp-content\/uploads\/Diamond-crystal-ball-point-pen-shape-usb-flash-drive-12x12.jpg 12w, https:\/\/www.usborkeychain.com\/wp-content\/uploads\/Diamond-crystal-ball-point-pen-shape-usb-flash-drive-600x600.jpg 600w, https:\/\/www.usborkeychain.com\/wp-content\/uploads\/Diamond-crystal-ball-point-pen-shape-usb-flash-drive-100x100.jpg 100w\" sizes=\"(max-width: 800px) 100vw, 800px\" \/><\/figure>\n<\/div>\n\n\n\n<div class=\"wp-block-column is-layout-flow wp-block-column-is-layout-flow\">\n<figure class=\"wp-block-image size-full\"><img alt=\"\" loading=\"lazy\" decoding=\"async\" width=\"800\" height=\"800\" src=\"https:\/\/www.usborkeychain.com\/wp-content\/uploads\/pen-flash-usb.jpg\" class=\"wp-image-5246\" srcset=\"https:\/\/www.usborkeychain.com\/wp-content\/uploads\/pen-flash-usb.jpg 800w, https:\/\/www.usborkeychain.com\/wp-content\/uploads\/pen-flash-usb-300x300.jpg 300w, https:\/\/www.usborkeychain.com\/wp-content\/uploads\/pen-flash-usb-150x150.jpg 150w, https:\/\/www.usborkeychain.com\/wp-content\/uploads\/pen-flash-usb-768x768.jpg 768w, https:\/\/www.usborkeychain.com\/wp-content\/uploads\/pen-flash-usb-12x12.jpg 12w, https:\/\/www.usborkeychain.com\/wp-content\/uploads\/pen-flash-usb-600x600.jpg 600w, https:\/\/www.usborkeychain.com\/wp-content\/uploads\/pen-flash-usb-100x100.jpg 100w\" sizes=\"(max-width: 800px) 100vw, 800px\" \/><\/figure>\n<\/div>\n<\/div>\n\n\n\n<div class=\"wp-block-columns is-layout-flex wp-container-core-columns-is-layout-28f84493 wp-block-columns-is-layout-flex\">\n<div class=\"wp-block-column is-vertically-aligned-center is-layout-flow wp-block-column-is-layout-flow\">\n<p>Isso <strong>Caneta USB 2 em 1<\/strong> atende \u00e0s necessidades de escrita e armazenamento. De cores e strass a logotipos, ele \u00e9 totalmente capaz de personalizar as demandas, realizando a diferencia\u00e7\u00e3o de estilos diferentes para o mesmo produto. Abrangendo v\u00e1rios cen\u00e1rios, como brindes corporativos, promo\u00e7\u00e3o de exposi\u00e7\u00f5es e uso pessoal, o pen drive USB com caneta esferogr\u00e1fica de acr\u00edlico colorido e strass, com suas caracter\u00edsticas de \"profissionalismo, est\u00e9tica e personaliza\u00e7\u00e3o\", tornou-se a solu\u00e7\u00e3o preferida no campo de artigos de papelaria digital.<\/p>\n<\/div>\n\n\n\n<div class=\"wp-block-column is-layout-flow wp-block-column-is-layout-flow\">\n<figure class=\"wp-block-image size-large\"><img alt=\"\" loading=\"lazy\" decoding=\"async\" width=\"582\" height=\"800\" src=\"https:\/\/www.usborkeychain.com\/wp-content\/uploads\/Custom-Crystal-Rhinestone-Pen-USB-Flash-Drives-1-582x800.jpg\" class=\"wp-image-5247\" srcset=\"https:\/\/www.usborkeychain.com\/wp-content\/uploads\/Custom-Crystal-Rhinestone-Pen-USB-Flash-Drives-1-582x800.jpg 582w, https:\/\/www.usborkeychain.com\/wp-content\/uploads\/Custom-Crystal-Rhinestone-Pen-USB-Flash-Drives-1-218x300.jpg 218w, https:\/\/www.usborkeychain.com\/wp-content\/uploads\/Custom-Crystal-Rhinestone-Pen-USB-Flash-Drives-1-768x1056.jpg 768w, https:\/\/www.usborkeychain.com\/wp-content\/uploads\/Custom-Crystal-Rhinestone-Pen-USB-Flash-Drives-1-9x12.jpg 9w, https:\/\/www.usborkeychain.com\/wp-content\/uploads\/Custom-Crystal-Rhinestone-Pen-USB-Flash-Drives-1-600x825.jpg 600w, https:\/\/www.usborkeychain.com\/wp-content\/uploads\/Custom-Crystal-Rhinestone-Pen-USB-Flash-Drives-1.jpg 800w\" sizes=\"(max-width: 582px) 100vw, 582px\" \/><\/figure>\n<\/div>\n<\/div>","protected":false},"excerpt":{"rendered":"<ul>\n<li>Caneta USB 2 em 1<\/li>\n<li>Acr\u00edlico<\/li>\n<li>Pedra de strass<\/li>\n<li>Esferogr\u00e1fica<\/li>\n<li>MOQ:100pcs<\/li>\n<\/ul>","protected":false},"featured_media":5240,"comment_status":"open","ping_status":"closed","template":"","meta":{"_seopress_robots_primary_cat":"","_seopress_titles_title":"","_seopress_titles_desc":"","_seopress_robots_index":"","site-sidebar-layout":"default","site-content-layout":"","ast-site-content-layout":"","site-content-style":"default","site-sidebar-style":"default","ast-global-header-display":"","ast-banner-title-visibility":"","ast-main-header-display":"","ast-hfb-above-header-display":"","ast-hfb-below-header-display":"","ast-hfb-mobile-header-display":"","site-post-title":"","ast-breadcrumbs-content":"","ast-featured-img":"","footer-sml-layout":"","theme-transparent-header-meta":"","adv-header-id-meta":"","stick-header-meta":"","header-above-stick-meta":"","header-main-stick-meta":"","header-below-stick-meta":"","astra-migrate-meta-layouts":"default","ast-page-background-enabled":"default","ast-page-background-meta":{"desktop":{"background-color":"var(--ast-global-color-5)","background-image":"","background-repeat":"repeat","background-position":"center center","background-size":"auto","background-attachment":"scroll","background-type":"","background-media":"","overlay-type":"","overlay-color":"","overlay-opacity":"","overlay-gradient":""},"tablet":{"background-color":"","background-image":"","background-repeat":"repeat","background-position":"center center","background-size":"auto","background-attachment":"scroll","background-type":"","background-media":"","overlay-type":"","overlay-color":"","overlay-opacity":"","overlay-gradient":""},"mobile":{"background-color":"","background-image":"","background-repeat":"repeat","background-position":"center center","background-size":"auto","background-attachment":"scroll","background-type":"","background-media":"","overlay-type":"","overlay-color":"","overlay-opacity":"","overlay-gradient":""}},"ast-content-background-meta":{"desktop":{"background-color":"var(--ast-global-color-4)","background-image":"","background-repeat":"repeat","background-position":"center center","background-size":"auto","background-attachment":"scroll","background-type":"","background-media":"","overlay-type":"","overlay-color":"","overlay-opacity":"","overlay-gradient":""},"tablet":{"background-color":"var(--ast-global-color-4)","background-image":"","background-repeat":"repeat","background-position":"center center","background-size":"auto","background-attachment":"scroll","background-type":"","background-media":"","overlay-type":"","overlay-color":"","overlay-opacity":"","overlay-gradient":""},"mobile":{"background-color":"var(--ast-global-color-4)","background-image":"","background-repeat":"repeat","background-position":"center center","background-size":"auto","background-attachment":"scroll","background-type":"","background-media":"","overlay-type":"","overlay-color":"","overlay-opacity":"","overlay-gradient":""}}},"product_brand":[],"product_cat":[100],"product_tag":[324,318,325],"class_list":{"0":"post-5235","1":"product","2":"type-product","3":"status-publish","4":"has-post-thumbnail","6":"product_cat-usb-drive-with-pen","7":"product_tag-ballpoint-usb-flash-drive-pen","8":"product_tag-colorful-pen-usb-flash","9":"product_tag-crystal-usb-flash-drive","10":"desktop-align-left","11":"tablet-align-left","12":"mobile-align-left","14":"first","15":"instock","16":"shipping-taxable","17":"product-type-simple"},"_links":{"self":[{"href":"https:\/\/www.usborkeychain.com\/pt\/wp-json\/wp\/v2\/product\/5235","targetHints":{"allow":["GET"]}}],"collection":[{"href":"https:\/\/www.usborkeychain.com\/pt\/wp-json\/wp\/v2\/product"}],"about":[{"href":"https:\/\/www.usborkeychain.com\/pt\/wp-json\/wp\/v2\/types\/product"}],"replies":[{"embeddable":true,"href":"https:\/\/www.usborkeychain.com\/pt\/wp-json\/wp\/v2\/comments?post=5235"}],"wp:featuredmedia":[{"embeddable":true,"href":"https:\/\/www.usborkeychain.com\/pt\/wp-json\/wp\/v2\/media\/5240"}],"wp:attachment":[{"href":"https:\/\/www.usborkeychain.com\/pt\/wp-json\/wp\/v2\/media?parent=5235"}],"wp:term":[{"taxonomy":"product_brand","embeddable":true,"href":"https:\/\/www.usborkeychain.com\/pt\/wp-json\/wp\/v2\/product_brand?post=5235"},{"taxonomy":"product_cat","embeddable":true,"href":"https:\/\/www.usborkeychain.com\/pt\/wp-json\/wp\/v2\/product_cat?post=5235"},{"taxonomy":"product_tag","embeddable":true,"href":"https:\/\/www.usborkeychain.com\/pt\/wp-json\/wp\/v2\/product_tag?post=5235"}],"curies":[{"name":"wp","href":"https:\/\/api.w.org\/{rel}","templated":true}]}}