{"id":5248,"date":"2025-07-30T13:57:05","date_gmt":"2025-07-30T13:57:05","guid":{"rendered":"https:\/\/www.usborkeychain.com\/?post_type=product&#038;p=5248"},"modified":"2025-07-31T00:21:02","modified_gmt":"2025-07-31T00:21:02","slug":"transparent-plastic-usb-flash-drive-pen","status":"publish","type":"product","link":"https:\/\/www.usborkeychain.com\/pt\/produto\/transparent-plastic-usb-flash-drive-pen\/","title":{"rendered":"Caneta pl\u00e1stica transparente para pendrive USB"},"content":{"rendered":"<div class=\"wp-block-columns is-layout-flex wp-container-core-columns-is-layout-28f84493 wp-block-columns-is-layout-flex\">\n<div class=\"wp-block-column is-vertically-aligned-center is-layout-flow wp-block-column-is-layout-flow\">\n<p>O <strong>Caneta pl\u00e1stica transparente para pendrive USB<\/strong> \u00e9 um produto cruzado que integra uma caneta esferogr\u00e1fica de pl\u00e1stico e uma unidade flash USB de alta velocidade, com foco nas necessidades de \"grava\u00e7\u00e3o + armazenamento\" em cen\u00e1rios de escrit\u00f3rios comerciais:<\/p>\n\n\n\n<ul class=\"wp-block-list\">\n<li>Cobertura da capacidade de armazenamento: Suporta as principais especifica\u00e7\u00f5es de armazenamento, como 8 GB, 32 GB e 64 GB, atendendo \u00e0s necessidades de armazenamento de materiais como contratos, planos e documentos de apresenta\u00e7\u00e3o.<\/li>\n\n\n\n<li>Adapta\u00e7\u00e3o multicolorida: O corpo da caneta oferece op\u00e7\u00f5es de cores, incluindo preto, azul, vermelho e branco, que s\u00e3o compat\u00edveis com o design VI corporativo e a est\u00e9tica pessoal, adequados para cen\u00e1rios como assinaturas comerciais e registros di\u00e1rios.<\/li>\n<\/ul>\n<\/div>\n\n\n\n<div class=\"wp-block-column is-vertically-aligned-center is-layout-flow wp-block-column-is-layout-flow\">\n<figure class=\"wp-block-image size-full\"><img alt=\"\" fetchpriority=\"high\" decoding=\"async\" width=\"800\" height=\"800\" src=\"https:\/\/www.usborkeychain.com\/wp-content\/uploads\/pen-with-usb-flash-drive.jpg\" class=\"wp-image-5259\" srcset=\"https:\/\/www.usborkeychain.com\/wp-content\/uploads\/pen-with-usb-flash-drive.jpg 800w, https:\/\/www.usborkeychain.com\/wp-content\/uploads\/pen-with-usb-flash-drive-300x300.jpg 300w, https:\/\/www.usborkeychain.com\/wp-content\/uploads\/pen-with-usb-flash-drive-150x150.jpg 150w, https:\/\/www.usborkeychain.com\/wp-content\/uploads\/pen-with-usb-flash-drive-768x768.jpg 768w, https:\/\/www.usborkeychain.com\/wp-content\/uploads\/pen-with-usb-flash-drive-12x12.jpg 12w, https:\/\/www.usborkeychain.com\/wp-content\/uploads\/pen-with-usb-flash-drive-600x600.jpg 600w, https:\/\/www.usborkeychain.com\/wp-content\/uploads\/pen-with-usb-flash-drive-100x100.jpg 100w\" sizes=\"(max-width: 800px) 100vw, 800px\" \/><\/figure>\n<\/div>\n<\/div>\n\n\n\n<div class=\"wp-block-columns is-layout-flex wp-container-core-columns-is-layout-28f84493 wp-block-columns-is-layout-flex\">\n<div class=\"wp-block-column is-vertically-aligned-center is-layout-flow wp-block-column-is-layout-flow\">\n<figure class=\"wp-block-image size-full\"><img alt=\"\" decoding=\"async\" width=\"800\" height=\"800\" src=\"https:\/\/www.usborkeychain.com\/wp-content\/uploads\/Custom-Printed-Promotional-Trans-USB-Pen.jpg\" class=\"wp-image-5255\" srcset=\"https:\/\/www.usborkeychain.com\/wp-content\/uploads\/Custom-Printed-Promotional-Trans-USB-Pen.jpg 800w, https:\/\/www.usborkeychain.com\/wp-content\/uploads\/Custom-Printed-Promotional-Trans-USB-Pen-300x300.jpg 300w, https:\/\/www.usborkeychain.com\/wp-content\/uploads\/Custom-Printed-Promotional-Trans-USB-Pen-150x150.jpg 150w, https:\/\/www.usborkeychain.com\/wp-content\/uploads\/Custom-Printed-Promotional-Trans-USB-Pen-768x768.jpg 768w, https:\/\/www.usborkeychain.com\/wp-content\/uploads\/Custom-Printed-Promotional-Trans-USB-Pen-12x12.jpg 12w, https:\/\/www.usborkeychain.com\/wp-content\/uploads\/Custom-Printed-Promotional-Trans-USB-Pen-600x600.jpg 600w, https:\/\/www.usborkeychain.com\/wp-content\/uploads\/Custom-Printed-Promotional-Trans-USB-Pen-100x100.jpg 100w\" sizes=\"(max-width: 800px) 100vw, 800px\" \/><\/figure>\n<\/div>\n\n\n\n<div class=\"wp-block-column is-vertically-aligned-center is-layout-flow wp-block-column-is-layout-flow\">\n<h2 class=\"wp-block-heading\">Material:<\/h2>\n\n\n\n<p>Adota <strong>ABS (alta tenacidade) + PC (resist\u00eancia a impactos) <\/strong>material composto, equilibrando durabilidade e desempenho leve:<\/p>\n\n\n\n<ul class=\"wp-block-list\">\n<li>Concha transparente: Apresenta visualmente um aspecto fresco e minimalista, permitindo a observa\u00e7\u00e3o intuitiva da estrutura interna e aumentando a sofistica\u00e7\u00e3o do produto.<\/li>\n\n\n\n<li>Parte da empunhadura de borracha: O design colorido (preto\/azul\/vermelho\/branco) est\u00e1 em conformidade com a ergonomia, garantindo uma pegada confort\u00e1vel e sem fadiga, mesmo com o uso prolongado.<\/li>\n<\/ul>\n<\/div>\n<\/div>\n\n\n\n<div class=\"wp-block-columns is-layout-flex wp-container-core-columns-is-layout-28f84493 wp-block-columns-is-layout-flex\">\n<div class=\"wp-block-column is-vertically-aligned-center is-layout-flow wp-block-column-is-layout-flow\">\n<h2 class=\"wp-block-heading\">Design destac\u00e1vel:<\/h2>\n\n\n\n<p>O corpo da caneta e o m\u00f3dulo da unidade flash USB suportam \"desmontagem destac\u00e1vel\":<\/p>\n\n\n\n<ul class=\"wp-block-list\">\n<li>Quando for necess\u00e1rio apenas escrever, ela pode ser usada como uma caneta esferogr\u00e1fica independente.<\/li>\n\n\n\n<li>Quando a transfer\u00eancia de arquivos \u00e9 necess\u00e1ria, a unidade flash USB pode ser retirada rapidamente para conex\u00e3o separada aos dispositivos (sem carregar a caneta inteira), adaptando-se de forma flex\u00edvel a v\u00e1rios cen\u00e1rios.<\/li>\n<\/ul>\n<\/div>\n\n\n\n<div class=\"wp-block-column is-vertically-aligned-center is-layout-flow wp-block-column-is-layout-flow\">\n<figure class=\"wp-block-image size-full\"><img alt=\"\" decoding=\"async\" width=\"800\" height=\"800\" src=\"https:\/\/www.usborkeychain.com\/wp-content\/uploads\/USB-Flash-drive-Pen-Combo.jpg\" class=\"wp-image-5261\" srcset=\"https:\/\/www.usborkeychain.com\/wp-content\/uploads\/USB-Flash-drive-Pen-Combo.jpg 800w, https:\/\/www.usborkeychain.com\/wp-content\/uploads\/USB-Flash-drive-Pen-Combo-300x300.jpg 300w, https:\/\/www.usborkeychain.com\/wp-content\/uploads\/USB-Flash-drive-Pen-Combo-150x150.jpg 150w, https:\/\/www.usborkeychain.com\/wp-content\/uploads\/USB-Flash-drive-Pen-Combo-768x768.jpg 768w, https:\/\/www.usborkeychain.com\/wp-content\/uploads\/USB-Flash-drive-Pen-Combo-12x12.jpg 12w, https:\/\/www.usborkeychain.com\/wp-content\/uploads\/USB-Flash-drive-Pen-Combo-600x600.jpg 600w, https:\/\/www.usborkeychain.com\/wp-content\/uploads\/USB-Flash-drive-Pen-Combo-100x100.jpg 100w\" sizes=\"(max-width: 800px) 100vw, 800px\" \/><\/figure>\n<\/div>\n<\/div>\n\n\n\n<h2 class=\"wp-block-heading\">Par\u00e2metros profissionais da unidade flash USB<\/h2>\n\n\n\n<figure class=\"wp-block-table\"><table class=\"has-fixed-layout\"><thead><tr><th>Categoria de par\u00e2metro<\/th><th>Especifica\u00e7\u00f5es detalhadas<\/th><\/tr><\/thead><tbody><tr><td>Capacidade de armazenamento<\/td><td>8 GB, 16 GB, 32 GB, 64 GB, 128 GB<\/td><\/tr><tr><td>Dimens\u00f5es da caneta<\/td><td>134 mm de comprimento, 12 mm de di\u00e2metro<\/td><\/tr><tr><td>Peso do produto<\/td><td>Aproximadamente 20g<\/td><\/tr><tr><td>Tipo de interface<\/td><td>USB 2.0 (compat\u00edvel com interfaces USB 3.0)<\/td><\/tr><tr><td>Especifica\u00e7\u00e3o do refil<\/td><td>Refil de caneta esferogr\u00e1fica padr\u00e3o (substitu\u00edvel)<\/td><\/tr><\/tbody><\/table><\/figure>\n\n\n\n<h2 class=\"wp-block-heading\">Quais s\u00e3o as vantagens dessa unidade flash USB?<\/h2>\n\n\n\n<div class=\"wp-block-columns is-layout-flex wp-container-core-columns-is-layout-28f84493 wp-block-columns-is-layout-flex\">\n<div class=\"wp-block-column is-layout-flow wp-block-column-is-layout-flow\">\n<h3 class=\"wp-block-heading\">Funcionalidade 2 em 1<\/h3>\n\n\n\n<ul class=\"wp-block-list\">\n<li>Final da escrita: O refil da caneta esferogr\u00e1fica \u00e9 macio, adequado para a escrita di\u00e1ria.<\/li>\n\n\n\n<li>Fim do armazenamento: O m\u00f3dulo de unidade flash USB suporta leitura e grava\u00e7\u00e3o em alta velocidade, permitindo o backup de dados e a transfer\u00eancia de arquivos. Um dispositivo atende a duas grandes necessidades do escrit\u00f3rio.<\/li>\n<\/ul>\n<\/div>\n\n\n\n<div class=\"wp-block-column is-layout-flow wp-block-column-is-layout-flow\">\n<h3 class=\"wp-block-heading\">Refil substitu\u00edvel<\/h3>\n\n\n\n<p>O refil permite a substitui\u00e7\u00e3o por refis de caneta esferogr\u00e1fica comuns, eliminando a necessidade de descartar o produto inteiro quando o refil acaba.<\/p>\n<\/div>\n\n\n\n<div class=\"wp-block-column is-layout-flow wp-block-column-is-layout-flow\">\n<h3 class=\"wp-block-heading\">Design de alto valor<\/h3>\n\n\n\n<p>A combina\u00e7\u00e3o de uma concha transparente e uma al\u00e7a de borracha colorida quebra a monotonia dos artigos de escrit\u00f3rio tradicionais, aprimorando o estilo pessoal do escrit\u00f3rio e tornando os presentes personalizados da marca mais reconhec\u00edveis.<\/p>\n<\/div>\n<\/div>\n\n\n\n<div class=\"wp-block-columns is-layout-flex wp-container-core-columns-is-layout-28f84493 wp-block-columns-is-layout-flex\">\n<div class=\"wp-block-column is-layout-flow wp-block-column-is-layout-flow\">\n<figure class=\"wp-block-image size-full\"><img alt=\"\" loading=\"lazy\" decoding=\"async\" width=\"800\" height=\"800\" src=\"https:\/\/www.usborkeychain.com\/wp-content\/uploads\/pen-flash-usb-1.jpg\" class=\"wp-image-5257\" srcset=\"https:\/\/www.usborkeychain.com\/wp-content\/uploads\/pen-flash-usb-1.jpg 800w, https:\/\/www.usborkeychain.com\/wp-content\/uploads\/pen-flash-usb-1-300x300.jpg 300w, https:\/\/www.usborkeychain.com\/wp-content\/uploads\/pen-flash-usb-1-150x150.jpg 150w, https:\/\/www.usborkeychain.com\/wp-content\/uploads\/pen-flash-usb-1-768x768.jpg 768w, https:\/\/www.usborkeychain.com\/wp-content\/uploads\/pen-flash-usb-1-12x12.jpg 12w, https:\/\/www.usborkeychain.com\/wp-content\/uploads\/pen-flash-usb-1-600x600.jpg 600w, https:\/\/www.usborkeychain.com\/wp-content\/uploads\/pen-flash-usb-1-100x100.jpg 100w\" sizes=\"(max-width: 800px) 100vw, 800px\" \/><\/figure>\n<\/div>\n\n\n\n<div class=\"wp-block-column is-layout-flow wp-block-column-is-layout-flow\">\n<figure class=\"wp-block-image size-full\"><img alt=\"\" loading=\"lazy\" decoding=\"async\" width=\"800\" height=\"800\" src=\"https:\/\/www.usborkeychain.com\/wp-content\/uploads\/custome-pen-usb-flash-1.jpg\" class=\"wp-image-5256\" srcset=\"https:\/\/www.usborkeychain.com\/wp-content\/uploads\/custome-pen-usb-flash-1.jpg 800w, https:\/\/www.usborkeychain.com\/wp-content\/uploads\/custome-pen-usb-flash-1-300x300.jpg 300w, https:\/\/www.usborkeychain.com\/wp-content\/uploads\/custome-pen-usb-flash-1-150x150.jpg 150w, https:\/\/www.usborkeychain.com\/wp-content\/uploads\/custome-pen-usb-flash-1-768x768.jpg 768w, https:\/\/www.usborkeychain.com\/wp-content\/uploads\/custome-pen-usb-flash-1-12x12.jpg 12w, https:\/\/www.usborkeychain.com\/wp-content\/uploads\/custome-pen-usb-flash-1-600x600.jpg 600w, https:\/\/www.usborkeychain.com\/wp-content\/uploads\/custome-pen-usb-flash-1-100x100.jpg 100w\" sizes=\"(max-width: 800px) 100vw, 800px\" \/><\/figure>\n<\/div>\n\n\n\n<div class=\"wp-block-column is-layout-flow wp-block-column-is-layout-flow\">\n<figure class=\"wp-block-image size-full\"><img alt=\"\" loading=\"lazy\" decoding=\"async\" width=\"800\" height=\"800\" src=\"https:\/\/www.usborkeychain.com\/wp-content\/uploads\/Corporate-Gift-Pen-Ballpoint-Usb-Flash-Drive.jpg\" class=\"wp-image-5254\" srcset=\"https:\/\/www.usborkeychain.com\/wp-content\/uploads\/Corporate-Gift-Pen-Ballpoint-Usb-Flash-Drive.jpg 800w, https:\/\/www.usborkeychain.com\/wp-content\/uploads\/Corporate-Gift-Pen-Ballpoint-Usb-Flash-Drive-300x300.jpg 300w, https:\/\/www.usborkeychain.com\/wp-content\/uploads\/Corporate-Gift-Pen-Ballpoint-Usb-Flash-Drive-150x150.jpg 150w, https:\/\/www.usborkeychain.com\/wp-content\/uploads\/Corporate-Gift-Pen-Ballpoint-Usb-Flash-Drive-768x768.jpg 768w, https:\/\/www.usborkeychain.com\/wp-content\/uploads\/Corporate-Gift-Pen-Ballpoint-Usb-Flash-Drive-12x12.jpg 12w, https:\/\/www.usborkeychain.com\/wp-content\/uploads\/Corporate-Gift-Pen-Ballpoint-Usb-Flash-Drive-600x600.jpg 600w, https:\/\/www.usborkeychain.com\/wp-content\/uploads\/Corporate-Gift-Pen-Ballpoint-Usb-Flash-Drive-100x100.jpg 100w\" sizes=\"(max-width: 800px) 100vw, 800px\" \/><\/figure>\n<\/div>\n<\/div>\n\n\n\n<h2 class=\"wp-block-heading\">Para quais empresas ou atividades ele \u00e9 adequado como presente?<\/h2>\n\n\n\n<div class=\"wp-block-columns is-layout-flex wp-container-core-columns-is-layout-28f84493 wp-block-columns-is-layout-flex\">\n<div class=\"wp-block-column is-vertically-aligned-center is-layout-flow wp-block-column-is-layout-flow\">\n<ul class=\"wp-block-list\">\n<li><strong>Presentes comerciais<\/strong>: Ap\u00f3s ser personalizado com o logotipo da empresa, ele pode servir como lembran\u00e7a de uma confer\u00eancia ou como presente de agradecimento ao cliente.<\/li>\n\n\n\n<li><strong>Reuni\u00f5es\/treinamentos corporativos<\/strong>: Os participantes podem anotar os pontos principais no local e armazenar simultaneamente os materiais da reuni\u00e3o (PPTs, documentos).<\/li>\n\n\n\n<li><strong>Atividades\/exposi\u00e7\u00f5es de rela\u00e7\u00f5es p\u00fablicas<\/strong>: Distribu\u00eddo como souvenir, ele transmite continuamente o valor da marca.<\/li>\n\n\n\n<li><strong>Uso di\u00e1rio no escrit\u00f3rio<\/strong>: Reduz o fardo de \"carregar uma caneta e uma unidade flash USB\", mant\u00e9m a mesa mais organizada e aumenta a efici\u00eancia.<\/li>\n<\/ul>\n<\/div>\n\n\n\n<div class=\"wp-block-column is-layout-flow wp-block-column-is-layout-flow\">\n<figure class=\"wp-block-image size-full\"><img alt=\"\" loading=\"lazy\" decoding=\"async\" width=\"800\" height=\"800\" src=\"https:\/\/www.usborkeychain.com\/wp-content\/uploads\/Pen-USB-Flash-Drives.jpg\" class=\"wp-image-5258\" srcset=\"https:\/\/www.usborkeychain.com\/wp-content\/uploads\/Pen-USB-Flash-Drives.jpg 800w, https:\/\/www.usborkeychain.com\/wp-content\/uploads\/Pen-USB-Flash-Drives-300x300.jpg 300w, https:\/\/www.usborkeychain.com\/wp-content\/uploads\/Pen-USB-Flash-Drives-150x150.jpg 150w, https:\/\/www.usborkeychain.com\/wp-content\/uploads\/Pen-USB-Flash-Drives-768x768.jpg 768w, https:\/\/www.usborkeychain.com\/wp-content\/uploads\/Pen-USB-Flash-Drives-12x12.jpg 12w, https:\/\/www.usborkeychain.com\/wp-content\/uploads\/Pen-USB-Flash-Drives-600x600.jpg 600w, https:\/\/www.usborkeychain.com\/wp-content\/uploads\/Pen-USB-Flash-Drives-100x100.jpg 100w\" sizes=\"(max-width: 800px) 100vw, 800px\" \/><\/figure>\n<\/div>\n<\/div>\n\n\n\n<div class=\"wp-block-columns is-layout-flex wp-container-core-columns-is-layout-28f84493 wp-block-columns-is-layout-flex\">\n<div class=\"wp-block-column is-vertically-aligned-center is-layout-flow wp-block-column-is-layout-flow\">\n<figure class=\"wp-block-image size-full\"><img alt=\"\" loading=\"lazy\" decoding=\"async\" width=\"800\" height=\"800\" src=\"https:\/\/www.usborkeychain.com\/wp-content\/uploads\/ballpoint-pen-with-usb-flash-drive-1.jpg\" class=\"wp-image-5253\" srcset=\"https:\/\/www.usborkeychain.com\/wp-content\/uploads\/ballpoint-pen-with-usb-flash-drive-1.jpg 800w, https:\/\/www.usborkeychain.com\/wp-content\/uploads\/ballpoint-pen-with-usb-flash-drive-1-300x300.jpg 300w, https:\/\/www.usborkeychain.com\/wp-content\/uploads\/ballpoint-pen-with-usb-flash-drive-1-150x150.jpg 150w, https:\/\/www.usborkeychain.com\/wp-content\/uploads\/ballpoint-pen-with-usb-flash-drive-1-768x768.jpg 768w, https:\/\/www.usborkeychain.com\/wp-content\/uploads\/ballpoint-pen-with-usb-flash-drive-1-12x12.jpg 12w, https:\/\/www.usborkeychain.com\/wp-content\/uploads\/ballpoint-pen-with-usb-flash-drive-1-600x600.jpg 600w, https:\/\/www.usborkeychain.com\/wp-content\/uploads\/ballpoint-pen-with-usb-flash-drive-1-100x100.jpg 100w\" sizes=\"(max-width: 800px) 100vw, 800px\" \/><\/figure>\n<\/div>\n\n\n\n<div class=\"wp-block-column is-vertically-aligned-center is-layout-flow wp-block-column-is-layout-flow\">\n<p>Recomenda\u00e7\u00f5es de compra: Para pedidos em massa (\u2265100 unidades), est\u00e3o dispon\u00edveis servi\u00e7os de particionamento de capacidade (por exemplo, configura\u00e7\u00e3o de uma parti\u00e7\u00e3o criptografada para 32 GB). Recomenda-se que ele seja acompanhado de uma caixa de presente de veludo para melhorar a qualidade do presente. Essa caneta com unidade flash USB passou pela certifica\u00e7\u00e3o RoHS e est\u00e1 em conformidade com os padr\u00f5es de seguran\u00e7a da UE para materiais de escrit\u00f3rio.<\/p>\n\n\n\n<p>O <strong>Caneta pl\u00e1stica transparente para pendrive USB<\/strong> integra as fun\u00e7\u00f5es de uma unidade flash USB e uma caneta esferogr\u00e1fica, redefinindo o valor dos artigos de escrit\u00f3rio. Seja como um presente corporativo para transmitir o carinho da marca ou para uso pessoal no escrit\u00f3rio para aumentar a efici\u00eancia, ele pode ser um \"parceiro de escrit\u00f3rio\" confi\u00e1vel.<\/p>\n<\/div>\n<\/div>","protected":false},"excerpt":{"rendered":"<ul>\n<li>Caneta esferogr\u00e1fica de pl\u00e1stico<\/li>\n<li>Unidade flash USB de alta velocidade<\/li>\n<li>Refil substitu\u00edvel<\/li>\n<li>RoHS<\/li>\n<li>MOQ:100pcs<\/li>\n<\/ul>","protected":false},"featured_media":5259,"comment_status":"open","ping_status":"closed","template":"","meta":{"_seopress_robots_primary_cat":"","_seopress_titles_title":"","_seopress_titles_desc":"","_seopress_robots_index":"","site-sidebar-layout":"default","site-content-layout":"","ast-site-content-layout":"","site-content-style":"default","site-sidebar-style":"default","ast-global-header-display":"","ast-banner-title-visibility":"","ast-main-header-display":"","ast-hfb-above-header-display":"","ast-hfb-below-header-display":"","ast-hfb-mobile-header-display":"","site-post-title":"","ast-breadcrumbs-content":"","ast-featured-img":"","footer-sml-layout":"","theme-transparent-header-meta":"","adv-header-id-meta":"","stick-header-meta":"","header-above-stick-meta":"","header-main-stick-meta":"","header-below-stick-meta":"","astra-migrate-meta-layouts":"default","ast-page-background-enabled":"default","ast-page-background-meta":{"desktop":{"background-color":"var(--ast-global-color-5)","background-image":"","background-repeat":"repeat","background-position":"center center","background-size":"auto","background-attachment":"scroll","background-type":"","background-media":"","overlay-type":"","overlay-color":"","overlay-opacity":"","overlay-gradient":""},"tablet":{"background-color":"","background-image":"","background-repeat":"repeat","background-position":"center center","background-size":"auto","background-attachment":"scroll","background-type":"","background-media":"","overlay-type":"","overlay-color":"","overlay-opacity":"","overlay-gradient":""},"mobile":{"background-color":"","background-image":"","background-repeat":"repeat","background-position":"center center","background-size":"auto","background-attachment":"scroll","background-type":"","background-media":"","overlay-type":"","overlay-color":"","overlay-opacity":"","overlay-gradient":""}},"ast-content-background-meta":{"desktop":{"background-color":"var(--ast-global-color-4)","background-image":"","background-repeat":"repeat","background-position":"center center","background-size":"auto","background-attachment":"scroll","background-type":"","background-media":"","overlay-type":"","overlay-color":"","overlay-opacity":"","overlay-gradient":""},"tablet":{"background-color":"var(--ast-global-color-4)","background-image":"","background-repeat":"repeat","background-position":"center center","background-size":"auto","background-attachment":"scroll","background-type":"","background-media":"","overlay-type":"","overlay-color":"","overlay-opacity":"","overlay-gradient":""},"mobile":{"background-color":"var(--ast-global-color-4)","background-image":"","background-repeat":"repeat","background-position":"center center","background-size":"auto","background-attachment":"scroll","background-type":"","background-media":"","overlay-type":"","overlay-color":"","overlay-opacity":"","overlay-gradient":""}}},"product_brand":[],"product_cat":[100],"product_tag":[324,318,323],"class_list":{"0":"post-5248","1":"product","2":"type-product","3":"status-publish","4":"has-post-thumbnail","6":"product_cat-usb-drive-with-pen","7":"product_tag-ballpoint-usb-flash-drive-pen","8":"product_tag-colorful-pen-usb-flash","9":"product_tag-transparent-usb-flash-drive-pen","10":"desktop-align-left","11":"tablet-align-left","12":"mobile-align-left","14":"first","15":"instock","16":"shipping-taxable","17":"product-type-simple"},"_links":{"self":[{"href":"https:\/\/www.usborkeychain.com\/pt\/wp-json\/wp\/v2\/product\/5248","targetHints":{"allow":["GET"]}}],"collection":[{"href":"https:\/\/www.usborkeychain.com\/pt\/wp-json\/wp\/v2\/product"}],"about":[{"href":"https:\/\/www.usborkeychain.com\/pt\/wp-json\/wp\/v2\/types\/product"}],"replies":[{"embeddable":true,"href":"https:\/\/www.usborkeychain.com\/pt\/wp-json\/wp\/v2\/comments?post=5248"}],"wp:featuredmedia":[{"embeddable":true,"href":"https:\/\/www.usborkeychain.com\/pt\/wp-json\/wp\/v2\/media\/5259"}],"wp:attachment":[{"href":"https:\/\/www.usborkeychain.com\/pt\/wp-json\/wp\/v2\/media?parent=5248"}],"wp:term":[{"taxonomy":"product_brand","embeddable":true,"href":"https:\/\/www.usborkeychain.com\/pt\/wp-json\/wp\/v2\/product_brand?post=5248"},{"taxonomy":"product_cat","embeddable":true,"href":"https:\/\/www.usborkeychain.com\/pt\/wp-json\/wp\/v2\/product_cat?post=5248"},{"taxonomy":"product_tag","embeddable":true,"href":"https:\/\/www.usborkeychain.com\/pt\/wp-json\/wp\/v2\/product_tag?post=5248"}],"curies":[{"name":"wp","href":"https:\/\/api.w.org\/{rel}","templated":true}]}}