{"id":5497,"date":"2025-08-01T10:40:59","date_gmt":"2025-08-01T10:40:59","guid":{"rendered":"https:\/\/www.usborkeychain.com\/?post_type=product&#038;p=5497"},"modified":"2025-08-16T03:07:19","modified_gmt":"2025-08-16T03:07:19","slug":"matte-2-in-1-usb-flash-drive-pen","status":"publish","type":"product","link":"https:\/\/www.usborkeychain.com\/pt\/produto\/matte-2-in-1-usb-flash-drive-pen\/","title":{"rendered":"Caneta com unidade flash USB 2 em 1 fosca"},"content":{"rendered":"<div class=\"wp-block-columns is-layout-flex wp-container-core-columns-is-layout-28f84493 wp-block-columns-is-layout-flex\">\n<div class=\"wp-block-column is-vertically-aligned-center is-layout-flow wp-block-column-is-layout-flow\">\n<p>Com seus atributos triplos de \"escrita + armazenamento + comunica\u00e7\u00e3o da marca\", o <strong>Caneta com unidade flash USB 2 em 1 fosca <\/strong>tornou-se um produto inovador que combina praticidade e valor de marketing. <\/p>\n\n\n\n<p>Esse produto usa a\u00e7o inoxid\u00e1vel como material principal, com um design coloidal preto \u00e0 prova d'\u00e1gua na cabe\u00e7a e incorpora tecnologia fosca. Ele n\u00e3o s\u00f3 garante a durabilidade, mas tamb\u00e9m confere uma textura delicada, o que o torna uma excelente op\u00e7\u00e3o para brindes corporativos personalizados.<\/p>\n<\/div>\n\n\n\n<div class=\"wp-block-column is-vertically-aligned-center is-layout-flow wp-block-column-is-layout-flow\">\n<figure class=\"wp-block-image size-full\"><img alt=\"\" fetchpriority=\"high\" decoding=\"async\" width=\"800\" height=\"800\" src=\"https:\/\/www.usborkeychain.com\/wp-content\/uploads\/b84e31a018ab495bbfa15f8e22090410.jpg\" class=\"wp-image-5501\" srcset=\"https:\/\/www.usborkeychain.com\/wp-content\/uploads\/b84e31a018ab495bbfa15f8e22090410.jpg 800w, https:\/\/www.usborkeychain.com\/wp-content\/uploads\/b84e31a018ab495bbfa15f8e22090410-300x300.jpg 300w, https:\/\/www.usborkeychain.com\/wp-content\/uploads\/b84e31a018ab495bbfa15f8e22090410-150x150.jpg 150w, https:\/\/www.usborkeychain.com\/wp-content\/uploads\/b84e31a018ab495bbfa15f8e22090410-768x768.jpg 768w, https:\/\/www.usborkeychain.com\/wp-content\/uploads\/b84e31a018ab495bbfa15f8e22090410-12x12.jpg 12w, https:\/\/www.usborkeychain.com\/wp-content\/uploads\/b84e31a018ab495bbfa15f8e22090410-600x600.jpg 600w, https:\/\/www.usborkeychain.com\/wp-content\/uploads\/b84e31a018ab495bbfa15f8e22090410-100x100.jpg 100w\" sizes=\"(max-width: 800px) 100vw, 800px\" \/><\/figure>\n<\/div>\n<\/div>\n\n\n\n<h2 class=\"wp-block-heading\">Fun\u00e7\u00f5es principais do produto<\/h2>\n\n\n\n<p>O <strong>Pen drive USB fosco<\/strong> \u00e9 um <strong>Caneta USB 2 em 1 t\u00edpica<\/strong>O sistema de armazenamento de dados USB \u00e9 um sistema de armazenamento de dados que integra as fun\u00e7\u00f5es de \"escrita com caneta esferogr\u00e1fica\" e \"armazenamento de dados USB\" em um s\u00f3:<\/p>\n\n\n\n<div class=\"wp-block-columns is-layout-flex wp-container-core-columns-is-layout-28f84493 wp-block-columns-is-layout-flex\">\n<div class=\"wp-block-column is-vertically-aligned-center is-layout-flow wp-block-column-is-layout-flow\">\n<figure class=\"wp-block-image size-full\"><img alt=\"\" decoding=\"async\" width=\"800\" height=\"800\" src=\"https:\/\/www.usborkeychain.com\/wp-content\/uploads\/Pen-USB-Flash-Drives-1.jpg\" class=\"wp-image-5503\" srcset=\"https:\/\/www.usborkeychain.com\/wp-content\/uploads\/Pen-USB-Flash-Drives-1.jpg 800w, https:\/\/www.usborkeychain.com\/wp-content\/uploads\/Pen-USB-Flash-Drives-1-300x300.jpg 300w, https:\/\/www.usborkeychain.com\/wp-content\/uploads\/Pen-USB-Flash-Drives-1-150x150.jpg 150w, https:\/\/www.usborkeychain.com\/wp-content\/uploads\/Pen-USB-Flash-Drives-1-768x768.jpg 768w, https:\/\/www.usborkeychain.com\/wp-content\/uploads\/Pen-USB-Flash-Drives-1-12x12.jpg 12w, https:\/\/www.usborkeychain.com\/wp-content\/uploads\/Pen-USB-Flash-Drives-1-600x600.jpg 600w, https:\/\/www.usborkeychain.com\/wp-content\/uploads\/Pen-USB-Flash-Drives-1-100x100.jpg 100w\" sizes=\"(max-width: 800px) 100vw, 800px\" \/><\/figure>\n<\/div>\n\n\n\n<div class=\"wp-block-column is-vertically-aligned-center is-layout-flow wp-block-column-is-layout-flow\">\n<h3 class=\"wp-block-heading\">1. Fun\u00e7\u00e3o de escrita: Conveniente e suave<\/h3>\n\n\n\n<p>A rota\u00e7\u00e3o da ponta met\u00e1lica na cabe\u00e7a do corpo da caneta permite que o refil se estenda e se retraia, atendendo \u00e0s necessidades de escrita em atas de reuni\u00f5es di\u00e1rias e negocia\u00e7\u00f5es comerciais. O refil usa tinta de alta qualidade, que escreve suavemente, seca rapidamente e resiste a borr\u00f5es, atendendo a cen\u00e1rios de uso com alta frequ\u00eancia.<\/p>\n\n\n\n<h3 class=\"wp-block-heading\">2. Fun\u00e7\u00e3o de armazenamento: Seguro e est\u00e1vel<\/h3>\n\n\n\n<p>O corpo da caneta tem um m\u00f3dulo USB integrado. O coloide preto na cabe\u00e7a apresenta propriedades \u00e0 prova d'\u00e1gua, anti-queda e \u00e0 prova de poeira, suportando leitura e grava\u00e7\u00e3o de dados em alta velocidade (compat\u00edvel com os protocolos USB 2.0\/3.0). Materiais como documentos, material did\u00e1tico e v\u00eddeos promocionais podem ser facilmente armazenados e acessados a qualquer momento.<\/p>\n\n\n\n<h3 class=\"wp-block-heading\">3. Vantagens da tecnologia Matte<\/h3>\n\n\n\n<p>O tratamento fosco da superf\u00edcie n\u00e3o s\u00f3 aumenta o conforto da ader\u00eancia, mas tamb\u00e9m tem as propriedades de resist\u00eancia ao desgaste, anti-impress\u00e3o digital e resist\u00eancia a arranh\u00f5es. Ele pode manter uma apar\u00eancia requintada mesmo ap\u00f3s o uso prolongado, alinhando-se com a busca do \"senso de qualidade\" nos cen\u00e1rios comerciais.<\/p>\n<\/div>\n<\/div>\n\n\n\n<h2 class=\"wp-block-heading\">A caneta USB pode ser personalizada com um logotipo?<\/h2>\n\n\n\n<figure class=\"wp-block-table\"><table class=\"has-fixed-layout\"><thead><tr><th>Processo de personaliza\u00e7\u00e3o<\/th><th>Recursos<\/th><\/tr><\/thead><tbody><tr><td>Serigrafia<\/td><td>Preferido para logotipos de uma \u00fanica cor, com cores brilhantes e baixo custo<\/td><\/tr><tr><td>Impress\u00e3o em bloco<\/td><td>Suporta gradientes multicoloridos com reprodu\u00e7\u00e3o de altos detalhes<\/td><\/tr><tr><td>Grava\u00e7\u00e3o a laser<\/td><td>Textura fosca, resistente ao desgaste e de alta qualidade<\/td><\/tr><tr><td>Impress\u00e3o em cores<\/td><td>Padr\u00f5es complexos\/desenhos coloridos com forte impacto visual<\/td><\/tr><\/tbody><\/table><\/figure>\n\n\n\n<h2 class=\"wp-block-heading\">Par\u00e2metros da caneta USB<\/h2>\n\n\n\n<figure class=\"wp-block-table\"><table class=\"has-fixed-layout\"><thead><tr><th>Item de par\u00e2metro<\/th><th>Detalhes<\/th><\/tr><\/thead><tbody><tr><td>Capacidade<\/td><td>8GB, 16GB, 32GB, 64GB<\/td><\/tr><tr><td>Dimens\u00f5es<\/td><td>146 mm de comprimento \u00d7 13 mm de di\u00e2metro<\/td><\/tr><tr><td>Peso<\/td><td>Aproximadamente 30 g (incluindo refil e m\u00f3dulo USB)<\/td><\/tr><tr><td>Cor<\/td><td>Cores regulares: preto, branco (com textura fosca); cores personalizadas dispon\u00edveis em qualquer cor Pantone<\/td><\/tr><tr><td>Material<\/td><td>Corpo da caneta: a\u00e7o inoxid\u00e1vel; cabe\u00e7a USB: coloide preto (grau \u00e0 prova d'\u00e1gua)<\/td><\/tr><tr><td>Protocolo de interface<\/td><td>USB 2.0<\/td><\/tr><tr><td>Configura\u00e7\u00e3o de grava\u00e7\u00e3o<\/td><td>Refil de caneta esferogr\u00e1fica de 0,5 mm (preto\/azul opcional, cores de refil personalizadas dispon\u00edveis)<\/td><\/tr><\/tbody><\/table><\/figure>\n\n\n\n<h2 class=\"wp-block-heading\">Para quais setores ele \u00e9 adequado?<\/h2>\n\n\n\n<ul class=\"wp-block-list\"><\/ul>\n\n\n\n<div class=\"wp-block-columns are-vertically-aligned-center is-layout-flex wp-container-core-columns-is-layout-28f84493 wp-block-columns-is-layout-flex\">\n<div class=\"wp-block-column is-vertically-aligned-center is-layout-flow wp-block-column-is-layout-flow\">\n<ul class=\"wp-block-list\">\n<li><strong>Institui\u00e7\u00f5es de servi\u00e7os financeiros (bancos, t\u00edtulos, seguros):<\/strong>\n<ul class=\"wp-block-list\">\n<li>Presentes comerciais de gerentes de contas para clientes de alto n\u00edvel para transmitir um senso de confian\u00e7a.<\/li>\n<\/ul>\n<\/li>\n\n\n\n<li><strong>Empresas de tecnologia e internet:<\/strong>\n<ul class=\"wp-block-list\">\n<li>Uma ferramenta poderosa para a promo\u00e7\u00e3o de exposi\u00e7\u00f5es<\/li>\n\n\n\n<li>Presentes comemorativos para funcion\u00e1rios\/brindes de integra\u00e7\u00e3o de novos funcion\u00e1rios<\/li>\n\n\n\n<li>Presentes para interc\u00e2mbios t\u00e9cnicos<\/li>\n<\/ul>\n<\/li>\n\n\n\n<li><strong>Institui\u00e7\u00f5es de servi\u00e7os profissionais e de consultoria (consultoria de gest\u00e3o, jur\u00eddica, cont\u00e1bil):<\/strong>\n<ul class=\"wp-block-list\">\n<li>Presentes de agradecimento para clientes importantes<\/li>\n\n\n\n<li>Presentes cerimoniais em cerim\u00f4nias de assinatura.<\/li>\n<\/ul>\n<\/li>\n\n\n\n<li><strong>Grandes empresas multinacionais e de manufatura:<\/strong>\n<ul class=\"wp-block-list\">\n<li>Lembran\u00e7as requintadas para confer\u00eancias de alto n\u00edvel e f\u00f3runs do setor.<\/li>\n<\/ul>\n<\/li>\n<\/ul>\n<\/div>\n\n\n\n<div class=\"wp-block-column is-vertically-aligned-center is-layout-flow wp-block-column-is-layout-flow\">\n<figure class=\"wp-block-image size-full\"><img alt=\"\" decoding=\"async\" width=\"800\" height=\"800\" src=\"https:\/\/www.usborkeychain.com\/wp-content\/uploads\/Ballpoint-pen-USB-drive.jpg\" class=\"wp-image-5502\" srcset=\"https:\/\/www.usborkeychain.com\/wp-content\/uploads\/Ballpoint-pen-USB-drive.jpg 800w, https:\/\/www.usborkeychain.com\/wp-content\/uploads\/Ballpoint-pen-USB-drive-300x300.jpg 300w, https:\/\/www.usborkeychain.com\/wp-content\/uploads\/Ballpoint-pen-USB-drive-150x150.jpg 150w, https:\/\/www.usborkeychain.com\/wp-content\/uploads\/Ballpoint-pen-USB-drive-768x768.jpg 768w, https:\/\/www.usborkeychain.com\/wp-content\/uploads\/Ballpoint-pen-USB-drive-12x12.jpg 12w, https:\/\/www.usborkeychain.com\/wp-content\/uploads\/Ballpoint-pen-USB-drive-600x600.jpg 600w, https:\/\/www.usborkeychain.com\/wp-content\/uploads\/Ballpoint-pen-USB-drive-100x100.jpg 100w\" sizes=\"(max-width: 800px) 100vw, 800px\" \/><\/figure>\n<\/div>\n<\/div>\n\n\n\n<div class=\"wp-block-columns is-layout-flex wp-container-core-columns-is-layout-28f84493 wp-block-columns-is-layout-flex\">\n<div class=\"wp-block-column is-layout-flow wp-block-column-is-layout-flow\">\n<figure class=\"wp-block-image size-full\"><img alt=\"\" loading=\"lazy\" decoding=\"async\" width=\"800\" height=\"735\" src=\"https:\/\/www.usborkeychain.com\/wp-content\/uploads\/2-in-1-ballpoint-pen-USB-stick.jpg\" class=\"wp-image-5500\" srcset=\"https:\/\/www.usborkeychain.com\/wp-content\/uploads\/2-in-1-ballpoint-pen-USB-stick.jpg 800w, https:\/\/www.usborkeychain.com\/wp-content\/uploads\/2-in-1-ballpoint-pen-USB-stick-300x276.jpg 300w, https:\/\/www.usborkeychain.com\/wp-content\/uploads\/2-in-1-ballpoint-pen-USB-stick-768x706.jpg 768w, https:\/\/www.usborkeychain.com\/wp-content\/uploads\/2-in-1-ballpoint-pen-USB-stick-13x12.jpg 13w, https:\/\/www.usborkeychain.com\/wp-content\/uploads\/2-in-1-ballpoint-pen-USB-stick-600x551.jpg 600w\" sizes=\"(max-width: 800px) 100vw, 800px\" \/><\/figure>\n<\/div>\n\n\n\n<div class=\"wp-block-column is-vertically-aligned-center is-layout-flow wp-block-column-is-layout-flow\">\n<p>O <strong>Caneta USB 2 em 1 fosca,<\/strong> com seu design de \"integra\u00e7\u00e3o funcional + personaliza\u00e7\u00e3o da marca\", rompe o atributo \u00fanico dos brindes tradicionais e se torna um portador duplo de \"ferramenta pr\u00e1tica + meio de comunica\u00e7\u00e3o da marca\" em cen\u00e1rios comerciais. Seja para promo\u00e7\u00e3o corporativa, reten\u00e7\u00e3o de clientes ou uso interno no escrit\u00f3rio, sua delicada tecnologia fosca, desempenho est\u00e1vel e solu\u00e7\u00f5es flex\u00edveis de personaliza\u00e7\u00e3o podem dar \u00e0 marca um poder de comunica\u00e7\u00e3o mais duradouro.<\/p>\n<\/div>\n<\/div>","protected":false},"excerpt":{"rendered":"<ul>\n<li>USB 2 em 1 t\u00edpico<\/li>\n<li>A\u00e7o inoxid\u00e1vel<\/li>\n<li>Coloide preto \u00e0 prova d'\u00e1gua<\/li>\n<li>Personaliza\u00e7\u00e3o da marca<\/li>\n<li>MOQ:100pcs<\/li>\n<\/ul>","protected":false},"featured_media":5501,"comment_status":"open","ping_status":"closed","template":"","meta":{"_seopress_robots_primary_cat":"","_seopress_titles_title":"","_seopress_titles_desc":"","_seopress_robots_index":"","site-sidebar-layout":"default","site-content-layout":"","ast-site-content-layout":"","site-content-style":"default","site-sidebar-style":"default","ast-global-header-display":"","ast-banner-title-visibility":"","ast-main-header-display":"","ast-hfb-above-header-display":"","ast-hfb-below-header-display":"","ast-hfb-mobile-header-display":"","site-post-title":"","ast-breadcrumbs-content":"","ast-featured-img":"","footer-sml-layout":"","theme-transparent-header-meta":"","adv-header-id-meta":"","stick-header-meta":"","header-above-stick-meta":"","header-main-stick-meta":"","header-below-stick-meta":"","astra-migrate-meta-layouts":"default","ast-page-background-enabled":"default","ast-page-background-meta":{"desktop":{"background-color":"var(--ast-global-color-5)","background-image":"","background-repeat":"repeat","background-position":"center center","background-size":"auto","background-attachment":"scroll","background-type":"","background-media":"","overlay-type":"","overlay-color":"","overlay-opacity":"","overlay-gradient":""},"tablet":{"background-color":"","background-image":"","background-repeat":"repeat","background-position":"center center","background-size":"auto","background-attachment":"scroll","background-type":"","background-media":"","overlay-type":"","overlay-color":"","overlay-opacity":"","overlay-gradient":""},"mobile":{"background-color":"","background-image":"","background-repeat":"repeat","background-position":"center center","background-size":"auto","background-attachment":"scroll","background-type":"","background-media":"","overlay-type":"","overlay-color":"","overlay-opacity":"","overlay-gradient":""}},"ast-content-background-meta":{"desktop":{"background-color":"var(--ast-global-color-4)","background-image":"","background-repeat":"repeat","background-position":"center center","background-size":"auto","background-attachment":"scroll","background-type":"","background-media":"","overlay-type":"","overlay-color":"","overlay-opacity":"","overlay-gradient":""},"tablet":{"background-color":"var(--ast-global-color-4)","background-image":"","background-repeat":"repeat","background-position":"center center","background-size":"auto","background-attachment":"scroll","background-type":"","background-media":"","overlay-type":"","overlay-color":"","overlay-opacity":"","overlay-gradient":""},"mobile":{"background-color":"var(--ast-global-color-4)","background-image":"","background-repeat":"repeat","background-position":"center center","background-size":"auto","background-attachment":"scroll","background-type":"","background-media":"","overlay-type":"","overlay-color":"","overlay-opacity":"","overlay-gradient":""}}},"product_brand":[],"product_cat":[100,103],"product_tag":[334,340,331],"class_list":{"0":"post-5497","1":"product","2":"type-product","3":"status-publish","4":"has-post-thumbnail","6":"product_cat-usb-drive-with-pen","7":"product_cat-usb2-0-usb-pendrive","8":"product_tag-2-in-1-ballpoint-pen-usb-drive-2","9":"product_tag-matte-2-in-1-usb-flash-drive-pen","10":"product_tag-usb-flash-drive-with-stylus-pen","11":"desktop-align-left","12":"tablet-align-left","13":"mobile-align-left","15":"first","16":"instock","17":"shipping-taxable","18":"product-type-simple"},"_links":{"self":[{"href":"https:\/\/www.usborkeychain.com\/pt\/wp-json\/wp\/v2\/product\/5497","targetHints":{"allow":["GET"]}}],"collection":[{"href":"https:\/\/www.usborkeychain.com\/pt\/wp-json\/wp\/v2\/product"}],"about":[{"href":"https:\/\/www.usborkeychain.com\/pt\/wp-json\/wp\/v2\/types\/product"}],"replies":[{"embeddable":true,"href":"https:\/\/www.usborkeychain.com\/pt\/wp-json\/wp\/v2\/comments?post=5497"}],"wp:featuredmedia":[{"embeddable":true,"href":"https:\/\/www.usborkeychain.com\/pt\/wp-json\/wp\/v2\/media\/5501"}],"wp:attachment":[{"href":"https:\/\/www.usborkeychain.com\/pt\/wp-json\/wp\/v2\/media?parent=5497"}],"wp:term":[{"taxonomy":"product_brand","embeddable":true,"href":"https:\/\/www.usborkeychain.com\/pt\/wp-json\/wp\/v2\/product_brand?post=5497"},{"taxonomy":"product_cat","embeddable":true,"href":"https:\/\/www.usborkeychain.com\/pt\/wp-json\/wp\/v2\/product_cat?post=5497"},{"taxonomy":"product_tag","embeddable":true,"href":"https:\/\/www.usborkeychain.com\/pt\/wp-json\/wp\/v2\/product_tag?post=5497"}],"curies":[{"name":"wp","href":"https:\/\/api.w.org\/{rel}","templated":true}]}}