{"id":5504,"date":"2025-08-01T10:44:15","date_gmt":"2025-08-01T10:44:15","guid":{"rendered":"https:\/\/www.usborkeychain.com\/?post_type=product&#038;p=5504"},"modified":"2025-08-01T10:44:19","modified_gmt":"2025-08-01T10:44:19","slug":"simpars-custom-puppy-shaped-pvc-usb-drive","status":"publish","type":"product","link":"https:\/\/www.usborkeychain.com\/pt\/produto\/simpars-custom-puppy-shaped-pvc-usb-drive\/","title":{"rendered":"Unidade USB de PVC personalizada em formato de cachorro da SIMPAR"},"content":{"rendered":"<h3 class=\"wp-block-heading\">1. Brinde com a marca da SIMPAR<\/h3>\n\n\n\n<p>Isso&nbsp;<strong>Unidade USB de borracha macia de PVC em formato de filhote de cachorro<\/strong>&nbsp;\u00e9 um brinde promocional personalizado, criado exclusivamente para e por&nbsp;<strong>SIMPAR<\/strong>. Os nomes das marcas \"SIMPAR\" e \"renewabletab\" s\u00e3o exibidos com destaque na unidade, transformando um acess\u00f3rio digital em um mensageiro de marca exclusivo.<\/p>\n\n\n\n<div class=\"wp-block-columns is-layout-flex wp-container-core-columns-is-layout-28f84493 wp-block-columns-is-layout-flex\">\n<div class=\"wp-block-column is-layout-flow wp-block-column-is-layout-flow\">\n<figure class=\"wp-block-image size-full\"><img alt=\"\" fetchpriority=\"high\" decoding=\"async\" width=\"800\" height=\"800\" src=\"https:\/\/www.usborkeychain.com\/wp-content\/uploads\/custom-dog-shaped-flash-disk.png\" class=\"wp-image-5519\" srcset=\"https:\/\/www.usborkeychain.com\/wp-content\/uploads\/custom-dog-shaped-flash-disk.png 800w, https:\/\/www.usborkeychain.com\/wp-content\/uploads\/custom-dog-shaped-flash-disk-300x300.png 300w, https:\/\/www.usborkeychain.com\/wp-content\/uploads\/custom-dog-shaped-flash-disk-150x150.png 150w, https:\/\/www.usborkeychain.com\/wp-content\/uploads\/custom-dog-shaped-flash-disk-768x768.png 768w, https:\/\/www.usborkeychain.com\/wp-content\/uploads\/custom-dog-shaped-flash-disk-12x12.png 12w, https:\/\/www.usborkeychain.com\/wp-content\/uploads\/custom-dog-shaped-flash-disk-600x600.png 600w, https:\/\/www.usborkeychain.com\/wp-content\/uploads\/custom-dog-shaped-flash-disk-100x100.png 100w\" sizes=\"(max-width: 800px) 100vw, 800px\" \/><\/figure>\n<\/div>\n\n\n\n<div class=\"wp-block-column is-layout-flow wp-block-column-is-layout-flow\">\n<figure class=\"wp-block-image size-full\"><img alt=\"\" decoding=\"async\" width=\"800\" height=\"800\" src=\"https:\/\/www.usborkeychain.com\/wp-content\/uploads\/white-dog-usb-drive.png\" class=\"wp-image-5518\" srcset=\"https:\/\/www.usborkeychain.com\/wp-content\/uploads\/white-dog-usb-drive.png 800w, https:\/\/www.usborkeychain.com\/wp-content\/uploads\/white-dog-usb-drive-300x300.png 300w, https:\/\/www.usborkeychain.com\/wp-content\/uploads\/white-dog-usb-drive-150x150.png 150w, https:\/\/www.usborkeychain.com\/wp-content\/uploads\/white-dog-usb-drive-768x768.png 768w, https:\/\/www.usborkeychain.com\/wp-content\/uploads\/white-dog-usb-drive-12x12.png 12w, https:\/\/www.usborkeychain.com\/wp-content\/uploads\/white-dog-usb-drive-600x600.png 600w, https:\/\/www.usborkeychain.com\/wp-content\/uploads\/white-dog-usb-drive-100x100.png 100w\" sizes=\"(max-width: 800px) 100vw, 800px\" \/><\/figure>\n<\/div>\n<\/div>\n\n\n\n<h3 class=\"wp-block-heading\">2. Detalhes do projeto e do material<\/h3>\n\n\n\n<p>Fabricado com&nbsp;<strong>Borracha macia de PVC<\/strong>A unidade USB possui um&nbsp;<strong>silhueta plana 2D de um filhote de cachorro<\/strong>:<\/p>\n\n\n\n<ul class=\"wp-block-list\">\n<li>A base branca \u00e9 flex\u00edvel, resistente a quedas e dur\u00e1vel, mantendo sua forma mesmo ap\u00f3s o uso prolongado.<\/li>\n\n\n\n<li>Por meio de\u00a0<strong>tecnologia de prensagem de moldes<\/strong>,\u00a0<strong>3D - texto \"SIMPAR\" colorido<\/strong>A letra \"renewabletab\", em cinza, e os padr\u00f5es marrons da cauda e das patas do cachorro est\u00e3o perfeitamente integrados. Isso faz com que os elementos da marca se misturem perfeitamente com o design bonito, criando um forte impacto visual.<\/li>\n<\/ul>\n\n\n\n<h3 class=\"wp-block-heading\">3. O que a SIMPAR faz?<\/h3>\n\n\n\n<p>O termo \"renewabletab\" (uma combina\u00e7\u00e3o de \"renewable\" (renov\u00e1vel) e \"tab\" (aba), sugerindo uma \u00e1rea focada) d\u00e1 a entender que&nbsp;<strong>A SIMPAR atua na \u00e1rea de sustentabilidade<\/strong>. Ela pode estar profundamente envolvida em P&amp;D de energia renov\u00e1vel, defesa da prote\u00e7\u00e3o ambiental ou solu\u00e7\u00f5es de economia circular, esfor\u00e7ando-se para promover o desenvolvimento verde por meio de abordagens inovadoras.<\/p>\n\n\n\n<div class=\"wp-block-columns is-layout-flex wp-container-core-columns-is-layout-28f84493 wp-block-columns-is-layout-flex\">\n<div class=\"wp-block-column is-layout-flow wp-block-column-is-layout-flow\">\n<figure class=\"wp-block-image size-full\"><img alt=\"\" decoding=\"async\" width=\"800\" height=\"800\" src=\"https:\/\/www.usborkeychain.com\/wp-content\/uploads\/simpar-usb-flash-drive-dog-shaped.png\" class=\"wp-image-5522\" srcset=\"https:\/\/www.usborkeychain.com\/wp-content\/uploads\/simpar-usb-flash-drive-dog-shaped.png 800w, https:\/\/www.usborkeychain.com\/wp-content\/uploads\/simpar-usb-flash-drive-dog-shaped-300x300.png 300w, https:\/\/www.usborkeychain.com\/wp-content\/uploads\/simpar-usb-flash-drive-dog-shaped-150x150.png 150w, https:\/\/www.usborkeychain.com\/wp-content\/uploads\/simpar-usb-flash-drive-dog-shaped-768x768.png 768w, https:\/\/www.usborkeychain.com\/wp-content\/uploads\/simpar-usb-flash-drive-dog-shaped-12x12.png 12w, https:\/\/www.usborkeychain.com\/wp-content\/uploads\/simpar-usb-flash-drive-dog-shaped-600x600.png 600w, https:\/\/www.usborkeychain.com\/wp-content\/uploads\/simpar-usb-flash-drive-dog-shaped-100x100.png 100w\" sizes=\"(max-width: 800px) 100vw, 800px\" \/><\/figure>\n<\/div>\n\n\n\n<div class=\"wp-block-column is-layout-flow wp-block-column-is-layout-flow\">\n<figure class=\"wp-block-image size-full\"><img alt=\"\" loading=\"lazy\" decoding=\"async\" width=\"800\" height=\"800\" src=\"https:\/\/www.usborkeychain.com\/wp-content\/uploads\/dog-shaped-usb-flash-drive.png\" class=\"wp-image-5520\" srcset=\"https:\/\/www.usborkeychain.com\/wp-content\/uploads\/dog-shaped-usb-flash-drive.png 800w, https:\/\/www.usborkeychain.com\/wp-content\/uploads\/dog-shaped-usb-flash-drive-300x300.png 300w, https:\/\/www.usborkeychain.com\/wp-content\/uploads\/dog-shaped-usb-flash-drive-150x150.png 150w, https:\/\/www.usborkeychain.com\/wp-content\/uploads\/dog-shaped-usb-flash-drive-768x768.png 768w, https:\/\/www.usborkeychain.com\/wp-content\/uploads\/dog-shaped-usb-flash-drive-12x12.png 12w, https:\/\/www.usborkeychain.com\/wp-content\/uploads\/dog-shaped-usb-flash-drive-600x600.png 600w, https:\/\/www.usborkeychain.com\/wp-content\/uploads\/dog-shaped-usb-flash-drive-100x100.png 100w\" sizes=\"(max-width: 800px) 100vw, 800px\" \/><\/figure>\n<\/div>\n<\/div>\n\n\n\n<h3 class=\"wp-block-heading\">4. Objetivos dessa unidade USB personalizada<\/h3>\n\n\n\n<ul class=\"wp-block-list\">\n<li><strong>Aumente a visibilidade da marca<\/strong>: O design ador\u00e1vel do filhote de cachorro rompe a imagem mon\u00f3tona dos produtos digitais. Durante feiras e compromissos comerciais, ele chama facilmente a aten\u00e7\u00e3o das pessoas e refor\u00e7a a lembran\u00e7a da marca \"SIMPAR\".<\/li>\n\n\n\n<li><strong>Transmitir os valores da marca<\/strong>: Vinculado ao conceito de prote\u00e7\u00e3o ambiental por meio do \"renewabletab\", o pen drive comunica sutilmente o compromisso da empresa com a sustentabilidade aos clientes e parceiros, aprofundando o reconhecimento da marca.<\/li>\n\n\n\n<li><strong>Mesclar com o uso di\u00e1rio<\/strong>: Como brindes para eventos ou benef\u00edcios para clientes, ele atende \u00e0s necessidades de armazenamento de dados e transfer\u00eancia de arquivos. Dessa forma, a marca permanece com os usu\u00e1rios tanto no trabalho quanto na vida cotidiana, criando continuamente boa vontade.<\/li>\n<\/ul>\n\n\n\n<h3 class=\"wp-block-heading\">5. Conclus\u00e3o: Pequena unidade, grande impacto<\/h3>\n\n\n\n<p>Essa unidade USB personalizada, centrada em&nbsp;<strong>\"Design bonito + personaliza\u00e7\u00e3o da marca + fun\u00e7\u00e3o pr\u00e1tica\"<\/strong>O produto, al\u00e9m de ser uma vitrine da filosofia e da simpatia da marca SIMPAR, tamb\u00e9m \u00e9 um exemplo de \"marketing de borracha macia\" inovador. Isso prova que um pequeno gadget digital pode efetivamente carregar o valor da marca e se conectar com os usu\u00e1rios, tornando a comunica\u00e7\u00e3o da marca mais v\u00edvida e duradoura.<\/p>","protected":false},"excerpt":{"rendered":"<ul>\n<li>Material de PVC<\/li>\n<li>Usb em forma de cachorro<\/li>\n<li>Design 2D<\/li>\n<li>MOQ:100pcs<\/li>\n<li>Brinde da SIMPAR<\/li>\n<\/ul>","protected":false},"featured_media":5519,"comment_status":"open","ping_status":"closed","template":"","meta":{"_seopress_robots_primary_cat":"","_seopress_titles_title":"","_seopress_titles_desc":"","_seopress_robots_index":"","site-sidebar-layout":"default","site-content-layout":"","ast-site-content-layout":"","site-content-style":"default","site-sidebar-style":"default","ast-global-header-display":"","ast-banner-title-visibility":"","ast-main-header-display":"","ast-hfb-above-header-display":"","ast-hfb-below-header-display":"","ast-hfb-mobile-header-display":"","site-post-title":"","ast-breadcrumbs-content":"","ast-featured-img":"","footer-sml-layout":"","theme-transparent-header-meta":"","adv-header-id-meta":"","stick-header-meta":"","header-above-stick-meta":"","header-main-stick-meta":"","header-below-stick-meta":"","astra-migrate-meta-layouts":"default","ast-page-background-enabled":"default","ast-page-background-meta":{"desktop":{"background-color":"var(--ast-global-color-5)","background-image":"","background-repeat":"repeat","background-position":"center center","background-size":"auto","background-attachment":"scroll","background-type":"","background-media":"","overlay-type":"","overlay-color":"","overlay-opacity":"","overlay-gradient":""},"tablet":{"background-color":"","background-image":"","background-repeat":"repeat","background-position":"center center","background-size":"auto","background-attachment":"scroll","background-type":"","background-media":"","overlay-type":"","overlay-color":"","overlay-opacity":"","overlay-gradient":""},"mobile":{"background-color":"","background-image":"","background-repeat":"repeat","background-position":"center center","background-size":"auto","background-attachment":"scroll","background-type":"","background-media":"","overlay-type":"","overlay-color":"","overlay-opacity":"","overlay-gradient":""}},"ast-content-background-meta":{"desktop":{"background-color":"var(--ast-global-color-4)","background-image":"","background-repeat":"repeat","background-position":"center center","background-size":"auto","background-attachment":"scroll","background-type":"","background-media":"","overlay-type":"","overlay-color":"","overlay-opacity":"","overlay-gradient":""},"tablet":{"background-color":"var(--ast-global-color-4)","background-image":"","background-repeat":"repeat","background-position":"center center","background-size":"auto","background-attachment":"scroll","background-type":"","background-media":"","overlay-type":"","overlay-color":"","overlay-opacity":"","overlay-gradient":""},"mobile":{"background-color":"var(--ast-global-color-4)","background-image":"","background-repeat":"repeat","background-position":"center center","background-size":"auto","background-attachment":"scroll","background-type":"","background-media":"","overlay-type":"","overlay-color":"","overlay-opacity":"","overlay-gradient":""}}},"product_brand":[],"product_cat":[95],"product_tag":[],"class_list":{"0":"post-5504","1":"product","2":"type-product","3":"status-publish","4":"has-post-thumbnail","6":"product_cat-promotional-usb-drive","7":"desktop-align-left","8":"tablet-align-left","9":"mobile-align-left","11":"first","12":"instock","13":"shipping-taxable","14":"product-type-simple"},"_links":{"self":[{"href":"https:\/\/www.usborkeychain.com\/pt\/wp-json\/wp\/v2\/product\/5504","targetHints":{"allow":["GET"]}}],"collection":[{"href":"https:\/\/www.usborkeychain.com\/pt\/wp-json\/wp\/v2\/product"}],"about":[{"href":"https:\/\/www.usborkeychain.com\/pt\/wp-json\/wp\/v2\/types\/product"}],"replies":[{"embeddable":true,"href":"https:\/\/www.usborkeychain.com\/pt\/wp-json\/wp\/v2\/comments?post=5504"}],"wp:featuredmedia":[{"embeddable":true,"href":"https:\/\/www.usborkeychain.com\/pt\/wp-json\/wp\/v2\/media\/5519"}],"wp:attachment":[{"href":"https:\/\/www.usborkeychain.com\/pt\/wp-json\/wp\/v2\/media?parent=5504"}],"wp:term":[{"taxonomy":"product_brand","embeddable":true,"href":"https:\/\/www.usborkeychain.com\/pt\/wp-json\/wp\/v2\/product_brand?post=5504"},{"taxonomy":"product_cat","embeddable":true,"href":"https:\/\/www.usborkeychain.com\/pt\/wp-json\/wp\/v2\/product_cat?post=5504"},{"taxonomy":"product_tag","embeddable":true,"href":"https:\/\/www.usborkeychain.com\/pt\/wp-json\/wp\/v2\/product_tag?post=5504"}],"curies":[{"name":"wp","href":"https:\/\/api.w.org\/{rel}","templated":true}]}}