{"id":5562,"date":"2025-08-02T14:33:20","date_gmt":"2025-08-02T14:33:20","guid":{"rendered":"https:\/\/www.usborkeychain.com\/?post_type=product&#038;p=5562"},"modified":"2025-08-02T16:17:54","modified_gmt":"2025-08-02T16:17:54","slug":"magnetic-flap-leather-usb-flash-drive","status":"publish","type":"product","link":"https:\/\/www.usborkeychain.com\/pt\/produto\/magnetic-flap-leather-usb-flash-drive\/","title":{"rendered":"Unidade flash USB de couro com aba magn\u00e9tica"},"content":{"rendered":"<div class=\"wp-block-columns is-layout-flex wp-container-core-columns-is-layout-28f84493 wp-block-columns-is-layout-flex\">\n<div class=\"wp-block-column is-vertically-aligned-center is-layout-flow wp-block-column-is-layout-flow\">\n<p>O <strong>Unidade flash USB de couro com aba magn\u00e9tica<\/strong> apresenta uma \"estrutura magn\u00e9tica de tampa articulada\" como seu n\u00facleo. Ela adota um processo de moldagem de pe\u00e7a \u00fanica de liga de alum\u00ednio-magn\u00e9sio, passa por tratamentos de jateamento de areia e galvanoplastia, resultando em uma superf\u00edcie resistente ao desgaste e a arranh\u00f5es. A interface USB \u00e9 equipada com um revestimento antioxidante integrado (com uma vida \u00fatil de plug-in\/pull-out de \u2265 10.000 vezes), o que garante uma transmiss\u00e3o de dados est\u00e1vel a longo prazo.<\/p>\n\n\n\n<h2 class=\"wp-block-heading\">Estojo de couro:<\/h2>\n\n\n\n<p>Detalhes da fabrica\u00e7\u00e3o: As bordas adotam uma t\u00e9cnica de costura de ponto duplo (dist\u00e2ncia do ponto \u2264 2 mm) para aumentar a estabilidade estrutural, eliminar o risco de afrouxamento da linha e melhorar a delicadeza visual.<\/p>\n\n\n\n<p>Modelo b\u00e1sico: Couro PU de alta densidade selecionado (flex\u00edvel, resistente a respingos, com controle de custo, adequado para compras em grandes quantidades);<\/p>\n\n\n\n<p>Modelo Premium: Couro bovino de gr\u00e3o superior personalizado (textura natural, toque agrad\u00e1vel \u00e0 pele, adequado para cen\u00e1rios de neg\u00f3cios de alto n\u00edvel);<\/p>\n<\/div>\n\n\n\n<div class=\"wp-block-column is-vertically-aligned-center is-layout-flow wp-block-column-is-layout-flow\">\n<figure class=\"wp-block-image size-full\"><img alt=\"\" fetchpriority=\"high\" decoding=\"async\" width=\"800\" height=\"800\" src=\"https:\/\/www.usborkeychain.com\/wp-content\/uploads\/Premium-Leather-USB-Flash-Drive.png\" class=\"wp-image-5572\" srcset=\"https:\/\/www.usborkeychain.com\/wp-content\/uploads\/Premium-Leather-USB-Flash-Drive.png 800w, https:\/\/www.usborkeychain.com\/wp-content\/uploads\/Premium-Leather-USB-Flash-Drive-300x300.png 300w, https:\/\/www.usborkeychain.com\/wp-content\/uploads\/Premium-Leather-USB-Flash-Drive-150x150.png 150w, https:\/\/www.usborkeychain.com\/wp-content\/uploads\/Premium-Leather-USB-Flash-Drive-768x768.png 768w, https:\/\/www.usborkeychain.com\/wp-content\/uploads\/Premium-Leather-USB-Flash-Drive-12x12.png 12w, https:\/\/www.usborkeychain.com\/wp-content\/uploads\/Premium-Leather-USB-Flash-Drive-600x600.png 600w, https:\/\/www.usborkeychain.com\/wp-content\/uploads\/Premium-Leather-USB-Flash-Drive-100x100.png 100w\" sizes=\"(max-width: 800px) 100vw, 800px\" \/><\/figure>\n<\/div>\n<\/div>\n\n\n\n<div class=\"wp-block-columns are-vertically-aligned-center is-layout-flex wp-container-core-columns-is-layout-28f84493 wp-block-columns-is-layout-flex\">\n<div class=\"wp-block-column is-vertically-aligned-center is-layout-flow wp-block-column-is-layout-flow\">\n<figure class=\"wp-block-image size-full\"><img alt=\"\" decoding=\"async\" width=\"800\" height=\"800\" src=\"https:\/\/www.usborkeychain.com\/wp-content\/uploads\/Magnetic-Flap-Leather-USB-Flash-Drive.png\" class=\"wp-image-5570\" srcset=\"https:\/\/www.usborkeychain.com\/wp-content\/uploads\/Magnetic-Flap-Leather-USB-Flash-Drive.png 800w, https:\/\/www.usborkeychain.com\/wp-content\/uploads\/Magnetic-Flap-Leather-USB-Flash-Drive-300x300.png 300w, https:\/\/www.usborkeychain.com\/wp-content\/uploads\/Magnetic-Flap-Leather-USB-Flash-Drive-150x150.png 150w, https:\/\/www.usborkeychain.com\/wp-content\/uploads\/Magnetic-Flap-Leather-USB-Flash-Drive-768x768.png 768w, https:\/\/www.usborkeychain.com\/wp-content\/uploads\/Magnetic-Flap-Leather-USB-Flash-Drive-12x12.png 12w, https:\/\/www.usborkeychain.com\/wp-content\/uploads\/Magnetic-Flap-Leather-USB-Flash-Drive-600x600.png 600w, https:\/\/www.usborkeychain.com\/wp-content\/uploads\/Magnetic-Flap-Leather-USB-Flash-Drive-100x100.png 100w\" sizes=\"(max-width: 800px) 100vw, 800px\" \/><\/figure>\n<\/div>\n\n\n\n<div class=\"wp-block-column is-vertically-aligned-center is-layout-flow wp-block-column-is-layout-flow\">\n<h3 class=\"wp-block-heading\">Principais vantagens<\/h3>\n\n\n\n<ul class=\"wp-block-list\">\n<li>Sistema de fechamento magn\u00e9tico: A capa flip de couro \u00e9 incorporada a um forte \u00edm\u00e3 de neod\u00edmio-ferro-boro (for\u00e7a de adsor\u00e7\u00e3o \u2265 1,5N), que se encaixa com precis\u00e3o no corpo de metal, garantindo um fechamento seguro e uma abertura\/fechamento suave sem afrouxamento ou falha do \u00edm\u00e3.<\/li>\n\n\n\n<li>Experi\u00eancia sem tampa: A interface USB fica oculta dentro da tampa flip de couro. Quando estiver em uso, basta virar a capa de couro para conect\u00e1-la diretamente ao dispositivo, eliminando completamente o problema de \"perder a tampa\"; quando fechada, ela envolve totalmente a interface, evitando poeira e arranh\u00f5es.<\/li>\n\n\n\n<li>Adaptabilidade ao cen\u00e1rio: O design que combina um estojo de couro costurado com uma textura met\u00e1lica \u00e9 o modelo cl\u00e1ssico mais aceito pelo mercado na categoria de unidades USB com estojo de couro.<\/li>\n<\/ul>\n<\/div>\n<\/div>\n\n\n\n<h2 class=\"wp-block-heading\">Quais personaliza\u00e7\u00f5es s\u00e3o compat\u00edveis com a unidade flash USB de couro com fecho magn\u00e9tico?<\/h2>\n\n\n\n<h3 class=\"wp-block-heading\">1. Personaliza\u00e7\u00e3o do logotipo na superf\u00edcie do couro<\/h3>\n\n\n\n<figure class=\"wp-block-table\"><table class=\"has-fixed-layout\"><thead><tr><th>Tipo de artesanato<\/th><th>Cen\u00e1rios aplic\u00e1veis<\/th><th>Recursos de efeito<\/th><\/tr><\/thead><tbody><tr><td>Grava\u00e7\u00e3o a laser<\/td><td>Texto fino, LOGOTIPO simples<\/td><td>Acabamento fosco, linhas claras<\/td><\/tr><tr><td>Hot Stamping<\/td><td>LOGO tridimensional, logotipos de marcas<\/td><td>Textura em relevo, toque proeminente<\/td><\/tr><tr><td>Serigrafia<\/td><td>Padr\u00f5es coloridos, desenhos em gradiente<\/td><td>Cores vibrantes, alta qualidade de imagem<\/td><\/tr><tr><td>Estampagem em folha de ouro\/prata<\/td><td>Neg\u00f3cios de alto n\u00edvel, estilos luxuosos<\/td><td>Brilho met\u00e1lico, grau aprimorado<\/td><\/tr><\/tbody><\/table><\/figure>\n\n\n\n<div class=\"wp-block-columns is-layout-flex wp-container-core-columns-is-layout-28f84493 wp-block-columns-is-layout-flex\">\n<div class=\"wp-block-column is-layout-flow wp-block-column-is-layout-flow\">\n<h3 class=\"wp-block-heading\">2. Materiais de couro<\/h3>\n\n\n\n<ul class=\"wp-block-list\">\n<li>Couro: Al\u00e9m do couro bovino de gr\u00e3o superior e do PU, h\u00e1 suporte para texturas especiais personalizadas (como padr\u00e3o de crocodilo, couro de cavalo louco) e couro ecol\u00f3gico (materiais biodegrad\u00e1veis).<\/li>\n<\/ul>\n\n\n\n<figure class=\"wp-block-image size-full\"><img alt=\"\" decoding=\"async\" width=\"800\" height=\"800\" src=\"https:\/\/www.usborkeychain.com\/wp-content\/uploads\/usb-flash-drive-leather-case.png\" class=\"wp-image-5573\" srcset=\"https:\/\/www.usborkeychain.com\/wp-content\/uploads\/usb-flash-drive-leather-case.png 800w, https:\/\/www.usborkeychain.com\/wp-content\/uploads\/usb-flash-drive-leather-case-300x300.png 300w, https:\/\/www.usborkeychain.com\/wp-content\/uploads\/usb-flash-drive-leather-case-150x150.png 150w, https:\/\/www.usborkeychain.com\/wp-content\/uploads\/usb-flash-drive-leather-case-768x768.png 768w, https:\/\/www.usborkeychain.com\/wp-content\/uploads\/usb-flash-drive-leather-case-12x12.png 12w, https:\/\/www.usborkeychain.com\/wp-content\/uploads\/usb-flash-drive-leather-case-600x600.png 600w, https:\/\/www.usborkeychain.com\/wp-content\/uploads\/usb-flash-drive-leather-case-100x100.png 100w\" sizes=\"(max-width: 800px) 100vw, 800px\" \/><\/figure>\n<\/div>\n\n\n\n<div class=\"wp-block-column is-layout-flow wp-block-column-is-layout-flow\">\n<h3 class=\"wp-block-heading\">3. Personaliza\u00e7\u00e3o de cores<\/h3>\n\n\n\n<ul class=\"wp-block-list\">\n<li>Abrange toda a gama de cores Pantone, apoiando a correspond\u00eancia de cores corporativas VI exclusivas (como cores padr\u00e3o da marca, cores do tema do evento) para atender \u00e0s necessidades visuais personalizadas.<\/li>\n<\/ul>\n\n\n\n<figure class=\"wp-block-image size-full\"><img alt=\"\" loading=\"lazy\" decoding=\"async\" width=\"800\" height=\"800\" src=\"https:\/\/www.usborkeychain.com\/wp-content\/uploads\/Leather-USB-Flash-Drives.png\" class=\"wp-image-5569\" srcset=\"https:\/\/www.usborkeychain.com\/wp-content\/uploads\/Leather-USB-Flash-Drives.png 800w, https:\/\/www.usborkeychain.com\/wp-content\/uploads\/Leather-USB-Flash-Drives-300x300.png 300w, https:\/\/www.usborkeychain.com\/wp-content\/uploads\/Leather-USB-Flash-Drives-150x150.png 150w, https:\/\/www.usborkeychain.com\/wp-content\/uploads\/Leather-USB-Flash-Drives-768x768.png 768w, https:\/\/www.usborkeychain.com\/wp-content\/uploads\/Leather-USB-Flash-Drives-12x12.png 12w, https:\/\/www.usborkeychain.com\/wp-content\/uploads\/Leather-USB-Flash-Drives-600x600.png 600w, https:\/\/www.usborkeychain.com\/wp-content\/uploads\/Leather-USB-Flash-Drives-100x100.png 100w\" sizes=\"(max-width: 800px) 100vw, 800px\" \/><\/figure>\n<\/div>\n<\/div>\n\n\n\n<h2 class=\"wp-block-heading\">Par\u00e2metros da unidade USB<\/h2>\n\n\n\n<figure class=\"wp-block-table\"><table class=\"has-fixed-layout\"><thead><tr><th>Categoria<\/th><th>Par\u00e2metros t\u00e9cnicos<\/th><\/tr><\/thead><tbody><tr><td>Capacidade<\/td><td>8GB \/ 16GB \/ 32GB \/ 64GB \/ 128GB<\/td><\/tr><tr><td>Dimens\u00f5es (C \u00d7 L \u00d7 A)<\/td><td>60 mm \u00d7 25 mm \u00d7 18 mm<\/td><\/tr><tr><td>Protocolo de interface<\/td><td>USB 2.0 (compat\u00edvel com USB 3.0)<\/td><\/tr><tr><td>Peso<\/td><td>Aproximadamente 22 g (incluindo o estojo de couro)<\/td><\/tr><tr><td>Resist\u00eancia \u00e0 \u00e1gua<\/td><td>Resistente a respingos de \u00e1gua na superf\u00edcie do couro (classifica\u00e7\u00e3o IP42)<\/td><\/tr><\/tbody><\/table><\/figure>\n\n\n\n<div class=\"wp-block-columns is-layout-flex wp-container-core-columns-is-layout-28f84493 wp-block-columns-is-layout-flex\">\n<div class=\"wp-block-column is-layout-flow wp-block-column-is-layout-flow\"><\/div>\n<\/div>\n\n\n\n<h2 class=\"wp-block-heading\">Cen\u00e1rios aplic\u00e1veis<\/h2>\n\n\n\n<div class=\"wp-block-columns is-layout-flex wp-container-core-columns-is-layout-28f84493 wp-block-columns-is-layout-flex\">\n<div class=\"wp-block-column is-layout-flow wp-block-column-is-layout-flow\">\n<figure class=\"wp-block-image size-full\"><img alt=\"\" loading=\"lazy\" decoding=\"async\" width=\"800\" height=\"800\" src=\"https:\/\/www.usborkeychain.com\/wp-content\/uploads\/metal-leather-usb-flash-drive.png\" class=\"wp-image-5571\" srcset=\"https:\/\/www.usborkeychain.com\/wp-content\/uploads\/metal-leather-usb-flash-drive.png 800w, https:\/\/www.usborkeychain.com\/wp-content\/uploads\/metal-leather-usb-flash-drive-300x300.png 300w, https:\/\/www.usborkeychain.com\/wp-content\/uploads\/metal-leather-usb-flash-drive-150x150.png 150w, https:\/\/www.usborkeychain.com\/wp-content\/uploads\/metal-leather-usb-flash-drive-768x768.png 768w, https:\/\/www.usborkeychain.com\/wp-content\/uploads\/metal-leather-usb-flash-drive-12x12.png 12w, https:\/\/www.usborkeychain.com\/wp-content\/uploads\/metal-leather-usb-flash-drive-600x600.png 600w, https:\/\/www.usborkeychain.com\/wp-content\/uploads\/metal-leather-usb-flash-drive-100x100.png 100w\" sizes=\"(max-width: 800px) 100vw, 800px\" \/><\/figure>\n\n\n\n<ul class=\"wp-block-list\">\n<li>Lembran\u00e7as de reuni\u00f5es\/c\u00fapulas anuais (com LOGOTIPO corporativo personalizado + v\u00eddeos promocionais pr\u00e9-carregados no armazenamento);<\/li>\n\n\n\n<li>Brindes premium de agradecimento ao cliente (modelo em couro de vaca de primeira qualidade, acompanhado de caixas de presente personalizadas para destacar a eleg\u00e2ncia);<\/li>\n\n\n\n<li>Benef\u00edcios para funcion\u00e1rios (com nomes gravados\/identifica\u00e7\u00f5es de funcion\u00e1rios para aumentar o senso de pertencimento);<\/li>\n<\/ul>\n<\/div>\n\n\n\n<div class=\"wp-block-column is-layout-flow wp-block-column-is-layout-flow\">\n<figure class=\"wp-block-image size-full\"><img alt=\"\" loading=\"lazy\" decoding=\"async\" width=\"800\" height=\"800\" src=\"https:\/\/www.usborkeychain.com\/wp-content\/uploads\/Leather-Metallic-Magnetic-Flap-USB-Pen-Drive.png\" class=\"wp-image-5567\" srcset=\"https:\/\/www.usborkeychain.com\/wp-content\/uploads\/Leather-Metallic-Magnetic-Flap-USB-Pen-Drive.png 800w, https:\/\/www.usborkeychain.com\/wp-content\/uploads\/Leather-Metallic-Magnetic-Flap-USB-Pen-Drive-300x300.png 300w, https:\/\/www.usborkeychain.com\/wp-content\/uploads\/Leather-Metallic-Magnetic-Flap-USB-Pen-Drive-150x150.png 150w, https:\/\/www.usborkeychain.com\/wp-content\/uploads\/Leather-Metallic-Magnetic-Flap-USB-Pen-Drive-768x768.png 768w, https:\/\/www.usborkeychain.com\/wp-content\/uploads\/Leather-Metallic-Magnetic-Flap-USB-Pen-Drive-12x12.png 12w, https:\/\/www.usborkeychain.com\/wp-content\/uploads\/Leather-Metallic-Magnetic-Flap-USB-Pen-Drive-600x600.png 600w, https:\/\/www.usborkeychain.com\/wp-content\/uploads\/Leather-Metallic-Magnetic-Flap-USB-Pen-Drive-100x100.png 100w\" sizes=\"(max-width: 800px) 100vw, 800px\" \/><\/figure>\n\n\n\n<ul class=\"wp-block-list\">\n<li>Brindes de lan\u00e7amento de novos produtos (pr\u00e9-carregados com manuais de produtos e materiais promocionais para melhor divulga\u00e7\u00e3o);<\/li>\n\n\n\n<li>Benef\u00edcios exclusivos para membros (com n\u00fameros de s\u00e9rie personalizados + designs exclusivos para fortalecer a fidelidade do usu\u00e1rio);<\/li>\n\n\n\n<li>Casamentos\/anivers\u00e1rios: Gravado com os nomes do casal + datas, usado para armazenar fotos\/v\u00eddeos do casamento, tornando-se uma lembran\u00e7a \u00fanica;<\/li>\n<\/ul>\n<\/div>\n\n\n\n<div class=\"wp-block-column is-layout-flow wp-block-column-is-layout-flow\">\n<figure class=\"wp-block-image size-full\"><img alt=\"\" loading=\"lazy\" decoding=\"async\" width=\"800\" height=\"800\" src=\"https:\/\/www.usborkeychain.com\/wp-content\/uploads\/buy-metal-leather-usb-flash-drive.png\" class=\"wp-image-5565\" srcset=\"https:\/\/www.usborkeychain.com\/wp-content\/uploads\/buy-metal-leather-usb-flash-drive.png 800w, https:\/\/www.usborkeychain.com\/wp-content\/uploads\/buy-metal-leather-usb-flash-drive-300x300.png 300w, https:\/\/www.usborkeychain.com\/wp-content\/uploads\/buy-metal-leather-usb-flash-drive-150x150.png 150w, https:\/\/www.usborkeychain.com\/wp-content\/uploads\/buy-metal-leather-usb-flash-drive-768x768.png 768w, https:\/\/www.usborkeychain.com\/wp-content\/uploads\/buy-metal-leather-usb-flash-drive-12x12.png 12w, https:\/\/www.usborkeychain.com\/wp-content\/uploads\/buy-metal-leather-usb-flash-drive-600x600.png 600w, https:\/\/www.usborkeychain.com\/wp-content\/uploads\/buy-metal-leather-usb-flash-drive-100x100.png 100w\" sizes=\"(max-width: 800px) 100vw, 800px\" \/><\/figure>\n\n\n\n<ul class=\"wp-block-list\">\n<li>\u00c9poca de formatura: Equipado com LOGOs + mensagens da turma, usado para armazenar imagens dos jovens e preservar as mem\u00f3rias do campus;<\/li>\n\n\n\n<li>Cole\u00e7\u00f5es pessoais: Personalizado com couro de textura especial + padr\u00f5es exclusivos para criar itens personalizados.<\/li>\n<\/ul>\n<\/div>\n<\/div>\n\n\n\n<div class=\"wp-block-columns is-layout-flex wp-container-core-columns-is-layout-28f84493 wp-block-columns-is-layout-flex\">\n<div class=\"wp-block-column is-vertically-aligned-center is-layout-flow wp-block-column-is-layout-flow\">\n<p>O <strong>Unidade flash USB de couro com aba magn\u00e9tica<\/strong> apresenta personaliza\u00e7\u00e3o flex\u00edvel, atendendo \u00e0s necessidades de alto, m\u00e9dio e baixo custo, desde o acabamento at\u00e9 os materiais, e adaptando-se a diferentes or\u00e7amentos e posicionamentos de marca. <\/p>\n\n\n\n<p>\u00c9 o modelo com as demandas de personaliza\u00e7\u00e3o mais concentradas e o feedback mais entusiasmado do mercado no setor de <strong>estojo de couro USB <\/strong>categoria de unidade. <\/p>\n\n\n\n<p>Seja como brindes corporativos, suportes de marketing da marca ou itens pessoais personalizados, ele se tornou a \"refer\u00eancia comercial\" entre as ferramentas de armazenamento com seu \"luxo discreto\" e continua a liderar o mercado de personaliza\u00e7\u00e3o de unidades USB com estojo de couro.<\/p>\n<\/div>\n\n\n\n<div class=\"wp-block-column is-vertically-aligned-center is-layout-flow wp-block-column-is-layout-flow\">\n<figure class=\"wp-block-image size-full\"><img alt=\"\" loading=\"lazy\" decoding=\"async\" width=\"800\" height=\"800\" src=\"https:\/\/www.usborkeychain.com\/wp-content\/uploads\/custom-leather-usb-drives.png\" class=\"wp-image-5566\" srcset=\"https:\/\/www.usborkeychain.com\/wp-content\/uploads\/custom-leather-usb-drives.png 800w, https:\/\/www.usborkeychain.com\/wp-content\/uploads\/custom-leather-usb-drives-300x300.png 300w, https:\/\/www.usborkeychain.com\/wp-content\/uploads\/custom-leather-usb-drives-150x150.png 150w, https:\/\/www.usborkeychain.com\/wp-content\/uploads\/custom-leather-usb-drives-768x768.png 768w, https:\/\/www.usborkeychain.com\/wp-content\/uploads\/custom-leather-usb-drives-12x12.png 12w, https:\/\/www.usborkeychain.com\/wp-content\/uploads\/custom-leather-usb-drives-600x600.png 600w, https:\/\/www.usborkeychain.com\/wp-content\/uploads\/custom-leather-usb-drives-100x100.png 100w\" sizes=\"(max-width: 800px) 100vw, 800px\" \/><\/figure>\n<\/div>\n<\/div>","protected":false},"excerpt":{"rendered":"<ul>\n<li>Aba magn\u00e9tica<\/li>\n<li>Couro + material met\u00e1lico<\/li>\n<li>Personaliza\u00e7\u00e3o de cor\/logomarca<\/li>\n<li>Experi\u00eancia sem tampa<\/li>\n<li>MOQ:100pcs<\/li>\n<\/ul>","protected":false},"featured_media":5572,"comment_status":"open","ping_status":"closed","template":"","meta":{"_seopress_robots_primary_cat":"none","_seopress_titles_title":"","_seopress_titles_desc":"","_seopress_robots_index":"","site-sidebar-layout":"default","site-content-layout":"","ast-site-content-layout":"","site-content-style":"default","site-sidebar-style":"default","ast-global-header-display":"","ast-banner-title-visibility":"","ast-main-header-display":"","ast-hfb-above-header-display":"","ast-hfb-below-header-display":"","ast-hfb-mobile-header-display":"","site-post-title":"","ast-breadcrumbs-content":"","ast-featured-img":"","footer-sml-layout":"","theme-transparent-header-meta":"","adv-header-id-meta":"","stick-header-meta":"","header-above-stick-meta":"","header-main-stick-meta":"","header-below-stick-meta":"","astra-migrate-meta-layouts":"default","ast-page-background-enabled":"default","ast-page-background-meta":{"desktop":{"background-color":"var(--ast-global-color-5)","background-image":"","background-repeat":"repeat","background-position":"center center","background-size":"auto","background-attachment":"scroll","background-type":"","background-media":"","overlay-type":"","overlay-color":"","overlay-opacity":"","overlay-gradient":""},"tablet":{"background-color":"","background-image":"","background-repeat":"repeat","background-position":"center center","background-size":"auto","background-attachment":"scroll","background-type":"","background-media":"","overlay-type":"","overlay-color":"","overlay-opacity":"","overlay-gradient":""},"mobile":{"background-color":"","background-image":"","background-repeat":"repeat","background-position":"center center","background-size":"auto","background-attachment":"scroll","background-type":"","background-media":"","overlay-type":"","overlay-color":"","overlay-opacity":"","overlay-gradient":""}},"ast-content-background-meta":{"desktop":{"background-color":"var(--ast-global-color-4)","background-image":"","background-repeat":"repeat","background-position":"center center","background-size":"auto","background-attachment":"scroll","background-type":"","background-media":"","overlay-type":"","overlay-color":"","overlay-opacity":"","overlay-gradient":""},"tablet":{"background-color":"var(--ast-global-color-4)","background-image":"","background-repeat":"repeat","background-position":"center center","background-size":"auto","background-attachment":"scroll","background-type":"","background-media":"","overlay-type":"","overlay-color":"","overlay-opacity":"","overlay-gradient":""},"mobile":{"background-color":"var(--ast-global-color-4)","background-image":"","background-repeat":"repeat","background-position":"center center","background-size":"auto","background-attachment":"scroll","background-type":"","background-media":"","overlay-type":"","overlay-color":"","overlay-opacity":"","overlay-gradient":""}}},"product_brand":[],"product_cat":[90],"product_tag":[],"class_list":{"0":"post-5562","1":"product","2":"type-product","3":"status-publish","4":"has-post-thumbnail","6":"product_cat-leather-usb-pendrive","7":"desktop-align-left","8":"tablet-align-left","9":"mobile-align-left","11":"first","12":"instock","13":"shipping-taxable","14":"product-type-simple"},"_links":{"self":[{"href":"https:\/\/www.usborkeychain.com\/pt\/wp-json\/wp\/v2\/product\/5562","targetHints":{"allow":["GET"]}}],"collection":[{"href":"https:\/\/www.usborkeychain.com\/pt\/wp-json\/wp\/v2\/product"}],"about":[{"href":"https:\/\/www.usborkeychain.com\/pt\/wp-json\/wp\/v2\/types\/product"}],"replies":[{"embeddable":true,"href":"https:\/\/www.usborkeychain.com\/pt\/wp-json\/wp\/v2\/comments?post=5562"}],"wp:featuredmedia":[{"embeddable":true,"href":"https:\/\/www.usborkeychain.com\/pt\/wp-json\/wp\/v2\/media\/5572"}],"wp:attachment":[{"href":"https:\/\/www.usborkeychain.com\/pt\/wp-json\/wp\/v2\/media?parent=5562"}],"wp:term":[{"taxonomy":"product_brand","embeddable":true,"href":"https:\/\/www.usborkeychain.com\/pt\/wp-json\/wp\/v2\/product_brand?post=5562"},{"taxonomy":"product_cat","embeddable":true,"href":"https:\/\/www.usborkeychain.com\/pt\/wp-json\/wp\/v2\/product_cat?post=5562"},{"taxonomy":"product_tag","embeddable":true,"href":"https:\/\/www.usborkeychain.com\/pt\/wp-json\/wp\/v2\/product_tag?post=5562"}],"curies":[{"name":"wp","href":"https:\/\/api.w.org\/{rel}","templated":true}]}}