{"id":5574,"date":"2025-08-02T15:12:56","date_gmt":"2025-08-02T15:12:56","guid":{"rendered":"https:\/\/www.usborkeychain.com\/?post_type=product&#038;p=5574"},"modified":"2025-08-02T15:15:54","modified_gmt":"2025-08-02T15:15:54","slug":"steel-edge-leather-case-usb-flash-drive","status":"publish","type":"product","link":"https:\/\/www.usborkeychain.com\/pt\/produto\/steel-edge-leather-case-usb-flash-drive\/","title":{"rendered":"Unidade flash USB com capa de couro com borda de a\u00e7o"},"content":{"rendered":"<div class=\"wp-block-columns is-layout-flex wp-container-core-columns-is-layout-28f84493 wp-block-columns-is-layout-flex\">\n<div class=\"wp-block-column is-layout-flow wp-block-column-is-layout-flow\">\n<figure class=\"wp-block-image size-full\"><img alt=\"\" fetchpriority=\"high\" decoding=\"async\" width=\"800\" height=\"800\" src=\"https:\/\/www.usborkeychain.com\/wp-content\/uploads\/leather-usb-flash-drives-1.png\" class=\"wp-image-5582\" srcset=\"https:\/\/www.usborkeychain.com\/wp-content\/uploads\/leather-usb-flash-drives-1.png 800w, https:\/\/www.usborkeychain.com\/wp-content\/uploads\/leather-usb-flash-drives-1-300x300.png 300w, https:\/\/www.usborkeychain.com\/wp-content\/uploads\/leather-usb-flash-drives-1-150x150.png 150w, https:\/\/www.usborkeychain.com\/wp-content\/uploads\/leather-usb-flash-drives-1-768x768.png 768w, https:\/\/www.usborkeychain.com\/wp-content\/uploads\/leather-usb-flash-drives-1-12x12.png 12w, https:\/\/www.usborkeychain.com\/wp-content\/uploads\/leather-usb-flash-drives-1-600x600.png 600w, https:\/\/www.usborkeychain.com\/wp-content\/uploads\/leather-usb-flash-drives-1-100x100.png 100w\" sizes=\"(max-width: 800px) 100vw, 800px\" \/><\/figure>\n<\/div>\n\n\n\n<div class=\"wp-block-column is-vertically-aligned-center is-layout-flow wp-block-column-is-layout-flow\">\n<p>Como refer\u00eancia em unidades flash USB com estojo de couro, sendo a primeira a ser produzida em massa e consistentemente classificada entre as primeiras em volume de exporta\u00e7\u00e3o, a <strong>Unidade flash USB com capa de couro com borda de a\u00e7o<\/strong> incorpora o equil\u00edbrio entre durabilidade e textura por meio de seu design integrado de \"<strong>bordas de a\u00e7o met\u00e1lico + corpo de couro<\/strong>&#8220;.<\/p>\n<\/div>\n<\/div>\n\n\n\n<div class=\"wp-block-columns are-vertically-aligned-center is-layout-flex wp-container-core-columns-is-layout-28f84493 wp-block-columns-is-layout-flex\">\n<div class=\"wp-block-column is-vertically-aligned-center is-layout-flow wp-block-column-is-layout-flow\">\n<h2 class=\"wp-block-heading\">Materiais b\u00e1sicos<\/h2>\n\n\n\n<p>Detalhes da fabrica\u00e7\u00e3o: As bordas de couro e a\u00e7o s\u00e3o refor\u00e7adas com costura de ponto duplo e rebites de metal para garantir a estabilidade estrutural.<\/p>\n\n\n\n<p>Componentes da borda de a\u00e7o: Adotam liga de alum\u00ednio de grau aeroespacial\/a\u00e7o inoxid\u00e1vel por meio de fundi\u00e7\u00e3o sob press\u00e3o em uma \u00fanica pe\u00e7a, processada com tecnologia de chanfro CNC (raio da borda R\u22641,5 mm), oferecendo um toque suave e arredondado sem bordas afiadas, al\u00e9m de apresentar propriedades resistentes \u00e0 ferrugem e antideforma\u00e7\u00e3o.<\/p>\n\n\n\n<p>Corpo em couro:<\/p>\n\n\n\n<p>Modelo b\u00e1sico: Couro PU de alta densidade e resistente ao desgaste;<\/p>\n\n\n\n<p>Modelo Premium: Couro de vaca\/pele de cordeiro de gr\u00e3o superior (textura natural, toque agrad\u00e1vel \u00e0 pele, adequado para personaliza\u00e7\u00e3o de n\u00edvel de luxo);<\/p>\n<\/div>\n\n\n\n<div class=\"wp-block-column is-vertically-aligned-center is-layout-flow wp-block-column-is-layout-flow\">\n<figure class=\"wp-block-image size-full\"><img alt=\"\" decoding=\"async\" width=\"800\" height=\"800\" src=\"https:\/\/www.usborkeychain.com\/wp-content\/uploads\/Leather-USB-Elegant-Flash-Drive-China-Factory.png\" class=\"wp-image-5580\" srcset=\"https:\/\/www.usborkeychain.com\/wp-content\/uploads\/Leather-USB-Elegant-Flash-Drive-China-Factory.png 800w, https:\/\/www.usborkeychain.com\/wp-content\/uploads\/Leather-USB-Elegant-Flash-Drive-China-Factory-300x300.png 300w, https:\/\/www.usborkeychain.com\/wp-content\/uploads\/Leather-USB-Elegant-Flash-Drive-China-Factory-150x150.png 150w, https:\/\/www.usborkeychain.com\/wp-content\/uploads\/Leather-USB-Elegant-Flash-Drive-China-Factory-768x768.png 768w, https:\/\/www.usborkeychain.com\/wp-content\/uploads\/Leather-USB-Elegant-Flash-Drive-China-Factory-12x12.png 12w, https:\/\/www.usborkeychain.com\/wp-content\/uploads\/Leather-USB-Elegant-Flash-Drive-China-Factory-600x600.png 600w, https:\/\/www.usborkeychain.com\/wp-content\/uploads\/Leather-USB-Elegant-Flash-Drive-China-Factory-100x100.png 100w\" sizes=\"(max-width: 800px) 100vw, 800px\" \/><\/figure>\n<\/div>\n<\/div>\n\n\n\n<div class=\"wp-block-columns are-vertically-aligned-center is-layout-flex wp-container-core-columns-is-layout-28f84493 wp-block-columns-is-layout-flex\">\n<div class=\"wp-block-column is-vertically-aligned-center is-layout-flow wp-block-column-is-layout-flow\">\n<figure class=\"wp-block-image size-full\"><img alt=\"\" decoding=\"async\" width=\"800\" height=\"800\" src=\"https:\/\/www.usborkeychain.com\/wp-content\/uploads\/Steel-Edge-Leather-USB-Flash-Drive.png\" class=\"wp-image-5584\" srcset=\"https:\/\/www.usborkeychain.com\/wp-content\/uploads\/Steel-Edge-Leather-USB-Flash-Drive.png 800w, https:\/\/www.usborkeychain.com\/wp-content\/uploads\/Steel-Edge-Leather-USB-Flash-Drive-300x300.png 300w, https:\/\/www.usborkeychain.com\/wp-content\/uploads\/Steel-Edge-Leather-USB-Flash-Drive-150x150.png 150w, https:\/\/www.usborkeychain.com\/wp-content\/uploads\/Steel-Edge-Leather-USB-Flash-Drive-768x768.png 768w, https:\/\/www.usborkeychain.com\/wp-content\/uploads\/Steel-Edge-Leather-USB-Flash-Drive-12x12.png 12w, https:\/\/www.usborkeychain.com\/wp-content\/uploads\/Steel-Edge-Leather-USB-Flash-Drive-600x600.png 600w, https:\/\/www.usborkeychain.com\/wp-content\/uploads\/Steel-Edge-Leather-USB-Flash-Drive-100x100.png 100w\" sizes=\"(max-width: 800px) 100vw, 800px\" \/><\/figure>\n<\/div>\n\n\n\n<div class=\"wp-block-column is-vertically-aligned-center is-layout-flow wp-block-column-is-layout-flow\">\n<h3 class=\"wp-block-heading\">Vantagens do design<\/h3>\n\n\n\n<ul class=\"wp-block-list\">\n<li>Tampa articulada com design de encaixe: O encaixe de metal forma uma conex\u00e3o de intertravamento mec\u00e2nico com o corpo da borda de a\u00e7o. Quando fechada, a interface USB fica totalmente fechada (classe de prote\u00e7\u00e3o IP43, resist\u00eancia a poeira e respingos), garantindo abertura e fechamento suaves;<\/li>\n\n\n\n<li>Solu\u00e7\u00e3o para o problema da perda da tampa: A tampa flip cover substitui a tampa tradicional, eliminando completamente o risco de perda da tampa, e o revestimento da borda em a\u00e7o aumenta a resist\u00eancia a quedas.<\/li>\n<\/ul>\n<\/div>\n<\/div>\n\n\n\n<h2 class=\"wp-block-heading\">Quais s\u00e3o as personaliza\u00e7\u00f5es dispon\u00edveis?<\/h2>\n\n\n\n<h3 class=\"wp-block-heading\">1. LOGOTIPO \/ texto da superf\u00edcie<\/h3>\n\n\n\n<figure class=\"wp-block-table\"><table class=\"has-fixed-layout\"><thead><tr><th>Tipo de artesanato<\/th><th>Cen\u00e1rios aplic\u00e1veis<\/th><th>Recursos de efeito<\/th><\/tr><\/thead><tbody><tr><td>Grava\u00e7\u00e3o a laser<\/td><td>Texto fino, LOGOTIPO simples<\/td><td>Acabamento fosco<\/td><\/tr><tr><td>Hot Stamping<\/td><td>LOGO tridimensional, logotipos de marcas<\/td><td>Textura em relevo com uma sensa\u00e7\u00e3o t\u00e1til proeminente<\/td><\/tr><tr><td>Impress\u00e3o em tela de seda<\/td><td>Padr\u00f5es coloridos, desenhos em gradiente<\/td><td>Cores vibrantes, alta precis\u00e3o de reprodu\u00e7\u00e3o<\/td><\/tr><tr><td>Estampagem em ouro galvanizado<\/td><td>Neg\u00f3cios de alto n\u00edvel, estilos luxuosos<\/td><td>Brilho met\u00e1lico, eleg\u00e2ncia elevada<\/td><\/tr><\/tbody><\/table><\/figure>\n\n\n\n<div class=\"wp-block-columns is-layout-flex wp-container-core-columns-is-layout-28f84493 wp-block-columns-is-layout-flex\">\n<div class=\"wp-block-column is-vertically-aligned-center is-layout-flow wp-block-column-is-layout-flow\">\n<h3 class=\"wp-block-heading\">2. personaliza\u00e7\u00f5es de cores e materiais<\/h3>\n\n\n\n<ul class=\"wp-block-list\">\n<li>Op\u00e7\u00f5es de cores: As cores padr\u00e3o incluem preto, marrom, azul e vermelho (cores Pantone b\u00e1sicas). H\u00e1 suporte para c\u00f3digos de cores personalizados (por exemplo, cores VI corporativas exclusivas, com uma quantidade m\u00ednima de pedido \u2265 500 unidades);<\/li>\n\n\n\n<li>Atualiza\u00e7\u00f5es de couro: Texturas especiais opcionais, como couro de vaca de gr\u00e3o superior (acabamento granulado\/estonado), PU com padr\u00e3o de crocodilo e couro de cavalo louco para criar um apelo visual diferenciado;<\/li>\n\n\n\n<li>Personaliza\u00e7\u00f5es ampliadas: As bordas de a\u00e7o podem passar por galvanoplastia colorida (por exemplo, ouro rosa, bronze) e texturas gravadas a laser para aprimorar a est\u00e9tica geral do design.<\/li>\n<\/ul>\n<\/div>\n\n\n\n<div class=\"wp-block-column is-layout-flow wp-block-column-is-layout-flow\">\n<figure class=\"wp-block-image size-full\"><img alt=\"\" loading=\"lazy\" decoding=\"async\" width=\"800\" height=\"800\" src=\"https:\/\/www.usborkeychain.com\/wp-content\/uploads\/Metal-Gift-USB-Flash-Drives.png\" class=\"wp-image-5583\" srcset=\"https:\/\/www.usborkeychain.com\/wp-content\/uploads\/Metal-Gift-USB-Flash-Drives.png 800w, https:\/\/www.usborkeychain.com\/wp-content\/uploads\/Metal-Gift-USB-Flash-Drives-300x300.png 300w, https:\/\/www.usborkeychain.com\/wp-content\/uploads\/Metal-Gift-USB-Flash-Drives-150x150.png 150w, https:\/\/www.usborkeychain.com\/wp-content\/uploads\/Metal-Gift-USB-Flash-Drives-768x768.png 768w, https:\/\/www.usborkeychain.com\/wp-content\/uploads\/Metal-Gift-USB-Flash-Drives-12x12.png 12w, https:\/\/www.usborkeychain.com\/wp-content\/uploads\/Metal-Gift-USB-Flash-Drives-600x600.png 600w, https:\/\/www.usborkeychain.com\/wp-content\/uploads\/Metal-Gift-USB-Flash-Drives-100x100.png 100w\" sizes=\"(max-width: 800px) 100vw, 800px\" \/><\/figure>\n<\/div>\n<\/div>\n\n\n\n<h2 class=\"wp-block-heading\">Tabela de especifica\u00e7\u00f5es da unidade flash USB<\/h2>\n\n\n\n<figure class=\"wp-block-table\"><table class=\"has-fixed-layout\"><thead><tr><th>Categoria<\/th><th>Par\u00e2metros t\u00e9cnicos<\/th><\/tr><\/thead><tbody><tr><td>Capacidade<\/td><td>4GB \/ 8GB \/ 16GB \/ 32GB \/ 64GB \/ 128GB<\/td><\/tr><tr><td>Dimens\u00f5es (C \u00d7 L \u00d7 A)<\/td><td>85 mm \u00d7 24 mm \u00d7 10 mm<\/td><\/tr><tr><td>Peso<\/td><td>Aproximadamente 27 g (incluindo couro e bordas de a\u00e7o)<\/td><\/tr><tr><td>Protocolo de interface<\/td><td>USB 2.0 (compat\u00edvel com dispositivos USB 3.0)<\/td><\/tr><tr><td>Padr\u00f5es de certifica\u00e7\u00e3o<\/td><td>CE, FCC, RoHS<\/td><\/tr><\/tbody><\/table><\/figure>\n\n\n\n<h2 class=\"wp-block-heading\">Cen\u00e1rios aplic\u00e1veis<\/h2>\n\n\n\n<div class=\"wp-block-columns is-layout-flex wp-container-core-columns-is-layout-28f84493 wp-block-columns-is-layout-flex\">\n<div class=\"wp-block-column is-layout-flow wp-block-column-is-layout-flow\">\n<figure class=\"wp-block-image size-full\"><img alt=\"\" loading=\"lazy\" decoding=\"async\" width=\"800\" height=\"800\" src=\"https:\/\/www.usborkeychain.com\/wp-content\/uploads\/Classic-flip-top-leather-USB-flash-drive.png\" class=\"wp-image-5577\" srcset=\"https:\/\/www.usborkeychain.com\/wp-content\/uploads\/Classic-flip-top-leather-USB-flash-drive.png 800w, https:\/\/www.usborkeychain.com\/wp-content\/uploads\/Classic-flip-top-leather-USB-flash-drive-300x300.png 300w, https:\/\/www.usborkeychain.com\/wp-content\/uploads\/Classic-flip-top-leather-USB-flash-drive-150x150.png 150w, https:\/\/www.usborkeychain.com\/wp-content\/uploads\/Classic-flip-top-leather-USB-flash-drive-768x768.png 768w, https:\/\/www.usborkeychain.com\/wp-content\/uploads\/Classic-flip-top-leather-USB-flash-drive-12x12.png 12w, https:\/\/www.usborkeychain.com\/wp-content\/uploads\/Classic-flip-top-leather-USB-flash-drive-600x600.png 600w, https:\/\/www.usborkeychain.com\/wp-content\/uploads\/Classic-flip-top-leather-USB-flash-drive-100x100.png 100w\" sizes=\"(max-width: 800px) 100vw, 800px\" \/><\/figure>\n\n\n\n<ul class=\"wp-block-list\">\n<li>Com\u00e9rcio de exporta\u00e7\u00e3o: Como um produto cl\u00e1ssico \"Made in China with Intelligence\", h\u00e1 muito tempo ele \u00e9 popular nos mercados europeu, americano e do Oriente M\u00e9dio devido \u00e0 sua \"prote\u00e7\u00e3o de estojo de couro + textura de borda de a\u00e7o\".<\/li>\n\n\n\n<li>Personaliza\u00e7\u00f5es de n\u00edvel de colecionador: Couro especial (por exemplo, padr\u00e3o de crocodilo) + n\u00fameros de edi\u00e7\u00e3o limitada o tornam um colecion\u00e1vel personalizado.<\/li>\n<\/ul>\n<\/div>\n\n\n\n<div class=\"wp-block-column is-layout-flow wp-block-column-is-layout-flow\">\n<figure class=\"wp-block-image size-full\"><img alt=\"\" loading=\"lazy\" decoding=\"async\" width=\"800\" height=\"800\" src=\"https:\/\/www.usborkeychain.com\/wp-content\/uploads\/leather-usb-drive-customized.png\" class=\"wp-image-5579\" srcset=\"https:\/\/www.usborkeychain.com\/wp-content\/uploads\/leather-usb-drive-customized.png 800w, https:\/\/www.usborkeychain.com\/wp-content\/uploads\/leather-usb-drive-customized-300x300.png 300w, https:\/\/www.usborkeychain.com\/wp-content\/uploads\/leather-usb-drive-customized-150x150.png 150w, https:\/\/www.usborkeychain.com\/wp-content\/uploads\/leather-usb-drive-customized-768x768.png 768w, https:\/\/www.usborkeychain.com\/wp-content\/uploads\/leather-usb-drive-customized-12x12.png 12w, https:\/\/www.usborkeychain.com\/wp-content\/uploads\/leather-usb-drive-customized-600x600.png 600w, https:\/\/www.usborkeychain.com\/wp-content\/uploads\/leather-usb-drive-customized-100x100.png 100w\" sizes=\"(max-width: 800px) 100vw, 800px\" \/><\/figure>\n\n\n\n<ul class=\"wp-block-list\">\n<li>Brindes corporativos:\n<ul class=\"wp-block-list\">\n<li>Lembran\u00e7as da reuni\u00e3o\/exposi\u00e7\u00e3o anual (com LOGOTIPO personalizado + materiais promocionais pr\u00e9-carregados no armazenamento).<\/li>\n\n\n\n<li>Brindes de reten\u00e7\u00e3o de clientes (modelo de couro de vaca premium, acompanhado de caixas de presente personalizadas para demonstrar sinceridade).<\/li>\n<\/ul>\n<\/li>\n<\/ul>\n<\/div>\n\n\n\n<div class=\"wp-block-column is-layout-flow wp-block-column-is-layout-flow\">\n<figure class=\"wp-block-image size-full\"><img alt=\"\" loading=\"lazy\" decoding=\"async\" width=\"800\" height=\"800\" src=\"https:\/\/www.usborkeychain.com\/wp-content\/uploads\/Leather-USB-Elegant-Flash-Drive-China.png\" class=\"wp-image-5581\" srcset=\"https:\/\/www.usborkeychain.com\/wp-content\/uploads\/Leather-USB-Elegant-Flash-Drive-China.png 800w, https:\/\/www.usborkeychain.com\/wp-content\/uploads\/Leather-USB-Elegant-Flash-Drive-China-300x300.png 300w, https:\/\/www.usborkeychain.com\/wp-content\/uploads\/Leather-USB-Elegant-Flash-Drive-China-150x150.png 150w, https:\/\/www.usborkeychain.com\/wp-content\/uploads\/Leather-USB-Elegant-Flash-Drive-China-768x768.png 768w, https:\/\/www.usborkeychain.com\/wp-content\/uploads\/Leather-USB-Elegant-Flash-Drive-China-12x12.png 12w, https:\/\/www.usborkeychain.com\/wp-content\/uploads\/Leather-USB-Elegant-Flash-Drive-China-600x600.png 600w, https:\/\/www.usborkeychain.com\/wp-content\/uploads\/Leather-USB-Elegant-Flash-Drive-China-100x100.png 100w\" sizes=\"(max-width: 800px) 100vw, 800px\" \/><\/figure>\n\n\n\n<ul class=\"wp-block-list\">\n<li>Personaliza\u00e7\u00f5es espec\u00edficas do setor: Setores como o financeiro e o automotivo podem personalizar cores exclusivas + slogans de marca gravados para aumentar a exposi\u00e7\u00e3o da marca.<\/li>\n\n\n\n<li>Presentes de Natal: Gravado com nomes e b\u00ean\u00e7\u00e3os para anivers\u00e1rios ou datas comemorativas, criando mem\u00f3rias exclusivas.<\/li>\n<\/ul>\n<\/div>\n<\/div>\n\n\n\n<div class=\"wp-block-columns is-layout-flex wp-container-core-columns-is-layout-28f84493 wp-block-columns-is-layout-flex\">\n<div class=\"wp-block-column is-layout-flow wp-block-column-is-layout-flow\">\n<figure class=\"wp-block-image size-full\"><img alt=\"\" loading=\"lazy\" decoding=\"async\" width=\"800\" height=\"800\" src=\"https:\/\/www.usborkeychain.com\/wp-content\/uploads\/custom-leather-usb-drives.jpg\" class=\"wp-image-5578\" srcset=\"https:\/\/www.usborkeychain.com\/wp-content\/uploads\/custom-leather-usb-drives.jpg 800w, https:\/\/www.usborkeychain.com\/wp-content\/uploads\/custom-leather-usb-drives-300x300.jpg 300w, https:\/\/www.usborkeychain.com\/wp-content\/uploads\/custom-leather-usb-drives-150x150.jpg 150w, https:\/\/www.usborkeychain.com\/wp-content\/uploads\/custom-leather-usb-drives-768x768.jpg 768w, https:\/\/www.usborkeychain.com\/wp-content\/uploads\/custom-leather-usb-drives-12x12.jpg 12w, https:\/\/www.usborkeychain.com\/wp-content\/uploads\/custom-leather-usb-drives-600x600.jpg 600w, https:\/\/www.usborkeychain.com\/wp-content\/uploads\/custom-leather-usb-drives-100x100.jpg 100w\" sizes=\"(max-width: 800px) 100vw, 800px\" \/><\/figure>\n<\/div>\n\n\n\n<div class=\"wp-block-column is-vertically-aligned-center is-layout-flow wp-block-column-is-layout-flow\">\n<p>Como o \"modelo pioneiro\" de unidades flash USB com estojo de couro, o <strong>Unidade flash USB com capa de couro com borda de a\u00e7o<\/strong>Com seu design simples de encaixe da tampa flip + prote\u00e7\u00e3o de borda de a\u00e7o, ele aborda os principais pontos problem\u00e1ticos de armazenamento e \u00e9 adequado para usu\u00e1rios de todas as idades. Sua personaliza\u00e7\u00e3o em todas as dimens\u00f5es, desde a fabrica\u00e7\u00e3o artesanal at\u00e9 os materiais, atende \u00e0s necessidades de alto, m\u00e9dio e baixo custo, compat\u00edvel com cen\u00e1rios comerciais e pessoais. Com o respaldo de mais de 10 anos de dados de exporta\u00e7\u00e3o (com exporta\u00e7\u00f5es anuais superiores a 10 milh\u00f5es de unidades), \u00e9 a op\u00e7\u00e3o de refer\u00eancia para \"unidades flash USB de couro de alta qualidade para presente\". Seja como um best-seller de exporta\u00e7\u00e3o, uma das principais op\u00e7\u00f5es para personaliza\u00e7\u00e3o corporativa ou um item comemorativo pessoal, esse pen drive USB cl\u00e1ssico com capa de couro com borda de a\u00e7o incorpora a nova vitalidade de um \"modelo cl\u00e1ssico\" com sua qualidade comprovada pelo tempo.<\/p>\n<\/div>\n<\/div>","protected":false},"excerpt":{"rendered":"<ul>\n<li>Bordas de a\u00e7o met\u00e1lico<\/li>\n<li>Corpo de couro<\/li>\n<li>Padr\u00f5es de certifica\u00e7\u00e3o: CE, FCC, RoHS<\/li>\n<li>USB2.0\/USB3.0<\/li>\n<li>MOQ:100pcs<\/li>\n<\/ul>","protected":false},"featured_media":5581,"comment_status":"open","ping_status":"closed","template":"","meta":{"_seopress_robots_primary_cat":"","_seopress_titles_title":"","_seopress_titles_desc":"","_seopress_robots_index":"","site-sidebar-layout":"default","site-content-layout":"","ast-site-content-layout":"","site-content-style":"default","site-sidebar-style":"default","ast-global-header-display":"","ast-banner-title-visibility":"","ast-main-header-display":"","ast-hfb-above-header-display":"","ast-hfb-below-header-display":"","ast-hfb-mobile-header-display":"","site-post-title":"","ast-breadcrumbs-content":"","ast-featured-img":"","footer-sml-layout":"","theme-transparent-header-meta":"","adv-header-id-meta":"","stick-header-meta":"","header-above-stick-meta":"","header-main-stick-meta":"","header-below-stick-meta":"","astra-migrate-meta-layouts":"default","ast-page-background-enabled":"default","ast-page-background-meta":{"desktop":{"background-color":"var(--ast-global-color-5)","background-image":"","background-repeat":"repeat","background-position":"center center","background-size":"auto","background-attachment":"scroll","background-type":"","background-media":"","overlay-type":"","overlay-color":"","overlay-opacity":"","overlay-gradient":""},"tablet":{"background-color":"","background-image":"","background-repeat":"repeat","background-position":"center center","background-size":"auto","background-attachment":"scroll","background-type":"","background-media":"","overlay-type":"","overlay-color":"","overlay-opacity":"","overlay-gradient":""},"mobile":{"background-color":"","background-image":"","background-repeat":"repeat","background-position":"center center","background-size":"auto","background-attachment":"scroll","background-type":"","background-media":"","overlay-type":"","overlay-color":"","overlay-opacity":"","overlay-gradient":""}},"ast-content-background-meta":{"desktop":{"background-color":"var(--ast-global-color-4)","background-image":"","background-repeat":"repeat","background-position":"center center","background-size":"auto","background-attachment":"scroll","background-type":"","background-media":"","overlay-type":"","overlay-color":"","overlay-opacity":"","overlay-gradient":""},"tablet":{"background-color":"var(--ast-global-color-4)","background-image":"","background-repeat":"repeat","background-position":"center center","background-size":"auto","background-attachment":"scroll","background-type":"","background-media":"","overlay-type":"","overlay-color":"","overlay-opacity":"","overlay-gradient":""},"mobile":{"background-color":"var(--ast-global-color-4)","background-image":"","background-repeat":"repeat","background-position":"center center","background-size":"auto","background-attachment":"scroll","background-type":"","background-media":"","overlay-type":"","overlay-color":"","overlay-opacity":"","overlay-gradient":""}}},"product_brand":[],"product_cat":[90],"product_tag":[],"class_list":{"0":"post-5574","1":"product","2":"type-product","3":"status-publish","4":"has-post-thumbnail","6":"product_cat-leather-usb-pendrive","7":"desktop-align-left","8":"tablet-align-left","9":"mobile-align-left","11":"first","12":"instock","13":"shipping-taxable","14":"product-type-simple"},"_links":{"self":[{"href":"https:\/\/www.usborkeychain.com\/pt\/wp-json\/wp\/v2\/product\/5574","targetHints":{"allow":["GET"]}}],"collection":[{"href":"https:\/\/www.usborkeychain.com\/pt\/wp-json\/wp\/v2\/product"}],"about":[{"href":"https:\/\/www.usborkeychain.com\/pt\/wp-json\/wp\/v2\/types\/product"}],"replies":[{"embeddable":true,"href":"https:\/\/www.usborkeychain.com\/pt\/wp-json\/wp\/v2\/comments?post=5574"}],"wp:featuredmedia":[{"embeddable":true,"href":"https:\/\/www.usborkeychain.com\/pt\/wp-json\/wp\/v2\/media\/5581"}],"wp:attachment":[{"href":"https:\/\/www.usborkeychain.com\/pt\/wp-json\/wp\/v2\/media?parent=5574"}],"wp:term":[{"taxonomy":"product_brand","embeddable":true,"href":"https:\/\/www.usborkeychain.com\/pt\/wp-json\/wp\/v2\/product_brand?post=5574"},{"taxonomy":"product_cat","embeddable":true,"href":"https:\/\/www.usborkeychain.com\/pt\/wp-json\/wp\/v2\/product_cat?post=5574"},{"taxonomy":"product_tag","embeddable":true,"href":"https:\/\/www.usborkeychain.com\/pt\/wp-json\/wp\/v2\/product_tag?post=5574"}],"curies":[{"name":"wp","href":"https:\/\/api.w.org\/{rel}","templated":true}]}}