{"id":5585,"date":"2025-08-02T15:42:14","date_gmt":"2025-08-02T15:42:14","guid":{"rendered":"https:\/\/www.usborkeychain.com\/?post_type=product&#038;p=5585"},"modified":"2025-08-02T15:48:30","modified_gmt":"2025-08-02T15:48:30","slug":"metal-key-usb-flash-drive-with-leather-case","status":"publish","type":"product","link":"https:\/\/www.usborkeychain.com\/pt\/produto\/metal-key-usb-flash-drive-with-leather-case\/","title":{"rendered":"Unidade flash USB Metal Key com estojo de couro"},"content":{"rendered":"<div class=\"wp-block-columns is-layout-flex wp-container-core-columns-is-layout-28f84493 wp-block-columns-is-layout-flex\">\n<div class=\"wp-block-column is-vertically-aligned-center is-layout-flow wp-block-column-is-layout-flow\">\n<p>O <strong>Unidade flash USB com chave de metal e estojo de couro<\/strong> apresenta um design integrado de \"formato de chave totalmente met\u00e1lico + estojo de couro costurado + chaveiro\". Seu corpo met\u00e1lico central \u00e9 feito de <strong>liga de zinco<\/strong> A interface USB \u00e9 formada integralmente com o corpo principal (com apenas 2 mm de espessura, obtendo um design ultrafino) para garantir a resist\u00eancia estrutural. A interface USB \u00e9 formada integralmente com o corpo principal (apenas 2 mm de espessura, obtendo um design ultrafino) para garantir a resist\u00eancia estrutural. As bordas s\u00e3o arredondadas (\u00e2ngulo R \u2265 1 mm), oferecendo um toque suave sem nitidez.<\/p>\n<\/div>\n\n\n\n<div class=\"wp-block-column is-layout-flow wp-block-column-is-layout-flow\">\n<figure class=\"wp-block-image size-full\"><img alt=\"\" fetchpriority=\"high\" decoding=\"async\" width=\"800\" height=\"800\" src=\"https:\/\/www.usborkeychain.com\/wp-content\/uploads\/Key-Flash-Drive-With-Pouch.png\" class=\"wp-image-5589\" srcset=\"https:\/\/www.usborkeychain.com\/wp-content\/uploads\/Key-Flash-Drive-With-Pouch.png 800w, https:\/\/www.usborkeychain.com\/wp-content\/uploads\/Key-Flash-Drive-With-Pouch-300x300.png 300w, https:\/\/www.usborkeychain.com\/wp-content\/uploads\/Key-Flash-Drive-With-Pouch-150x150.png 150w, https:\/\/www.usborkeychain.com\/wp-content\/uploads\/Key-Flash-Drive-With-Pouch-768x768.png 768w, https:\/\/www.usborkeychain.com\/wp-content\/uploads\/Key-Flash-Drive-With-Pouch-12x12.png 12w, https:\/\/www.usborkeychain.com\/wp-content\/uploads\/Key-Flash-Drive-With-Pouch-600x600.png 600w, https:\/\/www.usborkeychain.com\/wp-content\/uploads\/Key-Flash-Drive-With-Pouch-100x100.png 100w\" sizes=\"(max-width: 800px) 100vw, 800px\" \/><\/figure>\n<\/div>\n<\/div>\n\n\n\n<div class=\"wp-block-columns is-layout-flex wp-container-core-columns-is-layout-28f84493 wp-block-columns-is-layout-flex\">\n<div class=\"wp-block-column is-vertically-aligned-center is-layout-flow wp-block-column-is-layout-flow\">\n<p><strong>Componentes do estojo de couro<\/strong>: O couro \u00e9 feito de PU de alta densidade (vers\u00e3o resistente ao desgaste) \/ couro bovino de gr\u00e3o superior (vers\u00e3o premium). As bordas s\u00e3o travadas com um processo de costura de borda de ponto duplo (dist\u00e2ncia do ponto \u2264 2 mm) para eliminar o risco de afrouxamento da linha. A fivela do estojo de couro \u00e9 fixada com rebites de metal e costura, conectando-se ao chaveiro de a\u00e7o inoxid\u00e1vel para garantir uma integra\u00e7\u00e3o perfeita entre o estojo de couro e o chaveiro, aumentando a firmeza geral em 50%.<\/p>\n<\/div>\n\n\n\n<div class=\"wp-block-column is-layout-flow wp-block-column-is-layout-flow\">\n<figure class=\"wp-block-image size-full\"><img alt=\"\" decoding=\"async\" width=\"800\" height=\"800\" src=\"https:\/\/www.usborkeychain.com\/wp-content\/uploads\/Key-Shaped-USB-with-Leather-Case.png\" class=\"wp-image-5591\" srcset=\"https:\/\/www.usborkeychain.com\/wp-content\/uploads\/Key-Shaped-USB-with-Leather-Case.png 800w, https:\/\/www.usborkeychain.com\/wp-content\/uploads\/Key-Shaped-USB-with-Leather-Case-300x300.png 300w, https:\/\/www.usborkeychain.com\/wp-content\/uploads\/Key-Shaped-USB-with-Leather-Case-150x150.png 150w, https:\/\/www.usborkeychain.com\/wp-content\/uploads\/Key-Shaped-USB-with-Leather-Case-768x768.png 768w, https:\/\/www.usborkeychain.com\/wp-content\/uploads\/Key-Shaped-USB-with-Leather-Case-12x12.png 12w, https:\/\/www.usborkeychain.com\/wp-content\/uploads\/Key-Shaped-USB-with-Leather-Case-600x600.png 600w, https:\/\/www.usborkeychain.com\/wp-content\/uploads\/Key-Shaped-USB-with-Leather-Case-100x100.png 100w\" sizes=\"(max-width: 800px) 100vw, 800px\" \/><\/figure>\n<\/div>\n<\/div>\n\n\n\n<h3 class=\"wp-block-heading\">Vantagens do design<\/h3>\n\n\n\n<div class=\"wp-block-columns are-vertically-aligned-center is-layout-flex wp-container-core-columns-is-layout-28f84493 wp-block-columns-is-layout-flex\">\n<div class=\"wp-block-column is-vertically-aligned-center is-layout-flow wp-block-column-is-layout-flow\">\n<figure class=\"wp-block-image size-full\"><img alt=\"\" decoding=\"async\" width=\"800\" height=\"800\" src=\"https:\/\/www.usborkeychain.com\/wp-content\/uploads\/Key-Shaped-USB-Flash-with-Leather-Case.png\" class=\"wp-image-5590\" srcset=\"https:\/\/www.usborkeychain.com\/wp-content\/uploads\/Key-Shaped-USB-Flash-with-Leather-Case.png 800w, https:\/\/www.usborkeychain.com\/wp-content\/uploads\/Key-Shaped-USB-Flash-with-Leather-Case-300x300.png 300w, https:\/\/www.usborkeychain.com\/wp-content\/uploads\/Key-Shaped-USB-Flash-with-Leather-Case-150x150.png 150w, https:\/\/www.usborkeychain.com\/wp-content\/uploads\/Key-Shaped-USB-Flash-with-Leather-Case-768x768.png 768w, https:\/\/www.usborkeychain.com\/wp-content\/uploads\/Key-Shaped-USB-Flash-with-Leather-Case-12x12.png 12w, https:\/\/www.usborkeychain.com\/wp-content\/uploads\/Key-Shaped-USB-Flash-with-Leather-Case-600x600.png 600w, https:\/\/www.usborkeychain.com\/wp-content\/uploads\/Key-Shaped-USB-Flash-with-Leather-Case-100x100.png 100w\" sizes=\"(max-width: 800px) 100vw, 800px\" \/><\/figure>\n<\/div>\n\n\n\n<div class=\"wp-block-column is-vertically-aligned-center is-layout-flow wp-block-column-is-layout-flow\">\n<ul class=\"wp-block-list\">\n<li>Port\u00e1til e antifurto: O estojo de couro \u00e9 conectado integralmente ao chaveiro. Quando em uso, somente a unidade flash USB com chave de metal precisa ser retirada do estojo de couro, enquanto o estojo permanece preso ao chaveiro, eliminando completamente o problema de \"perder o estojo de couro\".<\/li>\n\n\n\n<li>Forte prote\u00e7\u00e3o da interface: O estojo de couro envolve firmemente o corpo da unidade flash USB. Quando fechada, a interface USB fica totalmente oculta, atingindo o n\u00edvel IP42 de resist\u00eancia a poeira e arranh\u00f5es (resistindo \u00e0 poeira di\u00e1ria e ao atrito das teclas).<\/li>\n\n\n\n<li>Estilo coordenado: A cor do estojo de couro combina com a cor da fivela do estojo no mesmo sistema de cores. A textura met\u00e1lica fosca ecoa o gr\u00e3o do couro, criando um item de transporte di\u00e1rio (EDC) de \"luxo discreto\" adequado para neg\u00f3cios, casual, retr\u00f4 e outros estilos diversos.<\/li>\n<\/ul>\n<\/div>\n<\/div>\n\n\n\n<h2 class=\"wp-block-heading\">Op\u00e7\u00f5es de personaliza\u00e7\u00e3o<\/h2>\n\n\n\n<h3 class=\"wp-block-heading\">1. personaliza\u00e7\u00e3o do logotipo<\/h3>\n\n\n\n<figure class=\"wp-block-table\"><table class=\"has-fixed-layout\"><thead><tr><th>Transportadora de personaliza\u00e7\u00e3o<\/th><th>Tipo de artesanato<\/th><th>Recursos de efeito<\/th><\/tr><\/thead><tbody><tr><td>Superf\u00edcie do estojo de couro<\/td><td>Hot Stamping<\/td><td>LOGOTIPO tridimensional, que se integra naturalmente \u00e0 textura do couro<\/td><\/tr><tr><td><\/td><td>Serigrafia<\/td><td>Cores vibrantes, adequadas para desenhos de padr\u00f5es complexos<\/td><\/tr><tr><td>Unidade flash USB de metal<\/td><td>Grava\u00e7\u00e3o a laser<\/td><td>Acabamento fosco, com linhas claras e n\u00edtidas<\/td><\/tr><tr><td><\/td><td>Letras galvanizadas<\/td><td>Brilho met\u00e1lico, destacando a textura de alta qualidade<\/td><\/tr><\/tbody><\/table><\/figure>\n\n\n\n<h3 class=\"wp-block-heading\">2. personaliza\u00e7\u00e3o de cores e materiais<\/h3>\n\n\n\n<div class=\"wp-block-columns is-layout-flex wp-container-core-columns-is-layout-28f84493 wp-block-columns-is-layout-flex\">\n<div class=\"wp-block-column is-vertically-aligned-center is-layout-flow wp-block-column-is-layout-flow\">\n<ul class=\"wp-block-list\">\n<li>Cores do couro: As cores padr\u00e3o incluem preto, marrom e vermelho (cores Pantone b\u00e1sicas). H\u00e1 suporte para a correspond\u00eancia de cores personalizadas (por exemplo, cores VI corporativas, cores do tema do casamento, com uma quantidade m\u00ednima de pedido \u2265 300 pe\u00e7as). O couro de vaca de flor superior (gr\u00e3o\/couro de cavalo louco) \u00e9 opcional para melhorar o toque e a qualidade.<\/li>\n\n\n\n<li>Combina\u00e7\u00e3o de cores de metal: a unidade flash USB de metal pode ser submetida a um tratamento de galvanoplastia (ouro rosa, bronze, tit\u00e2nio etc.), formando um contraste de cores ou uma combina\u00e7\u00e3o da mesma cor com o couro para refor\u00e7ar os pontos de mem\u00f3ria visual.<\/li>\n<\/ul>\n<\/div>\n\n\n\n<div class=\"wp-block-column is-layout-flow wp-block-column-is-layout-flow\">\n<figure class=\"wp-block-image size-full\"><img alt=\"\" loading=\"lazy\" decoding=\"async\" width=\"800\" height=\"800\" src=\"https:\/\/www.usborkeychain.com\/wp-content\/uploads\/Metal-key-USB-drive-with-a-leather-case.jpg\" class=\"wp-image-5594\" srcset=\"https:\/\/www.usborkeychain.com\/wp-content\/uploads\/Metal-key-USB-drive-with-a-leather-case.jpg 800w, https:\/\/www.usborkeychain.com\/wp-content\/uploads\/Metal-key-USB-drive-with-a-leather-case-300x300.jpg 300w, https:\/\/www.usborkeychain.com\/wp-content\/uploads\/Metal-key-USB-drive-with-a-leather-case-150x150.jpg 150w, https:\/\/www.usborkeychain.com\/wp-content\/uploads\/Metal-key-USB-drive-with-a-leather-case-768x768.jpg 768w, https:\/\/www.usborkeychain.com\/wp-content\/uploads\/Metal-key-USB-drive-with-a-leather-case-12x12.jpg 12w, https:\/\/www.usborkeychain.com\/wp-content\/uploads\/Metal-key-USB-drive-with-a-leather-case-600x600.jpg 600w, https:\/\/www.usborkeychain.com\/wp-content\/uploads\/Metal-key-USB-drive-with-a-leather-case-100x100.jpg 100w\" sizes=\"(max-width: 800px) 100vw, 800px\" \/><\/figure>\n<\/div>\n<\/div>\n\n\n\n<h2 class=\"wp-block-heading\">Par\u00e2metros da unidade flash USB<\/h2>\n\n\n\n<figure class=\"wp-block-table\"><table class=\"has-fixed-layout\"><thead><tr><th>Categoria<\/th><th>Par\u00e2metros t\u00e9cnicos<\/th><\/tr><\/thead><tbody><tr><td>Capacidade<\/td><td>4GB \/ 8GB \/ 16GB \/ 32GB \/ 64GB \/ 128GB<\/td><\/tr><tr><td>Dimens\u00f5es (C \u00d7 L \u00d7 A)<\/td><td>110 mm \u00d7 32 mm \u00d7 7 mm<\/td><\/tr><tr><td>Peso<\/td><td>Aproximadamente 15 g (incluindo estojo de couro + chaveiro)<\/td><\/tr><tr><td>Protocolo de interface<\/td><td>USB 2.0 (compat\u00edvel com dispositivos USB 3.0)<\/td><\/tr><tr><td>Padr\u00f5es de certifica\u00e7\u00e3o<\/td><td>CE, FCC, RoHS<\/td><\/tr><\/tbody><\/table><\/figure>\n\n\n\n<div class=\"wp-block-columns is-layout-flex wp-container-core-columns-is-layout-28f84493 wp-block-columns-is-layout-flex\">\n<div class=\"wp-block-column is-layout-flow wp-block-column-is-layout-flow\">\n<figure class=\"wp-block-image size-full\"><img alt=\"\" loading=\"lazy\" decoding=\"async\" width=\"800\" height=\"717\" src=\"https:\/\/www.usborkeychain.com\/wp-content\/uploads\/Leather-USB-flash-drive-1.jpg\" class=\"wp-image-5592\" srcset=\"https:\/\/www.usborkeychain.com\/wp-content\/uploads\/Leather-USB-flash-drive-1.jpg 800w, https:\/\/www.usborkeychain.com\/wp-content\/uploads\/Leather-USB-flash-drive-1-300x269.jpg 300w, https:\/\/www.usborkeychain.com\/wp-content\/uploads\/Leather-USB-flash-drive-1-768x688.jpg 768w, https:\/\/www.usborkeychain.com\/wp-content\/uploads\/Leather-USB-flash-drive-1-13x12.jpg 13w, https:\/\/www.usborkeychain.com\/wp-content\/uploads\/Leather-USB-flash-drive-1-600x538.jpg 600w\" sizes=\"(max-width: 800px) 100vw, 800px\" \/><\/figure>\n<\/div>\n\n\n\n<div class=\"wp-block-column is-layout-flow wp-block-column-is-layout-flow\">\n<figure class=\"wp-block-image size-full\"><img alt=\"\" loading=\"lazy\" decoding=\"async\" width=\"800\" height=\"717\" src=\"https:\/\/www.usborkeychain.com\/wp-content\/uploads\/metal-key-USB-flash-drive.jpg\" class=\"wp-image-5595\" srcset=\"https:\/\/www.usborkeychain.com\/wp-content\/uploads\/metal-key-USB-flash-drive.jpg 800w, https:\/\/www.usborkeychain.com\/wp-content\/uploads\/metal-key-USB-flash-drive-300x269.jpg 300w, https:\/\/www.usborkeychain.com\/wp-content\/uploads\/metal-key-USB-flash-drive-768x688.jpg 768w, https:\/\/www.usborkeychain.com\/wp-content\/uploads\/metal-key-USB-flash-drive-13x12.jpg 13w, https:\/\/www.usborkeychain.com\/wp-content\/uploads\/metal-key-USB-flash-drive-600x538.jpg 600w\" sizes=\"(max-width: 800px) 100vw, 800px\" \/><\/figure>\n<\/div>\n\n\n\n<div class=\"wp-block-column is-layout-flow wp-block-column-is-layout-flow\">\n<figure class=\"wp-block-image size-full\"><img alt=\"\" loading=\"lazy\" decoding=\"async\" width=\"800\" height=\"717\" src=\"https:\/\/www.usborkeychain.com\/wp-content\/uploads\/wholesale-leather-usb-drive.jpg\" class=\"wp-image-5597\" srcset=\"https:\/\/www.usborkeychain.com\/wp-content\/uploads\/wholesale-leather-usb-drive.jpg 800w, https:\/\/www.usborkeychain.com\/wp-content\/uploads\/wholesale-leather-usb-drive-300x269.jpg 300w, https:\/\/www.usborkeychain.com\/wp-content\/uploads\/wholesale-leather-usb-drive-768x688.jpg 768w, https:\/\/www.usborkeychain.com\/wp-content\/uploads\/wholesale-leather-usb-drive-13x12.jpg 13w, https:\/\/www.usborkeychain.com\/wp-content\/uploads\/wholesale-leather-usb-drive-600x538.jpg 600w\" sizes=\"(max-width: 800px) 100vw, 800px\" \/><\/figure>\n<\/div>\n<\/div>\n\n\n\n<h2 class=\"wp-block-heading\">Setores aplic\u00e1veis<\/h2>\n\n\n\n<div class=\"wp-block-columns is-layout-flex wp-container-core-columns-is-layout-28f84493 wp-block-columns-is-layout-flex\">\n<div class=\"wp-block-column is-layout-flow wp-block-column-is-layout-flow\">\n<figure class=\"wp-block-image size-full\"><img alt=\"\" loading=\"lazy\" decoding=\"async\" width=\"800\" height=\"800\" src=\"https:\/\/www.usborkeychain.com\/wp-content\/uploads\/china-keychain-leather-usb-flash-drive.jpg\" class=\"wp-image-5588\" srcset=\"https:\/\/www.usborkeychain.com\/wp-content\/uploads\/china-keychain-leather-usb-flash-drive.jpg 800w, https:\/\/www.usborkeychain.com\/wp-content\/uploads\/china-keychain-leather-usb-flash-drive-300x300.jpg 300w, https:\/\/www.usborkeychain.com\/wp-content\/uploads\/china-keychain-leather-usb-flash-drive-150x150.jpg 150w, https:\/\/www.usborkeychain.com\/wp-content\/uploads\/china-keychain-leather-usb-flash-drive-768x768.jpg 768w, https:\/\/www.usborkeychain.com\/wp-content\/uploads\/china-keychain-leather-usb-flash-drive-12x12.jpg 12w, https:\/\/www.usborkeychain.com\/wp-content\/uploads\/china-keychain-leather-usb-flash-drive-600x600.jpg 600w, https:\/\/www.usborkeychain.com\/wp-content\/uploads\/china-keychain-leather-usb-flash-drive-100x100.jpg 100w\" sizes=\"(max-width: 800px) 100vw, 800px\" \/><\/figure>\n\n\n\n<ul class=\"wp-block-list\">\n<li>Presentes de agradecimento para clientes VIP do banco: LOGOTIPO personalizado da marca e capacidade exclusiva.<\/li>\n\n\n\n<li>Eventos de marcas de luxo: Estojo de couro com padr\u00e3o de crocodilo + pen drive de tit\u00e2nio, com emblemas da marca gravados a laser.<\/li>\n<\/ul>\n<\/div>\n\n\n\n<div class=\"wp-block-column is-layout-flow wp-block-column-is-layout-flow\">\n<figure class=\"wp-block-image size-full\"><img alt=\"\" loading=\"lazy\" decoding=\"async\" width=\"800\" height=\"800\" src=\"https:\/\/www.usborkeychain.com\/wp-content\/uploads\/usb-drive-leather-metal-key.jpg\" class=\"wp-image-5596\" srcset=\"https:\/\/www.usborkeychain.com\/wp-content\/uploads\/usb-drive-leather-metal-key.jpg 800w, https:\/\/www.usborkeychain.com\/wp-content\/uploads\/usb-drive-leather-metal-key-300x300.jpg 300w, https:\/\/www.usborkeychain.com\/wp-content\/uploads\/usb-drive-leather-metal-key-150x150.jpg 150w, https:\/\/www.usborkeychain.com\/wp-content\/uploads\/usb-drive-leather-metal-key-768x768.jpg 768w, https:\/\/www.usborkeychain.com\/wp-content\/uploads\/usb-drive-leather-metal-key-12x12.jpg 12w, https:\/\/www.usborkeychain.com\/wp-content\/uploads\/usb-drive-leather-metal-key-600x600.jpg 600w, https:\/\/www.usborkeychain.com\/wp-content\/uploads\/usb-drive-leather-metal-key-100x100.jpg 100w\" sizes=\"(max-width: 800px) 100vw, 800px\" \/><\/figure>\n\n\n\n<ul class=\"wp-block-list\">\n<li>Lembran\u00e7as de casamento: Estojo de couro em vermelho\/dourado festivo, com o pen drive USB de metal gravado com os nomes e as datas dos rec\u00e9m-casados.<\/li>\n\n\n\n<li>Presentes para propriet\u00e1rios de marcas de autom\u00f3veis: Unidade flash USB de metal gravada com logotipos de carros, com estojo de couro na cor da marca.<\/li>\n<\/ul>\n<\/div>\n\n\n\n<div class=\"wp-block-column is-layout-flow wp-block-column-is-layout-flow\">\n<figure class=\"wp-block-image size-full\"><img alt=\"\" loading=\"lazy\" decoding=\"async\" width=\"800\" height=\"800\" src=\"https:\/\/www.usborkeychain.com\/wp-content\/uploads\/Metal-Key-Pen-Drive-With-Cover.jpg\" class=\"wp-image-5593\" srcset=\"https:\/\/www.usborkeychain.com\/wp-content\/uploads\/Metal-Key-Pen-Drive-With-Cover.jpg 800w, https:\/\/www.usborkeychain.com\/wp-content\/uploads\/Metal-Key-Pen-Drive-With-Cover-300x300.jpg 300w, https:\/\/www.usborkeychain.com\/wp-content\/uploads\/Metal-Key-Pen-Drive-With-Cover-150x150.jpg 150w, https:\/\/www.usborkeychain.com\/wp-content\/uploads\/Metal-Key-Pen-Drive-With-Cover-768x768.jpg 768w, https:\/\/www.usborkeychain.com\/wp-content\/uploads\/Metal-Key-Pen-Drive-With-Cover-12x12.jpg 12w, https:\/\/www.usborkeychain.com\/wp-content\/uploads\/Metal-Key-Pen-Drive-With-Cover-600x600.jpg 600w, https:\/\/www.usborkeychain.com\/wp-content\/uploads\/Metal-Key-Pen-Drive-With-Cover-100x100.jpg 100w\" sizes=\"(max-width: 800px) 100vw, 800px\" \/><\/figure>\n\n\n\n<p>Produtos culturais e criativos com marcas compartilhadas de PI: Como museus e exposi\u00e7\u00f5es de arte, em que o design da unidade flash USB incorpora elementos de PI (por exemplo, formas de rel\u00edquias culturais, padr\u00f5es art\u00edsticos) e o estojo de couro \u00e9 gravado com logotipos de PI, tornando-se \"derivados culturais\".<\/p>\n<\/div>\n<\/div>\n\n\n\n<p>O <strong>Unidade flash USB com chave de metal e estojo de couro<\/strong>O chaveiro da marca Kinross, por meio de seu design triplo de \"formato cl\u00e1ssico de chave + prote\u00e7\u00e3o de couro + portabilidade do chaveiro\", aborda os pontos problem\u00e1ticos do setor de ser f\u00e1cil de perder, f\u00e1cil de danificar e dif\u00edcil de transportar. Seu m\u00e9todo de conex\u00e3o inovador de fivela do estojo de couro + argola para chaveiro eleva a conveni\u00eancia e a seguran\u00e7a a um novo patamar. Seja como um companheiro di\u00e1rio para uso pessoal ou como um presente USB de couro de alta qualidade, amplamente aplicado nos setores imobili\u00e1rio, automotivo, hoteleiro, financeiro e outros, ele eleva com sucesso as fun\u00e7\u00f5es pr\u00e1ticas a um suporte para transmitir o valor da marca.<\/p>","protected":false},"excerpt":{"rendered":"<ul>\n<li>Liga de zinco<\/li>\n<li>Cores do couro<\/li>\n<li>Padr\u00f5es de certifica\u00e7\u00e3o: CE, FCC, RoHS<\/li>\n<li>Formato de chave de metal + estojo de couro costurado + chaveiro<\/li>\n<li>MOQ:100pcs<\/li>\n<\/ul>","protected":false},"featured_media":5589,"comment_status":"open","ping_status":"closed","template":"","meta":{"_seopress_robots_primary_cat":"","_seopress_titles_title":"","_seopress_titles_desc":"","_seopress_robots_index":"","site-sidebar-layout":"default","site-content-layout":"","ast-site-content-layout":"","site-content-style":"default","site-sidebar-style":"default","ast-global-header-display":"","ast-banner-title-visibility":"","ast-main-header-display":"","ast-hfb-above-header-display":"","ast-hfb-below-header-display":"","ast-hfb-mobile-header-display":"","site-post-title":"","ast-breadcrumbs-content":"","ast-featured-img":"","footer-sml-layout":"","theme-transparent-header-meta":"","adv-header-id-meta":"","stick-header-meta":"","header-above-stick-meta":"","header-main-stick-meta":"","header-below-stick-meta":"","astra-migrate-meta-layouts":"default","ast-page-background-enabled":"default","ast-page-background-meta":{"desktop":{"background-color":"var(--ast-global-color-5)","background-image":"","background-repeat":"repeat","background-position":"center center","background-size":"auto","background-attachment":"scroll","background-type":"","background-media":"","overlay-type":"","overlay-color":"","overlay-opacity":"","overlay-gradient":""},"tablet":{"background-color":"","background-image":"","background-repeat":"repeat","background-position":"center center","background-size":"auto","background-attachment":"scroll","background-type":"","background-media":"","overlay-type":"","overlay-color":"","overlay-opacity":"","overlay-gradient":""},"mobile":{"background-color":"","background-image":"","background-repeat":"repeat","background-position":"center center","background-size":"auto","background-attachment":"scroll","background-type":"","background-media":"","overlay-type":"","overlay-color":"","overlay-opacity":"","overlay-gradient":""}},"ast-content-background-meta":{"desktop":{"background-color":"var(--ast-global-color-4)","background-image":"","background-repeat":"repeat","background-position":"center center","background-size":"auto","background-attachment":"scroll","background-type":"","background-media":"","overlay-type":"","overlay-color":"","overlay-opacity":"","overlay-gradient":""},"tablet":{"background-color":"var(--ast-global-color-4)","background-image":"","background-repeat":"repeat","background-position":"center center","background-size":"auto","background-attachment":"scroll","background-type":"","background-media":"","overlay-type":"","overlay-color":"","overlay-opacity":"","overlay-gradient":""},"mobile":{"background-color":"var(--ast-global-color-4)","background-image":"","background-repeat":"repeat","background-position":"center center","background-size":"auto","background-attachment":"scroll","background-type":"","background-media":"","overlay-type":"","overlay-color":"","overlay-opacity":"","overlay-gradient":""}}},"product_brand":[],"product_cat":[90],"product_tag":[345],"class_list":{"0":"post-5585","1":"product","2":"type-product","3":"status-publish","4":"has-post-thumbnail","6":"product_cat-leather-usb-pendrive","7":"product_tag-metal-key-usb-flash-drive-with-leather-case","8":"desktop-align-left","9":"tablet-align-left","10":"mobile-align-left","12":"first","13":"instock","14":"shipping-taxable","15":"product-type-simple"},"_links":{"self":[{"href":"https:\/\/www.usborkeychain.com\/pt\/wp-json\/wp\/v2\/product\/5585","targetHints":{"allow":["GET"]}}],"collection":[{"href":"https:\/\/www.usborkeychain.com\/pt\/wp-json\/wp\/v2\/product"}],"about":[{"href":"https:\/\/www.usborkeychain.com\/pt\/wp-json\/wp\/v2\/types\/product"}],"replies":[{"embeddable":true,"href":"https:\/\/www.usborkeychain.com\/pt\/wp-json\/wp\/v2\/comments?post=5585"}],"wp:featuredmedia":[{"embeddable":true,"href":"https:\/\/www.usborkeychain.com\/pt\/wp-json\/wp\/v2\/media\/5589"}],"wp:attachment":[{"href":"https:\/\/www.usborkeychain.com\/pt\/wp-json\/wp\/v2\/media?parent=5585"}],"wp:term":[{"taxonomy":"product_brand","embeddable":true,"href":"https:\/\/www.usborkeychain.com\/pt\/wp-json\/wp\/v2\/product_brand?post=5585"},{"taxonomy":"product_cat","embeddable":true,"href":"https:\/\/www.usborkeychain.com\/pt\/wp-json\/wp\/v2\/product_cat?post=5585"},{"taxonomy":"product_tag","embeddable":true,"href":"https:\/\/www.usborkeychain.com\/pt\/wp-json\/wp\/v2\/product_tag?post=5585"}],"curies":[{"name":"wp","href":"https:\/\/api.w.org\/{rel}","templated":true}]}}