{"id":5598,"date":"2025-08-02T16:08:08","date_gmt":"2025-08-02T16:08:08","guid":{"rendered":"https:\/\/www.usborkeychain.com\/?post_type=product&#038;p=5598"},"modified":"2025-08-02T16:17:28","modified_gmt":"2025-08-02T16:17:28","slug":"whistle-leather-usb-flash-drive","status":"publish","type":"product","link":"https:\/\/www.usborkeychain.com\/pt\/produto\/whistle-leather-usb-flash-drive\/","title":{"rendered":"Unidade flash USB de couro Whistle"},"content":{"rendered":"<div class=\"wp-block-columns is-layout-flex wp-container-core-columns-is-layout-28f84493 wp-block-columns-is-layout-flex\">\n<div class=\"wp-block-column is-vertically-aligned-center is-layout-flow wp-block-column-is-layout-flow\">\n<p>O <strong>Recursos da unidade flash USB Whistle Leather <\/strong>uma estrutura central de \"estrutura de liga de zinco + estojo de couro PU + chaveiro de metal\", combinando perfeitamente a textura industrial com o calor do couro, redefinindo a linguagem de design do \"<strong>Estojo de couro para chaveiro Unidades flash USB<\/strong>&#8220;.<\/p>\n\n\n\n<h2 class=\"wp-block-heading\">Materiais<\/h2>\n\n\n\n<ul class=\"wp-block-list\">\n<li><strong>Corpo totalmente em liga de zinco<\/strong>:<br>Adota o processo de fundi\u00e7\u00e3o sob press\u00e3o de alta press\u00e3o, com moldagem em uma \u00fanica pe\u00e7a e sem juntas. A superf\u00edcie \u00e9 submetida a galvanoplastia + polimento espelhado, apresentando propriedades de resist\u00eancia a quedas e antioxida\u00e7\u00e3o;<br>A interface USB se conecta perfeitamente ao corpo principal, garantindo a estabilidade do plug-and-pull.<\/li>\n<\/ul>\n<\/div>\n\n\n\n<div class=\"wp-block-column is-vertically-aligned-center is-layout-flow wp-block-column-is-layout-flow\">\n<figure class=\"wp-block-image size-full\"><img alt=\"\" fetchpriority=\"high\" decoding=\"async\" width=\"800\" height=\"800\" src=\"https:\/\/www.usborkeychain.com\/wp-content\/uploads\/keyring-leather-usb-pen-drive.png\" class=\"wp-image-5602\" srcset=\"https:\/\/www.usborkeychain.com\/wp-content\/uploads\/keyring-leather-usb-pen-drive.png 800w, https:\/\/www.usborkeychain.com\/wp-content\/uploads\/keyring-leather-usb-pen-drive-300x300.png 300w, https:\/\/www.usborkeychain.com\/wp-content\/uploads\/keyring-leather-usb-pen-drive-150x150.png 150w, https:\/\/www.usborkeychain.com\/wp-content\/uploads\/keyring-leather-usb-pen-drive-768x768.png 768w, https:\/\/www.usborkeychain.com\/wp-content\/uploads\/keyring-leather-usb-pen-drive-12x12.png 12w, https:\/\/www.usborkeychain.com\/wp-content\/uploads\/keyring-leather-usb-pen-drive-600x600.png 600w, https:\/\/www.usborkeychain.com\/wp-content\/uploads\/keyring-leather-usb-pen-drive-100x100.png 100w\" sizes=\"(max-width: 800px) 100vw, 800px\" \/><\/figure>\n<\/div>\n<\/div>\n\n\n\n<div class=\"wp-block-columns are-vertically-aligned-center is-layout-flex wp-container-core-columns-is-layout-28f84493 wp-block-columns-is-layout-flex\">\n<div class=\"wp-block-column is-vertically-aligned-center is-layout-flow wp-block-column-is-layout-flow\">\n<ul class=\"wp-block-list\">\n<li><strong>Estojo de couro PU com acabamento artesanal<\/strong>:<br>Couro PU selecionado de alta densidade e resistente ao desgaste com revestimento antiincrustante na superf\u00edcie, oferecendo um toque delicado;<br>O estojo de couro e o corpo de metal s\u00e3o fixados por meio de slots para cart\u00f5es gravados a laser + colagem adesiva de alta resist\u00eancia, com uma resist\u00eancia \u00e0 tra\u00e7\u00e3o \u2265 8N, eliminando o risco de desprendimento.<\/li>\n\n\n\n<li><strong>Chaveiro de metal<\/strong>:<br>Adota um anel de a\u00e7o inoxid\u00e1vel 304, conectado ao corpo da unidade flash USB por meio de um prendedor de liga de zinco, permitindo o transporte integrado de \"unidade USB + chaves\". Isso resolve completamente o problema de \"unidades USB f\u00e1ceis de perder\". Ele \u00e9 compat\u00edvel com mochilas e chaves de carro, servindo como uma ferramenta de armazenamento \"prontamente acess\u00edvel\" que equilibra moda e praticidade.<\/li>\n<\/ul>\n<\/div>\n\n\n\n<div class=\"wp-block-column is-vertically-aligned-center is-layout-flow wp-block-column-is-layout-flow\">\n<figure class=\"wp-block-image size-full\"><img alt=\"\" decoding=\"async\" width=\"800\" height=\"800\" src=\"https:\/\/www.usborkeychain.com\/wp-content\/uploads\/buy-leather-usb-flash-drive.png\" class=\"wp-image-5601\" srcset=\"https:\/\/www.usborkeychain.com\/wp-content\/uploads\/buy-leather-usb-flash-drive.png 800w, https:\/\/www.usborkeychain.com\/wp-content\/uploads\/buy-leather-usb-flash-drive-300x300.png 300w, https:\/\/www.usborkeychain.com\/wp-content\/uploads\/buy-leather-usb-flash-drive-150x150.png 150w, https:\/\/www.usborkeychain.com\/wp-content\/uploads\/buy-leather-usb-flash-drive-768x768.png 768w, https:\/\/www.usborkeychain.com\/wp-content\/uploads\/buy-leather-usb-flash-drive-12x12.png 12w, https:\/\/www.usborkeychain.com\/wp-content\/uploads\/buy-leather-usb-flash-drive-600x600.png 600w, https:\/\/www.usborkeychain.com\/wp-content\/uploads\/buy-leather-usb-flash-drive-100x100.png 100w\" sizes=\"(max-width: 800px) 100vw, 800px\" \/><\/figure>\n<\/div>\n<\/div>\n\n\n\n<h2 class=\"wp-block-heading\">Destaques do design<\/h2>\n\n\n\n<div class=\"wp-block-columns is-layout-flex wp-container-core-columns-is-layout-28f84493 wp-block-columns-is-layout-flex\">\n<div class=\"wp-block-column is-layout-flow wp-block-column-is-layout-flow\">\n<figure class=\"wp-block-image size-full\"><img alt=\"\" decoding=\"async\" width=\"800\" height=\"800\" src=\"https:\/\/www.usborkeychain.com\/wp-content\/uploads\/leather-case-USB-drive-keychain.png\" class=\"wp-image-5603\" srcset=\"https:\/\/www.usborkeychain.com\/wp-content\/uploads\/leather-case-USB-drive-keychain.png 800w, https:\/\/www.usborkeychain.com\/wp-content\/uploads\/leather-case-USB-drive-keychain-300x300.png 300w, https:\/\/www.usborkeychain.com\/wp-content\/uploads\/leather-case-USB-drive-keychain-150x150.png 150w, https:\/\/www.usborkeychain.com\/wp-content\/uploads\/leather-case-USB-drive-keychain-768x768.png 768w, https:\/\/www.usborkeychain.com\/wp-content\/uploads\/leather-case-USB-drive-keychain-12x12.png 12w, https:\/\/www.usborkeychain.com\/wp-content\/uploads\/leather-case-USB-drive-keychain-600x600.png 600w, https:\/\/www.usborkeychain.com\/wp-content\/uploads\/leather-case-USB-drive-keychain-100x100.png 100w\" sizes=\"(max-width: 800px) 100vw, 800px\" \/><\/figure>\n<\/div>\n\n\n\n<div class=\"wp-block-column is-vertically-aligned-center is-layout-flow wp-block-column-is-layout-flow\">\n<ul class=\"wp-block-list\">\n<li><strong>Est\u00e9tica curva<\/strong>: O corpo da unidade flash USB apresenta um design com \"contorno de apito em forma de S\", criando um contraste visual entre a dureza do metal e a maciez do couro. Ele se ajusta \u00e0 palma da m\u00e3o quando segurado (design ergon\u00f4mico, melhorando o conforto da empunhadura por 40%);<\/li>\n\n\n\n<li><strong>Prote\u00e7\u00e3o da tampa<\/strong>: A capa de couro, na mesma cor do corpo principal, envolve firmemente a interface USB (classe de prote\u00e7\u00e3o IP42, \u00e0 prova de poeira + resistente a arranh\u00f5es). <\/li>\n\n\n\n<li><strong>Contraste de cores<\/strong>: O prata met\u00e1lico forma um contraste impressionante com os estojos de couro PU (dispon\u00edveis em preto, vermelho, laranja, verde, etc.), retr\u00f4 e outros estilos diversos, tornando-o um destaque est\u00e9tico entre \"<strong>Unidades flash USB de couro para presentes de alta qualidade<\/strong>&#8220;.<\/li>\n<\/ul>\n<\/div>\n<\/div>\n\n\n\n<h2 class=\"wp-block-heading\">T\u00e9cnicas de personaliza\u00e7\u00e3o do logotipo<\/h2>\n\n\n\n<figure class=\"wp-block-table\"><table class=\"has-fixed-layout\"><thead><tr><th>Transportadora de personaliza\u00e7\u00e3o<\/th><th>Tipo de artesanato<\/th><th>Recursos de efeito<\/th><\/tr><\/thead><tbody><tr><td>Estojo de couro PU<\/td><td>Hot Stamping<\/td><td>LOGOTIPO tridimensional, integrando-se \u00e0 textura do couro<\/td><\/tr><tr><td>Estojo de couro PU<\/td><td>Impress\u00e3o em tela de seda<\/td><td>Cores vibrantes, adequadas para gradientes\/padr\u00f5es<\/td><\/tr><tr><td>Corpo met\u00e1lico<\/td><td>Grava\u00e7\u00e3o a laser<\/td><td>Acabamento fosco, linhas n\u00edtidas<\/td><\/tr><tr><td>Corpo met\u00e1lico<\/td><td>Letras galvanizadas<\/td><td>Brilho met\u00e1lico, destacando a qualidade de ponta<\/td><\/tr><\/tbody><\/table><\/figure>\n\n\n\n<h3 class=\"wp-block-heading\">Personaliza\u00e7\u00e3o de cores e materiais<\/h3>\n\n\n\n<div class=\"wp-block-columns is-layout-flex wp-container-core-columns-is-layout-28f84493 wp-block-columns-is-layout-flex\">\n<div class=\"wp-block-column is-vertically-aligned-center is-layout-flow wp-block-column-is-layout-flow\">\n<ul class=\"wp-block-list\">\n<li><strong>Cores de PU<\/strong>: As cores padr\u00e3o incluem preto, vermelho, laranja e verde (abrangendo as cores Pantone cl\u00e1ssicas). H\u00e1 suporte para a correspond\u00eancia de cores personalizadas (por exemplo, cores VI corporativas, com uma quantidade m\u00ednima de pedido \u2265 200 unidades); o couro de vaca de granula\u00e7\u00e3o superior (tombado\/granulado) \u00e9 opcional para aprimorar o toque e criar uma personaliza\u00e7\u00e3o de luxo;<\/li>\n\n\n\n<li><strong>Op\u00e7\u00f5es de cores de metal<\/strong>: O corpo de liga de zinco pode ser galvanizado em cores (ouro rosa, bronze), formando um contraste de cores ou combinando com o couro para fortalecer a mem\u00f3ria visual da marca.<\/li>\n<\/ul>\n<\/div>\n\n\n\n<div class=\"wp-block-column is-vertically-aligned-center is-layout-flow wp-block-column-is-layout-flow\">\n<figure class=\"wp-block-image size-full\"><img alt=\"\" loading=\"lazy\" decoding=\"async\" width=\"800\" height=\"800\" src=\"https:\/\/www.usborkeychain.com\/wp-content\/uploads\/Leather-USB-Flash-Drives-2.png\" class=\"wp-image-5605\" srcset=\"https:\/\/www.usborkeychain.com\/wp-content\/uploads\/Leather-USB-Flash-Drives-2.png 800w, https:\/\/www.usborkeychain.com\/wp-content\/uploads\/Leather-USB-Flash-Drives-2-300x300.png 300w, https:\/\/www.usborkeychain.com\/wp-content\/uploads\/Leather-USB-Flash-Drives-2-150x150.png 150w, https:\/\/www.usborkeychain.com\/wp-content\/uploads\/Leather-USB-Flash-Drives-2-768x768.png 768w, https:\/\/www.usborkeychain.com\/wp-content\/uploads\/Leather-USB-Flash-Drives-2-12x12.png 12w, https:\/\/www.usborkeychain.com\/wp-content\/uploads\/Leather-USB-Flash-Drives-2-600x600.png 600w, https:\/\/www.usborkeychain.com\/wp-content\/uploads\/Leather-USB-Flash-Drives-2-100x100.png 100w\" sizes=\"(max-width: 800px) 100vw, 800px\" \/><\/figure>\n<\/div>\n<\/div>\n\n\n\n<h2 class=\"wp-block-heading\">Par\u00e2metros da unidade flash USB<\/h2>\n\n\n\n<figure class=\"wp-block-table\"><table class=\"has-fixed-layout\"><thead><tr><th>Categoria<\/th><th>Par\u00e2metros t\u00e9cnicos<\/th><\/tr><\/thead><tbody><tr><td>Capacidade<\/td><td>4GB \/ 8GB \/ 16GB \/ 32GB \/ 64GB \/ 128GB<\/td><\/tr><tr><td>Dimens\u00f5es (C \u00d7 L \u00d7 A)<\/td><td>55 mm \u00d7 14 mm \u00d7 12 mm<\/td><\/tr><tr><td>Peso<\/td><td>Aproximadamente 20 g (incluindo estojo de couro + chaveiro)<\/td><\/tr><tr><td>Protocolo de interface<\/td><td>USB 2.0 \/ USB 3.0<\/td><\/tr><tr><td>Padr\u00f5es de certifica\u00e7\u00e3o<\/td><td>CE, FCC, RoHS<\/td><\/tr><\/tbody><\/table><\/figure>\n\n\n\n<h2 class=\"wp-block-heading\">Setores aplic\u00e1veis<\/h2>\n\n\n\n<div class=\"wp-block-columns are-vertically-aligned-center is-layout-flex wp-container-core-columns-is-layout-28f84493 wp-block-columns-is-layout-flex\">\n<div class=\"wp-block-column is-vertically-aligned-center is-layout-flow wp-block-column-is-layout-flow\">\n<figure class=\"wp-block-image size-full\"><img alt=\"\" loading=\"lazy\" decoding=\"async\" width=\"800\" height=\"800\" src=\"https:\/\/www.usborkeychain.com\/wp-content\/uploads\/leather-usb-drive.png\" class=\"wp-image-5604\" srcset=\"https:\/\/www.usborkeychain.com\/wp-content\/uploads\/leather-usb-drive.png 800w, https:\/\/www.usborkeychain.com\/wp-content\/uploads\/leather-usb-drive-300x300.png 300w, https:\/\/www.usborkeychain.com\/wp-content\/uploads\/leather-usb-drive-150x150.png 150w, https:\/\/www.usborkeychain.com\/wp-content\/uploads\/leather-usb-drive-768x768.png 768w, https:\/\/www.usborkeychain.com\/wp-content\/uploads\/leather-usb-drive-12x12.png 12w, https:\/\/www.usborkeychain.com\/wp-content\/uploads\/leather-usb-drive-600x600.png 600w, https:\/\/www.usborkeychain.com\/wp-content\/uploads\/leather-usb-drive-100x100.png 100w\" sizes=\"(max-width: 800px) 100vw, 800px\" \/><\/figure>\n<\/div>\n\n\n\n<div class=\"wp-block-column is-vertically-aligned-center is-layout-flow wp-block-column-is-layout-flow\">\n<ul class=\"wp-block-list\">\n<li>Setor automotivo: Presentes para compras de carros em lojas 4S, presentes para membros de clubes de propriet\u00e1rios de carros, presentes de acompanhamento p\u00f3s-venda.<\/li>\n\n\n\n<li>Servi\u00e7os de varejo\/membros de alto padr\u00e3o: Presentes exclusivos para membros de lojas de luxo e butiques, presentes de anivers\u00e1rio para clientes VIP.<\/li>\n\n\n\n<li>Eventos e exposi\u00e7\u00f5es: Presentes para convidados\/participantes de grandes exposi\u00e7\u00f5es, confer\u00eancias e f\u00f3runs.<\/li>\n\n\n\n<li>Setor de turismo e atividades ao ar livre: Presentes personalizados de ag\u00eancias de viagem, presentes para membros de hot\u00e9is premium, equipamentos para clubes de atividades ao ar livre.<\/li>\n\n\n\n<li>Setor financeiro\/seguros: Pequenos presentes pr\u00e1ticos para clientes rec\u00e9m-contratados ou clientes com alto patrim\u00f4nio l\u00edquido.<\/li>\n\n\n\n<li>Benef\u00edcios corporativos para funcion\u00e1rios: Presentes de boas-vindas para novos funcion\u00e1rios, pequenas lembran\u00e7as de anivers\u00e1rio.<\/li>\n<\/ul>\n<\/div>\n<\/div>\n\n\n\n<h2 class=\"wp-block-heading\">Principais vantagens<\/h2>\n\n\n\n<div class=\"wp-block-columns is-layout-flex wp-container-core-columns-is-layout-28f84493 wp-block-columns-is-layout-flex\">\n<div class=\"wp-block-column is-vertically-aligned-center is-layout-flow wp-block-column-is-layout-flow\">\n<ul class=\"wp-block-list\">\n<li>Plug-and-play sem preocupa\u00e7\u00f5es: O <strong>Vers\u00e3o USB 3.0<\/strong> oferece velocidades de leitura\/grava\u00e7\u00e3o tr\u00eas vezes mais r\u00e1pidas (em compara\u00e7\u00e3o com o USB 2.0), atendendo \u00e0 demanda de transmiss\u00e3o r\u00e1pida de arquivos grandes (v\u00eddeos, material did\u00e1tico);<\/li>\n\n\n\n<li>Vida \u00fatil ultralonga: O corpo de liga de zinco \u00e9 aprovado em 5.000 testes de flex\u00e3o (\u00e2ngulo de flex\u00e3o na interface \u2264 45\u00b0) e o estojo de couro PU \u00e9 aprovado em 20.000 testes de atrito (grau de resist\u00eancia ao desgaste \u2265 4), garantindo o uso est\u00e1vel por mais de 3 anos;<\/li>\n\n\n\n<li>Custo control\u00e1vel: A solu\u00e7\u00e3o de estojo de couro PU reduz o custo em 30% em compara\u00e7\u00e3o com o couro bovino de gr\u00e3o superior, o que o torna mais adequado para compras em grandes quantidades (por exemplo, reuni\u00f5es anuais corporativas, exposi\u00e7\u00f5es do setor).<\/li>\n<\/ul>\n<\/div>\n\n\n\n<div class=\"wp-block-column is-vertically-aligned-center is-layout-flow wp-block-column-is-layout-flow\">\n<figure class=\"wp-block-image size-full\"><img alt=\"\" loading=\"lazy\" decoding=\"async\" width=\"800\" height=\"800\" src=\"https:\/\/www.usborkeychain.com\/wp-content\/uploads\/Whistle-Leather-USB-Flash-Drive.png\" class=\"wp-image-5606\" srcset=\"https:\/\/www.usborkeychain.com\/wp-content\/uploads\/Whistle-Leather-USB-Flash-Drive.png 800w, https:\/\/www.usborkeychain.com\/wp-content\/uploads\/Whistle-Leather-USB-Flash-Drive-300x300.png 300w, https:\/\/www.usborkeychain.com\/wp-content\/uploads\/Whistle-Leather-USB-Flash-Drive-150x150.png 150w, https:\/\/www.usborkeychain.com\/wp-content\/uploads\/Whistle-Leather-USB-Flash-Drive-768x768.png 768w, https:\/\/www.usborkeychain.com\/wp-content\/uploads\/Whistle-Leather-USB-Flash-Drive-12x12.png 12w, https:\/\/www.usborkeychain.com\/wp-content\/uploads\/Whistle-Leather-USB-Flash-Drive-600x600.png 600w, https:\/\/www.usborkeychain.com\/wp-content\/uploads\/Whistle-Leather-USB-Flash-Drive-100x100.png 100w\" sizes=\"(max-width: 800px) 100vw, 800px\" \/><\/figure>\n<\/div>\n<\/div>\n\n\n\n<div class=\"wp-block-columns is-layout-flex wp-container-core-columns-is-layout-28f84493 wp-block-columns-is-layout-flex\">\n<div class=\"wp-block-column is-layout-flow wp-block-column-is-layout-flow\">\n<figure class=\"wp-block-image size-full\"><img alt=\"\" loading=\"lazy\" decoding=\"async\" width=\"800\" height=\"800\" src=\"https:\/\/www.usborkeychain.com\/wp-content\/uploads\/Whistle-Style-USB-High-Quality-Leather-Pendrive.png\" class=\"wp-image-5607\" srcset=\"https:\/\/www.usborkeychain.com\/wp-content\/uploads\/Whistle-Style-USB-High-Quality-Leather-Pendrive.png 800w, https:\/\/www.usborkeychain.com\/wp-content\/uploads\/Whistle-Style-USB-High-Quality-Leather-Pendrive-300x300.png 300w, https:\/\/www.usborkeychain.com\/wp-content\/uploads\/Whistle-Style-USB-High-Quality-Leather-Pendrive-150x150.png 150w, https:\/\/www.usborkeychain.com\/wp-content\/uploads\/Whistle-Style-USB-High-Quality-Leather-Pendrive-768x768.png 768w, https:\/\/www.usborkeychain.com\/wp-content\/uploads\/Whistle-Style-USB-High-Quality-Leather-Pendrive-12x12.png 12w, https:\/\/www.usborkeychain.com\/wp-content\/uploads\/Whistle-Style-USB-High-Quality-Leather-Pendrive-600x600.png 600w, https:\/\/www.usborkeychain.com\/wp-content\/uploads\/Whistle-Style-USB-High-Quality-Leather-Pendrive-100x100.png 100w\" sizes=\"(max-width: 800px) 100vw, 800px\" \/><\/figure>\n<\/div>\n\n\n\n<div class=\"wp-block-column is-vertically-aligned-center is-layout-flow wp-block-column-is-layout-flow\">\n<p>Como um modelo de refer\u00eancia de \"<strong>Estojo de couro para chaveiro Unidades flash USB<\/strong>\", o <strong>Unidade flash USB de couro Whistle<\/strong> A Whistle Leather USB Flash Drive se destaca entre os diversos designs de unidades USB com estojo de couro de liga de zinco-PU com estrutura inovadora, ic\u00f4nico chaveiro de metal de grandes dimens\u00f5es e cores vibrantes personaliz\u00e1veis com t\u00e9cnicas de estampagem\/silk screen, continuando a liderar o mercado de unidades flash USB para presentes. Na era do aumento da demanda por presentes personalizados, a unidade flash USB de couro Whistle, munida de \"design cl\u00e1ssico + personaliza\u00e7\u00e3o flex\u00edvel\", tornou-se uma campe\u00e3 perene no setor de unidades flash USB de couro para presentes de alta qualidade.<\/p>\n<\/div>\n<\/div>\n\n\n\n<p><\/p>","protected":false},"excerpt":{"rendered":"<ul>\n<li>Corpo totalmente em liga de zinco<\/li>\n<li>Estojo de couro PU com acabamento artesanal<\/li>\n<li>Chaveiro de metal<\/li>\n<li>Personaliza\u00e7\u00e3o de cores e materiais<\/li>\n<li>MOQ:100pcs<\/li>\n<\/ul>","protected":false},"featured_media":5602,"comment_status":"open","ping_status":"closed","template":"","meta":{"_seopress_robots_primary_cat":"","_seopress_titles_title":"","_seopress_titles_desc":"","_seopress_robots_index":"","site-sidebar-layout":"default","site-content-layout":"","ast-site-content-layout":"","site-content-style":"default","site-sidebar-style":"default","ast-global-header-display":"","ast-banner-title-visibility":"","ast-main-header-display":"","ast-hfb-above-header-display":"","ast-hfb-below-header-display":"","ast-hfb-mobile-header-display":"","site-post-title":"","ast-breadcrumbs-content":"","ast-featured-img":"","footer-sml-layout":"","theme-transparent-header-meta":"","adv-header-id-meta":"","stick-header-meta":"","header-above-stick-meta":"","header-main-stick-meta":"","header-below-stick-meta":"","astra-migrate-meta-layouts":"default","ast-page-background-enabled":"default","ast-page-background-meta":{"desktop":{"background-color":"var(--ast-global-color-5)","background-image":"","background-repeat":"repeat","background-position":"center center","background-size":"auto","background-attachment":"scroll","background-type":"","background-media":"","overlay-type":"","overlay-color":"","overlay-opacity":"","overlay-gradient":""},"tablet":{"background-color":"","background-image":"","background-repeat":"repeat","background-position":"center center","background-size":"auto","background-attachment":"scroll","background-type":"","background-media":"","overlay-type":"","overlay-color":"","overlay-opacity":"","overlay-gradient":""},"mobile":{"background-color":"","background-image":"","background-repeat":"repeat","background-position":"center center","background-size":"auto","background-attachment":"scroll","background-type":"","background-media":"","overlay-type":"","overlay-color":"","overlay-opacity":"","overlay-gradient":""}},"ast-content-background-meta":{"desktop":{"background-color":"var(--ast-global-color-4)","background-image":"","background-repeat":"repeat","background-position":"center center","background-size":"auto","background-attachment":"scroll","background-type":"","background-media":"","overlay-type":"","overlay-color":"","overlay-opacity":"","overlay-gradient":""},"tablet":{"background-color":"var(--ast-global-color-4)","background-image":"","background-repeat":"repeat","background-position":"center center","background-size":"auto","background-attachment":"scroll","background-type":"","background-media":"","overlay-type":"","overlay-color":"","overlay-opacity":"","overlay-gradient":""},"mobile":{"background-color":"var(--ast-global-color-4)","background-image":"","background-repeat":"repeat","background-position":"center center","background-size":"auto","background-attachment":"scroll","background-type":"","background-media":"","overlay-type":"","overlay-color":"","overlay-opacity":"","overlay-gradient":""}}},"product_brand":[],"product_cat":[90],"product_tag":[346,347],"class_list":{"0":"post-5598","1":"product","2":"type-product","3":"status-publish","4":"has-post-thumbnail","6":"product_cat-leather-usb-pendrive","7":"product_tag-keychain-leather-case-usb-flash-drives","8":"product_tag-whistle-leather-usb-flash-drive","9":"desktop-align-left","10":"tablet-align-left","11":"mobile-align-left","13":"first","14":"instock","15":"shipping-taxable","16":"product-type-simple"},"_links":{"self":[{"href":"https:\/\/www.usborkeychain.com\/pt\/wp-json\/wp\/v2\/product\/5598","targetHints":{"allow":["GET"]}}],"collection":[{"href":"https:\/\/www.usborkeychain.com\/pt\/wp-json\/wp\/v2\/product"}],"about":[{"href":"https:\/\/www.usborkeychain.com\/pt\/wp-json\/wp\/v2\/types\/product"}],"replies":[{"embeddable":true,"href":"https:\/\/www.usborkeychain.com\/pt\/wp-json\/wp\/v2\/comments?post=5598"}],"wp:featuredmedia":[{"embeddable":true,"href":"https:\/\/www.usborkeychain.com\/pt\/wp-json\/wp\/v2\/media\/5602"}],"wp:attachment":[{"href":"https:\/\/www.usborkeychain.com\/pt\/wp-json\/wp\/v2\/media?parent=5598"}],"wp:term":[{"taxonomy":"product_brand","embeddable":true,"href":"https:\/\/www.usborkeychain.com\/pt\/wp-json\/wp\/v2\/product_brand?post=5598"},{"taxonomy":"product_cat","embeddable":true,"href":"https:\/\/www.usborkeychain.com\/pt\/wp-json\/wp\/v2\/product_cat?post=5598"},{"taxonomy":"product_tag","embeddable":true,"href":"https:\/\/www.usborkeychain.com\/pt\/wp-json\/wp\/v2\/product_tag?post=5598"}],"curies":[{"name":"wp","href":"https:\/\/api.w.org\/{rel}","templated":true}]}}