{"id":5649,"date":"2025-08-03T15:33:12","date_gmt":"2025-08-03T15:33:12","guid":{"rendered":"https:\/\/www.usborkeychain.com\/?post_type=product&#038;p=5649"},"modified":"2025-08-16T03:06:48","modified_gmt":"2025-08-16T03:06:48","slug":"lipstick-leather-usb-flash-drive","status":"publish","type":"product","link":"https:\/\/www.usborkeychain.com\/pt\/produto\/lipstick-leather-usb-flash-drive\/","title":{"rendered":"Unidade flash USB em couro para batom"},"content":{"rendered":"<div class=\"wp-block-columns is-layout-flex wp-container-core-columns-is-layout-28f84493 wp-block-columns-is-layout-flex\">\n<div class=\"wp-block-column is-vertically-aligned-center is-layout-flow wp-block-column-is-layout-flow\">\n<p>O <strong>Unidade flash USB em couro de batom<\/strong> imita a forma e o tamanho de um batom como um todo. Seu design requintado de concha \u00e9 cheio de senso de moda, com cores brilhantes e linhas suaves e elegantes. Ele \u00e9 \u00fanico e altamente personalizado, podendo atender plenamente \u00e0s necessidades de cores personalizadas das mulheres.<\/p>\n\n\n\n<p>Ele adota couro genu\u00edno para a fabrica\u00e7\u00e3o do revestimento. O revestimento de couro n\u00e3o s\u00f3 tem uma textura excelente, mas tamb\u00e9m \u00e9 dur\u00e1vel, o que pode proteger melhor a seguran\u00e7a dos componentes internos e adicionar uma camada de prote\u00e7\u00e3o confi\u00e1vel para o armazenamento de dados.<\/p>\n<\/div>\n\n\n\n<div class=\"wp-block-column is-layout-flow wp-block-column-is-layout-flow\">\n<figure class=\"wp-block-image size-full\"><img alt=\"\" fetchpriority=\"high\" decoding=\"async\" width=\"800\" height=\"800\" src=\"https:\/\/www.usborkeychain.com\/wp-content\/uploads\/Multi-Color-Leather-USB-Flash-Drive.png\" class=\"wp-image-5661\" srcset=\"https:\/\/www.usborkeychain.com\/wp-content\/uploads\/Multi-Color-Leather-USB-Flash-Drive.png 800w, https:\/\/www.usborkeychain.com\/wp-content\/uploads\/Multi-Color-Leather-USB-Flash-Drive-300x300.png 300w, https:\/\/www.usborkeychain.com\/wp-content\/uploads\/Multi-Color-Leather-USB-Flash-Drive-150x150.png 150w, https:\/\/www.usborkeychain.com\/wp-content\/uploads\/Multi-Color-Leather-USB-Flash-Drive-768x768.png 768w, https:\/\/www.usborkeychain.com\/wp-content\/uploads\/Multi-Color-Leather-USB-Flash-Drive-12x12.png 12w, https:\/\/www.usborkeychain.com\/wp-content\/uploads\/Multi-Color-Leather-USB-Flash-Drive-600x600.png 600w, https:\/\/www.usborkeychain.com\/wp-content\/uploads\/Multi-Color-Leather-USB-Flash-Drive-100x100.png 100w\" sizes=\"(max-width: 800px) 100vw, 800px\" \/><\/figure>\n<\/div>\n<\/div>\n\n\n\n<div class=\"wp-block-columns is-layout-flex wp-container-core-columns-is-layout-28f84493 wp-block-columns-is-layout-flex\">\n<div class=\"wp-block-column is-vertically-aligned-center is-layout-flow wp-block-column-is-layout-flow\">\n<figure class=\"wp-block-image size-full\"><img alt=\"\" decoding=\"async\" width=\"800\" height=\"800\" src=\"https:\/\/www.usborkeychain.com\/wp-content\/uploads\/buy-leather-usb-flash-drive-1.png\" class=\"wp-image-5655\" srcset=\"https:\/\/www.usborkeychain.com\/wp-content\/uploads\/buy-leather-usb-flash-drive-1.png 800w, https:\/\/www.usborkeychain.com\/wp-content\/uploads\/buy-leather-usb-flash-drive-1-300x300.png 300w, https:\/\/www.usborkeychain.com\/wp-content\/uploads\/buy-leather-usb-flash-drive-1-150x150.png 150w, https:\/\/www.usborkeychain.com\/wp-content\/uploads\/buy-leather-usb-flash-drive-1-768x768.png 768w, https:\/\/www.usborkeychain.com\/wp-content\/uploads\/buy-leather-usb-flash-drive-1-12x12.png 12w, https:\/\/www.usborkeychain.com\/wp-content\/uploads\/buy-leather-usb-flash-drive-1-600x600.png 600w, https:\/\/www.usborkeychain.com\/wp-content\/uploads\/buy-leather-usb-flash-drive-1-100x100.png 100w\" sizes=\"(max-width: 800px) 100vw, 800px\" \/><\/figure>\n<\/div>\n\n\n\n<div class=\"wp-block-column is-vertically-aligned-center is-layout-flow wp-block-column-is-layout-flow\">\n<p>O produto \u00e9 pequeno, f\u00e1cil de transportar e pode ser facilmente colocado em um bolso, bolsa ou estojo de maquiagem sem ocupar espa\u00e7o.<\/p>\n\n\n\n<p> Ele \u00e9 adequado para as necessidades de armazenamento e transmiss\u00e3o de dados em cen\u00e1rios m\u00f3veis. Alguns <strong>Unidades flash USB em formato de batom<\/strong> Tamb\u00e9m s\u00e3o projetados com um chaveiro, que pode ser pendurado em um chaveiro ou em uma bolsa, tornando-o conveniente para o transporte, reduzindo o risco de perda, acrescentando divers\u00e3o e exclusividade ao produto e tornando o dispositivo de armazenamento um pequeno acess\u00f3rio da moda.<\/p>\n<\/div>\n<\/div>\n\n\n\n<h2 class=\"wp-block-heading\">Par\u00e2metros da unidade flash USB<\/h2>\n\n\n\n<figure class=\"wp-block-table\"><table class=\"has-fixed-layout\"><thead><tr><th>Par\u00e2metro<\/th><th>Especifica\u00e7\u00e3o t\u00e9cnica<\/th><\/tr><\/thead><tbody><tr><td>Tamanho f\u00edsico (comprimento * largura * altura)<\/td><td>65 mm \u00d7 27 mm \u00d7 15 mm<\/td><\/tr><tr><td>Peso l\u00edquido do produto<\/td><td>20g \u00b1 1g (incluindo estojo de couro + anel de metal)<\/td><\/tr><tr><td>Protocolo de transmiss\u00e3o<\/td><td>USB 2.0 \/ USB 3.0<\/td><\/tr><tr><td>Op\u00e7\u00f5es de capacidade<\/td><td>16GB \/ 32GB \/ 64GB \/ 128GB \/ 256GB<\/td><\/tr><\/tbody><\/table><\/figure>\n\n\n\n<div class=\"wp-block-columns is-layout-flex wp-container-core-columns-is-layout-28f84493 wp-block-columns-is-layout-flex\">\n<div class=\"wp-block-column is-layout-flow wp-block-column-is-layout-flow\">\n<figure class=\"wp-block-image size-full\"><img alt=\"\" decoding=\"async\" width=\"800\" height=\"800\" src=\"https:\/\/www.usborkeychain.com\/wp-content\/uploads\/leather-usb-pen-drive.png\" class=\"wp-image-5659\" srcset=\"https:\/\/www.usborkeychain.com\/wp-content\/uploads\/leather-usb-pen-drive.png 800w, https:\/\/www.usborkeychain.com\/wp-content\/uploads\/leather-usb-pen-drive-300x300.png 300w, https:\/\/www.usborkeychain.com\/wp-content\/uploads\/leather-usb-pen-drive-150x150.png 150w, https:\/\/www.usborkeychain.com\/wp-content\/uploads\/leather-usb-pen-drive-768x768.png 768w, https:\/\/www.usborkeychain.com\/wp-content\/uploads\/leather-usb-pen-drive-12x12.png 12w, https:\/\/www.usborkeychain.com\/wp-content\/uploads\/leather-usb-pen-drive-600x600.png 600w, https:\/\/www.usborkeychain.com\/wp-content\/uploads\/leather-usb-pen-drive-100x100.png 100w\" sizes=\"(max-width: 800px) 100vw, 800px\" \/><\/figure>\n<\/div>\n\n\n\n<div class=\"wp-block-column is-layout-flow wp-block-column-is-layout-flow\">\n<figure class=\"wp-block-image size-full\"><img alt=\"\" loading=\"lazy\" decoding=\"async\" width=\"800\" height=\"800\" src=\"https:\/\/www.usborkeychain.com\/wp-content\/uploads\/Premium-Leather-USB-Flash-Drive-1.png\" class=\"wp-image-5662\" srcset=\"https:\/\/www.usborkeychain.com\/wp-content\/uploads\/Premium-Leather-USB-Flash-Drive-1.png 800w, https:\/\/www.usborkeychain.com\/wp-content\/uploads\/Premium-Leather-USB-Flash-Drive-1-300x300.png 300w, https:\/\/www.usborkeychain.com\/wp-content\/uploads\/Premium-Leather-USB-Flash-Drive-1-150x150.png 150w, https:\/\/www.usborkeychain.com\/wp-content\/uploads\/Premium-Leather-USB-Flash-Drive-1-768x768.png 768w, https:\/\/www.usborkeychain.com\/wp-content\/uploads\/Premium-Leather-USB-Flash-Drive-1-12x12.png 12w, https:\/\/www.usborkeychain.com\/wp-content\/uploads\/Premium-Leather-USB-Flash-Drive-1-600x600.png 600w, https:\/\/www.usborkeychain.com\/wp-content\/uploads\/Premium-Leather-USB-Flash-Drive-1-100x100.png 100w\" sizes=\"(max-width: 800px) 100vw, 800px\" \/><\/figure>\n<\/div>\n\n\n\n<div class=\"wp-block-column is-layout-flow wp-block-column-is-layout-flow\">\n<figure class=\"wp-block-image size-full\"><img alt=\"\" loading=\"lazy\" decoding=\"async\" width=\"800\" height=\"800\" src=\"https:\/\/www.usborkeychain.com\/wp-content\/uploads\/bulk-leather-usb-drive.png\" class=\"wp-image-5652\" srcset=\"https:\/\/www.usborkeychain.com\/wp-content\/uploads\/bulk-leather-usb-drive.png 800w, https:\/\/www.usborkeychain.com\/wp-content\/uploads\/bulk-leather-usb-drive-300x300.png 300w, https:\/\/www.usborkeychain.com\/wp-content\/uploads\/bulk-leather-usb-drive-150x150.png 150w, https:\/\/www.usborkeychain.com\/wp-content\/uploads\/bulk-leather-usb-drive-768x768.png 768w, https:\/\/www.usborkeychain.com\/wp-content\/uploads\/bulk-leather-usb-drive-12x12.png 12w, https:\/\/www.usborkeychain.com\/wp-content\/uploads\/bulk-leather-usb-drive-600x600.png 600w, https:\/\/www.usborkeychain.com\/wp-content\/uploads\/bulk-leather-usb-drive-100x100.png 100w\" sizes=\"(max-width: 800px) 100vw, 800px\" \/><\/figure>\n<\/div>\n<\/div>\n\n\n\n<div class=\"wp-block-columns is-layout-flex wp-container-core-columns-is-layout-28f84493 wp-block-columns-is-layout-flex\">\n<div class=\"wp-block-column is-layout-flow wp-block-column-is-layout-flow\">\n<figure class=\"wp-block-image size-full\"><img alt=\"\" loading=\"lazy\" decoding=\"async\" width=\"800\" height=\"800\" src=\"https:\/\/www.usborkeychain.com\/wp-content\/uploads\/USB-Leather-Prominent.png\" class=\"wp-image-5663\" srcset=\"https:\/\/www.usborkeychain.com\/wp-content\/uploads\/USB-Leather-Prominent.png 800w, https:\/\/www.usborkeychain.com\/wp-content\/uploads\/USB-Leather-Prominent-300x300.png 300w, https:\/\/www.usborkeychain.com\/wp-content\/uploads\/USB-Leather-Prominent-150x150.png 150w, https:\/\/www.usborkeychain.com\/wp-content\/uploads\/USB-Leather-Prominent-768x768.png 768w, https:\/\/www.usborkeychain.com\/wp-content\/uploads\/USB-Leather-Prominent-12x12.png 12w, https:\/\/www.usborkeychain.com\/wp-content\/uploads\/USB-Leather-Prominent-600x600.png 600w, https:\/\/www.usborkeychain.com\/wp-content\/uploads\/USB-Leather-Prominent-100x100.png 100w\" sizes=\"(max-width: 800px) 100vw, 800px\" \/><\/figure>\n<\/div>\n\n\n\n<div class=\"wp-block-column is-layout-flow wp-block-column-is-layout-flow\">\n<figure class=\"wp-block-image size-full\"><img alt=\"\" loading=\"lazy\" decoding=\"async\" width=\"800\" height=\"800\" src=\"https:\/\/www.usborkeychain.com\/wp-content\/uploads\/bulk-pu-leather-usb-flash-drive.png\" class=\"wp-image-5653\" srcset=\"https:\/\/www.usborkeychain.com\/wp-content\/uploads\/bulk-pu-leather-usb-flash-drive.png 800w, https:\/\/www.usborkeychain.com\/wp-content\/uploads\/bulk-pu-leather-usb-flash-drive-300x300.png 300w, https:\/\/www.usborkeychain.com\/wp-content\/uploads\/bulk-pu-leather-usb-flash-drive-150x150.png 150w, https:\/\/www.usborkeychain.com\/wp-content\/uploads\/bulk-pu-leather-usb-flash-drive-768x768.png 768w, https:\/\/www.usborkeychain.com\/wp-content\/uploads\/bulk-pu-leather-usb-flash-drive-12x12.png 12w, https:\/\/www.usborkeychain.com\/wp-content\/uploads\/bulk-pu-leather-usb-flash-drive-600x600.png 600w, https:\/\/www.usborkeychain.com\/wp-content\/uploads\/bulk-pu-leather-usb-flash-drive-100x100.png 100w\" sizes=\"(max-width: 800px) 100vw, 800px\" \/><\/figure>\n<\/div>\n\n\n\n<div class=\"wp-block-column is-layout-flow wp-block-column-is-layout-flow\">\n<figure class=\"wp-block-image size-full\"><img alt=\"\" loading=\"lazy\" decoding=\"async\" width=\"800\" height=\"800\" src=\"https:\/\/www.usborkeychain.com\/wp-content\/uploads\/leather-usb-drive-1.png\" class=\"wp-image-5657\" srcset=\"https:\/\/www.usborkeychain.com\/wp-content\/uploads\/leather-usb-drive-1.png 800w, https:\/\/www.usborkeychain.com\/wp-content\/uploads\/leather-usb-drive-1-300x300.png 300w, https:\/\/www.usborkeychain.com\/wp-content\/uploads\/leather-usb-drive-1-150x150.png 150w, https:\/\/www.usborkeychain.com\/wp-content\/uploads\/leather-usb-drive-1-768x768.png 768w, https:\/\/www.usborkeychain.com\/wp-content\/uploads\/leather-usb-drive-1-12x12.png 12w, https:\/\/www.usborkeychain.com\/wp-content\/uploads\/leather-usb-drive-1-600x600.png 600w, https:\/\/www.usborkeychain.com\/wp-content\/uploads\/leather-usb-drive-1-100x100.png 100w\" sizes=\"(max-width: 800px) 100vw, 800px\" \/><\/figure>\n<\/div>\n<\/div>\n\n\n\n<h3 class=\"wp-block-heading\">Servi\u00e7os de personaliza\u00e7\u00e3o<\/h3>\n\n\n\n<figure class=\"wp-block-table\"><table class=\"has-fixed-layout\"><thead><tr><th>Tipo de artesanato<\/th><th>Posi\u00e7\u00e3o aplic\u00e1vel<\/th><th>Apresenta\u00e7\u00e3o do efeito<\/th><\/tr><\/thead><tbody><tr><td>Impress\u00e3o em tela de seda<\/td><td>Lado do couro<\/td><td>LOGOTIPO colorido<\/td><\/tr><tr><td>Grava\u00e7\u00e3o em relevo<\/td><td>Frente \/ verso do estojo de couro<\/td><td>Logotipo c\u00f4ncavo tridimensional<\/td><\/tr><tr><td>Grava\u00e7\u00e3o a laser<\/td><td>Tampa de metal na extremidade da unidade flash USB<\/td><td>Marca\u00e7\u00e3o permanente de capacidade<\/td><\/tr><\/tbody><\/table><\/figure>\n\n\n\n<div class=\"wp-block-columns is-layout-flex wp-container-core-columns-is-layout-28f84493 wp-block-columns-is-layout-flex\">\n<div class=\"wp-block-column is-layout-flow wp-block-column-is-layout-flow\">\n<figure class=\"wp-block-image size-full\"><img alt=\"\" loading=\"lazy\" decoding=\"async\" width=\"800\" height=\"800\" src=\"https:\/\/www.usborkeychain.com\/wp-content\/uploads\/custom-leather-usb-drives-1.png\" class=\"wp-image-5656\" srcset=\"https:\/\/www.usborkeychain.com\/wp-content\/uploads\/custom-leather-usb-drives-1.png 800w, https:\/\/www.usborkeychain.com\/wp-content\/uploads\/custom-leather-usb-drives-1-300x300.png 300w, https:\/\/www.usborkeychain.com\/wp-content\/uploads\/custom-leather-usb-drives-1-150x150.png 150w, https:\/\/www.usborkeychain.com\/wp-content\/uploads\/custom-leather-usb-drives-1-768x768.png 768w, https:\/\/www.usborkeychain.com\/wp-content\/uploads\/custom-leather-usb-drives-1-12x12.png 12w, https:\/\/www.usborkeychain.com\/wp-content\/uploads\/custom-leather-usb-drives-1-600x600.png 600w, https:\/\/www.usborkeychain.com\/wp-content\/uploads\/custom-leather-usb-drives-1-100x100.png 100w\" sizes=\"(max-width: 800px) 100vw, 800px\" \/><\/figure>\n<\/div>\n\n\n\n<div class=\"wp-block-column is-layout-flow wp-block-column-is-layout-flow\">\n<figure class=\"wp-block-image size-full\"><img alt=\"\" loading=\"lazy\" decoding=\"async\" width=\"800\" height=\"800\" src=\"https:\/\/www.usborkeychain.com\/wp-content\/uploads\/Leather-USB-Flash-Drive.png\" class=\"wp-image-5658\" srcset=\"https:\/\/www.usborkeychain.com\/wp-content\/uploads\/Leather-USB-Flash-Drive.png 800w, https:\/\/www.usborkeychain.com\/wp-content\/uploads\/Leather-USB-Flash-Drive-300x300.png 300w, https:\/\/www.usborkeychain.com\/wp-content\/uploads\/Leather-USB-Flash-Drive-150x150.png 150w, https:\/\/www.usborkeychain.com\/wp-content\/uploads\/Leather-USB-Flash-Drive-768x768.png 768w, https:\/\/www.usborkeychain.com\/wp-content\/uploads\/Leather-USB-Flash-Drive-12x12.png 12w, https:\/\/www.usborkeychain.com\/wp-content\/uploads\/Leather-USB-Flash-Drive-600x600.png 600w, https:\/\/www.usborkeychain.com\/wp-content\/uploads\/Leather-USB-Flash-Drive-100x100.png 100w\" sizes=\"(max-width: 800px) 100vw, 800px\" \/><\/figure>\n<\/div>\n\n\n\n<div class=\"wp-block-column is-layout-flow wp-block-column-is-layout-flow\">\n<figure class=\"wp-block-image size-full\"><img alt=\"\" loading=\"lazy\" decoding=\"async\" width=\"800\" height=\"800\" src=\"https:\/\/www.usborkeychain.com\/wp-content\/uploads\/bulk-usb-flash-drive-leather-case.png\" class=\"wp-image-5654\" srcset=\"https:\/\/www.usborkeychain.com\/wp-content\/uploads\/bulk-usb-flash-drive-leather-case.png 800w, https:\/\/www.usborkeychain.com\/wp-content\/uploads\/bulk-usb-flash-drive-leather-case-300x300.png 300w, https:\/\/www.usborkeychain.com\/wp-content\/uploads\/bulk-usb-flash-drive-leather-case-150x150.png 150w, https:\/\/www.usborkeychain.com\/wp-content\/uploads\/bulk-usb-flash-drive-leather-case-768x768.png 768w, https:\/\/www.usborkeychain.com\/wp-content\/uploads\/bulk-usb-flash-drive-leather-case-12x12.png 12w, https:\/\/www.usborkeychain.com\/wp-content\/uploads\/bulk-usb-flash-drive-leather-case-600x600.png 600w, https:\/\/www.usborkeychain.com\/wp-content\/uploads\/bulk-usb-flash-drive-leather-case-100x100.png 100w\" sizes=\"(max-width: 800px) 100vw, 800px\" \/><\/figure>\n<\/div>\n<\/div>\n\n\n\n<h2 class=\"wp-block-heading\">Vantagens de desempenho<\/h2>\n\n\n\n<div class=\"wp-block-columns is-layout-flex wp-container-core-columns-is-layout-28f84493 wp-block-columns-is-layout-flex\">\n<div class=\"wp-block-column is-vertically-aligned-center is-layout-flow wp-block-column-is-layout-flow\">\n<p>Ele usa chips FLASH de grau A, com desempenho est\u00e1vel. Possui uma fun\u00e7\u00e3o de criptografia opcional, que adiciona um \"bloqueio de prote\u00e7\u00e3o\" a dados importantes, garantindo a seguran\u00e7a dos dados de forma eficaz. A fun\u00e7\u00e3o de prote\u00e7\u00e3o contra grava\u00e7\u00e3o pode evitar a exclus\u00e3o e a grava\u00e7\u00e3o acidental de dados. Os dados podem ser regravados mais de 1 milh\u00e3o de vezes, permitindo o armazenamento de dados est\u00e1vel e de longo prazo, para que voc\u00ea possa armazenar v\u00e1rios arquivos com confian\u00e7a.<\/p>\n\n\n\n<p>O <strong>Unidade flash USB em couro de batom<\/strong> integra design moderno, materiais de alta qualidade e desempenho est\u00e1vel. Seu desempenho \u00e9 excelente tanto para atender \u00e0s necessidades de armazenamento personalizado quanto para ajudar na promo\u00e7\u00e3o da marca da empresa. \u00c9 uma op\u00e7\u00e3o de alta qualidade com apar\u00eancia e resist\u00eancia na era do armazenamento m\u00f3vel, trazendo uma nova experi\u00eancia de moda para o armazenamento e a transmiss\u00e3o de dados.<\/p>\n<\/div>\n\n\n\n<div class=\"wp-block-column is-layout-flow wp-block-column-is-layout-flow\">\n<figure class=\"wp-block-image size-large\"><img alt=\"\" loading=\"lazy\" decoding=\"async\" width=\"733\" height=\"800\" src=\"https:\/\/www.usborkeychain.com\/wp-content\/uploads\/Lipstick-leather-USB-flash-drive-733x800.jpg\" class=\"wp-image-5660\" srcset=\"https:\/\/www.usborkeychain.com\/wp-content\/uploads\/Lipstick-leather-USB-flash-drive-733x800.jpg 733w, https:\/\/www.usborkeychain.com\/wp-content\/uploads\/Lipstick-leather-USB-flash-drive-275x300.jpg 275w, https:\/\/www.usborkeychain.com\/wp-content\/uploads\/Lipstick-leather-USB-flash-drive-768x838.jpg 768w, https:\/\/www.usborkeychain.com\/wp-content\/uploads\/Lipstick-leather-USB-flash-drive-11x12.jpg 11w, https:\/\/www.usborkeychain.com\/wp-content\/uploads\/Lipstick-leather-USB-flash-drive-600x655.jpg 600w, https:\/\/www.usborkeychain.com\/wp-content\/uploads\/Lipstick-leather-USB-flash-drive.jpg 800w\" sizes=\"(max-width: 733px) 100vw, 733px\" \/><\/figure>\n<\/div>\n<\/div>","protected":false},"excerpt":{"rendered":"<ul>\n<li>em forma de batom<\/li>\n<li>Chips FLASH de grau A<\/li>\n<li>Design moderno<\/li>\n<li>Material de couro e metal<\/li>\n<li>MOQ: 100 unidades<\/li>\n<\/ul>","protected":false},"featured_media":5661,"comment_status":"open","ping_status":"closed","template":"","meta":{"_seopress_robots_primary_cat":"","_seopress_titles_title":"","_seopress_titles_desc":"","_seopress_robots_index":"","site-sidebar-layout":"default","site-content-layout":"","ast-site-content-layout":"","site-content-style":"default","site-sidebar-style":"default","ast-global-header-display":"","ast-banner-title-visibility":"","ast-main-header-display":"","ast-hfb-above-header-display":"","ast-hfb-below-header-display":"","ast-hfb-mobile-header-display":"","site-post-title":"","ast-breadcrumbs-content":"","ast-featured-img":"","footer-sml-layout":"","theme-transparent-header-meta":"","adv-header-id-meta":"","stick-header-meta":"","header-above-stick-meta":"","header-main-stick-meta":"","header-below-stick-meta":"","astra-migrate-meta-layouts":"default","ast-page-background-enabled":"default","ast-page-background-meta":{"desktop":{"background-color":"var(--ast-global-color-5)","background-image":"","background-repeat":"repeat","background-position":"center center","background-size":"auto","background-attachment":"scroll","background-type":"","background-media":"","overlay-type":"","overlay-color":"","overlay-opacity":"","overlay-gradient":""},"tablet":{"background-color":"","background-image":"","background-repeat":"repeat","background-position":"center center","background-size":"auto","background-attachment":"scroll","background-type":"","background-media":"","overlay-type":"","overlay-color":"","overlay-opacity":"","overlay-gradient":""},"mobile":{"background-color":"","background-image":"","background-repeat":"repeat","background-position":"center center","background-size":"auto","background-attachment":"scroll","background-type":"","background-media":"","overlay-type":"","overlay-color":"","overlay-opacity":"","overlay-gradient":""}},"ast-content-background-meta":{"desktop":{"background-color":"var(--ast-global-color-4)","background-image":"","background-repeat":"repeat","background-position":"center center","background-size":"auto","background-attachment":"scroll","background-type":"","background-media":"","overlay-type":"","overlay-color":"","overlay-opacity":"","overlay-gradient":""},"tablet":{"background-color":"var(--ast-global-color-4)","background-image":"","background-repeat":"repeat","background-position":"center center","background-size":"auto","background-attachment":"scroll","background-type":"","background-media":"","overlay-type":"","overlay-color":"","overlay-opacity":"","overlay-gradient":""},"mobile":{"background-color":"var(--ast-global-color-4)","background-image":"","background-repeat":"repeat","background-position":"center center","background-size":"auto","background-attachment":"scroll","background-type":"","background-media":"","overlay-type":"","overlay-color":"","overlay-opacity":"","overlay-gradient":""}}},"product_brand":[],"product_cat":[90,103],"product_tag":[350],"class_list":{"0":"post-5649","1":"product","2":"type-product","3":"status-publish","4":"has-post-thumbnail","6":"product_cat-leather-usb-pendrive","7":"product_cat-usb2-0-usb-pendrive","8":"product_tag-lipstick-leather-usb-flash-drive","9":"desktop-align-left","10":"tablet-align-left","11":"mobile-align-left","13":"first","14":"instock","15":"shipping-taxable","16":"product-type-simple"},"_links":{"self":[{"href":"https:\/\/www.usborkeychain.com\/pt\/wp-json\/wp\/v2\/product\/5649","targetHints":{"allow":["GET"]}}],"collection":[{"href":"https:\/\/www.usborkeychain.com\/pt\/wp-json\/wp\/v2\/product"}],"about":[{"href":"https:\/\/www.usborkeychain.com\/pt\/wp-json\/wp\/v2\/types\/product"}],"replies":[{"embeddable":true,"href":"https:\/\/www.usborkeychain.com\/pt\/wp-json\/wp\/v2\/comments?post=5649"}],"wp:featuredmedia":[{"embeddable":true,"href":"https:\/\/www.usborkeychain.com\/pt\/wp-json\/wp\/v2\/media\/5661"}],"wp:attachment":[{"href":"https:\/\/www.usborkeychain.com\/pt\/wp-json\/wp\/v2\/media?parent=5649"}],"wp:term":[{"taxonomy":"product_brand","embeddable":true,"href":"https:\/\/www.usborkeychain.com\/pt\/wp-json\/wp\/v2\/product_brand?post=5649"},{"taxonomy":"product_cat","embeddable":true,"href":"https:\/\/www.usborkeychain.com\/pt\/wp-json\/wp\/v2\/product_cat?post=5649"},{"taxonomy":"product_tag","embeddable":true,"href":"https:\/\/www.usborkeychain.com\/pt\/wp-json\/wp\/v2\/product_tag?post=5649"}],"curies":[{"name":"wp","href":"https:\/\/api.w.org\/{rel}","templated":true}]}}