{"id":5695,"date":"2025-08-04T09:45:55","date_gmt":"2025-08-04T09:45:55","guid":{"rendered":"https:\/\/www.usborkeychain.com\/?post_type=product&#038;p=5695"},"modified":"2025-08-04T09:47:38","modified_gmt":"2025-08-04T09:47:38","slug":"leather-wristband-keychain-usb-drive","status":"publish","type":"product","link":"https:\/\/www.usborkeychain.com\/pt\/produto\/leather-wristband-keychain-usb-drive\/","title":{"rendered":"Pulseira de couro Chaveiro USB Drive"},"content":{"rendered":"<div class=\"wp-block-columns is-layout-flex wp-container-core-columns-is-layout-28f84493 wp-block-columns-is-layout-flex\">\n<div class=\"wp-block-column is-vertically-aligned-center is-layout-flow wp-block-column-is-layout-flow\">\n<p>O <strong>Pulseira de couro Chaveiro USB Drive<\/strong> \u00e9 um derivado inovador das unidades USB de pulseira, com um design tr\u00eas em um de <strong>\"Pulseira de couro PU<\/strong> + <strong>fecho de metal retangular<\/strong> + <strong>chaveiro de metal<\/strong>\". Ele realiza a fun\u00e7\u00e3o 2 em 1 de \"<strong>chaveiro + unidade USB<\/strong>\", combinando praticidade e portabilidade.<\/p>\n\n\n\n<p>- <strong>Pulseira de couro PU<\/strong>: Fabricado em couro PU resistente ao desgaste e \u00e0 prova d'\u00e1gua, com excelente flexibilidade, \u00e9 resistente a rachaduras ap\u00f3s ser dobrado por muito tempo. \u00c9 fornecido em uma variedade de cores, incluindo o preto e o branco cl\u00e1ssicos, e suporta cores personalizadas (como cores de marcas corporativas) para atender \u00e0s necessidades personalizadas.<\/p>\n\n\n\n<p>- <strong>Fecho e chaveiro de metal<\/strong>: Fabricados com material de liga met\u00e1lica, s\u00e3o anticorrosivos, resistentes \u00e0 ferrugem e estruturalmente robustos. A superf\u00edcie plana do fecho de metal oferece um suporte de alta qualidade para logotipos gravados a laser.<\/p>\n<\/div>\n\n\n\n<div class=\"wp-block-column is-layout-flow wp-block-column-is-layout-flow\">\n<figure class=\"wp-block-image size-full\"><img alt=\"\" fetchpriority=\"high\" decoding=\"async\" width=\"800\" height=\"800\" src=\"https:\/\/www.usborkeychain.com\/wp-content\/uploads\/Leather-Strap-USB-Flash-Drive.png\" class=\"wp-image-5699\" srcset=\"https:\/\/www.usborkeychain.com\/wp-content\/uploads\/Leather-Strap-USB-Flash-Drive.png 800w, https:\/\/www.usborkeychain.com\/wp-content\/uploads\/Leather-Strap-USB-Flash-Drive-300x300.png 300w, https:\/\/www.usborkeychain.com\/wp-content\/uploads\/Leather-Strap-USB-Flash-Drive-150x150.png 150w, https:\/\/www.usborkeychain.com\/wp-content\/uploads\/Leather-Strap-USB-Flash-Drive-768x768.png 768w, https:\/\/www.usborkeychain.com\/wp-content\/uploads\/Leather-Strap-USB-Flash-Drive-12x12.png 12w, https:\/\/www.usborkeychain.com\/wp-content\/uploads\/Leather-Strap-USB-Flash-Drive-600x600.png 600w, https:\/\/www.usborkeychain.com\/wp-content\/uploads\/Leather-Strap-USB-Flash-Drive-100x100.png 100w\" sizes=\"(max-width: 800px) 100vw, 800px\" \/><\/figure>\n<\/div>\n<\/div>\n\n\n\n<h2 class=\"wp-block-heading\">Servi\u00e7os de personaliza\u00e7\u00e3o<\/h2>\n\n\n\n<div class=\"wp-block-columns is-layout-flex wp-container-core-columns-is-layout-28f84493 wp-block-columns-is-layout-flex\">\n<div class=\"wp-block-column is-vertically-aligned-center is-layout-flow wp-block-column-is-layout-flow\">\n<figure class=\"wp-block-image size-full\"><img alt=\"\" decoding=\"async\" width=\"800\" height=\"800\" src=\"https:\/\/www.usborkeychain.com\/wp-content\/uploads\/Leather-USB-flash-dive.png\" class=\"wp-image-5701\" srcset=\"https:\/\/www.usborkeychain.com\/wp-content\/uploads\/Leather-USB-flash-dive.png 800w, https:\/\/www.usborkeychain.com\/wp-content\/uploads\/Leather-USB-flash-dive-300x300.png 300w, https:\/\/www.usborkeychain.com\/wp-content\/uploads\/Leather-USB-flash-dive-150x150.png 150w, https:\/\/www.usborkeychain.com\/wp-content\/uploads\/Leather-USB-flash-dive-768x768.png 768w, https:\/\/www.usborkeychain.com\/wp-content\/uploads\/Leather-USB-flash-dive-12x12.png 12w, https:\/\/www.usborkeychain.com\/wp-content\/uploads\/Leather-USB-flash-dive-600x600.png 600w, https:\/\/www.usborkeychain.com\/wp-content\/uploads\/Leather-USB-flash-dive-100x100.png 100w\" sizes=\"(max-width: 800px) 100vw, 800px\" \/><\/figure>\n<\/div>\n\n\n\n<div class=\"wp-block-column is-vertically-aligned-center is-layout-flow wp-block-column-is-layout-flow\">\n<p>O fecho de metal da unidade USB do chaveiro com pulseira de couro \u00e9 compat\u00edvel com grava\u00e7\u00e3o a laser personalizada, que pode apresentar com precis\u00e3o logotipos de marcas, slogans ou padr\u00f5es exclusivos (os designs monocrom\u00e1ticos melhoram a textura).<\/p>\n<\/div>\n<\/div>\n\n\n\n<h2 class=\"wp-block-heading\">Tabela de par\u00e2metros da unidade USB<\/h2>\n\n\n\n<figure class=\"wp-block-table\"><table class=\"has-fixed-layout\"><thead><tr><th>Item de par\u00e2metro<\/th><th>Especifica\u00e7\u00f5es detalhadas<\/th><\/tr><\/thead><tbody><tr><td>Capacidade de armazenamento<\/td><td>8GB \/ 16GB \/ 32GB \/ 64GB \/ 128GB<\/td><\/tr><tr><td>Dimens\u00f5es (comprimento \u00d7 largura \u00d7 altura)<\/td><td>65 mm \u00d7 10 mm \u00d7 4 mm<\/td><\/tr><tr><td>Peso<\/td><td>Aproximadamente 20g<\/td><\/tr><tr><td>Tipo de interface<\/td><td>UDP 2.0 \/ UDP 3.0<\/td><\/tr><tr><td>Velocidade de leitura\/grava\u00e7\u00e3o<\/td><td>UDP 2.0: Leitura 15-25MB\/s, grava\u00e7\u00e3o 8-15MB\/s; UDP 3.0: Leitura de 80-120 MB\/s, grava\u00e7\u00e3o de 20-40 MB\/s (valores t\u00edpicos)<\/td><\/tr><tr><td>Sistemas compat\u00edveis<\/td><td>Windows (XP e superior), Mac OS (10.6+), Linux (2.6+)<\/td><\/tr><tr><td>Material do estojo de couro<\/td><td>Couro PU (resistente ao desgaste, \u00e0 prova d'\u00e1gua e com excelente flexibilidade)<\/td><\/tr><tr><td>Componentes met\u00e1licos<\/td><td>Liga (anticorrosiva, de alta resist\u00eancia)<\/td><\/tr><tr><td>M\u00e9todo de personaliza\u00e7\u00e3o<\/td><td>Grava\u00e7\u00e3o a laser no fecho de metal (texto \/ padr\u00f5es monocrom\u00e1ticos)<\/td><\/tr><\/tbody><\/table><\/figure>\n\n\n\n<h2 class=\"wp-block-heading\">Quem escolhe essa unidade USB?<\/h2>\n\n\n\n<div class=\"wp-block-columns is-layout-flex wp-container-core-columns-is-layout-28f84493 wp-block-columns-is-layout-flex\">\n<div class=\"wp-block-column is-vertically-aligned-center is-layout-flow wp-block-column-is-layout-flow\">\n<ul class=\"wp-block-list\">\n<li>Setores de ponta, como financeiro, consultoria e imobili\u00e1rio, para presentes de agradecimento ao cliente e lembran\u00e7as de reuni\u00f5es anuais;<\/li>\n\n\n\n<li>Brindes personalizados para marcas automotivas, empresas de aluguel de carros e empresas de cobran\u00e7a;<\/li>\n\n\n\n<li>Lembran\u00e7as para c\u00fapulas do setor e lan\u00e7amentos de novos produtos;<\/li>\n\n\n\n<li>Anivers\u00e1rios universit\u00e1rios e atividades de clubes, com emblemas personalizados da escola\/logomarcas de clubes, servindo como transmissores da cultura do campus;<\/li>\n\n\n\n<li>Institui\u00e7\u00f5es de treinamento para oferecer aos alunos;<\/li>\n\n\n\n<li>Edi\u00e7\u00f5es comemorativas de formatura personalizadas para escolas.<\/li>\n<\/ul>\n<\/div>\n\n\n\n<div class=\"wp-block-column is-layout-flow wp-block-column-is-layout-flow\">\n<figure class=\"wp-block-image size-full\"><img alt=\"\" decoding=\"async\" width=\"800\" height=\"800\" src=\"https:\/\/www.usborkeychain.com\/wp-content\/uploads\/pu-leather-usb-flash-drive.png\" class=\"wp-image-5702\" srcset=\"https:\/\/www.usborkeychain.com\/wp-content\/uploads\/pu-leather-usb-flash-drive.png 800w, https:\/\/www.usborkeychain.com\/wp-content\/uploads\/pu-leather-usb-flash-drive-300x300.png 300w, https:\/\/www.usborkeychain.com\/wp-content\/uploads\/pu-leather-usb-flash-drive-150x150.png 150w, https:\/\/www.usborkeychain.com\/wp-content\/uploads\/pu-leather-usb-flash-drive-768x768.png 768w, https:\/\/www.usborkeychain.com\/wp-content\/uploads\/pu-leather-usb-flash-drive-12x12.png 12w, https:\/\/www.usborkeychain.com\/wp-content\/uploads\/pu-leather-usb-flash-drive-600x600.png 600w, https:\/\/www.usborkeychain.com\/wp-content\/uploads\/pu-leather-usb-flash-drive-100x100.png 100w\" sizes=\"(max-width: 800px) 100vw, 800px\" \/><\/figure>\n<\/div>\n<\/div>\n\n\n\n<h3 class=\"wp-block-heading\">Recomenda\u00e7\u00f5es de manuten\u00e7\u00e3o<\/h3>\n\n\n\n<div class=\"wp-block-columns is-layout-flex wp-container-core-columns-is-layout-28f84493 wp-block-columns-is-layout-flex\">\n<div class=\"wp-block-column is-vertically-aligned-center is-layout-flow wp-block-column-is-layout-flow\">\n<figure class=\"wp-block-image size-full\"><img alt=\"\" loading=\"lazy\" decoding=\"async\" width=\"800\" height=\"800\" src=\"https:\/\/www.usborkeychain.com\/wp-content\/uploads\/Leather-Buckle-USB.png\" class=\"wp-image-5698\" srcset=\"https:\/\/www.usborkeychain.com\/wp-content\/uploads\/Leather-Buckle-USB.png 800w, https:\/\/www.usborkeychain.com\/wp-content\/uploads\/Leather-Buckle-USB-300x300.png 300w, https:\/\/www.usborkeychain.com\/wp-content\/uploads\/Leather-Buckle-USB-150x150.png 150w, https:\/\/www.usborkeychain.com\/wp-content\/uploads\/Leather-Buckle-USB-768x768.png 768w, https:\/\/www.usborkeychain.com\/wp-content\/uploads\/Leather-Buckle-USB-12x12.png 12w, https:\/\/www.usborkeychain.com\/wp-content\/uploads\/Leather-Buckle-USB-600x600.png 600w, https:\/\/www.usborkeychain.com\/wp-content\/uploads\/Leather-Buckle-USB-100x100.png 100w\" sizes=\"(max-width: 800px) 100vw, 800px\" \/><\/figure>\n<\/div>\n\n\n\n<div class=\"wp-block-column is-vertically-aligned-center is-layout-flow wp-block-column-is-layout-flow\">\n<ul class=\"wp-block-list\">\n<li>Evite a exposi\u00e7\u00e3o prolongada do estojo de couro \u00e0 luz do sol (para evitar desbotamento e rachaduras); limpe-o com um pano macio.<\/li>\n\n\n\n<li>Limpe regularmente os componentes met\u00e1licos com um pano seco (para evitar a corros\u00e3o causada por manchas de suor e \u00e1gua).<\/li>\n\n\n\n<li>Pressione a interface com cuidado ao conectar ou desconectar a unidade USB; evite opera\u00e7\u00f5es violentas para evitar danos ao chip UDP.<\/li>\n<\/ul>\n<\/div>\n<\/div>\n\n\n\n<div class=\"wp-block-columns is-layout-flex wp-container-core-columns-is-layout-28f84493 wp-block-columns-is-layout-flex\">\n<div class=\"wp-block-column is-vertically-aligned-center is-layout-flow wp-block-column-is-layout-flow\">\n<p>O <strong>Pulseira de couro Chaveiro USB Drive<\/strong> rompe com o atributo de \"armazenamento \u00fanico\" das unidades USB tradicionais. Com o design de \"<strong>estojo de couro<\/strong> + <strong>chaveiro<\/strong> + <strong>Unidade USB<\/strong>\", ele integra profundamente a \"praticidade\" e a \"marca\". A personaliza\u00e7\u00e3o flex\u00edvel dos par\u00e2metros (capacidade, interface) e a apresenta\u00e7\u00e3o texturizada dos materiais fazem dele uma escolha popular entre os drives USB de pulseira de couro. Para outras necessidades de personaliza\u00e7\u00e3o, entre em contato com fornecedores profissionais para obter solu\u00e7\u00f5es.<\/p>\n<\/div>\n\n\n\n<div class=\"wp-block-column is-vertically-aligned-center is-layout-flow wp-block-column-is-layout-flow\">\n<figure class=\"wp-block-image size-full\"><img alt=\"\" loading=\"lazy\" decoding=\"async\" width=\"800\" height=\"800\" src=\"https:\/\/www.usborkeychain.com\/wp-content\/uploads\/Leather-USB-drive-3.png\" class=\"wp-image-5700\" srcset=\"https:\/\/www.usborkeychain.com\/wp-content\/uploads\/Leather-USB-drive-3.png 800w, https:\/\/www.usborkeychain.com\/wp-content\/uploads\/Leather-USB-drive-3-300x300.png 300w, https:\/\/www.usborkeychain.com\/wp-content\/uploads\/Leather-USB-drive-3-150x150.png 150w, https:\/\/www.usborkeychain.com\/wp-content\/uploads\/Leather-USB-drive-3-768x768.png 768w, https:\/\/www.usborkeychain.com\/wp-content\/uploads\/Leather-USB-drive-3-12x12.png 12w, https:\/\/www.usborkeychain.com\/wp-content\/uploads\/Leather-USB-drive-3-600x600.png 600w, https:\/\/www.usborkeychain.com\/wp-content\/uploads\/Leather-USB-drive-3-100x100.png 100w\" sizes=\"(max-width: 800px) 100vw, 800px\" \/><\/figure>\n<\/div>\n<\/div>","protected":false},"excerpt":{"rendered":"<ul>\n<li>Pulseira de couro PU<\/li>\n<li>Fecho de metal retangular<\/li>\n<li>Chaveiro de metal<\/li>\n<li>Chaveiro + unidade USB<\/li>\n<li>MOQ:100pcs<\/li>\n<\/ul>","protected":false},"featured_media":5699,"comment_status":"open","ping_status":"closed","template":"","meta":{"_seopress_robots_primary_cat":"","_seopress_titles_title":"","_seopress_titles_desc":"","_seopress_robots_index":"","site-sidebar-layout":"default","site-content-layout":"","ast-site-content-layout":"","site-content-style":"default","site-sidebar-style":"default","ast-global-header-display":"","ast-banner-title-visibility":"","ast-main-header-display":"","ast-hfb-above-header-display":"","ast-hfb-below-header-display":"","ast-hfb-mobile-header-display":"","site-post-title":"","ast-breadcrumbs-content":"","ast-featured-img":"","footer-sml-layout":"","theme-transparent-header-meta":"","adv-header-id-meta":"","stick-header-meta":"","header-above-stick-meta":"","header-main-stick-meta":"","header-below-stick-meta":"","astra-migrate-meta-layouts":"default","ast-page-background-enabled":"default","ast-page-background-meta":{"desktop":{"background-color":"var(--ast-global-color-5)","background-image":"","background-repeat":"repeat","background-position":"center center","background-size":"auto","background-attachment":"scroll","background-type":"","background-media":"","overlay-type":"","overlay-color":"","overlay-opacity":"","overlay-gradient":""},"tablet":{"background-color":"","background-image":"","background-repeat":"repeat","background-position":"center center","background-size":"auto","background-attachment":"scroll","background-type":"","background-media":"","overlay-type":"","overlay-color":"","overlay-opacity":"","overlay-gradient":""},"mobile":{"background-color":"","background-image":"","background-repeat":"repeat","background-position":"center center","background-size":"auto","background-attachment":"scroll","background-type":"","background-media":"","overlay-type":"","overlay-color":"","overlay-opacity":"","overlay-gradient":""}},"ast-content-background-meta":{"desktop":{"background-color":"var(--ast-global-color-4)","background-image":"","background-repeat":"repeat","background-position":"center center","background-size":"auto","background-attachment":"scroll","background-type":"","background-media":"","overlay-type":"","overlay-color":"","overlay-opacity":"","overlay-gradient":""},"tablet":{"background-color":"var(--ast-global-color-4)","background-image":"","background-repeat":"repeat","background-position":"center center","background-size":"auto","background-attachment":"scroll","background-type":"","background-media":"","overlay-type":"","overlay-color":"","overlay-opacity":"","overlay-gradient":""},"mobile":{"background-color":"var(--ast-global-color-4)","background-image":"","background-repeat":"repeat","background-position":"center center","background-size":"auto","background-attachment":"scroll","background-type":"","background-media":"","overlay-type":"","overlay-color":"","overlay-opacity":"","overlay-gradient":""}}},"product_brand":[],"product_cat":[90],"product_tag":[362],"class_list":{"0":"post-5695","1":"product","2":"type-product","3":"status-publish","4":"has-post-thumbnail","6":"product_cat-leather-usb-pendrive","7":"product_tag-leather-wristband-keychain-usb-drive","8":"desktop-align-left","9":"tablet-align-left","10":"mobile-align-left","12":"first","13":"instock","14":"shipping-taxable","15":"product-type-simple"},"_links":{"self":[{"href":"https:\/\/www.usborkeychain.com\/pt\/wp-json\/wp\/v2\/product\/5695","targetHints":{"allow":["GET"]}}],"collection":[{"href":"https:\/\/www.usborkeychain.com\/pt\/wp-json\/wp\/v2\/product"}],"about":[{"href":"https:\/\/www.usborkeychain.com\/pt\/wp-json\/wp\/v2\/types\/product"}],"replies":[{"embeddable":true,"href":"https:\/\/www.usborkeychain.com\/pt\/wp-json\/wp\/v2\/comments?post=5695"}],"wp:featuredmedia":[{"embeddable":true,"href":"https:\/\/www.usborkeychain.com\/pt\/wp-json\/wp\/v2\/media\/5699"}],"wp:attachment":[{"href":"https:\/\/www.usborkeychain.com\/pt\/wp-json\/wp\/v2\/media?parent=5695"}],"wp:term":[{"taxonomy":"product_brand","embeddable":true,"href":"https:\/\/www.usborkeychain.com\/pt\/wp-json\/wp\/v2\/product_brand?post=5695"},{"taxonomy":"product_cat","embeddable":true,"href":"https:\/\/www.usborkeychain.com\/pt\/wp-json\/wp\/v2\/product_cat?post=5695"},{"taxonomy":"product_tag","embeddable":true,"href":"https:\/\/www.usborkeychain.com\/pt\/wp-json\/wp\/v2\/product_tag?post=5695"}],"curies":[{"name":"wp","href":"https:\/\/api.w.org\/{rel}","templated":true}]}}