{"id":6208,"date":"2025-08-08T03:08:04","date_gmt":"2025-08-08T03:08:04","guid":{"rendered":"https:\/\/www.usborkeychain.com\/?post_type=product&#038;p=6208"},"modified":"2025-08-17T13:21:30","modified_gmt":"2025-08-17T13:21:30","slug":"type-c-rotating-led-usb-flash-drive","status":"publish","type":"product","link":"https:\/\/www.usborkeychain.com\/pt\/produto\/type-c-rotating-led-usb-flash-drive\/","title":{"rendered":"Unidade flash USB com LED girat\u00f3rio tipo C"},"content":{"rendered":"<p>O <strong>Unidade flash USB com LED girat\u00f3rio tipo C<\/strong> lan\u00e7ado por <strong>YOUSAN<\/strong> O Factory foi projetado especificamente para a era dos v\u00e1rios dispositivos, ultrapassando os limites tradicionais de armazenamento. Ele \u00e9 compat\u00edvel com interfaces duplas: <strong>USB-A<\/strong> (para computadores\/dispositivos mais antigos) + <strong>Tipo C<\/strong> (para smartphones\/tablets\/dispositivos mais novos), conectando-se perfeitamente a terminais como smartphones, laptops e tablets. Se voc\u00ea precisa transferir diretamente v\u00eddeos de alta defini\u00e7\u00e3o gravados em um smartphone para um computador para edi\u00e7\u00e3o ou copiar materiais de cursos de um computador para um tablet para aprendizado em movimento, n\u00e3o \u00e9 necess\u00e1rio nenhum adaptador - \u00e9 plug-and-play. Ele \u00e9 compat\u00edvel com os principais sistemas operacionais, incluindo Windows, macOS, Android e iOS, permitindo a transfer\u00eancia de arquivos entre plataformas em alta velocidade. Ele resolve completamente o problema da \"incompatibilidade da interface do dispositivo\", tornando a transfer\u00eancia de dados mais eficiente e flex\u00edvel.<\/p>\n\n\n\n<div class=\"wp-block-columns is-layout-flex wp-container-core-columns-is-layout-28f84493 wp-block-columns-is-layout-flex\">\n<div class=\"wp-block-column is-layout-flow wp-block-column-is-layout-flow\">\n<figure class=\"wp-block-image size-full\"><img alt=\"\" fetchpriority=\"high\" decoding=\"async\" width=\"800\" height=\"800\" src=\"https:\/\/www.usborkeychain.com\/wp-content\/uploads\/led-usb-type-c-and-a-flash-drive.jpg\" class=\"wp-image-6213\" srcset=\"https:\/\/www.usborkeychain.com\/wp-content\/uploads\/led-usb-type-c-and-a-flash-drive.jpg 800w, https:\/\/www.usborkeychain.com\/wp-content\/uploads\/led-usb-type-c-and-a-flash-drive-300x300.jpg 300w, https:\/\/www.usborkeychain.com\/wp-content\/uploads\/led-usb-type-c-and-a-flash-drive-150x150.jpg 150w, https:\/\/www.usborkeychain.com\/wp-content\/uploads\/led-usb-type-c-and-a-flash-drive-768x768.jpg 768w, https:\/\/www.usborkeychain.com\/wp-content\/uploads\/led-usb-type-c-and-a-flash-drive-12x12.jpg 12w, https:\/\/www.usborkeychain.com\/wp-content\/uploads\/led-usb-type-c-and-a-flash-drive-600x600.jpg 600w, https:\/\/www.usborkeychain.com\/wp-content\/uploads\/led-usb-type-c-and-a-flash-drive-100x100.jpg 100w\" sizes=\"(max-width: 800px) 100vw, 800px\" \/><\/figure>\n<\/div>\n\n\n\n<div class=\"wp-block-column is-layout-flow wp-block-column-is-layout-flow\">\n<figure class=\"wp-block-image size-full\"><img alt=\"\" fetchpriority=\"high\" decoding=\"async\" width=\"800\" height=\"800\" src=\"https:\/\/www.usborkeychain.com\/wp-content\/uploads\/led-usb-type-c-and-a-flash-drive.jpg\" class=\"wp-image-6213\" srcset=\"https:\/\/www.usborkeychain.com\/wp-content\/uploads\/led-usb-type-c-and-a-flash-drive.jpg 800w, https:\/\/www.usborkeychain.com\/wp-content\/uploads\/led-usb-type-c-and-a-flash-drive-300x300.jpg 300w, https:\/\/www.usborkeychain.com\/wp-content\/uploads\/led-usb-type-c-and-a-flash-drive-150x150.jpg 150w, https:\/\/www.usborkeychain.com\/wp-content\/uploads\/led-usb-type-c-and-a-flash-drive-768x768.jpg 768w, https:\/\/www.usborkeychain.com\/wp-content\/uploads\/led-usb-type-c-and-a-flash-drive-12x12.jpg 12w, https:\/\/www.usborkeychain.com\/wp-content\/uploads\/led-usb-type-c-and-a-flash-drive-600x600.jpg 600w, https:\/\/www.usborkeychain.com\/wp-content\/uploads\/led-usb-type-c-and-a-flash-drive-100x100.jpg 100w\" sizes=\"(max-width: 800px) 100vw, 800px\" \/><\/figure>\n<\/div>\n<\/div>\n\n\n\n<h3 class=\"wp-block-heading\">Destaques do design<\/h3>\n\n\n\n<h4 class=\"wp-block-heading\">1. Estrutura rotativa cl\u00e1ssica<\/h4>\n\n\n\n<p>Adotando um design de armazenamento girat\u00f3rio de 360\u00b0: gire a interface para fora quando estiver em uso e gire-a de volta para proteg\u00ea-la quando n\u00e3o estiver em uso. Isso evita arranh\u00f5es na interface e a entrada de poeira, prolongando a vida \u00fatil. O amortecimento da rota\u00e7\u00e3o \u00e9 moderado, o que garante uma opera\u00e7\u00e3o suave, combinando praticidade com uma sensa\u00e7\u00e3o divertida e amig\u00e1vel.<\/p>\n\n\n\n<h4 class=\"wp-block-heading\">2. Material premium e op\u00e7\u00f5es de cores<\/h4>\n\n\n\n<p>Fabricado com um inv\u00f3lucro de liga de zinco em uma \u00fanica pe\u00e7a, ele apresenta alta dureza e r\u00e1pida dissipa\u00e7\u00e3o de calor, o que garante uma transfer\u00eancia de dados est\u00e1vel e confere ao produto propriedades robustas de \"resist\u00eancia a choques e desgaste\". Ele vem em duas op\u00e7\u00f5es de cores: bronze e prata. A cor bronze exala uma sofistica\u00e7\u00e3o discreta, enquanto a cor prata apresenta uma eleg\u00e2ncia minimalista, adequada a v\u00e1rios cen\u00e1rios, como neg\u00f3cios e moda. A textura met\u00e1lica destaca sua qualidade premium.<\/p>\n\n\n\n<div class=\"wp-block-columns is-layout-flex wp-container-core-columns-is-layout-28f84493 wp-block-columns-is-layout-flex\">\n<div class=\"wp-block-column is-layout-flow wp-block-column-is-layout-flow\">\n<figure class=\"wp-block-image size-full\"><img alt=\"\" decoding=\"async\" width=\"800\" height=\"800\" src=\"https:\/\/www.usborkeychain.com\/wp-content\/uploads\/led-usb-type-c-flash-drive.jpg\" class=\"wp-image-6214\" srcset=\"https:\/\/www.usborkeychain.com\/wp-content\/uploads\/led-usb-type-c-flash-drive.jpg 800w, https:\/\/www.usborkeychain.com\/wp-content\/uploads\/led-usb-type-c-flash-drive-300x300.jpg 300w, https:\/\/www.usborkeychain.com\/wp-content\/uploads\/led-usb-type-c-flash-drive-150x150.jpg 150w, https:\/\/www.usborkeychain.com\/wp-content\/uploads\/led-usb-type-c-flash-drive-768x768.jpg 768w, https:\/\/www.usborkeychain.com\/wp-content\/uploads\/led-usb-type-c-flash-drive-12x12.jpg 12w, https:\/\/www.usborkeychain.com\/wp-content\/uploads\/led-usb-type-c-flash-drive-600x600.jpg 600w, https:\/\/www.usborkeychain.com\/wp-content\/uploads\/led-usb-type-c-flash-drive-100x100.jpg 100w\" sizes=\"(max-width: 800px) 100vw, 800px\" \/><\/figure>\n<\/div>\n\n\n\n<div class=\"wp-block-column is-layout-flow wp-block-column-is-layout-flow\">\n<figure class=\"wp-block-image size-full\"><img alt=\"\" decoding=\"async\" width=\"800\" height=\"800\" src=\"https:\/\/www.usborkeychain.com\/wp-content\/uploads\/type-c-led-usb-flash-drive.jpg\" class=\"wp-image-6216\" srcset=\"https:\/\/www.usborkeychain.com\/wp-content\/uploads\/type-c-led-usb-flash-drive.jpg 800w, https:\/\/www.usborkeychain.com\/wp-content\/uploads\/type-c-led-usb-flash-drive-300x300.jpg 300w, https:\/\/www.usborkeychain.com\/wp-content\/uploads\/type-c-led-usb-flash-drive-150x150.jpg 150w, https:\/\/www.usborkeychain.com\/wp-content\/uploads\/type-c-led-usb-flash-drive-768x768.jpg 768w, https:\/\/www.usborkeychain.com\/wp-content\/uploads\/type-c-led-usb-flash-drive-12x12.jpg 12w, https:\/\/www.usborkeychain.com\/wp-content\/uploads\/type-c-led-usb-flash-drive-600x600.jpg 600w, https:\/\/www.usborkeychain.com\/wp-content\/uploads\/type-c-led-usb-flash-drive-100x100.jpg 100w\" sizes=\"(max-width: 800px) 100vw, 800px\" \/><\/figure>\n<\/div>\n<\/div>\n\n\n\n<h3 class=\"wp-block-heading\">Logotipo de LED personaliz\u00e1vel<\/h3>\n\n\n\n<h4 class=\"wp-block-heading\">1. Diversas t\u00e9cnicas de personaliza\u00e7\u00e3o<\/h4>\n\n\n\n<p>Suporta a personaliza\u00e7\u00e3o do logotipo por meio de impress\u00e3o em tela de seda, grava\u00e7\u00e3o a laser, impress\u00e3o colorida, impress\u00e3o em bloco, etc:<\/p>\n\n\n\n<figure class=\"wp-block-table\"><table class=\"has-fixed-layout\"><thead><tr><th>Tipo de t\u00e9cnica<\/th><th>Cen\u00e1rios aplic\u00e1veis<\/th><th>Efeitos de recursos<\/th><\/tr><\/thead><tbody><tr><td>Logotipo impresso em serigrafia<\/td><td>Fundos planos de cor clara<\/td><td>Reprodu\u00e7\u00e3o de cores de alta precis\u00e3o<\/td><\/tr><tr><td>Grava\u00e7\u00e3o a laser<\/td><td>Superf\u00edcies met\u00e1licas de cor escura<\/td><td>Marcas gravadas permanentes<\/td><\/tr><tr><td>Logotipo impresso em cores<\/td><td>Padr\u00f5es complexos<\/td><td>Renderiza\u00e7\u00e3o de cores gradientes<\/td><\/tr><tr><td>Logotipo impresso em bloco<\/td><td>Superf\u00edcies curvas\/irregulares<\/td><td>Cobertura cont\u00ednua<\/td><\/tr><\/tbody><\/table><\/figure>\n\n\n\n<h4 class=\"wp-block-heading\">2. Tecnologia LED para grava\u00e7\u00e3o interna<\/h4>\n\n\n\n<p>Utilizando a tecnologia LED de grava\u00e7\u00e3o interna: quando a unidade USB \u00e9 conectada a um dispositivo (computador\/smartphone) e ligada, a \u00e1rea do logotipo se ilumina automaticamente, exalando um forte senso de tecnologia! O efeito de LED n\u00e3o apenas aumenta o reconhecimento do produto, mas tamb\u00e9m acrescenta um senso de ritual ao uso di\u00e1rio, tornando-o um design representativo dos produtos digitais da moda atual.<\/p>\n\n\n\n<h3 class=\"wp-block-heading\">Par\u00e2metros principais da unidade USB<\/h3>\n\n\n\n<figure class=\"wp-block-table\"><table class=\"has-fixed-layout\"><thead><tr><th>Item de par\u00e2metro<\/th><th>Detalhes<\/th><\/tr><\/thead><tbody><tr><td>Taxa de transfer\u00eancia de dados<\/td><td>15 MB\/s<\/td><\/tr><tr><td>Velocidade m\u00e1xima de leitura<\/td><td>15 MB\/s<\/td><\/tr><tr><td>Velocidade m\u00e1xima de grava\u00e7\u00e3o<\/td><td>8 MB\/s<\/td><\/tr><tr><td>Tipos de interface<\/td><td>USB 2.0, USB 3.0, TIPO-C<\/td><\/tr><tr><td>Material da concha<\/td><td>Metal (liga de zinco)<\/td><\/tr><tr><td>Recursos especiais<\/td><td>LED (ilumina\u00e7\u00e3o do logotipo interno gravado)<\/td><\/tr><tr><td>Dimens\u00f5es do produto<\/td><td>45\u00d742\u00d710,7 mm<\/td><\/tr><tr><td>Peso<\/td><td>24 g<\/td><\/tr><\/tbody><\/table><\/figure>\n\n\n\n<div class=\"wp-block-columns is-layout-flex wp-container-core-columns-is-layout-28f84493 wp-block-columns-is-layout-flex\">\n<div class=\"wp-block-column is-layout-flow wp-block-column-is-layout-flow\">\n<figure class=\"wp-block-image size-full\"><img alt=\"\" loading=\"lazy\" decoding=\"async\" width=\"800\" height=\"800\" src=\"https:\/\/www.usborkeychain.com\/wp-content\/uploads\/Custom-USB-3.0-and-Type-C-LED-Light-up-USB-Flash-Drive.jpg\" class=\"wp-image-6211\" srcset=\"https:\/\/www.usborkeychain.com\/wp-content\/uploads\/Custom-USB-3.0-and-Type-C-LED-Light-up-USB-Flash-Drive.jpg 800w, https:\/\/www.usborkeychain.com\/wp-content\/uploads\/Custom-USB-3.0-and-Type-C-LED-Light-up-USB-Flash-Drive-300x300.jpg 300w, https:\/\/www.usborkeychain.com\/wp-content\/uploads\/Custom-USB-3.0-and-Type-C-LED-Light-up-USB-Flash-Drive-150x150.jpg 150w, https:\/\/www.usborkeychain.com\/wp-content\/uploads\/Custom-USB-3.0-and-Type-C-LED-Light-up-USB-Flash-Drive-768x768.jpg 768w, https:\/\/www.usborkeychain.com\/wp-content\/uploads\/Custom-USB-3.0-and-Type-C-LED-Light-up-USB-Flash-Drive-12x12.jpg 12w, https:\/\/www.usborkeychain.com\/wp-content\/uploads\/Custom-USB-3.0-and-Type-C-LED-Light-up-USB-Flash-Drive-600x600.jpg 600w, https:\/\/www.usborkeychain.com\/wp-content\/uploads\/Custom-USB-3.0-and-Type-C-LED-Light-up-USB-Flash-Drive-100x100.jpg 100w\" sizes=\"(max-width: 800px) 100vw, 800px\" \/><\/figure>\n<\/div>\n\n\n\n<div class=\"wp-block-column is-layout-flow wp-block-column-is-layout-flow\">\n<figure class=\"wp-block-image size-full\"><img alt=\"\" loading=\"lazy\" decoding=\"async\" width=\"800\" height=\"800\" src=\"https:\/\/www.usborkeychain.com\/wp-content\/uploads\/led-usb-type-c-flash-drives.jpg\" class=\"wp-image-6215\" srcset=\"https:\/\/www.usborkeychain.com\/wp-content\/uploads\/led-usb-type-c-flash-drives.jpg 800w, https:\/\/www.usborkeychain.com\/wp-content\/uploads\/led-usb-type-c-flash-drives-300x300.jpg 300w, https:\/\/www.usborkeychain.com\/wp-content\/uploads\/led-usb-type-c-flash-drives-150x150.jpg 150w, https:\/\/www.usborkeychain.com\/wp-content\/uploads\/led-usb-type-c-flash-drives-768x768.jpg 768w, https:\/\/www.usborkeychain.com\/wp-content\/uploads\/led-usb-type-c-flash-drives-12x12.jpg 12w, https:\/\/www.usborkeychain.com\/wp-content\/uploads\/led-usb-type-c-flash-drives-600x600.jpg 600w, https:\/\/www.usborkeychain.com\/wp-content\/uploads\/led-usb-type-c-flash-drives-100x100.jpg 100w\" sizes=\"(max-width: 800px) 100vw, 800px\" \/><\/figure>\n<\/div>\n<\/div>\n\n\n\n<h3 class=\"wp-block-heading\">Quem precisa desse \"drive USB de LED\"?<\/h3>\n\n\n\n<ol class=\"wp-block-list\">\n<li><strong>Elites empresariais<\/strong>: As interfaces duplas atendem \u00e0s necessidades de escrit\u00f3rio entre dispositivos entre smartphones e computadores. A textura met\u00e1lica se alinha com uma imagem profissional da empresa, e o logotipo de LED personaliz\u00e1vel pode apresentar identificadores corporativos para aumentar a exposi\u00e7\u00e3o da marca.<\/li>\n\n\n\n<li><strong>Estudantes<\/strong>: Transfira facilmente os trabalhos de casa registrados em smartphones para computadores para escrever ensaios com interfaces duplas. O design girat\u00f3rio facilita o armazenamento, reduzindo a carga da mochila.<\/li>\n\n\n\n<li><strong>Entusiastas digitais<\/strong>: Para aqueles que buscam produtos \"novos, exclusivos e distintos\", o efeito de LED e a estrutura girat\u00f3ria fazem dele uma ferramenta pr\u00e1tica e um gadget de mesa moderno.<\/li>\n\n\n\n<li><strong>Compras corporativas<\/strong>: Como brindes para eventos ou benef\u00edcios para funcion\u00e1rios, o logotipo personaliz\u00e1vel e o design iluminado o tornam mais memor\u00e1vel do que as unidades USB comuns, fortalecendo a comunica\u00e7\u00e3o da marca.<\/li>\n<\/ol>\n\n\n\n<p>O <strong>Unidade USB girat\u00f3ria iluminada YOUSAN Type-C<\/strong>O USB drive, com suas tr\u00eas principais vantagens - \"compatibilidade de interface dupla + prote\u00e7\u00e3o rotativa + personaliza\u00e7\u00e3o de LED\" - n\u00e3o apenas atende \u00e0 necessidade pr\u00e1tica de \"interoperabilidade de dados em v\u00e1rios dispositivos\", mas tamb\u00e9m cria uma experi\u00eancia diferenciada por meio de sua textura met\u00e1lica e logotipo de LED. Se voc\u00ea \u00e9 um profissional que se preocupa com a efici\u00eancia, um amante de gadgets digitais da moda ou uma empresa que precisa de personaliza\u00e7\u00e3o de marca, essa unidade USB pode ser um assistente confi\u00e1vel em sua vida digital. Para personaliza\u00e7\u00e3o ou para saber mais detalhes, entre em contato diretamente com a YOUSAN Factory - personaliza\u00e7\u00e3o em massa e servi\u00e7os personalizados est\u00e3o dispon\u00edveis!<\/p>","protected":false},"excerpt":{"rendered":"<ul>\n<li>Design de armazenamento girat\u00f3rio de 360\u00b0<\/li>\n<li>USB-A + Tipo C<\/li>\n<li>Logotipo de LED personaliz\u00e1vel<\/li>\n<li>Materiais de liga de zinco<\/li>\n<li>MOQ:100pcs<\/li>\n<\/ul>","protected":false},"featured_media":6214,"comment_status":"open","ping_status":"closed","template":"","meta":{"_seopress_robots_primary_cat":"","_seopress_titles_title":"","_seopress_titles_desc":"","_seopress_robots_index":"","site-sidebar-layout":"default","site-content-layout":"","ast-site-content-layout":"","site-content-style":"default","site-sidebar-style":"default","ast-global-header-display":"","ast-banner-title-visibility":"","ast-main-header-display":"","ast-hfb-above-header-display":"","ast-hfb-below-header-display":"","ast-hfb-mobile-header-display":"","site-post-title":"","ast-breadcrumbs-content":"","ast-featured-img":"","footer-sml-layout":"","theme-transparent-header-meta":"","adv-header-id-meta":"","stick-header-meta":"","header-above-stick-meta":"","header-main-stick-meta":"","header-below-stick-meta":"","astra-migrate-meta-layouts":"default","ast-page-background-enabled":"default","ast-page-background-meta":{"desktop":{"background-color":"var(--ast-global-color-5)","background-image":"","background-repeat":"repeat","background-position":"center center","background-size":"auto","background-attachment":"scroll","background-type":"","background-media":"","overlay-type":"","overlay-color":"","overlay-opacity":"","overlay-gradient":""},"tablet":{"background-color":"","background-image":"","background-repeat":"repeat","background-position":"center center","background-size":"auto","background-attachment":"scroll","background-type":"","background-media":"","overlay-type":"","overlay-color":"","overlay-opacity":"","overlay-gradient":""},"mobile":{"background-color":"","background-image":"","background-repeat":"repeat","background-position":"center center","background-size":"auto","background-attachment":"scroll","background-type":"","background-media":"","overlay-type":"","overlay-color":"","overlay-opacity":"","overlay-gradient":""}},"ast-content-background-meta":{"desktop":{"background-color":"var(--ast-global-color-4)","background-image":"","background-repeat":"repeat","background-position":"center center","background-size":"auto","background-attachment":"scroll","background-type":"","background-media":"","overlay-type":"","overlay-color":"","overlay-opacity":"","overlay-gradient":""},"tablet":{"background-color":"var(--ast-global-color-4)","background-image":"","background-repeat":"repeat","background-position":"center center","background-size":"auto","background-attachment":"scroll","background-type":"","background-media":"","overlay-type":"","overlay-color":"","overlay-opacity":"","overlay-gradient":""},"mobile":{"background-color":"var(--ast-global-color-4)","background-image":"","background-repeat":"repeat","background-position":"center center","background-size":"auto","background-attachment":"scroll","background-type":"","background-media":"","overlay-type":"","overlay-color":"","overlay-opacity":"","overlay-gradient":""}}},"product_brand":[],"product_cat":[107,106],"product_tag":[406,384],"class_list":{"0":"post-6208","1":"product","2":"type-product","3":"status-publish","4":"has-post-thumbnail","6":"product_cat-led-usb-pendrive","7":"product_cat-rotating-usb-pendrive","8":"product_tag-metal-swivel-usb-drive","9":"product_tag-type-c-rotating-led-usb-flash-drive","10":"desktop-align-left","11":"tablet-align-left","12":"mobile-align-left","14":"first","15":"instock","16":"shipping-taxable","17":"product-type-simple"},"_links":{"self":[{"href":"https:\/\/www.usborkeychain.com\/pt\/wp-json\/wp\/v2\/product\/6208","targetHints":{"allow":["GET"]}}],"collection":[{"href":"https:\/\/www.usborkeychain.com\/pt\/wp-json\/wp\/v2\/product"}],"about":[{"href":"https:\/\/www.usborkeychain.com\/pt\/wp-json\/wp\/v2\/types\/product"}],"replies":[{"embeddable":true,"href":"https:\/\/www.usborkeychain.com\/pt\/wp-json\/wp\/v2\/comments?post=6208"}],"wp:featuredmedia":[{"embeddable":true,"href":"https:\/\/www.usborkeychain.com\/pt\/wp-json\/wp\/v2\/media\/6214"}],"wp:attachment":[{"href":"https:\/\/www.usborkeychain.com\/pt\/wp-json\/wp\/v2\/media?parent=6208"}],"wp:term":[{"taxonomy":"product_brand","embeddable":true,"href":"https:\/\/www.usborkeychain.com\/pt\/wp-json\/wp\/v2\/product_brand?post=6208"},{"taxonomy":"product_cat","embeddable":true,"href":"https:\/\/www.usborkeychain.com\/pt\/wp-json\/wp\/v2\/product_cat?post=6208"},{"taxonomy":"product_tag","embeddable":true,"href":"https:\/\/www.usborkeychain.com\/pt\/wp-json\/wp\/v2\/product_tag?post=6208"}],"curies":[{"name":"wp","href":"https:\/\/api.w.org\/{rel}","templated":true}]}}