{"id":6256,"date":"2025-08-08T05:35:08","date_gmt":"2025-08-08T05:35:08","guid":{"rendered":"https:\/\/www.usborkeychain.com\/?post_type=product&#038;p=6256"},"modified":"2025-08-08T05:35:11","modified_gmt":"2025-08-08T05:35:11","slug":"light-up-book-clip-usb-drive","status":"publish","type":"product","link":"https:\/\/www.usborkeychain.com\/pt\/produto\/light-up-book-clip-usb-drive\/","title":{"rendered":"Unidade USB com clipe de livro iluminado"},"content":{"rendered":"<h2 class=\"wp-block-heading\">Princ\u00edpio de funcionamento da unidade USB Light-Up<\/h2>\n\n\n\n<p>O efeito de emiss\u00e3o de luz do <strong>clipe de livro iluminado unidade USB<\/strong> \u00e9 obtido por meio da \"tecnologia de emiss\u00e3o de luz de entalhe interno + tecnologia de acionamento de LED\":<\/p>\n\n\n\n<ul class=\"wp-block-list\">\n<li><strong>Suporte de hardware<\/strong>: Equipado com um cord\u00e3o de micro LED embutido, alimentado pelo circuito de controle principal da unidade USB, acionando a emiss\u00e3o de luz com baixo consumo de energia;<\/li>\n\n\n\n<li><strong>Artesanato principal<\/strong>: Adotando a tecnologia de escultura interna a laser, as texturas de transmiss\u00e3o de luz do LOGOTIPO s\u00e3o esculpidas na caixa de metal. Quando a luz passa, a \u00e1rea do LOGOTIPO exibe um efeito de emiss\u00e3o de luz uniforme e n\u00edtido (com suporte \u00e0 personaliza\u00e7\u00e3o de v\u00e1rias cores, como vermelho, verde, azul e branco);<\/li>\n\n\n\n<li><strong>Intera\u00e7\u00e3o inteligente<\/strong>: Acende-se imediatamente quando ligado, servindo como indicador de status de transmiss\u00e3o de dados e permitindo a r\u00e1pida identifica\u00e7\u00e3o em ambientes com pouca luz, equilibrando praticidade e est\u00e9tica.<\/li>\n<\/ul>\n\n\n\n<div class=\"wp-block-columns is-layout-flex wp-container-core-columns-is-layout-28f84493 wp-block-columns-is-layout-flex\">\n<div class=\"wp-block-column is-layout-flow wp-block-column-is-layout-flow\">\n<figure class=\"wp-block-image size-full\"><img alt=\"\" fetchpriority=\"high\" decoding=\"async\" width=\"800\" height=\"800\" src=\"https:\/\/www.usborkeychain.com\/wp-content\/uploads\/led-usb-flash-drive-1.jpg\" class=\"wp-image-6264\" srcset=\"https:\/\/www.usborkeychain.com\/wp-content\/uploads\/led-usb-flash-drive-1.jpg 800w, https:\/\/www.usborkeychain.com\/wp-content\/uploads\/led-usb-flash-drive-1-300x300.jpg 300w, https:\/\/www.usborkeychain.com\/wp-content\/uploads\/led-usb-flash-drive-1-150x150.jpg 150w, https:\/\/www.usborkeychain.com\/wp-content\/uploads\/led-usb-flash-drive-1-768x768.jpg 768w, https:\/\/www.usborkeychain.com\/wp-content\/uploads\/led-usb-flash-drive-1-12x12.jpg 12w, https:\/\/www.usborkeychain.com\/wp-content\/uploads\/led-usb-flash-drive-1-600x600.jpg 600w, https:\/\/www.usborkeychain.com\/wp-content\/uploads\/led-usb-flash-drive-1-100x100.jpg 100w\" sizes=\"(max-width: 800px) 100vw, 800px\" \/><\/figure>\n<\/div>\n\n\n\n<div class=\"wp-block-column is-layout-flow wp-block-column-is-layout-flow\">\n<figure class=\"wp-block-image size-full\"><img alt=\"\" decoding=\"async\" width=\"800\" height=\"800\" src=\"https:\/\/www.usborkeychain.com\/wp-content\/uploads\/light-up-USB-flash-drive.jpg\" class=\"wp-image-6266\" srcset=\"https:\/\/www.usborkeychain.com\/wp-content\/uploads\/light-up-USB-flash-drive.jpg 800w, https:\/\/www.usborkeychain.com\/wp-content\/uploads\/light-up-USB-flash-drive-300x300.jpg 300w, https:\/\/www.usborkeychain.com\/wp-content\/uploads\/light-up-USB-flash-drive-150x150.jpg 150w, https:\/\/www.usborkeychain.com\/wp-content\/uploads\/light-up-USB-flash-drive-768x768.jpg 768w, https:\/\/www.usborkeychain.com\/wp-content\/uploads\/light-up-USB-flash-drive-12x12.jpg 12w, https:\/\/www.usborkeychain.com\/wp-content\/uploads\/light-up-USB-flash-drive-600x600.jpg 600w, https:\/\/www.usborkeychain.com\/wp-content\/uploads\/light-up-USB-flash-drive-100x100.jpg 100w\" sizes=\"(max-width: 800px) 100vw, 800px\" \/><\/figure>\n<\/div>\n<\/div>\n\n\n\n<h2 class=\"wp-block-heading\">Recursos de design da unidade USB Light-Up<\/h2>\n\n\n\n<h3 class=\"wp-block-heading\">1. Material met\u00e1lico<\/h3>\n\n\n\n<p>A carca\u00e7a \u00e9 feita de metal de alta qualidade, com resist\u00eancia a choques, \u00e0 corros\u00e3o e ao desgaste. Ela n\u00e3o se deforma facilmente com o uso prolongado.<\/p>\n\n\n\n<h3 class=\"wp-block-heading\">2. Design de clipe de livro<\/h3>\n\n\n\n<p>Integrado de forma inovadora com uma \"fun\u00e7\u00e3o de clipe de livro\": O clipe de metal na extremidade da unidade USB pode ser fixado na borda de cadernos ou pastas, resolvendo o problema das unidades USB tradicionais que podem ser facilmente perdidas ou soltas. Ele pode guardar documentos durante o trabalho e livros did\u00e1ticos durante o estudo, atendendo a duas finalidades em uma s\u00f3.<\/p>\n\n\n\n<h3 class=\"wp-block-heading\">3. Personaliza\u00e7\u00e3o de cores<\/h3>\n\n\n\n<p>Suporta a personaliza\u00e7\u00e3o de todas as cores (como preto comercial, laranja vibrante, azul tecnol\u00f3gico, etc.). A penetra\u00e7\u00e3o da cor \u00e9 obtida por meio da tecnologia de anodiza\u00e7\u00e3o, atendendo \u00e0s necessidades diferenciadas da marca VI ou da est\u00e9tica pessoal.<\/p>\n\n\n\n<div class=\"wp-block-columns is-layout-flex wp-container-core-columns-is-layout-28f84493 wp-block-columns-is-layout-flex\">\n<div class=\"wp-block-column is-layout-flow wp-block-column-is-layout-flow\">\n<figure class=\"wp-block-image size-full\"><img alt=\"\" decoding=\"async\" width=\"800\" height=\"800\" src=\"https:\/\/www.usborkeychain.com\/wp-content\/uploads\/Clip-led-USB-Flash-Drive.jpg\" class=\"wp-image-6262\" srcset=\"https:\/\/www.usborkeychain.com\/wp-content\/uploads\/Clip-led-USB-Flash-Drive.jpg 800w, https:\/\/www.usborkeychain.com\/wp-content\/uploads\/Clip-led-USB-Flash-Drive-300x300.jpg 300w, https:\/\/www.usborkeychain.com\/wp-content\/uploads\/Clip-led-USB-Flash-Drive-150x150.jpg 150w, https:\/\/www.usborkeychain.com\/wp-content\/uploads\/Clip-led-USB-Flash-Drive-768x768.jpg 768w, https:\/\/www.usborkeychain.com\/wp-content\/uploads\/Clip-led-USB-Flash-Drive-12x12.jpg 12w, https:\/\/www.usborkeychain.com\/wp-content\/uploads\/Clip-led-USB-Flash-Drive-600x600.jpg 600w, https:\/\/www.usborkeychain.com\/wp-content\/uploads\/Clip-led-USB-Flash-Drive-100x100.jpg 100w\" sizes=\"(max-width: 800px) 100vw, 800px\" \/><\/figure>\n<\/div>\n\n\n\n<div class=\"wp-block-column is-layout-flow wp-block-column-is-layout-flow\">\n<figure class=\"wp-block-image size-full\"><img alt=\"\" loading=\"lazy\" decoding=\"async\" width=\"800\" height=\"800\" src=\"https:\/\/www.usborkeychain.com\/wp-content\/uploads\/LED-Book-Clip-USB-Drive.jpg\" class=\"wp-image-6263\" srcset=\"https:\/\/www.usborkeychain.com\/wp-content\/uploads\/LED-Book-Clip-USB-Drive.jpg 800w, https:\/\/www.usborkeychain.com\/wp-content\/uploads\/LED-Book-Clip-USB-Drive-300x300.jpg 300w, https:\/\/www.usborkeychain.com\/wp-content\/uploads\/LED-Book-Clip-USB-Drive-150x150.jpg 150w, https:\/\/www.usborkeychain.com\/wp-content\/uploads\/LED-Book-Clip-USB-Drive-768x768.jpg 768w, https:\/\/www.usborkeychain.com\/wp-content\/uploads\/LED-Book-Clip-USB-Drive-12x12.jpg 12w, https:\/\/www.usborkeychain.com\/wp-content\/uploads\/LED-Book-Clip-USB-Drive-600x600.jpg 600w, https:\/\/www.usborkeychain.com\/wp-content\/uploads\/LED-Book-Clip-USB-Drive-100x100.jpg 100w\" sizes=\"(max-width: 800px) 100vw, 800px\" \/><\/figure>\n<\/div>\n<\/div>\n\n\n\n<h2 class=\"wp-block-heading\">Personaliza\u00e7\u00e3o do logotipo<\/h2>\n\n\n\n<figure class=\"wp-block-table\"><table class=\"has-fixed-layout\"><thead><tr><th>Tipo de artesanato<\/th><th>Vantagens<\/th><th>Cen\u00e1rios adequados<\/th><\/tr><\/thead><tbody><tr><td>LOGOTIPO impresso em tela de seda<\/td><td>Rico em cores, com suporte a gradientes<\/td><td>Padr\u00f5es complexos, LOGOTIPOs multicoloridos<\/td><\/tr><tr><td>Grava\u00e7\u00e3o a laser<\/td><td>Alta precis\u00e3o, com textura met\u00e1lica proeminente<\/td><td>Linhas simples, s\u00edmbolos de marca<\/td><\/tr><tr><td>LOGOTIPO impresso em cores<\/td><td>Alta fidelidade, detalhes claros<\/td><td>Padr\u00f5es de alta resolu\u00e7\u00e3o em n\u00edvel de foto<\/td><\/tr><tr><td>LOGOTIPO impresso em bloco<\/td><td>Adequado para superf\u00edcies curvas, com boa cobertura das bordas<\/td><td>Projetos de carca\u00e7as curvas e irregulares<\/td><\/tr><\/tbody><\/table><\/figure>\n\n\n\n<p>Em conjunto com a tecnologia de emiss\u00e3o de luz de entalhe interno, o LOGOTIPO pode alcan\u00e7ar modos din\u00e2micos, como luz constante de cor \u00fanica e efeitos de luz respirat\u00f3ria, tornando-se um cart\u00e3o de visita m\u00f3vel da marca.<\/p>\n\n\n\n<div class=\"wp-block-columns is-layout-flex wp-container-core-columns-is-layout-28f84493 wp-block-columns-is-layout-flex\">\n<div class=\"wp-block-column is-layout-flow wp-block-column-is-layout-flow\">\n<figure class=\"wp-block-image size-full\"><img alt=\"\" loading=\"lazy\" decoding=\"async\" width=\"800\" height=\"800\" src=\"https:\/\/www.usborkeychain.com\/wp-content\/uploads\/Led-USB-Flash-Drives-China-Manufacturers-and-Suppliers.jpg\" class=\"wp-image-6265\" srcset=\"https:\/\/www.usborkeychain.com\/wp-content\/uploads\/Led-USB-Flash-Drives-China-Manufacturers-and-Suppliers.jpg 800w, https:\/\/www.usborkeychain.com\/wp-content\/uploads\/Led-USB-Flash-Drives-China-Manufacturers-and-Suppliers-300x300.jpg 300w, https:\/\/www.usborkeychain.com\/wp-content\/uploads\/Led-USB-Flash-Drives-China-Manufacturers-and-Suppliers-150x150.jpg 150w, https:\/\/www.usborkeychain.com\/wp-content\/uploads\/Led-USB-Flash-Drives-China-Manufacturers-and-Suppliers-768x768.jpg 768w, https:\/\/www.usborkeychain.com\/wp-content\/uploads\/Led-USB-Flash-Drives-China-Manufacturers-and-Suppliers-12x12.jpg 12w, https:\/\/www.usborkeychain.com\/wp-content\/uploads\/Led-USB-Flash-Drives-China-Manufacturers-and-Suppliers-600x600.jpg 600w, https:\/\/www.usborkeychain.com\/wp-content\/uploads\/Led-USB-Flash-Drives-China-Manufacturers-and-Suppliers-100x100.jpg 100w\" sizes=\"(max-width: 800px) 100vw, 800px\" \/><\/figure>\n<\/div>\n\n\n\n<div class=\"wp-block-column is-layout-flow wp-block-column-is-layout-flow\">\n<figure class=\"wp-block-image size-full\"><img alt=\"\" loading=\"lazy\" decoding=\"async\" width=\"800\" height=\"800\" src=\"https:\/\/www.usborkeychain.com\/wp-content\/uploads\/china-led-usb-flash-drive-factory.jpg\" class=\"wp-image-6261\" srcset=\"https:\/\/www.usborkeychain.com\/wp-content\/uploads\/china-led-usb-flash-drive-factory.jpg 800w, https:\/\/www.usborkeychain.com\/wp-content\/uploads\/china-led-usb-flash-drive-factory-300x300.jpg 300w, https:\/\/www.usborkeychain.com\/wp-content\/uploads\/china-led-usb-flash-drive-factory-150x150.jpg 150w, https:\/\/www.usborkeychain.com\/wp-content\/uploads\/china-led-usb-flash-drive-factory-768x768.jpg 768w, https:\/\/www.usborkeychain.com\/wp-content\/uploads\/china-led-usb-flash-drive-factory-12x12.jpg 12w, https:\/\/www.usborkeychain.com\/wp-content\/uploads\/china-led-usb-flash-drive-factory-600x600.jpg 600w, https:\/\/www.usborkeychain.com\/wp-content\/uploads\/china-led-usb-flash-drive-factory-100x100.jpg 100w\" sizes=\"(max-width: 800px) 100vw, 800px\" \/><\/figure>\n<\/div>\n<\/div>\n\n\n\n<h2 class=\"wp-block-heading\">Par\u00e2metros principais da unidade USB<\/h2>\n\n\n\n<figure class=\"wp-block-table\"><table class=\"has-fixed-layout\"><thead><tr><th>Categoria de par\u00e2metro<\/th><th>Especifica\u00e7\u00f5es espec\u00edficas<\/th><\/tr><\/thead><tbody><tr><td>Taxa de transfer\u00eancia de dados<\/td><td>100 MB\/s (protocolo USB 3.0)<\/td><\/tr><tr><td>Velocidade m\u00e1xima de leitura<\/td><td>10 MB\/s<\/td><\/tr><tr><td>Tipo de interface<\/td><td>USB 3.0<\/td><\/tr><tr><td>Material da carca\u00e7a<\/td><td>Metal<\/td><\/tr><tr><td>Luz indicadora<\/td><td>Sim (integrado na \u00e1rea de emiss\u00e3o de luz do LOGO)<\/td><\/tr><tr><td>Dimens\u00f5es do produto<\/td><td>65\u00d712,2\u00d77,6 mm<\/td><\/tr><tr><td>Peso<\/td><td>12g<\/td><\/tr><\/tbody><\/table><\/figure>\n\n\n\n<h2 class=\"wp-block-heading\">Quem est\u00e1 comprando essa unidade USB?<\/h2>\n\n\n\n<ol class=\"wp-block-list\">\n<li><strong>Profissionais de neg\u00f3cios<\/strong>: Como brindes corporativos (como lembran\u00e7as de confer\u00eancias, brindes para clientes), a unidade USB com clipe de livro iluminado e LOGOTIPO personalizado combina praticidade e exposi\u00e7\u00e3o da marca.<\/li>\n\n\n\n<li><strong>Grupos de estudantes<\/strong>: A fun\u00e7\u00e3o de clipe de livro se adapta aos cen\u00e1rios de sala de aula, e o LOGOTIPO iluminado satisfaz a express\u00e3o personalizada, tornando-o um \"item tecnol\u00f3gico da moda\" nos estudos e na vida.<\/li>\n\n\n\n<li><strong>Personaliza\u00e7\u00e3o de presentes<\/strong>: Com personaliza\u00e7\u00e3o multiartesanal e efeitos de emiss\u00e3o de luz, \u00e9 adequado para presentes de fim de ano (Natal, anivers\u00e1rios escolares) e lembran\u00e7as de c\u00fapula do setor, com grande potencial de pr\u00eamio.<\/li>\n\n\n\n<li><strong>Entusiastas de tecnologia<\/strong>: Obcecado por designs inovadores e tecnologia preta iluminada, ele \u00e9 adequado para cole\u00e7\u00f5es ou uso di\u00e1rio, satisfazendo a \"est\u00e9tica geek\".<\/li>\n<\/ol>\n\n\n\n<div class=\"wp-block-columns is-layout-flex wp-container-core-columns-is-layout-28f84493 wp-block-columns-is-layout-flex\">\n<div class=\"wp-block-column is-layout-flow wp-block-column-is-layout-flow\">\n<figure class=\"wp-block-image size-full\"><img alt=\"\" loading=\"lazy\" decoding=\"async\" width=\"800\" height=\"800\" src=\"https:\/\/www.usborkeychain.com\/wp-content\/uploads\/Book-Clip-usb-flash-drive-led-light.jpg\" class=\"wp-image-6259\" srcset=\"https:\/\/www.usborkeychain.com\/wp-content\/uploads\/Book-Clip-usb-flash-drive-led-light.jpg 800w, https:\/\/www.usborkeychain.com\/wp-content\/uploads\/Book-Clip-usb-flash-drive-led-light-300x300.jpg 300w, https:\/\/www.usborkeychain.com\/wp-content\/uploads\/Book-Clip-usb-flash-drive-led-light-150x150.jpg 150w, https:\/\/www.usborkeychain.com\/wp-content\/uploads\/Book-Clip-usb-flash-drive-led-light-768x768.jpg 768w, https:\/\/www.usborkeychain.com\/wp-content\/uploads\/Book-Clip-usb-flash-drive-led-light-12x12.jpg 12w, https:\/\/www.usborkeychain.com\/wp-content\/uploads\/Book-Clip-usb-flash-drive-led-light-600x600.jpg 600w, https:\/\/www.usborkeychain.com\/wp-content\/uploads\/Book-Clip-usb-flash-drive-led-light-100x100.jpg 100w\" sizes=\"(max-width: 800px) 100vw, 800px\" \/><\/figure>\n<\/div>\n\n\n\n<div class=\"wp-block-column is-layout-flow wp-block-column-is-layout-flow\">\n<figure class=\"wp-block-image size-full\"><img alt=\"\" loading=\"lazy\" decoding=\"async\" width=\"800\" height=\"800\" src=\"https:\/\/www.usborkeychain.com\/wp-content\/uploads\/Book-Clip-usb-flash-drive-with-led-light.jpg\" class=\"wp-image-6260\" srcset=\"https:\/\/www.usborkeychain.com\/wp-content\/uploads\/Book-Clip-usb-flash-drive-with-led-light.jpg 800w, https:\/\/www.usborkeychain.com\/wp-content\/uploads\/Book-Clip-usb-flash-drive-with-led-light-300x300.jpg 300w, https:\/\/www.usborkeychain.com\/wp-content\/uploads\/Book-Clip-usb-flash-drive-with-led-light-150x150.jpg 150w, https:\/\/www.usborkeychain.com\/wp-content\/uploads\/Book-Clip-usb-flash-drive-with-led-light-768x768.jpg 768w, https:\/\/www.usborkeychain.com\/wp-content\/uploads\/Book-Clip-usb-flash-drive-with-led-light-12x12.jpg 12w, https:\/\/www.usborkeychain.com\/wp-content\/uploads\/Book-Clip-usb-flash-drive-with-led-light-600x600.jpg 600w, https:\/\/www.usborkeychain.com\/wp-content\/uploads\/Book-Clip-usb-flash-drive-with-led-light-100x100.jpg 100w\" sizes=\"(max-width: 800px) 100vw, 800px\" \/><\/figure>\n<\/div>\n<\/div>\n\n\n\n<p>A unidade USB com clipe para livro iluminado rompe o atributo \u00fanico de uma \"ferramenta de armazenamento\". Com as fun\u00e7\u00f5es duplas de \"clipe de livro + ilumina\u00e7\u00e3o\", personaliza\u00e7\u00e3o de processo completo e textura met\u00e1lica, ele redefine o valor das unidades USB - n\u00e3o \u00e9 apenas um eficiente suporte de armazenamento, mas tamb\u00e9m uma janela de comunica\u00e7\u00e3o da marca e at\u00e9 mesmo um acess\u00f3rio de vida que combina praticidade e senso de design. A personaliza\u00e7\u00e3o permite o ajuste flex\u00edvel da cor da luz, do logotipo e da cor da caixa para obter um design exclusivo.<\/p>\n\n\n\n<p><\/p>","protected":false},"excerpt":{"rendered":"<ul>\n<li>Tecnologia de emiss\u00e3o de luz de entalhe interno<\/li>\n<li>Tecnologia de acionamento de LED<\/li>\n<li>Materiais met\u00e1licos<\/li>\n<li>Design de clipe de livro<\/li>\n<li>MOQ:100pcs<\/li>\n<\/ul>","protected":false},"featured_media":6262,"comment_status":"open","ping_status":"closed","template":"","meta":{"_seopress_robots_primary_cat":"","_seopress_titles_title":"","_seopress_titles_desc":"","_seopress_robots_index":"","site-sidebar-layout":"default","site-content-layout":"","ast-site-content-layout":"","site-content-style":"default","site-sidebar-style":"default","ast-global-header-display":"","ast-banner-title-visibility":"","ast-main-header-display":"","ast-hfb-above-header-display":"","ast-hfb-below-header-display":"","ast-hfb-mobile-header-display":"","site-post-title":"","ast-breadcrumbs-content":"","ast-featured-img":"","footer-sml-layout":"","theme-transparent-header-meta":"","adv-header-id-meta":"","stick-header-meta":"","header-above-stick-meta":"","header-main-stick-meta":"","header-below-stick-meta":"","astra-migrate-meta-layouts":"default","ast-page-background-enabled":"default","ast-page-background-meta":{"desktop":{"background-color":"var(--ast-global-color-5)","background-image":"","background-repeat":"repeat","background-position":"center center","background-size":"auto","background-attachment":"scroll","background-type":"","background-media":"","overlay-type":"","overlay-color":"","overlay-opacity":"","overlay-gradient":""},"tablet":{"background-color":"","background-image":"","background-repeat":"repeat","background-position":"center center","background-size":"auto","background-attachment":"scroll","background-type":"","background-media":"","overlay-type":"","overlay-color":"","overlay-opacity":"","overlay-gradient":""},"mobile":{"background-color":"","background-image":"","background-repeat":"repeat","background-position":"center center","background-size":"auto","background-attachment":"scroll","background-type":"","background-media":"","overlay-type":"","overlay-color":"","overlay-opacity":"","overlay-gradient":""}},"ast-content-background-meta":{"desktop":{"background-color":"var(--ast-global-color-4)","background-image":"","background-repeat":"repeat","background-position":"center center","background-size":"auto","background-attachment":"scroll","background-type":"","background-media":"","overlay-type":"","overlay-color":"","overlay-opacity":"","overlay-gradient":""},"tablet":{"background-color":"var(--ast-global-color-4)","background-image":"","background-repeat":"repeat","background-position":"center center","background-size":"auto","background-attachment":"scroll","background-type":"","background-media":"","overlay-type":"","overlay-color":"","overlay-opacity":"","overlay-gradient":""},"mobile":{"background-color":"var(--ast-global-color-4)","background-image":"","background-repeat":"repeat","background-position":"center center","background-size":"auto","background-attachment":"scroll","background-type":"","background-media":"","overlay-type":"","overlay-color":"","overlay-opacity":"","overlay-gradient":""}}},"product_brand":[],"product_cat":[107],"product_tag":[],"class_list":{"0":"post-6256","1":"product","2":"type-product","3":"status-publish","4":"has-post-thumbnail","6":"product_cat-led-usb-pendrive","7":"desktop-align-left","8":"tablet-align-left","9":"mobile-align-left","11":"first","12":"instock","13":"shipping-taxable","14":"product-type-simple"},"_links":{"self":[{"href":"https:\/\/www.usborkeychain.com\/pt\/wp-json\/wp\/v2\/product\/6256","targetHints":{"allow":["GET"]}}],"collection":[{"href":"https:\/\/www.usborkeychain.com\/pt\/wp-json\/wp\/v2\/product"}],"about":[{"href":"https:\/\/www.usborkeychain.com\/pt\/wp-json\/wp\/v2\/types\/product"}],"replies":[{"embeddable":true,"href":"https:\/\/www.usborkeychain.com\/pt\/wp-json\/wp\/v2\/comments?post=6256"}],"wp:featuredmedia":[{"embeddable":true,"href":"https:\/\/www.usborkeychain.com\/pt\/wp-json\/wp\/v2\/media\/6262"}],"wp:attachment":[{"href":"https:\/\/www.usborkeychain.com\/pt\/wp-json\/wp\/v2\/media?parent=6256"}],"wp:term":[{"taxonomy":"product_brand","embeddable":true,"href":"https:\/\/www.usborkeychain.com\/pt\/wp-json\/wp\/v2\/product_brand?post=6256"},{"taxonomy":"product_cat","embeddable":true,"href":"https:\/\/www.usborkeychain.com\/pt\/wp-json\/wp\/v2\/product_cat?post=6256"},{"taxonomy":"product_tag","embeddable":true,"href":"https:\/\/www.usborkeychain.com\/pt\/wp-json\/wp\/v2\/product_tag?post=6256"}],"curies":[{"name":"wp","href":"https:\/\/api.w.org\/{rel}","templated":true}]}}