{"id":6267,"date":"2025-08-08T05:45:53","date_gmt":"2025-08-08T05:45:53","guid":{"rendered":"https:\/\/www.usborkeychain.com\/?post_type=product&#038;p=6267"},"modified":"2025-08-19T03:31:17","modified_gmt":"2025-08-19T03:31:17","slug":"rotating-black-colloid-light-up-usb-flash-drive","status":"publish","type":"product","link":"https:\/\/www.usborkeychain.com\/pt\/produto\/rotating-black-colloid-light-up-usb-flash-drive\/","title":{"rendered":"Unidade flash USB girat\u00f3ria de coloide preto iluminada"},"content":{"rendered":"<h3 class=\"wp-block-heading\">Qual \u00e9 o princ\u00edpio da unidade flash USB iluminada?<\/h3>\n\n\n\n<p>O n\u00facleo iluminado da unidade flash USB rotativa black colloid light-up resulta da combina\u00e7\u00e3o de contas de LED incorporadas e da tecnologia de embalagem black colloid:<\/p>\n\n\n\n<ul class=\"wp-block-list\">\n<li>Quando a unidade USB \u00e9 conectada a um dispositivo (como um computador ou uma interface automotiva) para alimenta\u00e7\u00e3o, o circuito de LED \u00e9 ativado automaticamente. A luz passa pela camada coloidal preta transl\u00facida, fazendo com que o LOGOTIPO ou o padr\u00e3o da superf\u00edcie exiba um efeito de ilumina\u00e7\u00e3o deslumbrante.<\/li>\n\n\n\n<li>O coloide preto adota um processo de embalagem integrado, que n\u00e3o s\u00f3 protege o chip interno da mem\u00f3ria flash contra a eros\u00e3o da poeira e da umidade, mas tamb\u00e9m dispersa a luz uniformemente, tornando o efeito de ilumina\u00e7\u00e3o mais suave e completo. Ele tamb\u00e9m aprimora o desempenho de resist\u00eancia \u00e0 \u00e1gua e a choques da unidade USB.<\/li>\n<\/ul>\n\n\n\n<figure class=\"wp-block-image size-full\"><img alt=\"\" fetchpriority=\"high\" decoding=\"async\" width=\"800\" height=\"800\" src=\"https:\/\/www.usborkeychain.com\/wp-content\/uploads\/IMG_5396.png\" class=\"wp-image-6270\" srcset=\"https:\/\/www.usborkeychain.com\/wp-content\/uploads\/IMG_5396.png 800w, https:\/\/www.usborkeychain.com\/wp-content\/uploads\/IMG_5396-300x300.png 300w, https:\/\/www.usborkeychain.com\/wp-content\/uploads\/IMG_5396-150x150.png 150w, https:\/\/www.usborkeychain.com\/wp-content\/uploads\/IMG_5396-768x768.png 768w, https:\/\/www.usborkeychain.com\/wp-content\/uploads\/IMG_5396-12x12.png 12w, https:\/\/www.usborkeychain.com\/wp-content\/uploads\/IMG_5396-600x600.png 600w, https:\/\/www.usborkeychain.com\/wp-content\/uploads\/IMG_5396-100x100.png 100w\" sizes=\"(max-width: 800px) 100vw, 800px\" \/><\/figure>\n\n\n\n<h3 class=\"wp-block-heading\">Destaques do design da unidade USB<\/h3>\n\n\n\n<h4 class=\"wp-block-heading\">1. Material e textura<\/h4>\n\n\n\n<ul class=\"wp-block-list\">\n<li>Concha: Feito de liga de alum\u00ednio, tratado com um processo de trefila\u00e7\u00e3o, apresenta um delicado acabamento met\u00e1lico brilhante. \u00c9 resistente ao desgaste, a arranh\u00f5es e n\u00e3o deixa marcas de dedos, com uma textura compar\u00e1vel \u00e0 de produtos digitais de alta qualidade.<\/li>\n\n\n\n<li>Estrutura interna e coloide: O suporte interno \u00e9 complementado com pl\u00e1stico de engenharia ABS, equilibrando resist\u00eancia e leveza. A parte coloidal preta est\u00e1 dispon\u00edvel em vermelho, azul ou preto, criando um contraste visual com a concha de metal para um senso completo de moda.<\/li>\n<\/ul>\n\n\n\n<h4 class=\"wp-block-heading\">2. Projeto estrutural<\/h4>\n\n\n\n<ul class=\"wp-block-list\">\n<li>Recurso de rota\u00e7\u00e3o: Estrutura rotativa inovadora de 360\u00b0, sem necessidade de tampa adicional - a rota\u00e7\u00e3o exp\u00f5e a porta USB (plug-and-play), e a oculta\u00e7\u00e3o da porta quando armazenada protege efetivamente os dedos dourados e aumenta a vida \u00fatil. O amortecimento da rota\u00e7\u00e3o \u00e9 moderado, com uma sensa\u00e7\u00e3o suave na m\u00e3o, combinando praticidade e divers\u00e3o ao brincar.<\/li>\n\n\n\n<li>Recurso de ilumina\u00e7\u00e3o: A luz LOGO permite a personaliza\u00e7\u00e3o em tr\u00eas cores:\n<ul class=\"wp-block-list\">\n<li>Luz vermelha: Quente e atraente, ideal para aprimorar logotipos de marcas;<\/li>\n\n\n\n<li>Luz azul: Cheio de uma vibra\u00e7\u00e3o tecnol\u00f3gica, perfeito para cen\u00e1rios digitais e de esportes eletr\u00f4nicos;<\/li>\n\n\n\n<li>Luz branca: Simples e elegante, destacando uma textura de alta qualidade.<\/li>\n<\/ul>\n<\/li>\n<\/ul>\n\n\n\n<p>A combina\u00e7\u00e3o da cor da luz com a cor do coloide preto (por exemplo, coloide vermelho + luz vermelha, coloide preto + luz azul) pode criar estilos diferentes (frio, calmo, moderno).<\/p>\n\n\n\n<h4 class=\"wp-block-heading\">3. Desempenho da prote\u00e7\u00e3o<\/h4>\n\n\n\n<p>O inv\u00f3lucro de liga de alum\u00ednio confere \u00e0 unidade USB propriedades antiqueda e \u00e0 prova de choque, enquanto a embalagem coloidal preta aumenta ainda mais sua resist\u00eancia \u00e0 press\u00e3o e \u00e0 \u00e1gua. Ele n\u00e3o tem medo de choques ou quedas no uso di\u00e1rio, sendo adequado para escrit\u00f3rio, carro, ambientes externos e outros cen\u00e1rios.<\/p>\n\n\n\n<h4 class=\"wp-block-heading\">4. Experi\u00eancia em armazenamento<\/h4>\n\n\n\n<p>Ele suporta op\u00e7\u00f5es de grande capacidade de 8 GB a 128 GB (atendendo \u00e0s necessidades de armazenamento de documentos, m\u00fasicas e v\u00eddeos), adota uma interface USB 2.0 e \u00e9 compat\u00edvel com Windows, Mac OS, Linux e outros sistemas. Apresenta a funcionalidade plug-and-play sem a necessidade de drivers, garantindo uma transmiss\u00e3o est\u00e1vel e eficiente.<\/p>\n\n\n\n<div class=\"wp-block-columns is-layout-flex wp-container-core-columns-is-layout-28f84493 wp-block-columns-is-layout-flex\">\n<div class=\"wp-block-column is-layout-flow wp-block-column-is-layout-flow\">\n<figure class=\"wp-block-image size-full\"><img alt=\"\" decoding=\"async\" width=\"800\" height=\"800\" src=\"https:\/\/www.usborkeychain.com\/wp-content\/uploads\/IMG_5397.png\" class=\"wp-image-6271\" srcset=\"https:\/\/www.usborkeychain.com\/wp-content\/uploads\/IMG_5397.png 800w, https:\/\/www.usborkeychain.com\/wp-content\/uploads\/IMG_5397-300x300.png 300w, https:\/\/www.usborkeychain.com\/wp-content\/uploads\/IMG_5397-150x150.png 150w, https:\/\/www.usborkeychain.com\/wp-content\/uploads\/IMG_5397-768x768.png 768w, https:\/\/www.usborkeychain.com\/wp-content\/uploads\/IMG_5397-12x12.png 12w, https:\/\/www.usborkeychain.com\/wp-content\/uploads\/IMG_5397-600x600.png 600w, https:\/\/www.usborkeychain.com\/wp-content\/uploads\/IMG_5397-100x100.png 100w\" sizes=\"(max-width: 800px) 100vw, 800px\" \/><\/figure>\n<\/div>\n\n\n\n<div class=\"wp-block-column is-layout-flow wp-block-column-is-layout-flow\">\n<figure class=\"wp-block-image size-full\"><img alt=\"\" decoding=\"async\" width=\"800\" height=\"800\" src=\"https:\/\/www.usborkeychain.com\/wp-content\/uploads\/IMG_5398.jpg\" class=\"wp-image-6272\" srcset=\"https:\/\/www.usborkeychain.com\/wp-content\/uploads\/IMG_5398.jpg 800w, https:\/\/www.usborkeychain.com\/wp-content\/uploads\/IMG_5398-300x300.jpg 300w, https:\/\/www.usborkeychain.com\/wp-content\/uploads\/IMG_5398-150x150.jpg 150w, https:\/\/www.usborkeychain.com\/wp-content\/uploads\/IMG_5398-768x768.jpg 768w, https:\/\/www.usborkeychain.com\/wp-content\/uploads\/IMG_5398-12x12.jpg 12w, https:\/\/www.usborkeychain.com\/wp-content\/uploads\/IMG_5398-600x600.jpg 600w, https:\/\/www.usborkeychain.com\/wp-content\/uploads\/IMG_5398-100x100.jpg 100w\" sizes=\"(max-width: 800px) 100vw, 800px\" \/><\/figure>\n<\/div>\n<\/div>\n\n\n\n<h3 class=\"wp-block-heading\">Customiza\u00e7\u00e3o personalizada<\/h3>\n\n\n\n<p>A unidade flash USB girat\u00f3ria com luz coloidal preta suporta personaliza\u00e7\u00e3o detalhada do LOGOTIPO:<\/p>\n\n\n\n<ul class=\"wp-block-list\">\n<li>Seja um logotipo corporativo, um slogan de marca ou um padr\u00e3o criativo, ele pode ser apresentado com precis\u00e3o por meio da tecnologia de grava\u00e7\u00e3o a laser ou de impress\u00e3o em tela de seda.<\/li>\n\n\n\n<li>Combinado com efeitos de ilumina\u00e7\u00e3o em vermelho, branco e azul, cada unidade USB se torna um suporte de marca exclusivo.<\/li>\n<\/ul>\n\n\n\n<h3 class=\"wp-block-heading\">Par\u00e2metros principais da unidade USB<\/h3>\n\n\n\n<figure class=\"wp-block-table\"><table class=\"has-fixed-layout\"><thead><tr><th>Item de par\u00e2metro<\/th><th>Detalhes<\/th><\/tr><\/thead><tbody><tr><td>Tipo de interface<\/td><td>USB 2.0 (compat\u00edvel com o USB 1.1)<\/td><\/tr><tr><td>Op\u00e7\u00f5es de capacidade<\/td><td>8GB \/ 16GB \/ 32GB \/ 64GB \/ 128GB<\/td><\/tr><tr><td>Tamanho do produto<\/td><td>44.5*<em>30<\/em>*7,5 mm<\/td><\/tr><tr><td>Peso<\/td><td>12g<\/td><\/tr><tr><td>Cor de ilumina\u00e7\u00e3o (LOGO)<\/td><td>Vermelho, branco, azul (opcional)<\/td><\/tr><tr><td>Cor do coloide<\/td><td>Vermelho, azul, preto (opcional)<\/td><\/tr><tr><td>Recursos de prote\u00e7\u00e3o<\/td><td>Anti-queda, \u00e0 prova de choque, resistente \u00e0 press\u00e3o, ligeiramente resistente \u00e0 \u00e1gua<\/td><\/tr><tr><td>Velocidade de transmiss\u00e3o<\/td><td>Velocidade de leitura \u2264 15 MB\/s, velocidade de grava\u00e7\u00e3o \u2264 8 MB\/s (padr\u00e3o USB 2.0)<\/td><\/tr><\/tbody><\/table><\/figure>\n\n\n\n<h3 class=\"wp-block-heading\">Quem escolhe essa unidade USB?<\/h3>\n\n\n\n<ol class=\"wp-block-list\">\n<li>Profissionais de neg\u00f3cios: A textura met\u00e1lica + LOGOTIPO personalizado \u00e9 adequada para reuni\u00f5es de neg\u00f3cios e brindes de marca, destacando uma imagem profissional.<\/li>\n\n\n\n<li>Entusiastas digitais: O design girat\u00f3rio e iluminado \u00e9 repleto de divers\u00e3o tecnol\u00f3gica, tornando-o um dispositivo \"moderno\" para armazenamento e coleta di\u00e1ria.<\/li>\n\n\n\n<li>Setor de personaliza\u00e7\u00e3o de presentes: Oferece suporte ao design personalizado, adequado para presentes de fim de ano, eventos corporativos e promo\u00e7\u00e3o de marca, transmitindo inten\u00e7\u00f5es exclusivas.<\/li>\n\n\n\n<li>Usu\u00e1rios de carro: A rota\u00e7\u00e3o conveniente + recursos \u00e0 prova de choque e dur\u00e1veis, combinados com o \u00e1udio do carro para reproduzir m\u00fasica, o efeito de ilumina\u00e7\u00e3o aumenta a atmosfera.<\/li>\n<\/ol>\n\n\n\n<div class=\"wp-block-columns is-layout-flex wp-container-core-columns-is-layout-28f84493 wp-block-columns-is-layout-flex\">\n<div class=\"wp-block-column is-layout-flow wp-block-column-is-layout-flow\">\n<figure class=\"wp-block-image size-full\"><img alt=\"\" loading=\"lazy\" decoding=\"async\" width=\"800\" height=\"800\" src=\"https:\/\/www.usborkeychain.com\/wp-content\/uploads\/IMG_5399.jpg\" class=\"wp-image-6273\" srcset=\"https:\/\/www.usborkeychain.com\/wp-content\/uploads\/IMG_5399.jpg 800w, https:\/\/www.usborkeychain.com\/wp-content\/uploads\/IMG_5399-300x300.jpg 300w, https:\/\/www.usborkeychain.com\/wp-content\/uploads\/IMG_5399-150x150.jpg 150w, https:\/\/www.usborkeychain.com\/wp-content\/uploads\/IMG_5399-768x768.jpg 768w, https:\/\/www.usborkeychain.com\/wp-content\/uploads\/IMG_5399-12x12.jpg 12w, https:\/\/www.usborkeychain.com\/wp-content\/uploads\/IMG_5399-600x600.jpg 600w, https:\/\/www.usborkeychain.com\/wp-content\/uploads\/IMG_5399-100x100.jpg 100w\" sizes=\"(max-width: 800px) 100vw, 800px\" \/><\/figure>\n<\/div>\n\n\n\n<div class=\"wp-block-column is-layout-flow wp-block-column-is-layout-flow\">\n<figure class=\"wp-block-image size-full\"><img alt=\"\" loading=\"lazy\" decoding=\"async\" width=\"800\" height=\"800\" src=\"https:\/\/www.usborkeychain.com\/wp-content\/uploads\/IMG_5491.jpg\" class=\"wp-image-6274\" srcset=\"https:\/\/www.usborkeychain.com\/wp-content\/uploads\/IMG_5491.jpg 800w, https:\/\/www.usborkeychain.com\/wp-content\/uploads\/IMG_5491-300x300.jpg 300w, https:\/\/www.usborkeychain.com\/wp-content\/uploads\/IMG_5491-150x150.jpg 150w, https:\/\/www.usborkeychain.com\/wp-content\/uploads\/IMG_5491-768x768.jpg 768w, https:\/\/www.usborkeychain.com\/wp-content\/uploads\/IMG_5491-12x12.jpg 12w, https:\/\/www.usborkeychain.com\/wp-content\/uploads\/IMG_5491-600x600.jpg 600w, https:\/\/www.usborkeychain.com\/wp-content\/uploads\/IMG_5491-100x100.jpg 100w\" sizes=\"(max-width: 800px) 100vw, 800px\" \/><\/figure>\n<\/div>\n<\/div>\n\n\n\n<p>O<strong> Unidade flash USB girat\u00f3ria com luz coloidal preta<\/strong> cria uma textura de alta qualidade com a tecnologia de trefila\u00e7\u00e3o de liga de alum\u00ednio, rompe a forma mon\u00f3tona das unidades USB tradicionais com uma estrutura girat\u00f3ria + efeito de ilumina\u00e7\u00e3o deslumbrante e tamb\u00e9m tem recursos pr\u00e1ticos, como anti-queda e \u00e0 prova de choque, armazenamento de grande capacidade e plug-and-play. Al\u00e9m disso, com servi\u00e7os flex\u00edveis de personaliza\u00e7\u00e3o de LOGOTIPO, ele equilibra perfeitamente \"apar\u00eancia\" e \"for\u00e7a\". Seja voc\u00ea um profissional, um entusiasta que adora tecnologia ou uma empresa que se concentra na comunica\u00e7\u00e3o da marca, essa unidade USB pode se destacar em cen\u00e1rios de armazenamento.<\/p>","protected":false},"excerpt":{"rendered":"<ul>\n<li>Material de liga de alum\u00ednio<\/li>\n<li>Estrutura rotativa<\/li>\n<li>Efeito de ilumina\u00e7\u00e3o deslumbrante<\/li>\n<li>Servi\u00e7os de personaliza\u00e7\u00e3o de LOGOTIPO<\/li>\n<li>MOQ:100pcs<\/li>\n<\/ul>","protected":false},"featured_media":6270,"comment_status":"open","ping_status":"closed","template":"","meta":{"_seopress_robots_primary_cat":"","_seopress_titles_title":"","_seopress_titles_desc":"","_seopress_robots_index":"","site-sidebar-layout":"default","site-content-layout":"","ast-site-content-layout":"","site-content-style":"default","site-sidebar-style":"default","ast-global-header-display":"","ast-banner-title-visibility":"","ast-main-header-display":"","ast-hfb-above-header-display":"","ast-hfb-below-header-display":"","ast-hfb-mobile-header-display":"","site-post-title":"","ast-breadcrumbs-content":"","ast-featured-img":"","footer-sml-layout":"","theme-transparent-header-meta":"","adv-header-id-meta":"","stick-header-meta":"","header-above-stick-meta":"","header-main-stick-meta":"","header-below-stick-meta":"","astra-migrate-meta-layouts":"default","ast-page-background-enabled":"default","ast-page-background-meta":{"desktop":{"background-color":"var(--ast-global-color-5)","background-image":"","background-repeat":"repeat","background-position":"center center","background-size":"auto","background-attachment":"scroll","background-type":"","background-media":"","overlay-type":"","overlay-color":"","overlay-opacity":"","overlay-gradient":""},"tablet":{"background-color":"","background-image":"","background-repeat":"repeat","background-position":"center center","background-size":"auto","background-attachment":"scroll","background-type":"","background-media":"","overlay-type":"","overlay-color":"","overlay-opacity":"","overlay-gradient":""},"mobile":{"background-color":"","background-image":"","background-repeat":"repeat","background-position":"center center","background-size":"auto","background-attachment":"scroll","background-type":"","background-media":"","overlay-type":"","overlay-color":"","overlay-opacity":"","overlay-gradient":""}},"ast-content-background-meta":{"desktop":{"background-color":"var(--ast-global-color-4)","background-image":"","background-repeat":"repeat","background-position":"center center","background-size":"auto","background-attachment":"scroll","background-type":"","background-media":"","overlay-type":"","overlay-color":"","overlay-opacity":"","overlay-gradient":""},"tablet":{"background-color":"var(--ast-global-color-4)","background-image":"","background-repeat":"repeat","background-position":"center center","background-size":"auto","background-attachment":"scroll","background-type":"","background-media":"","overlay-type":"","overlay-color":"","overlay-opacity":"","overlay-gradient":""},"mobile":{"background-color":"var(--ast-global-color-4)","background-image":"","background-repeat":"repeat","background-position":"center center","background-size":"auto","background-attachment":"scroll","background-type":"","background-media":"","overlay-type":"","overlay-color":"","overlay-opacity":"","overlay-gradient":""}}},"product_brand":[],"product_cat":[107,106],"product_tag":[398,406,387,397],"class_list":{"0":"post-6267","1":"product","2":"type-product","3":"status-publish","4":"has-post-thumbnail","6":"product_cat-led-usb-pendrive","7":"product_cat-rotating-usb-pendrive","8":"product_tag-aluminum-usb-drive","9":"product_tag-metal-swivel-usb-drive","10":"product_tag-rotating-black-colloid-light-up-usb-flash-drive","11":"product_tag-zinc-alloy-usb-pen-drive","12":"desktop-align-left","13":"tablet-align-left","14":"mobile-align-left","16":"first","17":"instock","18":"shipping-taxable","19":"product-type-simple"},"_links":{"self":[{"href":"https:\/\/www.usborkeychain.com\/pt\/wp-json\/wp\/v2\/product\/6267","targetHints":{"allow":["GET"]}}],"collection":[{"href":"https:\/\/www.usborkeychain.com\/pt\/wp-json\/wp\/v2\/product"}],"about":[{"href":"https:\/\/www.usborkeychain.com\/pt\/wp-json\/wp\/v2\/types\/product"}],"replies":[{"embeddable":true,"href":"https:\/\/www.usborkeychain.com\/pt\/wp-json\/wp\/v2\/comments?post=6267"}],"wp:featuredmedia":[{"embeddable":true,"href":"https:\/\/www.usborkeychain.com\/pt\/wp-json\/wp\/v2\/media\/6270"}],"wp:attachment":[{"href":"https:\/\/www.usborkeychain.com\/pt\/wp-json\/wp\/v2\/media?parent=6267"}],"wp:term":[{"taxonomy":"product_brand","embeddable":true,"href":"https:\/\/www.usborkeychain.com\/pt\/wp-json\/wp\/v2\/product_brand?post=6267"},{"taxonomy":"product_cat","embeddable":true,"href":"https:\/\/www.usborkeychain.com\/pt\/wp-json\/wp\/v2\/product_cat?post=6267"},{"taxonomy":"product_tag","embeddable":true,"href":"https:\/\/www.usborkeychain.com\/pt\/wp-json\/wp\/v2\/product_tag?post=6267"}],"curies":[{"name":"wp","href":"https:\/\/api.w.org\/{rel}","templated":true}]}}