{"id":6286,"date":"2025-08-08T09:04:41","date_gmt":"2025-08-08T09:04:41","guid":{"rendered":"https:\/\/www.usborkeychain.com\/?post_type=product&#038;p=6286"},"modified":"2025-08-08T09:04:44","modified_gmt":"2025-08-08T09:04:44","slug":"elongated-led-engraved-light-up-usb-drive","status":"publish","type":"product","link":"https:\/\/www.usborkeychain.com\/pt\/produto\/elongated-led-engraved-light-up-usb-drive\/","title":{"rendered":"Unidade USB alongada com LED gravado e iluminado"},"content":{"rendered":"<h3 class=\"wp-block-heading\">Princ\u00edpio da ilumina\u00e7\u00e3o gravada em LED<\/h3>\n\n\n\n<ul class=\"wp-block-list\">\n<li>Processo de grava\u00e7\u00e3o interna: Os logotipos das marcas s\u00e3o gravados com precis\u00e3o dentro da camada de acr\u00edlico transparente, e o sentido tridimensional do padr\u00e3o \u00e9 aprimorado usando o princ\u00edpio da refra\u00e7\u00e3o \u00f3ptica.<\/li>\n\n\n\n<li>Unidade de LED: Um conjunto de luzes LED em miniatura embutido. Quando a unidade USB \u00e9 inserida em um dispositivo (ligado), a luz se espalha pelo logotipo gravado, tornando o logotipo da marca vis\u00edvel com a luz. \u00c9 mais atraente em ambientes escuros ou com pouca luz, melhorando instantaneamente a lembran\u00e7a da marca.<\/li>\n<\/ul>\n\n\n\n<figure class=\"wp-block-image aligncenter size-full\"><img alt=\"\" fetchpriority=\"high\" decoding=\"async\" width=\"800\" height=\"800\" src=\"https:\/\/www.usborkeychain.com\/wp-content\/uploads\/metal-usb-led-flash-drive.jpg\" class=\"wp-image-6292\" srcset=\"https:\/\/www.usborkeychain.com\/wp-content\/uploads\/metal-usb-led-flash-drive.jpg 800w, https:\/\/www.usborkeychain.com\/wp-content\/uploads\/metal-usb-led-flash-drive-300x300.jpg 300w, https:\/\/www.usborkeychain.com\/wp-content\/uploads\/metal-usb-led-flash-drive-150x150.jpg 150w, https:\/\/www.usborkeychain.com\/wp-content\/uploads\/metal-usb-led-flash-drive-768x768.jpg 768w, https:\/\/www.usborkeychain.com\/wp-content\/uploads\/metal-usb-led-flash-drive-12x12.jpg 12w, https:\/\/www.usborkeychain.com\/wp-content\/uploads\/metal-usb-led-flash-drive-600x600.jpg 600w, https:\/\/www.usborkeychain.com\/wp-content\/uploads\/metal-usb-led-flash-drive-100x100.jpg 100w\" sizes=\"(max-width: 800px) 100vw, 800px\" \/><\/figure>\n\n\n\n<h3 class=\"wp-block-heading\">Projeto de hardware<\/h3>\n\n\n\n<h4 class=\"wp-block-heading\">1. Material e estrutura<\/h4>\n\n\n\n<ul class=\"wp-block-list\">\n<li>Material da concha: Feito de liga de zinco de alta qualidade com conforma\u00e7\u00e3o integral, apresentando resist\u00eancia ao desgaste, resist\u00eancia \u00e0 corros\u00e3o e uma textura s\u00f3lida, que se encaixa no posicionamento de alta qualidade dos brindes comerciais.<\/li>\n\n\n\n<li>Forma de design: Design de encaixe sem fios, com suporte a \"plug and play\" para simplificar os procedimentos de opera\u00e7\u00e3o e melhorar a usabilidade.<\/li>\n<\/ul>\n\n\n\n<h4 class=\"wp-block-heading\">2. Interface e compatibilidade<\/h4>\n\n\n\n<ul class=\"wp-block-list\">\n<li>Especifica\u00e7\u00e3o da interface: Suporta os protocolos duplos USB 3.0 e USB 2.0, com compatibilidade retroativa com dispositivos mais antigos para garantir uma transmiss\u00e3o de dados est\u00e1vel (por exemplo, taxa de transfer\u00eancia te\u00f3rica de at\u00e9 100 MB\/s com USB 3.0, com uma velocidade de leitura real de pico de 15 MB\/s).<\/li>\n\n\n\n<li>Adapta\u00e7\u00e3o para telefones celulares: Equipado com um adaptador OTG (ou vers\u00e3o de interface Type-C), suporta conex\u00e3o direta com telefones celulares Android\/HarmonyOS (requer que o dispositivo habilite a fun\u00e7\u00e3o OTG), atendendo \u00e0s necessidades de armazenamento de arquivos de cen\u00e1rios de escrit\u00f3rio m\u00f3vel.<\/li>\n<\/ul>\n\n\n\n<div class=\"wp-block-columns is-layout-flex wp-container-core-columns-is-layout-28f84493 wp-block-columns-is-layout-flex\">\n<div class=\"wp-block-column is-layout-flow wp-block-column-is-layout-flow\">\n<figure class=\"wp-block-image size-full\"><img alt=\"\" fetchpriority=\"high\" decoding=\"async\" width=\"800\" height=\"800\" src=\"https:\/\/www.usborkeychain.com\/wp-content\/uploads\/metal-usb-led-flash-drive.jpg\" class=\"wp-image-6292\" srcset=\"https:\/\/www.usborkeychain.com\/wp-content\/uploads\/metal-usb-led-flash-drive.jpg 800w, https:\/\/www.usborkeychain.com\/wp-content\/uploads\/metal-usb-led-flash-drive-300x300.jpg 300w, https:\/\/www.usborkeychain.com\/wp-content\/uploads\/metal-usb-led-flash-drive-150x150.jpg 150w, https:\/\/www.usborkeychain.com\/wp-content\/uploads\/metal-usb-led-flash-drive-768x768.jpg 768w, https:\/\/www.usborkeychain.com\/wp-content\/uploads\/metal-usb-led-flash-drive-12x12.jpg 12w, https:\/\/www.usborkeychain.com\/wp-content\/uploads\/metal-usb-led-flash-drive-600x600.jpg 600w, https:\/\/www.usborkeychain.com\/wp-content\/uploads\/metal-usb-led-flash-drive-100x100.jpg 100w\" sizes=\"(max-width: 800px) 100vw, 800px\" \/><\/figure>\n<\/div>\n\n\n\n<div class=\"wp-block-column is-layout-flow wp-block-column-is-layout-flow\">\n<figure class=\"wp-block-image size-full\"><img alt=\"\" decoding=\"async\" width=\"800\" height=\"800\" src=\"https:\/\/www.usborkeychain.com\/wp-content\/uploads\/usb-flash-drive-led-light-1.jpg\" class=\"wp-image-6293\" srcset=\"https:\/\/www.usborkeychain.com\/wp-content\/uploads\/usb-flash-drive-led-light-1.jpg 800w, https:\/\/www.usborkeychain.com\/wp-content\/uploads\/usb-flash-drive-led-light-1-300x300.jpg 300w, https:\/\/www.usborkeychain.com\/wp-content\/uploads\/usb-flash-drive-led-light-1-150x150.jpg 150w, https:\/\/www.usborkeychain.com\/wp-content\/uploads\/usb-flash-drive-led-light-1-768x768.jpg 768w, https:\/\/www.usborkeychain.com\/wp-content\/uploads\/usb-flash-drive-led-light-1-12x12.jpg 12w, https:\/\/www.usborkeychain.com\/wp-content\/uploads\/usb-flash-drive-led-light-1-600x600.jpg 600w, https:\/\/www.usborkeychain.com\/wp-content\/uploads\/usb-flash-drive-led-light-1-100x100.jpg 100w\" sizes=\"(max-width: 800px) 100vw, 800px\" \/><\/figure>\n<\/div>\n<\/div>\n\n\n\n<h3 class=\"wp-block-heading\">Destaque de personaliza\u00e7\u00e3o<\/h3>\n\n\n\n<p>A principal diferencia\u00e7\u00e3o do produto est\u00e1 na capacidade de personaliza\u00e7\u00e3o do \"LOGOTIPO iluminado\":<\/p>\n\n\n\n<ul class=\"wp-block-list\">\n<li>Realiza\u00e7\u00e3o do processo: Os logotipos das marcas s\u00e3o gravados permanentemente na camada de acr\u00edlico por meio da tecnologia de grava\u00e7\u00e3o interna a laser para evitar arranh\u00f5es e desbotamento.<\/li>\n\n\n\n<li>Cores claras: Suporta a personaliza\u00e7\u00e3o de v\u00e1rias cores, como vermelho, verde, azul, branco e roxo, que podem combinar efeitos de luz exclusivos de acordo com o sistema VI da marca.<\/li>\n\n\n\n<li>L\u00f3gica de acionamento: Acende-se automaticamente quando inserido em um dispositivo e desliga-se quando retirado, n\u00e3o exigindo nenhuma opera\u00e7\u00e3o adicional, o que economiza energia e \u00e9 cerimonial.<\/li>\n<\/ul>\n\n\n\n<div class=\"wp-block-columns is-layout-flex wp-container-core-columns-is-layout-28f84493 wp-block-columns-is-layout-flex\">\n<div class=\"wp-block-column is-layout-flow wp-block-column-is-layout-flow\">\n<figure class=\"wp-block-image size-full\"><img alt=\"\" decoding=\"async\" width=\"800\" height=\"800\" src=\"https:\/\/www.usborkeychain.com\/wp-content\/uploads\/LED-LOGO-usb-drives-1.jpg\" class=\"wp-image-6290\" srcset=\"https:\/\/www.usborkeychain.com\/wp-content\/uploads\/LED-LOGO-usb-drives-1.jpg 800w, https:\/\/www.usborkeychain.com\/wp-content\/uploads\/LED-LOGO-usb-drives-1-300x300.jpg 300w, https:\/\/www.usborkeychain.com\/wp-content\/uploads\/LED-LOGO-usb-drives-1-150x150.jpg 150w, https:\/\/www.usborkeychain.com\/wp-content\/uploads\/LED-LOGO-usb-drives-1-768x768.jpg 768w, https:\/\/www.usborkeychain.com\/wp-content\/uploads\/LED-LOGO-usb-drives-1-12x12.jpg 12w, https:\/\/www.usborkeychain.com\/wp-content\/uploads\/LED-LOGO-usb-drives-1-600x600.jpg 600w, https:\/\/www.usborkeychain.com\/wp-content\/uploads\/LED-LOGO-usb-drives-1-100x100.jpg 100w\" sizes=\"(max-width: 800px) 100vw, 800px\" \/><\/figure>\n<\/div>\n\n\n\n<div class=\"wp-block-column is-layout-flow wp-block-column-is-layout-flow\">\n<figure class=\"wp-block-image size-full\"><img alt=\"\" loading=\"lazy\" decoding=\"async\" width=\"800\" height=\"800\" src=\"https:\/\/www.usborkeychain.com\/wp-content\/uploads\/custom-LOGO-USB-flash-drives-led.jpg\" class=\"wp-image-6289\" srcset=\"https:\/\/www.usborkeychain.com\/wp-content\/uploads\/custom-LOGO-USB-flash-drives-led.jpg 800w, https:\/\/www.usborkeychain.com\/wp-content\/uploads\/custom-LOGO-USB-flash-drives-led-300x300.jpg 300w, https:\/\/www.usborkeychain.com\/wp-content\/uploads\/custom-LOGO-USB-flash-drives-led-150x150.jpg 150w, https:\/\/www.usborkeychain.com\/wp-content\/uploads\/custom-LOGO-USB-flash-drives-led-768x768.jpg 768w, https:\/\/www.usborkeychain.com\/wp-content\/uploads\/custom-LOGO-USB-flash-drives-led-12x12.jpg 12w, https:\/\/www.usborkeychain.com\/wp-content\/uploads\/custom-LOGO-USB-flash-drives-led-600x600.jpg 600w, https:\/\/www.usborkeychain.com\/wp-content\/uploads\/custom-LOGO-USB-flash-drives-led-100x100.jpg 100w\" sizes=\"(max-width: 800px) 100vw, 800px\" \/><\/figure>\n<\/div>\n<\/div>\n\n\n\n<h3 class=\"wp-block-heading\">Para quais cen\u00e1rios ele \u00e9 adequado?<\/h3>\n\n\n\n<ol class=\"wp-block-list\">\n<li>Setor automotivo: As empresas automobil\u00edsticas personalizam logotipos de marcas (por exemplo, logotipos da BMW, Mercedes-Benz, etc.) como lembran\u00e7as para eventos de entrega de carros novos e test drive.<\/li>\n\n\n\n<li>Setor financeiro: Personalizado por bancos e institui\u00e7\u00f5es de valores mobili\u00e1rios para brindes de aprecia\u00e7\u00e3o de clientes e reuni\u00f5es anuais.<\/li>\n\n\n\n<li>Empresas de tecnologia: Personalizado por fabricantes de internet e hardware inteligente para distribui\u00e7\u00e3o em lan\u00e7amentos de produtos e exposi\u00e7\u00f5es.<\/li>\n\n\n\n<li>Governo\/bem-estar p\u00fablico: Personalizado por \u00f3rg\u00e3os governamentais e organiza\u00e7\u00f5es de bem-estar p\u00fablico para armazenar materiais de reuni\u00e3o.<\/li>\n<\/ol>\n\n\n\n<div class=\"wp-block-columns is-layout-flex wp-container-core-columns-is-layout-28f84493 wp-block-columns-is-layout-flex\">\n<div class=\"wp-block-column is-layout-flow wp-block-column-is-layout-flow\">\n<figure class=\"wp-block-image size-full\"><img alt=\"\" loading=\"lazy\" decoding=\"async\" width=\"800\" height=\"800\" src=\"https:\/\/www.usborkeychain.com\/wp-content\/uploads\/usb-flash-drive-with-led-light-1.jpg\" class=\"wp-image-6294\" srcset=\"https:\/\/www.usborkeychain.com\/wp-content\/uploads\/usb-flash-drive-with-led-light-1.jpg 800w, https:\/\/www.usborkeychain.com\/wp-content\/uploads\/usb-flash-drive-with-led-light-1-300x300.jpg 300w, https:\/\/www.usborkeychain.com\/wp-content\/uploads\/usb-flash-drive-with-led-light-1-150x150.jpg 150w, https:\/\/www.usborkeychain.com\/wp-content\/uploads\/usb-flash-drive-with-led-light-1-768x768.jpg 768w, https:\/\/www.usborkeychain.com\/wp-content\/uploads\/usb-flash-drive-with-led-light-1-12x12.jpg 12w, https:\/\/www.usborkeychain.com\/wp-content\/uploads\/usb-flash-drive-with-led-light-1-600x600.jpg 600w, https:\/\/www.usborkeychain.com\/wp-content\/uploads\/usb-flash-drive-with-led-light-1-100x100.jpg 100w\" sizes=\"(max-width: 800px) 100vw, 800px\" \/><\/figure>\n<\/div>\n\n\n\n<div class=\"wp-block-column is-layout-flow wp-block-column-is-layout-flow\">\n<figure class=\"wp-block-image size-full\"><img alt=\"\" loading=\"lazy\" decoding=\"async\" width=\"800\" height=\"800\" src=\"https:\/\/www.usborkeychain.com\/wp-content\/uploads\/light-up-USB-flash-drive-2.jpg\" class=\"wp-image-6291\" srcset=\"https:\/\/www.usborkeychain.com\/wp-content\/uploads\/light-up-USB-flash-drive-2.jpg 800w, https:\/\/www.usborkeychain.com\/wp-content\/uploads\/light-up-USB-flash-drive-2-300x300.jpg 300w, https:\/\/www.usborkeychain.com\/wp-content\/uploads\/light-up-USB-flash-drive-2-150x150.jpg 150w, https:\/\/www.usborkeychain.com\/wp-content\/uploads\/light-up-USB-flash-drive-2-768x768.jpg 768w, https:\/\/www.usborkeychain.com\/wp-content\/uploads\/light-up-USB-flash-drive-2-12x12.jpg 12w, https:\/\/www.usborkeychain.com\/wp-content\/uploads\/light-up-USB-flash-drive-2-600x600.jpg 600w, https:\/\/www.usborkeychain.com\/wp-content\/uploads\/light-up-USB-flash-drive-2-100x100.jpg 100w\" sizes=\"(max-width: 800px) 100vw, 800px\" \/><\/figure>\n<\/div>\n<\/div>\n\n\n\n<h3 class=\"wp-block-heading\">Par\u00e2metros principais da unidade USB<\/h3>\n\n\n\n<figure class=\"wp-block-table\"><table class=\"has-fixed-layout\"><thead><tr><th>Categoria de par\u00e2metro<\/th><th>Par\u00e2metros espec\u00edficos<\/th><\/tr><\/thead><tbody><tr><td>Taxa de transfer\u00eancia de dados<\/td><td>100 MB\/s (valor te\u00f3rico)<\/td><\/tr><tr><td>Velocidade m\u00e1xima de leitura<\/td><td>15 MB\/s<\/td><\/tr><tr><td>Tipo de interface<\/td><td>USB 3.0 \/ USB 2.0<\/td><\/tr><tr><td>Material da carca\u00e7a<\/td><td>Metal (liga de zinco)<\/td><\/tr><tr><td>Luz indicadora<\/td><td>Suportado (sincronizado com a ilumina\u00e7\u00e3o do LOGO). Acende-se quando ligado, fornecendo um feedback intuitivo do status de funcionamento.<\/td><\/tr><tr><td>Tamanho do produto<\/td><td>65\u00d712,2\u00d77,6 mm<\/td><\/tr><tr><td>Peso<\/td><td>42 g<\/td><\/tr><tr><td>Cores claras<\/td><td>Vermelho, verde, azul, branco, roxo<\/td><\/tr><\/tbody><\/table><\/figure>\n\n\n\n<p>O <strong>Unidade USB iluminada com grava\u00e7\u00e3o de LED alongada<\/strong> integra desempenho de armazenamento de alta velocidade (compat\u00edvel com USB 3.0), material dur\u00e1vel (liga de zinco), tecnologia visual inovadora (LOGOTIPO iluminado gravado em v\u00e1rias cores) e um conveniente design de plug-in. Seu principal valor \u00e9 destacar-se entre as v\u00e1rias unidades USB comuns por meio do LOGOTIPO luminoso personalizado que se ilumina quando ligado, tornando-se um outdoor m\u00f3vel da marca. <\/p>","protected":false},"excerpt":{"rendered":"<ul>\n<li>Grava\u00e7\u00e3o interna em acr\u00edlico<\/li>\n<li>Luz de fundo de LED<\/li>\n<li>LOGOTIPO personalizado com ilumina\u00e7\u00e3o<\/li>\n<li>Design conveniente de encaixe<\/li>\n<li>MOQ:100pcs<\/li>\n<\/ul>","protected":false},"featured_media":6292,"comment_status":"open","ping_status":"closed","template":"","meta":{"_seopress_robots_primary_cat":"","_seopress_titles_title":"","_seopress_titles_desc":"","_seopress_robots_index":"","site-sidebar-layout":"default","site-content-layout":"","ast-site-content-layout":"","site-content-style":"default","site-sidebar-style":"default","ast-global-header-display":"","ast-banner-title-visibility":"","ast-main-header-display":"","ast-hfb-above-header-display":"","ast-hfb-below-header-display":"","ast-hfb-mobile-header-display":"","site-post-title":"","ast-breadcrumbs-content":"","ast-featured-img":"","footer-sml-layout":"","theme-transparent-header-meta":"","adv-header-id-meta":"","stick-header-meta":"","header-above-stick-meta":"","header-main-stick-meta":"","header-below-stick-meta":"","astra-migrate-meta-layouts":"default","ast-page-background-enabled":"default","ast-page-background-meta":{"desktop":{"background-color":"var(--ast-global-color-5)","background-image":"","background-repeat":"repeat","background-position":"center center","background-size":"auto","background-attachment":"scroll","background-type":"","background-media":"","overlay-type":"","overlay-color":"","overlay-opacity":"","overlay-gradient":""},"tablet":{"background-color":"","background-image":"","background-repeat":"repeat","background-position":"center center","background-size":"auto","background-attachment":"scroll","background-type":"","background-media":"","overlay-type":"","overlay-color":"","overlay-opacity":"","overlay-gradient":""},"mobile":{"background-color":"","background-image":"","background-repeat":"repeat","background-position":"center center","background-size":"auto","background-attachment":"scroll","background-type":"","background-media":"","overlay-type":"","overlay-color":"","overlay-opacity":"","overlay-gradient":""}},"ast-content-background-meta":{"desktop":{"background-color":"var(--ast-global-color-4)","background-image":"","background-repeat":"repeat","background-position":"center center","background-size":"auto","background-attachment":"scroll","background-type":"","background-media":"","overlay-type":"","overlay-color":"","overlay-opacity":"","overlay-gradient":""},"tablet":{"background-color":"var(--ast-global-color-4)","background-image":"","background-repeat":"repeat","background-position":"center center","background-size":"auto","background-attachment":"scroll","background-type":"","background-media":"","overlay-type":"","overlay-color":"","overlay-opacity":"","overlay-gradient":""},"mobile":{"background-color":"var(--ast-global-color-4)","background-image":"","background-repeat":"repeat","background-position":"center center","background-size":"auto","background-attachment":"scroll","background-type":"","background-media":"","overlay-type":"","overlay-color":"","overlay-opacity":"","overlay-gradient":""}}},"product_brand":[],"product_cat":[107],"product_tag":[],"class_list":{"0":"post-6286","1":"product","2":"type-product","3":"status-publish","4":"has-post-thumbnail","6":"product_cat-led-usb-pendrive","7":"desktop-align-left","8":"tablet-align-left","9":"mobile-align-left","11":"first","12":"instock","13":"shipping-taxable","14":"product-type-simple"},"_links":{"self":[{"href":"https:\/\/www.usborkeychain.com\/pt\/wp-json\/wp\/v2\/product\/6286","targetHints":{"allow":["GET"]}}],"collection":[{"href":"https:\/\/www.usborkeychain.com\/pt\/wp-json\/wp\/v2\/product"}],"about":[{"href":"https:\/\/www.usborkeychain.com\/pt\/wp-json\/wp\/v2\/types\/product"}],"replies":[{"embeddable":true,"href":"https:\/\/www.usborkeychain.com\/pt\/wp-json\/wp\/v2\/comments?post=6286"}],"wp:featuredmedia":[{"embeddable":true,"href":"https:\/\/www.usborkeychain.com\/pt\/wp-json\/wp\/v2\/media\/6292"}],"wp:attachment":[{"href":"https:\/\/www.usborkeychain.com\/pt\/wp-json\/wp\/v2\/media?parent=6286"}],"wp:term":[{"taxonomy":"product_brand","embeddable":true,"href":"https:\/\/www.usborkeychain.com\/pt\/wp-json\/wp\/v2\/product_brand?post=6286"},{"taxonomy":"product_cat","embeddable":true,"href":"https:\/\/www.usborkeychain.com\/pt\/wp-json\/wp\/v2\/product_cat?post=6286"},{"taxonomy":"product_tag","embeddable":true,"href":"https:\/\/www.usborkeychain.com\/pt\/wp-json\/wp\/v2\/product_tag?post=6286"}],"curies":[{"name":"wp","href":"https:\/\/api.w.org\/{rel}","templated":true}]}}